{"id":11458,"date":"2014-08-03T18:52:12","date_gmt":"2014-08-03T18:52:12","guid":{"rendered":"https:\/\/www.ticketswhales.com\/?post_type=product&#038;p=11458"},"modified":"2023-03-28T22:35:23","modified_gmt":"2023-03-28T22:35:23","slug":"punta-cana-buggy-tour-pick-up-from-punta-cana-hotels","status":"publish","type":"product","link":"https:\/\/www.boattoursamana.com\/tr\/tur\/punta-cana-buggy-tur-punta-cana-otellerinden-alma-2","title":{"rendered":"Punta Cana Buggy Turu - Punta Cana Otellerinden Al\u0131\u015f"},"content":{"rendered":"<div class=\"vc_row wpb_row vc_row-fluid\" ><div class=\"wpb_column vc_column_container vc_col-sm-12\"><div class=\"vc_column-inner\"><div class=\"wpb_wrapper\"><div class=\"mkdf-section-title-holder\" style=\"text-align: left\">\n\t<div class=\"mkdf-st-inner\">\n\t\t\t\t\t<h5 class=\"mkdf-st-subtitle\" >\n\t\t\t\tPunta Cana Otellerinden\t\t\t<\/h5>\n\t\t\t\t\t\t\t<h3 class=\"mkdf-st-title\" >\n\t\t\t\tPunta Cana Arabalar\u0131 - Buggy\t\t\t<\/h3>\n\t\t\t\t\t\t\t<p class=\"mkdf-st-text\" >\n\t\t\t\tNot: Bu tur sabah 07:00&#039;de ba\u015flamaktad\u0131r. Al\u0131m Otellerin Nerede Oldu\u011funa Ba\u011fl\u0131 Olarak Saat De\u011fi\u015febilir. A\u00e7\u0131klamam\u0131zda listelenmeyen Alanlarda Al\u0131m i\u00e7in ekstra \u00fccret.\t\t\t<\/p>\n\t\t\t<\/div>\n<\/div><\/div><\/div><\/div><\/div><div class=\"vc_row wpb_row vc_row-fluid\" ><div class=\"wpb_column vc_column_container vc_col-sm-12\"><div class=\"vc_column-inner\"><div class=\"wpb_wrapper\"><div class=\"vc_empty_space\"   style=\"height: 32px\"><span class=\"vc_empty_space_inner\"><\/span><\/div><div class=\"vc_btn3-container vc_btn3-inline\" ><button class=\"vc_general vc_btn3 vc_btn3-size-md vc_btn3-shape-rounded vc_btn3-style-modern vc_btn3-color-green\">REZERVASYON YAP<\/button><\/div><\/div><\/div><\/div><\/div><div class=\"vc_row wpb_row vc_row-fluid\" ><div class=\"wpb_column vc_column_container vc_col-sm-12\"><div class=\"vc_column-inner\"><div class=\"wpb_wrapper\">\n\t<div class=\"wpb_text_column wpb_content_element\" >\n\t\t<div class=\"wpb_wrapper\">\n\t\t\t<h4><b><i>genel bak\u0131\u015f <\/i><\/b><\/h4>\n<div>\n<p>Kendi araban\u0131zla Punta Cana&#039;n\u0131n cennet manzaralar\u0131n\u0131 gezin! yapacaks\u0131n <strong>Macao k\u00f6y\u00fcn\u00fc ve pastoral plajlar\u0131n\u0131 ke\u015ffedin<\/strong>, yan\u0131 s\u0131ra yerli bir cenote&#039;ye dalmak.<\/p>\n<\/div>\n<ul class=\"vcs-highlights\">\n<li>G\u00fcn boyunca birka\u00e7 kalk\u0131\u015f se\u00e7ene\u011fi<\/li>\n<li>Muhte\u015fem manzaralar\u0131n keyfini \u00e7\u0131kar\u0131n<\/li>\n<li>Aile dostu<\/li>\n<li>Merkezi konumdaki bir bulu\u015fma noktas\u0131ndan alma<\/li>\n<li>Romantik deneyim, \u00e7iftler i\u00e7in m\u00fckemmel<\/li>\n<\/ul>\n<p>&nbsp;<\/p>\n<h4><b>Dahil Edilenler ve Hari\u00e7 Tutulanlar<\/b><\/h4>\n<p>&nbsp;<\/p>\n<p><b>Dahil olanlar<\/b><\/p>\n<p>&nbsp;<\/p>\n<ol>\n<li>Araba Turu<\/li>\n<li>Otelinizden otob\u00fcsle alma<\/li>\n<li style=\"font-weight: 400;\"><span style=\"font-weight: 400;\">T\u00fcm vergiler, \u00fccretler ve i\u015flem \u00fccretleri<\/span><\/li>\n<li style=\"font-weight: 400;\"><span style=\"font-weight: 400;\">Yerel vergiler<\/span><\/li>\n<li style=\"font-weight: 400;\"><span style=\"font-weight: 400;\">\u0130\u00e7ecekler<\/span><\/li>\n<\/ol>\n<p><b> \u0130stisnalar<\/b><\/p>\n<ol>\n<li style=\"font-weight: 400;\"><span style=\"font-weight: 400;\">Bah\u015fi\u015fler<\/span><\/li>\n<li>\u00d6\u011fle yeme\u011fi<\/li>\n<\/ol>\n<p>&nbsp;<\/p>\n<h4><em><strong>Gidi\u015f &amp; D\u00f6n\u00fc\u015f<\/strong><\/em><\/h4>\n<p><span style=\"font-weight: 400;\">Gezgin, Rezervasyon \u0130\u015fleminden sonra bir bulu\u015fma noktas\u0131 alacakt\u0131r. Turlar bulu\u015fma noktalar\u0131m\u0131zda ba\u015flar ve biter.<\/span><\/p>\n<p>&nbsp;<\/p>\n<h4><b><i>Ne bekleyebilece\u011finizi?<\/i><\/b><\/h4>\n<p>Sizi otelinizden ald\u0131ktan sonra Punta Cana&#039;n\u0131n i\u00e7 k\u0131sm\u0131na do\u011fru yola \u00e7\u0131k\u0131yoruz. \u0130le \u00e7evrili <strong>kahve ve kakao tarlalar\u0131<\/strong>, senin\u00a0<strong>yerel rehberler<\/strong>\u00a0turu ve araban\u0131z\u0131 s\u00fcrmek i\u00e7in bilmeniz gereken her \u015feyi a\u00e7\u0131klayacakt\u0131r.<\/p>\n<p>Sonra anahtar\u0131 konta\u011fa \u00e7evirece\u011fiz ve heyecan\u0131 ba\u015flataca\u011f\u0131z.\u00a0<strong>tepeler, kahve tarlalar\u0131 aras\u0131ndan ve toprak yollar ve nehir yataklar\u0131 boyunca<\/strong>.<\/p>\n<p>\u0130lk dura\u011f\u0131m\u0131z Makao plaj\u0131 olacak. B\u00fcy\u00fck otellerden ve turistik b\u00f6lgelerden uzakta, bu\u00a0<strong>do\u011fal cennet<\/strong>\u00a0ve kristal berrakl\u0131\u011f\u0131nda suyu dal\u0131\u015f i\u00e7in m\u00fckemmel bir yerdir ve burada y\u00fczmek i\u00e7in bo\u015f zaman\u0131n\u0131z olacak.\u00a0<strong>b\u00fcy\u00fcleyici Karayip denizinde y\u00fcz\u00fcn<\/strong>.<\/p>\n<p>Ard\u0131ndan, &#039;Yerli Kapl\u0131calar&#039;a giderken arabam\u0131za geri d\u00f6nece\u011fiz ve en pastoral yerlerden birini ke\u015ffedece\u011fiz.<strong>\u00a0cenotlar<\/strong>\u00a0Punta Cana&#039;da. Burada turkuaz sular\u0131nda y\u00fczerek bu yer alt\u0131 havuzunu ke\u015ffetmek i\u00e7in yar\u0131m saatiniz olacak.<\/p>\n<p>Son olarak, arabalar\u0131 geride b\u0131rakaca\u011f\u0131z ve konaklaman\u0131za kadar size e\u015flik ederek unutulmaz bir g\u00fcn\u00fc sonland\u0131raca\u011f\u0131z.<\/p>\n<p><strong>Masa saati:<\/strong><\/p>\n<p>07:00 \u2013 19:00\u2026 Bulundu\u011funuz Punta Cana&#039;ya g\u00f6re saat de\u011fi\u015fikli\u011fi.<\/p>\n<h4>Yaln\u0131z m\u0131 yoksa Payla\u015fmak m\u0131?<\/h4>\n<p>Rezervasyonunuzu yaparken, kendinize bir buggy kullanmay\u0131 veya bir veya \u00fc\u00e7 ki\u015fiyle bir arac\u0131 payla\u015fmay\u0131 tercih edebilirsiniz. G\u00f6sterilen fiyat ki\u015fi ba\u015f\u0131d\u0131r.<\/p>\n<p>&nbsp;<\/p>\n<h4><em><strong>Ne getirmelisin?<\/strong><\/em><\/h4>\n<ul>\n<li style=\"font-weight: 400;\"><span style=\"font-weight: 400;\">Kamera<\/span><\/li>\n<li style=\"font-weight: 400;\"><span style=\"font-weight: 400;\">Kovucu tomurcuklar<\/span><\/li>\n<li style=\"font-weight: 400;\"><span style=\"font-weight: 400;\">G\u00fcne\u015f kremi<\/span><\/li>\n<li style=\"font-weight: 400;\"><span style=\"font-weight: 400;\">\u015eapka<\/span><\/li>\n<li style=\"font-weight: 400;\"><span style=\"font-weight: 400;\">rahat pantolon<\/span><\/li>\n<li style=\"font-weight: 400;\"><span style=\"font-weight: 400;\">Orman i\u00e7in y\u00fcr\u00fcy\u00fc\u015f ayakkab\u0131s\u0131<\/span><\/li>\n<li style=\"font-weight: 400;\"><span style=\"font-weight: 400;\">Sahile giden sandaletler<\/span><\/li>\n<li style=\"font-weight: 400;\"><span style=\"font-weight: 400;\">Y\u00fczme giysileri<\/span><\/li>\n<li>Hat\u0131ra E\u015fyas\u0131 i\u00e7in nakit<\/li>\n<\/ul>\n<p>&nbsp;<\/p>\n<h4><b><i>otelden alma <\/i><\/b><\/h4>\n<p><span style=\"font-weight: 400;\">Gezgin alma sunulmaktad\u0131r!<\/span><\/p>\n<p><span style=\"font-weight: 400;\">Punta Cana&#039;daki t\u00fcm Otellerden al\u0131yoruz. Al\u0131\u015f Yeri Otel Lobisidir<br \/>\nB\u00f6lgede bir apartman dairesinde kal\u0131yorsan\u0131z, sizi apartman dairesinden veya en yak\u0131n tesisin giri\u015finden alaca\u011f\u0131z.. Whatsapp ile bizimle ileti\u015fime ge\u00e7erek Pick up ayarlad\u0131k.<\/span><\/p>\n<p><b>Not:<\/b><span style=\"font-weight: 400;\"> Tur\/Gezi kalk\u0131\u015f saatinden sonraki 24 saat i\u00e7inde rezervasyon yap\u0131yorsan\u0131z, otelden alma ayarlayabiliriz. Sat\u0131n alma i\u015fleminiz tamamland\u0131\u011f\u0131nda, teslim alma d\u00fczenlemelerini organize etmesi i\u00e7in size yerel Tur rehberimizin eksiksiz ileti\u015fim bilgilerini (telefon numaras\u0131, e-posta adresi vb.) g\u00f6nderece\u011fiz.<\/span><\/p>\n<h4><b><i>Ek Bilgi Onay\u0131 <\/i><\/b><\/h4>\n<ol>\n<li>Biletler, bu Turu \u00f6dedikten sonra Makbuzdur. \u00d6demeyi telefonunuzda g\u00f6sterebilirsiniz.<\/li>\n<li style=\"font-weight: 400;\"><span style=\"font-weight: 400;\">Bulu\u015fma Noktas\u0131 Rezervasyon \u0130\u015fleminden Sonra Al\u0131nacakt\u0131r.<\/span><\/li>\n<li style=\"font-weight: 400;\"><strong>5 ila 11 ya\u015f aras\u0131 \u00e7ocuklar<\/strong>\u00a0ancak 2 veya 4 ki\u015filik buggy&#039;lere bir yeti\u015fkin e\u015fli\u011finde binerlerse, buggy&#039;leri kullanamayacaklar\u0131 i\u00e7in kat\u0131labilir.<\/li>\n<li style=\"font-weight: 400;\"><span style=\"font-weight: 400;\">tekerlekli sandalye eri\u015filebilir <\/span><\/li>\n<li style=\"font-weight: 400;\"><span style=\"font-weight: 400;\">Bebekler kuca\u011fa oturmal\u0131 <\/span><\/li>\n<li style=\"font-weight: 400;\"><span style=\"font-weight: 400;\">\u00c7o\u011fu gezgin kat\u0131labilir<\/span><\/li>\n<li><strong>Hamile kad\u0131n<\/strong>\u00a0bu aktivitede yer alamaz.<\/li>\n<\/ol>\n<h4><b><i>\u0130ptal politikas\u0131<\/i><\/b><\/h4>\n<p><span style=\"font-weight: 400;\">Tam para iadesi i\u00e7in l\u00fctfen \u0130ptal politikalar\u0131m\u0131z\u0131 okuyun\u00a0<a href=\"https:\/\/www.boattoursamana.com\/tr\/cevrimici-rezervasyon\/\" target=\"_blank\" rel=\"noopener\" data-saferedirecturl=\"https:\/\/www.google.com\/url?q=https:\/\/www.boattoursamana.com\/online-booking\/&amp;source=gmail&amp;ust=1672449202351000&amp;usg=AOvVaw1yAeVAPktmaVCqDujgUn90\">Buraya T\u0131kla<\/a>. Seyahatle ayn\u0131 g\u00fcn rezervasyon iptal edilirse para kaybedilecektir.<\/span><\/p>\n\n\t\t<\/div>\n\t<\/div>\n<\/div><\/div><\/div><\/div><div class=\"vc_row wpb_row vc_row-fluid\" ><div class=\"wpb_column vc_column_container vc_col-sm-12\"><div class=\"vc_column-inner\"><div class=\"wpb_wrapper\">\n\t<div class=\"wpb_text_column wpb_content_element\" >\n\t\t<div class=\"wpb_wrapper\">\n\t\t\t<h4>Bize Ula\u015f\u0131n?<\/h4>\n<h5><em><strong>Rezervasyon Maceralar\u0131<\/strong><\/em><\/h5>\n<p><em><strong>Yerliler<\/strong> ve <strong>uyruklular<\/strong> Tur Rehberleri ve Misafir Hizmetleri<\/em><\/p>\n<p><span class=\"text-turquoise\">Rezervasyonlar:<\/span> Dom s\u0131n\u0131rlar\u0131ndaki Turlar ve Geziler temsilci<\/p>\n\n\t\t<\/div>\n\t<\/div>\n<\/div><\/div><\/div><\/div><div class=\"vc_row wpb_row vc_row-fluid\" ><div class=\"wpb_column vc_column_container vc_col-sm-12\"><div class=\"vc_column-inner\"><div class=\"wpb_wrapper\"><div class=\"vc_empty_space\"   style=\"height: 32px\"><span class=\"vc_empty_space_inner\"><\/span><\/div>\n\t<div class=\"wpb_text_column wpb_content_element\" >\n\t\t<div class=\"wpb_wrapper\">\n\t\t\t<h4>Bize Ula\u015f\u0131n?<\/h4>\n<h5>Rezervasyon Maceralar\u0131<\/h5>\n<p><em><strong>Yerliler<\/strong>\u00a0ve\u00a0<strong>uyruklular<\/strong>\u00a0Tur Rehberleri ve Misafir Hizmetleri<\/em><\/p>\n<p><span class=\"text-turquoise\">Rezervasyonlar:<\/span>\u00a0Dom s\u0131n\u0131rlar\u0131ndaki Turlar ve Geziler temsilci<\/p>\n<p><img decoding=\"async\" class=\"emoji\" draggable=\"false\" src=\"https:\/\/s.w.org\/images\/core\/emoji\/11.2.0\/svg\/1f4de.svg\" alt=\"\ud83d\udcde\" title=\"\">\u00a0Tel \/ Naber\u00a0\u00a0<a href=\"tel:+1-809-720-6035\">+1-809-720-6035<\/a>.<\/p>\n<p><img decoding=\"async\" class=\"emoji\" draggable=\"false\" src=\"https:\/\/s.w.org\/images\/core\/emoji\/11.2.0\/svg\/1f4e9.svg\" alt=\"\ud83d\udce9\" title=\"\">\u00a0<a href=\"mailto:info@bookingadventures.com.do\">info@bookingadventures.com.do<\/a><\/p>\n<p><strong>Whatsapp ile Esnek \u00d6zel Turlar Ayarl\u0131yoruz:\u00a0<a href=\"tel:+18097206035\">+18097206035.<\/a><\/strong><\/p>\n\n\t\t<\/div>\n\t<\/div>\n<div class=\"vc_empty_space\"   style=\"height: 32px\"><span class=\"vc_empty_space_inner\"><\/span><\/div><\/div><\/div><\/div><\/div><div class=\"vc_row wpb_row vc_row-fluid\" ><div class=\"wpb_column vc_column_container vc_col-sm-12\"><div class=\"vc_column-inner\"><div class=\"wpb_wrapper\"><div class=\"vc_btn3-container vc_btn3-inline\" ><button class=\"vc_general vc_btn3 vc_btn3-size-md vc_btn3-shape-rounded vc_btn3-style-modern vc_btn3-color-green\">REZERVASYON YAP<\/button><\/div><\/div><\/div><\/div><\/div>","protected":false},"excerpt":{"rendered":"<p>Sizi otelinizden ald\u0131ktan sonra Punta Cana&#039;n\u0131n i\u00e7 k\u0131sm\u0131na do\u011fru yola \u00e7\u0131k\u0131yoruz. \u0130le \u00e7evrili\u00a0<strong>kahve ve kakao tarlalar\u0131<\/strong>, senin\u00a0<strong>yerel rehberler<\/strong>\u00a0turu ve araban\u0131z\u0131 s\u00fcrmek i\u00e7in bilmeniz gereken her \u015feyi a\u00e7\u0131klayacakt\u0131r.<\/p>\n<p>Sonra anahtar\u0131 konta\u011fa \u00e7evirece\u011fiz ve heyecan\u0131 ba\u015flataca\u011f\u0131z.\u00a0<strong>tepeler, kahve tarlalar\u0131 aras\u0131ndan ve toprak yollar ve nehir yataklar\u0131 boyunca<\/strong>.<\/p>\n<p>&nbsp;<\/p>\n<p><em><strong>L\u00fctfen Tur i\u00e7in tarih se\u00e7iniz\u00a0<\/strong><\/em><\/p>","protected":false},"featured_media":11468,"template":"","meta":[],"product_cat":[253,948,808,972,969,349,294],"product_tag":[810,811,222,809,471,313],"class_list":["post-11458","product","type-product","status-publish","has-post-thumbnail","hentry","product_cat-tours-and-excursions","product_cat-1-punta-cana","product_cat-punta-cana-buggy-tour","product_cat-punta-cana-group-tours","product_cat-punta-cana-buggies","product_cat-tours-and-excursion-punta-cana","product_cat-tours-excursions-punta-cana-dominican-republic","product_tag-buggies","product_tag-buggies-punta-cana","product_tag-punta-cana","product_tag-punta-cana-buggy-tour-pick-up-from-punta-cana-hotels","product_tag-punta-cana-catamaran-party-with-snorkeling-and-parasailing","product_tag-punta-cana-tours"],"_links":{"self":[{"href":"https:\/\/www.boattoursamana.com\/tr\/wp-json\/wp\/v2\/product\/11458","targetHints":{"allow":["GET"]}}],"collection":[{"href":"https:\/\/www.boattoursamana.com\/tr\/wp-json\/wp\/v2\/product"}],"about":[{"href":"https:\/\/www.boattoursamana.com\/tr\/wp-json\/wp\/v2\/types\/product"}],"wp:featuredmedia":[{"embeddable":true,"href":"https:\/\/www.boattoursamana.com\/tr\/wp-json\/wp\/v2\/media\/11468"}],"wp:attachment":[{"href":"https:\/\/www.boattoursamana.com\/tr\/wp-json\/wp\/v2\/media?parent=11458"}],"wp:term":[{"taxonomy":"product_cat","embeddable":true,"href":"https:\/\/www.boattoursamana.com\/tr\/wp-json\/wp\/v2\/product_cat?post=11458"},{"taxonomy":"product_tag","embeddable":true,"href":"https:\/\/www.boattoursamana.com\/tr\/wp-json\/wp\/v2\/product_tag?post=11458"}],"curies":[{"name":"wp","href":"https:\/\/api.w.org\/{rel}","templated":true}]}}