{"id":11566,"date":"2020-10-09T08:06:39","date_gmt":"2020-10-09T08:06:39","guid":{"rendered":"https:\/\/www.ticketswhales.com\/?post_type=product&#038;p=11566"},"modified":"2023-11-07T21:59:08","modified_gmt":"2023-11-07T21:59:08","slug":"samana-day-trip-from-bayahibe-el-limon-waterfall-and-bacardi-island","status":"publish","type":"product","link":"https:\/\/www.boattoursamana.com\/tr\/tur\/bayahibe-el-limon-selalesi-ve-bacardi-adasindan-samana-gunluk-gezi-2","title":{"rendered":"Bayahibe&#039;den Saman\u00e1 G\u00fcn\u00fc Gezisi - El Lim\u00f3n \u015eelalesi ve Bacardi Adas\u0131"},"content":{"rendered":"<div class=\"vc_row wpb_row vc_row-fluid\" ><div class=\"wpb_column vc_column_container vc_col-sm-12\"><div class=\"vc_column-inner\"><div class=\"wpb_wrapper\"><div class=\"mkdf-section-title-holder\" style=\"text-align: left\">\n\t<div class=\"mkdf-st-inner\">\n\t\t\t\t\t<h5 class=\"mkdf-st-subtitle\" >\n\t\t\t\t(Bayahibe Otellerinde kar\u015f\u0131lama)\t\t\t<\/h5>\n\t\t\t\t\t\t\t<h3 class=\"mkdf-st-title\" >\n\t\t\t\tBayahibe&#039;den Samana G\u00fcn\u00fc Gezisi - El Limon \u015eelalesi ve Bacardi Adas\u0131\t\t\t<\/h3>\n\t\t\t\t\t<\/div>\n<\/div><\/div><\/div><\/div><\/div><div class=\"vc_row wpb_row vc_row-fluid\" ><div class=\"wpb_column vc_column_container vc_col-sm-12\"><div class=\"vc_column-inner\"><div class=\"wpb_wrapper\"><div class=\"vc_btn3-container vc_btn3-inline\" ><button class=\"vc_general vc_btn3 vc_btn3-size-md vc_btn3-shape-rounded vc_btn3-style-modern vc_btn3-color-green\">REZERVASYON YAP<\/button><\/div>\n\t<div class=\"wpb_text_column wpb_content_element\" >\n\t\t<div class=\"wpb_wrapper\">\n\t\t\t<h4><b><i>genel bak\u0131\u015f <\/i><\/b><\/h4>\n<p>Bayahibe, Punta Cana veya Bavaro&#039;daysan\u0131z ve normalden daha az \u00f6deyerek bir g\u00fcnl\u00fck gezi yapmak istiyorsan\u0131z, devam edin ve bu gezi i\u00e7in rezervasyon yapt\u0131r\u0131n. Bu yolculukta sizi Samana&#039;ya g\u00f6t\u00fcrece\u011fiz, burada bir katamaranla Los Haitises Ulusal Park\u0131&#039;n\u0131n evi olan Hato Mayor&#039;un bir il\u00e7esi olan Sabana de la Mar&#039;a g\u00f6t\u00fcr\u00fcleceksiniz. Bu yolculuk, Samana K\u00f6rfezi&#039;ni ge\u00e7tikten hemen sonra bir \u015felaleye Binicilik veya Y\u00fcr\u00fcy\u00fc\u015f yapabilece\u011finiz Samana ve El Limon topluluklar\u0131n\u0131 ziyaret etmeyi i\u00e7erir. \u00d6\u011fle yeme\u011fi Bacardi Adas\u0131&#039;nda servis edilecektir. Seferler 06:00&#039;da ba\u015flar ve 18:30&#039;da sona erer. Rezervasyonunuzu \u015fimdi yap\u0131n!<\/p>\n<p>Bu deneyimin ard\u0131ndan sizi Otelinize b\u0131rakaca\u011f\u0131z.<\/p>\n<ul>\n<li style=\"font-weight: 400;\">\u00dccretler dahil<\/li>\n<li>Plajda \u00f6\u011fle yeme\u011fi dahil<\/li>\n<li>Transfer dahil<\/li>\n<li style=\"font-weight: 400;\"><span style=\"font-weight: 400;\">K\u0131lavuz talimat ve Denetim sa\u011flar<\/span><\/li>\n<\/ul>\n<p>&nbsp;<\/p>\n<h4><b>Dahil Edilenler ve Hari\u00e7 Tutulanlar<\/b><\/h4>\n<p>&nbsp;<\/p>\n<p><b>Dahil olanlar<\/b><\/p>\n<p>&nbsp;<\/p>\n<ol>\n<li style=\"font-weight: 400;\">otelden alma<\/li>\n<li style=\"font-weight: 400;\">Saman\u00e1 Koyu<\/li>\n<li>Bacardi Adas\u0131, Plaj ve \u00d6\u011fle Yeme\u011fi<\/li>\n<li>Safari&#039;den El Lim\u00f3n&#039;a<\/li>\n<li>Binicilik veya \u015eelalelere Y\u00fcr\u00fcy\u00fc\u015f<\/li>\n<li>Dominikli Kokteylleri<\/li>\n<li style=\"font-weight: 400;\"><span style=\"font-weight: 400;\">T\u00fcm vergiler, \u00fccretler ve i\u015flem \u00fccretleri<\/span><\/li>\n<li style=\"font-weight: 400;\"><span style=\"font-weight: 400;\">Yerel vergiler<\/span><\/li>\n<li style=\"font-weight: 400;\"><span style=\"font-weight: 400;\">\u0130\u00e7ecekler<\/span><\/li>\n<li style=\"font-weight: 400;\"><span style=\"font-weight: 400;\">T\u00fcm aktiviteler<\/span><\/li>\n<li style=\"font-weight: 400;\"><span style=\"font-weight: 400;\">Yerel rehber<\/span><\/li>\n<\/ol>\n<p><b> \u0130stisnalar<\/b><\/p>\n<ol>\n<li style=\"font-weight: 400;\"><span style=\"font-weight: 400;\">Bah\u015fi\u015fler<\/span><\/li>\n<li style=\"font-weight: 400;\"><span style=\"font-weight: 400;\">Kokteyl Sonras\u0131 Alkoll\u00fc \u0130\u00e7ecekler\u00a0<\/span><\/li>\n<\/ol>\n<p>&nbsp;<\/p>\n<h4><em><strong>Gidi\u015f &amp; D\u00f6n\u00fc\u015f<\/strong><\/em><\/h4>\n<p><span style=\"font-weight: 400;\">Gezgin, Rezervasyon \u0130\u015fleminden sonra bir bulu\u015fma noktas\u0131 alacakt\u0131r. Turlar bulu\u015fma noktalar\u0131m\u0131zda ba\u015flar ve biter.<\/span><\/p>\n<p>&nbsp;<\/p>\n<h3>Bayahibe&#039;den Samana G\u00fcn\u00fc Gezisi - El Limon \u015eelalesi ve Bacardi Adas\u0131<\/h3>\n<h4><b><i>Ne bekleyebilece\u011finizi?<\/i><\/b><\/h4>\n<p>&nbsp;<\/p>\n<p><strong>Biletlerinizi \u015fimdi al\u0131n<\/strong>. \u015eelaleler, At Binme, Do\u011fa Y\u00fcr\u00fcy\u00fc\u015f\u00fc ve Safari Turu, Do\u011fal Kaynaklarda Y\u00fczme, Bacardi Adas\u0131&#039;nda \u00f6\u011fle yeme\u011fi ve daha bir\u00e7ok e\u011flenceli aktivite sizleri bekliyor.<\/p>\n<p>Bayahibe&#039;den otob\u00fcsle ayr\u0131larak Samana K\u00f6rfezi liman\u0131na gidece\u011fiz. Limana vard\u0131\u011f\u0131m\u0131zda, sizi Samana toplulu\u011funa y\u00f6nlendirecek olan yerel tur rehberleri e\u015fli\u011finde bir tekneye veya Katamaran&#039;a binece\u011fiz. Bu toplulukta bir Safari Turu sizi bu \u015fehrin tarihini \u00f6\u011fretecek. Ama hepsi bu kadar de\u011fil, s\u0131rada El Limon \u015felalesi var, burada y\u00fczebilir, y\u00fcr\u00fcy\u00fc\u015f yapabilir veya ata binebilirsiniz. El Limon \u015felalesi, tropik bir orman\u0131 ve berrak do\u011fal kaynaklar\u0131 olan harika bir do\u011fal an\u0131tt\u0131r. Samana&#039;ya d\u00f6n\u00fc\u015f yolunda \u00f6\u011fle yeme\u011finin servis edilece\u011fi Bacardi Adas\u0131&#039;nda mola verece\u011fiz ve Dominik Cumhuriyeti&#039;nin en do\u011fal havuzlar\u0131ndan birinde y\u00fczebileceksiniz.<\/p>\n<p>&nbsp;<\/p>\n<p>Bu geziyi daha k\u0131sa veya daha uzun olacak \u015fekilde ayarlamak isterseniz, l\u00fctfen bizimle ileti\u015fime ge\u00e7in.<\/p>\n<p>&nbsp;<\/p>\n<h4><em><strong>Ne getirmelisin?<\/strong><\/em><\/h4>\n<ul>\n<li style=\"font-weight: 400;\"><span style=\"font-weight: 400;\">Kamera<\/span><\/li>\n<li style=\"font-weight: 400;\"><span style=\"font-weight: 400;\">Kovucu tomurcuklar<\/span><\/li>\n<li style=\"font-weight: 400;\"><span style=\"font-weight: 400;\">G\u00fcne\u015f kremi<\/span><\/li>\n<li style=\"font-weight: 400;\"><span style=\"font-weight: 400;\">\u015eapka<\/span><\/li>\n<li style=\"font-weight: 400;\"><span style=\"font-weight: 400;\">rahat pantolon<\/span><\/li>\n<li style=\"font-weight: 400;\"><span style=\"font-weight: 400;\">Orman i\u00e7in y\u00fcr\u00fcy\u00fc\u015f ayakkab\u0131s\u0131<\/span><\/li>\n<li style=\"font-weight: 400;\"><span style=\"font-weight: 400;\">Bahar b\u00f6lgelerine sandalet.<\/span><\/li>\n<li style=\"font-weight: 400;\"><span style=\"font-weight: 400;\">Y\u00fczme giysileri<\/span><\/li>\n<\/ul>\n<p>&nbsp;<\/p>\n<h4><b><i>otelden alma <\/i><\/b><\/h4>\n<p><span style=\"font-weight: 400;\">Gezgin alma sunulmaktad\u0131r!<\/span><\/p>\n<p><span style=\"font-weight: 400;\">Bayahibe&#039;deki t\u00fcm Otellerden al\u0131yoruz. Al\u0131\u015f Yeri Otel Lobisidir<br \/>\nB\u00f6lgede bir apartman dairesinde kal\u0131yorsan\u0131z, sizi apartman dairesinden veya en yak\u0131n tesisin giri\u015finden alaca\u011f\u0131z.. Whatsapp ile bizimle ileti\u015fime ge\u00e7erek Pick up ayarlad\u0131k.<\/span><\/p>\n<p><b>Not:<\/b><span style=\"font-weight: 400;\"> Tur\/Gezi kalk\u0131\u015f saatinden sonraki 24 saat i\u00e7inde rezervasyon yap\u0131yorsan\u0131z, otelden alma ayarlayabiliriz. Sat\u0131n alma i\u015fleminiz tamamland\u0131\u011f\u0131nda, teslim alma d\u00fczenlemelerini organize etmesi i\u00e7in size yerel Tur rehberimizin eksiksiz ileti\u015fim bilgilerini (telefon numaras\u0131, e-posta adresi vb.) g\u00f6nderece\u011fiz.<\/span><\/p>\n<h4><b><i>Ek Bilgi Onay\u0131 <\/i><\/b><\/h4>\n<ol>\n<li>Biletler, bu Turu \u00f6dedikten sonra Makbuzdur. \u00d6demeyi telefonunuzda g\u00f6sterebilirsiniz.<\/li>\n<li style=\"font-weight: 400;\"><span style=\"font-weight: 400;\">Bulu\u015fma Noktas\u0131 Rezervasyon \u0130\u015fleminden Sonra Al\u0131nacakt\u0131r.<\/span><\/li>\n<li style=\"font-weight: 400;\"><span style=\"font-weight: 400;\">\u00c7ocuklara bir yeti\u015fkin e\u015flik etmelidir.<\/span><\/li>\n<li style=\"font-weight: 400;\"><span style=\"font-weight: 400;\"> Tekerlekli sandalye eri\u015fimine uygun de\u011fil <\/span><\/li>\n<li style=\"font-weight: 400;\"><span style=\"font-weight: 400;\">Bebekler kuca\u011fa oturmal\u0131 <\/span><\/li>\n<li style=\"font-weight: 400;\"><span style=\"font-weight: 400;\">S\u0131rt sorunu olan gezginler i\u00e7in \u00f6nerilmez<\/span><\/li>\n<li style=\"font-weight: 400;\"><span style=\"font-weight: 400;\">Hamile gezginler i\u00e7in \u00f6nerilmez <\/span><\/li>\n<li style=\"font-weight: 400;\"><span style=\"font-weight: 400;\"> Kalp problemi veya di\u011fer ciddi t\u0131bbi durumlar yok <\/span><\/li>\n<li style=\"font-weight: 400;\"><span style=\"font-weight: 400;\">\u00c7o\u011fu gezgin kat\u0131labilir<\/span><\/li>\n<\/ol>\n<h4><b><i>\u0130ptal politikas\u0131<\/i><\/b><\/h4>\n<p>Tam para iadesi i\u00e7in l\u00fctfen \u0130ptal politikalar\u0131m\u0131z\u0131 okuyun\u00a0<a href=\"https:\/\/www.boattoursamana.com\/tr\/cevrimici-rezervasyon\/\" target=\"_blank\" rel=\"noopener\" data-saferedirecturl=\"https:\/\/www.google.com\/url?q=https:\/\/www.boattoursamana.com\/online-booking\/&amp;source=gmail&amp;ust=1672449202351000&amp;usg=AOvVaw1yAeVAPktmaVCqDujgUn90\">Buraya T\u0131kla<\/a>. Seyahatle ayn\u0131 g\u00fcn rezervasyon iptal edilirse para kaybedilecektir.<\/p>\n\n\t\t<\/div>\n\t<\/div>\n<\/div><\/div><\/div><\/div><div class=\"vc_row wpb_row vc_row-fluid\" ><\/div><div class=\"wpb_column vc_column_container vc_col-sm-12\"><div class=\"vc_column-inner\"><div class=\"wpb_wrapper\"><\/div><\/div><\/div><div class=\"vc_empty_space\"   style=\"height: 32px\"><span class=\"vc_empty_space_inner\"><\/span><\/div><div class=\"vc_empty_space\"   style=\"height: 32px\"><span class=\"vc_empty_space_inner\"><\/span><\/div><div class=\"vc_row wpb_row vc_row-fluid\" ><div class=\"wpb_column vc_column_container vc_col-sm-12\"><div class=\"vc_column-inner\"><div class=\"wpb_wrapper\"><div class=\"vc_btn3-container vc_btn3-inline\" ><button class=\"vc_general vc_btn3 vc_btn3-size-md vc_btn3-shape-rounded vc_btn3-style-modern vc_btn3-color-green\">REZERVASYON YAP<\/button><\/div><\/div><\/div><\/div><\/div>","protected":false},"excerpt":{"rendered":"<p>Punta Cana veya Bavaro&#039;daysan\u0131z ve normalden daha az \u00f6deyerek g\u00fcnl\u00fck bir gezi yapmak istiyorsan\u0131z bu gezi i\u00e7in rezervasyon yap\u0131n. Bu yolculukta sizi Samana&#039;ya g\u00f6t\u00fcrece\u011fiz, burada katamaranla Los Haitises Milli Park\u0131&#039;n\u0131n evi olan Hato Belediye Ba\u015fkan\u0131&#039;n\u0131n belediyesi Sabana de la Mar&#039;a g\u00f6t\u00fcr\u00fcleceksiniz. Bu geziye Safari Turu, Katamaran, \u015eelale ve Plajda Y\u00fczme ve daha fazlas\u0131 dahildir. Yolculuk sabah 06.00&#039;da ba\u015flay\u0131p 18.30&#039;da sona eriyor.<\/p>\n<p><em><strong>Tur i\u00e7in tarih se\u00e7in:<\/strong><\/em><\/p>","protected":false},"featured_media":6947,"template":"","meta":[],"product_cat":[831,948,961,959,253],"product_tag":[184,183,384,223,382,380,185,381,222,175,383,186,458,457,200,187],"class_list":["post-11566","product","type-product","status-publish","has-post-thumbnail","hentry","product_cat-bayahibe-to-samana","product_cat-1-punta-cana","product_cat-el-limon-horseback-riding","product_cat-el-limon-punta-cana","product_cat-tours-and-excursions","product_tag-bacardi-island","product_tag-beach-time","product_tag-cascada-el-limon-salto-el-limon-samana-republica-dominicana","product_tag-cayo-levantado","product_tag-el-limon-waterfall-bacardi-island-from-punta-cana","product_tag-el-limon-waterfall-and-bacardi-island-tour-from-punta-cana","product_tag-el-limon-waterfalls","product_tag-guided-adventures","product_tag-punta-cana","product_tag-sabana-de-la-mar","product_tag-salto-de-limon-punta-cana","product_tag-samana","product_tag-samana-day-trip-from-punta-cana","product_tag-samana-day-trip-from-punta-cana-el-limon-waterfall-and-bacardi-island","product_tag-samana-excursions","product_tag-samana-tours"],"_links":{"self":[{"href":"https:\/\/www.boattoursamana.com\/tr\/wp-json\/wp\/v2\/product\/11566","targetHints":{"allow":["GET"]}}],"collection":[{"href":"https:\/\/www.boattoursamana.com\/tr\/wp-json\/wp\/v2\/product"}],"about":[{"href":"https:\/\/www.boattoursamana.com\/tr\/wp-json\/wp\/v2\/types\/product"}],"wp:featuredmedia":[{"embeddable":true,"href":"https:\/\/www.boattoursamana.com\/tr\/wp-json\/wp\/v2\/media\/6947"}],"wp:attachment":[{"href":"https:\/\/www.boattoursamana.com\/tr\/wp-json\/wp\/v2\/media?parent=11566"}],"wp:term":[{"taxonomy":"product_cat","embeddable":true,"href":"https:\/\/www.boattoursamana.com\/tr\/wp-json\/wp\/v2\/product_cat?post=11566"},{"taxonomy":"product_tag","embeddable":true,"href":"https:\/\/www.boattoursamana.com\/tr\/wp-json\/wp\/v2\/product_tag?post=11566"}],"curies":[{"name":"wp","href":"https:\/\/api.w.org\/{rel}","templated":true}]}}