{"id":11569,"date":"2020-10-10T15:42:33","date_gmt":"2020-10-10T15:42:33","guid":{"rendered":"https:\/\/www.ticketswhales.com\/?post_type=product&#038;p=11569"},"modified":"2023-11-07T21:53:32","modified_gmt":"2023-11-07T21:53:32","slug":"private-kayaking-snorkeling-with-lunch-on-cayo-levantado-island","status":"publish","type":"product","link":"https:\/\/www.boattoursamana.com\/tr\/tur\/cayo-levantado-adasinda-ogle-ile-ozel-kano-snorkel","title":{"rendered":"Samana: Cayo Levantado ve Kano + \u015enorkelli Dal\u0131\u015f"},"content":{"rendered":"<div class=\"wpb_column vc_column_container vc_col-sm-12\"><div class=\"vc_column-inner\"><div class=\"wpb_wrapper\"><\/div><\/div><\/div><div class=\"vc_row wpb_row vc_row-fluid\" ><div class=\"wpb_column vc_column_container vc_col-sm-12\"><div class=\"vc_column-inner\"><div class=\"wpb_wrapper\">\n\t<div class=\"wpb_text_column wpb_content_element\" >\n\t\t<div class=\"wpb_wrapper\">\n\t\t\t<div class=\"vc_row wpb_row vc_row-fluid\">\n<div class=\"wpb_column vc_column_container vc_col-sm-12\">\n<div class=\"vc_column-inner\">\n<div class=\"wpb_wrapper\">\n<div class=\"mkdf-section-title-holder\">\n<div class=\"mkdf-st-inner\">\n<h5 class=\"mkdf-st-subtitle\">Samana Liman\u0131&#039;ndan: \u00d6zel Tur<\/h5>\n<h3 class=\"mkdf-st-title\">Cayo Levantado Adas\u0131&#039;nda \u00d6\u011fle Yeme\u011fi ile \u00d6zel Kano ve \u015enorkel<\/h3>\n<\/div>\n<\/div>\n<div class=\"vc_empty_space\"><\/div>\n<\/div>\n<\/div>\n<\/div>\n<\/div>\n<div class=\"vc_row wpb_row vc_row-fluid\"><\/div>\n<div class=\"wpb_column vc_column_container vc_col-sm-12\">\n<div class=\"vc_column-inner\">\n<div class=\"wpb_wrapper\"><\/div>\n<\/div>\n<\/div>\n<div class=\"wpb_text_column wpb_content_element\">\n<div class=\"wpb_wrapper\"><\/div>\n<\/div>\n<div class=\"vc_row wpb_row vc_row-fluid\">\n<div class=\"wpb_column vc_column_container vc_col-sm-12\">\n<div class=\"vc_column-inner\">\n<div class=\"wpb_wrapper\">\n<div class=\"wpb_text_column wpb_content_element\">\n<div class=\"wpb_wrapper\">\n<div class=\"vc_row wpb_row vc_row-fluid\">\n<div class=\"wpb_column vc_column_container vc_col-sm-12\">\n<div class=\"vc_column-inner\">\n<div class=\"wpb_wrapper\">\n<div class=\"wpb_text_column wpb_content_element\">\n<div class=\"wpb_wrapper\">\n<h4><b><i>Genel Bak\u0131\u015f\ud83d\udc33<\/i><\/b><\/h4>\n<p><strong>B\u00fcy\u00fck turist gruplar\u0131ndan ka\u00e7\u0131n\u0131n.<\/strong>\u00a0ve Saman\u00e1 liman\u0131ndan kalkan Saman\u00e1 K\u00f6rfezi&#039;nde \u00d6zel Kano ve \u015enorkel Turunuza kat\u0131l\u0131n.<\/p>\n<p>\u00dcnl\u00fc Cayo Levantado\/Bacardi Adas\u0131&#039;ndaki yak\u0131ndaki bir plaj\u0131n kristal berrakl\u0131\u011f\u0131ndaki sular\u0131nda kano ve \u015fnorkel ile denizden Samana K\u00f6rfezi&#039;nin 40 dakikal\u0131k e\u015fsiz panoramik manzaras\u0131na hayran kalacaks\u0131n\u0131z. Bacaklar\u0131m\u0131z\u0131 esnetebilece\u011fimiz ve \u015fnorkel kitlerimizi kullanabilece\u011fimiz yerde ke\u015ffedilecek ba\u015fka bir d\u00fcnya var!<br \/>\n\u015enorkelli y\u00fczmenin ard\u0131ndan sahilde tipik bir Dominik \u00f6\u011fle yeme\u011fine \u00e7\u0131kaca\u011f\u0131z ve Dominik Cumhuriyeti&#039;nin en g\u00fczel adas\u0131n\u0131 ke\u015ffedece\u011fiz. G\u00fczel bir l\u00fcks otele, beyaz kumlu plajlara, yemye\u015fil bir ya\u011fmur orman\u0131na ve el yap\u0131m\u0131 tablolar ve di\u011fer \u00fcr\u00fcnleri sunan muhte\u015fem yetenekli sanat\u00e7\u0131lara ev sahipli\u011fi yapmaktad\u0131r.<\/p>\n<p>Adada neler yapabilirsiniz?<br \/>\nY\u00fczmek, y\u00fcr\u00fcy\u00fc\u015f yapmak, voleybol oynamak, foto\u011fraf \u00e7ekmek, \u015fnorkelle dalmak, kumsal\u0131n tad\u0131n\u0131 \u00e7\u0131karmak veya sadece g\u00f6lgede dinlenmek ve serinletici bir i\u00e7ecek i\u00e7mek (Pi\u00f1a Colada, Coco Loco, Cuba Libre, vb.) Herkese g\u00f6re adan\u0131n tad\u0131n\u0131 \u00e7\u0131karmak i\u00e7in bir\u00e7ok se\u00e7enek var. !<\/p>\n<p>Saman\u00e1&#039;ya d\u00f6n\u00fc\u015f yolunda bak\u0131\u015f a\u00e7\u0131m\u0131z\u0131 de\u011fi\u015ftiriyoruz ve daha \u00f6nce fark etmedi\u011fimiz detaylar dikkatimizi \u00e7ekiyor, her metrenin tad\u0131n\u0131 \u00e7\u0131kararak yakla\u015f\u0131k 40 dakika s\u00fcr\u00fcyor.<\/p>\n<p>T\u00fcm Dominik Cumhuriyeti&#039;nde bu Turu sunan tek ki\u015fi biziz! Bu e\u015fsiz deneyim, do\u011fa ve deniz tutkunlar\u0131 i\u00e7in bir hayalin ger\u00e7ekle\u015fmesidir.<\/p>\n<p><strong>Not:<\/strong>\u00a0Bu tur \u00f6zeldir. (Sadece siz ve aileniz veya arkada\u015flar\u0131n\u0131z ve Tur Rehberiniz).<\/p>\n<p>&nbsp;<\/p>\n<h4><b>Dahil edilenler ve hari\u00e7 tutulanlar<\/b><\/h4>\n<p>&nbsp;<\/p>\n<p><b>Dahil olanlar<\/b><\/p>\n<p>&nbsp;<\/p>\n<ol>\n<li>Sahilde a\u00e7\u0131k b\u00fcfe \u00f6\u011fle yeme\u011fi.<\/li>\n<li>Tur rehberi<\/li>\n<li>kayaklar, k\u00fcrekli s\u00f6rf<\/li>\n<li>Can yele\u011fi<\/li>\n<li>\u015enorkel Seti<\/li>\n<li>T\u00fcm vergiler, har\u00e7lar ve i\u015flem \u00fccretleri.<\/li>\n<li>Yerel vergiler<\/li>\n<li>\u0130\u00e7ecekler (Ki\u015fi ba\u015f\u0131 bir \u015fi\u015fe su)<\/li>\n<\/ol>\n<p><b>\u0130stisnalar<\/b><\/p>\n<ol>\n<li>\u0130pu\u00e7lar\u0131<\/li>\n<li>Ara\u00e7 Transferi<\/li>\n<li>Alkol<\/li>\n<\/ol>\n<p>&nbsp;<\/p>\n<h4><em><strong>Kalk\u0131\u015f ve d\u00f6n\u00fc\u015f<\/strong><\/em><\/h4>\n<p>Bu yolculuk sabah saat 08.00&#039;de ba\u015flay\u0131p ak\u015fam 16.00&#039;da sona eriyor. Ancak \u00f6zel bir gezi olaca\u011f\u0131 i\u00e7in ba\u015flang\u0131\u00e7 ve biti\u015f saatini siz belirleyebilirsiniz.<\/p>\n<p>Gezgin, Rezervasyon S\u00fcrecinden sonra bir bulu\u015fma noktas\u0131na sahip olacakt\u0131r. Turlar bulu\u015fma noktalar\u0131m\u0131zda ba\u015flar ve biter.<\/p>\n<p>&nbsp;<\/p>\n<h4><b><i>Ne bekleyebilece\u011finizi?<\/i><\/b><\/h4>\n<p>&nbsp;<\/p>\n<p><em><strong>biletlerinizi al\u0131n<\/strong><\/em>\u00a0Samana K\u00f6rfezi&#039;nde kano yapmak ve \u015fnorkelle y\u00fczmek i\u00e7in. Yak\u0131ndaki \u00fcnl\u00fc Cayo Levantado\/Bacardi plaj\u0131n\u0131n kristal berrakl\u0131\u011f\u0131ndaki sular\u0131nda kanoyla ve \u015fnorkelli dal\u0131\u015fla denizden Saman\u00e1 K\u00f6rfezi&#039;nin e\u015fsiz panoramik manzaras\u0131n\u0131n 40 dakikas\u0131. Sahilde tipik Dominik yeme\u011fi. Balina izleme sezonunda kambur balinalar\u0131 g\u00f6rme \u015fans\u0131m\u0131z var.<\/p>\n<p>\u201cBooking Adventures\u201d taraf\u0131ndan d\u00fczenlenen Kayak &amp; \u015enorkel Turu, Tur Rehberi ile belirlenen bulu\u015fma noktas\u0131nda ba\u015flar. Sahilde \u00f6\u011fle yeme\u011fi ve y\u00fczmek istedi\u011finiz kadar kalabilirsiniz. E\u011fer vegansan\u0131z sizin i\u00e7in yemek de haz\u0131rlayabiliriz.<\/p>\n<p><strong>Takvim:<\/strong><\/p>\n<p>08.00 \u2013 16.00<\/p>\n<p>&nbsp;<\/p>\n<h4><em><strong>Ne getirmelisin?<\/strong><\/em><\/h4>\n<ul>\n<li>Kamera<\/li>\n<li>Havlu<\/li>\n<li>G\u00fcne\u015f korumas\u0131<\/li>\n<li>\u015eapka<\/li>\n<li>Rahat pantolon ve ayakkab\u0131lar.<\/li>\n<li>Plaj i\u00e7in sandaletler<\/li>\n<li>Y\u00fcz\u00fcc\u00fcn\u00fcn elbisesi<\/li>\n<li>Hat\u0131ra E\u015fyas\u0131 i\u00e7in nakit<\/li>\n<\/ul>\n<p>&nbsp;<\/p>\n<h4><b><i>Otelden alma<\/i><\/b><\/h4>\n<p>Bu tur i\u00e7in otelden alma hizmeti sunulmamaktad\u0131r.<\/p>\n<p>&nbsp;<\/p>\n<p><b>Not:<\/b>\u00a0Rezervasyonu tur\/gezi kalk\u0131\u015f saatinden 24 saat \u00f6nce yaparsan\u0131z, ek \u00fccret kar\u015f\u0131l\u0131\u011f\u0131nda otelden al\u0131nmay\u0131 ayarlayabiliriz. Sat\u0131n alma i\u015fleminiz tamamland\u0131ktan sonra, kar\u015f\u0131lama d\u00fczenlemelerini d\u00fczenlemek i\u00e7in size yerel tur rehberimizin tam ileti\u015fim bilgilerini (telefon numaras\u0131, e-posta adresi vb.) g\u00f6nderece\u011fiz.<\/p>\n<h4><b><i>Ek bilgilerin do\u011frulanmas\u0131<\/i><\/b><\/h4>\n<ol>\n<li>Biletler, bu Tur i\u00e7in \u00f6deme yap\u0131ld\u0131ktan sonra al\u0131nan Makbuzdur. \u00d6demeyi telefonunuzda g\u00f6r\u00fcnt\u00fcleyebilirsiniz.<\/li>\n<li>Bulu\u015fma noktas\u0131 rezervasyon i\u015fleminden sonra al\u0131nacakt\u0131r.<\/li>\n<li>\u00c7ocuklara bir yeti\u015fkin e\u015flik etmelidir.<\/li>\n<li>Tekerlekli sandalye eri\u015fimine uygun<\/li>\n<li>Bebekler kucakta oturmal\u0131d\u0131r.<\/li>\n<li>Seyahat edenlerin \u00e7o\u011fu kat\u0131lma hakk\u0131na sahiptir.<\/li>\n<\/ol>\n<h4><b><i>\u0130ptal politikas\u0131<\/i><\/b><\/h4>\n<p>Tam para iadesi i\u00e7in deneyim ba\u015flang\u0131\u00e7 tarihinden en az 24 saat \u00f6nce iptal edin.<\/p>\n<\/div>\n<\/div>\n<\/div>\n<\/div>\n<\/div>\n<\/div>\n<\/div>\n<\/div>\n<\/div>\n<\/div>\n<\/div>\n<\/div>\n<div class=\"vc_row wpb_row vc_row-fluid\">\n<div class=\"wpb_column vc_column_container vc_col-sm-12\">\n<div class=\"vc_column-inner\">\n<div class=\"wpb_wrapper\">\n<div class=\"vc_empty_space\"><\/div>\n<div class=\"wpb_text_column wpb_content_element\">\n<div class=\"wpb_wrapper\">\n<h4>Bize Ula\u015f\u0131n?<\/h4>\n<h5><b><i>Macera Rezervasyonlar\u0131<\/i><\/b><\/h5>\n<p><em>Turist rehberleri ve misafir hizmetleri.\u00a0<strong>yerel<\/strong>\u00a0ve\u00a0<strong>ulusal<\/strong><\/em><\/p>\n<p><span class=\"text-turquoise\">Rezervasyonlar:<\/span>\u00a0Dom s\u0131n\u0131rlar\u0131ndaki Turlar ve Geziler. Temsilciler.<\/p>\n<p>\ud83d\udcde Telefon\/Whatsapp\u00a0<a href=\"tel: 1-809-720-6035\">+ 1-809-720-6035<\/a>\u00a0.<\/p>\n<p>\ud83d\udce9\u00a0<a href=\"mailto:info@bookingadventures.com.do\">info@bookingadventures.com.do<\/a><\/p>\n<p><strong>Whatsapp&#039;\u0131n esnek konfig\u00fcrasyonuna sahip \u00f6zel turlar\u0131m\u0131z:\u00a0<a href=\"tel: 18097206035\">+18097206035.<\/a><\/strong><\/p>\n<\/div>\n<\/div>\n<\/div>\n<\/div>\n<\/div>\n<\/div>\n\n\t\t<\/div>\n\t<\/div>\n<\/div><\/div><\/div><\/div>","protected":false},"excerpt":{"rendered":"<p>Yerel tur rehberleri e\u015fli\u011finde Dominik Cumhuriyeti&#039;nin Samana K\u00f6rfezi&#039;nde \u00f6zel kano ve \u015fnorkelli y\u00fczme turu. Size en uygun ba\u015flang\u0131\u00e7 zaman\u0131n\u0131 ayarlamaktan \u00e7ekinmeyin. Ger\u00e7ek Karayip Maceras\u0131n\u0131 ya\u015famak i\u00e7in bu Samana K\u00f6rfezi Gezisini \u015fimdi ay\u0131rt\u0131n.<\/p>\n<p>Not: Bu tur \u00f6zeldir!<\/p>\n<p>&nbsp;<\/p>\n<p><em><strong>Tur tarihini se\u00e7in:<\/strong><\/em><\/p>","protected":false},"featured_media":13413,"template":"","meta":[],"product_cat":[255,946,655],"product_tag":[184,328,208,327,187,342,433,276],"class_list":["post-11569","product","type-product","status-publish","has-post-thumbnail","hentry","product_cat-tours-excursions-samana-bay-dominican-republic","product_cat-1-sabana-de-la-mar","product_cat-1-samana","product_tag-bacardi-island","product_tag-cayo-levantado-day-pass","product_tag-kayaking-dominican-republic","product_tag-private-tours-samana","product_tag-samana-tours","product_tag-samana-whale-watching","product_tag-snorkeling","product_tag-whale-samana"],"_links":{"self":[{"href":"https:\/\/www.boattoursamana.com\/tr\/wp-json\/wp\/v2\/product\/11569","targetHints":{"allow":["GET"]}}],"collection":[{"href":"https:\/\/www.boattoursamana.com\/tr\/wp-json\/wp\/v2\/product"}],"about":[{"href":"https:\/\/www.boattoursamana.com\/tr\/wp-json\/wp\/v2\/types\/product"}],"wp:featuredmedia":[{"embeddable":true,"href":"https:\/\/www.boattoursamana.com\/tr\/wp-json\/wp\/v2\/media\/13413"}],"wp:attachment":[{"href":"https:\/\/www.boattoursamana.com\/tr\/wp-json\/wp\/v2\/media?parent=11569"}],"wp:term":[{"taxonomy":"product_cat","embeddable":true,"href":"https:\/\/www.boattoursamana.com\/tr\/wp-json\/wp\/v2\/product_cat?post=11569"},{"taxonomy":"product_tag","embeddable":true,"href":"https:\/\/www.boattoursamana.com\/tr\/wp-json\/wp\/v2\/product_tag?post=11569"}],"curies":[{"name":"wp","href":"https:\/\/api.w.org\/{rel}","templated":true}]}}