{"id":11589,"date":"2020-10-10T18:07:18","date_gmt":"2020-10-10T18:07:18","guid":{"rendered":"https:\/\/www.ticketswhales.com\/?post_type=product&#038;p=11589"},"modified":"2023-11-07T21:36:36","modified_gmt":"2023-11-07T21:36:36","slug":"los-haitises-complete-adventure-hotel-hiking-swimming-kayaking","status":"publish","type":"product","link":"https:\/\/www.boattoursamana.com\/tr\/tur\/los-haitises-komple-macera-otel-yuruyus-yuzme-kano","title":{"rendered":"Otel + Do\u011fa Y\u00fcr\u00fcy\u00fc\u015f\u00fc +Y\u00fczme + Kano 2 G\u00fcnl\u00fck gezi Los Haitises"},"content":{"rendered":"<div class=\"vc_row wpb_row vc_row-fluid\" ><div class=\"wpb_column vc_column_container vc_col-sm-12\"><div class=\"vc_column-inner\"><div class=\"wpb_wrapper\">\n\t<div class=\"wpb_text_column wpb_content_element\" >\n\t\t<div class=\"wpb_wrapper\">\n\t\t\t<p><span style=\"vertical-align: inherit;\"><span style=\"vertical-align: inherit;\"><\/p>\n\n\t\t<\/div>\n\t<\/div>\n<\/div><\/div><\/div><\/div><div class=\"vc_row wpb_row vc_row-fluid\" ><div class=\"wpb_column vc_column_container vc_col-sm-12\"><div class=\"vc_column-inner\"><div class=\"wpb_wrapper\"><div class=\"mkdf-section-title-holder\" style=\"text-align: left\">\n\t<div class=\"mkdf-st-inner\">\n\t\t\t\t\t<h5 class=\"mkdf-st-subtitle\" >\n\t\t\t\tOtel + Senderismo + Nataci\u00f3n + Kayak\t\t\t<\/h5>\n\t\t\t\t\t\t\t<h3 class=\"mkdf-st-title\" >\n\t\t\t\tLos Haitises Komple Macera\t\t\t<\/h3>\n\t\t\t\t\t<\/div>\n<\/div><div class=\"vc_empty_space\"   style=\"height: 32px\"><span class=\"vc_empty_space_inner\"><\/span><\/div><div class=\"vc_btn3-container vc_btn3-inline\" ><a class=\"vc_general vc_btn3 vc_btn3-size-md vc_btn3-shape-rounded vc_btn3-style-modern vc_btn3-color-green\" href=\"https:\/\/bookingadventures.tours\/booking.php?tour_id=7d51c901332affeec66cbebebfdbc9f7\" title=\"\" rel=\"noopener\">REZERVASYON YAP<\/a><\/div><div class=\"vc_empty_space\"   style=\"height: 32px\"><span class=\"vc_empty_space_inner\"><\/span><\/div>\n\t<div class=\"wpb_text_column wpb_content_element\" >\n\t\t<div class=\"wpb_wrapper\">\n\t\t\t<p>\u00a0<\/span><\/span><\/p>\n<h4><\/h4>\n<h3><span style=\"vertical-align: inherit;\"><span style=\"vertical-align: inherit;\">G\u00fcn 1<\/span><\/span><\/h3>\n<p>Dominik Cumhuriyeti&#039;nin do\u011fu yakas\u0131 Los Haitises Ulusal Park\u0131 Ya\u011fmur Orman\u0131&#039;n\u0131 ziyaret ediyoruz, Ecolodge&#039;da check-in yapt\u0131ktan sonra maceram\u0131z ba\u015fl\u0131yor. \u00d6nce 2 ila 3 Saatlik Bir Y\u00fcr\u00fcy\u00fc\u015fle. Orada manzaran\u0131n tad\u0131n\u0131 \u00e7\u0131karabilir, k\u0131rsal kesimde Dominik Cumhuriyeti hayat\u0131 hakk\u0131nda bilgi edinebilir ve do\u011fay\u0131 ya\u015fayabilirsiniz. Yol boyunca ya\u011fmur ormanlar\u0131n\u0131n biyo\u00e7e\u015fitli ekosistemini \u00f6\u011frenecek, Kakao a\u011fa\u00e7lar\u0131na, e\u015fsiz bitki \u00f6rt\u00fcs\u00fcne ve tarihi alanlara dokunacaks\u0131n\u0131z.<\/p>\n<p>Y\u00fcr\u00fcy\u00fc\u015f\u00fc bitirdikten sonra, y\u0131ld\u0131zlar\u0131n \u0131\u015f\u0131\u011f\u0131nda Dominik tarz\u0131 bir Ak\u015fam Yeme\u011fi ve \u015eenlik Ate\u015fleri var.<\/p>\n<h3>2. g\u00fcn<\/h3>\n<p>Ertesi g\u00fcn Dominik Usul\u00fc Kahvalt\u0131. Kahvalt\u0131dan sonra Mangroves liman\u0131na birka\u00e7 dakika y\u00fcr\u00fcy\u00fc\u015f yap\u0131yoruz. Daha sonra g\u00fcvenli\u011finiz i\u00e7in gerekli ekipmanlar\u0131 (Can Yele\u011fi vb.), kanolar\u0131 al\u0131p mangrov batakl\u0131klar\u0131ndan ge\u00e7iyoruz. Ku\u015f dolu mangrovlar, yemye\u015fil bitki \u00f6rt\u00fcs\u00fcn\u00fcn ini\u015fli \u00e7\u0131k\u0131\u015fl\u0131 tepelerini g\u00f6receksiniz.<\/p>\n<p>Engebeli orman manzaras\u0131n\u0131 foto\u011fraflayabilece\u011finiz a\u00e7\u0131k San Lorenzo K\u00f6rfezi&#039;ndeki mangrovlar ve Kara boyunca. Baz\u0131 Endemik Ku\u015flar\u0131, Memelileri ve Bitki t\u00fcrlerini, yemye\u015fil bitki \u00f6rt\u00fcs\u00fcn\u00fcn ini\u015fli \u00e7\u0131k\u0131\u015fl\u0131 tepelerini ve ma\u011faralar\u0131n\u0131 kontrol etmeye ba\u015flay\u0131n. <em><strong>Los Haitises Milli Park\u0131<\/strong><\/em>.<\/p>\n<div class=\"body-description secondary\">\n<p>Milli park\u0131n ad\u0131, orijinal sakinleri olan Taino K\u0131z\u0131lderililerinden geliyor. Kendi dillerinde \u201cHaitises\u201d, k\u0131y\u0131 \u015feridinin Kire\u00e7ta\u015fl\u0131 sarp jeolojik olu\u015fumlar\u0131na at\u0131fta bulunarak yaylalar veya Tepeler anlam\u0131na gelir. gibi ma\u011faralar\u0131 ke\u015ffetmek i\u00e7in park\u0131n derinliklerine do\u011fru maceraya at\u0131l <em><strong>Cueva de la Arena.\u00a0<\/strong><\/em><\/p>\n<h3>Bitirme G\u00fcn\u00fc<\/h3>\n<p>Ecolodge&#039;a d\u00f6nd\u00fckten sonra, Los Haitises Ulusal Park\u0131&#039;n\u0131n ilk mineral \u015felale alanlar\u0131nda do\u011fal su havuzunun keyfini \u00e7\u0131karmak i\u00e7in serbest zaman. Dominik Usul\u00fc \u00d6\u011fle Yeme\u011fi ve Otelden \u00c7\u0131k\u0131\u015f 13:00.<\/p>\n<\/div>\n<p>Bu, do\u011fan\u0131n ve e\u015fsiz bir ya\u011fmur orman\u0131 deneyiminin tad\u0131n\u0131 \u00e7\u0131karmak isteyenler i\u00e7in iyi bir macera. Yolculuk boyunca ekosistem hakk\u0131nda tarihi ger\u00e7ekler ve bilgilerle Los Haitises Ulusal Park\u0131&#039;nda Dominik Cumhuriyeti&#039;nin ger\u00e7ek bir yerel g\u00f6r\u00fcn\u00fcm\u00fcn\u00fc sa\u011flamaya odaklanm\u0131\u015ft\u0131r. Ula\u015f\u0131m dahil de\u011fildir.<\/p>\n<h3>Bulu\u015fma noktas\u0131<\/h3>\n<p>Sabana de la mar&#039;da bulu\u015fuyoruz, buradan kendi arac\u0131n\u0131zdaki rehberi takip ederek gizli m\u00fccevherimize gideceksiniz!. Ger\u00e7ek bir macera y\u00fcr\u00fcy\u00fc\u015f\u00fcne, \u015fenlik ate\u015flerine, kanoya, \u015felalelere ve Dominik Cumhuriyeti&#039;ndeki e\u015fsiz Ecolodge&#039;a haz\u0131r olun.<\/p>\n<p>Bir grupsan\u0131z veya uygun g\u00f6rmedi\u011finiz bir tarihle ilgileniyorsan\u0131z, do\u011frudan bizimle ileti\u015fime ge\u00e7mekten \u00e7ekinmeyin, size yard\u0131mc\u0131 olaca\u011f\u0131m. \u0130ncelemelerde de g\u00f6rece\u011finiz \u00fczere Booking Adventures i\u015fimizi \u00e7ok tutkulu yap\u0131yor ve misafirlerimize adadaki ger\u00e7ek hayat\u0131 g\u00f6stermeyi \u00e7ok seviyoruz. Her turda Do\u011faya ba\u011f\u0131\u015f olarak bir Mangrov a\u011fac\u0131 dikiyoruz.<\/p>\n<h4><b>Dahil Edilenler ve Hari\u00e7 Tutulanlar<\/b><\/h4>\n<p><b>Dahil olanlar<\/b><\/p>\n<ul>\n<li style=\"font-weight: 400;\">Los Haitises Milli Park\u0131<\/li>\n<li>Gece \u015fenlik ate\u015fi<\/li>\n<li>4 Saat Y\u00fcr\u00fcy\u00fc\u015f Ya\u011fmur Orman\u0131<\/li>\n<li>Ecolodge&#039;da 1 Oda<\/li>\n<li>Ki\u015fi Ba\u015f\u0131na 1 Ak\u015fam Yeme\u011fi<\/li>\n<li>Ki\u015fi Ba\u015f\u0131na 1 Kahvalt\u0131<\/li>\n<li>Ki\u015fi Ba\u015f\u0131na 1 \u00d6\u011fle Yeme\u011fi<\/li>\n<li>3 Saat Kano (Veya Tekne Gezisi)<\/li>\n<li>Ku\u015f g\u00f6zlemcili\u011fi<\/li>\n<li>Mangrov ekimi<\/li>\n<li>1 Ma\u011fara Ziyareti<\/li>\n<li style=\"font-weight: 400;\"><span style=\"font-weight: 400;\">T\u00fcm vergiler, \u00fccretler ve i\u015flem \u00fccretleri<\/span><\/li>\n<li style=\"font-weight: 400;\"><span style=\"font-weight: 400;\">Yerel vergiler<\/span><\/li>\n<li style=\"font-weight: 400;\"><span style=\"font-weight: 400;\">Yerel rehber<\/span><\/li>\n<\/ul>\n<p><b> \u0130stisnalar<\/b><\/p>\n<ol>\n<li style=\"font-weight: 400;\"><span style=\"font-weight: 400;\">Bah\u015fi\u015fler<\/span><\/li>\n<li style=\"font-weight: 400;\"><span style=\"font-weight: 400;\">Aktar<\/span><\/li>\n<li style=\"font-weight: 400;\"><span style=\"font-weight: 400;\">Alkoll\u00fc i\u00e7ecekler<\/span><\/li>\n<\/ol>\n<p>&nbsp;<\/p>\n<h4><em><strong>Gidi\u015f &amp; D\u00f6n\u00fc\u015f<\/strong><\/em><\/h4>\n<p><span style=\"font-weight: 400;\">Gezgin, Rezervasyon \u0130\u015fleminden sonra bir bulu\u015fma noktas\u0131 alacakt\u0131r. Turlar bulu\u015fma noktalar\u0131m\u0131zda ba\u015flar ve biter.<\/span><\/p>\n<p>\u0130tibaren:<\/p>\n<p>15:00 Birinci G\u00fcn<\/p>\n<p>\u0130le:<\/p>\n<p>1: 00 PM \u0130kinci G\u00fcn.<\/p>\n<p>&nbsp;<\/p>\n<h4><em><strong>Ne getirmelisin?<\/strong><\/em><\/h4>\n<ul>\n<li style=\"font-weight: 400;\"><span style=\"font-weight: 400;\">Kamera<\/span><\/li>\n<li style=\"font-weight: 400;\"><span style=\"font-weight: 400;\">Kovucu tomurcuklar<\/span><\/li>\n<li style=\"font-weight: 400;\"><span style=\"font-weight: 400;\">G\u00fcne\u015f kremi<\/span><\/li>\n<li style=\"font-weight: 400;\"><span style=\"font-weight: 400;\">\u015eapka<\/span><\/li>\n<li style=\"font-weight: 400;\"><span style=\"font-weight: 400;\">rahat pantolon<\/span><\/li>\n<li style=\"font-weight: 400;\"><span style=\"font-weight: 400;\">Orman i\u00e7in y\u00fcr\u00fcy\u00fc\u015f ayakkab\u0131s\u0131<\/span><\/li>\n<li style=\"font-weight: 400;\"><span style=\"font-weight: 400;\">Bahar b\u00f6lgelerine sandalet.<\/span><\/li>\n<li style=\"font-weight: 400;\"><span style=\"font-weight: 400;\">Y\u00fczme giysileri<\/span><\/li>\n<\/ul>\n<p>&nbsp;<\/p>\n<h4><b><i>Toplamak <\/i><\/b><\/h4>\n<p><span style=\"font-weight: 400;\">Otelden alma <em style=\"font-weight: 400;\"><strong>Olumsuz<\/strong>\u00a0<\/em><i>dahil<\/i> bu tur i\u00e7in\u00a0<\/span><\/p>\n<p><b>Not:<\/b><span style=\"font-weight: 400;\"> Tur\/Gezi kalk\u0131\u015f saatinden sonraki 72 saat i\u00e7inde rezervasyon yap\u0131yorsan\u0131z, Dominik Cumhuriyeti&#039;nin herhangi bir yerinden ekstra \u00dccretler kar\u015f\u0131l\u0131\u011f\u0131nda otelden alma ayarlayabiliriz. Sat\u0131n alma i\u015fleminiz tamamland\u0131\u011f\u0131nda, teslim alma d\u00fczenlemelerini organize etmesi i\u00e7in size yerel Tur rehberimizin eksiksiz ileti\u015fim bilgilerini (telefon numaras\u0131, e-posta adresi vb.) g\u00f6nderece\u011fiz.<\/span><\/p>\n<h4><b><i>Ek Bilgi Onay\u0131 <\/i><\/b><\/h4>\n<ol>\n<li>Biletler, bu Turu \u00f6dedikten sonra Makbuzdur. \u00d6demeyi telefonunuzda g\u00f6sterebilirsiniz.<\/li>\n<li style=\"font-weight: 400;\"><span style=\"font-weight: 400;\">Bulu\u015fma Noktas\u0131 Rezervasyon \u0130\u015fleminden Sonra Al\u0131nacakt\u0131r.<\/span><\/li>\n<li style=\"font-weight: 400;\"><span style=\"font-weight: 400;\">\u00c7ocuklara bir yeti\u015fkin e\u015flik etmelidir.<\/span><\/li>\n<li style=\"font-weight: 400;\"><span style=\"font-weight: 400;\"> Tekerlekli sandalye eri\u015fimine uygun de\u011fil <\/span><\/li>\n<li style=\"font-weight: 400;\"><span style=\"font-weight: 400;\">Bebekler kuca\u011fa oturmal\u0131 <\/span><\/li>\n<li style=\"font-weight: 400;\"><span style=\"font-weight: 400;\">S\u0131rt sorunu olan gezginler i\u00e7in \u00f6nerilmez<\/span><\/li>\n<li style=\"font-weight: 400;\"><span style=\"font-weight: 400;\">Hamile gezginler i\u00e7in \u00f6nerilmez <\/span><\/li>\n<li style=\"font-weight: 400;\"><span style=\"font-weight: 400;\"> Kalp problemi veya di\u011fer ciddi t\u0131bbi durumlar yok <\/span><\/li>\n<li style=\"font-weight: 400;\"><span style=\"font-weight: 400;\">\u00c7o\u011fu gezgin kat\u0131labilir<\/span><\/li>\n<\/ol>\n<h4><b><i>\u0130ptal politikas\u0131<\/i><\/b><\/h4>\n<p>Tam para iadesi i\u00e7in l\u00fctfen \u0130ptal politikalar\u0131m\u0131z\u0131 okuyun\u00a0<a href=\"https:\/\/www.boattoursamana.com\/tr\/cevrimici-rezervasyon\/\" target=\"_blank\" rel=\"noopener\" data-saferedirecturl=\"https:\/\/www.google.com\/url?q=https:\/\/www.boattoursamana.com\/online-booking\/&amp;source=gmail&amp;ust=1672449202351000&amp;usg=AOvVaw1yAeVAPktmaVCqDujgUn90\">Buraya T\u0131kla<\/a>. Seyahatle ayn\u0131 g\u00fcn rezervasyon iptal edilirse para kaybedilecektir.<\/p>\n\n\t\t<\/div>\n\t<\/div>\n<div class=\"vc_empty_space\"   style=\"height: 32px\"><span class=\"vc_empty_space_inner\"><\/span><\/div><div class=\"vc_btn3-container vc_btn3-inline\" ><a class=\"vc_general vc_btn3 vc_btn3-size-md vc_btn3-shape-rounded vc_btn3-style-modern vc_btn3-color-green\" href=\"https:\/\/bookingadventures.tours\/booking.php?tour_id=7d51c901332affeec66cbebebfdbc9f7\" title=\"\" rel=\"noopener\">REZERVASYON YAP<\/a><\/div><div class=\"vc_empty_space\"   style=\"height: 32px\"><span class=\"vc_empty_space_inner\"><\/span><\/div><div class=\"woocommerce columns-4\"><ul class=\"products columns-4\">\n<li class=\"product type-product post-8855 status-publish first instock product_cat-kayaking product_cat-1-sabana-de-la-mar product_cat-kayaking-los-haitises product_cat-tours-excursions-los-haitises-national-park product_cat-tours-excursions-samana-bay-dominican-republic product_tag-cano-hondo product_tag-cano-hondo-hotel product_tag-day-tour-cano-hondo product_tag-kayak-dominican-republic product_tag-kayaking-dominican-republic product_tag-kayaking-los-haitises product_tag-kayaks product_tag-los-haitises product_tag-los-haitises-national-park product_tag-los-haitises-tours product_tag-private-tours-samana product_tag-sabana-de-la-mar product_tag-samana-bay product_tag-samana-excursions has-post-thumbnail sale sold-individually shipping-taxable product-type-external\">\n\t<div class=\"mkdf-pl-inner\"><div class=\"mkdf-pl-image\"><div class=\"mkdf-pl-text\"><div class=\"mkdf-pl-text-outer\"><div class=\"mkdf-pl-text-inner\"><a href=\"https:\/\/bookingadventures.tours\/booking.php?tour_id=a9cb493d865c3629426ab07d6bacff97\" data-quantity=\"1\" class=\"button wp-element-button product_type_external\" data-product_id=\"8855\" data-product_sku=\"\" aria-label=\"REZERVASYON YAP\" rel=\"nofollow noopener\">REZERVASYON YAP<\/a><\/div><\/div><\/div><\/div><a href=\"https:\/\/www.boattoursamana.com\/tr\/tur\/kano-hondodan-tur-rehberiyle-los-haitiseste-4-saatlik-kano-gezisi\" class=\"woocommerce-LoopProduct-link woocommerce-loop-product__link\"><\/a><\/div><div class=\"mkdf-pl-text-wrapper\"><div class=\"mkdf-pl-rating-holder\"><\/div><h4 class=\"mkdf-product-list-title\"><a href=\"https:\/\/www.boattoursamana.com\/tr\/tur\/kano-hondodan-tur-rehberiyle-los-haitiseste-4-saatlik-kano-gezisi\">4 Saat Kay\u0131k Los Haitises<\/a><\/h4>\n\t<span class=\"price\"><del aria-hidden=\"true\"><span class=\"woocommerce-Price-amount amount\"><bdi><span class=\"woocommerce-Price-currencySymbol\">&#36;<\/span>70.00<\/bdi><\/span><\/del> <ins><span class=\"woocommerce-Price-amount amount\"><bdi><span class=\"woocommerce-Price-currencySymbol\">&#36;<\/span>53.50<\/bdi><\/span><\/ins><\/span>\n<\/div><\/li><li class=\"product type-product post-9807 status-publish instock product_cat-day-trips product_cat-1-sabana-de-la-mar product_cat-hiking product_cat-hiking-los-haitises product_cat-kayaking-los-haitises product_cat-tours-excursions-los-haitises-national-park product_cat-tours-excursions-samana-bay-dominican-republic product_tag-cano-hondo-sabana-de-la-mar product_tag-caves-los-haitises product_tag-eco-tours product_tag-excursion product_tag-hike-kayak product_tag-hike-kayak-los-haitises-national-park product_tag-hiking-los-haitises product_tag-hiking-sabana-de-la-mar product_tag-hiking-samana product_tag-kayak-tour product_tag-kayaking product_tag-kayaking-los-haitises product_tag-los-haitises-national-park product_tag-los-haitises-national-park-entrance-fee product_tag-los-haitises-national-park-tour-from-las-terrenas product_tag-los-haitises-national-park-tour-from-santo-domingo product_tag-los-haitises-national-park-weather product_tag-los-haitises-sabana-de-la-mar product_tag-sabana-de-la-mar product_tag-sabana-de-la-mar-tour product_tag-samana-excursions product_tag-samana-tours product_tag-secrets-of-los-haitises has-post-thumbnail sale sold-individually shipping-taxable product-type-external\">\n\t<div class=\"mkdf-pl-inner\"><div class=\"mkdf-pl-image\"><div class=\"mkdf-pl-text\"><div class=\"mkdf-pl-text-outer\"><div class=\"mkdf-pl-text-inner\"><a href=\"https:\/\/bookingadventures.tours\/booking.php?tour_id=214ab2ed515734864898e23b426328be\" data-quantity=\"1\" class=\"button wp-element-button product_type_external\" data-product_id=\"9807\" data-product_sku=\"\" aria-label=\"REZERVASYON YAP\" rel=\"nofollow noopener\">REZERVASYON YAP<\/a><\/div><\/div><\/div><\/div><a href=\"https:\/\/www.boattoursamana.com\/tr\/tur\/yuruyus-kayik-los-haitises-milli-park\" class=\"woocommerce-LoopProduct-link woocommerce-loop-product__link\"><\/a><\/div><div class=\"mkdf-pl-text-wrapper\"><h4 class=\"mkdf-product-list-title\"><a href=\"https:\/\/www.boattoursamana.com\/tr\/tur\/yuruyus-kayik-los-haitises-milli-park\">Y\u00fcr\u00fcy\u00fc\u015f + Kay\u0131k Los Haitises<\/a><\/h4>\n\t<span class=\"price\"><del aria-hidden=\"true\"><span class=\"woocommerce-Price-amount amount\"><bdi><span class=\"woocommerce-Price-currencySymbol\">&#36;<\/span>75.00<\/bdi><\/span><\/del> <ins><span class=\"woocommerce-Price-amount amount\"><bdi><span class=\"woocommerce-Price-currencySymbol\">&#36;<\/span>67.00<\/bdi><\/span><\/ins><\/span>\n<\/div><\/li><li class=\"product type-product post-8857 status-publish instock product_cat-tours-excursions-los-haitises-national-park product_cat-1-samana product_cat-boat-trip-los-haitises product_cat-tours-excursions-samana-bay-dominican-republic product_tag-bacardi-island product_tag-bacardi-island-tours product_tag-birdwatching product_tag-boat-tour product_tag-caves-los-haitises product_tag-cayo-levantado product_tag-cayo-levantado-tour product_tag-eco-tours product_tag-excursiones-a-los-haitises-y-cayo-levantado product_tag-haitises-park-and-cayo-levantado-island product_tag-los-haitises product_tag-los-haitises-and-cayo-levantado product_tag-los-haitises-excursiones product_tag-los-haitises-excursions product_tag-los-haitises-mapa product_tag-los-haitises-mas-cayo-levantado product_tag-los-haitises-national-park product_tag-los-haitises-national-park-map product_tag-los-haitises-national-park-mas-cayo-levantado product_tag-los-haitises-national-park-tour-from-las-terrenas product_tag-los-haitises-national-park-tour-from-samana-port-bacardi-island-cayo-levantado product_tag-los-haitises-national-park-tour-from-santo-domingo product_tag-los-haitises-park-tour-cayo-levantado-island product_tag-los-haitises-samana product_tag-los-haitises-y-cayo-levantado product_tag-sabana-de-la-mar product_tag-samana product_tag-samana-excursions product_tag-samana-tours product_tag-tour-los-haitises-national-park-cayo-levantado has-post-thumbnail sale sold-individually shipping-taxable product-type-external\">\n\t<div class=\"mkdf-pl-inner\"><div class=\"mkdf-pl-image\"><div class=\"mkdf-pl-text\"><div class=\"mkdf-pl-text-outer\"><div class=\"mkdf-pl-text-inner\"><a href=\"https:\/\/bookingadventures.tours\/booking.php?tour_id=cd01687b47db9fe0c95acae017fc39c6\" data-quantity=\"1\" class=\"button wp-element-button product_type_external\" data-product_id=\"8857\" data-product_sku=\"\" aria-label=\"REZERVASYON YAP\" rel=\"nofollow noopener\">REZERVASYON YAP<\/a><\/div><\/div><\/div><\/div><a href=\"https:\/\/www.boattoursamana.com\/tr\/tur\/samana-port-bacardi-adasi-cayo-levantadodan-los-haitises-milli-park-turu-2\" class=\"woocommerce-LoopProduct-link woocommerce-loop-product__link\"><\/a><\/div><div class=\"mkdf-pl-text-wrapper\"><div class=\"mkdf-pl-rating-holder\"><\/div><h4 class=\"mkdf-product-list-title\"><a href=\"https:\/\/www.boattoursamana.com\/tr\/tur\/samana-port-bacardi-adasi-cayo-levantadodan-los-haitises-milli-park-turu-2\">Saman\u00e1 Liman\u0131 + Bacardi Adas\u0131&#039;ndan (Cayo Levantado) Los Haitises Ulusal Park\u0131 Turu<\/a><\/h4>\n\t<span class=\"price\"><del aria-hidden=\"true\"><span class=\"woocommerce-Price-amount amount\"><bdi><span class=\"woocommerce-Price-currencySymbol\">&#36;<\/span>90.00<\/bdi><\/span><\/del> <ins><span class=\"woocommerce-Price-amount amount\"><bdi><span class=\"woocommerce-Price-currencySymbol\">&#36;<\/span>60.00<\/bdi><\/span><\/ins><\/span>\n<\/div><\/li><li class=\"product type-product post-11569 status-publish last instock product_cat-tours-excursions-samana-bay-dominican-republic product_cat-1-sabana-de-la-mar product_cat-1-samana product_tag-bacardi-island product_tag-cayo-levantado-day-pass product_tag-kayaking-dominican-republic product_tag-private-tours-samana product_tag-samana-tours product_tag-samana-whale-watching product_tag-snorkeling product_tag-whale-samana has-post-thumbnail sale sold-individually shipping-taxable product-type-external\">\n\t<div class=\"mkdf-pl-inner\"><div class=\"mkdf-pl-image\"><div class=\"mkdf-pl-text\"><div class=\"mkdf-pl-text-outer\"><div class=\"mkdf-pl-text-inner\"><a href=\"https:\/\/bookingadventures.tours\/booking.php?tour_id=1f8a301f1dc36a0236b212940f3c840c\" data-quantity=\"1\" class=\"button wp-element-button product_type_external\" data-product_id=\"11569\" data-product_sku=\"\" aria-label=\"REZERVASYON YAP\" rel=\"nofollow noopener\">REZERVASYON YAP<\/a><\/div><\/div><\/div><\/div><a href=\"https:\/\/www.boattoursamana.com\/tr\/tur\/cayo-levantado-adasinda-ogle-ile-ozel-kano-snorkel\" class=\"woocommerce-LoopProduct-link woocommerce-loop-product__link\"><\/a><\/div><div class=\"mkdf-pl-text-wrapper\"><h4 class=\"mkdf-product-list-title\"><a href=\"https:\/\/www.boattoursamana.com\/tr\/tur\/cayo-levantado-adasinda-ogle-ile-ozel-kano-snorkel\">Samana: Cayo Levantado ve Kano + \u015enorkelli Dal\u0131\u015f<\/a><\/h4>\n\t<span class=\"price\"><del aria-hidden=\"true\"><span class=\"woocommerce-Price-amount amount\"><bdi><span class=\"woocommerce-Price-currencySymbol\">&#36;<\/span>87.00<\/bdi><\/span><\/del> <ins><span class=\"woocommerce-Price-amount amount\"><bdi><span class=\"woocommerce-Price-currencySymbol\">&#36;<\/span>75.00<\/bdi><\/span><\/ins><\/span>\n<\/div><\/li><\/ul>\n<\/div><\/div><\/div><\/div><\/div><div class=\"vc_row wpb_row vc_row-fluid\" ><div class=\"wpb_column vc_column_container vc_col-sm-12\"><div class=\"vc_column-inner\"><div class=\"wpb_wrapper\">\n\t<div class=\"wpb_video_widget wpb_content_element vc_clearfix   vc_video-aspect-ratio-169 vc_video-el-width-100 vc_video-align-left\" >\n\t\t<div class=\"wpb_wrapper\">\n\t\t\t<h2 class=\"wpb_heading wpb_video_heading\">LOs Haitises Kayaklar\u0131<\/h2>\n\t\t\t<div class=\"wpb_video_wrapper\"><iframe loading=\"lazy\" title=\"Los Haitises Ulusal Park\u0131, Dominik Cumhuriyeti&#039;nde Kano ve Ma\u011farac\u0131l\u0131k Turu\" width=\"1100\" height=\"619\" src=\"https:\/\/www.youtube.com\/embed\/ucU1uwB57wQ?feature=oembed\" frameborder=\"0\" allow=\"accelerometer; autoplay; clipboard-write; encrypted-media; gyroscope; picture-in-picture; web-share\" allowfullscreen><\/iframe><\/div>\n\t\t<\/div>\n\t<\/div>\n<\/div><\/div><\/div><\/div><div class=\"vc_row wpb_row vc_row-fluid\" ><\/div><div class=\"wpb_column vc_column_container vc_col-sm-12\"><div class=\"vc_column-inner\"><div class=\"wpb_wrapper\"><\/div><\/div><\/div><div class=\"vc_empty_space\"   style=\"height: 32px\"><span class=\"vc_empty_space_inner\"><\/span><\/div>","protected":false},"excerpt":{"rendered":"<p>Ak\u015fam Yeme\u011fi ve Kahvalt\u0131 dahil art\u0131 do\u011fal havuzlu OTEL. Sabana de la Mar&#039;dan yerel bir tur rehberi e\u015fli\u011finde Los Haitises Milli Park\u0131&#039;nda 3 saatlik y\u00fcr\u00fcy\u00fc\u015f ve mangrov kanosu. Ya\u011fmur orman\u0131, Hindistan cevizi, Kahve ve Kakao b\u00f6lgelerini ziyaret etmek. Milli park \u00e7evresinde kano yapt\u0131ktan sonra Los Haitises Milli Park\u0131&#039;n\u0131n orijinal tarihi hakk\u0131nda bilgi edinmek.<\/p>\n<p><em><strong>Yolculuk tarihini se\u00e7in:<\/strong><\/em><\/p>","protected":false},"featured_media":13212,"template":"","meta":[],"product_cat":[456,946,927,934,931],"product_tag":[422,268,174,173,577,576,571,570,569,317,316,206,209,575,441,574,572,499,175,498,200,187,573],"class_list":["post-11589","product","type-product","status-publish","has-post-thumbnail","hentry","product_cat-day-trips","product_cat-1-sabana-de-la-mar","product_cat-hiking-los-haitises","product_cat-kayaking-los-haitises","product_cat-overnight-los-haitises","product_tag-cano-hondo-sabana-de-la-mar","product_tag-caves-los-haitises","product_tag-eco-tours","product_tag-excursion","product_tag-hike-kayak","product_tag-hike-kayak-los-haitises-national-park","product_tag-hiking-los-haitises","product_tag-hiking-sabana-de-la-mar","product_tag-hiking-samana","product_tag-kayak-tour","product_tag-kayaking","product_tag-kayaking-los-haitises","product_tag-los-haitises-national-park","product_tag-los-haitises-national-park-entrance-fee","product_tag-los-haitises-national-park-tour-from-las-terrenas","product_tag-los-haitises-national-park-tour-from-santo-domingo","product_tag-los-haitises-national-park-weather","product_tag-los-haitises-sabana-de-la-mar","product_tag-sabana-de-la-mar","product_tag-sabana-de-la-mar-tour","product_tag-samana-excursions","product_tag-samana-tours","product_tag-secrets-of-los-haitises"],"_links":{"self":[{"href":"https:\/\/www.boattoursamana.com\/tr\/wp-json\/wp\/v2\/product\/11589","targetHints":{"allow":["GET"]}}],"collection":[{"href":"https:\/\/www.boattoursamana.com\/tr\/wp-json\/wp\/v2\/product"}],"about":[{"href":"https:\/\/www.boattoursamana.com\/tr\/wp-json\/wp\/v2\/types\/product"}],"wp:featuredmedia":[{"embeddable":true,"href":"https:\/\/www.boattoursamana.com\/tr\/wp-json\/wp\/v2\/media\/13212"}],"wp:attachment":[{"href":"https:\/\/www.boattoursamana.com\/tr\/wp-json\/wp\/v2\/media?parent=11589"}],"wp:term":[{"taxonomy":"product_cat","embeddable":true,"href":"https:\/\/www.boattoursamana.com\/tr\/wp-json\/wp\/v2\/product_cat?post=11589"},{"taxonomy":"product_tag","embeddable":true,"href":"https:\/\/www.boattoursamana.com\/tr\/wp-json\/wp\/v2\/product_tag?post=11589"}],"curies":[{"name":"wp","href":"https:\/\/api.w.org\/{rel}","templated":true}]}}