{"id":11750,"date":"2020-12-03T12:24:44","date_gmt":"2020-12-03T12:24:44","guid":{"rendered":"https:\/\/www.ticketswhales.com\/?post_type=product&#038;p=11750"},"modified":"2023-11-07T21:25:16","modified_gmt":"2023-11-07T21:25:16","slug":"bahia-de-las-aguilas-beach-day-trip-by-boat-day-pass-pedernales","status":"publish","type":"product","link":"https:\/\/www.boattoursamana.com\/tr\/tur\/bahia-de-las-aguilas-plaj-gunluk-gezi-tekne-gunluk-gecis-pedernales-2","title":{"rendered":"Bah\u00eda de las Aguilas: Tekneyle G\u00fcn\u00fcbirlik Plaj Gezisi - G\u00fcnl\u00fck Ge\u00e7i\u015f - Pedernales"},"content":{"rendered":"<div class=\"vc_row wpb_row vc_row-fluid\" ><div class=\"wpb_column vc_column_container vc_col-sm-12\"><div class=\"vc_column-inner\"><div class=\"wpb_wrapper\"><div class=\"vc_btn3-container vc_btn3-inline\" ><button class=\"vc_general vc_btn3 vc_btn3-size-md vc_btn3-shape-rounded vc_btn3-style-modern vc_btn3-color-green\">REZERVASYON YAP<\/button><\/div><div class=\"mkdf-section-title-holder\" style=\"text-align: left\">\n\t<div class=\"mkdf-st-inner\">\n\t\t\t\t\t<h5 class=\"mkdf-st-subtitle\" >\n\t\t\t\tG\u00fcnl\u00fck Kart - \u015enorkelli Dal\u0131\u015f ve \u00d6\u011fle Yeme\u011fi\t\t\t<\/h5>\n\t\t\t\t\t\t\t<h3 class=\"mkdf-st-title\" >\n\t\t\t\tBah\u00eda de las Aguilas: Tekneyle G\u00fcn\u00fcbirlik Plaj Gezisi\t\t\t<\/h3>\n\t\t\t\t\t<\/div>\n<\/div><\/div><\/div><\/div><\/div><div class=\"vc_row wpb_row vc_row-fluid\" ><div class=\"wpb_column vc_column_container vc_col-sm-12\"><div class=\"vc_column-inner\"><div class=\"wpb_wrapper\">\n\t<div class=\"wpb_text_column wpb_content_element\" >\n\t\t<div class=\"wpb_wrapper\">\n\t\t\t<h4><b><i>genel bak\u0131\u015f<\/i><\/b><\/h4>\n<p>Turistik b\u00f6lgelerden ve t\u00fcm stresten uzakta, plajda bir g\u00fcn ge\u00e7irin ve keyfinize bak\u0131n. Gelin ve Jaragua Milli Park\u0131 ile Bahia de las \u00c1guilas&#039;\u0131 ke\u015ffedin. K\u00fc\u00e7\u00fck liman\u0131n ve bal\u0131k\u00e7\u0131 k\u00f6y\u00fc Cabo Rojo&#039;nun nefes kesen manzaras\u0131na sahip g\u00fczel bir yolda ilerleyin. Las Cuevas&#039;ta, sizi d\u00fcnyan\u0131n en g\u00fczel do\u011fal plajlar\u0131ndan birine 15 dakikal\u0131k bir yolculukla g\u00f6t\u00fcren bir tekneye binersiniz. Bah\u00eda de las Aguilas&#039;\u0131n kumlar\u0131 bakirdir ve k\u00f6rfez 8 km&#039;lik bir alan\u0131 kaplar. Turkuazdan opal mavisine uzanan tonlarda ufka do\u011fru eriyen kristal berrakl\u0131\u011f\u0131nda su ile ola\u011fan\u00fcst\u00fc bir k\u0131y\u0131 manzaras\u0131n\u0131 deneyimleyin. \u00d6\u011fle yeme\u011fi plajda servis edilir, y\u00fczmeye veya \u015fnorkelli y\u00fczmeye gidin ve bu el de\u011fmemi\u015f do\u011fal cenneti ke\u015ffedin.<\/p>\n<p>&nbsp;<\/p>\n<ul>\n<li>B\u00f6lgede G\u00fcvenlik deneyimine sahip Yerel Rehber.<\/li>\n<li>\u00f6zel ula\u015f\u0131m<\/li>\n<li>\u00dccretler dahil<\/li>\n<li>\u00d6\u011fle yeme\u011fi<\/li>\n<li>\u0130spanyolca, \u0130ngilizce veya Frans\u0131zca Yerel Tur Rehberi.<\/li>\n<li>Do\u011fa y\u00fcr\u00fcy\u00fc\u015f\u00fc<\/li>\n<li>\u015fnorkel<\/li>\n<\/ul>\n<h4><b>Dahil Edilenler ve Hari\u00e7 Tutulanlar<\/b><\/h4>\n<p>&nbsp;<\/p>\n<p><b>Dahil olanlar<\/b><\/p>\n<ol>\n<li>B\u00f6lgede G\u00fcvenlik deneyimine sahip Yerel Rehber.<\/li>\n<li>K\u00fc\u00e7\u00fck gruplar i\u00e7in \u00f6zel ula\u015f\u0131m<\/li>\n<li>T\u00fcm vergiler, \u00fccretler ve i\u015flem \u00fccretleri<\/li>\n<li>Yerel vergiler<\/li>\n<li>\u00d6\u011fle yeme\u011fi<\/li>\n<li>Do\u011fa y\u00fcr\u00fcy\u00fc\u015f\u00fc<\/li>\n<li>Do\u011fal Havuzlar<\/li>\n<li>\u015fnorkel<\/li>\n<li>T\u00fcm aktiviteler<\/li>\n<\/ol>\n<p><b>\u0130stisnalar<\/b><\/p>\n<ol>\n<li>Bah\u015fi\u015fler<\/li>\n<li>T\u00fcm \u0130\u00e7ecekler<\/li>\n<\/ol>\n<h4><em><strong>Gidi\u015f &amp; D\u00f6n\u00fc\u015f<\/strong><\/em><\/h4>\n<p>Gezgin, Rezervasyon \u0130\u015fleminden sonra bir bulu\u015fma noktas\u0131 alacakt\u0131r. Turlar bulu\u015fma noktalar\u0131n\u0131zda ba\u015flar ve biter.<\/p>\n<h2 class=\"styles__heading___mD4_3\" data-radium=\"true\">Bah\u00eda de las Aguilas: Tekneyle G\u00fcn\u00fcbirlik Plaj Gezisi - G\u00fcnl\u00fck Kart - \u015enorkelle Dalma ve \u00d6\u011fle Yeme\u011fi<\/h2>\n<h4><em>Ne bekleyebilece\u011finizi?<\/em><\/h4>\n<p>Playa de las Aguilas, ad\u0131n\u0131 yerli kartaldan alm\u0131\u015ft\u0131r. Tur, bu afrodizyak plaj\u0131n do\u011fal harikalar\u0131n\u0131 \u00e7ok farkl\u0131 ve s\u00fcrd\u00fcr\u00fclebilir bir \u015fekilde ke\u015ffetmenize olanak tan\u0131yan Bahia de las Aguilas&#039;tan \u00f6zel ula\u015f\u0131mla yap\u0131l\u0131r. G\u00fcn\u00fc, Dominik Cumhuriyeti&#039;nin en g\u00fczel plajlar\u0131ndan biri olan Bahia de las Aguila&#039;y\u0131 tan\u0131yaca\u011f\u0131n\u0131z \u00fclkenin g\u00fcneyindeki bir do\u011fa turunda ge\u00e7irin. tamamen \u00e7evre kanunu ile korunmaktad\u0131r. Iss\u0131z bir do\u011fa koruma alan\u0131 ve milli park olan Bahia de las Aguilas&#039;ta dinlendirici bir zaman ge\u00e7irin ve ma\u011faralarda barbek\u00fc tarz\u0131 bir \u00f6\u011fle yeme\u011finin tad\u0131n\u0131 \u00e7\u0131kar\u0131n.<\/p>\n<p>Sakin deniz ve hafif r\u00fczgar sizi g\u00fcne\u015ften ve s\u0131caktan \u00e7ok fazla rahats\u0131z etmekten koruyacakt\u0131r. G\u00fcnl\u00fck bir ka\u015fif olun ve ekolojik, do\u011fal ve tamamen bozulmam\u0131\u015f bir cenneti ke\u015ffedin. 76&#039;s\u0131 s\u00fcrekli olarak koyda ya\u015fayan, 10&#039;u endemik ve 47&#039;si g\u00f6\u00e7men olmak \u00fczere 130&#039;dan fazla ku\u015f t\u00fcr\u00fcn\u00fc g\u00f6zlemleyebilirsiniz.<\/p>\n<p>08.30 \u2013 Bulu\u015fma Noktas\u0131ndan Hareket<br \/>\n08.45 \u2013 La Cueva k\u00f6y\u00fcnden tekneyle Bahia de las Aguilas&#039;a hareket<br \/>\n12.30 \u2013 Sahilde tipik bir \u00f6\u011fle yeme\u011fi<br \/>\n03.00 \u2013 La Cueva&#039;ya d\u00f6n\u00fc\u015f<br \/>\n05.30 \u2013 Bulu\u015fma Noktas\u0131na Var\u0131\u015f<\/p>\n<h4><em><strong>Ne getirmelisin?<\/strong><\/em><\/h4>\n<ul>\n<li>Kamera<\/li>\n<li>Kovucu tomurcuklar<\/li>\n<li>G\u00fcne\u015f kremi<\/li>\n<li>su<\/li>\n<li>\u015eapka<\/li>\n<li>rahat pantolon<\/li>\n<li>Orman i\u00e7in y\u00fcr\u00fcy\u00fc\u015f ayakkab\u0131s\u0131<\/li>\n<li>Bahar b\u00f6lgelerine sandalet.<\/li>\n<li>Y\u00fczme giysileri<\/li>\n<\/ul>\n<p>&nbsp;<\/p>\n<h4><b><i>otelden alma<\/i><\/b><\/h4>\n<p>Ekstra Maliyetli bu tur i\u00e7in otelden alma sunulmaktad\u0131r.<\/p>\n<p><b>Not:<\/b> Tur\/Gezi hareket saatinden sonraki 24 saat i\u00e7inde rezervasyon yap\u0131yorsan\u0131z, otelden alma ayarlayabiliriz. Sadece Pedernales b\u00f6lgesinden al\u0131yoruz. Sat\u0131n alma i\u015fleminiz tamamland\u0131\u011f\u0131nda, teslim alma d\u00fczenlemelerini organize etmesi i\u00e7in size yerel Tur rehberimizin eksiksiz ileti\u015fim bilgilerini (telefon numaras\u0131, e-posta adresi vb.) g\u00f6nderece\u011fiz.<\/p>\n<h4><b><i>Ek Bilgi Onay\u0131<\/i><\/b><\/h4>\n<ol>\n<li>Biletler, bu Tur i\u00e7in \u00f6deme yap\u0131ld\u0131ktan sonra Makbuzdur. \u00d6demeyi telefonunuzda g\u00f6sterebilirsiniz.<\/li>\n<li>Bulu\u015fma Noktas\u0131 Rezervasyon \u0130\u015fleminden Sonra Al\u0131nacakt\u0131r.<\/li>\n<li>\u00c7ocuklara bir yeti\u015fkin e\u015flik etmelidir.<\/li>\n<li>Tekerlekli sandalye eri\u015fimine uygun de\u011fil<\/li>\n<li>Bebekler kuca\u011fa oturmal\u0131<\/li>\n<li>S\u0131rt sorunu olan gezginler i\u00e7in \u00f6nerilmez<\/li>\n<li>Hamile gezginler i\u00e7in \u00f6nerilmez<\/li>\n<li>Kalp problemi veya di\u011fer ciddi t\u0131bbi durumlar yok<\/li>\n<li>\u00c7o\u011fu gezgin kat\u0131labilir<\/li>\n<\/ol>\n<h4><b><i>\u0130ptal politikas\u0131<\/i><\/b><\/h4>\n<p>Tam para iadesi i\u00e7in l\u00fctfen \u0130ptal politikalar\u0131m\u0131z\u0131 okuyun\u00a0<a href=\"https:\/\/www.boattoursamana.com\/tr\/cevrimici-rezervasyon\/\" target=\"_blank\" rel=\"noopener\" data-saferedirecturl=\"https:\/\/www.google.com\/url?q=https:\/\/www.boattoursamana.com\/online-booking\/&amp;source=gmail&amp;ust=1672449202351000&amp;usg=AOvVaw1yAeVAPktmaVCqDujgUn90\">Buraya T\u0131kla<\/a>. Seyahatle ayn\u0131 g\u00fcn rezervasyon iptal edilirse para kaybedilecektir.<\/p>\n\n\t\t<\/div>\n\t<\/div>\n<\/div><\/div><\/div><\/div><div class=\"vc_row wpb_row vc_row-fluid\" ><div class=\"wpb_column vc_column_container vc_col-sm-12\"><div class=\"vc_column-inner\"><div class=\"wpb_wrapper\"><div class=\"vc_btn3-container vc_btn3-inline\" ><button class=\"vc_general vc_btn3 vc_btn3-size-md vc_btn3-shape-rounded vc_btn3-style-modern vc_btn3-color-green\">REZERVASYON YAP<\/button><\/div><\/div><\/div><\/div><\/div>","protected":false},"excerpt":{"rendered":"<p><span style=\"vertical-align: inherit;\"><span style=\"vertical-align: inherit;\">Pedernales b\u00f6lgelerinden Bahia las Aguilas&#039;a g\u00fcnl\u00fck bilet sat\u0131n al\u0131n. Plajda bir g\u00fcn ge\u00e7irin ve turistik b\u00f6lgelerden ve t\u00fcm stresten uzakla\u015farak ruhunuzun akmas\u0131na izin verin. Gelin ve Jaragua Milli Park\u0131&#039;n\u0131 ve Bah\u00eda de las \u00c1guilas&#039;\u0131 ke\u015ffedin. K\u00fc\u00e7\u00fck liman\u0131n ve bal\u0131k\u00e7\u0131 k\u00f6y\u00fc Cabo Rojo&#039;nun muhte\u015fem manzaras\u0131na sahip g\u00fczel bir yol boyunca ilerleyin. Las Cuevas&#039;ta sizi 15 dakikal\u0131k bir yolculukla d\u00fcnyan\u0131n en g\u00fczel do\u011fal plajlar\u0131ndan birine g\u00f6t\u00fcrecek bir tekneye bineceksiniz. Kartallar K\u00f6rfezi&#039;nin kumlar\u0131 bozulmam\u0131\u015ft\u0131r ve koy 8 km&#039;lik bir alan\u0131 kaplamaktad\u0131r.<\/span><\/span><\/p>\n<p>Ufukta eriyen turkuazdan opal maviye kadar de\u011fi\u015fen tonlarda par\u0131ldayan kristal berrakl\u0131\u011f\u0131ndaki sularla ola\u011fan\u00fcst\u00fc bir k\u0131y\u0131 manzaras\u0131n\u0131 deneyimleyin. \u00d6\u011fle yeme\u011fi sahilde servis edilir, y\u00fcz\u00fcn veya \u015fnorkel yap\u0131n ve bu bozulmam\u0131\u015f do\u011fal cenneti ke\u015ffedin.<\/p>\n<p><em><strong>Bu gezi i\u00e7in g\u00fcn\u00fc se\u00e7in:<\/strong><\/em><\/p>","protected":false},"featured_media":9739,"template":"","meta":[],"product_cat":[549,160],"product_tag":[557,554,555,563,560,556,564,559,553,567,566,561,565,558,562],"class_list":["post-11750","product","type-product","status-publish","has-post-thumbnail","hentry","product_cat-bahia-de-las-aguilas-dominican-republic","product_cat-lunch","product_tag-bahia-de-las-aguilas","product_tag-bahia-de-las-aguilas-pedernales","product_tag-bahia-de-las-aguilas-beach-tour","product_tag-bahia-de-las-aguilas-hoteles","product_tag-bahia-de-las-aguilas-map","product_tag-bahia-de-las-aguilas-private-tour","product_tag-bahia-de-las-aguilas-republica-dominicana-hotel","product_tag-bahia-de-las-aguilas-tour-from-punta-cana","product_tag-bahia-de-las-aguilas-beach-day-trip-by-boat","product_tag-bahia-las-aguilas-tours","product_tag-barahona-tours","product_tag-closest-airport-to-bahia-de-las-aguilas","product_tag-hotel-barahona","product_tag-playa-bahia-de-las-aguilas-dominican-republic","product_tag-tours-a-bahia-de-las-aguilas-desde-santo-domingo"],"_links":{"self":[{"href":"https:\/\/www.boattoursamana.com\/tr\/wp-json\/wp\/v2\/product\/11750","targetHints":{"allow":["GET"]}}],"collection":[{"href":"https:\/\/www.boattoursamana.com\/tr\/wp-json\/wp\/v2\/product"}],"about":[{"href":"https:\/\/www.boattoursamana.com\/tr\/wp-json\/wp\/v2\/types\/product"}],"wp:featuredmedia":[{"embeddable":true,"href":"https:\/\/www.boattoursamana.com\/tr\/wp-json\/wp\/v2\/media\/9739"}],"wp:attachment":[{"href":"https:\/\/www.boattoursamana.com\/tr\/wp-json\/wp\/v2\/media?parent=11750"}],"wp:term":[{"taxonomy":"product_cat","embeddable":true,"href":"https:\/\/www.boattoursamana.com\/tr\/wp-json\/wp\/v2\/product_cat?post=11750"},{"taxonomy":"product_tag","embeddable":true,"href":"https:\/\/www.boattoursamana.com\/tr\/wp-json\/wp\/v2\/product_tag?post=11750"}],"curies":[{"name":"wp","href":"https:\/\/api.w.org\/{rel}","templated":true}]}}