{"id":11778,"date":"2020-12-13T08:28:52","date_gmt":"2020-12-13T08:28:52","guid":{"rendered":"https:\/\/www.ticketswhales.com\/?post_type=product&#038;p=11778"},"modified":"2023-11-07T21:16:27","modified_gmt":"2023-11-07T21:16:27","slug":"hiking-trails-in-barahona-dominican-republic-cachote-mountains-tropical-fruits-swim","status":"publish","type":"product","link":"https:\/\/www.boattoursamana.com\/tr\/tur\/barahona-dominik-cumhuriyeti-cachote-daglari-tropikal-meyve-yuzme-in-yuruyus-parkurlari-2","title":{"rendered":"Barahona (Dominik Cumhuriyeti) \u015fehrindeki y\u00fcr\u00fcy\u00fc\u015f parkurlar\u0131. Cachote Da\u011flar\u0131, Tropikal Meyveler ve Y\u00fczme"},"content":{"rendered":"<div class=\"vc_row wpb_row vc_row-fluid\" ><div class=\"wpb_column vc_column_container vc_col-sm-12\"><div class=\"vc_column-inner\"><div class=\"wpb_wrapper\">\n\t<div class=\"wpb_text_column wpb_content_element\" >\n\t\t<div class=\"wpb_wrapper\">\n\t\t\t<p><span style=\"vertical-align: inherit;\"><span style=\"vertical-align: inherit;\"><\/p>\n\n\t\t<\/div>\n\t<\/div>\n<div class=\"vc_btn3-container vc_btn3-inline\" ><button class=\"vc_general vc_btn3 vc_btn3-size-md vc_btn3-shape-rounded vc_btn3-style-modern vc_btn3-color-green\">REZERVASYON YAP<\/button><\/div>\n\t<div class=\"wpb_text_column wpb_content_element\" >\n\t\t<div class=\"wpb_wrapper\">\n\t\t\t<p><\/span><\/span><\/p>\n<div class=\"vc_row wpb_row vc_row-fluid\">\n<div class=\"wpb_column vc_column_container vc_col-sm-12\">\n<div class=\"vc_column-inner\">\n<div class=\"wpb_wrapper\">\n<div class=\"mkdf-section-title-holder\">\n<div class=\"mkdf-st-inner\">\n<h5 class=\"mkdf-st-subtitle\">Cachote Da\u011flar\u0131, Tropikal Meyveler ve Y\u00fczme<\/h5>\n<h3 class=\"mkdf-st-title\">Barahona (Dominik Cumhuriyeti) b\u00f6lgesindeki y\u00fcr\u00fcy\u00fc\u015f parkurlar\u0131.<\/h3>\n<\/div>\n<\/div>\n<\/div>\n<\/div>\n<\/div>\n<\/div>\n<div class=\"vc_row wpb_row vc_row-fluid\">\n<div class=\"wpb_column vc_column_container vc_col-sm-12\">\n<div class=\"vc_column-inner\">\n<div class=\"wpb_wrapper\">\n<div class=\"wpb_text_column wpb_content_element\">\n<div class=\"wpb_wrapper\">\n<h4><b><i>genel bak\u0131\u015f<\/i><\/b><\/h4>\n<p>Barahona&#039;daki Cachote Da\u011flar\u0131&#039;nda y\u00fcr\u00fcy\u00fc\u015f yaparak ge\u00e7irece\u011finiz bir g\u00fcn\u00fcn tad\u0131n\u0131 \u00e7\u0131kar\u0131n. Paraiso Toplulu\u011fu&#039;ndan ba\u015flayarak. Kahve ekim alanlar\u0131n\u0131n \u00f6\u011frenilmesi. Do\u011fal kaynaklarda y\u00fczmek ve do\u011fal foto\u011fraflarla Dominik Cumhuriyeti&#039;nin en g\u00fczel plajlar\u0131ndan biri.<\/p>\n<h4><b>Dahil Edilenler ve Hari\u00e7 Tutulanlar<\/b><\/h4>\n<p>&nbsp;<\/p>\n<p><b>Dahil olanlar<\/b><\/p>\n<ol>\n<li>B\u00f6lgede G\u00fcvenlik deneyimine sahip Yerel Rehber.<\/li>\n<li>K\u00fc\u00e7\u00fck gruplar i\u00e7in \u00f6zel ula\u015f\u0131m<\/li>\n<li>T\u00fcm vergiler, \u00fccretler ve i\u015flem \u00fccretleri<\/li>\n<li>Otelinizden ara\u00e7la alma \/ ula\u015f\u0131m (Barahona \/ Para\u00edso \/ Los Patos b\u00f6lgesi)<\/li>\n<li>\u0130ngilizce veya Frans\u0131zca konu\u015fan yerel rehber<\/li>\n<li>Tipik \u00f6\u011fle yeme\u011fi (sandvi\u00e7 tipi) ve bir \u015fi\u015fe su<\/li>\n<li>Yerel vergiler<\/li>\n<li>Do\u011fa y\u00fcr\u00fcy\u00fc\u015f\u00fc<\/li>\n<li>Do\u011fal Havuzlar<\/li>\n<\/ol>\n<p><b>\u0130stisnalar<\/b><\/p>\n<ol>\n<li>Bah\u015fi\u015fler<\/li>\n<li>T\u00fcm \u0130\u00e7ecekler<\/li>\n<li>\u00d6zel olarak belirtilmeyen t\u00fcm hizmetler<\/li>\n<li>Ki\u015fisel harcamalar ve ipu\u00e7lar\u0131<\/li>\n<\/ol>\n<h4><em><strong>Gidi\u015f &amp; D\u00f6n\u00fc\u015f<\/strong><\/em><\/h4>\n<p>Gezgin, Rezervasyon \u0130\u015fleminden sonra bir bulu\u015fma noktas\u0131 alacakt\u0131r. Turlar bulu\u015fma noktalar\u0131n\u0131zda ba\u015flar ve biter.<\/p>\n<p>Zorluk: Orta-Zor<br \/>\nY\u00fcr\u00fcy\u00fc\u015f s\u00fcresi: 5-6 saat<br \/>\nY\u00fckseklik: 800 metre<br \/>\nOtelden Hareket: 08.00<br \/>\nOtele D\u00f6n\u00fc\u015f: 17.00<\/p>\n<h2 class=\"styles__heading___mD4_3\" data-radium=\"true\">Barahona (Dominik Cumhuriyeti) \u015fehrindeki y\u00fcr\u00fcy\u00fc\u015f parkurlar\u0131. Cachote Da\u011flar\u0131, Tropik Meyveler ve Y\u00fczme<\/h2>\n<h4><em>Ne bekleyebilece\u011finizi?<\/em><\/h4>\n<p>Bu y\u00fcr\u00fcy\u00fc\u015fe, tipik Karayip meyve ve sebzelerinin b\u00fcy\u00fck \u00fcretimi ile \u00fcnl\u00fc Ojeda kasabas\u0131nda ba\u015flayaca\u011f\u0131z. Yol boyunca avokado, portakal, greyfurt, limon, guava, mango, papaya, sapotes ve tar\u00e7\u0131n otu tadabiliriz!<\/p>\n<p>1.5 saatlik bir t\u0131rman\u0131\u015f\u0131n ard\u0131ndan Para\u00edso kasabas\u0131, Riosito ve y\u00fcksek Cachote da\u011flar\u0131 \u00fczerinden etkileyici bir manzaraya ula\u015faca\u011f\u0131z.<\/p>\n<p>\u00d6\u011fle yeme\u011fimizi yiyece\u011fimiz Barrio Nuevo kasabas\u0131na ula\u015fana kadar daha so\u011fuk ve daha nemli bir iklimde t\u0131rmanmaya devam edece\u011fiz.<\/p>\n<p>\u00d6\u011fleden sonra deniz seviyesinden 800 metre y\u00fckseklikte da\u011f\u0131n tepesindeki muhte\u015fem bir kahve \u00e7iftli\u011fini ge\u00e7ece\u011fiz. Daha sonra tropik ormanlarla \u00e7evrili g\u00fczel bir do\u011fal havuzda y\u0131kanabilece\u011fimiz Riosito ge\u00e7idine ula\u015fana kadar 1 saat a\u015fa\u011f\u0131 inece\u011fiz.<\/p>\n<p>Paraiso plaj\u0131nda g\u00fcn\u00fc banyo yaparak sonland\u0131rmak i\u00e7in Riosito vadisinde y\u00fcr\u00fcmeye devam edin.<\/p>\n<h4><em><strong>Ne getirmelisin?<\/strong><\/em><\/h4>\n<ul>\n<li>Kamera<\/li>\n<li>Kovucu tomurcuklar<\/li>\n<li>G\u00fcne\u015f kremi<\/li>\n<li>Tuvalet<\/li>\n<li>\u015eapka<\/li>\n<li>rahat pantolon<\/li>\n<li>Orman i\u00e7in y\u00fcr\u00fcy\u00fc\u015f ayakkab\u0131s\u0131<\/li>\n<li>Bahar b\u00f6lgelerine sandalet.<\/li>\n<li>Y\u00fczme giysileri<\/li>\n<\/ul>\n<p>&nbsp;<\/p>\n<h4><b><i>Otelden Alma<\/i><\/b><\/h4>\n<p>Bu tur i\u00e7in otelden alma hizmeti sunulmaktad\u0131r. Otelinizden alma\/ula\u015f\u0131m (Barahona\/Paraiso\/Los Patos b\u00f6lgesi).<\/p>\n<p><b>Not:<\/b>\u00a0Tur\/Gezi kalk\u0131\u015f saatinden sonraki 24 saat i\u00e7inde rezervasyon yapt\u0131r\u0131rsan\u0131z, otelden al\u0131nmay\u0131 ayarlayabiliriz. Sadece Barahona b\u00f6lgelerinden al\u0131yoruz. Sat\u0131n alma i\u015fleminiz tamamland\u0131\u011f\u0131nda, yerel Tur rehberimizin kar\u015f\u0131lama d\u00fczenlemelerini organize etmesi i\u00e7in size tam ileti\u015fim bilgilerini (telefon numaras\u0131, e-posta adresi vb.) g\u00f6nderece\u011fiz.<\/p>\n<h4><b><i>Ek Bilgi Onay\u0131<\/i><\/b><\/h4>\n<ol>\n<li>Biletler, bu Turu \u00f6dedikten sonra Makbuzdur. \u00d6demeyi telefonunuzda g\u00f6sterebilirsiniz.<\/li>\n<li>Rezervasyon \u0130\u015fleminden Sonra Bulu\u015fma Noktas\u0131 Al\u0131nacakt\u0131r.<\/li>\n<li>\u00c7ocuklara bir yeti\u015fkin e\u015flik etmelidir.<\/li>\n<li>Tekerlekli sandalye eri\u015fimine uygun de\u011fil<\/li>\n<li>Bebekler kuca\u011fa oturmal\u0131<\/li>\n<li>S\u0131rt sorunu olan gezginler i\u00e7in \u00f6nerilmez<\/li>\n<li>Hamile gezginler i\u00e7in \u00f6nerilmez<\/li>\n<li>Kalp problemi veya di\u011fer ciddi t\u0131bbi durumlar yok<\/li>\n<li>\u00c7o\u011fu gezgin kat\u0131labilir<\/li>\n<\/ol>\n<h4><b><i>\u0130ptal politikas\u0131<\/i><\/b><\/h4>\n<p>Tam para iadesi i\u00e7in deneyimin ba\u015flang\u0131\u00e7 tarihinden en az 72 saat \u00f6nce iptal edin. Rezervasyonun seyahatin ayn\u0131 g\u00fcn\u00fc iptal edilmesi durumunda para kayb\u0131 ya\u015fanacakt\u0131r.<\/p>\n<\/div>\n<\/div>\n<\/div>\n<\/div>\n<\/div>\n<\/div>\n\n\t\t<\/div>\n\t<\/div>\n<\/div><\/div><\/div><\/div><div class=\"wpb_column vc_column_container vc_col-sm-12\"><div class=\"vc_column-inner\"><div class=\"wpb_wrapper\"><\/div><\/div><\/div><div class=\"wpb_column vc_column_container vc_col-sm-12\"><div class=\"vc_column-inner\"><div class=\"wpb_wrapper\"><\/div><\/div><\/div>","protected":false},"excerpt":{"rendered":"<p>Barahona&#039;dan Bahia las Aguilas&#039;a G\u00fcnl\u00fck Ge\u00e7i\u015f Bileti sat\u0131n al\u0131n. Jaragua milli park\u0131ndan ge\u00e7erek bir teknenin sizi bekledi\u011fi Cabo Rojo&#039;ya do\u011fru yola \u00e7\u0131k\u0131n. Tekneyle yapaca\u011f\u0131n\u0131z 15 dakikal\u0131k yolculu\u011fun ard\u0131ndan \u00fclkenin en g\u00fczel plaj\u0131 olarak kabul edilen g\u00fczel ve izole Bah\u00eda de las \u00c1guilas&#039;a ula\u015facaks\u0131n\u0131z. \u00d6\u011fle yeme\u011fi plajda servis edilecektir ve y\u00fczmeye gitme veya plajda dinlenme \u015fans\u0131n\u0131z olacakt\u0131r. Bu 8 km uzunlu\u011fundaki plaj\u0131n tertemiz beyaz kumlar\u0131n\u0131n keyfini \u00e7\u0131kar\u0131n.<\/p>\n<p>&nbsp;<\/p>\n<p><strong>Bu gezi i\u00e7in g\u00fcn\u00fc se\u00e7in:<\/strong><\/p>","protected":false},"featured_media":11651,"template":"","meta":[],"product_cat":[160,847],"product_tag":[850,566,849,848],"class_list":["post-11778","product","type-product","status-publish","has-post-thumbnail","hentry","product_cat-lunch","product_cat-barahona","product_tag-barahona-hiking","product_tag-barahona-tours","product_tag-cachote-tour","product_tag-paraiso-tour"],"_links":{"self":[{"href":"https:\/\/www.boattoursamana.com\/tr\/wp-json\/wp\/v2\/product\/11778","targetHints":{"allow":["GET"]}}],"collection":[{"href":"https:\/\/www.boattoursamana.com\/tr\/wp-json\/wp\/v2\/product"}],"about":[{"href":"https:\/\/www.boattoursamana.com\/tr\/wp-json\/wp\/v2\/types\/product"}],"wp:featuredmedia":[{"embeddable":true,"href":"https:\/\/www.boattoursamana.com\/tr\/wp-json\/wp\/v2\/media\/11651"}],"wp:attachment":[{"href":"https:\/\/www.boattoursamana.com\/tr\/wp-json\/wp\/v2\/media?parent=11778"}],"wp:term":[{"taxonomy":"product_cat","embeddable":true,"href":"https:\/\/www.boattoursamana.com\/tr\/wp-json\/wp\/v2\/product_cat?post=11778"},{"taxonomy":"product_tag","embeddable":true,"href":"https:\/\/www.boattoursamana.com\/tr\/wp-json\/wp\/v2\/product_tag?post=11778"}],"curies":[{"name":"wp","href":"https:\/\/api.w.org\/{rel}","templated":true}]}}