{"id":12004,"date":"2021-01-16T16:21:26","date_gmt":"2021-01-16T16:21:26","guid":{"rendered":"https:\/\/www.ticketswhales.com\/Tours-Excursions\/uncategorized\/import-placeholder-for-8658\/"},"modified":"2023-11-07T21:11:43","modified_gmt":"2023-11-07T21:11:43","slug":"excursion-whale-watching-cayo-levantado-from-cap-cana-private-tour","status":"publish","type":"product","link":"https:\/\/www.boattoursamana.com\/tr\/tur\/gezi-balina-izleme-cayo-levantado-dan-cap-cana-ozel-tur","title":{"rendered":"Punta Cana \/ Cap Cana: Gezi Balina \u0130zleme + Cayo Levantado (\u00d6zel Tur )"},"content":{"rendered":"<div class=\"wpb_column vc_column_container vc_col-sm-12\"><div class=\"vc_column-inner\"><div class=\"wpb_wrapper\"><div class=\"vc_btn3-container vc_btn3-inline\" ><a class=\"vc_general vc_btn3 vc_btn3-size-md vc_btn3-shape-rounded vc_btn3-style-modern vc_btn3-color-green\" href=\"https:\/\/bookingadventures.tours\/booking.php?tour_id=6ed21424a849c63fc6398949d1f80266\" title=\"\" rel=\"noopener\">REZERVASYON YAP<\/a><\/div><\/div><\/div><\/div><div class=\"vc_row wpb_row vc_row-fluid\" ><div class=\"wpb_column vc_column_container vc_col-sm-12\"><div class=\"vc_column-inner\"><div class=\"wpb_wrapper\">\n\t<div class=\"wpb_text_column wpb_content_element\" >\n\t\t<div class=\"wpb_wrapper\">\n\t\t\t<div class=\"vc_row wpb_row vc_row-fluid\">\n<div class=\"wpb_column vc_column_container vc_col-sm-12\">\n<div class=\"vc_column-inner\">\n<div class=\"wpb_wrapper\">\n<div class=\"wpb_text_column wpb_content_element\">\n<div class=\"wpb_wrapper\">\n<h3>Gezi Balina \u0130zleme + Punta Cana\/Cap Cana&#039;dan Cayo Levantado ( \u00d6zel Tur )<\/h3>\n<p>Punta Cana \/ Cap Cana otellerinden \u00d6zel ula\u015f\u0131mla ba\u015flayan Samana koyunda balina izleme. Bu gezi sabah 6:00 - 8:00 aras\u0131nda ba\u015flar ve ak\u015fam 7:00 civar\u0131nda sona erer. Balinalar\u0131 kendi ya\u015fam alanlar\u0131nda ziyaret etmek i\u00e7in teknemizi iptal ettikten sonra. Bu Balina gezisinden sonra Bacardi Adas\u0131 \/ Cayo Levantado'yu ziyaret edece\u011fiz (iste\u011fe ba\u011fl\u0131). Bacardi Adas\u0131'nda tipik bir Dominik Tarz\u0131ndan \u00d6\u011fle Yeme\u011fi B\u00fcfesi sa\u011flanacakt\u0131r. \u00d6\u011fle yeme\u011fi bitti\u011finde saat 16:00'ya kadar y\u00fczmenize izin verilir. Tur, saat 17:00'de ba\u015flayaca\u011f\u0131 ayn\u0131 limanda bitirilecektir. Bundan sonra sizi otelinize geri g\u00f6t\u00fcr\u00fcyoruz.<\/p>\n<p>Not: Minimum 540 USD \u00f6demeli \u00d6zel Turdur. 4 ki\u015fiden azsan\u0131z, l\u00fctfen bizimle ileti\u015fime ge\u00e7in ve size bu Turu rezerve edebilece\u011finiz bir ba\u011flant\u0131 g\u00f6nderece\u011fiz.\u00a0<strong><em>Otelinizden ara\u00e7la balina izleme grubuna kat\u0131lmak i\u00e7in l\u00fctfen<\/em>\u00a0<\/strong><a href=\"https:\/\/www.boattoursamana.com\/tr\/tours-excursions\/turlar-geziler-samana-bay-dominik-cumhuriyeti\/whale-watching-2020-in-punta-cana-to-samana-bay-cayo-levantado-bacardi-island-from-hotels\/\" data-mil=\"12004\">BURAYA TIKLAYIN.<\/a><\/p>\n<ul>\n<li>Balina \u0130zleme \u00d6zel gezisi<\/li>\n<li>G\u00f6zlemevine giri\u015f \u00fccretleri<\/li>\n<li>Sahilde a\u00e7\u0131k b\u00fcfe \u00f6\u011fle yeme\u011fi dahildir.<\/li>\n<li>Otellerden \u00d6zel Transfer<\/li>\n<li>\u00d6zel Tekne Transferi<\/li>\n<li>Kaptan talimat ve Denetim sa\u011flar<\/li>\n<li>Tur rehberi<\/li>\n<\/ul>\n<p>&nbsp;<\/p>\n<h4><b>Dahil Edilenler ve Hari\u00e7 Tutulanlar<\/b><\/h4>\n<p>&nbsp;<\/p>\n<p><b>Dahil olanlar<\/b><\/p>\n<ol>\n<li>Sahilde a\u00e7\u0131k b\u00fcfe \u00f6\u011fle yeme\u011fi<\/li>\n<li>Tur rehberi<\/li>\n<li>Transfer Arabas\u0131<\/li>\n<li>Bot gezisi<\/li>\n<li>T\u00fcm vergiler, \u00fccretler ve i\u015flem \u00fccretleri<\/li>\n<li>Yerel vergiler<\/li>\n<li>\u0130\u00e7ecekler<\/li>\n<\/ol>\n<p><b>\u0130stisnalar<\/b><\/p>\n<ol>\n<li>Bah\u015fi\u015fler<\/li>\n<li>Alkoll\u00fc i\u00e7ecekler<\/li>\n<\/ol>\n<p>&nbsp;<\/p>\n<h4><em><strong>Gidi\u015f &amp; D\u00f6n\u00fc\u015f<\/strong><\/em><\/h4>\n<p>Gezgin, Rezervasyon \u0130\u015fleminden sonra bir bulu\u015fma noktas\u0131 alacakt\u0131r. Turlar bulu\u015fma noktas\u0131nda ba\u015flar ve biter.<\/p>\n<p>&nbsp;<\/p>\n<h4><b><i>Ne bekleyebilece\u011finizi?<\/i><\/b><\/h4>\n<p>&nbsp;<\/p>\n<p><em><strong>biletlerinizi al\u0131n<\/strong><\/em>\u00a0Cap Cana&#039;dan Samana koyuna \u00f6zel bir g\u00fcnl\u00fck Balina \u0130zleme, art\u0131 harika bir \u00f6\u011fle yeme\u011fi ve plaj zaman\u0131.<\/p>\n<p>\u201cBooking Adventures\u201d taraf\u0131ndan d\u00fczenlenen balina izleme i\u00e7in Daypass, Tur Rehberi ile belirlenen bulu\u015fma noktas\u0131nda ba\u015flar. Sahilde \u00f6\u011fle yeme\u011fi ve istedi\u011finiz kadar kalabilirsiniz. Vegan iseniz sizin i\u00e7in yemek de haz\u0131rlayabiliriz.<\/p>\n<p><strong>Masa saati:<\/strong><\/p>\n<p>Esnek<\/p>\n<p>&nbsp;<\/p>\n<h4><em><strong>Ne getirmelisin?<\/strong><\/em><\/h4>\n<ul>\n<li>Kamera<\/li>\n<li>Kovucu tomurcuklar<\/li>\n<li>G\u00fcne\u015f kremi<\/li>\n<li>\u015eapka<\/li>\n<li>rahat pantolon<\/li>\n<li>Sahile giden sandaletler<\/li>\n<li>Y\u00fczme giysileri<\/li>\n<li>Hat\u0131ra E\u015fyas\u0131 i\u00e7in nakit<\/li>\n<\/ul>\n<p>&nbsp;<\/p>\n<h4><b><i>otelden alma<\/i><\/b><\/h4>\n<p>Bu tur i\u00e7in otelden alma dahildir. Punta Cana \/ Cap Cana b\u00f6lgesindeki herhangi bir otelden al\u0131yoruz.<\/p>\n<p>&nbsp;<\/p>\n<p><b>Not:<\/b>\u00a0tur\/Gezi hareket saatinden sonraki 24 saat i\u00e7inde rezervasyon yap\u0131yorsan\u0131z, otelden alma ayarlayabiliriz. Sat\u0131n alma i\u015fleminiz tamamland\u0131\u011f\u0131nda, teslim alma d\u00fczenlemelerini organize etmesi i\u00e7in size yerel Tur rehberimizin eksiksiz ileti\u015fim bilgilerini (telefon numaras\u0131, e-posta adresi vb.) g\u00f6nderece\u011fiz.<\/p>\n<h4><b><i>Ek Bilgi Onay\u0131<\/i><\/b><\/h4>\n<ol>\n<li>Biletler, bu Turu \u00f6dedikten sonra Makbuzdur. \u00d6demeyi telefonunuzda g\u00f6sterebilirsiniz.<\/li>\n<li>Bulu\u015fma Noktas\u0131 Rezervasyon \u0130\u015fleminden Sonra Al\u0131nacakt\u0131r.<\/li>\n<li>\u00c7ocuklara bir yeti\u015fkin e\u015flik etmelidir.<\/li>\n<li>tekerlekli sandalye eri\u015filebilir<\/li>\n<li>Bebekler kuca\u011fa oturmal\u0131<\/li>\n<li>\u00c7o\u011fu gezgin kat\u0131labilir<\/li>\n<\/ol>\n<h4><b><i>\u0130ptal politikas\u0131<\/i><\/b><\/h4>\n<p>Tam para iadesi i\u00e7in, deneyimin ba\u015flang\u0131\u00e7 tarihinden en az 24 saat \u00f6nce iptal edin.<\/p>\n<\/div>\n<\/div>\n<\/div>\n<\/div>\n<\/div>\n<\/div>\n<div class=\"vc_row wpb_row vc_row-fluid\">\n<div class=\"wpb_column vc_column_container vc_col-sm-12\">\n<div class=\"vc_column-inner\">\n<div class=\"wpb_wrapper\">\n<div class=\"wpb_text_column wpb_content_element\">\n<div class=\"wpb_wrapper\">\n<h4>Bize Ula\u015f\u0131n?<\/h4>\n<h5><b><i>TUR BAL\u0130NALARI SAMANA<\/i><\/b><\/h5>\n<p><em><strong>Yerliler<\/strong>\u00a0ve\u00a0<strong>uyruklular<\/strong>\u00a0Tur Rehberleri ve Misafir Hizmetleri<\/em><\/p>\n<p><span class=\"text-turquoise\">Rezervler:<\/span>\u00a0\u00a0Dom'da Turlar ve Geziler Temsilciler.<\/p>\n<p><img decoding=\"async\" class=\"emoji\" draggable=\"false\" src=\"https:\/\/s.w.org\/images\/core\/emoji\/11.2.0\/svg\/1f4de.svg\" alt=\"\ud83d\udcde\" title=\"\">\u00a0Tel \/ Naber\u00a0\u00a0\u00a0<a href=\"tel:+1-809-720-6035\">+ 1-809-720-6035<\/a>\u00a0.<\/p>\n<p data-wp-editing=\"1\"><a href=\"mailto:Reservabatour@gmail.com\"><img decoding=\"async\" class=\"emoji\" draggable=\"false\" src=\"https:\/\/s.w.org\/images\/core\/emoji\/11.2.0\/svg\/1f4e9.svg\" alt=\"\ud83d\udce9\" title=\"\"> Reservabatour@gmail.com<\/a><\/p>\n<p>&nbsp;<\/p>\n<\/div>\n<\/div>\n<\/div>\n<\/div>\n<\/div>\n<\/div>\n\n\t\t<\/div>\n\t<\/div>\n<div class=\"vc_btn3-container vc_btn3-inline\" ><a class=\"vc_general vc_btn3 vc_btn3-size-md vc_btn3-shape-rounded vc_btn3-style-modern vc_btn3-color-green\" href=\"https:\/\/bookingadventures.tours\/booking.php?tour_id=6ed21424a849c63fc6398949d1f80266\" title=\"\" rel=\"noopener\">REZERVASYON YAP<\/a><\/div><\/div><\/div><\/div><\/div>","protected":false},"excerpt":{"rendered":"<p>Cap Cana&#039;dan ba\u015flayarak profesyonel \u00e7evreci rehberler e\u015fli\u011finde \u00f6zel bir geziyle balina izleme deneyimi i\u00e7in seyahatinizi ay\u0131rt\u0131n. Tavsiye i\u00e7in bizimle ileti\u015fime ge\u00e7mek isterseniz, l\u00fctfen e-posta g\u00f6nderin, Whatsapp veya Aramalar Mevcuttur. L\u00fctfen biletlerinizi \u00f6nceden ay\u0131rt\u0131n. Balina sezonunda \u00e7ok say\u0131da rezervasyon var ve biletlerinizi sizin i\u00e7in g\u00fcvende tutmak istiyoruz.<\/p>\n<p>Not: Bu, minimum 4 tutar\u0131nda \u00f6deme yap\u0131lan \u00d6zel bir Turdur. E\u011fer 4 ki\u015fiden azsan\u0131z, l\u00fctfen bizimle ileti\u015fime ge\u00e7in; size bu Tur i\u00e7in rezervasyon yapabilece\u011finiz bir ba\u011flant\u0131 g\u00f6nderece\u011fiz. Otelinizden ara\u00e7la bir balina izleme grubuna kat\u0131lmak i\u00e7in BURAYA TIKLAYIN.<\/p>\n<p><strong>L\u00fctfen dikkat: Bebekler (0 \u2013 23 ay) \u00fccretsiz, \u00c7ocuklar (2 \u2013 10 ya\u015f)<\/strong><\/p>\n<p><em><strong>Tur tarihini se\u00e7in:<\/strong><\/em><\/p>","protected":false},"featured_media":13304,"template":"","meta":[],"product_cat":[948,655,854,855,971,968,856,662,942,664],"product_tag":[296,682,683,186,667,342,668,524,669,276,274,525,670],"class_list":["post-12004","product","type-product","status-publish","has-post-thumbnail","hentry","product_cat-1-punta-cana","product_cat-1-samana","product_cat-cap-cana-whale-watching","product_cat-outdoor-activities","product_cat-punta-cana-private-tours","product_cat-punta-cana-whale-watching","product_cat-water-activities","product_cat-whale-watching","product_cat-whale-watching-private-tours","product_cat-whale-watching-punta-cana","product_tag-day-trip-punta-cana","product_tag-private-punta-cana","product_tag-punta-cana-whale-watching","product_tag-samana","product_tag-samana-tour","product_tag-samana-whale-watching","product_tag-whale","product_tag-whale-punta-cana","product_tag-whale-sabana-de-la-mar","product_tag-whale-samana","product_tag-whale-watching-dominican-republic","product_tag-whale-watching-punta-cana","product_tag-whales-trips"],"_links":{"self":[{"href":"https:\/\/www.boattoursamana.com\/tr\/wp-json\/wp\/v2\/product\/12004","targetHints":{"allow":["GET"]}}],"collection":[{"href":"https:\/\/www.boattoursamana.com\/tr\/wp-json\/wp\/v2\/product"}],"about":[{"href":"https:\/\/www.boattoursamana.com\/tr\/wp-json\/wp\/v2\/types\/product"}],"wp:featuredmedia":[{"embeddable":true,"href":"https:\/\/www.boattoursamana.com\/tr\/wp-json\/wp\/v2\/media\/13304"}],"wp:attachment":[{"href":"https:\/\/www.boattoursamana.com\/tr\/wp-json\/wp\/v2\/media?parent=12004"}],"wp:term":[{"taxonomy":"product_cat","embeddable":true,"href":"https:\/\/www.boattoursamana.com\/tr\/wp-json\/wp\/v2\/product_cat?post=12004"},{"taxonomy":"product_tag","embeddable":true,"href":"https:\/\/www.boattoursamana.com\/tr\/wp-json\/wp\/v2\/product_tag?post=12004"}],"curies":[{"name":"wp","href":"https:\/\/api.w.org\/{rel}","templated":true}]}}