{"id":12043,"date":"2021-01-29T08:54:31","date_gmt":"2021-01-29T08:54:31","guid":{"rendered":"https:\/\/www.ticketswhales.com\/Tours-Excursions\/uncategorized\/import-placeholder-for-8649\/"},"modified":"2023-11-07T21:08:26","modified_gmt":"2023-11-07T21:08:26","slug":"excursion-whale-watching-samana-bay-cayo-levantado-from-puerto-plata-private-transportation","status":"publish","type":"product","link":"https:\/\/www.boattoursamana.com\/tr\/tur\/gezi-balina-izleme-samana-bay-cayo-levantado-dan-porto-plata-ozel-ulasim-2","title":{"rendered":"Puerto Plata&#039;dan Saman\u00e1 K\u00f6rfezi + Cayo Levantado \u0130zleme Balina Gezisi (\u00d6zel Ula\u015f\u0131m)"},"content":{"rendered":"<div class=\"vc_row wpb_row vc_row-fluid\" ><\/div><div class=\"wpb_column vc_column_container vc_col-sm-12\"><div class=\"vc_column-inner\"><div class=\"wpb_wrapper\"><div class=\"vc_btn3-container vc_btn3-inline\" ><button class=\"vc_general vc_btn3 vc_btn3-size-md vc_btn3-shape-rounded vc_btn3-style-modern vc_btn3-color-green\">REZERVASYON YAP<\/button><\/div><\/div><\/div><\/div>\n\t<div class=\"wpb_text_column wpb_content_element\" >\n\t\t<div class=\"wpb_wrapper\">\n\t\t\t\n\t\t<\/div>\n\t<\/div>\n<div class=\"vc_row wpb_row vc_row-fluid\" ><div class=\"wpb_column vc_column_container vc_col-sm-12\"><div class=\"vc_column-inner\"><div class=\"wpb_wrapper\"><div class=\"vc_btn3-container vc_btn3-inline\" ><button class=\"vc_general vc_btn3 vc_btn3-size-md vc_btn3-shape-rounded vc_btn3-style-modern vc_btn3-color-green\">REZERVASYON YAP<\/button><\/div><\/div><\/div><\/div><\/div><div class=\"vc_row wpb_row vc_row-fluid\" ><div class=\"wpb_column vc_column_container vc_col-sm-12\"><div class=\"vc_column-inner\"><div class=\"wpb_wrapper\">\n\t<div class=\"wpb_text_column wpb_content_element\" >\n\t\t<div class=\"wpb_wrapper\">\n\t\t\t<div class=\"vc_row wpb_row vc_row-fluid\">\n<div class=\"wpb_column vc_column_container vc_col-sm-12\">\n<div class=\"vc_column-inner\">\n<div class=\"wpb_wrapper\">\n<div class=\"wpb_text_column wpb_content_element\">\n<div class=\"wpb_wrapper\">\n<h3>Puerto Plata&#039;dan Samana k\u00f6rfezini seyreden Balina Gezisi + Cayo Levantado (\u00d6zel Ula\u015f\u0131m)<\/h3>\n<p>Puerto Plata, Sosua veya Cabarete&#039;den ba\u015flayarak. Sizi evinizden al\u0131p Saman\u00e1 K\u00f6rfezi&#039;ne gidiyoruz. Bu Yolculuk, Saman\u00e1 liman\u0131nda sabah 9:00&#039;da ba\u015flar ve ak\u015fam 5:00&#039;te biter, ancak sizi yerinize geri g\u00f6t\u00fcrmek i\u00e7in zaman konusunda esnek olabiliriz.<\/p>\n<p>Balinalar\u0131 kendi ya\u015fam alanlar\u0131nda ziyaret etmek i\u00e7in Katamaran\u0131m\u0131z\u0131 veya Teknemizi iptal ettikten sonra. Sabah 09:00&#039;dan \u00f6\u011flen 12:00&#039;ye kadar Balina G\u00f6zlemevi ve bu Balina izleme gezisinin ard\u0131ndan Bacardi Adas\u0131 \/ Cayo Levantado&#039;yu ziyaret edece\u011fiz. Bacardi Adas\u0131&#039;nda tipik Dominik Usul\u00fc \u00d6\u011fle Yeme\u011fi B\u00fcfesi sunulacakt\u0131r. \u00d6\u011fle yeme\u011fi bitti\u011finde saat 16:30&#039;a kadar y\u00fczmenize izin verilir. Tur, saat 17.00&#039;de ba\u015flayaca\u011f\u0131 ayn\u0131 limanda tamamlanacakt\u0131r.<\/p>\n<p><em><strong>Not: Bu tur \u00d6zel De\u011fildir. Puerto Plata&#039;dan sadece \u00f6zel ula\u015f\u0131m. \u00d6zel tekne turu i\u00e7in l\u00fctfen bizimle ileti\u015fime ge\u00e7iniz.<\/strong><\/em><\/p>\n<ul>\n<li>Balina \u0130zleme gezisi<\/li>\n<li>Puerto Plata b\u00f6lgelerinden al\u0131n.<\/li>\n<li>G\u00f6zlemevine giri\u015f \u00fccretleri<\/li>\n<li>Sahilde a\u00e7\u0131k b\u00fcfe \u00f6\u011fle yeme\u011fi dahildir.<\/li>\n<li>Tekne Transferi<\/li>\n<li>Kaptan talimat ve Denetim sa\u011flar<\/li>\n<li>Tur rehberi<\/li>\n<\/ul>\n<p>&nbsp;<\/p>\n<h4><b>Dahil Edilenler ve Hari\u00e7 Tutulanlar<\/b><\/h4>\n<p>&nbsp;<\/p>\n<p><b>Dahil olanlar<\/b><\/p>\n<p>&nbsp;<\/p>\n<ol>\n<li>Sahilde a\u00e7\u0131k b\u00fcfe \u00f6\u011fle yeme\u011fi<\/li>\n<li>Transfer Arabas\u0131<\/li>\n<li>Balina \u0130zleme gezisinde Tur Rehberi<\/li>\n<li>Katamaran veya Tekne Gezisi<\/li>\n<li>T\u00fcm vergiler, \u00fccretler ve i\u015flem \u00fccretleri<\/li>\n<li>Yerel vergiler<\/li>\n<li>\u0130\u00e7ecekler<\/li>\n<\/ol>\n<p><b>\u0130stisnalar<\/b><\/p>\n<ol>\n<li>Bah\u015fi\u015fler<\/li>\n<li>Alkoll\u00fc i\u00e7ecekler<\/li>\n<\/ol>\n<p>&nbsp;<\/p>\n<h4><em><strong>Gidi\u015f &amp; D\u00f6n\u00fc\u015f<\/strong><\/em><\/h4>\n<p>Yolcu, Rezervasyon \u0130\u015fleminden sonra bir bulu\u015fma noktas\u0131 saati alacakt\u0131r. Turlar bulu\u015fma noktalar\u0131m\u0131zda ba\u015flar ve biter.<\/p>\n<p>&nbsp;<\/p>\n<h4><b><i>Ne bekleyebilece\u011finizi?<\/i><\/b><\/h4>\n<p>&nbsp;<\/p>\n<p><em><strong>biletlerinizi al\u0131n<\/strong><\/em>\u00a0Sosua, Cabarete veya Puerto Plata&#039;daki herhangi bir b\u00f6lgeden ba\u015flayan Samana koyunda bir g\u00fcnl\u00fck Balina \u0130zleme turu i\u00e7in. b\u00fcy\u00fck gruplarla ula\u015f\u0131mdan ka\u00e7\u0131n\u0131n ve harika bir \u00f6\u011fle yeme\u011finin ve plaj zaman\u0131n\u0131n tad\u0131n\u0131 \u00e7\u0131kar\u0131n.<\/p>\n<p>Puerto Plata&#039;dan balina izleme g\u00fcn\u00fcbirlik &quot;Rezervasyon Maceralar\u0131&quot; taraf\u0131ndan d\u00fczenlenen g\u00fcnl\u00fck ge\u00e7i\u015f, whatsapp veya e-posta yoluyla belirlenen bulu\u015fma noktas\u0131nda ba\u015flar. Plajda \u00f6\u011fle yeme\u011fi yiyebilir ve etrafta y\u00fczmek istedi\u011finiz kadar kalabilirsiniz. E\u011fer Vegan iseniz sizin i\u00e7in de yemek haz\u0131rlayabiliriz.<\/p>\n<p><strong>Masa saati:<\/strong><\/p>\n<p>05:45 \u2013 16:00 saatleri ihtiya\u00e7lar\u0131n\u0131za g\u00f6re de\u011fi\u015fiklik g\u00f6sterebilir.<\/p>\n<p>&nbsp;<\/p>\n<h4><em><strong>Ne getirmelisin?<\/strong><\/em><\/h4>\n<ul>\n<li>Kamera<\/li>\n<li>Kovucu tomurcuklar<\/li>\n<li>G\u00fcne\u015f kremi<\/li>\n<li>\u015eapka<\/li>\n<li>rahat pantolon<\/li>\n<li>Sahile giden sandaletler<\/li>\n<li>Y\u00fczme giysileri<\/li>\n<li>Hat\u0131ra E\u015fyas\u0131 i\u00e7in nakit<\/li>\n<\/ul>\n<p>&nbsp;<\/p>\n<h4><b><i>Otelden Alma<\/i><\/b><\/h4>\n<p>Bu tur i\u00e7in otelden alma hizmeti sunulmaktad\u0131r.<\/p>\n<p>&nbsp;<\/p>\n<p><b>Not:<\/b>\u00a0Tur\/Gezi kalk\u0131\u015f saatinden sonraki 24 saat i\u00e7inde rezervasyon yapt\u0131r\u0131rsan\u0131z, otelden al\u0131nma d\u00fczenlemelerini yapaca\u011f\u0131z. Sat\u0131n alma i\u015fleminiz tamamland\u0131\u011f\u0131nda, yerel Tur rehberimizin kar\u015f\u0131lama d\u00fczenlemelerini organize etmesi i\u00e7in size tam ileti\u015fim bilgilerini (telefon numaras\u0131, e-posta adresi vb.) g\u00f6nderece\u011fiz.<\/p>\n<h4><b><i>Ek Bilgi Onay\u0131<\/i><\/b><\/h4>\n<ol>\n<li>Biletler, bu Turu \u00f6dedikten sonra Makbuzdur. \u00d6demeyi telefonunuzda g\u00f6sterebilirsiniz.<\/li>\n<li>Rezervasyon \u0130\u015fleminden Sonra Bulu\u015fma Noktas\u0131 Al\u0131nacakt\u0131r.<\/li>\n<li>\u00c7ocuklara bir yeti\u015fkin e\u015flik etmelidir.<\/li>\n<li>tekerlekli sandalye eri\u015filebilir<\/li>\n<li>Bebekler kuca\u011fa oturmal\u0131<\/li>\n<li>\u00c7o\u011fu gezgin kat\u0131labilir<\/li>\n<\/ol>\n<h4><b><i>\u0130ptal politikas\u0131<\/i><\/b><\/h4>\n<p>Tam para iadesi i\u00e7in, deneyimin ba\u015flang\u0131\u00e7 tarihinden en az 24 saat \u00f6nce iptal edin.<\/p>\n<\/div>\n<\/div>\n<\/div>\n<\/div>\n<\/div>\n<\/div>\n<div class=\"vc_row wpb_row vc_row-fluid\">\n<div class=\"wpb_column vc_column_container vc_col-sm-12\">\n<div class=\"vc_column-inner\">\n<div class=\"wpb_wrapper\">\n<div class=\"wpb_text_column wpb_content_element\">\n<div class=\"wpb_wrapper\">\n<h4>Bize Ula\u015f\u0131n?<\/h4>\n<h5><b><i>BAL\u0130NALAR SAMANA TURU<\/i><\/b><\/h5>\n<p><em><strong>Yerliler<\/strong>\u00a0ve\u00a0<strong>uyruklular<\/strong>\u00a0Tur Rehberleri ve Misafir Hizmetleri<\/em><\/p>\n<p><span class=\"text-turquoise\">Rezervasyonlar:<\/span>\u00a0\u00a0Dom&#039;da Turlar ve Geziler. Temsilci<\/p>\n<p>\ud83d\udcde Tel \/ Whatsapp\u00a0\u00a0\u00a0<a href=\"tel: 1-809-720-6035\">+ 1-809-720-6035<\/a>\u00a0.<\/p>\n<p>\ud83d\udce9\u00a0<a href=\"mailto:info@bookingadventures.com.do\">info@bookingadventures.com.do<\/a><\/p>\n<p><strong>Whatsapp&#039;\u0131n esnek konfig\u00fcrasyonuna sahip \u00f6zel turlar\u0131m\u0131z:\u00a0\u00a0<a href=\"tel: 18097206035\">+18097206035.<\/a><\/strong><\/p>\n<\/div>\n<\/div>\n<\/div>\n<\/div>\n<\/div>\n<\/div>\n\n\t\t<\/div>\n\t<\/div>\n<\/div><\/div><\/div><\/div>","protected":false},"excerpt":{"rendered":"<p>Puerto Plata, Sosua veya Cabarete&#039;den Saman\u00e1 K\u00f6rfezi liman\u0131na. Balina G\u00f6zleminde Profesyonel Do\u011fac\u0131 Tur Rehberleri ile. Tavsiye i\u00e7in bizimle ileti\u015fime ge\u00e7mek isterseniz, e-posta, Whatsapp veya Aramalar mevcuttur.<\/p>\n<p>L\u00fctfen biletlerinizi erken ay\u0131rt\u0131n. Balina sezonunda \u00e7ok say\u0131da rezervasyon oluyor ve biletlerinizi sizin i\u00e7in g\u00fcvende tutmak istiyoruz. Teslim alma yerini ve saatini bizimle belirleyin.<\/p>\n<p><em><strong>Gezi tarihini se\u00e7in:<\/strong><\/em><\/p>\n<p>&nbsp;<\/p>","protected":false},"featured_media":13309,"template":"","meta":[],"product_cat":[947,655,859,657,658,659,660,661,662,663,664],"product_tag":[186,667,668,524,669,276,274,670],"class_list":["post-12043","product","type-product","status-publish","has-post-thumbnail","hentry","product_cat-1-puerto-plata","product_cat-1-samana","product_cat-puerto-plata-2021","product_cat-tours-excursions","product_cat-tours-excursions-whale-watching-samana-bay-dominican-republic","product_cat-whale-miches","product_cat-whale-sabana-de-la-mar","product_cat-whale-samana","product_cat-whale-watching","product_cat-whale-watching-puerto-plata","product_cat-whale-watching-punta-cana","product_tag-samana","product_tag-samana-tour","product_tag-whale","product_tag-whale-punta-cana","product_tag-whale-sabana-de-la-mar","product_tag-whale-samana","product_tag-whale-watching-dominican-republic","product_tag-whales-trips"],"_links":{"self":[{"href":"https:\/\/www.boattoursamana.com\/tr\/wp-json\/wp\/v2\/product\/12043","targetHints":{"allow":["GET"]}}],"collection":[{"href":"https:\/\/www.boattoursamana.com\/tr\/wp-json\/wp\/v2\/product"}],"about":[{"href":"https:\/\/www.boattoursamana.com\/tr\/wp-json\/wp\/v2\/types\/product"}],"wp:featuredmedia":[{"embeddable":true,"href":"https:\/\/www.boattoursamana.com\/tr\/wp-json\/wp\/v2\/media\/13309"}],"wp:attachment":[{"href":"https:\/\/www.boattoursamana.com\/tr\/wp-json\/wp\/v2\/media?parent=12043"}],"wp:term":[{"taxonomy":"product_cat","embeddable":true,"href":"https:\/\/www.boattoursamana.com\/tr\/wp-json\/wp\/v2\/product_cat?post=12043"},{"taxonomy":"product_tag","embeddable":true,"href":"https:\/\/www.boattoursamana.com\/tr\/wp-json\/wp\/v2\/product_tag?post=12043"}],"curies":[{"name":"wp","href":"https:\/\/api.w.org\/{rel}","templated":true}]}}