{"id":12091,"date":"2021-02-05T16:38:28","date_gmt":"2021-02-05T16:38:28","guid":{"rendered":"https:\/\/www.ticketswhales.com\/?post_type=product&#038;p=12091"},"modified":"2023-11-07T21:00:20","modified_gmt":"2023-11-07T21:00:20","slug":"27-waterfalls-buggies-tour-puerto-plata","status":"publish","type":"product","link":"https:\/\/www.boattoursamana.com\/tr\/tur\/27-selale-arabalari-tur-porto-plata","title":{"rendered":"27 \u015eelale Arabalar\u0131 (Y\u00fcr\u00fcy\u00fc\u015f ve Y\u00fczme)"},"content":{"rendered":"<div class=\"vc_row wpb_row vc_row-fluid\" ><div class=\"wpb_column vc_column_container vc_col-sm-12\"><div class=\"vc_column-inner\"><div class=\"wpb_wrapper\"><div class=\"mkdf-section-title-holder\" style=\"text-align: left\">\n\t<div class=\"mkdf-st-inner\">\n\t\t\t\t\t<h5 class=\"mkdf-st-subtitle\" >\n\t\t\t\t\u00d6\u011fle Yeme\u011fi Dahil\t\t\t<\/h5>\n\t\t\t\t\t\t\t<h3 class=\"mkdf-st-title\" >\n\t\t\t\t27 \u015eelale Arabalar\u0131 Turu Puerto Plata\t\t\t<\/h3>\n\t\t\t\t\t<\/div>\n<\/div><div class=\"vc_message_box vc_message_box-standard vc_message_box-rounded vc_color-info\" ><div class=\"vc_message_box-icon\"><i class=\"fas fa-info-circle\"><\/i><\/div><p>Sadece Giri\u015f Bileti veya Ula\u015f\u0131ml\u0131 Rezervasyon Yapt\u0131r\u0131n : <a href=\"https:\/\/www.boattoursamana.com\/tr\/?s=27+waterfalls&amp;post_type=product&amp;dgwt_wcas=1\">Buraya t\u0131klay\u0131n.<\/a><\/p>\n<\/div><div class=\"vc_empty_space\"   style=\"height: 32px\"><span class=\"vc_empty_space_inner\"><\/span><\/div><\/div><\/div><\/div><\/div><div class=\"vc_row wpb_row vc_row-fluid\" ><div class=\"wpb_column vc_column_container vc_col-sm-12\"><div class=\"vc_column-inner\"><div class=\"wpb_wrapper\"><div class=\"vc_btn3-container vc_btn3-inline\" ><button class=\"vc_general vc_btn3 vc_btn3-size-md vc_btn3-shape-rounded vc_btn3-style-modern vc_btn3-color-green\">REZERVASYON YAP<\/button><\/div>\n\t<div class=\"wpb_text_column wpb_content_element\" >\n\t\t<div class=\"wpb_wrapper\">\n\t\t\t<h2 class=\"ui_header h1 attractions-product-info-ProductTitle__title--1qM0o\">27 \u015eelale Arabalar\u0131 Turu Puerto Plata<\/h2>\n<p><b><i>genel bak\u0131\u015f <\/i><\/b><\/p>\n<p>Puerto Plata&#039;da Buggies i\u00e7in Biletlerinizi en d\u00fc\u015f\u00fck damajagua \u015felaleleri fiyat\u0131yla al\u0131n. En iyi Damajagua b\u00f6lgeleri <strong data-key=\"puerto plata waterfall excursion\">puerto plata \u015felale gezisi.\u00a0<\/strong><\/p>\n<p>Vah\u015fi Dominik k\u0131rsal\u0131n\u0131 ke\u015ffetmenin, Locals taraf\u0131ndan sunulan bir turda bu arabalardan birinden daha heyecan verici bir yolu yoktur. Arka planda 27 \u015felale orman\u0131 bulunan arazi yollar\u0131na \u00e7\u0131k\u0131n ve bu yar\u0131m g\u00fcnl\u00fck sabah maceras\u0131nda bir nehirde veya plajda y\u00fcz\u00fcn.<\/p>\n<p>Uzman e\u011fitiminin ard\u0131ndan, patikalara \u00e7\u0131kma ve k\u0131rsal alana \u00e7\u0131kma zaman\u0131. Al\u0131\u015f\u0131lm\u0131\u015f\u0131n \u00e7ok d\u0131\u015f\u0131nda, tozlu, orman yollar\u0131nda h\u0131zlan\u0131rken palmiye korular\u0131n\u0131, rustik tar\u0131m arazilerini ve k\u00f6yleri ge\u00e7eceksiniz.<\/p>\n<p>Susam\u0131\u015f hissediyorsan\u0131z, yol i\u00e7in taze bir hindistancevizi alabilece\u011finiz birka\u00e7 pit stop olacak. Ayr\u0131ca, \u00f6yle ya da b\u00f6yle kirleneceksiniz, bu y\u00fczden mayonuzu getirin ve kumsalda ya da do\u011fal nehirde serinleyin - kendinizi tozlamak i\u00e7in harika bir yol. Ayr\u0131ca \u00fcste \u00fccretsiz buz gibi bira veya kokteyl ile heyecan verici bir g\u00fcn ge\u00e7ireceksiniz. bizim i\u00e7in bize ula\u015f\u0131n <strong>damajagua \u015felaleleri ve arazi arabas\u0131 kombinasyonu<\/strong> .<\/p>\n<ul>\n<li style=\"font-weight: 400;\">\u00dccretler dahil<\/li>\n<li>\u00d6\u011fle yeme\u011fi<\/li>\n<li>at\u0131\u015ft\u0131rmal\u0131klar<\/li>\n<li style=\"font-weight: 400;\">\u0130ngilizce Yerel Tur Rehberi<\/li>\n<\/ul>\n<p>&nbsp;<\/p>\n<h4><b>Dahil Edilenler ve Hari\u00e7 Tutulanlar<\/b><\/h4>\n<p>&nbsp;<\/p>\n<p><b>Dahil olanlar<\/b><\/p>\n<ol>\n<li>\u00d6\u011fle yeme\u011fi<\/li>\n<li style=\"font-weight: 400;\"><span style=\"font-weight: 400;\">T\u00fcm vergiler, \u00fccretler ve i\u015flem \u00fccretleri<\/span><\/li>\n<li style=\"font-weight: 400;\"><span style=\"font-weight: 400;\">Yerel vergiler<\/span><\/li>\n<li style=\"font-weight: 400;\"><span style=\"font-weight: 400;\">\u0130\u00e7ecekler<\/span><\/li>\n<li>at\u0131\u015ft\u0131rmal\u0131klar<\/li>\n<li style=\"font-weight: 400;\"><span style=\"font-weight: 400;\">T\u00fcm aktiviteler<\/span><\/li>\n<li style=\"font-weight: 400;\"><span style=\"font-weight: 400;\">Yerel rehber<\/span><\/li>\n<\/ol>\n<p><b> \u0130stisnalar<\/b><\/p>\n<ol>\n<li style=\"font-weight: 400;\"><span style=\"font-weight: 400;\">Bah\u015fi\u015fler<\/span><\/li>\n<li>ula\u015f\u0131m (Bizimle \u0130leti\u015fime Ge\u00e7erek Belirleyin)<\/li>\n<li style=\"font-weight: 400;\"><span style=\"font-weight: 400;\">Alkoll\u00fc i\u00e7ecekler<\/span><\/li>\n<\/ol>\n<p>&nbsp;<\/p>\n<p><em><strong>Gidi\u015f &amp; D\u00f6n\u00fc\u015f<\/strong><\/em><\/p>\n<p><span style=\"font-weight: 400;\">Gezgin, Rezervasyon \u0130\u015fleminden sonra bir bulu\u015fma noktas\u0131 alacakt\u0131r. Turlar bulu\u015fma noktalar\u0131n\u0131zda ba\u015flar ve biter.<\/span><\/p>\n<h4><\/h4>\n<h3 class=\"ui_header h1 attractions-product-info-ProductTitle__title--1qM0o\">27 damajagua \u015felalesi porto plata turlar\u0131 gezileri<\/h3>\n<p><b><i>Ne bekleyebilece\u011finizi?<\/i><\/b><\/p>\n<div class=\"apd_content_block\" data-tab=\"TABS_OVERVIEW\"><\/div>\n<div data-tab=\"TABS_WHAT_TO_EXPECT\">\n<div class=\"ui_card attractions-card-CollapsibleProductDetailsCard__cardContainer--3r2wk attractions-card-CollapsibleProductDetailsCard__cleanslateOverrideDT--2AJh0\">\n<div class=\"attractions-card-CollapsibleCard__content--2Ws8q\">\n<div class=\"attractions-card-CollapsibleCard__contentWrap--374jk attractions-card-CollapsibleCard__titleUnderline--1uHze\">\n<div class=\"attractions-card-CollapsibleProductDetailsCard__cardContent--23ext\">\n<div class=\"common-text-ReadMore__readMore--3Iu8c common-text-ReadMore__variantFadeOut--1tInd\">\n<div class=\"common-text-ReadMore__content--2X4LR\">\n<div class=\"ui_columns is-desktop\">\n<div class=\"ui_column\">\n<p>Damajagua Buggy&#039;nin<\/p>\n<p>Motorlar\u0131m\u0131z\u0131 \u00e7al\u0131\u015ft\u0131ral\u0131m ve \u00e7amurlu patikalar, tropikal ormanlar, nehirler ve heyecan verici bir rotaya ba\u015flayal\u0131m. Bu, 10 ila 15 kilometre uzunlu\u011funda bir bu\u00e7uk saatlik bir tur.<\/p>\n<p>\u0130lk durak, Bellaco Community&#039;deki Bajabonico Nehri&#039;nde olacak. Yolda biraz meyve toplayabilecek ve hatta yerel Patty yap\u0131m\u0131 yiyebileceksiniz.<\/p>\n<p>Bajabonico Arriba topluluklar\u0131na giden faytonlu rotaya devam edece\u011fiz.\u00a0 <strong>damajagua \u015felaleleri su s\u0131cakl\u0131\u011f\u0131.<\/strong> Palmar Grande ve Los Felix. Bu topluluklar i\u00e7inde araba kullan\u0131rken \u00e7ocuklar, hayvanlar ve yerel halk normal hayatlar\u0131n\u0131 s\u00fcrd\u00fcrd\u00fc\u011f\u00fc i\u00e7in h\u0131z\u0131m\u0131z\u0131 yava\u015flatmak zorunda kal\u0131yoruz.<br \/>\nAra\u00e7lardan inece\u011fiz ve nehrin tatl\u0131 sular\u0131nda y\u00fczme \u015fans\u0131 bulaca\u011f\u0131z!<br \/>\nD\u00f6n\u00fc\u015fte nehrin 12 kat\u0131 kadar\u0131n\u0131 teker teker ge\u00e7ebilecek \u015fekilde d\u0131\u015f yoldan gidece\u011fiz.<br \/>\nSonunda bulu\u015fma noktas\u0131na geri d\u00f6nece\u011fiz ve yerinize geri d\u00f6nebilir ve arkada\u015flar\u0131n\u0131zla bu unutulmaz tur hakk\u0131nda konu\u015fabilirsiniz.<\/p>\n<\/div>\n<\/div>\n<\/div>\n<\/div>\n<\/div>\n<\/div>\n<\/div>\n<\/div>\n<\/div>\n<p><em><strong>Ne getirmelisin?<\/strong><\/em><\/p>\n<ul>\n<li style=\"font-weight: 400;\"><span style=\"font-weight: 400;\">Kamera<\/span><\/li>\n<li style=\"font-weight: 400;\"><span style=\"font-weight: 400;\">Kovucu tomurcuklar<\/span><\/li>\n<li style=\"font-weight: 400;\"><span style=\"font-weight: 400;\">G\u00fcne\u015f kremi<\/span><\/li>\n<li style=\"font-weight: 400;\"><span style=\"font-weight: 400;\">\u015eapka<\/span><\/li>\n<li style=\"font-weight: 400;\"><span style=\"font-weight: 400;\">rahat pantolon<\/span><\/li>\n<li style=\"font-weight: 400;\"><span style=\"font-weight: 400;\">Orman i\u00e7in y\u00fcr\u00fcy\u00fc\u015f ayakkab\u0131s\u0131<\/span><\/li>\n<li style=\"font-weight: 400;\"><span style=\"font-weight: 400;\">Bahar b\u00f6lgelerine sandalet.<\/span><\/li>\n<li style=\"font-weight: 400;\"><span style=\"font-weight: 400;\">Y\u00fczme giysileri<\/span><\/li>\n<\/ul>\n<p>&nbsp;<\/p>\n<h3><b><i>Otelden Alma:\u00a0<\/i><\/b><\/h3>\n<p><span style=\"font-weight: 400;\"><strong>Otelden alma de\u011fil<\/strong> Bu tur i\u00e7in sunulan Whatsapp ile bizimle ileti\u015fime ge\u00e7erek Pick up ayar\u0131n\u0131 yapt\u0131k. \u015euradan Gelmeniz Durumunda Tekliflerimiz Var <strong>amber koyu 27 \u015felale.\u00a0<\/strong><\/span><\/p>\n<p>&nbsp;<\/p>\n<p><b>Not:<\/b><span style=\"font-weight: 400;\"> Tur\/Gezi hareket saatinden sonraki 24 saat i\u00e7inde rezervasyon yap\u0131yorsan\u0131z, ek \u00fccret kar\u015f\u0131l\u0131\u011f\u0131nda otelden alma ayarlayabiliriz. Sat\u0131n alma i\u015fleminiz tamamland\u0131\u011f\u0131nda, teslim alma d\u00fczenlemelerini organize etmesi i\u00e7in size yerel Tur rehberimizin eksiksiz ileti\u015fim bilgilerini (telefon numaras\u0131, e-posta adresi vb.) g\u00f6nderece\u011fiz.<\/span><\/p>\n<p><b><i>Ek Bilgi Onay\u0131 <\/i><\/b><\/p>\n<ol>\n<li>Biletler, bu Tur i\u00e7in \u00f6deme yap\u0131ld\u0131ktan sonra Makbuzdur. \u00d6demeyi telefonunuzda g\u00f6sterebilirsiniz.<\/li>\n<li style=\"font-weight: 400;\"><span style=\"font-weight: 400;\">Bulu\u015fma Noktas\u0131 Rezervasyon \u0130\u015fleminden Sonra Al\u0131nacakt\u0131r.<\/span><\/li>\n<li style=\"font-weight: 400;\"><span style=\"font-weight: 400;\">\u00c7ocuklara bir yeti\u015fkin e\u015flik etmelidir.<\/span><\/li>\n<li style=\"font-weight: 400;\"><span style=\"font-weight: 400;\"> Tekerlekli sandalye eri\u015fimine uygun de\u011fil <\/span><\/li>\n<li style=\"font-weight: 400;\"><span style=\"font-weight: 400;\">Bebekler kuca\u011fa oturmal\u0131 <\/span><\/li>\n<li style=\"font-weight: 400;\"><span style=\"font-weight: 400;\">S\u0131rt sorunu olan gezginler i\u00e7in \u00f6nerilmez<\/span><\/li>\n<li style=\"font-weight: 400;\"><span style=\"font-weight: 400;\">Hamile gezginler i\u00e7in \u00f6nerilmez <\/span><\/li>\n<li style=\"font-weight: 400;\"><span style=\"font-weight: 400;\"> Kalp problemi veya di\u011fer ciddi t\u0131bbi durumlar yok <\/span><\/li>\n<li style=\"font-weight: 400;\"><span style=\"font-weight: 400;\">\u00c7o\u011fu gezgin kat\u0131labilir<\/span><\/li>\n<\/ol>\n<h4><b><i>\u0130ptal politikas\u0131<\/i><\/b><\/h4>\n<p>Tam para iadesi i\u00e7in l\u00fctfen \u0130ptal politikalar\u0131m\u0131z\u0131 okuyun\u00a0<a href=\"https:\/\/www.boattoursamana.com\/tr\/cevrimici-rezervasyon\/\" target=\"_blank\" rel=\"noopener\" data-saferedirecturl=\"https:\/\/www.google.com\/url?q=https:\/\/www.boattoursamana.com\/online-booking\/&amp;source=gmail&amp;ust=1672449202351000&amp;usg=AOvVaw1yAeVAPktmaVCqDujgUn90\">Buraya T\u0131kla<\/a>. Seyahatle ayn\u0131 g\u00fcn rezervasyon iptal edilirse para kaybedilecektir.<\/p>\n<p>&nbsp;<\/p>\n<p><em><strong>\u0130nsanlar ayr\u0131ca \u015funlar\u0131 da arar:\u00a0<\/strong><\/em><\/p>\n<p>genel bak\u0131\u015f dahil olanlar hari\u00e7 tutulanlar ayr\u0131l\u0131\u015f<\/p>\n<p>dahil olanlar hari\u00e7 olanlar gidi\u015f d\u00f6n\u00fc\u015f<\/p>\n<p>damajagua \u015felalesi \u00f6l\u00fcmleri<\/p>\n<p>27 \u015felale dominik cumhuriyeti \u00f6l\u00fcm<\/p>\n<p>damajagua \u015felalesi fiyat\u0131<\/p>\n<p>&nbsp;<\/p>\n\n\t\t<\/div>\n\t<\/div>\n<\/div><\/div><\/div><\/div><div class=\"vc_row wpb_row vc_row-fluid\" ><div class=\"wpb_column vc_column_container vc_col-sm-12\"><div class=\"vc_column-inner\"><div class=\"wpb_wrapper\"><div class=\"vc_btn3-container vc_btn3-inline\" ><button class=\"vc_general vc_btn3 vc_btn3-size-md vc_btn3-shape-rounded vc_btn3-style-modern vc_btn3-color-green\">REZERVASYON YAP<\/button><\/div>\n\t<div class=\"wpb_video_widget wpb_content_element vc_clearfix   vc_video-aspect-ratio-169 vc_video-el-width-100 vc_video-align-left\" >\n\t\t<div class=\"wpb_wrapper\">\n\t\t\t<h2 class=\"wpb_heading wpb_video_heading\">Puerto Plata&#039;dan Damajagua Turunun 27 \u015eelalesi:<\/h2>\n\t\t\t<div class=\"wpb_video_wrapper\"><iframe loading=\"lazy\" title=\"Booking Adventures &amp; Travel Dominik Cumhuriyeti taraf\u0131ndan Damajagua&#039;n\u0131n 27 \u015eelalesi\" width=\"1100\" height=\"619\" src=\"https:\/\/www.youtube.com\/embed\/AVNh_we_RQE?start=17&feature=oembed\" frameborder=\"0\" allow=\"accelerometer; autoplay; encrypted-media; gyroscope; picture-in-picture\" allowfullscreen><\/iframe><\/div>\n\t\t<\/div>\n\t<\/div>\n<\/div><\/div><\/div><\/div><div class=\"vc_row wpb_row vc_row-fluid\" ><\/div><div class=\"wpb_column vc_column_container vc_col-sm-12\"><div class=\"vc_column-inner\"><div class=\"wpb_wrapper\"><\/div><\/div><\/div><div class=\"vc_empty_space\"   style=\"height: 32px\"><span class=\"vc_empty_space_inner\"><\/span><\/div><div class=\"vc_empty_space\"   style=\"height: 32px\"><span class=\"vc_empty_space_inner\"><\/span><\/div><div class=\"vc_row wpb_row vc_row-fluid\" ><div class=\"wpb_column vc_column_container vc_col-sm-12\"><div class=\"vc_column-inner\"><div class=\"wpb_wrapper\"><div class=\"vc_btn3-container vc_btn3-inline\" ><button class=\"vc_general vc_btn3 vc_btn3-size-md vc_btn3-shape-rounded vc_btn3-style-modern vc_btn3-color-green\">REZERVASYON YAP<\/button><\/div><\/div><\/div><\/div><\/div>","protected":false},"excerpt":{"rendered":"<p>This excursion from 27 waterfalls of Damajagua in Puerto Plata, Lunch and Tour of the 27 waterfalls, hike and jump to the river.<\/p>\n<p>Ecological Trip to the 27 waterfalls of Puerto Plata. Get your tickets for a half-day tour here at Damajagua&#8217;s Waterfall 27. Entrance tickets with lunch and excursion include jumping and swimming in the most beautiful waterfalls in the Dominican Republic. Hiking and swimming with safety equipment to have the best experience!<\/p>\n<p><strong><span style=\"vertical-align: inherit;\"><span style=\"vertical-align: inherit;\"><span style=\"vertical-align: inherit;\"><span style=\"vertical-align: inherit;\">Tur i\u00e7in se\u00e7im yap\u0131n:\u00a0<\/span><\/span><\/span><\/span><\/strong><\/p>","protected":false},"featured_media":12093,"template":"","meta":[],"product_cat":[283,947,864,159,253,252],"product_tag":[405,865,403,402,285,407],"class_list":["post-12091","product","type-product","status-publish","has-post-thumbnail","hentry","product_cat-damajagua","product_cat-1-puerto-plata","product_cat-buggies-puerto-plata","product_cat-fees-entrace","product_cat-tours-and-excursions","product_cat-waterfalls","product_tag-amber-cove-excursions","product_tag-buggies-puerto-plata","product_tag-damajagua-national-park","product_tag-how-to-get-to-27-waterfalls-from-puerto-plata","product_tag-puerto-plata","product_tag-things-to-do-in-amber-cove"],"_links":{"self":[{"href":"https:\/\/www.boattoursamana.com\/tr\/wp-json\/wp\/v2\/product\/12091","targetHints":{"allow":["GET"]}}],"collection":[{"href":"https:\/\/www.boattoursamana.com\/tr\/wp-json\/wp\/v2\/product"}],"about":[{"href":"https:\/\/www.boattoursamana.com\/tr\/wp-json\/wp\/v2\/types\/product"}],"wp:featuredmedia":[{"embeddable":true,"href":"https:\/\/www.boattoursamana.com\/tr\/wp-json\/wp\/v2\/media\/12093"}],"wp:attachment":[{"href":"https:\/\/www.boattoursamana.com\/tr\/wp-json\/wp\/v2\/media?parent=12091"}],"wp:term":[{"taxonomy":"product_cat","embeddable":true,"href":"https:\/\/www.boattoursamana.com\/tr\/wp-json\/wp\/v2\/product_cat?post=12091"},{"taxonomy":"product_tag","embeddable":true,"href":"https:\/\/www.boattoursamana.com\/tr\/wp-json\/wp\/v2\/product_tag?post=12091"}],"curies":[{"name":"wp","href":"https:\/\/api.w.org\/{rel}","templated":true}]}}