{"id":12626,"date":"2021-07-23T06:20:17","date_gmt":"2021-07-23T06:20:17","guid":{"rendered":"https:\/\/www.ticketswhales.com\/?post_type=product&#038;p=12626"},"modified":"2023-11-06T14:32:03","modified_gmt":"2023-11-06T14:32:03","slug":"hike-kayak-los-haitises-national-park-from-juan-dolio","status":"publish","type":"product","link":"https:\/\/www.boattoursamana.com\/tr\/tur\/juan-doliodan-kayak-los-haitises-milli-park-yuruyus-2","title":{"rendered":"Y\u00fcr\u00fcy\u00fc\u015f + Juan Dolio&#039;dan Kay\u0131k Los Haitises Ulusal Park\u0131"},"content":{"rendered":"<div class=\"vc_row wpb_row vc_row-fluid\" ><div class=\"wpb_column vc_column_container vc_col-sm-12\"><div class=\"vc_column-inner\"><div class=\"wpb_wrapper\"><div class=\"vc_btn3-container vc_btn3-inline\" ><button class=\"vc_general vc_btn3 vc_btn3-size-md vc_btn3-shape-rounded vc_btn3-style-modern vc_btn3-color-green\">REZERVASYON YAP<\/button><\/div>\n\t<div class=\"wpb_text_column wpb_content_element\" >\n\t\t<div class=\"wpb_wrapper\">\n\t\t\t<h4><b><i>genel bak\u0131\u015f <\/i><\/b><\/h4>\n<p>Bu Y\u00fcr\u00fcy\u00fc\u015f Parkuru + Kano Turu, Otellerden Transfer ile Juan Dolio&#039;dan ba\u015flar. Ard\u0131ndan Los Haitises Milli Park\u0131 i\u00e7inde Nemli Orman boyunca yakla\u015f\u0131k 2 saat y\u00fcr\u00fcy\u00fc\u015f yapaca\u011f\u0131m\u0131z parka var\u0131yoruz. Bu b\u00f6lgenin \u015fifal\u0131 bitkileri hakk\u0131nda bilgi edinecek, geni\u015f yaprakl\u0131 birincil ve ikincil Los Haitises Ulusal Park\u0131 da\u011flar\u0131n\u0131 g\u00f6recek ve ayn\u0131 zamanda Eco-lodge Ca\u00f1o Hondo&#039;nun do\u011fal havuzlar\u0131n\u0131n sular\u0131n\u0131n akt\u0131\u011f\u0131 Jivales Nehri&#039;nin kayna\u011f\u0131na ula\u015facaks\u0131n\u0131z. Daha sonra g\u00fcvenli\u011finiz i\u00e7in gerekli malzemeleri (Can yele\u011fi vb.), kanolar\u0131 al\u0131p mangrov batakl\u0131klar\u0131ndan ge\u00e7iyoruz. Ku\u015f dolu mangrovlar, yemye\u015fil bitki \u00f6rt\u00fcs\u00fcn\u00fcn ini\u015fli \u00e7\u0131k\u0131\u015fl\u0131 tepelerini g\u00f6receksiniz. Engebeli orman manzaras\u0131n\u0131 foto\u011fraflayabilece\u011finiz a\u00e7\u0131k San Lorenzo K\u00f6rfezi&#039;ndeki mangrovlar ve Kara boyunca.<\/p>\n<p>Bu deneyimden sonra Cano Hondo&#039;ya geri d\u00f6neceksiniz veya Sabana de la mar arabayla Juan Dolio b\u00f6lgelerine geri d\u00f6neceksiniz.<\/p>\n<ul>\n<li style=\"font-weight: 400;\">\u00dccretler dahil<\/li>\n<li>Los Haitises Milli Park\u0131 Y\u00fcr\u00fcy\u00fc\u015f Gezisi<\/li>\n<li style=\"font-weight: 400;\"><span style=\"font-weight: 400;\">K\u0131lavuz talimat ve Denetim sa\u011flar<\/span><\/li>\n<\/ul>\n<p>&nbsp;<\/p>\n<h4><b>Dahil Edilenler ve Hari\u00e7 Tutulanlar<\/b><\/h4>\n<p>&nbsp;<\/p>\n<p><b>Dahil olanlar<\/b><\/p>\n<p>&nbsp;<\/p>\n<ol>\n<li style=\"font-weight: 400;\">Los Haitises Milli Park\u0131<\/li>\n<li>Y\u00fcr\u00fcy\u00fc\u015f + Kay\u0131k<\/li>\n<li style=\"font-weight: 400;\"><span style=\"font-weight: 400;\">T\u00fcm vergiler, \u00fccretler ve i\u015flem \u00fccretleri<\/span><\/li>\n<li style=\"font-weight: 400;\"><span style=\"font-weight: 400;\">Yerel vergiler<\/span><\/li>\n<li style=\"font-weight: 400;\"><span style=\"font-weight: 400;\">\u0130\u00e7ecekler<\/span><\/li>\n<li style=\"font-weight: 400;\"><span style=\"font-weight: 400;\">T\u00fcm aktiviteler<\/span><\/li>\n<li style=\"font-weight: 400;\"><span style=\"font-weight: 400;\">Yerel rehber<\/span><\/li>\n<li><span style=\"font-weight: 400;\">Aktar<\/span><\/li>\n<li>Yerlilerle \u00d6\u011fle Yeme\u011fi<\/li>\n<\/ol>\n<p><b> \u0130stisnalar<\/b><\/p>\n<ol>\n<li style=\"font-weight: 400;\"><span style=\"font-weight: 400;\">Bah\u015fi\u015fler<\/span><\/li>\n<li style=\"font-weight: 400;\"><span style=\"font-weight: 400;\">Alkoll\u00fc i\u00e7ecekler<\/span><\/li>\n<\/ol>\n<p>&nbsp;<\/p>\n<h4><em><strong>Gidi\u015f &amp; D\u00f6n\u00fc\u015f<\/strong><\/em><\/h4>\n<p><span style=\"font-weight: 400;\">Gezgin, Rezervasyon \u0130\u015fleminden sonra bir bulu\u015fma noktas\u0131 alacakt\u0131r. Turlar bulu\u015fma noktalar\u0131m\u0131zda ba\u015flar ve biter.<\/span><\/p>\n<p>&nbsp;<\/p>\n<h2>Y\u00fcr\u00fcy\u00fc\u015f + Juan Dolio&#039;dan Kay\u0131k Los Haitises Ulusal Park\u0131<\/h2>\n<h4><b><i>Ne bekleyebilece\u011finizi?<\/i><\/b><\/h4>\n<p>Milli park\u0131n ad\u0131, orijinal sakinleri olan Taino K\u0131z\u0131lderililerinden geliyor. Kendi dillerinde \u201cHaitises\u201d, k\u0131y\u0131 \u015feridinin Kire\u00e7ta\u015fl\u0131 sarp jeolojik olu\u015fumlar\u0131na at\u0131fta bulunarak yaylalar veya Tepeler anlam\u0131na gelir. Kayak yapmak 2 saattir.<\/p>\n<p>Bu proje alan\u0131 i\u00e7erisinde \u00c7evre Koruyucular\u0131 ve G\u00f6n\u00fcll\u00fcleri olarak Yeti\u015fen Yerlilerle Tarih ve Do\u011fay\u0131 \u00d6\u011frenen tur rehberleri. \u201cBooking Adventures\u201d taraf\u0131ndan d\u00fczenlenen tur, Tur Rehberi ile belirlenen bulu\u015fma noktas\u0131nda ba\u015flar.<\/p>\n<p>Tarlalar ve tar\u0131m arazileri aras\u0131nda yapaca\u011f\u0131n\u0131z ilk y\u00fcr\u00fcy\u00fc\u015ften sonra, Hindistan Cevizi ve Kakao Orman\u0131&#039;nda y\u00fcr\u00fcmeye ba\u015flayacaks\u0131n\u0131z. Los Haitises Ulusal Park\u0131 i\u00e7indeki birincil ve benzersiz koruma orman\u0131 alan\u0131n\u0131n i\u00e7ine her dakika girmek. Booking Adventures ile gelin ve baz\u0131 Endemik Ku\u015flar\u0131, Memelileri ve Bitki t\u00fcrlerini, yemye\u015fil bitki \u00f6rt\u00fcs\u00fcn\u00fcn ini\u015fli \u00e7\u0131k\u0131\u015fl\u0131 tepelerini ve ma\u011faralar\u0131 kontrol etmeye ba\u015flay\u0131n. <em><strong>Los Haitises Milli Park\u0131<\/strong><\/em>.<\/p>\n<div class=\"body-description secondary\">\n<p>Milli park\u0131n ad\u0131, as\u0131l sakinleri olan Taino K\u0131z\u0131lderililerinden gelmektedir. Kendi dillerinde \u201cHaitises\u201d, k\u0131y\u0131 \u015feridinin Kire\u00e7ta\u015fl\u0131 sarp jeolojik olu\u015fumlar\u0131na at\u0131fta bulunarak yaylalar veya Tepeler anlam\u0131na gelir. gibi ma\u011faralar\u0131 ke\u015ffetmek i\u00e7in park\u0131n derinliklerine inin. <em><strong>Cueva de la Arena<\/strong><\/em> ve <strong><em>Cueva de la Linea. Tekne turunu Y\u00fcr\u00fcy\u00fc\u015f gezisi ile e\u015fle\u015ftirebilirsiniz. Sadece bizimle ileti\u015fime ge\u00e7in.<\/em><\/strong><\/p>\n<p>Rezervdeki ma\u011faralar, Taino K\u0131z\u0131lderilileri taraf\u0131ndan ve daha sonra korsanlar\u0131 saklayarak s\u0131\u011f\u0131nak olarak kullan\u0131ld\u0131. Baz\u0131 duvarlar\u0131 s\u00fcsleyen K\u0131z\u0131lderili \u00e7izimlerine bak\u0131n. Ya\u011fmur Orman\u0131&#039;nda 700 y\u00fczden fazla bitki t\u00fcr\u00fc bulunuyor, bu y\u00fcr\u00fcy\u00fc\u015f parkurunda bildi\u011fimiz t\u00fcm t\u0131bbi bitkileri ziyaret\u00e7ilere \u00f6\u011fretmeye \u00e7al\u0131\u015f\u0131yoruz.<\/p>\n<p>\u00d6\u011frenmek, y\u00fcr\u00fcy\u00fc\u015f yapmak ve Los Haitises Milli Park\u0131&#039;n\u0131n ger\u00e7ek do\u011fas\u0131n\u0131n tad\u0131n\u0131 \u00e7\u0131karmak i\u00e7in gelin.<\/p>\n<\/div>\n<p>&nbsp;<\/p>\n<h4><em><strong>Ne getirmelisin?<\/strong><\/em><\/h4>\n<ul>\n<li style=\"font-weight: 400;\"><span style=\"font-weight: 400;\">Kamera<\/span><\/li>\n<li style=\"font-weight: 400;\"><span style=\"font-weight: 400;\">Kovucu tomurcuklar<\/span><\/li>\n<li style=\"font-weight: 400;\"><span style=\"font-weight: 400;\">G\u00fcne\u015f kremi<\/span><\/li>\n<li style=\"font-weight: 400;\"><span style=\"font-weight: 400;\">\u015eapka<\/span><\/li>\n<li style=\"font-weight: 400;\"><span style=\"font-weight: 400;\">rahat pantolon<\/span><\/li>\n<li style=\"font-weight: 400;\"><span style=\"font-weight: 400;\">Orman i\u00e7in y\u00fcr\u00fcy\u00fc\u015f ayakkab\u0131s\u0131<\/span><\/li>\n<li style=\"font-weight: 400;\"><span style=\"font-weight: 400;\">Bahar b\u00f6lgelerine sandalet.<\/span><\/li>\n<li style=\"font-weight: 400;\"><span style=\"font-weight: 400;\">Y\u00fczme giysileri<\/span><\/li>\n<\/ul>\n<p>&nbsp;<\/p>\n<h4><b><i>otelden alma <\/i><\/b><\/h4>\n<p><span style=\"font-weight: 400;\">Bu tur i\u00e7in otelden alma hizmeti sunulmaktad\u0131r.\u00a0<\/span><\/p>\n<p><b>Not:<\/b><span style=\"font-weight: 400;\"> Tur\/Gezi kalk\u0131\u015f saatinden sonraki 24 saat i\u00e7inde rezervasyon yap\u0131yorsan\u0131z, Juan Dolio b\u00f6lgelerinden otelden alma ayarlayabiliriz. Sat\u0131n alma i\u015fleminiz tamamland\u0131\u011f\u0131nda, teslim alma d\u00fczenlemelerini organize etmesi i\u00e7in size yerel Tur rehberimizin eksiksiz ileti\u015fim bilgilerini (telefon numaras\u0131, e-posta adresi vb.) g\u00f6nderece\u011fiz.<\/span><\/p>\n<h4><b><i>Ek Bilgi Onay\u0131 <\/i><\/b><\/h4>\n<ol>\n<li>Biletler, bu Tur i\u00e7in \u00f6deme yap\u0131ld\u0131ktan sonra Makbuzdur. \u00d6demeyi telefonunuzda g\u00f6sterebilirsiniz.<\/li>\n<li style=\"font-weight: 400;\"><span style=\"font-weight: 400;\">Bulu\u015fma Noktas\u0131 Rezervasyon \u0130\u015fleminden Sonra Al\u0131nacakt\u0131r.<\/span><\/li>\n<li style=\"font-weight: 400;\"><span style=\"font-weight: 400;\">\u00c7ocuklara bir yeti\u015fkin e\u015flik etmelidir.<\/span><\/li>\n<li style=\"font-weight: 400;\"><span style=\"font-weight: 400;\"> Tekerlekli sandalye eri\u015fimine uygun de\u011fil <\/span><\/li>\n<li style=\"font-weight: 400;\"><span style=\"font-weight: 400;\">Bebekler kuca\u011fa oturmal\u0131 <\/span><\/li>\n<li style=\"font-weight: 400;\"><span style=\"font-weight: 400;\">S\u0131rt sorunu olan gezginler i\u00e7in \u00f6nerilmez<\/span><\/li>\n<li style=\"font-weight: 400;\"><span style=\"font-weight: 400;\">Hamile gezginler i\u00e7in \u00f6nerilmez <\/span><\/li>\n<li style=\"font-weight: 400;\"><span style=\"font-weight: 400;\"> Kalp problemi veya di\u011fer ciddi t\u0131bbi durumlar yok <\/span><\/li>\n<li style=\"font-weight: 400;\"><span style=\"font-weight: 400;\">\u00c7o\u011fu gezgin kat\u0131labilir<\/span><\/li>\n<\/ol>\n<h4><b><i>\u0130ptal politikas\u0131<\/i><\/b><\/h4>\n<p>Tam para iadesi i\u00e7in l\u00fctfen \u0130ptal politikalar\u0131m\u0131z\u0131 okuyun\u00a0<a href=\"https:\/\/www.boattoursamana.com\/tr\/cevrimici-rezervasyon\/\" target=\"_blank\" rel=\"noopener\" data-saferedirecturl=\"https:\/\/www.google.com\/url?q=https:\/\/www.boattoursamana.com\/online-booking\/&amp;source=gmail&amp;ust=1672449202351000&amp;usg=AOvVaw1yAeVAPktmaVCqDujgUn90\">Buraya T\u0131kla<\/a>. Seyahatle ayn\u0131 g\u00fcn rezervasyon iptal edilirse para kaybedilecektir.<\/p>\n\n\t\t<\/div>\n\t<\/div>\n<\/div><\/div><\/div><\/div><div class=\"vc_row wpb_row vc_row-fluid\" ><div class=\"wpb_column vc_column_container vc_col-sm-12\"><div class=\"vc_column-inner\"><div class=\"wpb_wrapper\"><div class=\"vc_btn3-container vc_btn3-inline\" ><button class=\"vc_general vc_btn3 vc_btn3-size-md vc_btn3-shape-rounded vc_btn3-style-modern vc_btn3-color-green\">REZERVASYON YAP<\/button><\/div>\n\t<div class=\"wpb_video_widget wpb_content_element vc_clearfix   vc_video-aspect-ratio-169 vc_video-el-width-100 vc_video-align-left\" >\n\t\t<div class=\"wpb_wrapper\">\n\t\t\t<h2 class=\"wpb_heading wpb_video_heading\">Haiti&#039;de Kano Gezintisi<\/h2>\n\t\t\t<div class=\"wpb_video_wrapper\"><iframe loading=\"lazy\" title=\"Los Haitises Ulusal Park\u0131, Dominik Cumhuriyeti&#039;nde Kano ve Ma\u011farac\u0131l\u0131k Turu\" width=\"1100\" height=\"619\" src=\"https:\/\/www.youtube.com\/embed\/ucU1uwB57wQ?feature=oembed\" frameborder=\"0\" allow=\"accelerometer; autoplay; clipboard-write; encrypted-media; gyroscope; picture-in-picture; web-share\" allowfullscreen><\/iframe><\/div>\n\t\t<\/div>\n\t<\/div>\n<\/div><\/div><\/div><\/div><div class=\"vc_row wpb_row vc_row-fluid\" ><\/div><div class=\"wpb_column vc_column_container vc_col-sm-12\"><div class=\"vc_column-inner\"><div class=\"wpb_wrapper\"><\/div><\/div><\/div><div class=\"vc_empty_space\"   style=\"height: 32px\"><span class=\"vc_empty_space_inner\"><\/span><\/div><div class=\"vc_empty_space\"   style=\"height: 32px\"><span class=\"vc_empty_space_inner\"><\/span><\/div><div class=\"vc_row wpb_row vc_row-fluid\" ><div class=\"wpb_column vc_column_container vc_col-sm-12\"><div class=\"vc_column-inner\"><div class=\"wpb_wrapper\"><\/div><\/div><\/div><\/div>","protected":false},"excerpt":{"rendered":"<p>Juan dolio&#039;dan Sabana de la mar&#039;a arabayla gittikten sonra. Sabana de la Mar&#039;dan yerel bir rehber e\u015fli\u011finde Los Haitises Milli Park\u0131&#039;nda 2 saatlik y\u00fcr\u00fcy\u00fc\u015f ve mangrov kanosu yapaca\u011f\u0131z. Ya\u011fmur orman\u0131, Hindistan cevizi, Kahve ve Kakao b\u00f6lgelerini ziyaret edece\u011fiz. Los Haitises Milli Park\u0131&#039;n\u0131n orijinal tarihi hakk\u0131nda bilgi edinmek.<\/p>\n<p>&nbsp;<\/p>\n<p><em><strong>Y\u00fcr\u00fcy\u00fc\u015f gezisinin tarihini se\u00e7in:<\/strong><\/em><\/p>","protected":false},"featured_media":8672,"template":"","meta":[],"product_cat":[456,946,178,927,934,254,255],"product_tag":[422,268,174,173,577,576,571,570,569,317,316,206,899,209,575,441,574,572,499,175,498,200,187,573],"class_list":["post-12626","product","type-product","status-publish","has-post-thumbnail","hentry","product_cat-day-trips","product_cat-1-sabana-de-la-mar","product_cat-hiking","product_cat-hiking-los-haitises","product_cat-kayaking-los-haitises","product_cat-tours-excursions-los-haitises-national-park","product_cat-tours-excursions-samana-bay-dominican-republic","product_tag-cano-hondo-sabana-de-la-mar","product_tag-caves-los-haitises","product_tag-eco-tours","product_tag-excursion","product_tag-hike-kayak","product_tag-hike-kayak-los-haitises-national-park","product_tag-hiking-los-haitises","product_tag-hiking-sabana-de-la-mar","product_tag-hiking-samana","product_tag-kayak-tour","product_tag-kayaking","product_tag-kayaking-los-haitises","product_tag-los-haitises-juan-dolio","product_tag-los-haitises-national-park","product_tag-los-haitises-national-park-entrance-fee","product_tag-los-haitises-national-park-tour-from-las-terrenas","product_tag-los-haitises-national-park-tour-from-santo-domingo","product_tag-los-haitises-national-park-weather","product_tag-los-haitises-sabana-de-la-mar","product_tag-sabana-de-la-mar","product_tag-sabana-de-la-mar-tour","product_tag-samana-excursions","product_tag-samana-tours","product_tag-secrets-of-los-haitises"],"_links":{"self":[{"href":"https:\/\/www.boattoursamana.com\/tr\/wp-json\/wp\/v2\/product\/12626","targetHints":{"allow":["GET"]}}],"collection":[{"href":"https:\/\/www.boattoursamana.com\/tr\/wp-json\/wp\/v2\/product"}],"about":[{"href":"https:\/\/www.boattoursamana.com\/tr\/wp-json\/wp\/v2\/types\/product"}],"wp:featuredmedia":[{"embeddable":true,"href":"https:\/\/www.boattoursamana.com\/tr\/wp-json\/wp\/v2\/media\/8672"}],"wp:attachment":[{"href":"https:\/\/www.boattoursamana.com\/tr\/wp-json\/wp\/v2\/media?parent=12626"}],"wp:term":[{"taxonomy":"product_cat","embeddable":true,"href":"https:\/\/www.boattoursamana.com\/tr\/wp-json\/wp\/v2\/product_cat?post=12626"},{"taxonomy":"product_tag","embeddable":true,"href":"https:\/\/www.boattoursamana.com\/tr\/wp-json\/wp\/v2\/product_tag?post=12626"}],"curies":[{"name":"wp","href":"https:\/\/api.w.org\/{rel}","templated":true}]}}