{"id":12911,"date":"2021-09-01T21:33:32","date_gmt":"2021-09-01T21:33:32","guid":{"rendered":"https:\/\/www.ticketswhales.com\/?post_type=product&#038;p=12911"},"modified":"2023-11-06T10:30:33","modified_gmt":"2023-11-06T10:30:33","slug":"samana-whales-tour-with-bacardi-island-and-limon-waterfall","status":"publish","type":"product","link":"https:\/\/www.boattoursamana.com\/tr\/tur\/bacardi-adasi-ve-limon-selalesi-ile-samana-balina-turu-2","title":{"rendered":"Bacardi Adas\u0131 ve Limon \u015eelalesi ile Saman\u00e1 Balina Turu"},"content":{"rendered":"<div class=\"wpb_column vc_column_container vc_col-sm-12\"><div class=\"vc_column-inner\"><div class=\"wpb_wrapper\"><\/div><\/div><\/div><div class=\"vc_row wpb_row vc_row-fluid\" ><div class=\"wpb_column vc_column_container vc_col-sm-12\"><div class=\"vc_column-inner\"><div class=\"wpb_wrapper\">\n\t<div class=\"wpb_text_column wpb_content_element\" >\n\t\t<div class=\"wpb_wrapper\">\n\t\t\t<div class=\"vc_row wpb_row vc_row-fluid\">\n<div class=\"wpb_column vc_column_container vc_col-sm-12\">\n<div class=\"vc_column-inner\">\n<div class=\"wpb_wrapper\">\n<div class=\"wpb_text_column wpb_content_element\">\n<div class=\"wpb_wrapper\">\n<div class=\"vc_row wpb_row vc_row-fluid\">\n<div class=\"wpb_column vc_column_container vc_col-sm-12\">\n<div class=\"vc_column-inner\">\n<div class=\"wpb_wrapper\">\n<div class=\"wpb_text_column wpb_content_element\">\n<div class=\"wpb_wrapper\">\n<h2>Cayo Levantado art\u0131 El limon \u015eelalelerine Safari<\/h2>\n<h4><b><i>GENEL BAKI\u015e\ud83d\udc33<\/i><\/b><\/h4>\n<p>Balina Punta Cana, Saman\u00e1 K\u00f6rfezi&#039;nde balina g\u00f6zlemcili\u011fi ve Punta Cana otellerinden bu tam g\u00fcnl\u00fck gezi s\u0131ras\u0131nda Cayo Levantado art\u0131 El limon \u015eelalelerine Safari&#039;yi ziyaret edin. Konforlu, klimal\u0131 bir otob\u00fcsle Saman\u00e1 koyuna seyahat edin, ard\u0131ndan Miches&#039;te bir tekne Katamaran\u0131na transfer olun. B\u00f6lgeyi \u00fcremek ve yavrular\u0131n\u0131 do\u011furmak i\u00e7in ziyaret eden kambur balina s\u00fcr\u00fclerini aramak i\u00e7in a\u00e7\u0131k sulara \u00e7\u0131k\u0131n. Uzman do\u011fa bilimci rehberinizden bu deniz memelilerinin davran\u0131\u015flar\u0131 ve biyolojileri hakk\u0131nda bilgi edinin. Punta Cana&#039;ya d\u00f6nmeden \u00f6nce hindistancevizi orman\u0131nda Atlara binen el Limon \u015eelalelerine yap\u0131lan bu Safari gezisinden sonra sahilde \u00f6\u011fle yeme\u011fi ve masmavi sulara dalmak i\u00e7in Cayo Levantado \/ Bacardi Adas\u0131&#039;na devam edin.<\/p>\n<p>&nbsp;<\/p>\n<p><strong>Not:<\/strong>\u00a0Bu tur \u00d6zel de\u011fil. Bu tur \u015fu dura\u011f\u0131 i\u00e7ermektedir:\u00a0<strong>Limon \u015eelalesi<\/strong>. Ayn\u0131 geziyi rezerve etmek ve \u015felalelere gitmemek i\u00e7in l\u00fctfen\u00a0<a href=\"https:\/\/www.boattoursamana.com\/tr\/tours-excursions\/turlar-geziler-samana-bay-dominik-cumhuriyeti\/whale-watching-2020-in-punta-cana-to-samana-bay-cayo-levantado-bacardi-island-from-hotels\/\">BURAYA TIKLAYIN.<\/a><\/p>\n<ul>\n<li>Balina \u0130zleme gezisi<\/li>\n<li>Bacardi Adas\u0131 \/ Cayo Levantado<\/li>\n<li>G\u00f6zlemevine giri\u015f \u00fccretleri<\/li>\n<li>Samana Safarisi<\/li>\n<li>El Limon \u015eelaleleri At Binme<\/li>\n<li>Sahilde a\u00e7\u0131k b\u00fcfe \u00f6\u011fle yeme\u011fi dahildir.<\/li>\n<li>Tekne Transferi<\/li>\n<li>Kaptan talimat ve Denetim sa\u011flar<\/li>\n<li>Tur rehberi<\/li>\n<\/ul>\n<p>&nbsp;<\/p>\n<h4><b>Dahil Edilenler ve Hari\u00e7 Tutulanlar<\/b><\/h4>\n<p>&nbsp;<\/p>\n<p><b>Dahil olanlar<\/b><\/p>\n<p>&nbsp;<\/p>\n<ol>\n<li>Sahilde a\u00e7\u0131k b\u00fcfe \u00f6\u011fle yeme\u011fi<\/li>\n<li>Otellerden Transfer<\/li>\n<li>Tur rehberi<\/li>\n<li>Katamaran veya Tekne Gezisi<\/li>\n<li>T\u00fcm vergiler, \u00fccretler ve i\u015flem \u00fccretleri<\/li>\n<li>Yerel vergiler<\/li>\n<li>\u0130\u00e7ecekler<\/li>\n<\/ol>\n<p><b>\u0130stisnalar<\/b><\/p>\n<ol>\n<li>Bah\u015fi\u015fler<\/li>\n<\/ol>\n<p>&nbsp;<\/p>\n<h4><em><strong>Gidi\u015f &amp; D\u00f6n\u00fc\u015f<\/strong><\/em><\/h4>\n<p>Bu tur i\u00e7in otelden alma hizmeti sunulmaktad\u0131r. Not k\u0131sm\u0131na sizi almak i\u00e7in otelin ad\u0131n\u0131 yazman\u0131z yeterli. T\u00fcm Punta Cana Otellerinde al\u0131yoruz.<\/p>\n<p>&nbsp;<\/p>\n<h3>Punta Cana Otellerinden Samana Balina \u0130zleme + Cayo Levantado (Bacardi Adas\u0131) + Limon \u015eelaleleri.<\/h3>\n<h4><b><i>Ne bekleyebilece\u011finizi?<\/i><\/b><\/h4>\n<p>S\u00e1mana K\u00f6rfezi&#039;ndeki bu 12 saatlik Kambur balina g\u00f6zlem gezisi s\u0131ras\u0131nda Dominik Cumhuriyeti&#039;nin nazik deniz devleriyle yak\u0131nla\u015f\u0131n. S\u0131cak tropik sular\u0131nda \u00e7iftle\u015fmek, beslenmek ve oynamak i\u00e7in her y\u0131l adaya ak\u0131n eden binlerce balinay\u0131 g\u00f6zlemleyerek unutulmaz bir g\u00fcn ge\u00e7irin. Bu g\u00fczel yarat\u0131klar\u0131 g\u00f6zlemlerken, uzman balina izleme rehberinizden benzersiz i\u00e7g\u00f6r\u00fclerin tad\u0131n\u0131 \u00e7\u0131karacaks\u0131n\u0131z. G\u00fczel Cayo Levantado Adas\u0131&#039;nda fiyata dahil olan bir \u00f6\u011fle yeme\u011fi ve plaj zaman\u0131 ile g\u00fcn\u00fc tamamlay\u0131n. Gidi\u015f-d\u00f6n\u00fc\u015f otel ula\u015f\u0131m\u0131 da dahildir.<\/p>\n<p>Sabah 9:00&#039;dan \u00f6\u011flen 12:00&#039;ye kadar Balina G\u00f6zlemevi ve Bu Balina gezisinden sonra Bacardi Adas\u0131 \/ Cayo Levantado&#039;yu ziyaret edece\u011fiz. Bacardi Adas\u0131&#039;nda tipik Dominik Usul\u00fcnden \u00d6\u011fle Yeme\u011fi B\u00fcfesi sunulacakt\u0131r (Pirin\u00e7, Fasulye, Bal\u0131k, Salatalar\u2026). \u00d6\u011fle yeme\u011fi bitti\u011finde y\u00fczmenize izin verilir ve saat 16: 30&#039;a kadar El limon \u015felalelerine gitmeye haz\u0131rlan\u0131rs\u0131n\u0131z. Tur, saat 17:00&#039;de, ayn\u0131 limanda, Katamaran\u0131m\u0131zla ba\u015flayacak ve otob\u00fcsle Punta Cana Hotels&#039;e geri d\u00f6necektir.<\/p>\n<p><strong>Masa saati:<\/strong><\/p>\n<p>6:00 \u2013 7:00 M\u00fc\u015fterilerin farkl\u0131 otellerden al\u0131nmas\u0131<br \/>\n07:00 Sabana de la mar&#039;da Las Canitas&#039;a hareket<br \/>\n08:15 \u00d6zel iskeleye var\u0131\u015f<br \/>\n08:15 \u2013 8:40 Kahvalt\u0131 Saati (sandvi\u00e7, muffin, \u00e7ay, kahve, meyve sular\u0131)<br \/>\n8:45 Samana&#039;daki kambur balinalar\u0131n s\u0131\u011f\u0131na\u011f\u0131na yolculu\u011fumuza ba\u015flamak i\u00e7in gemiye bini\u015f<br \/>\n11:00 Balinalar\u0131 45 dakikal\u0131k bir s\u00fcre i\u00e7in aray\u0131n - Bu, H\u00fck\u00fcmet kurallar\u0131na g\u00f6re Zamanlamad\u0131r.<br \/>\n11:45 Samana K\u00f6rfezi&#039;ndeki Cayo Levantado&#039;ya gidin<br \/>\n12:30 Cayo Levantado&#039;ya var\u0131\u015f<br \/>\n13:00 \u00d6\u011fle yeme\u011fi zaman\u0131 (\u00f6\u011fle yeme\u011fi b\u00fcfesi, tipik Dominik)*<br \/>\n13:45 \u2013 15:30 Cayo Levantado&#039;da bo\u015f zaman<br \/>\n15:00 \u2013 15:45 Tekrar gemide, Miches&#039;e d\u00f6n\u00fc\u015f y\u00f6n\u00fc<br \/>\n17:00 Miches&#039;e var\u0131\u015f ve Punta Cana&#039;daki otellere hareket<br \/>\n19:30 \u2013 20:00 Punta Cana&#039;daki otellere var\u0131\u015f<\/p>\n<p><strong>*\u00d6\u011fle Yeme\u011fi Men\u00fcs\u00fc (tipik Dominik)<br \/>\n<\/strong>Pilav, \u0131zgara tavuk veya \u0131zgara bal\u0131k, salata, sebze, taze meyve.<\/p>\n<p><strong>*Balina izlemenin ard\u0131ndan \u015felale El Limon&#039;daki dura\u011f\u0131 eklemeyi se\u00e7en m\u00fc\u015fteriler \u015felale reklam\u0131na ge\u00e7ecek ve Cayo Levantado&#039;da daha az zaman ge\u00e7irecekler.<\/strong><\/p>\n<p>Bu tur \u015fu dura\u011f\u0131 i\u00e7ermektedir:\u00a0<strong>Limon \u015eelalesi<\/strong>. Ayn\u0131 geziyi rezerve etmek ve \u015felalelere gitmemek i\u00e7in l\u00fctfen\u00a0<a href=\"https:\/\/www.boattoursamana.com\/tr\/tours-excursions\/turlar-geziler-samana-bay-dominik-cumhuriyeti\/whale-watching-2020-in-punta-cana-to-samana-bay-cayo-levantado-bacardi-island-from-hotels\/\">BURAYA TIKLAYIN.<\/a><\/p>\n<p>&nbsp;<\/p>\n<h4><em><strong>Ne getirmelisin?<\/strong><\/em><\/h4>\n<ul>\n<li>Kamera<\/li>\n<li>Kovucu tomurcuklar<\/li>\n<li>G\u00fcne\u015f kremi<\/li>\n<li>\u015eapka<\/li>\n<li>rahat pantolon<\/li>\n<li>Sahile giden sandaletler<\/li>\n<li>Y\u00fczme giysileri<\/li>\n<li>Hediyelik e\u015fyalar ve bah\u015fi\u015fler i\u00e7in nakit para<\/li>\n<\/ul>\n<p>&nbsp;<\/p>\n<h4><b><i>otelden alma<\/i><\/b><\/h4>\n<p>Bu tur i\u00e7in otelden alma hizmeti sunulmaktad\u0131r. Not k\u0131sm\u0131na sizi almak i\u00e7in otelin ad\u0131n\u0131 yazman\u0131z yeterli. T\u00fcm Punta Cana Otellerinde al\u0131yoruz.<\/p>\n<p>&nbsp;<\/p>\n<p><b>Not:<\/b>\u00a0tur\/Gezi hareket saatinden sonraki 24 saat i\u00e7inde rezervasyon yap\u0131yorsan\u0131z, otelden alma ayarlayabiliriz. Sat\u0131n alma i\u015fleminiz tamamland\u0131\u011f\u0131nda, teslim alma d\u00fczenlemelerini organize etmesi i\u00e7in size yerel Tur rehberimizin eksiksiz ileti\u015fim bilgilerini (telefon numaras\u0131, e-posta adresi vb.) g\u00f6nderece\u011fiz.<\/p>\n<h4><b><i>Ek Bilgi Onay\u0131<\/i><\/b><\/h4>\n<ol>\n<li>Biletler, bu Turu \u00f6dedikten sonra Makbuzdur. \u00d6demeyi telefonunuzda g\u00f6sterebilirsiniz.<\/li>\n<li>Bulu\u015fma Noktas\u0131 Rezervasyon \u0130\u015fleminden Sonra Al\u0131nacakt\u0131r.<\/li>\n<li>\u00c7ocuklara bir yeti\u015fkin e\u015flik etmelidir.<\/li>\n<li>tekerlekli sandalye eri\u015filebilir<\/li>\n<li>Bebekler kuca\u011fa oturmal\u0131<\/li>\n<li>\u00c7o\u011fu gezgin kat\u0131labilir<\/li>\n<\/ol>\n<h4><b><i>\u0130ptal politikas\u0131<\/i><\/b><\/h4>\n<p>Tam para iadesi i\u00e7in l\u00fctfen \u0130ptal politikalar\u0131m\u0131z\u0131 okuyun\u00a0<a href=\"https:\/\/www.boattoursamana.com\/tr\/cevrimici-rezervasyon\/\" target=\"_blank\" rel=\"noopener\" data-saferedirecturl=\"https:\/\/www.google.com\/url?q=https:\/\/www.boattoursamana.com\/online-booking\/&amp;source=gmail&amp;ust=1672449202351000&amp;usg=AOvVaw1yAeVAPktmaVCqDujgUn90\">Buraya T\u0131kla<\/a>. Seyahatle ayn\u0131 g\u00fcn rezervasyon iptal edilirse para kaybedilecektir.<\/p>\n<\/div>\n<\/div>\n<\/div>\n<\/div>\n<\/div>\n<\/div>\n<\/div>\n<\/div>\n<\/div>\n<\/div>\n<\/div>\n<\/div>\n<div class=\"vc_row wpb_row vc_row-fluid\">\n<div class=\"wpb_column vc_column_container vc_col-sm-12\">\n<div class=\"vc_column-inner\">\n<div class=\"wpb_wrapper\">\n<div class=\"vc_empty_space\"><\/div>\n<div class=\"wpb_text_column wpb_content_element\">\n<div class=\"wpb_wrapper\">\n<h4>Bize Ula\u015f\u0131n?<\/h4>\n<h5><b><i>TUR BAL\u0130NALARI SAMANA<\/i><\/b><\/h5>\n<p><em><strong>Yerliler<\/strong>\u00a0ve\u00a0<strong>uyruklular<\/strong>\u00a0Tur Rehberleri ve Misafir Hizmetleri<\/em><\/p>\n<p><span class=\"text-turquoise\">Rezervasyonlar:<\/span>\u00a0Dom s\u0131n\u0131rlar\u0131ndaki Turlar ve Geziler temsilci<\/p>\n<p>\ud83d\udcde Tel \/ Whatsapp\u00a0\u00a0<a href=\"tel:+1-809-720-6035\">+1-809-720-6035<\/a>.<\/p>\n<p>\ud83d\udce9\u00a0<a href=\"mailto:info@bookingadventures.com.do\">info@bookingadventures.com.do<\/a><\/p>\n<p><strong>Whatsapp ile Esnek \u00d6zel Turlar Ayarl\u0131yoruz:\u00a0<a href=\"tel:+18097206035\">+18097206035.<\/a><\/strong><\/p>\n<\/div>\n<\/div>\n<\/div>\n<\/div>\n<\/div>\n<\/div>\n\n\t\t<\/div>\n\t<\/div>\n<\/div><\/div><\/div><\/div>","protected":false},"excerpt":{"rendered":"<p><span style=\"vertical-align: inherit;\"><span style=\"vertical-align: inherit;\">Punta Cana otellerinden, Samana K\u00f6rfezi&#039;nin g\u00fcney k\u0131y\u0131s\u0131ndaki k\u00fc\u00e7\u00fck bal\u0131k\u00e7\u0131 k\u00f6y\u00fc Miches&#039;e varmadan \u00f6nce Punta Cana&#039;n\u0131n kuzeyine do\u011fru ilerlerken Cordillera Oriental&#039;in g\u00fczel manzaralar\u0131n\u0131n keyfini \u00e7\u0131karaca\u011f\u0131z. Samana&#039;ya giden tekneye binmeden \u00f6nce burada h\u0131zl\u0131 bir kahvalt\u0131n\u0131n tad\u0131n\u0131 \u00e7\u0131karabilirsiniz. Balina g\u00f6zlemi i\u00e7in k\u00f6rfezin derinliklerine do\u011fru yelken a\u00e7aca\u011f\u0131z. \u0130lk olarak, bir zamanlar \u00fcnl\u00fc reklam filmlerinin yap\u0131ld\u0131\u011f\u0131 plajlara benzemesi nedeniyle Bacardi Adas\u0131 olarak da bilinen Cayo Levantado&#039;ya varaca\u011f\u0131z. Cayo Levantado, okyanusun ortas\u0131nda turkuaz sular\u0131 ve beyaz kumlar\u0131yla k\u00fc\u00e7\u00fck bir ada olan tropik bir vahadan ba\u015fka bir \u015fey de\u011fildir. Bundan sonra Samana beldesinde \u015felalelere do\u011fru safari. Limon, \u015eelalelerde ata binmeye veya y\u00fcr\u00fcy\u00fc\u015fe haz\u0131rlan\u0131r. Bu tamamen benzersiz bir macera.<\/span><\/span><\/p>\n<p><em><strong>Tur tarihini se\u00e7in:<\/strong><\/em><\/p>","protected":false},"featured_media":12052,"template":"","meta":[],"product_cat":[159,948,655,960,956,664],"product_tag":[631,184,328,480,296,380,428,649,327,222,527,313,199,526,458,342,650,524,276,529,528,274,525],"class_list":["post-12911","product","type-product","status-publish","has-post-thumbnail","hentry","product_cat-fees-entrace","product_cat-1-punta-cana","product_cat-1-samana","product_cat-el-limon-hiking","product_cat-el-limon-samana","product_cat-whale-watching-punta-cana","product_tag-631","product_tag-bacardi-island","product_tag-cayo-levantado-day-pass","product_tag-cheap-punta-cana-excursions","product_tag-day-trip-punta-cana","product_tag-el-limon-waterfall-and-bacardi-island-tour-from-punta-cana","product_tag-half-day-whale-watching-miches","product_tag-limon-from-punta-cana","product_tag-private-tours-samana","product_tag-punta-cana","product_tag-punta-cana-activities","product_tag-punta-cana-tours","product_tag-samana-bay","product_tag-samana-day-trip","product_tag-samana-day-trip-from-punta-cana","product_tag-samana-whale-watching","product_tag-waterfalls-punta-cana","product_tag-whale-punta-cana","product_tag-whale-samana","product_tag-whale-watching-2020","product_tag-whale-watching-2020-in-punta-cana-to-samana-bay-cayo-levantado-bacardi-island-from-hotels","product_tag-whale-watching-dominican-republic","product_tag-whale-watching-punta-cana"],"_links":{"self":[{"href":"https:\/\/www.boattoursamana.com\/tr\/wp-json\/wp\/v2\/product\/12911","targetHints":{"allow":["GET"]}}],"collection":[{"href":"https:\/\/www.boattoursamana.com\/tr\/wp-json\/wp\/v2\/product"}],"about":[{"href":"https:\/\/www.boattoursamana.com\/tr\/wp-json\/wp\/v2\/types\/product"}],"wp:featuredmedia":[{"embeddable":true,"href":"https:\/\/www.boattoursamana.com\/tr\/wp-json\/wp\/v2\/media\/12052"}],"wp:attachment":[{"href":"https:\/\/www.boattoursamana.com\/tr\/wp-json\/wp\/v2\/media?parent=12911"}],"wp:term":[{"taxonomy":"product_cat","embeddable":true,"href":"https:\/\/www.boattoursamana.com\/tr\/wp-json\/wp\/v2\/product_cat?post=12911"},{"taxonomy":"product_tag","embeddable":true,"href":"https:\/\/www.boattoursamana.com\/tr\/wp-json\/wp\/v2\/product_tag?post=12911"}],"curies":[{"name":"wp","href":"https:\/\/api.w.org\/{rel}","templated":true}]}}