{"id":13205,"date":"2021-10-14T18:48:41","date_gmt":"2021-10-14T18:48:41","guid":{"rendered":"https:\/\/www.ticketswhales.com\/?post_type=product&#038;p=13205"},"modified":"2023-10-06T11:58:39","modified_gmt":"2023-10-06T11:58:39","slug":"cano-hondo-hotel-room-free-breakfast-for-5-guests","status":"publish","type":"product","link":"https:\/\/www.boattoursamana.com\/tr\/tur\/cano-hondo-otel-odasinda-5-kisilik-ucretsiz-kahvalti","title":{"rendered":"Ca\u00f1o Hondo Otel Odas\u0131 + 5 Misafir \u0130\u00e7in \u00dccretsiz Kahvalt\u0131"},"content":{"rendered":"<div class=\"vc_row wpb_row vc_row-fluid\" ><div class=\"wpb_column vc_column_container vc_col-sm-12\"><div class=\"vc_column-inner\"><div class=\"wpb_wrapper\"><div class=\"vc_btn3-container vc_btn3-inline\" ><button class=\"vc_general vc_btn3 vc_btn3-size-md vc_btn3-shape-rounded vc_btn3-style-modern vc_btn3-color-green\">BOOK NOW<\/button><\/div>\n\t<div class=\"wpb_text_column wpb_content_element \" >\n\t\t<div class=\"wpb_wrapper\">\n\t\t\t<p data-name-en=\"roomsize\"><strong>Free WiFi in the Room or Lobby,\u00a0<\/strong><strong>Free Parking, Daily Housekeeping<\/strong><\/p>\n<p data-name-en=\"roomsize\"><em>(Free Breakfast for 5 Guests)<\/em><\/p>\n<h4 class=\"hprt-lightbox-title\" data-et-view=\"ZdffZZLJbFcFbRAOAcEUJXDbNZRO:1\"><strong>In your bathroom:<\/strong><\/h4>\n<ul class=\"hprt-lightbox-list js-lightbox-facilities\" data-nr-of-facilities=\"4\" data-et-view=\"\">\n<li class=\"hprt-lightbox-list__item js-lightbox-facility\" data-name-en=\"Shower\" data-id=\"4\">\u2022 Shower<\/li>\n<li class=\"hprt-lightbox-list__item js-lightbox-facility\" data-name-en=\"Free Toiletries\" data-id=\"27\">\u2022 Free toiletries<\/li>\n<li class=\"hprt-lightbox-list__item js-lightbox-facility\" data-name-en=\"Bathroom\" data-id=\"38\">\u2022 Ensuite bathroom<\/li>\n<li class=\"hprt-lightbox-list__item js-lightbox-facility\" data-name-en=\"higher level toilet\" data-id=\"151\">\u2022 Raised toilet<\/li>\n<\/ul>\n<h4 class=\"hprt-lightbox-title\"><strong>Room facilities:<\/strong><\/h4>\n<ul class=\"hprt-lightbox-list js-lightbox-facilities\" data-nr-of-facilities=\"10\">\n<li style=\"list-style-type: none;\">\n<ul class=\"hprt-lightbox-list js-lightbox-facilities\" data-nr-of-facilities=\"10\">\n<li class=\"hprt-lightbox-list__item js-lightbox-facility\" data-name-en=\"Balcony\" data-id=\"17\">\u2022 Balcony<\/li>\n<li class=\"hprt-lightbox-list__item js-lightbox-facility\" data-name-en=\"Garden View\" data-id=\"110\">\u2022 Ocean view<\/li>\n<li class=\"hprt-lightbox-list__item js-lightbox-facility\" data-name-en=\"Fan\" data-id=\"30\">\u2022 Fan<\/li>\n<li class=\"hprt-lightbox-list__item js-lightbox-facility\" data-name-en=\"Tumble dryer (machine)\" data-id=\"94\">\u2022 Furniture<\/li>\n<li>\u2022 3 Double beds<\/li>\n<li class=\"hprt-lightbox-list__item js-lightbox-facility\" data-name-en=\"Wardrobe\/Closet\" data-id=\"95\">\u2022 Wardrobe or closet<\/li>\n<\/ul>\n<\/li>\n<\/ul>\n<p>[read more]<\/p>\n<div>\n<h4><strong>Guest access:<\/strong><\/h4>\n<ul>\n<li>\u2022 24-hour front desk<\/li>\n<li>\u2022 16 smoke-free guestrooms<\/li>\n<li>\u2022 Restaurant and bar<\/li>\n<li>\u2022 Multilingual staff<\/li>\n<li>\u2022 A lazy river and 11 outdoor Natural Pools<\/li>\n<li>\u2022 Rooftop terrace<\/li>\n<li>\u2022 Garden<\/li>\n<li>\u2022 Picnic area<\/li>\n<li>\u2022 Daily housekeeping<\/li>\n<li>\u2022 Laundry service<\/li>\n<\/ul>\n<h2><strong><em>Room comforts:<\/em><\/strong><\/h2>\n<ul>\n<li>Ceiling fan<\/li>\n<li>Individually decorated<\/li>\n<li>Hair dryer (on request)<\/li>\n<li>Free bottled water<\/li>\n<li>Balcony<\/li>\n<li>Daily housekeeping<\/li>\n<li>24-hour front desk<\/li>\n<li>Beautiful view<\/li>\n<\/ul>\n<p>[\/read]<\/p>\n<hr \/>\n<h2>More Details About Ca\u00f1o Hondo:<\/h2>\n<h2><strong><em>Bonfire &amp; Camping<\/em><\/strong><\/h2>\n<p>Enjoy a nighttime bonfire under a blanket of stars\u2026 no light pollution just a dark night sky and the sounds of tropical forest life.<\/p>\n<p>In addition to great service, you can enjoy typical local food (fresh seafood) or outdoor activities and excursions with a Local Professional Tour Guide.<\/p>\n<p>Each of our 16 rooms is named after birds that can be found in the National park Los Haitises (there are around 110 species in the park). Above all the rooms are individually decorated, fully positive energy that brings on better stay at Ca\u00f1o Hondo. You can enjoy views of the San Lorenzo Bay and the Samana Bay!<\/p>\n<p>&nbsp;<\/p>\n<hr \/>\n<h2>Special offers Ca\u00f1o Hondo Activities &amp; Excursions<\/h2>\n<ul>\n<li>List of the Activities &amp; Excursions:<\/li>\n<li>Zip lining<\/li>\n<li>Rock wall climbing<\/li>\n<li>Horseback riding<\/li>\n<li>Hiking Trail in the National Park (2 or 4 hours, can be combined with kayaking)<\/li>\n<li>Kayaking (2 or 4 hours, can be combined with hiking)<\/li>\n<li>Guided Boat tours into Los Haitises visiting caves<\/li>\n<li>Whale watching (Season from Jan 15 &#8211; March 30)<\/li>\n<li>Guided Bird Watching<\/li>\n<li>Discover Los Haitises park on the canoe<\/li>\n<li>Cayo Levantado\/Bacardi Island<\/li>\n<li>Waterfalls El Limon<\/li>\n<li>Fronton Beach<\/li>\n<li>Boca del Diablo<\/li>\n<li>ATV + El Valle Beach<\/li>\n<\/ul>\n<p>We make a private or group Tours, combined packages which suit to our guests. For more information about activities and excursions, please contact us.<\/p>\n<h2><span class=\"_6ijom0\">Ca\u00f1o Hondo Guest access<\/span><\/h2>\n<p>What is around &#8230;<\/p>\n<ol>\n<li>16 smoke-free guestrooms<\/li>\n<li>Restaurant and bar\/lounge<\/li>\n<li>Lazy river and 15 outdoor pools<\/li>\n<li>Free water park<\/li>\n<li>Rooftop terrace<\/li>\n<li>24-hour front desk<\/li>\n<li>Daily housekeeping<\/li>\n<li>Garden Views<\/li>\n<li>Laundry service<\/li>\n<li>Multilingual staff<\/li>\n<li>Concierge services<\/li>\n<li>Picnic area<\/li>\n<li>Free buffet breakfast, free WiFi in public areas and free parking<\/li>\n<\/ol>\n<h4><b><i>Cancellation Policy<\/i><\/b><\/h4>\n<p>For a full refund, please read our Cancellations policies\u00a0<a href=\"https:\/\/www.boattoursamana.com\/online-booking\/\" target=\"_blank\" rel=\"noopener\" data-saferedirecturl=\"https:\/\/www.google.com\/url?q=https:\/\/www.boattoursamana.com\/online-booking\/&amp;source=gmail&amp;ust=1672449202351000&amp;usg=AOvVaw1yAeVAPktmaVCqDujgUn90\">Click here<\/a>. Funds will be lost if the reservation is cancelled the same day of the trip.<\/p>\n<\/div>\n\n\t\t<\/div>\n\t<\/div>\n<div class=\"vc_btn3-container vc_btn3-inline\" ><button class=\"vc_general vc_btn3 vc_btn3-size-md vc_btn3-shape-rounded vc_btn3-style-modern vc_btn3-color-green\">BOOK NOW<\/button><\/div><\/div><\/div><\/div><\/div><div class=\"vc_row wpb_row vc_row-fluid\" ><div class=\"wpb_column vc_column_container vc_col-sm-12\"><div class=\"vc_column-inner\"><div class=\"wpb_wrapper\">\n\t<div class=\"wpb_text_column wpb_content_element \" >\n\t\t<div class=\"wpb_wrapper\">\n\t\t\t<h2><em>Other Rooms Options<\/em><\/h2>\n\n\t\t<\/div>\n\t<\/div>\n<\/div><\/div><\/div><\/div><div class=\"vc_row wpb_row vc_row-fluid\" ><div class=\"wpb_column vc_column_container vc_col-sm-12\"><div class=\"vc_column-inner\"><div class=\"wpb_wrapper\"><div class=\"woocommerce columns-3 \"><ul class=\"products columns-3\">\n<li class=\"product type-product post-19516 status-publish first instock product_cat-uncategorized has-post-thumbnail shipping-taxable product-type-simple\">\n\t<div class=\"mkdf-pl-inner\"><div class=\"mkdf-pl-image\"><div class=\"mkdf-pl-text\"><div class=\"mkdf-pl-text-outer\"><div class=\"mkdf-pl-text-inner\"><a href=\"https:\/\/www.boattoursamana.com\/tr\/tur\/excursion-a-los-haitises-cano-hondo-y-montana-redonda-desde-punta-cana\" data-quantity=\"1\" class=\"button wp-element-button product_type_simple\" data-product_id=\"19516\" data-product_sku=\"\" aria-label=\"&ldquo;Excursi\u00f3n a Los Haitises, Ca\u00f1o Hondo y Monta\u00f1a Redonda desde Punta Cana&rdquo; hakk\u0131nda daha fazla bilgi edinin\" rel=\"nofollow\">Devam\u0131n\u0131 oku<\/a><\/div><\/div><\/div><\/div><a href=\"https:\/\/www.boattoursamana.com\/tr\/tur\/excursion-a-los-haitises-cano-hondo-y-montana-redonda-desde-punta-cana\" class=\"woocommerce-LoopProduct-link woocommerce-loop-product__link\"><\/a><\/div><div class=\"mkdf-pl-text-wrapper\"><h4 class=\"mkdf-product-list-title\"><a href=\"https:\/\/www.boattoursamana.com\/tr\/tur\/excursion-a-los-haitises-cano-hondo-y-montana-redonda-desde-punta-cana\">Excursi\u00f3n a Los Haitises, Ca\u00f1o Hondo y Monta\u00f1a Redonda desde Punta Cana<\/a><\/h4>\n<\/div><\/li><li class=\"product type-product post-19240 status-publish instock product_cat-dominican-republic product_tag-excursion product_tag-tour has-post-thumbnail shipping-taxable product-type-external\">\n\t<div class=\"mkdf-pl-inner\"><div class=\"mkdf-pl-image\"><div class=\"mkdf-pl-text\"><div class=\"mkdf-pl-text-outer\"><div class=\"mkdf-pl-text-inner\"><a href=\"https:\/\/gyg.me\/Dl1U6CAW\" data-quantity=\"1\" class=\"button wp-element-button product_type_external\" data-product_id=\"19240\" data-product_sku=\"\" aria-label=\"Check Availability\" rel=\"nofollow noopener\">Check Availability<\/a><\/div><\/div><\/div><\/div><a href=\"https:\/\/www.boattoursamana.com\/tr\/tur\/santo-domingo-catamaran-boat-to-saona-island-with-lunch\" class=\"woocommerce-LoopProduct-link woocommerce-loop-product__link\"><\/a><\/div><div class=\"mkdf-pl-text-wrapper\"><h4 class=\"mkdf-product-list-title\"><a href=\"https:\/\/www.boattoursamana.com\/tr\/tur\/santo-domingo-catamaran-boat-to-saona-island-with-lunch\">Santo Domingo: Catamaran Boat to Saona Island with Lunch<\/a><\/h4>\n\t<span class=\"price\"><span class=\"woocommerce-Price-amount amount\"><bdi><span class=\"woocommerce-Price-currencySymbol\">&#36;<\/span>85.00<\/bdi><\/span><\/span>\n<\/div><\/li><li class=\"product type-product post-19235 status-publish last instock product_cat-dominican-republic product_tag-excursion product_tag-tour has-post-thumbnail shipping-taxable product-type-external\">\n\t<div class=\"mkdf-pl-inner\"><div class=\"mkdf-pl-image\"><div class=\"mkdf-pl-text\"><div class=\"mkdf-pl-text-outer\"><div class=\"mkdf-pl-text-inner\"><a href=\"https:\/\/gyg.me\/GQkVwIka\" data-quantity=\"1\" class=\"button wp-element-button product_type_external\" data-product_id=\"19235\" data-product_sku=\"\" aria-label=\"Check Availability\" rel=\"nofollow noopener\">Check Availability<\/a><\/div><\/div><\/div><\/div><a href=\"https:\/\/www.boattoursamana.com\/tr\/tur\/party-boat-fiesta-en-catamaran-en-punta-cana-free-drinks\" class=\"woocommerce-LoopProduct-link woocommerce-loop-product__link\"><\/a><\/div><div class=\"mkdf-pl-text-wrapper\"><h4 class=\"mkdf-product-list-title\"><a href=\"https:\/\/www.boattoursamana.com\/tr\/tur\/party-boat-fiesta-en-catamaran-en-punta-cana-free-drinks\">Party Boat \/ Fiesta En Catamar\u00e1n En Punta Cana \/ Free Drinks<\/a><\/h4>\n\t<span class=\"price\"><span class=\"woocommerce-Price-amount amount\"><bdi><span class=\"woocommerce-Price-currencySymbol\">&#36;<\/span>54.00<\/bdi><\/span><\/span>\n<\/div><\/li><\/ul>\n<\/div><\/div><\/div><\/div><\/div><div class=\"vc_row wpb_row vc_row-fluid\" ><div class=\"wpb_column vc_column_container vc_col-sm-12\"><div class=\"vc_column-inner\"><div class=\"wpb_wrapper\"><div class=\"vc_btn3-container vc_btn3-inline\" ><button class=\"vc_general vc_btn3 vc_btn3-size-md vc_btn3-shape-rounded vc_btn3-style-modern vc_btn3-color-green\">BOOK NOW<\/button><\/div><\/div><\/div><\/div><\/div>\n","protected":false},"excerpt":{"rendered":"<h2><strong>Ca\u00f1o Hondo Otel<\/strong><\/h2>\n<p><em>(5 Ki\u015filik \u00dccretsiz Kahvalt\u0131)<\/em><\/p>\n<p>Eco-Lodge, b\u00fcy\u00fcl\u00fc, huzurlu ve \u00f6zg\u00fcn bir konaklama yeridir. Bu do\u011fal ve otantik otel, Sabana de la Mar&#039;daki \u00fcnl\u00fc Los Haitises Milli Park\u0131&#039;nda yer almaktad\u0131r. San Lorenzo K\u00f6rfezi ve Samana K\u00f6rfezi&#039;nin muhte\u015fem manzaras\u0131na sahip t\u00fcm odalar\u0131m\u0131z pozitif enerjiyle doludur! Odalarda s\u0131cak su ve tavan vantilat\u00f6r\u00fc i\u00e7eren \u00f6zel banyo vard\u0131r. Kahvalt\u0131 dahildir, g\u00fcn boyunca \u00fccretsiz i\u00e7me suyu ve kahve sunulmaktad\u0131r. Yemek planlar\u0131m\u0131zdan da se\u00e7im yapabilirsiniz.<\/p>\n<h4><strong><em><span class=\"_6ijom0\">\u00a0Kano Hondo <\/span><\/em><\/strong><em><strong>Do\u011fal Y\u00fczme Havuzlar\u0131<\/strong><\/em><\/h4>\n<p>Aileniz veya misafirlerinizle birlikte manzaraya g\u00fczel bir \u015fekilde kar\u0131\u015fan sa\u011fl\u0131kl\u0131 ve canland\u0131r\u0131c\u0131 suyla do\u011fal eko havuzlar\u0131n keyfini \u00e7\u0131kar\u0131n. Havuzlar tamamen biyolojik olup, klor ve kimyasallara ihtiya\u00e7 duymadan, belli bir \u015fekilde tasarlan\u0131p in\u015fa edilerek kendi do\u011fal ekolojisini ve dengeli eko-sistemini geli\u015ftirmektedir.<\/p>\n<h4><em><strong>Ca\u00f1o Hondo \u00c7ocuk Kurallar\u0131:<\/strong><\/em><\/h4>\n<p>- 2-10 ya\u015f aras\u0131 \u00e7ocuklar i\u00e7in \u00e7ocuk \u00fccreti \u00f6denir<br \/>\n-2 ya\u015f alt\u0131 \u00fccretsiz<\/p>\n<h4><em><strong>Ca\u00f1o Hondo Restoran\u0131:\u00a0<\/strong><\/em><\/h4>\n<p>Aralar\u0131ndan se\u00e7im yapabilece\u011finiz \u00e7ok say\u0131da se\u00e7enek i\u00e7eren bir men\u00fc var. Her \u00f6\u011f\u00fcnde ki\u015fi ba\u015f\u0131 bir i\u00e7ecek de dahildir. Ek i\u00e7ecekler gibi alkoll\u00fc i\u00e7ecekler de \u00fccretlidir.<\/p>\n<p>Otelin men\u00fcs\u00fc, yerel kelimelerin ilgin\u00e7 hikayelerini ve b\u00f6lgenin efsanevi hikayelerini anlat\u0131yor. Ayr\u0131ca yenge\u00e7, deniz kabu\u011fu ve minutas gibi b\u00f6lgenin tipik yemeklerini, yerel olarak tad\u0131na var\u0131lan, terbiyeli ve k\u0131zart\u0131lm\u0131\u015f k\u00fc\u00e7\u00fck bir tatl\u0131 su bal\u0131\u011f\u0131n\u0131 vurgular. Taze do\u011fal meyve sular\u0131 g\u00fcnl\u00fck olarak d\u00f6nd\u00fcr\u00fcl\u00fcr: \u0131hlamur, kavun, mango, demirhindi, ananas vb.<\/p>","protected":false},"featured_media":13230,"template":"","meta":[],"product_cat":[807,979,977],"product_tag":[425,879,176,421,211,804,978,423],"class_list":["post-13205","product","type-product","status-publish","has-post-thumbnail","hentry","product_cat-hotel-cano-hondo","product_cat-room-hotel-cano-hondo","product_cat-room-offers","product_tag-altos-cano-hondo","product_tag-altos-de-cano-hondo","product_tag-cano-hondo","product_tag-cano-hondo-day-pass","product_tag-cano-hondo-hotel","product_tag-hotel-cano-hondo","product_tag-hotel-sabana-de-la-mar","product_tag-paraiso-cano-hondo"],"_links":{"self":[{"href":"https:\/\/www.boattoursamana.com\/tr\/wp-json\/wp\/v2\/product\/13205","targetHints":{"allow":["GET"]}}],"collection":[{"href":"https:\/\/www.boattoursamana.com\/tr\/wp-json\/wp\/v2\/product"}],"about":[{"href":"https:\/\/www.boattoursamana.com\/tr\/wp-json\/wp\/v2\/types\/product"}],"wp:featuredmedia":[{"embeddable":true,"href":"https:\/\/www.boattoursamana.com\/tr\/wp-json\/wp\/v2\/media\/13230"}],"wp:attachment":[{"href":"https:\/\/www.boattoursamana.com\/tr\/wp-json\/wp\/v2\/media?parent=13205"}],"wp:term":[{"taxonomy":"product_cat","embeddable":true,"href":"https:\/\/www.boattoursamana.com\/tr\/wp-json\/wp\/v2\/product_cat?post=13205"},{"taxonomy":"product_tag","embeddable":true,"href":"https:\/\/www.boattoursamana.com\/tr\/wp-json\/wp\/v2\/product_tag?post=13205"}],"curies":[{"name":"wp","href":"https:\/\/api.w.org\/{rel}","templated":true}]}}