{"id":13288,"date":"2021-11-06T07:55:35","date_gmt":"2021-11-06T07:55:35","guid":{"rendered":"https:\/\/www.ticketswhales.com\/?post_type=product&#038;p=13288"},"modified":"2023-11-07T15:54:20","modified_gmt":"2023-11-07T15:54:20","slug":"el-limon-waterfall-cayo-levantado-from-puerto-plata-private-tour","status":"publish","type":"product","link":"https:\/\/www.boattoursamana.com\/tr\/tur\/el-limon-selale-cayo-levantado-dan-porto-plata-ozel-tur-2","title":{"rendered":"Puerto Plata \u00d6zel Turundan El Lim\u00f3n \u015eelalesi ve Cayo Levantado"},"content":{"rendered":"<div class=\"vc_row wpb_row vc_row-fluid\" ><div class=\"wpb_column vc_column_container vc_col-sm-12\"><div class=\"vc_column-inner\"><div class=\"wpb_wrapper\"><div class=\"mkdf-section-title-holder\" style=\"text-align: left\">\n\t<div class=\"mkdf-st-inner\">\n\t\t\t\t\t<h5 class=\"mkdf-st-subtitle\" >\n\t\t\t\tUla\u015f\u0131m &amp; \u00d6\u011fle Yeme\u011fi Dahil\t\t\t<\/h5>\n\t\t\t\t\t\t\t<h3 class=\"mkdf-st-title\" >\n\t\t\t\tPuerto Plata&#039;dan El Limon \u015eelaleleri ve Cayo Levantado.\t\t\t<\/h3>\n\t\t\t\t\t<\/div>\n<\/div><\/div><\/div><\/div><\/div><div class=\"vc_row wpb_row vc_row-fluid\" ><div class=\"wpb_column vc_column_container vc_col-sm-12\"><div class=\"vc_column-inner\"><div class=\"wpb_wrapper\"><div class=\"vc_btn3-container vc_btn3-inline\" ><button class=\"vc_general vc_btn3 vc_btn3-size-md vc_btn3-shape-rounded vc_btn3-style-modern vc_btn3-color-green\">REZERVASYON YAP<\/button><\/div>\n\t<div class=\"wpb_text_column wpb_content_element\" >\n\t\t<div class=\"wpb_wrapper\">\n\t\t\t<h3 class=\"LC20lb\">El Lim\u00f3n \u015eelalesi + Cayo Levantado \u2013 Puerto Plata&#039;dan Saman\u00e1 Gezisi Tam G\u00fcn Gezisi.<\/h3>\n<h4><b><i>genel bak\u0131\u015f <\/i><\/b><\/h4>\n<p>Puerto Plata&#039;dan El Limon \u015eelalelerini ve Cayo Levantado&#039;yu (Bacardi Adas\u0131) ziyaret etmek i\u00e7in \u00d6zel Gezi. Sadece bir g\u00fcnde iki aktivite, yerel turla ziyaret, orman\u0131n g\u00fczelli\u011fine ve el limon Toplulu\u011fu&#039;ndan \u015felalelere rehberlik edin. Bu geziyi kahve ve hindistancevizi yollar\u0131nda y\u00fcr\u00fcy\u00fc\u015f yaparak veya Ata binerek yapabilirsiniz. El limon \u015eelalelerini ziyaret ettikten sonra Samana \u015eehir merkezi iskelesine gidece\u011fiz ve Bacardi Adas\u0131 olarak da bilinen Cayo Levantado&#039;ya bir tekne alaca\u011f\u0131z. Mercan resiflerinde \u015fnorkelli y\u00fczme se\u00e7enekleriyle Cayo Levantado plaj\u0131nda a\u00e7\u0131k b\u00fcfe \u00f6\u011fle yeme\u011fi ve \u00f6\u011fleden sonra y\u00fczece\u011fiz.<\/p>\n<p>Bu deneyimden sonra, sizi Puerto Plata&#039;da ald\u0131\u011f\u0131m\u0131z bulu\u015fma noktam\u0131za geri d\u00f6neceksiniz.<\/p>\n<ul>\n<li style=\"font-weight: 400;\">\u00dccretler dahil<\/li>\n<li>\u00d6\u011fle yeme\u011fi<\/li>\n<li>at\u0131\u015ft\u0131rmal\u0131klar<\/li>\n<li style=\"font-weight: 400;\">\u0130ngilizce veya Frans\u0131zca Yerel Tur Rehberi<\/li>\n<li>Toplu ta\u015f\u0131ma<\/li>\n<li>Bot gezisi<\/li>\n<\/ul>\n<p>&nbsp;<\/p>\n<h4><b>Dahil Edilenler ve Hari\u00e7 Tutulanlar<\/b><\/h4>\n<p>&nbsp;<\/p>\n<p><b>Dahil olanlar<\/b><\/p>\n<ol>\n<li style=\"font-weight: 400;\">El Limon \u015eelaleleri Y\u00fcr\u00fcy\u00fc\u015f veya ata binme<\/li>\n<li>\u00d6\u011fle yeme\u011fi<\/li>\n<li style=\"font-weight: 400;\"><span style=\"font-weight: 400;\">T\u00fcm vergiler, \u00fccretler ve i\u015flem \u00fccretleri<\/span><\/li>\n<li style=\"font-weight: 400;\"><span style=\"font-weight: 400;\">Yerel vergiler<\/span><\/li>\n<li style=\"font-weight: 400;\"><span style=\"font-weight: 400;\">\u0130\u00e7ecekler<\/span><\/li>\n<li>at\u0131\u015ft\u0131rmal\u0131klar<\/li>\n<li style=\"font-weight: 400;\"><span style=\"font-weight: 400;\">T\u00fcm aktiviteler<\/span><\/li>\n<li style=\"font-weight: 400;\"><span style=\"font-weight: 400;\">Yerel rehber<\/span><\/li>\n<\/ol>\n<p><b> \u0130stisnalar<\/b><\/p>\n<ol>\n<li style=\"font-weight: 400;\"><span style=\"font-weight: 400;\">Bah\u015fi\u015fler<\/span><\/li>\n<li style=\"font-weight: 400;\"><span style=\"font-weight: 400;\">Alkoll\u00fc i\u00e7ecekler<\/span><\/li>\n<\/ol>\n<p>&nbsp;<\/p>\n<h4><em><strong>Gidi\u015f &amp; D\u00f6n\u00fc\u015f<\/strong><\/em><\/h4>\n<p><span style=\"font-weight: 400;\">Gezgin, Rezervasyon \u0130\u015fleminden sonra bir bulu\u015fma noktas\u0131 alacakt\u0131r. Turlar bulu\u015fma noktalar\u0131n\u0131zda ba\u015flar ve biter.<\/span><\/p>\n<h4><\/h4>\n<h3 class=\"LC20lb\">El Lim\u00f3n \u015eelalesi + Cayo Levantado \u2013 Saman\u00e1&#039;da Gezi<\/h3>\n<h4><b><i>Ne bekleyebilece\u011finizi?<\/i><\/b><\/h4>\n<p><em><strong>biletlerinizi al\u0131n<\/strong><\/em> Puerto Plata&#039;dan transfer dahil El limon \u015eelaleleri ve Cayo Levantado adas\u0131n\u0131 ziyaret etti\u011finiz i\u00e7in. Tam G\u00fcn Gezi. Saman\u00e1&#039;dan ba\u015flayarak El limon \u015felalelerine ula\u015f\u0131m.<\/p>\n<p>\u201cBooking Adventures\u201d taraf\u0131ndan d\u00fczenlenen gezi, Tur Rehberi ile belirlenen bulu\u015fma noktas\u0131nda ba\u015flar. Yerel bir tur rehberi ile El Limon \u015felalelerine \u00d6zel gezilerde Booking Adventures ile gelin. Ormanda, Limon Nehri&#039;nin kenar\u0131ndan dola\u015fan, Hindistancevizi g\u00f6lgesi palmiye a\u011fa\u00e7lar\u0131n\u0131n alt\u0131ndaki kakao ve Kahve tarlalar\u0131n\u0131 ziyaret eden ata binme veya y\u00fcr\u00fcy\u00fc\u015f gezisi. \u0130lk olarak, genellikle \u00e7ok fazla insan\u0131n bulunmad\u0131\u011f\u0131 ve y\u00fczebilece\u011finiz K\u00fc\u00e7\u00fck \u015felalede durun. \u0130sterseniz bir saat veya daha fazla kalaca\u011f\u0131m\u0131z b\u00fcy\u00fck \u015felaleye devam ettikten sonra.<\/p>\n<p>Atlar\u0131 almak veya arabaya geri d\u00f6nmek ve Samana liman\u0131na geri d\u00f6nmek. Bacardi adas\u0131n\u0131 ziyaret etmek i\u00e7in gemiye bini\u015f, \u00c7\u00fcnk\u00fc Tostones ve Salata ile \u0131zgara bal\u0131klar, tad\u0131ml\u0131k bir \u00f6\u011fle yeme\u011fi i\u00e7in bizi bekliyor veya men\u00fcdeki \u0131stakoz gibi di\u011fer se\u00e7enekleri ek \u00fccret kar\u015f\u0131l\u0131\u011f\u0131nda alabilirsiniz.<\/p>\n<p>Dominik Cumhuriyeti&#039;nin en g\u00fczel plajlar\u0131ndan birinde Y\u00fczmekten \u00e7ekinmeyin. Tur Rehberimizle biti\u015f zaman\u0131n\u0131 ayarlay\u0131n.<\/p>\n<p>&nbsp;<\/p>\n<h4><em><strong>Ne getirmelisin?<\/strong><\/em><\/h4>\n<ul>\n<li style=\"font-weight: 400;\"><span style=\"font-weight: 400;\">Kamera<\/span><\/li>\n<li style=\"font-weight: 400;\"><span style=\"font-weight: 400;\">Kovucu tomurcuklar<\/span><\/li>\n<li style=\"font-weight: 400;\"><span style=\"font-weight: 400;\">G\u00fcne\u015f kremi<\/span><\/li>\n<li style=\"font-weight: 400;\"><span style=\"font-weight: 400;\">\u015eapka<\/span><\/li>\n<li style=\"font-weight: 400;\"><span style=\"font-weight: 400;\">rahat pantolon<\/span><\/li>\n<li style=\"font-weight: 400;\"><span style=\"font-weight: 400;\">Orman i\u00e7in y\u00fcr\u00fcy\u00fc\u015f ayakkab\u0131s\u0131<\/span><\/li>\n<li style=\"font-weight: 400;\"><span style=\"font-weight: 400;\">Bahar b\u00f6lgelerine sandalet.<\/span><\/li>\n<li style=\"font-weight: 400;\"><span style=\"font-weight: 400;\">Y\u00fczme giysileri<\/span><\/li>\n<\/ul>\n<p>&nbsp;<\/p>\n<h4><b><i>otelden alma <\/i><\/b><\/h4>\n<p><span style=\"font-weight: 400;\">Bu tur i\u00e7in otelden alma hizmeti sunulmamaktad\u0131r. <\/span><\/p>\n<p>&nbsp;<\/p>\n<p><b>Not:<\/b><span style=\"font-weight: 400;\"> Tur\/Gezi hareket saatinden sonraki 24 saat i\u00e7inde rezervasyon yap\u0131yorsan\u0131z, ek \u00fccret kar\u015f\u0131l\u0131\u011f\u0131nda otelden alma ayarlayabiliriz. Sat\u0131n alma i\u015fleminiz tamamland\u0131\u011f\u0131nda, teslim alma d\u00fczenlemelerini organize etmesi i\u00e7in size yerel Tur rehberimizin eksiksiz ileti\u015fim bilgilerini (telefon numaras\u0131, e-posta adresi vb.) g\u00f6nderece\u011fiz.<\/span><\/p>\n<h4><b><i>Ek Bilgi Onay\u0131 <\/i><\/b><\/h4>\n<ol>\n<li>Biletler, bu Turu \u00f6dedikten sonra Makbuzdur. \u00d6demeyi telefonunuzda g\u00f6sterebilirsiniz.<\/li>\n<li style=\"font-weight: 400;\"><span style=\"font-weight: 400;\">Bulu\u015fma Noktas\u0131 Rezervasyon \u0130\u015fleminden Sonra Al\u0131nacakt\u0131r.<\/span><\/li>\n<li style=\"font-weight: 400;\"><span style=\"font-weight: 400;\">\u00c7ocuklara bir yeti\u015fkin e\u015flik etmelidir.<\/span><\/li>\n<li style=\"font-weight: 400;\"><span style=\"font-weight: 400;\"> Tekerlekli sandalye eri\u015fimine uygun de\u011fil <\/span><\/li>\n<li style=\"font-weight: 400;\"><span style=\"font-weight: 400;\">Bebekler kuca\u011fa oturmal\u0131 <\/span><\/li>\n<li style=\"font-weight: 400;\"><span style=\"font-weight: 400;\">S\u0131rt sorunu olan gezginler i\u00e7in \u00f6nerilmez<\/span><\/li>\n<li style=\"font-weight: 400;\"><span style=\"font-weight: 400;\">Hamile gezginler i\u00e7in \u00f6nerilmez <\/span><\/li>\n<li style=\"font-weight: 400;\"><span style=\"font-weight: 400;\"> Kalp problemi veya di\u011fer ciddi t\u0131bbi durumlar yok <\/span><\/li>\n<li style=\"font-weight: 400;\"><span style=\"font-weight: 400;\">\u00c7o\u011fu gezgin kat\u0131labilir<\/span><\/li>\n<\/ol>\n<h4><b><i>\u0130ptal politikas\u0131<\/i><\/b><\/h4>\n<p>Tam para iadesi i\u00e7in l\u00fctfen \u0130ptal politikalar\u0131m\u0131z\u0131 okuyun\u00a0<a href=\"https:\/\/www.boattoursamana.com\/tr\/cevrimici-rezervasyon\/\" target=\"_blank\" rel=\"noopener\" data-saferedirecturl=\"https:\/\/www.google.com\/url?q=https:\/\/www.boattoursamana.com\/online-booking\/&amp;source=gmail&amp;ust=1672449202351000&amp;usg=AOvVaw1yAeVAPktmaVCqDujgUn90\">Buraya T\u0131kla<\/a>. Seyahatle ayn\u0131 g\u00fcn rezervasyon iptal edilirse para kaybedilecektir.<\/p>\n\n\t\t<\/div>\n\t<\/div>\n<\/div><\/div><\/div><\/div><div class=\"vc_row wpb_row vc_row-fluid\" ><div class=\"wpb_column vc_column_container vc_col-sm-12\"><div class=\"vc_column-inner\"><div class=\"wpb_wrapper\"><div class=\"vc_btn3-container vc_btn3-inline\" ><button class=\"vc_general vc_btn3 vc_btn3-size-md vc_btn3-shape-rounded vc_btn3-style-modern vc_btn3-color-green\">REZERVASYON YAP<\/button><\/div>\n\t<div class=\"wpb_video_widget wpb_content_element vc_clearfix   vc_video-aspect-ratio-169 vc_video-el-width-100 vc_video-align-left\" >\n\t\t<div class=\"wpb_wrapper\">\n\t\t\t\n\t\t\t<div class=\"wpb_video_wrapper\"><iframe loading=\"lazy\" title=\"Saman\u00e1 Her \u015eeye Sahip - Dominik Cumhuriyeti Her \u015eeye Sahip\" width=\"1100\" height=\"619\" src=\"https:\/\/www.youtube.com\/embed\/oWlwxZLQnVU?feature=oembed\" frameborder=\"0\" allow=\"accelerometer; autoplay; encrypted-media; gyroscope; picture-in-picture\" allowfullscreen><\/iframe><\/div>\n\t\t<\/div>\n\t<\/div>\n<\/div><\/div><\/div><\/div><div class=\"vc_row wpb_row vc_row-fluid\" ><div class=\"wpb_column vc_column_container vc_col-sm-12\"><div class=\"vc_column-inner\"><div class=\"wpb_wrapper\"><div class=\"vc_empty_space\"   style=\"height: 32px\"><span class=\"vc_empty_space_inner\"><\/span><\/div>\n\t<div class=\"wpb_text_column wpb_content_element\" >\n\t\t<div class=\"wpb_wrapper\">\n\t\t\t<h4>Bize Ula\u015f\u0131n?<\/h4>\n<h5>Rezervasyon Maceralar\u0131<\/h5>\n<p><em><strong>Yerliler<\/strong>\u00a0ve\u00a0<strong>uyruklular<\/strong>\u00a0Tur Rehberleri ve Misafir Hizmetleri<\/em><\/p>\n<p><span class=\"text-turquoise\">Rezervasyonlar:<\/span>\u00a0Dom s\u0131n\u0131rlar\u0131ndaki Turlar ve Geziler temsilci<\/p>\n<p><img decoding=\"async\" class=\"emoji\" draggable=\"false\" src=\"https:\/\/s.w.org\/images\/core\/emoji\/11.2.0\/svg\/1f4de.svg\" alt=\"\ud83d\udcde\" title=\"\">\u00a0Tel \/ Naber\u00a0\u00a0<a href=\"tel:+1-809-720-6035\">+1-809-720-6035<\/a>.<\/p>\n<p><img decoding=\"async\" class=\"emoji\" draggable=\"false\" src=\"https:\/\/s.w.org\/images\/core\/emoji\/11.2.0\/svg\/1f4e9.svg\" alt=\"\ud83d\udce9\" title=\"\">\u00a0<a href=\"mailto:info@bookingadventures.com.do\">info@bookingadventures.com.do<\/a><\/p>\n<p><strong>Whatsapp ile Esnek \u00d6zel Turlar Ayarl\u0131yoruz:\u00a0<a href=\"tel:+18097206035\">+18097206035.<\/a><\/strong><\/p>\n\n\t\t<\/div>\n\t<\/div>\n<div class=\"vc_empty_space\"   style=\"height: 32px\"><span class=\"vc_empty_space_inner\"><\/span><\/div><\/div><\/div><\/div><\/div><div class=\"vc_row wpb_row vc_row-fluid\" ><div class=\"wpb_column vc_column_container vc_col-sm-12\"><div class=\"vc_column-inner\"><div class=\"wpb_wrapper\"><div class=\"vc_btn3-container vc_btn3-inline\" ><button class=\"vc_general vc_btn3 vc_btn3-size-md vc_btn3-shape-rounded vc_btn3-style-modern vc_btn3-color-green\">REZERVASYON YAP<\/button><\/div><\/div><\/div><\/div><\/div>","protected":false},"excerpt":{"rendered":"<p><span class=\"Y2IQFc\" lang=\"en\">Puerto Plata&#039;dan El Lim\u00f3n ve Cayo Levantado \u015eelalelerini (Bacardi Adas\u0131) ziyaret etmek i\u00e7in \u00f6zel gezi. Yerel bir rehber e\u015fli\u011finde orman\u0131n g\u00fczelli\u011fini ve El Lim\u00f3n toplulu\u011funun \u015felalelerini ziyaret eden bir g\u00fcnde iki aktivite. Bu geziyi kahve ve hindistancevizi parkurlar\u0131 boyunca y\u00fcr\u00fcyerek veya at s\u0131rt\u0131nda yapabilirsiniz. El Lim\u00f3n \u015eelalelerini gezdikten sonra Saman\u00e1 \u015fehir merkezindeki iskeleye gidece\u011fiz ve Bacardi Adas\u0131 olarak da adland\u0131r\u0131lan Cayo Levantado&#039;ya tekneye binece\u011fiz. Mercan resiflerinde \u015fnorkelli y\u00fczme se\u00e7enekleriyle Cayo Levantado plaj\u0131nda a\u00e7\u0131k b\u00fcfe \u00f6\u011fle yeme\u011fi ve \u00f6\u011fleden sonra y\u00fczece\u011fiz.<\/span><\/p>\n<p>&nbsp;<\/p>\n<p><b>Yolculuk tarihini se\u00e7in:\u00a0<\/b><\/p>","protected":false},"featured_media":12592,"template":"","meta":[],"product_cat":[982,961,956,307,253,255,1000],"product_tag":[223,311,606,185,267,984,983,309,310,312,186,200,187],"class_list":["post-13288","product","type-product","status-publish","has-post-thumbnail","hentry","product_cat-puerto-plata-tour","product_cat-el-limon-horseback-riding","product_cat-el-limon-samana","product_cat-salto-el-limon-and-bacardi-island","product_cat-tours-and-excursions","product_cat-tours-excursions-samana-bay-dominican-republic","product_cat-ultimo2022","product_tag-cayo-levantado","product_tag-cayo-levantado-tour","product_tag-el-limon-tours","product_tag-el-limon-waterfalls","product_tag-las-terrenas","product_tag-puerto-plata-excursion","product_tag-puerto-plata-tour","product_tag-salto-el-limon","product_tag-salto-el-limon-hiking","product_tag-salto-el-limon-tour","product_tag-samana","product_tag-samana-excursions","product_tag-samana-tours"],"_links":{"self":[{"href":"https:\/\/www.boattoursamana.com\/tr\/wp-json\/wp\/v2\/product\/13288","targetHints":{"allow":["GET"]}}],"collection":[{"href":"https:\/\/www.boattoursamana.com\/tr\/wp-json\/wp\/v2\/product"}],"about":[{"href":"https:\/\/www.boattoursamana.com\/tr\/wp-json\/wp\/v2\/types\/product"}],"wp:featuredmedia":[{"embeddable":true,"href":"https:\/\/www.boattoursamana.com\/tr\/wp-json\/wp\/v2\/media\/12592"}],"wp:attachment":[{"href":"https:\/\/www.boattoursamana.com\/tr\/wp-json\/wp\/v2\/media?parent=13288"}],"wp:term":[{"taxonomy":"product_cat","embeddable":true,"href":"https:\/\/www.boattoursamana.com\/tr\/wp-json\/wp\/v2\/product_cat?post=13288"},{"taxonomy":"product_tag","embeddable":true,"href":"https:\/\/www.boattoursamana.com\/tr\/wp-json\/wp\/v2\/product_tag?post=13288"}],"curies":[{"name":"wp","href":"https:\/\/api.w.org\/{rel}","templated":true}]}}