{"id":13398,"date":"2021-11-23T10:25:21","date_gmt":"2021-11-23T10:25:21","guid":{"rendered":"https:\/\/www.ticketswhales.com\/?post_type=product&#038;p=13398"},"modified":"2023-02-26T03:44:21","modified_gmt":"2023-02-26T03:44:21","slug":"private-speed-boat-lancha-samana-bay","status":"publish","type":"product","link":"https:\/\/www.boattoursamana.com\/tr\/tur\/ozel-surat-teknesi-lancha-samana-bay-2","title":{"rendered":"\u00d6zel S\u00fcrat Teknesi (Lancha) Saman\u00e1 K\u00f6rfezi"},"content":{"rendered":"<div class=\"vc_row wpb_row vc_row-fluid\" ><div class=\"wpb_column vc_column_container vc_col-sm-12\"><div class=\"vc_column-inner\"><div class=\"wpb_wrapper\"><div class=\"vc_btn3-container vc_btn3-inline\" ><button class=\"vc_general vc_btn3 vc_btn3-size-md vc_btn3-shape-rounded vc_btn3-style-modern vc_btn3-color-green\">REZERVASYON YAP<\/button><\/div>\n\t<div class=\"wpb_text_column wpb_content_element\" >\n\t\t<div class=\"wpb_wrapper\">\n\t\t\t<div class=\"custom-left\">\n<div class=\"row\">\n<div class=\"col-md-12 cust-clas\">\n<div class=\"product-header alignleft\">\n<p>SAMANA TEKNE \u2013 K\u0130RALIK<\/p>\n<p>\u00d6ZEL TAM G\u00dcN K\u0130RALIK SAMANA BAY<\/p>\n<p>8 SAATL\u0130K GEZ\u0130 - PAZARTES\u0130-PAZAR<\/p>\n<\/div>\n<\/div>\n<\/div>\n<\/div>\n<div class=\"custom-left para-p\">\n<div class=\"info_content_label\">\n<p><label>Bilgi:<\/label><\/p>\n<p>Bu muhte\u015fem s\u00fcrat teknesini en fazla 5 ki\u015finin ziyaret etmesi i\u00e7in tam g\u00fcn kiralay\u0131n. <a href=\"https:\/\/www.boattoursamana.com\/tr\/varis-noktalari\/los-haitises-milli-park-bilet-turlari\/\" target=\"_blank\" rel=\"noopener\" data-saferedirecturl=\"https:\/\/www.google.com\/url?q=https:\/\/www.boattoursamana.com\/destinations\/los-haitises-national-park-tickets-tours\/&amp;source=gmail&amp;ust=1637749313206000&amp;usg=AOvVaw2iM1LFDbYv-Gthna0qZt2n\">Haitililer<\/a> ve Cayo Levantado. Ayr\u0131ca balina izleme sezonunda Samana koyundaki balinalar\u0131 g\u00f6rmek i\u00e7in tekneyi kullanabilirsiniz.<\/p>\n<p>M\u00fcrettebat, yak\u0131t ve buz so\u011futucu i\u00e7erir.<\/p>\n<p>Ek \u00fccret kar\u015f\u0131l\u0131\u011f\u0131nda sunulan Yemek Se\u00e7enekleri:<\/p>\n<p><strong>Geleneksel A\u00e7\u0131k B\u00fcfe \u00f6\u011fle yeme\u011finin detaylar\u0131, ki\u015fi ba\u015f\u0131 $15 USD:<\/strong><\/p>\n<p>-Ye\u015fil salata<br \/>\n-Ekmek<br \/>\n-Moro de Guandule (Dominik Dominik Usul\u00fc Pirin\u00e7) ve Hindistan Cevizli<br \/>\n\u2013 Domates soslu makarna<br \/>\n-Yuca g\u00fcve\u00e7<br \/>\n-Bal\u0131k ve \u0131zgara tavuk (dorado) + iste\u011fe ba\u011fl\u0131 hindistan cevizi s\u00fct\u00fc sosu<br \/>\n-Taze meyve<br \/>\n-1 alkols\u00fcz i\u00e7ecek (soda veya su)<br \/>\n-Kahve<\/p>\n<p><strong>Ek Istakoz Servisi + Hindistan cevizi \u015fekeri $19 USD (ek).<\/strong><\/p>\n<\/div>\n<p><label>\u0130\u00e7erir:<\/label>\u00a0Dahil olan di\u011fer hizmetler (M\u00fcrettebat, Yak\u0131t ve Buzlu So\u011futucu dahildir)<\/p>\n<p><label>Dahil de\u011fil:<\/label>\u00a0\u0130\u00e7ecekler veya Yiyecekler dahil DE\u011e\u0130LD\u0130R<\/p>\n<p><label>Yak\u0131t Dahil:<\/label>\u00a0Evet<\/p>\n<\/div>\n<p>Whatsapp ile bize ula\u015f\u0131n: +1-809-720-6035. \u0130nternetteki en iyi fiyat\u2026<\/p>\n<p>&nbsp;<\/p>\n<h4><b><i>\u0130ptal politikas\u0131<\/i><\/b><\/h4>\n<p>Tam para iadesi i\u00e7in l\u00fctfen \u0130ptal politikalar\u0131m\u0131z\u0131 okuyun\u00a0<a href=\"https:\/\/www.boattoursamana.com\/tr\/cevrimici-rezervasyon\/\" target=\"_blank\" rel=\"noopener\" data-saferedirecturl=\"https:\/\/www.google.com\/url?q=https:\/\/www.boattoursamana.com\/online-booking\/&amp;source=gmail&amp;ust=1672449202351000&amp;usg=AOvVaw1yAeVAPktmaVCqDujgUn90\">Buraya T\u0131kla<\/a>. Seyahatle ayn\u0131 g\u00fcn rezervasyon iptal edilirse para kaybedilecektir.<\/p>\n\n\t\t<\/div>\n\t<\/div>\n<\/div><\/div><\/div><\/div><div class=\"vc_row wpb_row vc_row-fluid\" ><div class=\"wpb_column vc_column_container vc_col-sm-12\"><div class=\"vc_column-inner\"><div class=\"wpb_wrapper\"><div class=\"vc_btn3-container vc_btn3-inline\" ><button class=\"vc_general vc_btn3 vc_btn3-size-md vc_btn3-shape-rounded vc_btn3-style-modern vc_btn3-color-green\">REZERVASYON YAP<\/button><\/div><\/div><\/div><\/div><\/div>","protected":false},"excerpt":{"rendered":"<p>\u00d6zel S\u00fcrat Teknesi ( Lancha) Samana Bay Bu muhte\u015fem s\u00fcrat teknesini tam g\u00fcn kiralay\u0131n, 5 ki\u015fiye kadar <a href=\"https:\/\/www.boattoursamana.com\/tr\/varis-noktalari\/los-haitises-milli-park-bilet-turlari\/\" target=\"_blank\" rel=\"noopener\" data-saferedirecturl=\"https:\/\/www.google.com\/url?q=https:\/\/www.boattoursamana.com\/destinations\/los-haitises-national-park-tickets-tours\/&amp;source=gmail&amp;ust=1637749313206000&amp;usg=AOvVaw2iM1LFDbYv-Gthna0qZt2n\">Haitililer<\/a> ve Cayo Levantado. Ayr\u0131ca balina izleme sezonunda Samana koyundaki balinalar\u0131 g\u00f6rmek i\u00e7in tekneyi kullanabilirsiniz.<\/p>","protected":false},"featured_media":12415,"template":"","meta":[],"product_cat":[1054,841,1000],"product_tag":[842,843,844,845],"class_list":["post-13398","product","type-product","status-publish","has-post-thumbnail","hentry","product_cat-private-speed-boat-lancha-samana-bay","product_cat-rent-catamaran-or-boat-samana","product_cat-ultimo2022","product_tag-catamaran-for-renting-samana","product_tag-samana-boat-rentals","product_tag-samana-catamaran","product_tag-samana-rentals"],"_links":{"self":[{"href":"https:\/\/www.boattoursamana.com\/tr\/wp-json\/wp\/v2\/product\/13398","targetHints":{"allow":["GET"]}}],"collection":[{"href":"https:\/\/www.boattoursamana.com\/tr\/wp-json\/wp\/v2\/product"}],"about":[{"href":"https:\/\/www.boattoursamana.com\/tr\/wp-json\/wp\/v2\/types\/product"}],"wp:featuredmedia":[{"embeddable":true,"href":"https:\/\/www.boattoursamana.com\/tr\/wp-json\/wp\/v2\/media\/12415"}],"wp:attachment":[{"href":"https:\/\/www.boattoursamana.com\/tr\/wp-json\/wp\/v2\/media?parent=13398"}],"wp:term":[{"taxonomy":"product_cat","embeddable":true,"href":"https:\/\/www.boattoursamana.com\/tr\/wp-json\/wp\/v2\/product_cat?post=13398"},{"taxonomy":"product_tag","embeddable":true,"href":"https:\/\/www.boattoursamana.com\/tr\/wp-json\/wp\/v2\/product_tag?post=13398"}],"curies":[{"name":"wp","href":"https:\/\/api.w.org\/{rel}","templated":true}]}}