{"id":14264,"date":"2017-08-26T15:47:04","date_gmt":"2017-08-26T15:47:04","guid":{"rendered":"https:\/\/www.ticketswhales.com\/?post_type=product&#038;p=14264"},"modified":"2023-10-06T11:37:36","modified_gmt":"2023-10-06T11:37:36","slug":"los-haitises-all-in-one-from-las-terrenas","status":"publish","type":"product","link":"https:\/\/www.boattoursamana.com\/tr\/tur\/las-terrenastan-hepsi-bir-arada-haitises","title":{"rendered":"Las Terrenas&#039;tan Los Haitises Hepsi Bir Arada (Kayak, Y\u00fcr\u00fcy\u00fc\u015f, Tekne Gezisi, Ma\u011farac\u0131l\u0131k, Y\u00fczme Do\u011fal Havuz ve \u00d6\u011fle Yeme\u011fi)"},"content":{"rendered":"<div class=\"vc_row wpb_row vc_row-fluid\" ><div class=\"wpb_column vc_column_container vc_col-sm-12\"><div class=\"vc_column-inner\"><div class=\"wpb_wrapper\">\n\t<div class=\"wpb_text_column wpb_content_element\" >\n\t\t<div class=\"wpb_wrapper\">\n\t\t\t<h2>Las Terrenas&#039;tan Los Haitises Hepsi Bir Arada (Kayak, Y\u00fcr\u00fcy\u00fc\u015f, Tekne Gezisi, Ma\u011farac\u0131l\u0131k, Y\u00fczme Do\u011fal Havuz ve \u00d6\u011fle Yeme\u011fi)<\/h2>\n<h4><b><i>genel bak\u0131\u015f <\/i><\/b><\/h4>\n<p><span style=\"font-weight: 400;\">Los Haitises Hepsi Bir Arada, kendinizi tarihi ve bal\u0131k\u00e7\u0131 kasabas\u0131 Sanchez ile Los Haitises&#039;in ba\u015fkenti Sabana de la Mar aras\u0131nda kapt\u0131rmak i\u00e7in \u015fehirden bir ka\u00e7\u0131\u015f. La vega eyaleti 1800&#039;\u00fcn sonunda in\u015fa edildi. Bizimle gelin ve San Lorenzo K\u00f6rfezi&#039;nin bulundu\u011fu Los Haitises Ulusal Park\u0131&#039;n\u0131n ke\u015ffedilmemi\u015f plajlar\u0131ndan birinin tatl\u0131 sular\u0131n\u0131n tad\u0131n\u0131 \u00e7\u0131kar\u0131n. <\/span><\/p>\n<p><span style=\"font-weight: 400;\">Ya\u011fmur ormanlar\u0131 ve mangrov ormanlar\u0131yla \u00e7evrili bu yere tekneyle ula\u015f\u0131labilir. Sanchez&#039;den Los Haitises&#039;e giderken do\u011fayla ve bu park\u0131n unutulmaz manzaras\u0131yla temasa ge\u00e7eceksiniz. Bu tur, \u00fclkedeki en \u00f6nemli milli parklardan birinde kano, tekne gezintisi, bir ma\u011fara ziyareti ve y\u00fczmenin bir kar\u0131\u015f\u0131m\u0131 olacak, burada adan\u0131n Biyo\u00e7e\u015fitlili\u011finin \u00e7o\u011funlu\u011fu ve 98&#039;den fazla olan ikinci en b\u00fcy\u00fck mangrov orman\u0131. km2.\u00a0<\/span><\/p>\n<p><span style=\"font-weight: 400;\">Yerel ve uzman personelimiz, Taino&#039;nun k\u00fclt\u00fcr\u00fcn\u00fc, Los Haitises&#039;teki tarihini ve do\u011fayla ba\u011flar\u0131n\u0131 ger\u00e7ekten \u00f6\u011frenmenizi sa\u011flayacakt\u0131r. Bu tur, toplulu\u011fun \u00e7ok \u00f6nemli bir rol oynad\u0131\u011f\u0131 ekoturizm modundad\u0131r, onlar rehberler, Capitan tekneleri ve \u015fof\u00f6rlerdir.<\/span><\/p>\n<p><span style=\"font-weight: 400;\">Booking Adventure&#039;\u0131n \u00f6nceli\u011fi, bileti sat\u0131n ald\u0131\u011f\u0131n\u0131z andan seyahatinizi bitirene kadar en iyinin en iyisini ald\u0131\u011f\u0131n\u0131zdan emin olmakt\u0131r. Turlar\u0131m\u0131z \u00e7evre e\u011fitimi, macera ve yerel tarihe odakl\u0131d\u0131r ve bu gezi s\u0131ras\u0131nda her \u015feyden biraz g\u00f6receksiniz.\u00a0<\/span><\/p>\n<h3><span style=\"font-weight: 400;\">Dahil Edilenler ve Hari\u00e7 Tutulanlar<\/span><\/h3>\n<h6><strong>Dahil olanlar<\/strong><\/h6>\n<ul>\n<li><span style=\"font-weight: 400;\">S\u00fcrat Teknesi ve Kaptan\u00a0<\/span><\/li>\n<li><span style=\"font-weight: 400;\">Kano sporu\u00a0<\/span><\/li>\n<li>Y\u00fcr\u00fcy\u00fc\u015f parkuru<\/li>\n<li><span style=\"font-weight: 400;\">At\u0131\u015ft\u0131rmal\u0131klar, (su, meyve, soda)<\/span><\/li>\n<li>Yerel \u00d6\u011fle Yeme\u011fi<\/li>\n<li><span style=\"font-weight: 400;\">T\u00fcm vergiler, \u00fccretler ve i\u015flem \u00fccretleri<\/span><\/li>\n<li><span style=\"font-weight: 400;\">Yetkililer Ekolojist tur rehberleri \u0130ngilizce\/\u0130spanyolca<\/span><\/li>\n<li><span style=\"font-weight: 400;\">Do\u011fal Havuzlarda veya Ke\u015ffedilmemi\u015f Sahillerde Y\u00fczmek\u00a0<\/span><\/li>\n<li><span style=\"font-weight: 400;\">Ma\u011farac\u0131l\u0131k<\/span><\/li>\n<li>Otelden alma<\/li>\n<\/ul>\n<h6><strong>\u0130stisnalar<\/strong><\/h6>\n<ul>\n<li><span style=\"font-weight: 400;\">Bah\u015fi\u015fler<\/span><\/li>\n<li><span style=\"font-weight: 400;\">\u0130\u00e7ecek<\/span><\/li>\n<\/ul>\n<h6><strong>Gidi\u015f &amp; D\u00f6n\u00fc\u015f<\/strong><\/h6>\n<p><span style=\"font-weight: 400;\">\u201cBooking Adventures\u201d taraf\u0131ndan d\u00fczenlenen tur, Tur Rehberi veya Personel \u00fcyesi ile belirlenen bulu\u015fma noktas\u0131nda ba\u015flar. Gezgin, Rezervasyon \u0130\u015fleminden sonra bir bulu\u015fma noktas\u0131 alacakt\u0131r. Turlar bulu\u015fma noktalar\u0131m\u0131zda ba\u015flar ve biter.<\/span><\/p>\n<h2>Las Terrenas&#039;tan Los Haitises Hepsi Bir Arada (Kayak, Y\u00fcr\u00fcy\u00fc\u015f, Tekne Gezisi, Ma\u011farac\u0131l\u0131k, Y\u00fczme Do\u011fal Havuz ve \u00d6\u011fle Yeme\u011fi)<\/h2>\n<p><span style=\"font-weight: 400;\">Ne bekleyebilece\u011finizi?<\/span><\/p>\n<p><span style=\"font-weight: 400;\">Eko-Macera Turu Los Haitises Ulusal Park\u0131 Hepsi Bir Arada i\u00e7in biletinizi al\u0131n\u00a0<\/span><\/p>\n<p><span style=\"font-weight: 400;\">Bu Gezi, herhangi bir yere gitmeden \u00f6nce seyahat Acentelerimiz veya Tur Rehberiniz ile onaylaman\u0131z gereken bir bulu\u015fma noktas\u0131ndan ba\u015flar. Rehberinizle tan\u0131\u015ft\u0131\u011f\u0131n\u0131zda, tur ve g\u00fcn\u00fcn\u00fczle ilgili her \u015fey hakk\u0131nda bilgi alacaks\u0131n\u0131z.<\/span><\/p>\n<p><span style=\"font-weight: 400;\">Herkes haz\u0131r oldu\u011funda, 30 dakikal\u0131k bir y\u00fcr\u00fcy\u00fc\u015f yapaca\u011f\u0131n\u0131z ilk yer olan Los Haitises Patikas\u0131&#039;na gidece\u011fiz, y\u00fcr\u00fcy\u00fc\u015f s\u0131ras\u0131nda farkl\u0131 endemik bitki ve ku\u015f t\u00fcrlerini g\u00f6rece\u011fiz.\u00a0<\/span><\/p>\n<p><span style=\"font-weight: 400;\">Y\u00fcr\u00fcy\u00fc\u015ften sonra tekneye geri d\u00f6n\u00fcyoruz ve do\u011fal havuzlar\u0131n oldu\u011fu Playita Las Almejas&#039;a gidiyoruz, mangrov orman\u0131 ve San Lorenzo K\u00f6rfezi&#039;nin mangrovlar\u0131 aras\u0131nda gezinirken sizinle Los Haitises, Jeoloji hakk\u0131nda hikayeler payla\u015faca\u011f\u0131z ve mangrov t\u00fcrlerinin \u00fczerinden ge\u00e7ece\u011fiz. San Lorenzo K\u00f6rfezi \u00e7evresinde sahip olmak.\u00a0<\/span><\/p>\n<p><span style=\"font-weight: 400;\">Las Almejas&#039;a vard\u0131\u011f\u0131m\u0131zda, kanonuza binmek ve tur rehberinizle birlikte hatt\u0131n Ma\u011faras\u0131na k\u00fcrek \u00e7ekmek i\u00e7in mayonuzu haz\u0131rlamal\u0131s\u0131n\u0131z, aktivitenin ilk b\u00f6l\u00fcm\u00fcn\u00fc bitirene kadar personelin geri kalan\u0131 sizi bekleyecektir.<\/span><\/p>\n<p><span style=\"font-weight: 400;\">Gezinizin bu b\u00f6l\u00fcm\u00fcnde yakla\u015f\u0131k 1876 y\u0131l\u0131nda Avrupal\u0131lar taraf\u0131ndan b\u00f6lgede in\u015fa edilen ilk yap\u0131lardan biri olan Eski Las Perlas Liman\u0131&#039;n\u0131 dola\u015fabileceksiniz ve buras\u0131 bir tren hatt\u0131yla ba\u011flant\u0131l\u0131yd\u0131. kahve, muz ve bu Avrupal\u0131 grubun bug\u00fcn Los Haitises&#039;te yeti\u015ftirdi\u011fi her \u015fey.\u00a0<\/span><\/p>\n<p><span style=\"font-weight: 400;\">Ziyaret edece\u011finiz ma\u011farada Tainolar taraf\u0131ndan yap\u0131lm\u0131\u015f 1200&#039;den fazla piktograf var, bu kendilerini ifade etmenin bir yoluydu ve bug\u00fcn bu sanat bize bug\u00fcnlerde bulabilece\u011fimizi hi\u00e7 d\u00fc\u015f\u00fcnmedi\u011fimiz hikayeler anlat\u0131yor. Buradaki i\u015finiz bitti\u011finde, at\u0131\u015ft\u0131rmal\u0131klar ve y\u00fczme zaman\u0131 i\u00e7in Playa de las Almejas&#039;a geri d\u00f6nece\u011fiz.\u00a0<\/span><\/p>\n<p><span style=\"font-weight: 400;\">O b\u00f6lgeden d\u00f6nerken size birka\u00e7 mangrov t\u00fcr\u00fc g\u00f6sterece\u011fiz ve mangrov ormanlar\u0131n\u0131n bir ekosistem olarak ekoloji i\u00e7in \u00f6nemi hakk\u0131nda konu\u015faca\u011f\u0131z.<\/span><\/p>\n<p><span style=\"font-weight: 400;\">Kano yapmay\u0131 ve y\u00fczmeyi bitirdi\u011fimizde, yerel mutfa\u011f\u0131 kucaklamak ve Karayip Adas\u0131&#039;ndaki en iyi beyaz pirin\u00e7 ve k\u0131rm\u0131z\u0131 fasulyeyi tatmak i\u00e7in yerel bir \u00f6\u011fle yeme\u011fi yemek i\u00e7in bir mola verece\u011fiz.\u00a0<\/span><\/p>\n<p><span style=\"font-weight: 400;\">\u00d6\u011fle yeme\u011finden ve Los Haitises Milli Park\u0131&#039;nda biraz y\u00fczd\u00fckten sonra Sanchez&#039;e geri d\u00f6n\u00fcyoruz, d\u00f6n\u00fc\u015f yolunda Samana Yar\u0131madas\u0131&#039;na 30 dakikal\u0131k bir yolculuk yap\u0131yoruz, bu gezi ba\u015flad\u0131\u011f\u0131 yerde sona eriyor.<\/span><\/p>\n<p><span style=\"font-weight: 400;\">Not: Bu turlar, Yetkili Ekolojist tur rehberleri e\u015fli\u011findedir. L\u00fctfen zaman\u0131nda rezervasyon yap\u0131n \u00e7\u00fcnk\u00fc parkta \u00e7ok fazla uzman yok.<\/span><\/p>\n<h6><strong>Ne getirmelisin?<\/strong><\/h6>\n<ul>\n<li style=\"font-weight: 400;\" aria-level=\"1\"><span style=\"font-weight: 400;\">Kamera<\/span><\/li>\n<li style=\"font-weight: 400;\" aria-level=\"1\"><span style=\"font-weight: 400;\">B\u00f6cek sprey\u00a0<\/span><\/li>\n<li style=\"font-weight: 400;\" aria-level=\"1\"><span style=\"font-weight: 400;\">G\u00fcne\u015f kremi<\/span><\/li>\n<li style=\"font-weight: 400;\" aria-level=\"1\"><span style=\"font-weight: 400;\">rahat pantolon<\/span><\/li>\n<li style=\"font-weight: 400;\" aria-level=\"1\"><span style=\"font-weight: 400;\">Y\u00fcr\u00fcy\u00fc\u015f ayakkab\u0131s\u0131<\/span><\/li>\n<li style=\"font-weight: 400;\" aria-level=\"1\"><span style=\"font-weight: 400;\">Ya\u011fmurluk\u00a0<\/span><\/li>\n<li style=\"font-weight: 400;\" aria-level=\"1\"><span style=\"font-weight: 400;\">Mayo\u00a0<\/span><\/li>\n<li style=\"font-weight: 400;\" aria-level=\"1\"><span style=\"font-weight: 400;\">Havlu<\/span><\/li>\n<li style=\"font-weight: 400;\" aria-level=\"1\"><span style=\"font-weight: 400;\">Kuru \u00e7anta\u00a0\u00a0<\/span><\/li>\n<\/ul>\n<h4><b><i>otelden alma <\/i><\/b><\/h4>\n<p><span style=\"font-weight: 400;\">Bu tur i\u00e7in otelden alma hizmeti sunulmaktad\u0131r. Sadece Santa Barbara de Samana, Las Terrenas, Las Galeras ve Sanchez&#039;desiniz\u00a0<\/span><\/p>\n<p><b>Not:<\/b><span style=\"font-weight: 400;\"> Tur\/Gezi kalk\u0131\u015f saatinden sonraki 24 saat i\u00e7inde rezervasyon yap\u0131yorsan\u0131z, Dominik Cumhuriyeti&#039;ndeki herhangi bir yerden ekstra \u00dccretler kar\u015f\u0131l\u0131\u011f\u0131nda otelden alma ayarlayabiliriz. Sat\u0131n alma i\u015fleminiz tamamland\u0131\u011f\u0131nda, yerel Tur rehberimizin kar\u015f\u0131lama d\u00fczenlemelerini organize etmesi i\u00e7in size tam ileti\u015fim bilgilerini (telefon numaras\u0131, e-posta adresi vb.) g\u00f6nderece\u011fiz.<\/span><\/p>\n<h4><b><i>Ek Bilgi Onay\u0131 <\/i><\/b><\/h4>\n<ol>\n<li>Biletler, bu Tur i\u00e7in \u00f6deme yap\u0131ld\u0131ktan sonra Makbuzdur. \u00d6demeyi telefonunuzda g\u00f6sterebilirsiniz.<\/li>\n<li style=\"font-weight: 400;\"><span style=\"font-weight: 400;\">Bulu\u015fma Noktas\u0131 Rezervasyon \u0130\u015fleminden Sonra Al\u0131nacakt\u0131r.<\/span><\/li>\n<li style=\"font-weight: 400;\"><span style=\"font-weight: 400;\">\u00c7ocuklara bir yeti\u015fkin e\u015flik etmelidir.<\/span><\/li>\n<li style=\"font-weight: 400;\"><span style=\"font-weight: 400;\"> Tekerlekli sandalye eri\u015fimine uygun de\u011fil <\/span><\/li>\n<li style=\"font-weight: 400;\"><span style=\"font-weight: 400;\">Bebekler kuca\u011fa oturmal\u0131 <\/span><\/li>\n<li style=\"font-weight: 400;\"><span style=\"font-weight: 400;\">S\u0131rt sorunu olan gezginler i\u00e7in \u00f6nerilmez<\/span><\/li>\n<li style=\"font-weight: 400;\"><span style=\"font-weight: 400;\">Hamile gezginler i\u00e7in \u00f6nerilmez <\/span><\/li>\n<li style=\"font-weight: 400;\"><span style=\"font-weight: 400;\"> Kalp problemi veya di\u011fer ciddi t\u0131bbi durumlar yok <\/span><\/li>\n<li style=\"font-weight: 400;\"><span style=\"font-weight: 400;\">\u00c7o\u011fu gezgin kat\u0131labilir<\/span><\/li>\n<\/ol>\n<h4><b><i>\u0130ptal politikas\u0131<\/i><\/b><\/h4>\n<p><span style=\"font-weight: 400;\">Tam para iadesi i\u00e7in l\u00fctfen \u0130ptal politikalar\u0131m\u0131z\u0131 okuyun\u00a0<a href=\"https:\/\/www.boattoursamana.com\/tr\/cevrimici-rezervasyon\/\" target=\"_blank\" rel=\"noopener\" data-saferedirecturl=\"https:\/\/www.google.com\/url?q=https:\/\/www.boattoursamana.com\/online-booking\/&amp;source=gmail&amp;ust=1672449202351000&amp;usg=AOvVaw1yAeVAPktmaVCqDujgUn90\">Buraya T\u0131kla<\/a>. Seyahatle ayn\u0131 g\u00fcn rezervasyon iptal edilirse para kaybedilecektir.<\/span><\/p>\n\n\t\t<\/div>\n\t<\/div>\n<div class=\"mkdf-section-title-holder\" style=\"text-align: left\">\n\t<div class=\"mkdf-st-inner\">\n\t\t\t\t\t<h5 class=\"mkdf-st-subtitle\" >\n\t\t\t\t( Hepsi bir arada )\t\t\t<\/h5>\n\t\t\t\t\t\t\t<h3 class=\"mkdf-st-title\" >\n\t\t\t\tLas Terrenas&#039;tan Haitises Hepsi Bir Arada (Kayak, Y\u00fcr\u00fcy\u00fc\u015f, Tekne Gezisi, Ma\u011farac\u0131l\u0131k, Y\u00fczme Do\u011fal Havuz ve \u00d6\u011fle Yeme\u011fi)\t\t\t<\/h3>\n\t\t\t\t\t\t\t<p class=\"mkdf-st-text\" >\n\t\t\t\tBu Deneyim Minimum 4 Kat\u0131l\u0131mc\u0131ya \u0130htiya\u00e7 Duyar. 4 ya\u015f\u0131nda de\u011filseniz, l\u00fctfen bizimle ileti\u015fime ge\u00e7mekten \u00e7ekinmeyin!\t\t\t<\/p>\n\t\t\t<\/div>\n<\/div><\/div><\/div><\/div><\/div><div class=\"vc_row wpb_row vc_row-fluid\" ><div class=\"wpb_column vc_column_container vc_col-sm-12\"><div class=\"vc_column-inner\"><div class=\"wpb_wrapper\">\n\t<div class=\"wpb_video_widget wpb_content_element vc_clearfix   vc_video-aspect-ratio-169 vc_video-el-width-100 vc_video-align-left\" >\n\t\t<div class=\"wpb_wrapper\">\n\t\t\t<h2 class=\"wpb_heading wpb_video_heading\">Kay\u0131k Los Haitises <\/h2>\n\t\t\t<div class=\"wpb_video_wrapper\"><iframe loading=\"lazy\" title=\"Los Haitises Ulusal Park\u0131, Dominik Cumhuriyeti&#039;nde Kano ve Ma\u011farac\u0131l\u0131k Turu\" width=\"1100\" height=\"619\" src=\"https:\/\/www.youtube.com\/embed\/ucU1uwB57wQ?feature=oembed\" frameborder=\"0\" allow=\"accelerometer; autoplay; clipboard-write; encrypted-media; gyroscope; picture-in-picture; web-share\" allowfullscreen><\/iframe><\/div>\n\t\t<\/div>\n\t<\/div>\n<\/div><\/div><\/div><\/div><div class=\"vc_row wpb_row vc_row-fluid\" ><\/div><div class=\"wpb_column vc_column_container vc_col-sm-12\"><div class=\"vc_column-inner\"><div class=\"wpb_wrapper\"><\/div><\/div><\/div><div class=\"vc_empty_space\"   style=\"height: 32px\"><span class=\"vc_empty_space_inner\"><\/span><\/div><div class=\"vc_empty_space\"   style=\"height: 32px\"><span class=\"vc_empty_space_inner\"><\/span><\/div>","protected":false},"excerpt":{"rendered":"<p><span style=\"font-weight: 400;\">Tarihi ve bal\u0131k\u00e7\u0131 kasabas\u0131 Sanchez ile Los Haitises&#039;in ba\u015fkenti Sabana de la Mar aras\u0131nda kendinizi kapt\u0131rmak i\u00e7in \u015fehirden ka\u00e7\u0131n. Bizimle gelin ve San Lorenzo K\u00f6rfezi&#039;nin bulundu\u011fu Los Haitises Ulusal Park\u0131&#039;n\u0131n ke\u015ffedilmemi\u015f sahillerinden birinin tatl\u0131 sular\u0131n\u0131n tad\u0131n\u0131 \u00e7\u0131kar\u0131n. Ya\u011fmur ormanlar\u0131 ve mangrov ormanlar\u0131yla \u00e7evrili bu yere tekneyle ula\u015f\u0131labilir. Sanchez&#039;den Los Haitises&#039;e giderken do\u011fayla ve bu park\u0131n unutulmaz manzaras\u0131yla temasa ge\u00e7eceksiniz. Bu tur, \u00fclkedeki en \u00f6nemli milli parklardan birinde kano, tekne gezintisi, bir ma\u011fara ziyareti ve y\u00fczmenin bir kar\u0131\u015f\u0131m\u0131 olacak, burada adan\u0131n Biyo\u00e7e\u015fitlili\u011finin \u00e7o\u011funlu\u011fu ve 98&#039;den fazla olan ikinci en b\u00fcy\u00fck mangrov orman\u0131. km2.\u00a0<\/span><\/p>\n<p>&nbsp;<\/p>\n<p><strong><span style=\"vertical-align: inherit;\"><span style=\"vertical-align: inherit;\">Bu macera i\u00e7in bir tarih se\u00e7in:<\/span><\/span><\/strong><\/p>","protected":false},"featured_media":14267,"template":"","meta":[],"product_cat":[456,946,878,928,168,920,927,934,1046,862,160,773,254,255],"product_tag":[422,268,174,173,577,576,571,570,569,317,316,206,1047,522,209,575,441,574,572,499,175,498,200,187,573],"class_list":["post-14264","product","type-product","status-publish","has-post-thumbnail","hentry","product_cat-day-trips","product_cat-1-sabana-de-la-mar","product_cat-altos-de-cano-hondo","product_cat-boat-trip-los-haitises","product_cat-caves","product_cat-group-tours","product_cat-hiking-los-haitises","product_cat-kayaking-los-haitises","product_cat-las-terrenas","product_cat-los-haitises-national-park","product_cat-lunch","product_cat-private-tours-excursions","product_cat-tours-excursions-los-haitises-national-park","product_cat-tours-excursions-samana-bay-dominican-republic","product_tag-cano-hondo-sabana-de-la-mar","product_tag-caves-los-haitises","product_tag-eco-tours","product_tag-excursion","product_tag-hike-kayak","product_tag-hike-kayak-los-haitises-national-park","product_tag-hiking-los-haitises","product_tag-hiking-sabana-de-la-mar","product_tag-hiking-samana","product_tag-kayak-tour","product_tag-kayaking","product_tag-kayaking-los-haitises","product_tag-las-galeras-excursions","product_tag-las-terrenas-excursions","product_tag-los-haitises-national-park","product_tag-los-haitises-national-park-entrance-fee","product_tag-los-haitises-national-park-tour-from-las-terrenas","product_tag-los-haitises-national-park-tour-from-santo-domingo","product_tag-los-haitises-national-park-weather","product_tag-los-haitises-sabana-de-la-mar","product_tag-sabana-de-la-mar","product_tag-sabana-de-la-mar-tour","product_tag-samana-excursions","product_tag-samana-tours","product_tag-secrets-of-los-haitises"],"_links":{"self":[{"href":"https:\/\/www.boattoursamana.com\/tr\/wp-json\/wp\/v2\/product\/14264","targetHints":{"allow":["GET"]}}],"collection":[{"href":"https:\/\/www.boattoursamana.com\/tr\/wp-json\/wp\/v2\/product"}],"about":[{"href":"https:\/\/www.boattoursamana.com\/tr\/wp-json\/wp\/v2\/types\/product"}],"wp:featuredmedia":[{"embeddable":true,"href":"https:\/\/www.boattoursamana.com\/tr\/wp-json\/wp\/v2\/media\/14267"}],"wp:attachment":[{"href":"https:\/\/www.boattoursamana.com\/tr\/wp-json\/wp\/v2\/media?parent=14264"}],"wp:term":[{"taxonomy":"product_cat","embeddable":true,"href":"https:\/\/www.boattoursamana.com\/tr\/wp-json\/wp\/v2\/product_cat?post=14264"},{"taxonomy":"product_tag","embeddable":true,"href":"https:\/\/www.boattoursamana.com\/tr\/wp-json\/wp\/v2\/product_tag?post=14264"}],"curies":[{"name":"wp","href":"https:\/\/api.w.org\/{rel}","templated":true}]}}