{"id":15361,"date":"2023-02-06T10:44:02","date_gmt":"2023-02-06T10:44:02","guid":{"rendered":"https:\/\/www.ticketswhales.com\/?post_type=product&#038;p=15361"},"modified":"2025-12-21T17:09:04","modified_gmt":"2025-12-21T17:09:04","slug":"miches-samana-whale-watching-cayo-levantado-bacardi-island-limon-waterfalls","status":"publish","type":"product","link":"https:\/\/www.boattoursamana.com\/tr\/tur\/miches-samana-balina-izleme-cayo-levantado-bacardi-adasi-limon-selaleleri","title":{"rendered":"Miches: Saman\u00e1 Balina \u0130zleme + Cayo Levantado (Bacardi Adas\u0131) + El Lim\u00f3n \u015eelaleleri"},"content":{"rendered":"<div class=\"vc_row wpb_row vc_row-fluid\" ><div class=\"wpb_column vc_column_container vc_col-sm-12\"><div class=\"vc_column-inner\"><div class=\"wpb_wrapper\"><div class=\"vc_empty_space\"   style=\"height: 32px\"><span class=\"vc_empty_space_inner\"><\/span><\/div><div class=\"vc_btn3-container vc_btn3-inline\" ><a class=\"vc_general vc_btn3 vc_btn3-size-md vc_btn3-shape-rounded vc_btn3-style-modern vc_btn3-color-green\" href=\"https:\/\/bookingadventures.tours\/booking.php?tour_id=37eeb6616d6bfb8565c383bedf525a4c\" title=\"\" rel=\"noopener\">REZERVASYON YAP<\/a><\/div><div class=\"vc_empty_space\"   style=\"height: 32px\"><span class=\"vc_empty_space_inner\"><\/span><\/div><\/div><\/div><\/div><\/div><div class=\"wpb_column vc_column_container vc_col-sm-12\"><div class=\"vc_column-inner\"><div class=\"wpb_wrapper\">\n\t<div class=\"wpb_text_column wpb_content_element\" >\n\t\t<div class=\"wpb_wrapper\">\n\t\t\t<div class=\"vc_row wpb_row vc_row-fluid\">\n<div class=\"wpb_column vc_column_container vc_col-sm-12\">\n<div class=\"vc_column-inner\">\n<div class=\"wpb_wrapper\">\n<div class=\"mkdf-section-title-holder\">\n<div class=\"mkdf-st-inner\">\n<h5 class=\"mkdf-st-subtitle\">Cayo Levantado (Bacardi Adas\u0131) + Punta Cana Otellerinden El Lim\u00f3n \u015eelaleleri.<\/h5>\n<h3 class=\"mkdf-st-title\">Punta Cana&#039;dan Saman\u00e1 K\u00f6rfezi&#039;ne Balina \u0130zleme<\/h3>\n<\/div>\n<\/div>\n<\/div>\n<\/div>\n<\/div>\n<\/div>\n<div class=\"vc_row wpb_row vc_row-fluid\"><\/div>\n<div class=\"wpb_column vc_column_container vc_col-sm-12\">\n<div class=\"vc_column-inner\">\n<div class=\"wpb_wrapper\"><\/div>\n<\/div>\n<\/div>\n<div class=\"wpb_text_column wpb_content_element\">\n<div class=\"wpb_wrapper\"><\/div>\n<\/div>\n<div class=\"vc_row wpb_row vc_row-fluid\">\n<div class=\"wpb_column vc_column_container vc_col-sm-12\">\n<div class=\"vc_column-inner\">\n<div class=\"wpb_wrapper\">\n<div class=\"wpb_text_column wpb_content_element\">\n<div class=\"wpb_wrapper\">\n<div class=\"vc_row wpb_row vc_row-fluid\">\n<div class=\"wpb_column vc_column_container vc_col-sm-12\">\n<div class=\"vc_column-inner\">\n<div class=\"wpb_wrapper\">\n<div class=\"wpb_text_column wpb_content_element\">\n<div class=\"wpb_wrapper\">\n<h4><b><i>Genel Bak\u0131\u015f\ud83d\udc33<\/i><\/b><\/h4>\n<p>Punta Cana otellerinden bu tam g\u00fcnl\u00fck gezi s\u0131ras\u0131nda Punta Cana Balinas\u0131, Saman\u00e1 K\u00f6rfezi&#039;nde balina g\u00f6zlemcili\u011fi ve Cayo Levantado&#039;yu ziyaret etmenin yan\u0131 s\u0131ra El Limon \u015eelaleleri&#039;ne Safari. Konforlu ve klimal\u0131 bir antren\u00f6rle Saman\u00e1 koyuna seyahat edin, ard\u0131ndan Miches&#039;te bir Katamaran teknesine transfer olun. B\u00f6lgeyi \u00fcremek ve yavrular\u0131n\u0131 do\u011furmak i\u00e7in ziyaret eden kambur balina s\u00fcr\u00fclerini aramak i\u00e7in a\u00e7\u0131k sulara \u00e7\u0131k\u0131n. Bu deniz memelilerinin davran\u0131\u015flar\u0131 ve biyolojisi hakk\u0131nda uzman do\u011fa bilimci rehberinizden bilgi edinin. Punta Cana&#039;ya d\u00f6nmeden \u00f6nce, Hindistan cevizi orman\u0131nda atlar\u0131n bindi\u011fi El Lim\u00f3n \u015eelaleleri&#039;ne yap\u0131lan bu Safari gezisinin ard\u0131ndan sahilde \u00f6\u011fle yeme\u011fi i\u00e7in Cayo Levantado \/ Bacardi Adas\u0131&#039;na devam edin ve masmavi sulara dal\u0131n.<\/p>\n<p>&nbsp;<\/p>\n<p><strong>Not:<\/strong> Bu tur \u00d6zel de\u011fil. Bu tur \u015fu dura\u011f\u0131 i\u00e7ermektedir: <strong>El Limon \u015eelalesi<\/strong>. Ayn\u0131 geziyi rezerve etmek ve \u015felalelere gitmemek i\u00e7in l\u00fctfen\u00a0<a href=\"https:\/\/www.boattoursamana.com\/tr\/tours-excursions\/turlar-geziler-samana-bay-dominik-cumhuriyeti\/whale-watching-2020-in-punta-cana-to-samana-bay-cayo-levantado-bacardi-island-from-hotels\/\">BURAYA TIKLAYIN.<\/a><\/p>\n<ul>\n<li>Balina \u0130zleme gezisi<\/li>\n<li>Bacardi Adas\u0131 \/ Cayo Levantado<\/li>\n<li>G\u00f6zlemevine giri\u015f \u00fccretleri<\/li>\n<li>Samana Safarisi<\/li>\n<li>El Limon \u015eelaleleri At Binme<\/li>\n<li>Sahilde a\u00e7\u0131k b\u00fcfe \u00f6\u011fle yeme\u011fi dahildir.<\/li>\n<li>Tekne Transferi<\/li>\n<li>Kaptan talimat ve Denetim sa\u011flar<\/li>\n<li>Tur rehberi<\/li>\n<\/ul>\n<p>&nbsp;<\/p>\n<h4><b>Dahil Edilenler ve Hari\u00e7 Tutulanlar<\/b><\/h4>\n<p>&nbsp;<\/p>\n<p><b>Dahil olanlar<\/b><\/p>\n<p>&nbsp;<\/p>\n<ol>\n<li>Sahilde a\u00e7\u0131k b\u00fcfe \u00f6\u011fle yeme\u011fi<\/li>\n<li>Otellerden Transfer<\/li>\n<li>Tur rehberi<\/li>\n<li>Katamaran veya Tekne Gezisi<\/li>\n<li>T\u00fcm vergiler, \u00fccretler ve i\u015flem \u00fccretleri<\/li>\n<li>Yerel vergiler<\/li>\n<li>\u0130\u00e7ecekler<\/li>\n<\/ol>\n<p><b>\u0130stisnalar<\/b><\/p>\n<ol>\n<li>Bah\u015fi\u015fler<\/li>\n<\/ol>\n<p>&nbsp;<\/p>\n<h4><em><strong>Gidi\u015f &amp; D\u00f6n\u00fc\u015f<\/strong><\/em><\/h4>\n<p>Bu tur i\u00e7in otelden alma hizmeti sunulmaktad\u0131r. Not k\u0131sm\u0131na sizi almak i\u00e7in otelin ad\u0131n\u0131 yazman\u0131z yeterli. T\u00fcm Punta Cana Otellerinde al\u0131yoruz.<\/p>\n<p>&nbsp;<\/p>\n<h3>Saman\u00e1 Balina \u0130zleme + Cayo Levantado (Bacardi Adas\u0131) + Miches&#039;ten Lim\u00f3n \u015eelaleleri.<\/h3>\n<h4><b><i>Ne bekleyebilece\u011finizi?<\/i><\/b><\/h4>\n<p>Saman\u00e1 K\u00f6rfezi&#039;ndeki bu 12 saatlik Kambur balina izleme gezisi s\u0131ras\u0131nda Dominik Cumhuriyeti&#039;nin nazik deniz devleriyle yak\u0131nla\u015f\u0131n. S\u0131cak tropik sular\u0131nda \u00e7iftle\u015fmek, beslenmek ve oynamak i\u00e7in her y\u0131l adaya ak\u0131n eden binlerce balinay\u0131 g\u00f6zlemleyerek unutulmaz bir g\u00fcn ge\u00e7irin. Bu g\u00fczel yarat\u0131klar\u0131 g\u00f6zlemlerken, uzman balina izleme rehberinizin sundu\u011fu e\u015fsiz bilgilerin keyfine varacaks\u0131n\u0131z. G\u00fcn\u00fcn\u00fcz\u00fc, g\u00fczel Cayo Levantado Adas\u0131&#039;nda \u00f6\u011fle yeme\u011fi ve plaj zaman\u0131yla sonland\u0131r\u0131n. Otele gidi\u015f-d\u00f6n\u00fc\u015f ula\u015f\u0131m da dahildir.<\/p>\n<p>Sabah 9:00&#039;dan \u00f6\u011flen 12:00&#039;ye kadar Balina G\u00f6zlemevi ve Bu Balina gezisinden sonra Bacardi Adas\u0131 \/ Cayo Levantado&#039;yu ziyaret edece\u011fiz. Bacardi Adas\u0131&#039;nda tipik Dominik Usul\u00fcnden \u00d6\u011fle Yeme\u011fi B\u00fcfesi sunulacakt\u0131r (Pirin\u00e7, Fasulye, Bal\u0131k, Salatalar\u2026). \u00d6\u011fle yeme\u011fi bitti\u011finde y\u00fczmenize izin verilir ve saat 16: 30&#039;a kadar El limon \u015felalelerine gitmeye haz\u0131rlan\u0131rs\u0131n\u0131z. Tur, saat 17:00&#039;de, ayn\u0131 limanda, Katamaran\u0131m\u0131zla ba\u015flayacak ve otob\u00fcsle Punta Cana Hotels&#039;e geri d\u00f6necektir.<\/p>\n<p><strong>Masa saati:<\/strong><\/p>\n<p>6:00 \u2013 7:00 M\u00fc\u015fterilerin farkl\u0131 otellerden al\u0131nmas\u0131<br \/>\n07:00 Sabana de la mar&#039;da Las Canitas&#039;a hareket<br \/>\n08:15 \u00d6zel iskeleye var\u0131\u015f<br \/>\n08:15 \u2013 8:40 Kahvalt\u0131 Saati (sandvi\u00e7, muffin, \u00e7ay, kahve, meyve sular\u0131)<br \/>\n8:45 Samana&#039;daki kambur balinalar\u0131n s\u0131\u011f\u0131na\u011f\u0131na yolculu\u011fumuza ba\u015flamak i\u00e7in gemiye bini\u015f<br \/>\n11:00 Balinalar\u0131 45 dakikal\u0131k bir s\u00fcre i\u00e7in aray\u0131n - Bu, H\u00fck\u00fcmet kurallar\u0131na g\u00f6re Zamanlamad\u0131r.<br \/>\n11:45 Samana K\u00f6rfezi&#039;ndeki Cayo Levantado&#039;ya gidin<br \/>\n12:30 Cayo Levantado&#039;ya var\u0131\u015f<br \/>\n13:00 \u00d6\u011fle yeme\u011fi zaman\u0131 (\u00f6\u011fle yeme\u011fi b\u00fcfesi, tipik Dominik)*<br \/>\n13:45 \u2013 15:30 Cayo Levantado&#039;da bo\u015f zaman<br \/>\n15:00 \u2013 15:45 Tekrar gemide, Miches&#039;e d\u00f6n\u00fc\u015f y\u00f6n\u00fc<br \/>\n17:00 Miches&#039;e var\u0131\u015f ve Punta Cana&#039;daki otellere hareket<br \/>\n19:30 \u2013 20:00 Punta Cana&#039;daki otellere var\u0131\u015f<\/p>\n<p><strong>*\u00d6\u011fle Yeme\u011fi Men\u00fcs\u00fc (tipik Dominik)<br \/>\n<\/strong>Pilav, \u0131zgara tavuk veya \u0131zgara bal\u0131k, salata, sebze, taze meyve.<\/p>\n<p><strong>*Balina izlemenin ard\u0131ndan \u015felale El Limon&#039;daki dura\u011f\u0131 eklemeyi se\u00e7en m\u00fc\u015fteriler \u015felale reklam\u0131na ge\u00e7ecek ve Cayo Levantado&#039;da daha az zaman ge\u00e7irecekler.<\/strong><\/p>\n<p>Bu tur \u015fu dura\u011f\u0131 i\u00e7ermektedir: <strong>El Limon \u015eelalesi<\/strong>. Ayn\u0131 geziyi rezerve etmek ve \u015felalelere gitmemek i\u00e7in l\u00fctfen\u00a0<a href=\"https:\/\/www.boattoursamana.com\/tr\/tours-excursions\/turlar-geziler-samana-bay-dominik-cumhuriyeti\/whale-watching-2020-in-punta-cana-to-samana-bay-cayo-levantado-bacardi-island-from-hotels\/\">BURAYA TIKLAYIN.<\/a><\/p>\n<p>&nbsp;<\/p>\n<h4><em><strong>Ne getirmelisin?<\/strong><\/em><\/h4>\n<ul>\n<li>Kamera<\/li>\n<li>Kovucu tomurcuklar<\/li>\n<li>G\u00fcne\u015f kremi<\/li>\n<li>\u015eapka<\/li>\n<li>rahat pantolon<\/li>\n<li>Sahile giden sandaletler<\/li>\n<li>Y\u00fczme giysileri<\/li>\n<li>Hediyelik e\u015fyalar ve bah\u015fi\u015fler i\u00e7in nakit para<\/li>\n<\/ul>\n<p>&nbsp;<\/p>\n<h4><b><i>otelden alma<\/i><\/b><\/h4>\n<p>Bu tur i\u00e7in otelden ara\u00e7la alma hizmeti sunulmamaktad\u0131r. Notlarda Punta Cana&#039;da kar\u015f\u0131lama i\u00e7in rezervasyon formundaki ekstra se\u00e7enekleri se\u00e7in ve sizi alacak otelin ad\u0131n\u0131 yaz\u0131n. T\u00fcm Punta Cana Otellerinden teslim al\u0131yoruz.<\/p>\n<p>&nbsp;<\/p>\n<p><b>Not:<\/b> Turun\/Gezinin kalk\u0131\u015f saatinden sonraki 24 saat i\u00e7inde rezervasyon yap\u0131yorsan\u0131z, otelden al\u0131nmay\u0131 ayarlayabiliriz. Sat\u0131n alma i\u015fleminiz tamamland\u0131\u011f\u0131nda, yerel Tur rehberimizin kar\u015f\u0131lama d\u00fczenlemelerini organize etmesi i\u00e7in size tam ileti\u015fim bilgilerini (telefon numaras\u0131, e-posta adresi vb.) g\u00f6nderece\u011fiz.<\/p>\n<h4><b><i>Ek Bilgi Onay\u0131<\/i><\/b><\/h4>\n<ol>\n<li>Biletler, bu Tur i\u00e7in \u00f6deme yap\u0131ld\u0131ktan sonra Makbuzdur. \u00d6demeyi telefonunuzda g\u00f6sterebilirsiniz.<\/li>\n<li>Bulu\u015fma Noktas\u0131 Rezervasyon \u0130\u015fleminden Sonra Al\u0131nacakt\u0131r.<\/li>\n<li>\u00c7ocuklara bir yeti\u015fkin e\u015flik etmelidir.<\/li>\n<li>tekerlekli sandalye eri\u015filebilir<\/li>\n<li>Bebekler kuca\u011fa oturmal\u0131<\/li>\n<li>\u00c7o\u011fu gezgin kat\u0131labilir<\/li>\n<\/ol>\n<h4><b><i>\u0130ptal politikas\u0131<\/i><\/b><\/h4>\n<p>Tam para iadesi i\u00e7in deneyimin ba\u015flang\u0131\u00e7 tarihinden en az 74 saat \u00f6nce iptal edin.<\/p>\n<\/div>\n<\/div>\n<\/div>\n<\/div>\n<\/div>\n<\/div>\n<\/div>\n<\/div>\n<\/div>\n<\/div>\n<\/div>\n<\/div>\n<div class=\"vc_row wpb_row vc_row-fluid\">\n<div class=\"wpb_column vc_column_container vc_col-sm-12\">\n<div class=\"vc_column-inner\">\n<div class=\"wpb_wrapper\">\n<div class=\"vc_empty_space\"><\/div>\n<div class=\"wpb_text_column wpb_content_element\">\n<div class=\"wpb_wrapper\">\n<h4>Bize Ula\u015f\u0131n?<\/h4>\n<h5><b><i>TUR BAL\u0130NALARI SAMAN\u00c1<\/i><\/b><\/h5>\n<p><em><strong>Yerliler<\/strong>\u00a0ve\u00a0<strong>uyruklular<\/strong>\u00a0Tur Rehberleri ve Misafir Hizmetleri<\/em><\/p>\n<p><span class=\"text-turquoise\">Rezervasyonlar:<\/span> \u00a0Dom&#039;da Turlar ve Geziler. Temsilci<\/p>\n<p>\ud83d\udcde Tel \/ Whatsapp\u00a0\u00a0\u00a0<a href=\"tel:+1-809-720-6035\">+ 1-809-720-6035<\/a>\u00a0.<\/p>\n<p>\ud83d\udce9\u00a0<a href=\"mailto:info@bookingadventures.com.do\">info@bookingadventures.com.do<\/a><\/p>\n<p><strong>Baz\u0131 \u00f6zel yap\u0131land\u0131rmalar Whatsapp i\u00e7in esnektir:\u00a0\u00a0<a href=\"tel:+18097206035\">+18097206035.<\/a><\/strong><\/p>\n<\/div>\n<\/div>\n<\/div>\n<\/div>\n<\/div>\n<\/div>\n\n\t\t<\/div>\n\t<\/div>\n<\/div><\/div><\/div>","protected":false},"excerpt":{"rendered":"<p>Saman\u00e1 K\u00f6rfezi&#039;nin g\u00fcney k\u0131y\u0131lar\u0131ndaki k\u00fc\u00e7\u00fck bal\u0131k\u00e7\u0131 k\u00f6y\u00fc Miches&#039;e varmadan \u00f6nce Punta Cana&#039;n\u0131n kuzeyine do\u011fru ilerlerken Miches b\u00f6lgesinden Do\u011fu S\u0131rada\u011flar\u0131&#039;n\u0131n g\u00fczel manzaralar\u0131n\u0131n keyfini \u00e7\u0131karaca\u011f\u0131z. Saman\u00e1&#039;ya giden tekneye binmeden \u00f6nce h\u0131zl\u0131 bir kahvalt\u0131n\u0131n tad\u0131n\u0131 \u00e7\u0131karacaks\u0131n\u0131z. Balinalar\u0131 izlemek i\u00e7in k\u00f6rfezin derinliklerine do\u011fru gidece\u011fiz. \u0130lk olarak, bir zamanlar \u00fcnl\u00fc reklam filmlerinin yap\u0131ld\u0131\u011f\u0131 Bacardi Rum plajlar\u0131na yak\u0131nl\u0131\u011f\u0131 nedeniyle Bacardi Adas\u0131 olarak da bilinen Cayo Levantado&#039;ya ula\u015faca\u011f\u0131z.<\/p>\n<p>Cayo Levantado, tropik bir vahadan ba\u015fka bir \u015fey de\u011fil; okyanusun ortas\u0131nda, turkuaz sular\u0131 ve beyaz kumlar\u0131yla k\u00fc\u00e7\u00fck bir ada. Bundan sonra Saman\u00e1 Toplulu\u011fu&#039;nda \u015felalelere do\u011fru bir Safari. \u015eelalelerde El Lim\u00f3n ata binmek veya y\u00fcr\u00fcy\u00fc\u015f yapmak i\u00e7in haz\u0131rlan\u0131yor. Bu E\u015fsiz Tam bir macerad\u0131r.<\/p>\n<p>Bu tur Lim\u00f3n \u015eelalesi&#039;nde bir durak i\u00e7ermektedir. Ayn\u0131 geziye rezervasyon yapt\u0131rmak ve \u015felalelere gitmemek i\u00e7in l\u00fctfen <a href=\"https:\/\/www.boattoursamana.com\/tr\/tours-excursions\/miches-samana-balina-izleme-cayo-levantado-bacardi-adasi-limon-selaleleri\/\">BURAYA TIKLAYIN<\/a>.<\/p>\n<p>&nbsp;<\/p>\n<p><strong><em>Gezi tarihini se\u00e7in:<\/em><\/strong><\/p>","protected":false},"featured_media":12008,"template":"","meta":[],"product_cat":[159,948,655,961,959,972,963,968,664],"product_tag":[631,184,328,480,296,380,428,649,327,222,527,313,199,526,458,342,650,524,276,529,528,274,525],"class_list":["post-15361","product","type-product","status-publish","has-post-thumbnail","hentry","product_cat-fees-entrace","product_cat-1-punta-cana","product_cat-1-samana","product_cat-el-limon-horseback-riding","product_cat-el-limon-punta-cana","product_cat-punta-cana-group-tours","product_cat-punta-cana-samana-day-trips","product_cat-punta-cana-whale-watching","product_cat-whale-watching-punta-cana","product_tag-631","product_tag-bacardi-island","product_tag-cayo-levantado-day-pass","product_tag-cheap-punta-cana-excursions","product_tag-day-trip-punta-cana","product_tag-el-limon-waterfall-and-bacardi-island-tour-from-punta-cana","product_tag-half-day-whale-watching-miches","product_tag-limon-from-punta-cana","product_tag-private-tours-samana","product_tag-punta-cana","product_tag-punta-cana-activities","product_tag-punta-cana-tours","product_tag-samana-bay","product_tag-samana-day-trip","product_tag-samana-day-trip-from-punta-cana","product_tag-samana-whale-watching","product_tag-waterfalls-punta-cana","product_tag-whale-punta-cana","product_tag-whale-samana","product_tag-whale-watching-2020","product_tag-whale-watching-2020-in-punta-cana-to-samana-bay-cayo-levantado-bacardi-island-from-hotels","product_tag-whale-watching-dominican-republic","product_tag-whale-watching-punta-cana"],"_links":{"self":[{"href":"https:\/\/www.boattoursamana.com\/tr\/wp-json\/wp\/v2\/product\/15361","targetHints":{"allow":["GET"]}}],"collection":[{"href":"https:\/\/www.boattoursamana.com\/tr\/wp-json\/wp\/v2\/product"}],"about":[{"href":"https:\/\/www.boattoursamana.com\/tr\/wp-json\/wp\/v2\/types\/product"}],"wp:featuredmedia":[{"embeddable":true,"href":"https:\/\/www.boattoursamana.com\/tr\/wp-json\/wp\/v2\/media\/12008"}],"wp:attachment":[{"href":"https:\/\/www.boattoursamana.com\/tr\/wp-json\/wp\/v2\/media?parent=15361"}],"wp:term":[{"taxonomy":"product_cat","embeddable":true,"href":"https:\/\/www.boattoursamana.com\/tr\/wp-json\/wp\/v2\/product_cat?post=15361"},{"taxonomy":"product_tag","embeddable":true,"href":"https:\/\/www.boattoursamana.com\/tr\/wp-json\/wp\/v2\/product_tag?post=15361"}],"curies":[{"name":"wp","href":"https:\/\/api.w.org\/{rel}","templated":true}]}}