{"id":16647,"date":"2023-11-06T09:02:24","date_gmt":"2023-11-06T09:02:24","guid":{"rendered":"https:\/\/www.ticketswhales.com\/?post_type=product&#038;p=16647"},"modified":"2023-11-06T09:11:44","modified_gmt":"2023-11-06T09:11:44","slug":"los-haitises-cueva-el-naranjo-y-laguna-cristal-from-sabana-de-la-mar","status":"publish","type":"product","link":"https:\/\/www.boattoursamana.com\/tr\/tur\/los-haitises-cueva-el-naranjo-y-laguna-cristal-sabana-de-la-mardan","title":{"rendered":"Los Haitises: Sabana de la mar&#039;dan Cueva el Naranjo y Laguna Cristal"},"content":{"rendered":"<div class=\"vc_row wpb_row vc_row-fluid\" ><div class=\"wpb_column vc_column_container vc_col-sm-12\"><div class=\"vc_column-inner\"><div class=\"wpb_wrapper\">\n\t<div class=\"wpb_text_column wpb_content_element\" >\n\t\t<div class=\"wpb_wrapper\">\n\t\t\t<h2><span style=\"font-weight: 400;\">Los Haitises: Cueva el Naranjo ve Laguna Cristal<\/span><\/h2>\n<p>Sabana de la mar<\/p>\n<p>&nbsp;<\/p>\n<p><b>genel bak\u0131\u015f<\/b><span style=\"font-weight: 400;\">\u00a0<\/span><\/p>\n<p>&nbsp;<\/p>\n<p><span style=\"font-weight: 400;\">Los Haitises Milli Park\u0131, Hispaniola&#039;da 25% tatl\u0131 suyun bulundu\u011fu Dominik Cumhuriyeti&#039;nin do\u011fal bir hazinesidir. Bu deneyim s\u0131ras\u0131nda bu muhte\u015fem park\u0131n en \u00f6nemli noktalar\u0131ndan baz\u0131lar\u0131n\u0131 geziyoruz. Ojo de Cielo Ma\u011faras\u0131, Laguna Cristal, Barracote Nehri ve Samana K\u00f6rfezi&#039;ni ke\u015ffetmek i\u00e7in biletinizi al\u0131n.\u00a0<\/span><\/p>\n<p>&nbsp;<\/p>\n<p><span style=\"font-weight: 400;\">Hidrografik a\u00e7\u0131dan<\/span><span style=\"font-weight: 400;\">Los Haitises ve etki alanlar\u0131 iki b\u00f6lgeden olu\u015fur: Yuna Nehri&#039;nin alt havzas\u0131 ve Miches ve Sabana de la Mar b\u00f6lgesi. Yuna, iki a\u011f\u0131zdan akar: Yuna&#039;n\u0131n kendisi ve Barracote&#039;nin a\u011fz\u0131. Ayr\u0131ca b\u00f6lgede Payabo, Los Cocos ve Naranjo nehirleri ile Cabirma, Estero, Prieto ve di\u011fer kanallar bulunmaktad\u0131r.<\/span><\/p>\n<p>&nbsp;<\/p>\n<p><span style=\"font-weight: 400;\">Los Haitises Manzaras\u0131 Hakk\u0131nda,<\/span><span style=\"font-weight: 400;\"> Ma\u011faralar\u0131n yan\u0131 s\u0131ra Ca\u00f1o Hondo, Punta Arena, Ca\u00f1o Salado, Bah\u00eda de San Lorenzo ve Cayo de los P\u00e1jaros olduk\u00e7a etkileyici peyzaj unsurlar\u0131d\u0131r. Boca del Infierno ve El Naranjo Arriba aras\u0131nda yer alan ikincisi, kula\u011faka\u00e7anlar\u0131n ve pelikanlar\u0131n neredeyse kal\u0131c\u0131 varl\u0131\u011f\u0131yla kolayca tan\u0131n\u0131r.<\/span><\/p>\n<p>&nbsp;<\/p>\n<p><span style=\"font-weight: 400;\">Sanchez \u015eehri hakk\u0131nda,<\/span><span style=\"font-weight: 400;\"> Daha \u00f6nce Las Ca\u00f1itas ad\u0131nda k\u00fc\u00e7\u00fck bir kasabayd\u0131, ancak 1888&#039;de Dominik Cumhuriyeti&#039;nin kurucular\u0131ndan Francisco del Rosario S\u00e1nchez&#039;in ad\u0131n\u0131 ta\u015f\u0131yan bir belediye stat\u00fcs\u00fcne y\u00fckseltildi. 1865 y\u0131l\u0131nda demiryolunun kurulmas\u0131ndan sonra \u00f6nemi ve n\u00fcfusu artt\u0131. Bu hat Cibao&#039;nun orta b\u00f6lgesine kadar uzan\u0131yordu ve bu k\u00fc\u00e7\u00fck Karayip toplulu\u011funu 19. y\u00fczy\u0131l\u0131n sonundan 19. y\u00fczy\u0131l\u0131n ba\u015f\u0131na kadar \u00fclkenin en \u00f6nemli liman\u0131 haline getirdi. gelecek y\u00fczy\u0131l. .<\/span><\/p>\n<p>&nbsp;<\/p>\n<p><span style=\"font-weight: 400;\">Laguna Cristal hakk\u0131nda<\/span><span style=\"font-weight: 400;\"> Laguna Cristal, do\u011fal cazibe merkezleri ve bize verdi\u011fi huzur nedeniyle e\u015fsiz bir g\u00fczelli\u011fe sahip olan, Monte Plata eyaletinin kuzeyinde, Los Haitises Milli Park\u0131 kap\u0131lar\u0131nda g\u00fczel bir tatl\u0131 su kayna\u011f\u0131d\u0131r. Lag\u00fcn, kom\u015fu parktan gelen yeralt\u0131 suyuyla besleniyor. Lag\u00fcnden, birka\u00e7 y\u00fcz metre boyunca, Barracote Nehri&#039;ni besleyen ve daha sonra San Lorenzo K\u00f6rfezi&#039;ne akan k\u00fc\u00e7\u00fck, gezilebilir bir nehir \u00e7\u0131kar. Yakla\u015f\u0131k 200 metre derinli\u011finde ve 70 metre \u00e7ap\u0131nda olacakt\u0131r.\u00a0<\/span><\/p>\n<p>&nbsp;<\/p>\n<p><span style=\"font-weight: 400;\">El Naranjo Ma\u011faras\u0131<\/span><span style=\"font-weight: 400;\">, 120 metre uzunlu\u011funa ra\u011fmen gezilebilen El Naranjo Nehri, bir ma\u011faradan kaynaklan\u0131r ve Los Haitises Milli Park\u0131&#039;ndaki do\u011fan\u0131n m\u00fccevheri olarak kabul edilebilir. B\u00f6lgedeki en k\u0131sa nehrin tad\u0131n\u0131 \u00e7\u0131karman\u0131za olanak tan\u0131yan, bilinmeye de\u011fer bir cazibe merkezidir. Adada, suyun geldi\u011fi ma\u011faran\u0131n sonuna tekneyle ula\u015fabilirsiniz. Ma\u011fara, yarasalar ve k\u0131rlang\u0131\u00e7lar i\u00e7in bir rezervuard\u0131r ve sular\u0131, di\u011fer nehir ve akarsularda guabinalar, dajaolar, carpialar, karidesler ve yenge\u00e7ler gibi ge\u00e7mi\u015fte kalan yerli bal\u0131k t\u00fcrlerine ev sahipli\u011fi yapmaktad\u0131r.<\/span><\/p>\n<p>&nbsp;<\/p>\n<p><b>Dahil olanlar<\/b><\/p>\n<p><span style=\"font-weight: 400;\">T\u00fcm vergiler, \u00fccretler ve i\u015flem \u00fccretleri<\/span><\/p>\n<p><span style=\"font-weight: 400;\">Yerel vergiler<\/span><\/p>\n<p><span style=\"font-weight: 400;\">Yetkililer Ekolojist tur rehberleri \u0130ngilizce\/\u0130spanyolca<\/span><\/p>\n<p><span style=\"font-weight: 400;\">Yerel Ula\u015f\u0131m (Otelden Alma)<\/span><\/p>\n<p><span style=\"font-weight: 400;\">S\u00fcrat Teknesi<\/span><\/p>\n<p><span style=\"font-weight: 400;\">Yerel \u00d6\u011fle Yeme\u011fi<\/span><\/p>\n<p><span style=\"font-weight: 400;\">Laguna Kristal\u00a0\u00a0<\/span><\/p>\n<p><span style=\"font-weight: 400;\">Cueva del Naranjo\u00a0<\/span><\/p>\n<p>&nbsp;<\/p>\n<p><b>\u0130stisnalar<\/b><\/p>\n<p>&nbsp;<\/p>\n<p><span style=\"font-weight: 400;\">Bah\u015fi\u015fler<\/span><\/p>\n<p><span style=\"font-weight: 400;\">\u0130\u00e7ecek<\/span><\/p>\n<p><span style=\"font-weight: 400;\">\u00a0<\/span><\/p>\n<p>&nbsp;<\/p>\n<p><b>Gidi\u015f &amp; D\u00f6n\u00fc\u015f<\/b><\/p>\n<p><span style=\"font-weight: 400;\">\u201cBooking Adventures\u201d taraf\u0131ndan d\u00fczenlenen tur, Tur Rehberi ile belirlenen bulu\u015fma noktas\u0131nda ba\u015fl\u0131yor. Rezervasyon S\u00fcrecinden sonra gezgin bir bulu\u015fma noktas\u0131na sahip olacakt\u0131r. Turlar bulu\u015fma noktalar\u0131m\u0131zda ba\u015flar ve biter.<\/span><\/p>\n<p>&nbsp;<\/p>\n<p><b>Ne bekleyebilece\u011finizi?<\/b><\/p>\n<p><span style=\"font-weight: 400;\">Los Haitises&#039;i Aramak: Los Haitises: Cueva el Naranjo y Laguna Cristal i\u00e7in biletinizi al\u0131n, bu deneyim size adan\u0131n biyolojik \u00e7e\u015fitlili\u011finin \u00e7o\u011funu g\u00f6rme f\u0131rsat\u0131 verecektir.\u00a0<\/span><\/p>\n<p>&nbsp;<\/p>\n<p><span style=\"font-weight: 400;\">Bu aktivite, a\u015fa\u011f\u0131daki alanlar\u0131n herhangi birindeki konaklama yerinizden al\u0131nman\u0131zla ba\u015flayacakt\u0131r:<\/span><\/p>\n<ul>\n<li style=\"font-weight: 400;\" aria-level=\"1\"><span style=\"font-weight: 400;\">Las Terrenas\u00a0<\/span><\/li>\n<li style=\"font-weight: 400;\" aria-level=\"1\"><span style=\"font-weight: 400;\">Sanchez\u00a0<\/span><\/li>\n<li style=\"font-weight: 400;\" aria-level=\"1\"><span style=\"font-weight: 400;\">Las Galeras<\/span><\/li>\n<li style=\"font-weight: 400;\" aria-level=\"1\"><span style=\"font-weight: 400;\">Santa Barbara de Samana\u00a0<\/span><\/li>\n<\/ul>\n<h3><b>Takvim<\/b><b>\u00a0<\/b><\/h3>\n<p><b>Sanchez Samana, Laguna Cristal ve El Naranjo Nehri ve Ma\u011faralar\u0131nda Y\u00fczme\u00a0<\/b><\/p>\n<p>&nbsp;<\/p>\n<p><span style=\"font-weight: 400;\">Otelden al\u0131nma: sabah 7:00&#039;de ba\u015flar (Bulundu\u011funuz yere ba\u011fl\u0131 olarak). Rezervasyon formunda farkl\u0131 zamanlama se\u00e7enekleri bulunmaktad\u0131r. Tur 8 Saattir.\u00a0<\/span><\/p>\n<p>&nbsp;<\/p>\n<p><span style=\"font-weight: 400;\">Bu, sizi otelinizden al\u0131p Sanchez Samana&#039;daki bulu\u015fma noktam\u0131za g\u00f6t\u00fcrmek i\u00e7in sabah\u0131n erken saatlerinde olacak, burada yerel tur rehberinizle bulu\u015facak ve g\u00fcn\u00fcn geri kalan\u0131nda seyahat program\u0131n\u0131za devam edeceksiniz.\u00a0<\/span><\/p>\n<p>&nbsp;<\/p>\n<p><span style=\"font-weight: 400;\">Haz\u0131r oldu\u011funuzda s\u00fcrat teknemize binerek g\u00fcn\u00fcn ilk dura\u011f\u0131 olan El Naranjo&#039;ya do\u011fru yola \u00e7\u0131k\u0131yoruz. Burada tekneyle ma\u011faraya girip adan\u0131n en k\u0131sa nehrinin tatl\u0131 suyunda y\u00fcz\u00fcyoruz.\u00a0<\/span><\/p>\n<p>&nbsp;<\/p>\n<p><span style=\"font-weight: 400;\">\u0130kinci tekne yolculu\u011funuz Laguna Cristal&#039;e ula\u015fmak i\u00e7in Barracote Nehri&#039;nden ge\u00e7ecek. \u00dclkenin kuzeydo\u011fusundaki en b\u00fcy\u00fck nehirlerden birinde gezinmemiz gerekecek. Suya atlamadan \u00f6nce Cristal Area&#039;da \u00f6\u011fle yeme\u011fi molas\u0131 verece\u011fiz.<\/span><\/p>\n<p>&nbsp;<\/p>\n<p><span style=\"font-weight: 400;\">Yerel \u00f6\u011fle yeme\u011fini denedikten sonra Cristal Lag\u00fcn\u00fc&#039;nde \u00f6\u011fle uykusuna yataca\u011f\u0131z ve ard\u0131ndan Sanchez Samana&#039;ya d\u00f6nmeden \u00f6nce y\u00fczmeye gidece\u011fiz.\u00a0<\/span><\/p>\n<p>&nbsp;<\/p>\n<p><span style=\"font-weight: 400;\">Otelden Ayr\u0131l\u0131\u015f: Yolculu\u011fa ba\u015flad\u0131\u011f\u0131n\u0131z saate ba\u011fl\u0131 olarak \u00f6\u011fleden sonra 4:00 veya daha ge\u00e7. Tur toplam 8 Saattir.\u00a0<\/span><\/p>\n<p>&nbsp;<\/p>\n<p><span style=\"font-weight: 400;\">Seyahat program\u0131 g\u00fcnleri ve etkinlikleri, \u00f6ng\u00f6r\u00fclemeyen ko\u015fullar veya olaylar nedeniyle \u00f6nceden haber verilmeksizin de\u011fi\u015ftirilebilir. Daha fazla bilgi i\u00e7in h\u00fck\u00fcm ve ko\u015fullar\u0131n tamam\u0131na bak\u0131n.<\/span><\/p>\n\n\t\t<\/div>\n\t<\/div>\n<\/div><\/div><\/div><\/div>","protected":false},"excerpt":{"rendered":"<p>Yerel uzman tur rehberiyle Los Haitises Ulusal Park\u0131&#039;ndaki ma\u011farayla birlikte el Naranjo Nehri&#039;ni ve Cristal Lagun&#039;u ziyaret etmek. Sabana de la mar&#039;da \u00f6\u011fle yeme\u011fi ve ula\u015f\u0131m dahildir.<\/p>","protected":false},"featured_media":16644,"template":"","meta":[],"product_cat":[1096],"product_tag":[1097],"class_list":["post-16647","product","type-product","status-publish","has-post-thumbnail","hentry","product_cat-haitises","product_tag-haitises"],"_links":{"self":[{"href":"https:\/\/www.boattoursamana.com\/tr\/wp-json\/wp\/v2\/product\/16647","targetHints":{"allow":["GET"]}}],"collection":[{"href":"https:\/\/www.boattoursamana.com\/tr\/wp-json\/wp\/v2\/product"}],"about":[{"href":"https:\/\/www.boattoursamana.com\/tr\/wp-json\/wp\/v2\/types\/product"}],"wp:featuredmedia":[{"embeddable":true,"href":"https:\/\/www.boattoursamana.com\/tr\/wp-json\/wp\/v2\/media\/16644"}],"wp:attachment":[{"href":"https:\/\/www.boattoursamana.com\/tr\/wp-json\/wp\/v2\/media?parent=16647"}],"wp:term":[{"taxonomy":"product_cat","embeddable":true,"href":"https:\/\/www.boattoursamana.com\/tr\/wp-json\/wp\/v2\/product_cat?post=16647"},{"taxonomy":"product_tag","embeddable":true,"href":"https:\/\/www.boattoursamana.com\/tr\/wp-json\/wp\/v2\/product_tag?post=16647"}],"curies":[{"name":"wp","href":"https:\/\/api.w.org\/{rel}","templated":true}]}}