{"id":8219,"date":"2019-03-16T18:39:56","date_gmt":"2019-03-16T18:39:56","guid":{"rendered":"https:\/\/www.ticketswhales.com\/?post_type=product&#038;p=8219"},"modified":"2023-03-17T20:38:08","modified_gmt":"2023-03-17T20:38:08","slug":"los-haitises-national-park-lunch-at-cano-hondo-from-samana-port","status":"publish","type":"product","link":"https:\/\/www.boattoursamana.com\/tr\/tur\/los-haitises-milli-park-samana-limanindan-cano-hondo-at-ogle-yemegi-2","title":{"rendered":"Los Haitises Ulusal Park\u0131 + Saman\u00e1 Liman\u0131&#039;ndan Ca\u00f1o Hondo&#039;da \u00d6\u011fle Yeme\u011fi."},"content":{"rendered":"<div class=\"vc_row wpb_row vc_row-fluid\" ><div class=\"wpb_column vc_column_container vc_col-sm-12\"><div class=\"vc_column-inner\"><div class=\"wpb_wrapper\"><div class=\"mkdf-section-title-holder\" style=\"text-align: left\">\n\t<div class=\"mkdf-st-inner\">\n\t\t\t\t\t<h5 class=\"mkdf-st-subtitle\" >\n\t\t\t\tDo\u011fal Kaynaklarda \u00d6\u011fle Yeme\u011fi ve Y\u00fczme\t\t\t<\/h5>\n\t\t\t\t\t\t\t<h3 class=\"mkdf-st-title\" >\n\t\t\t\tLos Haitises Ulusal Park\u0131 + Samana Liman\u0131&#039;ndan Cano Hondo&#039;da \u00d6\u011fle Yeme\u011fi.\t\t\t<\/h3>\n\t\t\t\t\t<\/div>\n<\/div><div class=\"vc_btn3-container vc_btn3-inline\" ><a class=\"vc_general vc_btn3 vc_btn3-size-md vc_btn3-shape-rounded vc_btn3-style-modern vc_btn3-color-green\" href=\"https:\/\/bookingadventures.tours\/booking.php?tour_id=6ed21424a849c63fc6398949d1f80266\" title=\"\" rel=\"noopener\">REZERVASYON YAP<\/a><\/div><\/div><\/div><\/div><\/div><div class=\"vc_row wpb_row vc_row-fluid\" ><div class=\"wpb_column vc_column_container vc_col-sm-12\"><div class=\"vc_column-inner\"><div class=\"wpb_wrapper\">\n\t<div class=\"wpb_text_column wpb_content_element\" >\n\t\t<div class=\"wpb_wrapper\">\n\t\t\t<h4><b><i>genel bak\u0131\u015f <\/i><\/b><\/h4>\n<p><strong>Los Haitises Milli Park\u0131<\/strong> Saman\u00e1 Liman\u0131&#039;ndan ba\u015flayarak art\u0131 Harika bir \u00f6\u011fle yeme\u011fi ve do\u011fal kaynaklarda Y\u00fczme <strong>Ca\u00f1o <\/strong>Hondo Ecolodge. Bizimle gelin ve Dominik Cumhuriyeti&#039;nin en g\u00fczel milli park\u0131n\u0131 ziyaret edin, Mangrovlar\u0131, Ma\u011faralar\u0131 ve San Lorenzo K\u00f6rfezi&#039;ni ziyaret edin ve muhte\u015fem Saman\u00e1 k\u00f6rfezini ge\u00e7in. Ca\u00f1o Hondo&#039;da \u00f6\u011fle yeme\u011fi yedikten sonra birka\u00e7 saat do\u011fal kaynakta y\u00fczmenize izin verilir ve ard\u0131ndan Saman\u00e1 liman\u0131na geri d\u00f6n\u00fcl\u00fcr.<\/p>\n<p>Bu deneyimden sonra Saman\u00e1 liman\u0131na d\u00f6neceksiniz.<\/p>\n<ul>\n<li style=\"font-weight: 400;\">\u00dccretler dahil<\/li>\n<li style=\"font-weight: 400;\"><span style=\"font-weight: 400;\">K\u0131lavuz talimat ve Denetim sa\u011flar<\/span><\/li>\n<\/ul>\n<p>&nbsp;<\/p>\n<h4><b>Dahil Edilenler ve Hari\u00e7 Tutulanlar<\/b><\/h4>\n<p>&nbsp;<\/p>\n<p><b>Dahil olanlar<\/b><\/p>\n<ol>\n<li style=\"font-weight: 400;\">Los Haitises Turu + Ma\u011faralar ve Piktograflar<\/li>\n<li>Ca\u00f1o Hondo&#039;da \u00f6\u011fle yeme\u011fi<\/li>\n<li>Do\u011fal kaynaklarda y\u00fczmek<\/li>\n<li style=\"font-weight: 400;\"><span style=\"font-weight: 400;\">T\u00fcm vergiler, \u00fccretler ve i\u015flem \u00fccretleri<\/span><\/li>\n<li style=\"font-weight: 400;\"><span style=\"font-weight: 400;\">Yerel vergiler<\/span><\/li>\n<li style=\"font-weight: 400;\"><span style=\"font-weight: 400;\">\u0130\u00e7ecekler<\/span><\/li>\n<li style=\"font-weight: 400;\"><span style=\"font-weight: 400;\">T\u00fcm aktiviteler<\/span><\/li>\n<li style=\"font-weight: 400;\"><span style=\"font-weight: 400;\">Yerel rehber<\/span><\/li>\n<\/ol>\n<p><b> \u0130stisnalar<\/b><\/p>\n<ol>\n<li style=\"font-weight: 400;\"><span style=\"font-weight: 400;\">Bah\u015fi\u015fler<\/span><\/li>\n<li style=\"font-weight: 400;\"><span style=\"font-weight: 400;\">Aktar<\/span><\/li>\n<li style=\"font-weight: 400;\"><span style=\"font-weight: 400;\">Alkoll\u00fc i\u00e7ecekler<\/span><\/li>\n<\/ol>\n<p>&nbsp;<\/p>\n<h4><em><strong>Gidi\u015f &amp; D\u00f6n\u00fc\u015f<\/strong><\/em><\/h4>\n<p><span style=\"font-weight: 400;\">Gezgin, Rezervasyon \u0130\u015fleminden sonra bir bulu\u015fma noktas\u0131 alacakt\u0131r. Turlar bulu\u015fma noktalar\u0131m\u0131zda ba\u015flar ve biter.<\/span><\/p>\n<p>&nbsp;<\/p>\n<h4><b><i>Ne bekleyebilece\u011finizi?<\/i><\/b><\/h4>\n<p>&nbsp;<\/p>\n<p><em><strong>biletlerinizi al\u0131n<\/strong><\/em> Ca\u00f1o Hondo&#039;da harika bir \u00f6\u011fle yeme\u011fi ve Natural Springs&#039;te Y\u00fczme ile Los Haitises Ulusal Park\u0131&#039;n\u0131 ziyaret etti\u011finiz i\u00e7in.<\/p>\n<p>Dominik Cumhuriyeti&#039;nin en g\u00fczel milli parklar\u0131ndan birini ziyaret etmek i\u00e7in Yerel bir rehber e\u015fli\u011finde bir Tekne veya Katamaranla Saman\u00e1 liman\u0131ndan ba\u015flayarak Saman\u00e1 koyundan Sabana de la Mar taraf\u0131na ge\u00e7iyoruz. <em><strong>Haiti Ulusal Park\u0131<\/strong><\/em>.<\/p>\n<p>Etrafta ku\u015flarla Ada&#039;y\u0131 ziyaret etmek. Hatta yumurtlama mevsiminde yuvalarda Pelikan civcivlerini bile g\u00f6rebiliriz. Kayal\u0131k Ada&#039;n\u0131n i\u00e7ine daha fazla girmek ve yerli halktan resim ve petrograflarla Ma\u011faralar\u0131 ziyaret etmek.<\/p>\n<p>\u201cBooking Adventures\u201d taraf\u0131ndan d\u00fczenlenen tur, Tur Rehberi ile belirlenen bulu\u015fma noktas\u0131nda ba\u015flar. Booking Adventures ile gelin ve ku\u015flarla dolu mangrovlar\u0131, yemye\u015fil bitki \u00f6rt\u00fcs\u00fcn\u00fcn ini\u015fli \u00e7\u0131k\u0131\u015fl\u0131 tepelerini ve ma\u011faralar\u0131 kontrol etmeye ba\u015flay\u0131n. <em><strong>Los Haitises Milli Park\u0131<\/strong><\/em>.<\/p>\n<div class=\"body-description secondary\">\n<p>Milli park\u0131n ad\u0131, as\u0131l sakinleri olan Taino K\u0131z\u0131lderililerinden gelmektedir. Kendi dillerinde \u201cHaitises\u201d, k\u0131y\u0131 \u015feridinin Kire\u00e7ta\u015fl\u0131 sarp jeolojik olu\u015fumlar\u0131na at\u0131fta bulunarak yaylalar veya Tepeler anlam\u0131na gelir. gibi ma\u011faralar\u0131 ke\u015ffetmek i\u00e7in park\u0131n derinliklerine inin. <em><strong>Cueva de la Arena<\/strong><\/em> ve <strong><em>Cueva de la Linea.<\/em><\/strong><\/p>\n<p>Rezervdeki ma\u011faralar, Taino K\u0131z\u0131lderilileri taraf\u0131ndan ve daha sonra korsanlar\u0131 saklayarak s\u0131\u011f\u0131nak olarak kullan\u0131ld\u0131. Baz\u0131 duvarlar\u0131 s\u00fcsleyen K\u0131z\u0131lderili \u00e7izimlerine bak\u0131n.<\/p>\n<p>Los Haitises Ulusal Park\u0131 ziyaretimizin ard\u0131ndan Cano Hondo&#039;ya gidiyoruz. Cano Hondo&#039;da bu ecolodge tarihi hakk\u0131nda bilgi edinme ve Sabana de la mar Toplulu\u011fu&#039;nun tipik yemekleri ile \u00d6\u011fle Yeme\u011fi zaman\u0131.<\/p>\n<p>\u00d6\u011fle yeme\u011fi lezzetli olacak ama hen\u00fcz bitirmedik. \u00d6\u011fle yeme\u011finden sonra, \u00e7ok y\u0131ll\u0131k bir nehir olan Jibales Nehri&#039;nden Ca\u00f1o Hondo Nehri&#039;ne kadar Do\u011fal kaynakta y\u00fczece\u011fiz. Saat 16:00&#039;ya kadar Ca\u00f1o Hondo&#039;da kal\u0131p Saman\u00e1 liman\u0131na geri d\u00f6n\u00fcyoruz, mangrovlardan ve engebeli orman manzaras\u0131n\u0131 foto\u011fraflayabilece\u011finiz a\u00e7\u0131k San Lorenzo k\u00f6rfezindeki karadan tekrar ge\u00e7ece\u011fiz. fark etmek i\u00e7in suya bak <em><strong>denizay\u0131s\u0131<\/strong><\/em>, kabuklular ve <em><strong>yunuslar.<\/strong><\/em><\/p>\n<p>Tur rehberi ile belirleyece\u011finiz saate kadar, bundan sonra Cano Hondo liman\u0131na gidilir ve Saman\u00e1 k\u00f6rfezinden ge\u00e7erek Saman\u00e1 liman\u0131na tekne ile geri d\u00f6n\u00fcl\u00fcr. 30 dk.<\/p>\n<\/div>\n<p>Bu geziyi daha uzun s\u00fcre be\u011fenmeniz durumunda \u015fu se\u00e7eneklere sahibiz:<\/p>\n<ol>\n<li><a href=\"https:\/\/www.boattoursamana.com\/tr\/tur\/samana-limanindan-los-haitises-milli-park-turu-2\/\">Samana Liman\u0131&#039;ndan Los Haitises + Cayo Levantado.<\/a><\/li>\n<\/ol>\n<p>&nbsp;<\/p>\n<h4><em><strong>Ne getirmelisin?<\/strong><\/em><\/h4>\n<ul>\n<li style=\"font-weight: 400;\"><span style=\"font-weight: 400;\">Kamera<\/span><\/li>\n<li style=\"font-weight: 400;\"><span style=\"font-weight: 400;\">Kovucu tomurcuklar<\/span><\/li>\n<li style=\"font-weight: 400;\"><span style=\"font-weight: 400;\">G\u00fcne\u015f kremi<\/span><\/li>\n<li style=\"font-weight: 400;\"><span style=\"font-weight: 400;\">\u015eapka<\/span><\/li>\n<li style=\"font-weight: 400;\"><span style=\"font-weight: 400;\">rahat pantolon<\/span><\/li>\n<li style=\"font-weight: 400;\"><span style=\"font-weight: 400;\">Orman i\u00e7in y\u00fcr\u00fcy\u00fc\u015f ayakkab\u0131s\u0131<\/span><\/li>\n<li style=\"font-weight: 400;\"><span style=\"font-weight: 400;\">Bahar b\u00f6lgelerine sandalet.<\/span><\/li>\n<li style=\"font-weight: 400;\"><span style=\"font-weight: 400;\">Y\u00fczme giysileri<\/span><\/li>\n<\/ul>\n<p>&nbsp;<\/p>\n<h4><b><i>otelden alma <\/i><\/b><\/h4>\n<p><span style=\"font-weight: 400;\">Bu tur i\u00e7in otelden alma hizmeti sunulmamaktad\u0131r. <\/span><\/p>\n<p>&nbsp;<\/p>\n<p><b>Not:<\/b><span style=\"font-weight: 400;\"> Tur\/Gezi hareket saatinden sonraki 24 saat i\u00e7inde rezervasyon yap\u0131yorsan\u0131z, ek \u00fccret kar\u015f\u0131l\u0131\u011f\u0131nda otelden alma ayarlayabiliriz. Sat\u0131n alma i\u015fleminiz tamamland\u0131\u011f\u0131nda, teslim alma d\u00fczenlemelerini organize etmesi i\u00e7in size yerel Tur rehberimizin eksiksiz ileti\u015fim bilgilerini (telefon numaras\u0131, e-posta adresi vb.) g\u00f6nderece\u011fiz.<\/span><\/p>\n<h4><b><i>Ek Bilgi Onay\u0131 <\/i><\/b><\/h4>\n<ol>\n<li>Biletler, bu Turu \u00f6dedikten sonra Makbuzdur. \u00d6demeyi telefonunuzda g\u00f6sterebilirsiniz.<\/li>\n<li style=\"font-weight: 400;\"><span style=\"font-weight: 400;\">Bulu\u015fma Noktas\u0131 Rezervasyon \u0130\u015fleminden Sonra Al\u0131nacakt\u0131r.<\/span><\/li>\n<li style=\"font-weight: 400;\"><span style=\"font-weight: 400;\">\u00c7ocuklara bir yeti\u015fkin e\u015flik etmelidir.<\/span><\/li>\n<li style=\"font-weight: 400;\"><span style=\"font-weight: 400;\"> Tekerlekli sandalye eri\u015fimine uygun de\u011fil <\/span><\/li>\n<li style=\"font-weight: 400;\"><span style=\"font-weight: 400;\">Bebekler kuca\u011fa oturmal\u0131 <\/span><\/li>\n<li style=\"font-weight: 400;\"><span style=\"font-weight: 400;\">S\u0131rt sorunu olan gezginler i\u00e7in \u00f6nerilmez<\/span><\/li>\n<li style=\"font-weight: 400;\"><span style=\"font-weight: 400;\">Hamile gezginler i\u00e7in \u00f6nerilmez <\/span><\/li>\n<li style=\"font-weight: 400;\"><span style=\"font-weight: 400;\"> Kalp problemi veya di\u011fer ciddi t\u0131bbi durumlar yok <\/span><\/li>\n<li style=\"font-weight: 400;\"><span style=\"font-weight: 400;\">\u00c7o\u011fu gezgin kat\u0131labilir<\/span><\/li>\n<\/ol>\n<h4><b><i>\u0130ptal politikas\u0131<\/i><\/b><\/h4>\n<p>Tam para iadesi i\u00e7in l\u00fctfen \u0130ptal politikalar\u0131m\u0131z\u0131 okuyun\u00a0<a href=\"https:\/\/www.boattoursamana.com\/tr\/cevrimici-rezervasyon\/\" target=\"_blank\" rel=\"noopener\" data-saferedirecturl=\"https:\/\/www.google.com\/url?q=https:\/\/www.boattoursamana.com\/online-booking\/&amp;source=gmail&amp;ust=1672449202351000&amp;usg=AOvVaw1yAeVAPktmaVCqDujgUn90\">Buraya T\u0131kla<\/a>. Seyahatle ayn\u0131 g\u00fcn rezervasyon iptal edilirse para kaybedilecektir.<\/p>\n\n\t\t<\/div>\n\t<\/div>\n<div class=\"vc_btn3-container vc_btn3-inline\" ><a class=\"vc_general vc_btn3 vc_btn3-size-md vc_btn3-shape-rounded vc_btn3-style-modern vc_btn3-color-green\" href=\"https:\/\/bookingadventures.tours\/booking.php?tour_id=6ed21424a849c63fc6398949d1f80266\" title=\"\" rel=\"noopener\">REZERVASYON YAP<\/a><\/div><\/div><\/div><\/div><\/div><div class=\"vc_row wpb_row vc_row-fluid\" ><div class=\"wpb_column vc_column_container vc_col-sm-12\"><div class=\"vc_column-inner\"><div class=\"wpb_wrapper\"><div class=\"vc_empty_space\"   style=\"height: 32px\"><span class=\"vc_empty_space_inner\"><\/span><\/div>\n\t<div class=\"wpb_video_widget wpb_content_element vc_clearfix   vc_video-aspect-ratio-169 vc_video-el-width-100 vc_video-align-left\" >\n\t\t<div class=\"wpb_wrapper\">\n\t\t\t\n\t\t\t<div class=\"wpb_video_wrapper\"><iframe loading=\"lazy\" title=\"Los Haitises Ulusal Park\u0131, Samana veya Sabana de la Mar&#039;dan Turlar ve Geziler. Buradan Rezervasyon Yap\u0131n:\" src=\"https:\/\/player.vimeo.com\/video\/346508015?dnt=1&amp;app_id=122963\" width=\"1100\" height=\"619\" frameborder=\"0\" allow=\"autoplay; fullscreen\" allowfullscreen><\/iframe><\/div>\n\t\t<\/div>\n\t<\/div>\n<\/div><\/div><\/div><\/div><div class=\"vc_row wpb_row vc_row-fluid\" ><div class=\"wpb_column vc_column_container vc_col-sm-12\"><div class=\"vc_column-inner\"><div class=\"wpb_wrapper\"><div class=\"vc_empty_space\"   style=\"height: 32px\"><span class=\"vc_empty_space_inner\"><\/span><\/div>\n\t<div class=\"wpb_text_column wpb_content_element\" >\n\t\t<div class=\"wpb_wrapper\">\n\t\t\t<h4>Bize Ula\u015f\u0131n?<\/h4>\n<h5><em><strong>Rezervasyon Maceralar\u0131<\/strong><\/em><\/h5>\n<p><em><strong>Yerliler<\/strong> ve <strong>uyruklular<\/strong> Tur Rehberleri ve Misafir Hizmetleri<\/em><\/p>\n<p><span class=\"text-turquoise\">Rezervasyonlar:<\/span> Dom s\u0131n\u0131rlar\u0131ndaki Turlar ve Geziler temsilci<\/p>\n<p><img decoding=\"async\" class=\"emoji\" draggable=\"false\" src=\"https:\/\/s.w.org\/images\/core\/emoji\/11.2.0\/svg\/1f4de.svg\" alt=\"\ud83d\udcde\" title=\"\"> Tel \/ Naber\u00a0 <a href=\"tel:+1-809-720-6035\">+1-809-720-6035<\/a>.<\/p>\n<p><img decoding=\"async\" class=\"emoji\" draggable=\"false\" src=\"https:\/\/s.w.org\/images\/core\/emoji\/11.2.0\/svg\/1f4e9.svg\" alt=\"\ud83d\udce9\" title=\"\"> <a href=\"mailto:info@bookingadventures.com.do\">info@bookingadventures.com.do<\/a><\/p>\n<p><strong>Whatsapp ile Esnek \u00d6zel Turlar Ayarl\u0131yoruz: <a href=\"tel:+18097206035\">+18097206035.<\/a><\/strong><\/p>\n\n\t\t<\/div>\n\t<\/div>\n<div class=\"vc_empty_space\"   style=\"height: 32px\"><span class=\"vc_empty_space_inner\"><\/span><\/div><\/div><\/div><\/div><\/div><div class=\"vc_row wpb_row vc_row-fluid\" ><div class=\"wpb_column vc_column_container vc_col-sm-12\"><div class=\"vc_column-inner\"><div class=\"wpb_wrapper\"><div class=\"vc_btn3-container vc_btn3-inline\" ><a class=\"vc_general vc_btn3 vc_btn3-size-md vc_btn3-shape-rounded vc_btn3-style-modern vc_btn3-color-green\" href=\"https:\/\/bookingadventures.tours\/booking.php?tour_id=6ed21424a849c63fc6398949d1f80266\" title=\"\" rel=\"noopener\">REZERVASYON YAP<\/a><\/div><\/div><\/div><\/div><\/div>","protected":false},"excerpt":{"rendered":"<p><strong>L\u00fctfen Tur i\u00e7in tarih se\u00e7iniz\u00a0<\/strong><\/p>","protected":false},"featured_media":6577,"template":"","meta":[],"product_cat":[255,655,928,168,178,218,170,160,169,933,191,253,254],"product_tag":[176,211,210,192,171,209,212,199,200,187],"class_list":["post-8219","product","type-product","status-publish","has-post-thumbnail","hentry","product_cat-tours-excursions-samana-bay-dominican-republic","product_cat-1-samana","product_cat-boat-trip-los-haitises","product_cat-caves","product_cat-hiking","product_cat-kayaking","product_cat-local-tour-guides","product_cat-lunch","product_cat-mangroves","product_cat-natural-pools-los-haitises","product_cat-swimming-natural-springs","product_cat-tours-and-excursions","product_cat-tours-excursions-los-haitises-national-park","product_tag-cano-hondo","product_tag-cano-hondo-hotel","product_tag-cano-hondo-tours","product_tag-day-tour-cano-hondo","product_tag-los-haitises","product_tag-los-haitises-national-park","product_tag-mangroves-los-haitises","product_tag-samana-bay","product_tag-samana-excursions","product_tag-samana-tours"],"_links":{"self":[{"href":"https:\/\/www.boattoursamana.com\/tr\/wp-json\/wp\/v2\/product\/8219","targetHints":{"allow":["GET"]}}],"collection":[{"href":"https:\/\/www.boattoursamana.com\/tr\/wp-json\/wp\/v2\/product"}],"about":[{"href":"https:\/\/www.boattoursamana.com\/tr\/wp-json\/wp\/v2\/types\/product"}],"wp:featuredmedia":[{"embeddable":true,"href":"https:\/\/www.boattoursamana.com\/tr\/wp-json\/wp\/v2\/media\/6577"}],"wp:attachment":[{"href":"https:\/\/www.boattoursamana.com\/tr\/wp-json\/wp\/v2\/media?parent=8219"}],"wp:term":[{"taxonomy":"product_cat","embeddable":true,"href":"https:\/\/www.boattoursamana.com\/tr\/wp-json\/wp\/v2\/product_cat?post=8219"},{"taxonomy":"product_tag","embeddable":true,"href":"https:\/\/www.boattoursamana.com\/tr\/wp-json\/wp\/v2\/product_tag?post=8219"}],"curies":[{"name":"wp","href":"https:\/\/api.w.org\/{rel}","templated":true}]}}