{"id":8848,"date":"2018-06-11T10:11:05","date_gmt":"2018-06-11T10:11:05","guid":{"rendered":"https:\/\/www.ticketswhales.com\/?post_type=product&#038;p=8848"},"modified":"2023-03-20T10:08:14","modified_gmt":"2023-03-20T10:08:14","slug":"birdwatching-in-los-haitises-national-park","status":"publish","type":"product","link":"https:\/\/www.boattoursamana.com\/tr\/tur\/los-haitises-milli-parkinda-kus-gozlemciligi-2","title":{"rendered":"Los Haitises Milli Park\u0131&#039;nda ku\u015f g\u00f6zlemcili\u011fi"},"content":{"rendered":"<div class=\"vc_row wpb_row vc_row-fluid\" ><div class=\"wpb_column vc_column_container vc_col-sm-12\"><div class=\"vc_column-inner\"><div class=\"wpb_wrapper\"><div class=\"mkdf-section-title-holder\" style=\"text-align: left\">\n\t<div class=\"mkdf-st-inner\">\n\t\t\t\t\t<h5 class=\"mkdf-st-subtitle\" >\n\t\t\t\tLos Haitises Ulusal Park\u0131&#039;nda Ku\u015f G\u00f6zlemcili\u011fi\t\t\t<\/h5>\n\t\t\t\t\t\t\t<h3 class=\"mkdf-st-title\" >\n\t\t\t\tRidgway&#039;in \u015eahin Turu\t\t\t<\/h3>\n\t\t\t\t\t<\/div>\n<\/div><div class=\"vc_empty_space\"   style=\"height: 32px\"><span class=\"vc_empty_space_inner\"><\/span><\/div><div class=\"vc_message_box vc_message_box-standard vc_message_box-rounded vc_color-info\" ><div class=\"vc_message_box-icon\"><i class=\"fas fa-info-circle\"><\/i><\/div><p>Los Haitises Ulusal Park\u0131&#039;ndaki Kontrol Listesi g\u00fcncellemesi:\u00a0 <a href=\"https:\/\/www.boattoursamana.com\/tr\/los-haitises-milli-park-kus-gozlem-kontrol-listesi-guncelleme\/\">Buraya t\u0131klay\u0131n<\/a><\/p>\n<\/div><div class=\"vc_empty_space\"   style=\"height: 32px\"><span class=\"vc_empty_space_inner\"><\/span><\/div><\/div><\/div><\/div><\/div><div class=\"vc_row wpb_row vc_row-fluid\" ><div class=\"wpb_column vc_column_container vc_col-sm-12\"><div class=\"vc_column-inner\"><div class=\"wpb_wrapper\"><div class=\"vc_btn3-container vc_btn3-inline\" ><button class=\"vc_general vc_btn3 vc_btn3-size-md vc_btn3-shape-rounded vc_btn3-style-modern vc_btn3-color-green\">REZERVASYON YAP<\/button><\/div>\n\t<div class=\"wpb_text_column wpb_content_element\" >\n\t\t<div class=\"wpb_wrapper\">\n\t\t\t<h4><b><i>genel bak\u0131\u015f <\/i><\/b><\/h4>\n<section><\/section>\n<p>Los Haitises Ulusal Park\u0131&#039;nda bulabilece\u011finiz 110 ku\u015f t\u00fcr\u00fcn\u00fc koruyoruz. Papa\u011fanlar, Todys, Ridgway&#039;s Hawks, tanagerler, sinek ku\u015flar\u0131 ve \u00e7ok daha fazlas\u0131n\u0131 aramak i\u00e7in bu b\u00fcy\u00fcl\u00fc ormanda y\u00fcr\u00fcmek. Humit izinde g\u00f6rebilece\u011finiz t\u00fcm bu ku\u015flar hakk\u0131nda ilgin\u00e7 bir Tarih sa\u011flamak. Ridgway&#039;s, Ashy Faced Owls ve di\u011fer endemik t\u00fcrlerin habitatlar\u0131n\u0131 biliyoruz. Bu Tur do\u011faya odaklan\u0131r ve daha \u00e7ok vah\u015fi ya\u015famla ilgili bilgilere odaklan\u0131r.<\/p>\n<p><strong>Genellikle ger\u00e7ekten y\u00fcksek kaliteli bir deneyim i\u00e7in \u00f6zel bir turdur.<\/strong><\/p>\n<h4><\/h4>\n<h4><b>Dahil Edilenler ve Hari\u00e7 Tutulanlar<\/b><\/h4>\n<p><b>Dahil olanlar<\/b><\/p>\n<ol>\n<li style=\"font-weight: 400;\">Park yollar\u0131nda 3 saat ku\u015f y\u00fcr\u00fcy\u00fc\u015f\u00fc<\/li>\n<li style=\"font-weight: 400;\"><span style=\"font-weight: 400;\">T\u00fcm vergiler, \u00fccretler ve i\u015flem \u00fccretleri<\/span><\/li>\n<li style=\"font-weight: 400;\"><span style=\"font-weight: 400;\">Yerel vergiler<\/span><\/li>\n<li style=\"font-weight: 400;\">Yetkililer Ekolojist tur rehberleri \u0130ngilizce\/\u0130spanyolca<\/li>\n<\/ol>\n<p><b> \u0130stisnalar<\/b><\/p>\n<ol>\n<li style=\"font-weight: 400;\"><span style=\"font-weight: 400;\">Bah\u015fi\u015fler<\/span><\/li>\n<li style=\"font-weight: 400;\"><span style=\"font-weight: 400;\">Aktar<\/span><\/li>\n<li style=\"font-weight: 400;\"><span style=\"font-weight: 400;\">\u0130\u00e7ecek<\/span><\/li>\n<\/ol>\n<p>&nbsp;<\/p>\n<h4><em><strong>Gidi\u015f &amp; D\u00f6n\u00fc\u015f<\/strong><\/em><\/h4>\n<p><span style=\"font-weight: 400;\">\u201cBooking Adventures\u201d taraf\u0131ndan d\u00fczenlenen tur, Tur Rehberi ile belirlenen bulu\u015fma noktas\u0131nda ba\u015flar. Gezgin, Rezervasyon \u0130\u015fleminden sonra bir bulu\u015fma noktas\u0131 alacakt\u0131r. Turlar bulu\u015fma noktalar\u0131m\u0131zda ba\u015flar ve biter.<\/span><\/p>\n<p>&nbsp;<\/p>\n<h4><b><i>Ne bekleyebilece\u011finizi?<\/i><\/b><\/h4>\n<p><em><strong>biletini al<\/strong><\/em> Los Haitises Ulusal Park\u0131&#039;nda ku\u015f g\u00f6zlemcili\u011fi i\u00e7in.<\/p>\n<p>Bu Gezi, bulu\u015fma noktas\u0131ndan Ridgway parkurlar\u0131n\u0131 Yuvalama alanlar\u0131na do\u011fru y\u00fcr\u00fcyerek ba\u015flar. 30 dakikal\u0131k y\u00fcr\u00fcy\u00fc\u015f ve Hawks&#039;\u0131 izledikten sonra, Los Haitises Ulusal Park\u0131&#039;nda etrafta y\u00fcr\u00fcy\u00fc\u015fe devam etme ve Papa\u011fanlar, pikuletler ve Di\u011fer Endemik t\u00fcrleri kontrol etme se\u00e7ene\u011fimiz var.<\/p>\n<p>Los Haitises Milli Park\u0131&#039;nda Sabana de la Mar&#039;da sadece iki Ku\u015f G\u00f6zlem Yolu vard\u0131r. Los Hiatises Milli Park\u0131&#039;na giderken daha fazla ku\u015f g\u00f6rmek i\u00e7in baz\u0131 noktalarda mola veriyoruz.<\/p>\n<p>San Lorenzo K\u00f6rfezi&#039;nde bulundum. \u0130spanyol Cueva de la Arena&#039;daki Sadly Cave adl\u0131 iki Ma\u011faray\u0131 ziyaret edece\u011fiz; Bu Ma\u011farada, bu b\u00f6lgede konaklayan Tainos topluluklar\u0131na ait petrograflar\u0131 g\u00f6rebiliriz. ve ma\u011faralar\u0131 tap\u0131nak olarak kullanmak.<\/p>\n<p>Daha sonra 2.243 orijinal piktograf\u0131n bulundu\u011fu Linea Ma\u011faras\u0131&#039;na ge\u00e7iyoruz ve tur rehberimiz size bu piktograflar hakk\u0131nda arkeologlardan gelen bilgileri anlat\u0131yor.<\/p>\n<p>Tekneyi tekrar Pajaros adas\u0131na (Ku\u015flar Adas\u0131), Los Haitises Ulusal Park\u0131 \u00e7evresindeki sulak alanlar\u0131n \u00e7o\u011funu g\u00f6rebilece\u011fimiz yere geri g\u00f6t\u00fcrmek. S\u0131rf t\u00fcm ku\u015flar Suda olmad\u0131\u011f\u0131 i\u00e7in.<\/p>\n<p>Los Haitises Milli Park\u0131&#039;nda ku\u015flar hakk\u0131nda 4 bu\u00e7uk saatlik bir e\u011fitimin ard\u0131ndan bu gezi ba\u015flad\u0131\u011f\u0131 yerde sona eriyor.<\/p>\n<p><strong>Not: Bu turlar, Yetkili Ekolojist tur rehberleri e\u015fli\u011findedir. L\u00fctfen zaman\u0131nda rezervasyon yap\u0131n \u00e7\u00fcnk\u00fc parkta \u00e7ok fazla uzman yok.<\/strong><\/p>\n<p>&nbsp;<\/p>\n<h4><em><strong>Ne getirmelisin?<\/strong><\/em><\/h4>\n<ul>\n<li style=\"font-weight: 400;\"><span style=\"font-weight: 400;\">Kamera<\/span><\/li>\n<li>d\u00fcrb\u00fcn<\/li>\n<li style=\"font-weight: 400;\"><span style=\"font-weight: 400;\">Kovucu tomurcuklar<\/span><\/li>\n<li style=\"font-weight: 400;\"><span style=\"font-weight: 400;\">G\u00fcne\u015f kremi<\/span><\/li>\n<li style=\"font-weight: 400;\"><span style=\"font-weight: 400;\">\u015eapka<\/span><\/li>\n<li style=\"font-weight: 400;\"><span style=\"font-weight: 400;\">rahat pantolon<\/span><\/li>\n<li style=\"font-weight: 400;\"><span style=\"font-weight: 400;\">Orman i\u00e7in y\u00fcr\u00fcy\u00fc\u015f ayakkab\u0131s\u0131<\/span><\/li>\n<li style=\"font-weight: 400;\"><span style=\"font-weight: 400;\">Bahar b\u00f6lgelerine sandalet.<\/span><\/li>\n<li style=\"font-weight: 400;\"><span style=\"font-weight: 400;\">Y\u00fczme giysileri<\/span><\/li>\n<\/ul>\n<p>&nbsp;<\/p>\n<h4><b><i>otelden alma <\/i><\/b><\/h4>\n<p><span style=\"font-weight: 400;\">Bu tur i\u00e7in otelden alma hizmeti sunulmamaktad\u0131r. <\/span><\/p>\n<p>&nbsp;<\/p>\n<p><b>Not:<\/b><span style=\"font-weight: 400;\"> Tur\/Gezi hareket saatinden sonraki 24 saat i\u00e7inde rezervasyon yap\u0131yorsan\u0131z, ek \u00fccret kar\u015f\u0131l\u0131\u011f\u0131nda otelden alma ayarlayabiliriz. Sat\u0131n alma i\u015fleminiz tamamland\u0131\u011f\u0131nda, teslim alma d\u00fczenlemelerini organize etmesi i\u00e7in size yerel Tur rehberimizin eksiksiz ileti\u015fim bilgilerini (telefon numaras\u0131, e-posta adresi vb.) g\u00f6nderece\u011fiz.<\/span><\/p>\n<h4><b><i>Ek Bilgi Onay\u0131 <\/i><\/b><\/h4>\n<ol>\n<li>Biletler, bu Turu \u00f6dedikten sonra Makbuzdur. \u00d6demeyi telefonunuzda g\u00f6sterebilirsiniz.<\/li>\n<li style=\"font-weight: 400;\"><span style=\"font-weight: 400;\">Bulu\u015fma Noktas\u0131 Rezervasyon \u0130\u015fleminden Sonra Al\u0131nacakt\u0131r.<\/span><\/li>\n<li style=\"font-weight: 400;\"><span style=\"font-weight: 400;\">\u00c7ocuklara bir yeti\u015fkin e\u015flik etmelidir.<\/span><\/li>\n<li style=\"font-weight: 400;\"><span style=\"font-weight: 400;\"> Tekerlekli sandalye eri\u015fimine uygun de\u011fil <\/span><\/li>\n<li style=\"font-weight: 400;\"><span style=\"font-weight: 400;\">Bebekler kuca\u011fa oturmal\u0131 <\/span><\/li>\n<li style=\"font-weight: 400;\"><span style=\"font-weight: 400;\">S\u0131rt sorunu olan gezginler i\u00e7in \u00f6nerilmez<\/span><\/li>\n<li style=\"font-weight: 400;\"><span style=\"font-weight: 400;\">Hamile gezginler i\u00e7in \u00f6nerilmez <\/span><\/li>\n<li style=\"font-weight: 400;\"><span style=\"font-weight: 400;\"> Kalp problemi veya di\u011fer ciddi t\u0131bbi durumlar yok <\/span><\/li>\n<li style=\"font-weight: 400;\"><span style=\"font-weight: 400;\">\u00c7o\u011fu gezgin kat\u0131labilir<\/span><\/li>\n<\/ol>\n<p>Bu tur minimum 2, maksimum 15 ki\u015fiye sunulmaktad\u0131r. Ki\u015fi say\u0131s\u0131n\u0131n az olmas\u0131 durumunda l\u00fctfen bizimle ileti\u015fime ge\u00e7iniz.<\/p>\n<h4><b><i>\u0130ptal politikas\u0131<\/i><\/b><\/h4>\n<p>Tam para iadesi i\u00e7in l\u00fctfen \u0130ptal politikalar\u0131m\u0131z\u0131 okuyun\u00a0<a href=\"https:\/\/www.boattoursamana.com\/tr\/cevrimici-rezervasyon\/\" target=\"_blank\" rel=\"noopener\" data-saferedirecturl=\"https:\/\/www.google.com\/url?q=https:\/\/www.boattoursamana.com\/online-booking\/&amp;source=gmail&amp;ust=1672449202351000&amp;usg=AOvVaw1yAeVAPktmaVCqDujgUn90\">Buraya T\u0131kla<\/a>. Seyahatle ayn\u0131 g\u00fcn rezervasyon iptal edilirse para kaybedilecektir.<\/p>\n\n\t\t<\/div>\n\t<\/div>\n<\/div><\/div><\/div><\/div><div class=\"vc_row wpb_row vc_row-fluid\" ><\/div><div class=\"wpb_column vc_column_container vc_col-sm-12\"><div class=\"vc_column-inner\"><div class=\"wpb_wrapper\"><div class=\"vc_message_box vc_message_box-standard vc_message_box-rounded vc_color-info\" ><div class=\"vc_message_box-icon\"><i class=\"fas fa-info-circle\"><\/i><\/div><p>Los Haitises Ulusal Park\u0131&#039;ndaki Kontrol Listesi g\u00fcncellemesi:\u00a0 <a href=\"https:\/\/www.boattoursamana.com\/tr\/los-haitises-milli-park-kus-gozlem-kontrol-listesi-guncelleme\/\">Buraya t\u0131klay\u0131n<\/a><\/p>\n<\/div><\/div><\/div><\/div><div class=\"vc_row wpb_row vc_row-fluid\" ><div class=\"wpb_column vc_column_container vc_col-sm-12\"><div class=\"vc_column-inner\"><div class=\"wpb_wrapper\"><div class=\"vc_btn3-container vc_btn3-inline\" ><button class=\"vc_general vc_btn3 vc_btn3-size-md vc_btn3-shape-rounded vc_btn3-style-modern vc_btn3-color-green\">REZERVASYON YAP<\/button><\/div><\/div><\/div><\/div><\/div>","protected":false},"excerpt":{"rendered":"<p><span style=\"vertical-align: inherit;\"><span style=\"vertical-align: inherit;\">Viaje al Parque National Los Haitises, aves + Cuevas g\u00f6zleminde yo\u011funla\u015fan yerel bir turist yerel rehberiyle. <\/span><span style=\"vertical-align: inherit;\">Los Haitises Ulusal Park\u0131&#039;ndaki Cayos&#039;u ziyaret edin, Manglares, Vegetaci\u00f3n, Observaci\u00f3n de aves, Cuevas, Piktogramlar ve Los Haitises Ulusal Park\u0131&#039;ndaki Sabana de la Mar hist\u00f3ricas.<\/span><\/span><\/p>\n<p>&nbsp;<\/p>\n<p><em><strong><span style=\"vertical-align: inherit;\"><span style=\"vertical-align: inherit;\">Tur i\u00e7in bir masa se\u00e7in\u00a0<\/span><\/span><\/strong><\/em><\/p>","protected":false},"featured_media":8195,"template":"","meta":[],"product_cat":[178,946,932,168,159,170,169,253,254,255],"product_tag":[586,237,582,584,628,236,583,625,626,630,629,585,171,624,209,627,614,239,238,175,186,199,240],"class_list":["post-8848","product","type-product","status-publish","has-post-thumbnail","hentry","product_cat-hiking","product_cat-1-sabana-de-la-mar","product_cat-birdwatching-los-haitises","product_cat-caves","product_cat-fees-entrace","product_cat-local-tour-guides","product_cat-mangroves","product_cat-tours-and-excursions","product_cat-tours-excursions-los-haitises-national-park","product_cat-tours-excursions-samana-bay-dominican-republic","product_tag-biding-sabana-de-la-mar","product_tag-birding","product_tag-birding-dominican-republic","product_tag-birding-in-los-haitises","product_tag-los-haitises-national-park-birding-tour-from-punta-cana","product_tag-birdwatching","product_tag-birdwatching-dominicana","product_tag-birdwtaching","product_tag-boat-tour-birding","product_tag-carretera-cano-hondo","product_tag-eco-lodge-paraiso-cano-hondo","product_tag-hire-a-guide-in-los-haitises","product_tag-los-haitises","product_tag-los-haitises-birding","product_tag-los-haitises-national-park","product_tag-los-haitises-national-park-cano-hondo","product_tag-los-haitises-samana","product_tag-nature","product_tag-ridgways-hawk","product_tag-sabana-de-la-mar","product_tag-samana","product_tag-samana-bay","product_tag-wildlife"],"_links":{"self":[{"href":"https:\/\/www.boattoursamana.com\/tr\/wp-json\/wp\/v2\/product\/8848","targetHints":{"allow":["GET"]}}],"collection":[{"href":"https:\/\/www.boattoursamana.com\/tr\/wp-json\/wp\/v2\/product"}],"about":[{"href":"https:\/\/www.boattoursamana.com\/tr\/wp-json\/wp\/v2\/types\/product"}],"wp:featuredmedia":[{"embeddable":true,"href":"https:\/\/www.boattoursamana.com\/tr\/wp-json\/wp\/v2\/media\/8195"}],"wp:attachment":[{"href":"https:\/\/www.boattoursamana.com\/tr\/wp-json\/wp\/v2\/media?parent=8848"}],"wp:term":[{"taxonomy":"product_cat","embeddable":true,"href":"https:\/\/www.boattoursamana.com\/tr\/wp-json\/wp\/v2\/product_cat?post=8848"},{"taxonomy":"product_tag","embeddable":true,"href":"https:\/\/www.boattoursamana.com\/tr\/wp-json\/wp\/v2\/product_tag?post=8848"}],"curies":[{"name":"wp","href":"https:\/\/api.w.org\/{rel}","templated":true}]}}