{"id":8852,"date":"2019-06-11T10:52:22","date_gmt":"2019-06-11T10:52:22","guid":{"rendered":"https:\/\/www.ticketswhales.com\/?post_type=product&#038;p=8852"},"modified":"2023-03-20T10:24:27","modified_gmt":"2023-03-20T10:24:27","slug":"los-haitises-national-park-tour-from-samana-port","status":"publish","type":"product","link":"https:\/\/www.boattoursamana.com\/tr\/tur\/samana-limanindan-los-haitises-milli-park-turu-2","title":{"rendered":"Saman\u00e1 Liman\u0131&#039;ndan Los Haitises Ulusal Park\u0131 Turu"},"content":{"rendered":"<div class=\"vc_row wpb_row vc_row-fluid\" ><div class=\"wpb_column vc_column_container vc_col-sm-12\"><div class=\"vc_column-inner\"><div class=\"wpb_wrapper\"><div class=\"mkdf-section-title-holder\" style=\"text-align: left\">\n\t<div class=\"mkdf-st-inner\">\n\t\t\t\t\t<h5 class=\"mkdf-st-subtitle\" >\n\t\t\t\tJust Los Haitises Ulusal Park\u0131\t\t\t<\/h5>\n\t\t\t\t\t\t\t<h3 class=\"mkdf-st-title\" >\n\t\t\t\tLos Haitises Ulusal Park\u0131 Tekne Turu\t\t\t<\/h3>\n\t\t\t\t\t<\/div>\n<\/div><\/div><\/div><\/div><\/div><div class=\"vc_row wpb_row vc_row-fluid\" ><div class=\"wpb_column vc_column_container vc_col-sm-12\"><div class=\"vc_column-inner\"><div class=\"wpb_wrapper\"><div class=\"vc_btn3-container vc_btn3-inline\" ><button class=\"vc_general vc_btn3 vc_btn3-size-md vc_btn3-shape-rounded vc_btn3-style-modern vc_btn3-color-green\">REZERVASYON YAP<\/button><\/div>\n\t<div class=\"wpb_text_column wpb_content_element\" >\n\t\t<div class=\"wpb_wrapper\">\n\t\t\t<h4><b><i>genel bak\u0131\u015f <\/i><\/b><\/h4>\n<p>Saman\u00e1 Liman\u0131&#039;ndan ba\u015flayarak sadece Los Haitises Milli Park\u0131&#039;n\u0131 ziyaret edin. Bizimle gelin ve Dominik Cumhuriyeti&#039;nin en g\u00fczel milli park\u0131n\u0131 ziyaret edin, Mangrovlar\u0131, Ma\u011faralar\u0131 ve San Lorenzo K\u00f6rfezi&#039;ni ziyaret edin ve muhte\u015fem Saman\u00e1 k\u00f6rfezini ge\u00e7in. Ard\u0131ndan Saman\u00e1 liman\u0131na geri d\u00f6n\u00fcn.<\/p>\n<p>Bu deneyimden sonra Saman\u00e1 liman\u0131na d\u00f6neceksiniz.<\/p>\n<ul>\n<li style=\"font-weight: 400;\">\u00dccretler dahil<\/li>\n<li style=\"font-weight: 400;\"><span style=\"font-weight: 400;\">K\u0131lavuz talimat ve Denetim sa\u011flar<\/span><\/li>\n<\/ul>\n<p>&nbsp;<\/p>\n<h4><b>Dahil Edilenler ve Hari\u00e7 Tutulanlar<\/b><\/h4>\n<p>&nbsp;<\/p>\n<p><b>Dahil olanlar<\/b><\/p>\n<p>&nbsp;<\/p>\n<ol>\n<li style=\"font-weight: 400;\">Los Haitises Turu + Ma\u011faralar ve Piktograflar<\/li>\n<li style=\"font-weight: 400;\"><span style=\"font-weight: 400;\">T\u00fcm vergiler, \u00fccretler ve i\u015flem \u00fccretleri<\/span><\/li>\n<li style=\"font-weight: 400;\"><span style=\"font-weight: 400;\">Yerel vergiler<\/span><\/li>\n<li style=\"font-weight: 400;\"><span style=\"font-weight: 400;\">\u0130\u00e7ecekler<\/span><\/li>\n<li style=\"font-weight: 400;\"><span style=\"font-weight: 400;\">T\u00fcm aktiviteler<\/span><\/li>\n<li style=\"font-weight: 400;\"><span style=\"font-weight: 400;\">Yerel rehber<\/span><\/li>\n<\/ol>\n<p><b> \u0130stisnalar<\/b><\/p>\n<ol>\n<li style=\"font-weight: 400;\"><span style=\"font-weight: 400;\">Bah\u015fi\u015fler<\/span><\/li>\n<li style=\"font-weight: 400;\"><span style=\"font-weight: 400;\">Aktar<\/span><\/li>\n<li style=\"font-weight: 400;\"><span style=\"font-weight: 400;\">Alkoll\u00fc i\u00e7ecekler<\/span><\/li>\n<li>\u00d6\u011fle Yeme\u011fi Dahil De\u011fil, \u00d6\u011fle yeme\u011fi i\u00e7in \u015fu gezilerden birini se\u00e7meyi i\u00e7erir:\u00a0 <a href=\"https:\/\/www.boattoursamana.com\/tr\/tur\/samana-limanindan-los-haitises-milli-park-turu-2\/\">Los Haitises + Cayo Levantado<\/a> Saman\u00e1 Liman\u0131&#039;ndan veya<a href=\"https:\/\/www.boattoursamana.com\/tr\/tur\/los-haitises-milli-park-samana-limanindan-cano-hondo-at-ogle-yemegi-2\/\"><em><strong> Samana Liman\u0131&#039;ndan Los Haitises + Cano Hondo.<\/strong><\/em><\/a><\/li>\n<\/ol>\n<p>&nbsp;<\/p>\n<h4><em><strong>Gidi\u015f &amp; D\u00f6n\u00fc\u015f<\/strong><\/em><\/h4>\n<p><span style=\"font-weight: 400;\">Gezgin, Rezervasyon \u0130\u015fleminden sonra bir bulu\u015fma noktas\u0131 alacakt\u0131r. Turlar bulu\u015fma noktalar\u0131m\u0131zda ba\u015flar ve biter.<\/span><\/p>\n<p>&nbsp;<\/p>\n<h4><b><i>Ne bekleyebilece\u011finizi?<\/i><\/b><\/h4>\n<p>&nbsp;<\/p>\n<p><em><strong>biletlerinizi al\u0131n<\/strong><\/em> Ca\u00f1o Hondo&#039;da harika bir \u00f6\u011fle yeme\u011fi ve Natural Springs&#039;te Y\u00fczme ile Los Haitises Ulusal Park\u0131&#039;n\u0131 ziyaret etti\u011finiz i\u00e7in.<\/p>\n<p>Dominik Cumhuriyeti&#039;nin en g\u00fczel milli parklar\u0131ndan birini ziyaret etmek i\u00e7in Yerel bir rehber e\u015fli\u011finde bir Tekne veya Katamaranla Saman\u00e1 liman\u0131ndan ba\u015flayarak Saman\u00e1 koyundan Sabana de la Mar taraf\u0131na ge\u00e7iyoruz. <em><strong>Haiti Ulusal Park\u0131<\/strong><\/em>.<\/p>\n<p>Etrafta ku\u015flarla Ada&#039;y\u0131 ziyaret etmek. Hatta yumurtlama mevsiminde yuvalarda Pelikan civcivlerini bile g\u00f6rebiliriz. Kayal\u0131k Ada&#039;n\u0131n i\u00e7ine daha fazla girmek ve yerli halktan resim ve petrograflarla Ma\u011faralar\u0131 ziyaret etmek.<\/p>\n<p>\u201cBooking Adventures\u201d taraf\u0131ndan d\u00fczenlenen tur, Tur Rehberi ile belirlenen bulu\u015fma noktas\u0131nda ba\u015flar. Booking Adventures ile gelin ve ku\u015flarla dolu mangrovlar\u0131, yemye\u015fil bitki \u00f6rt\u00fcs\u00fcn\u00fcn ini\u015fli \u00e7\u0131k\u0131\u015fl\u0131 tepelerini ve ma\u011faralar\u0131 kontrol etmeye ba\u015flay\u0131n. <em><strong>Los Haitises Milli Park\u0131<\/strong><\/em>.<\/p>\n<p>Engebeli orman manzaras\u0131n\u0131 foto\u011fraflayabilece\u011finiz a\u00e7\u0131k San Lorenzo K\u00f6rfezi&#039;ndeki mangrovlar ve Kara boyunca. fark etmek i\u00e7in suya bak <em><strong>denizay\u0131s\u0131<\/strong><\/em>, kabuklular ve <em><strong>yunuslar.<\/strong><\/em><\/p>\n<div class=\"body-description secondary\">\n<p>Milli park\u0131n ad\u0131, as\u0131l sakinleri olan Taino K\u0131z\u0131lderililerinden gelmektedir. Kendi dillerinde \u201cHaitises\u201d, k\u0131y\u0131 \u015feridinin Kire\u00e7ta\u015fl\u0131 sarp jeolojik olu\u015fumlar\u0131na at\u0131fta bulunarak yaylalar veya Tepeler anlam\u0131na gelir. gibi ma\u011faralar\u0131 ke\u015ffetmek i\u00e7in park\u0131n derinliklerine inin. <em><strong>Cueva de la Arena<\/strong><\/em> ve <strong><em>Cueva de la Linea.<\/em><\/strong> Rezervdeki ma\u011faralar, Taino K\u0131z\u0131lderilileri taraf\u0131ndan ve daha sonra korsanlar\u0131 saklayarak s\u0131\u011f\u0131nak olarak kullan\u0131ld\u0131. Baz\u0131 duvarlar\u0131 s\u00fcsleyen K\u0131z\u0131lderili \u00e7izimlerine bak\u0131n. Los Haitises Ulusal Park\u0131&#039;n\u0131 ziyaret ettikten sonra Saman\u00e1 koyunu ge\u00e7erek 30 dakika sonra Saman\u00e1 liman\u0131na geri d\u00f6nece\u011fiz.<\/p>\n<\/div>\n<p>Bu geziyi daha uzun s\u00fcre be\u011fenmeniz durumunda \u015fu se\u00e7eneklere sahibiz:<\/p>\n<ol>\n<li><a href=\"https:\/\/www.boattoursamana.com\/tr\/tur\/samana-limanindan-los-haitises-milli-park-turu-2\/\">Samana Liman\u0131&#039;ndan Los Haitises + Cayo Levantado.<\/a><\/li>\n<li><a href=\"https:\/\/www.boattoursamana.com\/tr\/tur\/los-haitises-milli-park-samana-limanindan-cano-hondo-at-ogle-yemegi-2\/\">Samana Liman\u0131&#039;ndan Los Haitises + Cano Hondo.<\/a><\/li>\n<\/ol>\n<p>&nbsp;<\/p>\n<h4><em><strong>Ne getirmelisin?<\/strong><\/em><\/h4>\n<ul>\n<li style=\"font-weight: 400;\"><span style=\"font-weight: 400;\">Kamera<\/span><\/li>\n<li style=\"font-weight: 400;\"><span style=\"font-weight: 400;\">Kovucu tomurcuklar<\/span><\/li>\n<li style=\"font-weight: 400;\"><span style=\"font-weight: 400;\">G\u00fcne\u015f kremi<\/span><\/li>\n<li style=\"font-weight: 400;\"><span style=\"font-weight: 400;\">\u015eapka<\/span><\/li>\n<li style=\"font-weight: 400;\"><span style=\"font-weight: 400;\">rahat pantolon<\/span><\/li>\n<li style=\"font-weight: 400;\"><span style=\"font-weight: 400;\">Orman i\u00e7in y\u00fcr\u00fcy\u00fc\u015f ayakkab\u0131s\u0131<\/span><\/li>\n<li style=\"font-weight: 400;\"><span style=\"font-weight: 400;\">Bahar b\u00f6lgelerine sandalet.<\/span><\/li>\n<li style=\"font-weight: 400;\"><span style=\"font-weight: 400;\">Y\u00fczme giysileri<\/span><\/li>\n<\/ul>\n<p>&nbsp;<\/p>\n<h4><b><i>otelden alma <\/i><\/b><\/h4>\n<p><span style=\"font-weight: 400;\">Bu tur i\u00e7in otelden alma hizmeti sunulmamaktad\u0131r. <\/span><\/p>\n<p>&nbsp;<\/p>\n<p><b>Not:<\/b><span style=\"font-weight: 400;\"> Tur\/Gezi hareket saatinden sonraki 24 saat i\u00e7inde rezervasyon yap\u0131yorsan\u0131z, ek \u00fccret kar\u015f\u0131l\u0131\u011f\u0131nda otelden alma ayarlayabiliriz. Sat\u0131n alma i\u015fleminiz tamamland\u0131\u011f\u0131nda, teslim alma d\u00fczenlemelerini organize etmesi i\u00e7in size yerel Tur rehberimizin eksiksiz ileti\u015fim bilgilerini (telefon numaras\u0131, e-posta adresi vb.) g\u00f6nderece\u011fiz.<\/span><\/p>\n<h4><b><i>Ek Bilgi Onay\u0131 <\/i><\/b><\/h4>\n<ol>\n<li>Biletler, bu Turu \u00f6dedikten sonra Makbuzdur. \u00d6demeyi telefonunuzda g\u00f6sterebilirsiniz.<\/li>\n<li style=\"font-weight: 400;\"><span style=\"font-weight: 400;\">Bulu\u015fma Noktas\u0131 Rezervasyon \u0130\u015fleminden Sonra Al\u0131nacakt\u0131r.<\/span><\/li>\n<li style=\"font-weight: 400;\"><span style=\"font-weight: 400;\">\u00c7ocuklara bir yeti\u015fkin e\u015flik etmelidir.<\/span><\/li>\n<li style=\"font-weight: 400;\"><span style=\"font-weight: 400;\"> Tekerlekli sandalye eri\u015fimine uygun de\u011fil <\/span><\/li>\n<li style=\"font-weight: 400;\"><span style=\"font-weight: 400;\">Bebekler kuca\u011fa oturmal\u0131 <\/span><\/li>\n<li style=\"font-weight: 400;\"><span style=\"font-weight: 400;\">S\u0131rt sorunu olan gezginler i\u00e7in \u00f6nerilmez<\/span><\/li>\n<li style=\"font-weight: 400;\"><span style=\"font-weight: 400;\">Hamile gezginler i\u00e7in \u00f6nerilmez <\/span><\/li>\n<li style=\"font-weight: 400;\"><span style=\"font-weight: 400;\"> Kalp problemi veya di\u011fer ciddi t\u0131bbi durumlar yok <\/span><\/li>\n<li style=\"font-weight: 400;\"><span style=\"font-weight: 400;\">\u00c7o\u011fu gezgin kat\u0131labilir<\/span><\/li>\n<\/ol>\n<h4><b><i>\u0130ptal politikas\u0131<\/i><\/b><\/h4>\n<p>Tam para iadesi i\u00e7in l\u00fctfen \u0130ptal politikalar\u0131m\u0131z\u0131 okuyun\u00a0<a href=\"https:\/\/www.boattoursamana.com\/tr\/cevrimici-rezervasyon\/\" target=\"_blank\" rel=\"noopener\" data-saferedirecturl=\"https:\/\/www.google.com\/url?q=https:\/\/www.boattoursamana.com\/online-booking\/&amp;source=gmail&amp;ust=1672529771100000&amp;usg=AOvVaw2NIGJBZ0qjB5RhPUl5Obc7\">Buraya T\u0131kla<\/a>. Seyahatle ayn\u0131 g\u00fcn rezervasyon iptal edilirse para kaybedilecektir.<\/p>\n\n\t\t<\/div>\n\t<\/div>\n<\/div><\/div><\/div><\/div><div class=\"vc_row wpb_row vc_row-fluid\" ><\/div><div class=\"wpb_column vc_column_container vc_col-sm-12\"><div class=\"vc_column-inner\"><div class=\"wpb_wrapper\"><\/div><\/div><\/div><div class=\"vc_empty_space\"   style=\"height: 32px\"><span class=\"vc_empty_space_inner\"><\/span><\/div><div class=\"vc_empty_space\"   style=\"height: 32px\"><span class=\"vc_empty_space_inner\"><\/span><\/div><div class=\"vc_row wpb_row vc_row-fluid\" ><div class=\"wpb_column vc_column_container vc_col-sm-12\"><div class=\"vc_column-inner\"><div class=\"wpb_wrapper\"><div class=\"vc_btn3-container vc_btn3-inline\" ><button class=\"vc_general vc_btn3 vc_btn3-size-md vc_btn3-shape-rounded vc_btn3-style-modern vc_btn3-color-green\">REZERVASYON YAP<\/button><\/div><\/div><\/div><\/div><\/div>","protected":false},"excerpt":{"rendered":"<p><span style=\"vertical-align: inherit;\"><span style=\"vertical-align: inherit;\">Yerel bir turistik rehberle Los Haitises Ulusal Parque&#039;de ekolojik Viaje. <\/span><span style=\"vertical-align: inherit;\">Los Haitises Ulusal Park\u0131&#039;ndaki Cayos&#039;u ziyaret edin, Manglares, Vegetaci\u00f3n, Observaci\u00f3n de aves, Cuevas, Piktogramlar ve Los Haitises Ulusal Park\u0131&#039;ndaki Sabana de la Mar hist\u00f3ricas.<\/span><\/span><\/p>\n<p>&nbsp;<\/p>\n<p><em><strong><span style=\"vertical-align: inherit;\"><span style=\"vertical-align: inherit;\">Tur i\u00e7in bir masa se\u00e7in\u00a0<\/span><\/span><\/strong><\/em><\/p>","protected":false},"featured_media":12744,"template":"","meta":[],"product_cat":[170,655,928,168,159,169],"product_tag":[171,209,186,199,200,187],"class_list":["post-8852","product","type-product","status-publish","has-post-thumbnail","hentry","product_cat-local-tour-guides","product_cat-1-samana","product_cat-boat-trip-los-haitises","product_cat-caves","product_cat-fees-entrace","product_cat-mangroves","product_tag-los-haitises","product_tag-los-haitises-national-park","product_tag-samana","product_tag-samana-bay","product_tag-samana-excursions","product_tag-samana-tours"],"_links":{"self":[{"href":"https:\/\/www.boattoursamana.com\/tr\/wp-json\/wp\/v2\/product\/8852","targetHints":{"allow":["GET"]}}],"collection":[{"href":"https:\/\/www.boattoursamana.com\/tr\/wp-json\/wp\/v2\/product"}],"about":[{"href":"https:\/\/www.boattoursamana.com\/tr\/wp-json\/wp\/v2\/types\/product"}],"wp:featuredmedia":[{"embeddable":true,"href":"https:\/\/www.boattoursamana.com\/tr\/wp-json\/wp\/v2\/media\/12744"}],"wp:attachment":[{"href":"https:\/\/www.boattoursamana.com\/tr\/wp-json\/wp\/v2\/media?parent=8852"}],"wp:term":[{"taxonomy":"product_cat","embeddable":true,"href":"https:\/\/www.boattoursamana.com\/tr\/wp-json\/wp\/v2\/product_cat?post=8852"},{"taxonomy":"product_tag","embeddable":true,"href":"https:\/\/www.boattoursamana.com\/tr\/wp-json\/wp\/v2\/product_tag?post=8852"}],"curies":[{"name":"wp","href":"https:\/\/api.w.org\/{rel}","templated":true}]}}