{"id":8858,"date":"2019-06-11T12:10:51","date_gmt":"2019-06-11T12:10:51","guid":{"rendered":"https:\/\/www.ticketswhales.com\/?post_type=product&#038;p=8858"},"modified":"2023-03-27T18:55:34","modified_gmt":"2023-03-27T18:55:34","slug":"los-haitises-national-park-from-sabana-de-la-mar-hiking-2-hours","status":"publish","type":"product","link":"https:\/\/www.boattoursamana.com\/tr\/tur\/sabana-de-la-mar-dan-los-haitises-milli-parki-2-saat-yuruyus","title":{"rendered":"\u00d6zel Tekne Turu ve 2 Saat Y\u00fcr\u00fcy\u00fc\u015f Ya\u011fmur Orman\u0131 Los Haitises"},"content":{"rendered":"<div class=\"vc_row wpb_row vc_row-fluid\" ><div class=\"wpb_column vc_column_container vc_col-sm-12\"><div class=\"vc_column-inner\"><div class=\"wpb_wrapper\"><div class=\"vc_btn3-container vc_btn3-inline\" ><button class=\"vc_general vc_btn3 vc_btn3-size-md vc_btn3-shape-rounded vc_btn3-style-modern vc_btn3-color-green\">REZERVASYON YAP<\/button><\/div><div class=\"mkdf-section-title-holder\" style=\"text-align: left\">\n\t<div class=\"mkdf-st-inner\">\n\t\t\t\t\t<h5 class=\"mkdf-st-subtitle\" >\n\t\t\t\tNemli Orman + Ma\u011faralara Normal Gezi\t\t\t<\/h5>\n\t\t\t\t\t\t\t<h3 class=\"mkdf-st-title\" >\n\t\t\t\tLos Haitises Ulusal Park\u0131 - Sabana de la Mar&#039;dan + 2 Saat Y\u00fcr\u00fcy\u00fc\u015f\t\t\t<\/h3>\n\t\t\t\t\t<\/div>\n<\/div><\/div><\/div><\/div><\/div><div class=\"vc_row wpb_row vc_row-fluid\" ><div class=\"wpb_column vc_column_container vc_col-sm-12\"><div class=\"vc_column-inner\"><div class=\"wpb_wrapper\">\n\t<div class=\"wpb_text_column wpb_content_element\" >\n\t\t<div class=\"wpb_wrapper\">\n\t\t\t<h4><b><i><span style=\"vertical-align: inherit;\"><span style=\"vertical-align: inherit;\">Vizyon genel <\/span><\/span><\/i><\/b><\/h4>\n<p>Haitises Ulusal park\u0131n\u0131n orman\u0131nda iki saatlik bir Y\u00fcr\u00fcy\u00fc\u015f\u00fcn tad\u0131n\u0131 \u00e7\u0131kar\u0131n. T\u0131bbi bitkiler hakk\u0131nda bilgi edinin ve yerel yerleri ziyaret edin. Ziyaret sonras\u0131 <strong>Los Haitises Milli Park\u0131<\/strong> itibaren <strong>Sabana de la Mar<\/strong> veya <strong>Ca\u00f1o Hondo Otelleri<\/strong> Yerliler ile.<\/p>\n<p>Tekne gezisinden sonra y\u00fcr\u00fcy\u00fc\u015f yapaca\u011f\u0131z. Los Haitises Ulusal Park\u0131&#039;na \u00f6zel bir normal gezi. Bizimle gelin ve Dominik Cumhuriyeti&#039;nin en g\u00fczel milli park\u0131 olan Mangrovlar\u0131, 3 Ma\u011faray\u0131 ve San Lorenzo K\u00f6rfezi&#039;ni ziyaret edin. Bu deneyim, Sabana de la Mar toplulu\u011funun Sabana de la Mar&#039;\u0131n bu tarihini \u00f6\u011frenmesiyle ba\u015flayabilir.<\/p>\n<ul>\n<li>Ormanda 2 Saat Y\u00fcr\u00fcy\u00fc\u015f<\/li>\n<li>Sabana de la Mar Tarihi<\/li>\n<li style=\"font-weight: 400;\">\u00dccretler dahil<\/li>\n<li style=\"font-weight: 400;\"><span style=\"font-weight: 400;\">K\u0131lavuz talimat ve Denetim sa\u011flar<\/span><\/li>\n<li>Cano Hondo&#039;da \u00d6\u011fle Yeme\u011fine \u00d6\u011fle Yeme\u011fi Dahil De\u011fildir Bu turu se\u00e7in: <a href=\"https:\/\/www.boattoursamana.com\/tr\/tur\/sabana-de-la-mardan-kano-hondo-at-los-haitises-milli-park-ogle-yemegi-2\/\">Los Haitises Plus Cano Hondo.<\/a><\/li>\n<\/ul>\n<p>&nbsp;<\/p>\n<h4><b>Dahil Edilenler ve Hari\u00e7 Tutulanlar<\/b><\/h4>\n<p>&nbsp;<\/p>\n<p><b>Dahil olanlar<\/b><\/p>\n<ol>\n<li style=\"font-weight: 400;\">Los Haitises Turu + Ma\u011faralar ve Piktograflar<\/li>\n<li style=\"font-weight: 400;\"><span style=\"font-weight: 400;\">T\u00fcm vergiler, \u00fccretler ve i\u015flem \u00fccretleri<\/span><\/li>\n<li style=\"font-weight: 400;\"><span style=\"font-weight: 400;\">Yerel vergiler<\/span><\/li>\n<li style=\"font-weight: 400;\"><span style=\"font-weight: 400;\">T\u00fcm aktiviteler<\/span><\/li>\n<li style=\"font-weight: 400;\"><span style=\"font-weight: 400;\">Yerel rehber<\/span><\/li>\n<\/ol>\n<p><b> \u0130stisnalar<\/b><\/p>\n<ol>\n<li style=\"font-weight: 400;\"><span style=\"font-weight: 400;\">Bah\u015fi\u015fler<\/span><\/li>\n<li>Cano Hondo&#039;da \u00d6\u011fle Yeme\u011fine \u00d6\u011fle Yeme\u011fi Dahil De\u011fildir Bu turu se\u00e7in: <a href=\"https:\/\/www.boattoursamana.com\/tr\/tur\/sabana-de-la-mardan-kano-hondo-at-los-haitises-milli-park-ogle-yemegi-2\/\">Los Haitises Plus Cano Hondo.<\/a><\/li>\n<li style=\"font-weight: 400;\"><span style=\"font-weight: 400;\">Aktar<\/span><\/li>\n<li style=\"font-weight: 400;\"><span style=\"font-weight: 400;\">Alkoll\u00fc i\u00e7ecekler<\/span><\/li>\n<\/ol>\n<p>&nbsp;<\/p>\n<h4><em><strong>Gidi\u015f &amp; D\u00f6n\u00fc\u015f<\/strong><\/em><\/h4>\n<p><span style=\"font-weight: 400;\">Gezgin, Rezervasyon \u0130\u015fleminden sonra bir bulu\u015fma noktas\u0131 alacakt\u0131r. Turlar bulu\u015fma noktalar\u0131m\u0131zda ba\u015flar ve biter.<\/span><\/p>\n<p>&nbsp;<\/p>\n<h4><b><i>Ne bekleyebilece\u011finizi?<\/i><\/b><\/h4>\n<p>&nbsp;<\/p>\n<p><em><strong>biletlerinizi al\u0131n<\/strong><\/em> Los Haitises Ulusal Park\u0131&#039;n\u0131n nemli orman\u0131nda iki saat y\u00fcr\u00fcy\u00fc\u015f yapt\u0131ktan sonra Ma\u011faralar, Mangrovlar ve San Lorenzo K\u00f6rfezi ile Los Haitises Ulusal Park\u0131&#039;n\u0131 ziyaret etti\u011finiz i\u00e7in.<\/p>\n<p><strong>Los Haitises Milli Park\u0131<\/strong> itibaren <strong>Sabana de la Mar<\/strong> veya <strong>Ca\u00d1o Hondo Otelleri<\/strong> Yerliler ile. Gezi, Haitises Ulusal Park\u0131&#039;n\u0131n Ana Liman\u0131&#039;nda ba\u015flar. Bu gezi, muhte\u015fem Milli Park hakk\u0131nda orijinal Tarihi bilen Yerel Tur Rehberi ile sabah 10:00&#039;da ba\u015flar.<\/p>\n<p>Los Haitises Ulusal Park\u0131&#039;n\u0131n ana liman\u0131 olan Ca\u00f1o Hondo&#039;dan (Deep Creek) Can yelekli bir TEKNE ile yola \u00e7\u0131kt\u0131ktan sonra. San Lorenzo K\u00f6rfezi&#039;ne varana kadar Red Mangroves orman\u0131n\u0131n tad\u0131n\u0131 \u00e7\u0131karaca\u011f\u0131z. Saman\u00e1 K\u00f6rfezi&#039;ne k\u00fc\u00e7\u00fck koy. Ve i\u015fte ba\u015fl\u0131yoruz! G\u00f6rebilece\u011finiz ilk \u015fa\u015f\u0131rt\u0131c\u0131 \u015fey, Mogotes adl\u0131 da\u011f adas\u0131ndaki devasa kire\u00e7ta\u015f\u0131 koleksiyonudur. bunlar\u0131n \u00fczerine 700&#039;den fazla Bitki t\u00fcr\u00fc ve etrafta u\u00e7u\u015fan bir\u00e7ok sulak ku\u015f. Daha Sonra 750 y\u0131l \u00f6nceki yerli topluluklar\u0131m\u0131zdan resimli resimlerle Ma\u011faralar\u0131 Ziyaret Etmek.<\/p>\n<p>Engebeli orman manzaras\u0131n\u0131 foto\u011fraflayabilece\u011finiz a\u00e7\u0131k San Lorenzo K\u00f6rfezi&#039;ndeki mangrovlar ve Kara boyunca. fark etmek i\u00e7in suya bak <em><strong>denizay\u0131s\u0131<\/strong><\/em>, kabuklular ve <em><strong>yunuslar.<\/strong><\/em><\/p>\n<div class=\"body-description secondary\">\n<p>Milli park\u0131n ad\u0131, as\u0131l sakinleri olan Taino K\u0131z\u0131lderililerinden gelmektedir. Kendi dillerinde \u201cHaitises\u201d, k\u0131y\u0131 \u015feridinin Kire\u00e7ta\u015fl\u0131 sarp jeolojik olu\u015fumlar\u0131na at\u0131fta bulunarak yaylalar veya Tepeler anlam\u0131na gelir. gibi ma\u011faralar\u0131 ke\u015ffetmek i\u00e7in park\u0131n derinliklerine inin. <em><strong>Cueva de la Arena<\/strong><\/em> ve <strong><em>Cueva de la Linea.<\/em><\/strong> Rezervdeki ma\u011faralar, Taino K\u0131z\u0131lderilileri taraf\u0131ndan ve daha sonra korsanlar\u0131 saklayarak s\u0131\u011f\u0131nak olarak kullan\u0131ld\u0131. Baz\u0131 duvarlar\u0131 s\u00fcsleyen K\u0131z\u0131lderili \u00e7izimlerine bak\u0131n. Los Haitises Ulusal Park\u0131 ziyaretimizin ard\u0131ndan 2 saatlik y\u00fcr\u00fcy\u00fc\u015f i\u00e7in Nemli ormana gidiyoruz ve gezimizin ba\u015flad\u0131\u011f\u0131 yere geri d\u00f6n\u00fcyoruz.<\/p>\n<\/div>\n<p>&nbsp;<\/p>\n<h4><em><strong>Ne getirmelisin?<\/strong><\/em><\/h4>\n<ul>\n<li style=\"font-weight: 400;\"><span style=\"font-weight: 400;\">Kamera<\/span><\/li>\n<li style=\"font-weight: 400;\"><span style=\"font-weight: 400;\">Kovucu tomurcuklar<\/span><\/li>\n<li style=\"font-weight: 400;\"><span style=\"font-weight: 400;\">G\u00fcne\u015f kremi<\/span><\/li>\n<li style=\"font-weight: 400;\"><span style=\"font-weight: 400;\">\u015eapka<\/span><\/li>\n<li style=\"font-weight: 400;\"><span style=\"font-weight: 400;\">rahat pantolon<\/span><\/li>\n<li style=\"font-weight: 400;\"><span style=\"font-weight: 400;\">Orman i\u00e7in y\u00fcr\u00fcy\u00fc\u015f ayakkab\u0131s\u0131<\/span><\/li>\n<li style=\"font-weight: 400;\"><span style=\"font-weight: 400;\">Bahar b\u00f6lgelerine sandalet.<\/span><\/li>\n<li style=\"font-weight: 400;\"><span style=\"font-weight: 400;\">Y\u00fczme giysileri<\/span><\/li>\n<\/ul>\n<p>&nbsp;<\/p>\n<h4><b><i>otelden alma <\/i><\/b><\/h4>\n<p><span style=\"font-weight: 400;\">E\u011fer i\u00e7indeyseniz, otelden alma hizmeti sunulur. <a href=\"https:\/\/www.boattoursamana.com\/tr\/tur\/sabana-de-la-mardan-kano-hondo-at-los-haitises-milli-park-ogle-yemegi-2\/\">Paraiso Cano Hondo<\/a> veya <a href=\"https:\/\/www.boattoursamana.com\/tr\/tur\/sabana-de-la-mardan-kano-hondo-at-los-haitises-milli-park-ogle-yemegi-2\/\">Altos Cano Hondo Otel<\/a>. Bulu\u015fma noktam\u0131z bu otellerden 5 dakikal\u0131k y\u00fcr\u00fcme mesafesindedir.<\/span><\/p>\n<p>&nbsp;<\/p>\n<p><b>Not:<\/b><span style=\"font-weight: 400;\"> tur\/Gezi hareket saatinden sonraki 24 saat i\u00e7inde rezervasyon yap\u0131yorsan\u0131z, Cano Hondo otellerinde de\u011filseniz ekstra \u00dccretler kar\u015f\u0131l\u0131\u011f\u0131nda otelden alma ayarlayabiliriz. Sat\u0131n alma i\u015fleminiz tamamland\u0131\u011f\u0131nda, teslim alma d\u00fczenlemelerini organize etmesi i\u00e7in size yerel Tur rehberimizin eksiksiz ileti\u015fim bilgilerini (telefon numaras\u0131, e-posta adresi vb.) g\u00f6nderece\u011fiz.<\/span><\/p>\n<h4><b><i>Ek Bilgi Onay\u0131 <\/i><\/b><\/h4>\n<ol>\n<li>Biletler, bu Turu \u00f6dedikten sonra Makbuzdur. \u00d6demeyi telefonunuzda g\u00f6sterebilirsiniz.<\/li>\n<li style=\"font-weight: 400;\"><span style=\"font-weight: 400;\">Bulu\u015fma Noktas\u0131 Rezervasyon \u0130\u015fleminden Sonra Al\u0131nacakt\u0131r.<\/span><\/li>\n<li style=\"font-weight: 400;\"><span style=\"font-weight: 400;\">\u00c7ocuklara bir yeti\u015fkin e\u015flik etmelidir.<\/span><\/li>\n<li style=\"font-weight: 400;\"><span style=\"font-weight: 400;\"> Tekerlekli sandalye eri\u015fimine uygun de\u011fil <\/span><\/li>\n<li style=\"font-weight: 400;\"><span style=\"font-weight: 400;\">Bebekler kuca\u011fa oturmal\u0131 <\/span><\/li>\n<li style=\"font-weight: 400;\"><span style=\"font-weight: 400;\">S\u0131rt sorunu olan gezginler i\u00e7in \u00f6nerilmez<\/span><\/li>\n<li style=\"font-weight: 400;\"><span style=\"font-weight: 400;\">Hamile gezginler i\u00e7in \u00f6nerilmez <\/span><\/li>\n<li style=\"font-weight: 400;\"><span style=\"font-weight: 400;\"> Kalp problemi veya di\u011fer ciddi t\u0131bbi durumlar yok <\/span><\/li>\n<li style=\"font-weight: 400;\"><span style=\"font-weight: 400;\">\u00c7o\u011fu gezgin kat\u0131labilir<\/span><\/li>\n<\/ol>\n<h4><b><i>\u0130ptal politikas\u0131<\/i><\/b><\/h4>\n<p>Tam para iadesi i\u00e7in l\u00fctfen \u0130ptal politikalar\u0131m\u0131z\u0131 okuyun\u00a0<a href=\"https:\/\/www.boattoursamana.com\/tr\/cevrimici-rezervasyon\/\" target=\"_blank\" rel=\"noopener\" data-saferedirecturl=\"https:\/\/www.google.com\/url?q=https:\/\/www.boattoursamana.com\/online-booking\/&amp;source=gmail&amp;ust=1672529771100000&amp;usg=AOvVaw2NIGJBZ0qjB5RhPUl5Obc7\">Buraya T\u0131kla<\/a>. Seyahatle ayn\u0131 g\u00fcn rezervasyon iptal edilirse para kaybedilecektir.<\/p>\n\n\t\t<\/div>\n\t<\/div>\n<div class=\"vc_btn3-container vc_btn3-inline\" ><button class=\"vc_general vc_btn3 vc_btn3-size-md vc_btn3-shape-rounded vc_btn3-style-modern vc_btn3-color-green\">REZERVASYON YAP<\/button><\/div><\/div><\/div><\/div><\/div><div class=\"vc_row wpb_row vc_row-fluid\" ><div class=\"wpb_column vc_column_container vc_col-sm-12\"><div class=\"vc_column-inner\"><div class=\"wpb_wrapper\"><div class=\"vc_empty_space\"   style=\"height: 32px\"><span class=\"vc_empty_space_inner\"><\/span><\/div>\n\t<div class=\"wpb_video_widget wpb_content_element vc_clearfix   vc_video-aspect-ratio-169 vc_video-el-width-100 vc_video-align-left\" >\n\t\t<div class=\"wpb_wrapper\">\n\t\t\t\n\t\t\t<div class=\"wpb_video_wrapper\"><iframe loading=\"lazy\" title=\"Los Haitises Ulusal Park\u0131, Samana veya Sabana de la Mar&#039;dan Turlar ve Geziler. Buradan Rezervasyon Yap\u0131n:\" src=\"https:\/\/player.vimeo.com\/video\/346508015?dnt=1&amp;app_id=122963\" width=\"1100\" height=\"619\" frameborder=\"0\" allow=\"autoplay; fullscreen\" allowfullscreen><\/iframe><\/div>\n\t\t<\/div>\n\t<\/div>\n<\/div><\/div><\/div><\/div><div class=\"vc_row wpb_row vc_row-fluid\" ><div class=\"wpb_column vc_column_container vc_col-sm-12\"><div class=\"vc_column-inner\"><div class=\"wpb_wrapper\"><div class=\"vc_empty_space\"   style=\"height: 32px\"><span class=\"vc_empty_space_inner\"><\/span><\/div>\n\t<div class=\"wpb_text_column wpb_content_element\" >\n\t\t<div class=\"wpb_wrapper\">\n\t\t\t<h4>Bize Ula\u015f\u0131n?<\/h4>\n<h5>Rezervasyon Maceralar\u0131<\/h5>\n<p><em><strong>Yerliler<\/strong>\u00a0ve\u00a0<strong>uyruklular<\/strong>\u00a0Tur Rehberleri ve Misafir Hizmetleri<\/em><\/p>\n<p><span class=\"text-turquoise\">Rezervasyonlar:<\/span>\u00a0Dom s\u0131n\u0131rlar\u0131ndaki Turlar ve Geziler temsilci<\/p>\n<p><img decoding=\"async\" class=\"emoji\" draggable=\"false\" src=\"https:\/\/s.w.org\/images\/core\/emoji\/11.2.0\/svg\/1f4de.svg\" alt=\"\ud83d\udcde\" title=\"\">\u00a0Tel \/ Naber\u00a0\u00a0<a href=\"tel:+1-809-720-6035\">+1-809-720-6035<\/a>.<\/p>\n<p><img decoding=\"async\" class=\"emoji\" draggable=\"false\" src=\"https:\/\/s.w.org\/images\/core\/emoji\/11.2.0\/svg\/1f4e9.svg\" alt=\"\ud83d\udce9\" title=\"\">\u00a0<a href=\"mailto:info@bookingadventures.com.do\">info@bookingadventures.com.do<\/a><\/p>\n<p><strong>Whatsapp ile Esnek \u00d6zel Turlar Ayarl\u0131yoruz:\u00a0<a href=\"tel:+18097206035\">+18097206035.<\/a><\/strong><\/p>\n\n\t\t<\/div>\n\t<\/div>\n<div class=\"vc_empty_space\"   style=\"height: 32px\"><span class=\"vc_empty_space_inner\"><\/span><\/div><\/div><\/div><\/div><\/div><div class=\"vc_row wpb_row vc_row-fluid\" ><div class=\"wpb_column vc_column_container vc_col-sm-12\"><div class=\"vc_column-inner\"><div class=\"wpb_wrapper\"><div class=\"vc_btn3-container vc_btn3-inline\" ><button class=\"vc_general vc_btn3 vc_btn3-size-md vc_btn3-shape-rounded vc_btn3-style-modern vc_btn3-color-green\">REZERVASYON YAP<\/button><\/div><\/div><\/div><\/div><\/div>","protected":false},"excerpt":{"rendered":"<p><span style=\"vertical-align: inherit;\"><span style=\"vertical-align: inherit;\">\u00a1Y aqu\u00ed vamos! <\/span><span style=\"vertical-align: inherit;\">\u0130lk olarak, Mogotes&#039;un da\u011f \u00e7ana\u011f\u0131 adas\u0131n\u0131n muazzam koleksiyonuna kar\u015f\u0131 koyabilirsiniz. <\/span><span style=\"vertical-align: inherit;\">encima de ellos de 700 m\u00e1s de plantas ve bir\u00e7ok humedales que can queredor. <\/span><span style=\"vertical-align: inherit;\">Daha sonra, 750 y\u0131l \u00f6nce yerli topluluklar\u0131n resim resimlerini ziyaret edin.<\/span><\/span><\/p>\n<p><span style=\"vertical-align: inherit;\"><span style=\"vertical-align: inherit;\">Adem\u00e1s, Parque Nacional Haitises&#039;i ziyaret etmek i\u00e7in en \u00f6nemli ziyaretlerinizden biri. <\/span><span style=\"vertical-align: inherit;\">En \u00e7ok Line Cave ve Sand Cave ziyaret edilebilir. <\/span><span style=\"vertical-align: inherit;\">Los Haitises Parque Nacional&#039;in kalabal\u0131k havas\u0131nda, Ulusal Parque&#039;yi ziyaret eden birka\u00e7 saat, 2 saat caminata tatili, yeni geziler i\u00e7in en iyi e\u011flenceler. <\/span><span style=\"vertical-align: inherit;\">Bol boleto sat\u0131n al\u0131n ve Parque Nacional Haitises&#039;in tarih\u00e7esini s\u00fcsleyen e\u011flencelerle dolu.<\/span><\/span><\/p>\n<p>&nbsp;<\/p>\n<p><strong><span style=\"vertical-align: inherit;\"><span style=\"vertical-align: inherit;\">Tur i\u00e7in bir masa se\u00e7in\u00a0<\/span><\/span><\/strong><\/p>","protected":false},"featured_media":8192,"template":"","meta":[],"product_cat":[254,946,928,927,255],"product_tag":[584,172,176,174,173,180,571,177,171,580,603,320,499,212,175,181],"class_list":["post-8858","product","type-product","status-publish","has-post-thumbnail","hentry","product_cat-tours-excursions-los-haitises-national-park","product_cat-1-sabana-de-la-mar","product_cat-boat-trip-los-haitises","product_cat-hiking-los-haitises","product_cat-tours-excursions-samana-bay-dominican-republic","product_tag-birding-in-los-haitises","product_tag-boat-tour","product_tag-cano-hondo","product_tag-eco-tours","product_tag-excursion","product_tag-hiking","product_tag-hiking-los-haitises","product_tag-locals-guides","product_tag-los-haitises","product_tag-los-haitises-excursions","product_tag-los-haitises-from-samana","product_tag-los-haitises-national-park-tour","product_tag-los-haitises-sabana-de-la-mar","product_tag-mangroves-los-haitises","product_tag-sabana-de-la-mar","product_tag-trails"],"_links":{"self":[{"href":"https:\/\/www.boattoursamana.com\/tr\/wp-json\/wp\/v2\/product\/8858","targetHints":{"allow":["GET"]}}],"collection":[{"href":"https:\/\/www.boattoursamana.com\/tr\/wp-json\/wp\/v2\/product"}],"about":[{"href":"https:\/\/www.boattoursamana.com\/tr\/wp-json\/wp\/v2\/types\/product"}],"wp:featuredmedia":[{"embeddable":true,"href":"https:\/\/www.boattoursamana.com\/tr\/wp-json\/wp\/v2\/media\/8192"}],"wp:attachment":[{"href":"https:\/\/www.boattoursamana.com\/tr\/wp-json\/wp\/v2\/media?parent=8858"}],"wp:term":[{"taxonomy":"product_cat","embeddable":true,"href":"https:\/\/www.boattoursamana.com\/tr\/wp-json\/wp\/v2\/product_cat?post=8858"},{"taxonomy":"product_tag","embeddable":true,"href":"https:\/\/www.boattoursamana.com\/tr\/wp-json\/wp\/v2\/product_tag?post=8858"}],"curies":[{"name":"wp","href":"https:\/\/api.w.org\/{rel}","templated":true}]}}