{"id":9250,"date":"2019-08-08T07:44:23","date_gmt":"2019-08-08T07:44:23","guid":{"rendered":"https:\/\/www.ticketswhales.com\/?post_type=product&#038;p=9250"},"modified":"2023-03-21T10:45:59","modified_gmt":"2023-03-21T10:45:59","slug":"los-haitises-tour-from-santo-domingo-samana-or-sabana-de-la-mar-full-day-trip","status":"publish","type":"product","link":"https:\/\/www.boattoursamana.com\/tr\/tur\/santo-domingo-samana-veya-sabana-de-la-mar-dan-los-haitises-turu-tam-gunluk-gezi-2","title":{"rendered":"Santo Domingo, Saman\u00e1 veya Sabana de la Mar&#039;dan Los Haitises Turu. Tam G\u00fcn Gezi."},"content":{"rendered":"<div class=\"vc_row wpb_row vc_row-fluid\" ><div class=\"wpb_column vc_column_container vc_col-sm-12\"><div class=\"vc_column-inner\"><div class=\"wpb_wrapper\"><div class=\"mkdf-section-title-holder\" style=\"text-align: left\">\n\t<div class=\"mkdf-st-inner\">\n\t\t\t\t\t<h5 class=\"mkdf-st-subtitle\" >\n\t\t\t\tUla\u015f\u0131m &amp; \u00d6\u011fle Yeme\u011fi Dahil\t\t\t<\/h5>\n\t\t\t\t\t\t\t<h3 class=\"mkdf-st-title\" >\n\t\t\t\tSanto domingo&#039;dan Los Haitises Ulusal Park\u0131 Turu. tam G\u00fcnl\u00fck Gezi.\t\t\t<\/h3>\n\t\t\t\t\t<\/div>\n<\/div><\/div><\/div><\/div><\/div><div class=\"vc_row wpb_row vc_row-fluid\" ><div class=\"wpb_column vc_column_container vc_col-sm-12\"><div class=\"vc_column-inner\"><div class=\"wpb_wrapper\"><div class=\"vc_btn3-container vc_btn3-inline\" ><button class=\"vc_general vc_btn3 vc_btn3-size-md vc_btn3-shape-rounded vc_btn3-style-modern vc_btn3-color-green\">REZERVASYON YAP<\/button><\/div>\n\t<div class=\"wpb_text_column wpb_content_element\" >\n\t\t<div class=\"wpb_wrapper\">\n\t\t\t<h3><\/h3>\n<h4><b><i>genel bak\u0131\u015f <\/i><\/b><\/h4>\n<p>Santo Domingo&#039;dan Los Haitises Ulusal Park\u0131 Turu. Tam G\u00fcn Gezi. Santo Domingo, Boca Chica veya Juan Dolio&#039;daki otelinizden ba\u015flayarak. Tekne veya Katamaran&#039;\u0131n bizi Los Haitises Ulusal Park\u0131&#039;na g\u00f6t\u00fcrece\u011fi Samana koyuna gidece\u011fiz. Yerel bir tur rehberi ile Mangrovlar\u0131, Ma\u011faralar\u0131, Piktograflar\u0131 ve Los Haitises milli park\u0131n\u0131n en g\u00fczel yerlerini ziyaret etmek.<\/p>\n<p>Bu deneyimden sonra, sizi ald\u0131\u011f\u0131m\u0131z Santo Domingo&#039;ya geri d\u00f6neceksiniz.<\/p>\n<ul>\n<li style=\"font-weight: 400;\">\u00dccretler dahil<\/li>\n<li>\u00d6\u011fle yeme\u011fi<\/li>\n<li>at\u0131\u015ft\u0131rmal\u0131klar<\/li>\n<li style=\"font-weight: 400;\">\u0130ngilizce veya Frans\u0131zca Yerel Tur Rehberi<\/li>\n<li>Toplu ta\u015f\u0131ma<\/li>\n<li>Bot gezisi<\/li>\n<\/ul>\n<p>&nbsp;<\/p>\n<h4><b>Dahil Edilenler ve Hari\u00e7 Tutulanlar<\/b><\/h4>\n<p>&nbsp;<\/p>\n<p><b>Dahil olanlar<\/b><\/p>\n<ol>\n<li style=\"font-weight: 400;\">Los Haitises Turu + Ma\u011faralar ve Piktograflar<\/li>\n<li>\u00d6\u011fle yeme\u011fi<\/li>\n<li style=\"font-weight: 400;\"><span style=\"font-weight: 400;\">T\u00fcm vergiler, \u00fccretler ve i\u015flem \u00fccretleri<\/span><\/li>\n<li style=\"font-weight: 400;\"><span style=\"font-weight: 400;\">Yerel vergiler<\/span><\/li>\n<li style=\"font-weight: 400;\"><span style=\"font-weight: 400;\">\u0130\u00e7ecekler<\/span><\/li>\n<li>at\u0131\u015ft\u0131rmal\u0131klar<\/li>\n<li style=\"font-weight: 400;\"><span style=\"font-weight: 400;\">T\u00fcm aktiviteler<\/span><\/li>\n<li style=\"font-weight: 400;\"><span style=\"font-weight: 400;\">Yerel rehber<\/span><\/li>\n<\/ol>\n<p><b> \u0130stisnalar<\/b><\/p>\n<ol>\n<li style=\"font-weight: 400;\"><span style=\"font-weight: 400;\">Bah\u015fi\u015fler<\/span><\/li>\n<li style=\"font-weight: 400;\"><span style=\"font-weight: 400;\">Alkoll\u00fc i\u00e7ecekler<\/span><\/li>\n<\/ol>\n<h4><strong>\u00d6zel <em>Tur &amp; Gezi <\/em>Santo Domingo&#039;dan fiyatland\u0131rma:<\/strong><\/h4>\n<p><strong><em>*10 ya\u015f ve alt\u0131 \u00e7ocuklar i\u00e7in seyahat \u00fccretsizdir. (en az 2 yeti\u015fkin)<br \/>\n<\/em><\/strong><\/p>\n<ul>\n<li><strong><em>2 ki\u015filik \u00f6zel Tur ve Gezi: ki\u015fi ba\u015f\u0131 $210 USD<\/em><\/strong><strong><em><br \/>\n<\/em><\/strong><\/li>\n<li><strong><em>3 ki\u015filik \u00f6zel Tur ve Gezi: ki\u015fi ba\u015f\u0131 $160 USD<\/em><\/strong><\/li>\n<li><strong><em>4 ki\u015filik \u00f6zel Tur &amp; Gezi: ki\u015fi ba\u015f\u0131 $130 USD<\/em><\/strong><\/li>\n<li><strong><em>5 ki\u015filik \u00f6zel Tur &amp; Gezi: ki\u015fi ba\u015f\u0131 $105 USD<\/em><\/strong><\/li>\n<li><strong><em>6 ki\u015filik \u00f6zel Tur &amp; Gezi: ki\u015fi ba\u015f\u0131 $100 USD<\/em><\/strong><\/li>\n<li><strong><em>7 ki\u015filik \u00f6zel Tur &amp; Gezi: ki\u015fi ba\u015f\u0131 $90 USD<\/em><\/strong><\/li>\n<li><strong><em>8 ki\u015filik \u00f6zel Tur &amp; Gezi: ki\u015fi ba\u015f\u0131 $80 USD<\/em><\/strong><\/li>\n<li><strong><em>9 ki\u015fi ve \u00fczeri Tur &amp; Gezi: <a href=\"https:\/\/www.boattoursamana.com\/tr\/bize-ulasin\/\">Bize Ula\u015f\u0131n<\/a><\/em><\/strong><\/li>\n<\/ul>\n<p><strong><em>*Seyahat, belirledi\u011finiz saatte ba\u015flar\u00a0\u00a0<\/em><\/strong><\/p>\n<h4><em><strong>Gidi\u015f &amp; D\u00f6n\u00fc\u015f<\/strong><\/em><\/h4>\n<p><span style=\"font-weight: 400;\">Gezgin, Rezervasyon \u0130\u015fleminden sonra bir bulu\u015fma noktas\u0131 alacakt\u0131r. Turlar bulu\u015fma noktalar\u0131n\u0131zda ba\u015flar ve biter.<\/span><\/p>\n<h4><\/h4>\n<h4><\/h4>\n<h3>Santo Domingo&#039;dan Los Haitises Ulusal Park\u0131<\/h3>\n<h4><b><i>Ne bekleyebilece\u011finizi?<\/i><\/b><\/h4>\n<p><em><strong>biletlerinizi al\u0131n<\/strong><\/em> Santo Domingo&#039;dan Los Haitises Ulusal Park\u0131 Turunu ziyaret etti\u011finiz i\u00e7in. Tam G\u00fcn Gezi. Santo Domingo&#039;dan Saman\u00e1 k\u00f6rfezine konforlu bir transferle ba\u015flay\u0131n. Yerel bir tur rehberi e\u015fli\u011finde tekne veya katamaranla limana ula\u015f\u0131m Dominik Cumhuriyeti&#039;nin en g\u00fczel milli parklar\u0131ndan birini ziyaret etmek i\u00e7in Los Haitises, Sabana de la Mar taraf\u0131n\u0131 ziyaret ediyoruz. <strong>Los<em>\u00a0Haiti Milli Park\u0131<\/em>.<\/strong><\/p>\n<p>\u201cBooking Adventures\u201d taraf\u0131ndan d\u00fczenlenen tur, Tur Rehberi ile belirlenen bulu\u015fma noktas\u0131nda ba\u015flar. Booking Adventures ile gelin ve ku\u015flarla dolu mangrovlar\u0131, yemye\u015fil bitki \u00f6rt\u00fcs\u00fcn\u00fcn ini\u015fli \u00e7\u0131k\u0131\u015fl\u0131 tepelerini ve ma\u011faralar\u0131 kontrol etmeye ba\u015flay\u0131n. <em><strong>Los Haitises Milli Park\u0131<\/strong><\/em>. Etrafta ku\u015flarla Ada&#039;y\u0131 ziyaret etmek. Hatta yumurtlama mevsiminde yuvalarda Pelecanos civcivlerini bile g\u00f6rebiliriz. Rocky Adalar\u0131&#039;n\u0131n i\u00e7ine daha fazla girmek ve yerli halktan resim ve petrograflarla Ma\u011faralar\u0131 ziyaret etmek.<\/p>\n<p>Mangrovlar ve a\u00e7\u0131k San Lorenzo K\u00f6rfezi&#039;ndeki Kara boyunca, Sabana de la Mar&#039;dan engebeli orman manzaras\u0131n\u0131 foto\u011fraflayabilirsiniz. fark etmek i\u00e7in suya bak <em><strong>denizay\u0131s\u0131<\/strong><\/em>, kabuklular ve <em><strong>yunuslar.<\/strong><\/em><\/p>\n<div class=\"body-description secondary\">\n<p>Milli park\u0131n ad\u0131, as\u0131l sakinleri olan Taino K\u0131z\u0131lderililerinden gelmektedir. Kendi dillerinde \u201cHaitises\u201d, k\u0131y\u0131 \u015feridinin Kire\u00e7ta\u015fl\u0131 sarp jeolojik olu\u015fumlar\u0131na at\u0131fta bulunarak yaylalar veya Tepeler anlam\u0131na gelir. Cueva San Gabriel gibi ma\u011faralar\u0131 ke\u015ffetmek i\u00e7in park\u0131n derinliklerine inin. <em><strong>Cueva de la Arena, <\/strong><\/em>ve <strong><em>Cueva de la Linea.<\/em><\/strong><\/p>\n<p>Rezervdeki bu Ma\u011faralar, Taino K\u0131z\u0131lderilileri taraf\u0131ndan s\u0131\u011f\u0131nak olarak ve daha sonra korsanlar\u0131 saklayarak kullan\u0131ld\u0131. Baz\u0131 duvarlar\u0131 s\u00fcsleyen K\u0131z\u0131lderili \u00e7izimlerine bak\u0131n. Los Haitises Ulusal Park\u0131&#039;n\u0131 ziyaret ettikten sonra \u00f6\u011fle yeme\u011fi i\u00e7in Samana veya Sabana de la mar&#039;a geri d\u00f6nece\u011fiz.<\/p>\n<p>Tipik bir \u00f6\u011fle yeme\u011fi yiyece\u011fiz, e\u011fer vegansan\u0131z merak etmeyin sizin i\u00e7in de yeme\u011fimiz var!<\/p>\n<p>\u00d6\u011fle yeme\u011finden sonra Santo Domingo&#039;ya d\u00f6n\u00fcyoruz!!<\/p>\n<\/div>\n<p>Bu seyahati daha uzun veya daha k\u0131sa isterseniz \u015fu se\u00e7eneklere sahibiz:<\/p>\n<ol>\n<li><a href=\"https:\/\/www.boattoursamana.com\/tr\/tur\/the-haitises-national-park-tour-from-samana-port\/\">Saman\u00e1 Liman\u0131&#039;ndan sadece Los Haitises.<\/a><\/li>\n<li><a href=\"https:\/\/www.boattoursamana.com\/tr\/tur\/los-haitises-milli-park-samana-limanindan-cano-hondo-at-ogle-yemegi-2\/\">Saman\u00e1 Liman\u0131&#039;ndan Los Haitises + Ca\u00f1o Hondo.<\/a><\/li>\n<\/ol>\n<p>&nbsp;<\/p>\n<h4><em><strong>Ne getirmelisin?<\/strong><\/em><\/h4>\n<ul>\n<li style=\"font-weight: 400;\"><span style=\"font-weight: 400;\">Kamera<\/span><\/li>\n<li style=\"font-weight: 400;\"><span style=\"font-weight: 400;\">Kovucu tomurcuklar<\/span><\/li>\n<li style=\"font-weight: 400;\"><span style=\"font-weight: 400;\">G\u00fcne\u015f kremi<\/span><\/li>\n<li style=\"font-weight: 400;\"><span style=\"font-weight: 400;\">\u015eapka<\/span><\/li>\n<li style=\"font-weight: 400;\"><span style=\"font-weight: 400;\">rahat pantolon<\/span><\/li>\n<li style=\"font-weight: 400;\"><span style=\"font-weight: 400;\">Orman i\u00e7in y\u00fcr\u00fcy\u00fc\u015f ayakkab\u0131s\u0131<\/span><\/li>\n<li style=\"font-weight: 400;\"><span style=\"font-weight: 400;\">Bahar b\u00f6lgelerine sandalet.<\/span><\/li>\n<li style=\"font-weight: 400;\"><span style=\"font-weight: 400;\">Y\u00fczme giysileri<\/span><\/li>\n<\/ul>\n<p>&nbsp;<\/p>\n<h4><b><i>otelden alma <\/i><\/b><\/h4>\n<p><span style=\"font-weight: 400;\">Bu tur i\u00e7in otelden alma hizmeti sunulmamaktad\u0131r. <\/span><\/p>\n<p>&nbsp;<\/p>\n<p><b>Not:<\/b><span style=\"font-weight: 400;\"> Tur\/Gezi hareket saatinden sonraki 24 saat i\u00e7inde rezervasyon yap\u0131yorsan\u0131z, ek \u00fccret kar\u015f\u0131l\u0131\u011f\u0131nda otelden alma ayarlayabiliriz. Sat\u0131n alma i\u015fleminiz tamamland\u0131\u011f\u0131nda, teslim alma d\u00fczenlemelerini organize etmesi i\u00e7in size yerel Tur rehberimizin eksiksiz ileti\u015fim bilgilerini (telefon numaras\u0131, e-posta adresi vb.) g\u00f6nderece\u011fiz.<\/span><\/p>\n<h4><b><i>Ek Bilgi Onay\u0131 <\/i><\/b><\/h4>\n<ol>\n<li>Biletler, bu Turu \u00f6dedikten sonra Makbuzdur. \u00d6demeyi telefonunuzda g\u00f6sterebilirsiniz.<\/li>\n<li style=\"font-weight: 400;\"><span style=\"font-weight: 400;\">Bulu\u015fma Noktas\u0131 Rezervasyon \u0130\u015fleminden Sonra Al\u0131nacakt\u0131r.<\/span><\/li>\n<li style=\"font-weight: 400;\"><span style=\"font-weight: 400;\">\u00c7ocuklara bir yeti\u015fkin e\u015flik etmelidir.<\/span><\/li>\n<li style=\"font-weight: 400;\"><span style=\"font-weight: 400;\"> Tekerlekli sandalye eri\u015fimine uygun de\u011fil <\/span><\/li>\n<li style=\"font-weight: 400;\"><span style=\"font-weight: 400;\">Bebekler kuca\u011fa oturmal\u0131 <\/span><\/li>\n<li style=\"font-weight: 400;\"><span style=\"font-weight: 400;\">S\u0131rt sorunu olan gezginler i\u00e7in \u00f6nerilmez<\/span><\/li>\n<li style=\"font-weight: 400;\"><span style=\"font-weight: 400;\">Hamile gezginler i\u00e7in \u00f6nerilmez <\/span><\/li>\n<li style=\"font-weight: 400;\"><span style=\"font-weight: 400;\"> Kalp problemi veya di\u011fer ciddi t\u0131bbi durumlar yok <\/span><\/li>\n<li style=\"font-weight: 400;\"><span style=\"font-weight: 400;\">\u00c7o\u011fu gezgin kat\u0131labilir<\/span><\/li>\n<\/ol>\n<h4><b><i>\u0130ptal politikas\u0131<\/i><\/b><\/h4>\n<p>Tam para iadesi i\u00e7in l\u00fctfen \u0130ptal politikalar\u0131m\u0131z\u0131 okuyun\u00a0<a href=\"https:\/\/www.boattoursamana.com\/tr\/cevrimici-rezervasyon\/\" target=\"_blank\" rel=\"noopener\" data-saferedirecturl=\"https:\/\/www.google.com\/url?q=https:\/\/www.boattoursamana.com\/online-booking\/&amp;source=gmail&amp;ust=1672449202351000&amp;usg=AOvVaw1yAeVAPktmaVCqDujgUn90\">Buraya T\u0131kla<\/a>. Seyahatle ayn\u0131 g\u00fcn rezervasyon iptal edilirse para kaybedilecektir.<\/p>\n\n\t\t<\/div>\n\t<\/div>\n<div class=\"vc_btn3-container vc_btn3-inline\" ><button class=\"vc_general vc_btn3 vc_btn3-size-md vc_btn3-shape-rounded vc_btn3-style-modern vc_btn3-color-green\">REZERVASYON YAP<\/button><\/div><\/div><\/div><\/div><\/div><div class=\"vc_row wpb_row vc_row-fluid\" ><div class=\"wpb_column vc_column_container vc_col-sm-12\"><div class=\"vc_column-inner\"><div class=\"wpb_wrapper\">\n\t<div class=\"wpb_video_widget wpb_content_element vc_clearfix   vc_video-aspect-ratio-169 vc_video-el-width-100 vc_video-align-left\" >\n\t\t<div class=\"wpb_wrapper\">\n\t\t\t\n\t\t\t<div class=\"wpb_video_wrapper\"><iframe loading=\"lazy\" title=\"Los Haitises Ulusal Park\u0131, Samana veya Sabana de la Mar&#039;dan Turlar ve Geziler. Buradan Rezervasyon Yap\u0131n:\" src=\"https:\/\/player.vimeo.com\/video\/346508015?dnt=1&amp;app_id=122963\" width=\"1100\" height=\"619\" frameborder=\"0\" allow=\"autoplay; fullscreen\" allowfullscreen><\/iframe><\/div>\n\t\t<\/div>\n\t<\/div>\n<\/div><\/div><\/div><\/div><div class=\"vc_row wpb_row vc_row-fluid\" ><div class=\"wpb_column vc_column_container vc_col-sm-12\"><div class=\"vc_column-inner\"><div class=\"wpb_wrapper\"><div class=\"vc_empty_space\"   style=\"height: 32px\"><span class=\"vc_empty_space_inner\"><\/span><\/div>\n\t<div class=\"wpb_text_column wpb_content_element\" >\n\t\t<div class=\"wpb_wrapper\">\n\t\t\t<h4>Bize Ula\u015f\u0131n?<\/h4>\n<h5>Rezervasyon Maceralar\u0131<\/h5>\n<p><em><strong>Yerliler<\/strong>\u00a0ve\u00a0<strong>uyruklular<\/strong>\u00a0Tur Rehberleri ve Misafir Hizmetleri<\/em><\/p>\n<p><span class=\"text-turquoise\">Rezervasyonlar:<\/span>\u00a0Dom s\u0131n\u0131rlar\u0131ndaki Turlar ve Geziler temsilci<\/p>\n<p><img decoding=\"async\" class=\"emoji\" draggable=\"false\" src=\"https:\/\/s.w.org\/images\/core\/emoji\/11.2.0\/svg\/1f4de.svg\" alt=\"\ud83d\udcde\" title=\"\">\u00a0Tel \/ Naber\u00a0\u00a0<a href=\"tel:+1-809-720-6035\">+1-809-720-6035<\/a>.<\/p>\n<p><img decoding=\"async\" class=\"emoji\" draggable=\"false\" src=\"https:\/\/s.w.org\/images\/core\/emoji\/11.2.0\/svg\/1f4e9.svg\" alt=\"\ud83d\udce9\" title=\"\">\u00a0<a href=\"mailto:info@bookingadventures.com.do\">info@bookingadventures.com.do<\/a><\/p>\n<p><strong>Whatsapp ile Esnek \u00d6zel Turlar Ayarl\u0131yoruz:\u00a0<a href=\"tel:+18097206035\">+18097206035.<\/a><\/strong><\/p>\n\n\t\t<\/div>\n\t<\/div>\n<div class=\"vc_empty_space\"   style=\"height: 32px\"><span class=\"vc_empty_space_inner\"><\/span><\/div><\/div><\/div><\/div><\/div><div class=\"vc_row wpb_row vc_row-fluid\" ><div class=\"wpb_column vc_column_container vc_col-sm-12\"><div class=\"vc_column-inner\"><div class=\"wpb_wrapper\"><div class=\"vc_btn3-container vc_btn3-inline\" ><button class=\"vc_general vc_btn3 vc_btn3-size-md vc_btn3-shape-rounded vc_btn3-style-modern vc_btn3-color-green\">REZERVASYON YAP<\/button><\/div><\/div><\/div><\/div><\/div>","protected":false},"excerpt":{"rendered":"<p>Santo Domingo&#039;dan Los Haitises Ulusal Park\u0131&#039;na yap\u0131lan bu gezi, ana ma\u011faralar\u0131 ziyaret i\u00e7in \u00d6\u011fle Yeme\u011fi ve Ula\u015f\u0131m, 2 farkl\u0131 mangrov ekosisteminin ke\u015ffi ve tabii ki bal\u0131k tutma ku\u015f g\u00f6zlemcili\u011fini i\u00e7erir.<\/p>\n<p>Do\u011fa bilimci bir Tur rehberi ile Los Haitises Ulusal Park\u0131 gezisi. Los Haitises Ulusal Park\u0131&#039;ndaki Cays&#039;i, Mangrovlar\u0131, Bitki \u00d6rt\u00fcs\u00fcn\u00fc, Ku\u015f G\u00f6zlemcili\u011fini, Ma\u011faralar\u0131, Piktograflar\u0131 ve Los Haitises Ulusal Park\u0131&#039;ndaki Sabana de la Mar&#039;\u0131n tarihi b\u00f6lgelerini ziyaret etmek.<\/p>\n<p>&nbsp;<\/p>\n<p><strong>L\u00fctfen Tur tarihini se\u00e7iniz:\u00a0<\/strong><\/p>","protected":false},"featured_media":13216,"template":"","meta":[],"product_cat":[329,946,928,253],"product_tag":[268,267,171,209,212,269],"class_list":["post-9250","product","type-product","status-publish","has-post-thumbnail","hentry","product_cat-los-haitises-tour-from-santo-domingo","product_cat-1-sabana-de-la-mar","product_cat-boat-trip-los-haitises","product_cat-tours-and-excursions","product_tag-caves-los-haitises","product_tag-las-terrenas","product_tag-los-haitises","product_tag-los-haitises-national-park","product_tag-mangroves-los-haitises","product_tag-transportation-los-haitises"],"_links":{"self":[{"href":"https:\/\/www.boattoursamana.com\/tr\/wp-json\/wp\/v2\/product\/9250","targetHints":{"allow":["GET"]}}],"collection":[{"href":"https:\/\/www.boattoursamana.com\/tr\/wp-json\/wp\/v2\/product"}],"about":[{"href":"https:\/\/www.boattoursamana.com\/tr\/wp-json\/wp\/v2\/types\/product"}],"wp:featuredmedia":[{"embeddable":true,"href":"https:\/\/www.boattoursamana.com\/tr\/wp-json\/wp\/v2\/media\/13216"}],"wp:attachment":[{"href":"https:\/\/www.boattoursamana.com\/tr\/wp-json\/wp\/v2\/media?parent=9250"}],"wp:term":[{"taxonomy":"product_cat","embeddable":true,"href":"https:\/\/www.boattoursamana.com\/tr\/wp-json\/wp\/v2\/product_cat?post=9250"},{"taxonomy":"product_tag","embeddable":true,"href":"https:\/\/www.boattoursamana.com\/tr\/wp-json\/wp\/v2\/product_tag?post=9250"}],"curies":[{"name":"wp","href":"https:\/\/api.w.org\/{rel}","templated":true}]}}