{"id":9252,"date":"2019-08-08T10:17:22","date_gmt":"2019-08-08T10:17:22","guid":{"rendered":"https:\/\/www.ticketswhales.com\/?post_type=product&#038;p=9252"},"modified":"2023-03-21T10:49:35","modified_gmt":"2023-03-21T10:49:35","slug":"hiking-boca-del-diablo-mouth-of-the-devil-to-fronton-beach-samana-day-trip","status":"publish","type":"product","link":"https:\/\/www.boattoursamana.com\/tr\/tur\/yuruyus-boca-del-diablo-seytanin-agzindan-fronton-sahil-samana-gunluk-gezi","title":{"rendered":"El Fronton (Y\u00fcr\u00fcy\u00fc\u015f ve Y\u00fczme)"},"content":{"rendered":"<div class=\"vc_row wpb_row vc_row-fluid\" ><div class=\"wpb_column vc_column_container vc_col-sm-12\"><div class=\"vc_column-inner\"><div class=\"wpb_wrapper\"><\/div><\/div><\/div><\/div><div class=\"vc_row wpb_row vc_row-fluid\" ><div class=\"wpb_column vc_column_container vc_col-sm-12\"><div class=\"vc_column-inner\"><div class=\"wpb_wrapper\"><div class=\"vc_btn3-container vc_btn3-inline\" ><button class=\"vc_general vc_btn3 vc_btn3-size-md vc_btn3-shape-rounded vc_btn3-style-modern vc_btn3-color-green\">REZERVASYON YAP<\/button><\/div><div class=\"mkdf-section-title-holder\" style=\"text-align: left\">\n\t<div class=\"mkdf-st-inner\">\n\t\t\t\t\t<h5 class=\"mkdf-st-subtitle\" >\n\t\t\t\tDo\u011fa y\u00fcr\u00fcy\u00fc\u015f\u00fc\t\t\t<\/h5>\n\t\t\t\t\t\t\t<h3 class=\"mkdf-st-title\" >\n\t\t\t\tBoca del Diablo &#039;\u015eeytan\u0131n A\u011fz\u0131&#039;, Fronton Plaj\u0131&#039;na, Samana&#039;ya g\u00fcn\u00fcbirlik gezi.\t\t\t<\/h3>\n\t\t\t\t\t<\/div>\n<\/div>\n\t<div class=\"wpb_text_column wpb_content_element\" >\n\t\t<div class=\"wpb_wrapper\">\n\t\t\t<h3>Boca del Diablo &#039;\u015eeytan\u0131n A\u011fz\u0131&#039; Y\u00fcr\u00fcy\u00fc\u015f\u00fc, Fronton Plaj\u0131, Samana g\u00fcn\u00fcbirlik gezi.<\/h3>\n<h4><b><i>genel bak\u0131\u015f <\/i><\/b><\/h4>\n<p>Gezi, Las Galeras, Samana&#039;daki bulu\u015fma noktam\u0131zda ba\u015fl\u0131yor. Samana&#039;daki en beklentili y\u00fcr\u00fcy\u00fc\u015f. \u0130spanyol Boca Del Diablo&#039;da \u015eeytan\u0131n A\u011fz\u0131n\u0131 Ziyaret Etmek, Kayalar\u0131n alt\u0131nda su bask\u0131s\u0131 ile s\u00fcz\u00fclen G\u00fcr\u00fclt\u00fc. Marmolit ma\u011faralar\u0131n\u0131 ve Boca del Diablo&#039;yu ziyaret ettikten sonra, Dominik Cumhuriyeti&#039;nin en muhte\u015fem plajlar\u0131ndan birine kadar hindistancevizi orman\u0131 ve g\u00fczel okyanus manzaras\u0131 e\u015fli\u011finde y\u00fcr\u00fcy\u00fc\u015f\u00fcm\u00fcze devam ediyoruz. Fronton Plaj\u0131.<\/p>\n<p>Bu deneyimden sonra, Las Galeras Toplulu\u011fu&#039;ndaki Bulu\u015fma noktam\u0131za y\u00fcr\u00fcy\u00fc\u015fe geri d\u00f6neceksiniz.<\/p>\n<ul>\n<li style=\"font-weight: 400;\">\u00dccretler dahil<\/li>\n<li>at\u0131\u015ft\u0131rmal\u0131klar<\/li>\n<li style=\"font-weight: 400;\">\u0130ngilizce veya Frans\u0131zca Yerel Tur Rehberi<\/li>\n<li>Do\u011fa y\u00fcr\u00fcy\u00fc\u015f\u00fc<\/li>\n<\/ul>\n<p>&nbsp;<\/p>\n<h4><b>Dahil Edilenler ve Hari\u00e7 Tutulanlar<\/b><\/h4>\n<p>&nbsp;<\/p>\n<p><b>Dahil olanlar<\/b><\/p>\n<ol>\n<li style=\"font-weight: 400;\">Boca del Diablo<\/li>\n<li>Marmolit Ma\u011faralar\u0131<\/li>\n<li>Fronton Plaj\u0131<\/li>\n<li style=\"font-weight: 400;\"><span style=\"font-weight: 400;\">T\u00fcm vergiler, \u00fccretler ve i\u015flem \u00fccretleri<\/span><\/li>\n<li style=\"font-weight: 400;\"><span style=\"font-weight: 400;\">Yerel vergiler<\/span><\/li>\n<li>at\u0131\u015ft\u0131rmal\u0131klar<\/li>\n<li>Do\u011fa y\u00fcr\u00fcy\u00fc\u015f\u00fc<\/li>\n<li style=\"font-weight: 400;\"><span style=\"font-weight: 400;\">T\u00fcm aktiviteler<\/span><\/li>\n<li style=\"font-weight: 400;\"><span style=\"font-weight: 400;\">Yerel rehber<\/span><\/li>\n<\/ol>\n<p><b> \u0130stisnalar<\/b><\/p>\n<ol>\n<li style=\"font-weight: 400;\"><span style=\"font-weight: 400;\">Bah\u015fi\u015fler<\/span><\/li>\n<li>Toplu ta\u015f\u0131ma<\/li>\n<li>\u00d6\u011fle yeme\u011fi<\/li>\n<li style=\"font-weight: 400;\"><span style=\"font-weight: 400;\">Alkoll\u00fc i\u00e7ecekler<\/span><\/li>\n<\/ol>\n<p>&nbsp;<\/p>\n<h4><em><strong>Gidi\u015f &amp; D\u00f6n\u00fc\u015f<\/strong><\/em><\/h4>\n<p><span style=\"font-weight: 400;\">Gezgin, Rezervasyon \u0130\u015fleminden sonra bir bulu\u015fma noktas\u0131 alacakt\u0131r. Turlar bulu\u015fma noktalar\u0131n\u0131zda ba\u015flar ve biter.<\/span><\/p>\n<p>&nbsp;<\/p>\n<h3><\/h3>\n<h4><b><i>Ne bekleyebilece\u011finizi?<\/i><\/b><\/h4>\n<p><em><strong>biletlerinizi al\u0131n<\/strong><\/em> Samana&#039;daki Boca del diablo ve Fronton Beach&#039;i ziyaret etti\u011finiz i\u00e7in. G\u00fcn\u00fcbirlik gezi. Las Galeras&#039;tan ba\u015flayarak, k\u00fc\u00e7\u00fck hindistancevizi a\u011fa\u00e7lar\u0131, manzaralar, da\u011flar, ku\u015flar ve Dominik Cumhuriyeti&#039;nin en g\u00fczel plajlar\u0131ndan biri.<\/p>\n<p>\u201cBooking Adventures\u201d taraf\u0131ndan d\u00fczenlenen tur, Tur Rehberi ile belirlenen bulu\u015fma noktas\u0131nda ba\u015flar. Booking Adventures ile gelin ve b\u00fcy\u00fck dalgalar\u0131n oldu\u011fu havaland\u0131rmal\u0131 bir ma\u011fara olan boca del diablo&#039;da ba\u015flay\u0131n.\u00a0<img decoding=\"async\" class=\"emoji\" draggable=\"false\" src=\"http:\/\/twemoji.maxcdn.com\/16x16\/1f30a.png\" alt=\"\ud83c\udf0a\" title=\"\">\u00a0int \u00e7\u00f6k\u00fcyor ve deniz suyu patlat\u0131l\u0131yor\u00a0<img decoding=\"async\" class=\"emoji\" draggable=\"false\" src=\"http:\/\/twemoji.maxcdn.com\/16x16\/1f4a8.png\" alt=\"\ud83d\udca8\" title=\"\">\u00a0<img decoding=\"async\" class=\"emoji\" draggable=\"false\" src=\"http:\/\/twemoji.maxcdn.com\/16x16\/1f4a6.png\" alt=\"\ud83d\udca6\" title=\"\">\u00a0havaland\u0131rma d\u0131\u015f\u0131nda. B\u00fcy\u00fck dalgalar, i\u00e7 kesimlere do\u011fru esecek kal\u0131c\u0131 bir tuzlu su damlac\u0131klar\u0131 bulutu olu\u015fturacakt\u0131. Biz oradayken dalgalar\u0131n durumu vah\u015fiydi ve epey bir \u015fovumuz oldu.<\/p>\n<div class=\"body-description secondary\">\n<p>Bu deneyimden sonra, en g\u00fczel plajlardan biri olan, farkl\u0131 manzaralar\u0131 boyayan binlerce renk tonuna sahip Fronton Plaj\u0131&#039;na 1 30 dakika y\u00fcr\u00fcy\u00fc\u015f yap\u0131yoruz\u2026 ve burada sahil cephesinde bir istisna yoktur. Etraf\u0131n\u0131zdaki her \u015feye sahipsiniz. . Sakinli\u011fi nas\u0131l hissedemezdim... bulundu\u011fum yerden gelen sessizlik... denizden... b\u00fcy\u00fcl\u00fc bir manzara... kadim da\u011flardan... ebedi g\u00fcne\u015fimizin \u00f6pt\u00fc\u011f\u00fc g\u00fcne\u015f ve onun hi\u00e7 bitmeyen ufku... tepemizdeki g\u00f6ky\u00fcz\u00fc. ve yine de tad\u0131n\u0131 \u00e7\u0131karacak daha \u00e7ok \u015fey var\u2026 orada hissetti\u011fimiz \u015fey bu.<\/p>\n<p>Ek \u00fccret kar\u015f\u0131l\u0131\u011f\u0131nda \u00f6\u011fle yeme\u011fi ve Tekne gezisi ayarlayabiliriz. Fronton Beach&#039;te y\u00fczd\u00fckten sonra bulu\u015fma noktam\u0131za geri d\u00f6n\u00fcyoruz.<\/p>\n<p>&nbsp;<\/p>\n<p>&nbsp;<\/p>\n<\/div>\n<h4><em><strong>Ne getirmelisin?<\/strong><\/em><\/h4>\n<ul>\n<li style=\"font-weight: 400;\"><span style=\"font-weight: 400;\">Kamera<\/span><\/li>\n<li style=\"font-weight: 400;\"><span style=\"font-weight: 400;\">Kovucu tomurcuklar<\/span><\/li>\n<li style=\"font-weight: 400;\"><span style=\"font-weight: 400;\">G\u00fcne\u015f kremi<\/span><\/li>\n<li>su<\/li>\n<li style=\"font-weight: 400;\"><span style=\"font-weight: 400;\">\u015eapka<\/span><\/li>\n<li style=\"font-weight: 400;\"><span style=\"font-weight: 400;\">rahat pantolon<\/span><\/li>\n<li style=\"font-weight: 400;\"><span style=\"font-weight: 400;\">Orman i\u00e7in y\u00fcr\u00fcy\u00fc\u015f ayakkab\u0131s\u0131<\/span><\/li>\n<li style=\"font-weight: 400;\"><span style=\"font-weight: 400;\">Bahar b\u00f6lgelerine sandalet.<\/span><\/li>\n<li style=\"font-weight: 400;\"><span style=\"font-weight: 400;\">Y\u00fczme giysileri<\/span><\/li>\n<\/ul>\n<p>&nbsp;<\/p>\n<h4><b><i>otelden alma <\/i><\/b><\/h4>\n<p><span style=\"font-weight: 400;\">Bu tur i\u00e7in otelden alma hizmeti sunulmamaktad\u0131r. <\/span><\/p>\n<p>&nbsp;<\/p>\n<p><b>Not:<\/b><span style=\"font-weight: 400;\"> Tur\/Gezi hareket saatinden sonraki 24 saat i\u00e7inde rezervasyon yap\u0131yorsan\u0131z, ek \u00fccret kar\u015f\u0131l\u0131\u011f\u0131nda otelden alma ayarlayabiliriz. Sat\u0131n alma i\u015fleminiz tamamland\u0131\u011f\u0131nda, teslim alma d\u00fczenlemelerini organize etmesi i\u00e7in size yerel Tur rehberimizin eksiksiz ileti\u015fim bilgilerini (telefon numaras\u0131, e-posta adresi vb.) g\u00f6nderece\u011fiz.<\/span><\/p>\n<h4><b><i>Ek Bilgi Onay\u0131 <\/i><\/b><\/h4>\n<ol>\n<li>Biletler, bu Turu \u00f6dedikten sonra Makbuzdur. \u00d6demeyi telefonunuzda g\u00f6sterebilirsiniz.<\/li>\n<li style=\"font-weight: 400;\"><span style=\"font-weight: 400;\">Bulu\u015fma Noktas\u0131 Rezervasyon \u0130\u015fleminden Sonra Al\u0131nacakt\u0131r.<\/span><\/li>\n<li style=\"font-weight: 400;\"><span style=\"font-weight: 400;\">\u00c7ocuklara bir yeti\u015fkin e\u015flik etmelidir.<\/span><\/li>\n<li style=\"font-weight: 400;\"><span style=\"font-weight: 400;\"> Tekerlekli sandalye eri\u015fimine uygun de\u011fil <\/span><\/li>\n<li style=\"font-weight: 400;\"><span style=\"font-weight: 400;\">Bebekler kuca\u011fa oturmal\u0131 <\/span><\/li>\n<li style=\"font-weight: 400;\"><span style=\"font-weight: 400;\">S\u0131rt sorunu olan gezginler i\u00e7in \u00f6nerilmez<\/span><\/li>\n<li style=\"font-weight: 400;\"><span style=\"font-weight: 400;\">Hamile gezginler i\u00e7in \u00f6nerilmez <\/span><\/li>\n<li style=\"font-weight: 400;\"><span style=\"font-weight: 400;\"> Kalp problemi veya di\u011fer ciddi t\u0131bbi durumlar yok <\/span><\/li>\n<li style=\"font-weight: 400;\"><span style=\"font-weight: 400;\">\u00c7o\u011fu gezgin kat\u0131labilir<\/span><\/li>\n<\/ol>\n<h4><b><i>\u0130ptal politikas\u0131<\/i><\/b><\/h4>\n<p>Tam para iadesi i\u00e7in l\u00fctfen \u0130ptal politikalar\u0131m\u0131z\u0131 okuyun\u00a0<a href=\"https:\/\/www.boattoursamana.com\/tr\/cevrimici-rezervasyon\/\" target=\"_blank\" rel=\"noopener\" data-saferedirecturl=\"https:\/\/www.google.com\/url?q=https:\/\/www.boattoursamana.com\/online-booking\/&amp;source=gmail&amp;ust=1672449202351000&amp;usg=AOvVaw1yAeVAPktmaVCqDujgUn90\">Buraya T\u0131kla<\/a>. Seyahatle ayn\u0131 g\u00fcn rezervasyon iptal edilirse para kaybedilecektir.<\/p>\n\n\t\t<\/div>\n\t<\/div>\n<div class=\"vc_btn3-container vc_btn3-inline\" ><button class=\"vc_general vc_btn3 vc_btn3-size-md vc_btn3-shape-rounded vc_btn3-style-modern vc_btn3-color-green\">REZERVASYON YAP<\/button><\/div><\/div><\/div><\/div><\/div><div class=\"vc_row wpb_row vc_row-fluid\" ><div class=\"wpb_column vc_column_container vc_col-sm-12\"><div class=\"vc_column-inner\"><div class=\"wpb_wrapper\">\n\t<div class=\"wpb_video_widget wpb_content_element vc_clearfix   vc_video-aspect-ratio-169 vc_video-el-width-100 vc_video-align-left\" >\n\t\t<div class=\"wpb_wrapper\">\n\t\t\t<h2 class=\"wpb_heading wpb_video_heading\">Boca del diablo ve Fronton plaj\u0131<\/h2>\n\t\t\t<div class=\"wpb_video_wrapper\"><iframe loading=\"lazy\" title=\"Saman\u00e1 Yar\u0131madas\u0131, Dominik Cumhuriyeti (DJI Phantom 4 4K)\" width=\"1100\" height=\"619\" src=\"https:\/\/www.youtube.com\/embed\/DYDXVm8Q_iM?feature=oembed\" frameborder=\"0\" allow=\"accelerometer; autoplay; encrypted-media; gyroscope; picture-in-picture\" allowfullscreen><\/iframe><\/div>\n\t\t<\/div>\n\t<\/div>\n<\/div><\/div><\/div><\/div><div class=\"vc_row wpb_row vc_row-fluid\" ><div class=\"wpb_column vc_column_container vc_col-sm-12\"><div class=\"vc_column-inner\"><div class=\"wpb_wrapper\"><div class=\"vc_empty_space\"   style=\"height: 32px\"><span class=\"vc_empty_space_inner\"><\/span><\/div>\n\t<div class=\"wpb_text_column wpb_content_element\" >\n\t\t<div class=\"wpb_wrapper\">\n\t\t\t<h4>Bize Ula\u015f\u0131n?<\/h4>\n<h5>Rezervasyon Maceralar\u0131<\/h5>\n<p><em><strong>Yerliler<\/strong>\u00a0ve\u00a0<strong>uyruklular<\/strong>\u00a0Tur Rehberleri ve Misafir Hizmetleri<\/em><\/p>\n<p><span class=\"text-turquoise\">Rezervasyonlar:<\/span>\u00a0Dom s\u0131n\u0131rlar\u0131ndaki Turlar ve Geziler temsilci<\/p>\n<p><img decoding=\"async\" class=\"emoji\" draggable=\"false\" src=\"https:\/\/s.w.org\/images\/core\/emoji\/11.2.0\/svg\/1f4de.svg\" alt=\"\ud83d\udcde\" title=\"\">\u00a0Tel \/ Naber\u00a0\u00a0<a href=\"tel:+1-809-720-6035\">+1-809-720-6035<\/a>.<\/p>\n<p><img decoding=\"async\" class=\"emoji\" draggable=\"false\" src=\"https:\/\/s.w.org\/images\/core\/emoji\/11.2.0\/svg\/1f4e9.svg\" alt=\"\ud83d\udce9\" title=\"\">\u00a0<a href=\"mailto:info@bookingadventures.com.do\">info@bookingadventures.com.do<\/a><\/p>\n<p><strong>Whatsapp ile Esnek \u00d6zel Turlar Ayarl\u0131yoruz:\u00a0<a href=\"tel:+18097206035\">+18097206035.<\/a><\/strong><\/p>\n\n\t\t<\/div>\n\t<\/div>\n<div class=\"vc_empty_space\"   style=\"height: 32px\"><span class=\"vc_empty_space_inner\"><\/span><\/div><\/div><\/div><\/div><\/div><div class=\"vc_row wpb_row vc_row-fluid\" ><div class=\"wpb_column vc_column_container vc_col-sm-12\"><div class=\"vc_column-inner\"><div class=\"wpb_wrapper\"><div class=\"vc_btn3-container vc_btn3-inline\" ><button class=\"vc_general vc_btn3 vc_btn3-size-md vc_btn3-shape-rounded vc_btn3-style-modern vc_btn3-color-green\">REZERVASYON YAP<\/button><\/div><\/div><\/div><\/div><\/div>","protected":false},"excerpt":{"rendered":"<p>Gezi, Las Galeras, Samana&#039;daki bulu\u015fma noktam\u0131zda ba\u015fl\u0131yor. Samana&#039;daki en muhte\u015fem y\u00fcr\u00fcy\u00fc\u015f. \u0130spanyol Boca Del Diablo&#039;da \u015feytan\u0131n a\u011fz\u0131n\u0131 ziyaret eden, kayalar\u0131n alt\u0131nda bir miktar su ile s\u00fcz\u00fclen g\u00fcr\u00fclt\u00fc. Marmolit ma\u011faralar\u0131n\u0131 ve Boca del Diablo&#039;yu ziyaret ettikten sonra, Dominik Cumhuriyeti&#039;nin en muhte\u015fem plajlar\u0131ndan birine kadar hindistancevizi orman\u0131 ve g\u00fczel okyanus manzaras\u0131 e\u015fli\u011finde y\u00fcr\u00fcy\u00fc\u015f\u00fcm\u00fcze devam ediyoruz. Fronton Plaj\u0131.<\/p>\n<p>&nbsp;<\/p>\n<p><strong>L\u00fctfen Tur tarihini se\u00e7iniz:\u00a0<\/strong><\/p>","protected":false},"featured_media":9260,"template":"","meta":[],"product_cat":[178,255],"product_tag":[268,267,171,209,212,269],"class_list":["post-9252","product","type-product","status-publish","has-post-thumbnail","hentry","product_cat-hiking","product_cat-tours-excursions-samana-bay-dominican-republic","product_tag-caves-los-haitises","product_tag-las-terrenas","product_tag-los-haitises","product_tag-los-haitises-national-park","product_tag-mangroves-los-haitises","product_tag-transportation-los-haitises"],"_links":{"self":[{"href":"https:\/\/www.boattoursamana.com\/tr\/wp-json\/wp\/v2\/product\/9252","targetHints":{"allow":["GET"]}}],"collection":[{"href":"https:\/\/www.boattoursamana.com\/tr\/wp-json\/wp\/v2\/product"}],"about":[{"href":"https:\/\/www.boattoursamana.com\/tr\/wp-json\/wp\/v2\/types\/product"}],"wp:featuredmedia":[{"embeddable":true,"href":"https:\/\/www.boattoursamana.com\/tr\/wp-json\/wp\/v2\/media\/9260"}],"wp:attachment":[{"href":"https:\/\/www.boattoursamana.com\/tr\/wp-json\/wp\/v2\/media?parent=9252"}],"wp:term":[{"taxonomy":"product_cat","embeddable":true,"href":"https:\/\/www.boattoursamana.com\/tr\/wp-json\/wp\/v2\/product_cat?post=9252"},{"taxonomy":"product_tag","embeddable":true,"href":"https:\/\/www.boattoursamana.com\/tr\/wp-json\/wp\/v2\/product_tag?post=9252"}],"curies":[{"name":"wp","href":"https:\/\/api.w.org\/{rel}","templated":true}]}}