{"id":9314,"date":"2019-09-05T08:46:51","date_gmt":"2019-09-05T08:46:51","guid":{"rendered":"https:\/\/www.ticketswhales.com\/?post_type=product&#038;p=9314"},"modified":"2023-11-10T09:12:15","modified_gmt":"2023-11-10T09:12:15","slug":"santo-domingo-city-tour-from-punta-cana-all-inclusive-day-trip","status":"publish","type":"product","link":"https:\/\/www.boattoursamana.com\/tr\/tur\/punta-canadan-santo-domingo-sehir-turu-her-sey-dahil-gunluk-gezi-2","title":{"rendered":"Punta Cana&#039;dan Santo Domingo \u015eehir Turu. Her \u015eey Dahil G\u00fcn\u00fcbirlik Gezi."},"content":{"rendered":"<div class=\"vc_row wpb_row vc_row-fluid\" ><div class=\"wpb_column vc_column_container vc_col-sm-12\"><div class=\"vc_column-inner\"><div class=\"wpb_wrapper\"><div class=\"mkdf-section-title-holder\" style=\"text-align: left\">\n\t<div class=\"mkdf-st-inner\">\n\t\t\t\t\t<h5 class=\"mkdf-st-subtitle\" >\n\t\t\t\tUla\u015f\u0131m &amp; \u00d6\u011fle Yeme\u011fi Dahil\t\t\t<\/h5>\n\t\t\t\t\t\t\t<h3 class=\"mkdf-st-title\" >\n\t\t\t\tPunta Cana&#039;dan Santo Domingo \u015eehir Turu. Her \u015eey Dahil G\u00fcn\u00fcbirlik Gezi.\t\t\t<\/h3>\n\t\t\t\t\t<\/div>\n<\/div><\/div><\/div><\/div><\/div><div class=\"vc_row wpb_row vc_row-fluid\" ><div class=\"wpb_column vc_column_container vc_col-sm-12\"><div class=\"vc_column-inner\"><div class=\"wpb_wrapper\"><div class=\"vc_btn3-container vc_btn3-inline\" ><button class=\"vc_general vc_btn3 vc_btn3-size-md vc_btn3-shape-rounded vc_btn3-style-modern vc_btn3-color-green\">REZERVASYON YAP<\/button><\/div>\n\t<div class=\"wpb_text_column wpb_content_element\" >\n\t\t<div class=\"wpb_wrapper\">\n\t\t\t<h3 class=\"ui_header h1 attractions-product-info-ProductTitle__title--1qM0o\"><\/h3>\n<h4><b><i>genel bak\u0131\u015f <\/i><\/b><\/h4>\n<p>Latin Amerika&#039;n\u0131n en eski \u015fehrinin kolonyal tarihi b\u00f6lgesinde bir g\u00fcn ge\u00e7irin. Plaza de Espa\u00f1a, Ulusal Saray, Columbus deniz feneri ve S\u00f6m\u00fcrge B\u00f6lgesi gibi simge yap\u0131lar\u0131 ve ilgi \u00e7ekici yerleri ke\u015ffedin.<\/p>\n<p>Tree Eyes Ulusal Park\u0131&#039;nda mola verin ve Taino K\u0131z\u0131lderilileri taraf\u0131ndan kullan\u0131lan yer alt\u0131 ma\u011faralar\u0131n\u0131 ve lag\u00fcnleri g\u00f6r\u00fcn. \u00d6nce otelinizden otob\u00fcsle al\u0131nacaks\u0131n\u0131z.<\/p>\n<p>Tur, size ada ve Dominik k\u00fclt\u00fcr\u00fc, yemekleri, m\u00fczi\u011fi ve \u00e7ok daha fazlas\u0131 hakk\u0131nda bilgi verecek profesyonel bir rehberle tan\u0131\u015fman\u0131zla ba\u015flayacak. Tipik bir Dominik restoran\u0131nda \u00f6\u011fle yeme\u011fi dahildir. Bu tur size kesinlikle bu adan\u0131n ger\u00e7ek tarihini verecektir!<\/p>\n<p>Bu deneyimden sonra, Tur Rehberi ile bulu\u015ftu\u011funuz Yere Geri D\u00f6neceksiniz.<\/p>\n<p>&nbsp;<\/p>\n<h4><b>Dahil Edilenler ve Hari\u00e7 Tutulanlar<\/b><\/h4>\n<p><b>Dahil olanlar<\/b><\/p>\n<ol>\n<li>\u00d6\u011fle yeme\u011fi b\u00fcfesi<\/li>\n<li>Kolomb deniz feneri<\/li>\n<li>G\u00fcnl\u00fck Gezi Santo Domingo<\/li>\n<li>Los Tres Ojos Ulusal Park\u0131<\/li>\n<li>S\u00f6m\u00fcrge B\u00f6lgesi Y\u00fcr\u00fcy\u00fc\u015f\u00fc<\/li>\n<li>Ulusal Saray<\/li>\n<li>\u00a0Plaza de Espa\u00f1a<\/li>\n<li style=\"font-weight: 400;\"><span style=\"font-weight: 400;\">T\u00fcm vergiler, \u00fccretler ve i\u015flem \u00fccretleri<\/span><\/li>\n<li style=\"font-weight: 400;\"><span style=\"font-weight: 400;\">Yerel vergiler<\/span><\/li>\n<li style=\"font-weight: 400;\"><span style=\"font-weight: 400;\">\u0130\u00e7ecekler<\/span><\/li>\n<li>at\u0131\u015ft\u0131rmal\u0131klar<\/li>\n<li style=\"font-weight: 400;\"><span style=\"font-weight: 400;\">Yerel rehber<\/span><\/li>\n<\/ol>\n<p><b> \u0130stisnalar<\/b><\/p>\n<ol>\n<li style=\"font-weight: 400;\"><span style=\"font-weight: 400;\">Bah\u015fi\u015fler<\/span><\/li>\n<li style=\"font-weight: 400;\"><span style=\"font-weight: 400;\">Alkoll\u00fc i\u00e7ecekler<\/span><\/li>\n<\/ol>\n<p>&nbsp;<\/p>\n<h4><em><strong>Gidi\u015f &amp; D\u00f6n\u00fc\u015f<\/strong><\/em><\/h4>\n<p><span style=\"font-weight: 400;\">Gezgin, Rezervasyon \u0130\u015fleminden sonra bir bulu\u015fma noktas\u0131 alacakt\u0131r. Turlar bulu\u015fma noktalar\u0131n\u0131zda ba\u015flar ve biter.<\/span><\/p>\n<h3><\/h3>\n<h3 class=\"ui_header h1 attractions-product-info-ProductTitle__title--1qM0o\">Punta Cana&#039;dan Santo Domingo \u015eehir Turu. Her \u015eey Dahil G\u00fcn\u00fcbirlik Gezi.<\/h3>\n<h4><b><i>Ne bekleyebilece\u011finizi?<\/i><\/b><\/h4>\n<div class=\"apd_content_block\" data-tab=\"TABS_OVERVIEW\">\n<div class=\"ui_card section attractions-product-details-Overview__sectionMargin--uHktd attractions-product-details-Overview__cleanslateOverrideDT--39Ov7\"><\/div>\n<\/div>\n<div data-tab=\"TABS_WHAT_TO_EXPECT\">\n<div class=\"ui_card attractions-card-CollapsibleProductDetailsCard__cardContainer--3r2wk attractions-card-CollapsibleProductDetailsCard__cleanslateOverrideDT--2AJh0\">\n<div class=\"attractions-card-CollapsibleCard__header--IDA3r\">\n<div class=\"attractions-card-CollapsibleCard__headerSection--3gTKb\"><\/div>\n<\/div>\n<div class=\"attractions-card-CollapsibleCard__content--2Ws8q\">\n<div class=\"attractions-card-CollapsibleCard__contentWrap--374jk attractions-card-CollapsibleCard__titleUnderline--1uHze\">\n<div class=\"attractions-card-CollapsibleProductDetailsCard__cardContent--23ext\">\n<div class=\"common-text-ReadMore__readMore--3Iu8c common-text-ReadMore__variantFadeOut--1tInd\">\n<div class=\"common-text-ReadMore__content--2X4LR\">\n<div class=\"ui_columns is-desktop\">\n<div class=\"ui_column\">Santo Domingo, tarih, k\u00fclt\u00fcr ve muhte\u015fem manzaralarla dolu b\u00fcy\u00fcl\u00fc bir \u015fehirdir. \u201cYeni\u201d D\u00fcnyan\u0131n en eski ba\u015fkentinde y\u00fcr\u00fcy\u00fcn; Santo Domingo, Amerika&#039;da kurulan ilk \u015fehirdir.<\/div>\n<div>1992&#039;de Amerika&#039;n\u0131n en eski \u015fehri olan Santo Domingo, Kristof Kolomb taraf\u0131ndan ke\u015ffinin 500. y\u0131l\u0131n\u0131 kutlad\u0131. Santo Domingo, yeni d\u00fcnyan\u0131n ilk katedraline, \u00fcniversitesine ve belediye binas\u0131na sahiptir. T\u00fcm \u015fehir merkezi, 15. ve 16. y\u00fczy\u0131llardan kalma kolonyal binalarla dolu.<\/div>\n<div>Bu turda sadece en \u00f6nemli tarihi yap\u0131lar\u0131 de\u011fil, baz\u0131 m\u00fczeleri ve b\u00fcy\u00fcleyici bir ma\u011faray\u0131 da ziyaret edeceksiniz. &quot;Los Tres Ojos&quot;, Taino K\u0131z\u0131lderili ya\u015fam\u0131n\u0131 \u00f6\u011frenece\u011finiz bir ma\u011fara g\u00f6rece\u011finiz ilk durakt\u0131r.<\/div>\n<div><\/div>\n<\/div>\n<\/div>\n<\/div>\n<\/div>\n<\/div>\n<\/div>\n<\/div>\n<\/div>\n<h4><em><strong>Ne getirmelisin?<\/strong><\/em><\/h4>\n<ul>\n<li style=\"font-weight: 400;\"><span style=\"font-weight: 400;\">Kamera<\/span><\/li>\n<li style=\"font-weight: 400;\"><span style=\"font-weight: 400;\">Kovucu tomurcuklar<\/span><\/li>\n<li style=\"font-weight: 400;\"><span style=\"font-weight: 400;\">G\u00fcne\u015f kremi<\/span><\/li>\n<li style=\"font-weight: 400;\"><span style=\"font-weight: 400;\">\u015eapka<\/span><\/li>\n<li style=\"font-weight: 400;\"><span style=\"font-weight: 400;\">rahat pantolon<\/span><\/li>\n<li style=\"font-weight: 400;\"><span style=\"font-weight: 400;\">Y\u00fcr\u00fcy\u00fc\u015f ayakkab\u0131s\u0131\u00a0<\/span><\/li>\n<li style=\"font-weight: 400;\"><span style=\"font-weight: 400;\">Bahar b\u00f6lgelerine sandalet.<\/span><\/li>\n<li style=\"font-weight: 400;\"><span style=\"font-weight: 400;\">Y\u00fczme giysileri<\/span><\/li>\n<\/ul>\n<p>&nbsp;<\/p>\n<h4><b><i>otelden alma <\/i><\/b><\/h4>\n<p><span style=\"font-weight: 400;\">Gezgin alma sunulmaktad\u0131r!<\/span><\/p>\n<p><span style=\"font-weight: 400;\">Punta Cana&#039;daki t\u00fcm Otellerden al\u0131yoruz. Al\u0131\u015f Yeri Otel Lobisidir<br \/>\nB\u00f6lgede bir apartman dairesinde kal\u0131yorsan\u0131z, sizi apartman dairesinden veya en yak\u0131n tesisin giri\u015finden alaca\u011f\u0131z.. Whatsapp ile bizimle ileti\u015fime ge\u00e7erek Pick up ayarlad\u0131k.<\/span><\/p>\n<p><b>Not:<\/b><span style=\"font-weight: 400;\"> Tur\/Gezi kalk\u0131\u015f saatinden sonraki 24 saat i\u00e7inde rezervasyon yap\u0131yorsan\u0131z, otelden alma ayarlayabiliriz. Sat\u0131n alma i\u015fleminiz tamamland\u0131\u011f\u0131nda, teslim alma d\u00fczenlemelerini organize etmesi i\u00e7in size yerel Tur rehberimizin eksiksiz ileti\u015fim bilgilerini (telefon numaras\u0131, e-posta adresi vb.) g\u00f6nderece\u011fiz.<\/span><\/p>\n<h4><b><i>Ek Bilgi Onay\u0131 <\/i><\/b><\/h4>\n<ol>\n<li>Biletler, bu Turu \u00f6dedikten sonra Makbuzdur. \u00d6demeyi telefonunuzda g\u00f6sterebilirsiniz.<\/li>\n<li style=\"font-weight: 400;\"><span style=\"font-weight: 400;\">Bulu\u015fma Noktas\u0131 Rezervasyon \u0130\u015fleminden Sonra Al\u0131nacakt\u0131r.<\/span><\/li>\n<li style=\"font-weight: 400;\"><span style=\"font-weight: 400;\">\u00c7ocuklara bir yeti\u015fkin e\u015flik etmelidir.<\/span><\/li>\n<li style=\"font-weight: 400;\"><span style=\"font-weight: 400;\"> Tekerlekli sandalye eri\u015fimine uygun de\u011fil <\/span><\/li>\n<li style=\"font-weight: 400;\"><span style=\"font-weight: 400;\">Bebekler kuca\u011fa oturmal\u0131 <\/span><\/li>\n<li style=\"font-weight: 400;\"><span style=\"font-weight: 400;\">S\u0131rt sorunu olan gezginler i\u00e7in \u00f6nerilmez<\/span><\/li>\n<li style=\"font-weight: 400;\"><span style=\"font-weight: 400;\">Hamile gezginler i\u00e7in \u00f6nerilmez <\/span><\/li>\n<li style=\"font-weight: 400;\"><span style=\"font-weight: 400;\"> Kalp problemi veya di\u011fer ciddi t\u0131bbi durumlar yok <\/span><\/li>\n<li style=\"font-weight: 400;\"><span style=\"font-weight: 400;\">\u00c7o\u011fu gezgin kat\u0131labilir<\/span><\/li>\n<\/ol>\n<h4><b><i>\u0130ptal politikas\u0131<\/i><\/b><\/h4>\n<p>Tam para iadesi i\u00e7in l\u00fctfen \u0130ptal politikalar\u0131m\u0131z\u0131 okuyun\u00a0<a href=\"https:\/\/www.boattoursamana.com\/tr\/cevrimici-rezervasyon\/\" target=\"_blank\" rel=\"noopener\" data-saferedirecturl=\"https:\/\/www.google.com\/url?q=https:\/\/www.boattoursamana.com\/online-booking\/&amp;source=gmail&amp;ust=1672449202351000&amp;usg=AOvVaw1yAeVAPktmaVCqDujgUn90\">Buraya T\u0131kla<\/a>. Seyahatle ayn\u0131 g\u00fcn rezervasyon iptal edilirse para kaybedilecektir.<\/p>\n\n\t\t<\/div>\n\t<\/div>\n<div class=\"vc_btn3-container vc_btn3-inline\" ><button class=\"vc_general vc_btn3 vc_btn3-size-md vc_btn3-shape-rounded vc_btn3-style-modern vc_btn3-color-green\">REZERVASYON YAP<\/button><\/div><\/div><\/div><\/div><\/div><div class=\"vc_row wpb_row vc_row-fluid\" ><div class=\"wpb_column vc_column_container vc_col-sm-12\"><div class=\"vc_column-inner\"><div class=\"wpb_wrapper\">\n\t<div class=\"wpb_video_widget wpb_content_element vc_clearfix   vc_video-aspect-ratio-169 vc_video-el-width-100 vc_video-align-left\" >\n\t\t<div class=\"wpb_wrapper\">\n\t\t\t<h2 class=\"wpb_heading wpb_video_heading\">Santo Domingo&#039;nun videosu:<\/h2>\n\t\t\t<div class=\"wpb_video_wrapper\"><iframe loading=\"lazy\" title=\"Santo Domingo, Dominik Cumhuriyeti&#039;nin Ba\u015fkenti | SEYAHAT G\u00dcNL\u00dc\u011e\u00dc\" width=\"1100\" height=\"619\" src=\"https:\/\/www.youtube.com\/embed\/CixCl3alHJw?feature=oembed\" frameborder=\"0\" allow=\"accelerometer; autoplay; encrypted-media; gyroscope; picture-in-picture\" allowfullscreen><\/iframe><\/div>\n\t\t<\/div>\n\t<\/div>\n<\/div><\/div><\/div><\/div><div class=\"vc_row wpb_row vc_row-fluid\" ><\/div><div class=\"wpb_column vc_column_container vc_col-sm-12\"><div class=\"vc_column-inner\"><div class=\"wpb_wrapper\"><div class=\"vc_btn3-container vc_btn3-inline\" ><button class=\"vc_general vc_btn3 vc_btn3-size-md vc_btn3-shape-rounded vc_btn3-style-modern vc_btn3-color-green\">REZERVASYON YAP<\/button><\/div><\/div><\/div><\/div><div class=\"vc_empty_space\"   style=\"height: 32px\"><span class=\"vc_empty_space_inner\"><\/span><\/div><div class=\"vc_empty_space\"   style=\"height: 32px\"><span class=\"vc_empty_space_inner\"><\/span><\/div><div class=\"vc_row wpb_row vc_row-fluid\" ><div class=\"wpb_column vc_column_container vc_col-sm-12\"><div class=\"vc_column-inner\"><div class=\"wpb_wrapper\"><\/div><\/div><\/div><\/div>","protected":false},"excerpt":{"rendered":"<p>Dominik Cumhuriyeti&#039;nin zengin tarihini ve k\u00fclt\u00fcr\u00fcn\u00fc ger\u00e7ek anlamda deneyimlemek i\u00e7in, Amerika&#039;n\u0131n en eski \u015fehri olan Santo Domingo&#039;da t\u00fcm g\u00fcn s\u00fcrecek bir turda bize kat\u0131l\u0131n. Modern, temiz ve konforlu bir otob\u00fcste seyahat ederken, bu yolculu\u011fu hem canl\u0131 hem de bilgilendirici hale getirecek profesyonel bir rehber taraf\u0131ndan a\u011f\u0131rlanacaks\u0131n\u0131z.<\/p>\n<p>Yol boyunca Apocalypse Now ve Rambo gibi filmlere konu olan Chav\u00f3n Nehri de dahil olmak \u00fczere pek \u00e7ok ilgi \u00e7ekici yer g\u00f6receksiniz.<\/p>\n<p>Tipik bir a\u00e7\u0131k b\u00fcfe \u00f6\u011fle yeme\u011finin ard\u0131ndan Los Tres Ojos Milli Park\u0131&#039;n\u0131 ve Koloni B\u00f6lgesi&#039;nin tamam\u0131n\u0131 ziyaret etmek.<\/p>\n<p><strong>\u015eehir Turu tarihini se\u00e7in:\u00a0<\/strong><\/p>","protected":false},"featured_media":13410,"template":"","meta":[],"product_cat":[347,948,159,160,972,966,348,349,253],"product_tag":[352,355,356,358,354,633,632,357,353,351,350],"class_list":["post-9314","product","type-product","status-publish","has-post-thumbnail","hentry","product_cat-santo-domingo-from-punta-cana","product_cat-1-punta-cana","product_cat-fees-entrace","product_cat-lunch","product_cat-punta-cana-group-tours","product_cat-punta-cana-santo-domingo","product_cat-tours-excursion-santo-domingo","product_cat-tours-and-excursion-punta-cana","product_cat-tours-and-excursions","product_tag-columbus-lighthouse","product_tag-day-trip-santo-domingo","product_tag-los-tres-ojos-national-park","product_tag-los-tres-ojos-santo-domingo","product_tag-santo-domingo-city-tour","product_tag-santo-domingo-excursion","product_tag-santo-domingo-tour","product_tag-the-3-eyes","product_tag-the-colonial-zone","product_tag-the-national-palace","product_tag-the-plaza-de-espana"],"_links":{"self":[{"href":"https:\/\/www.boattoursamana.com\/tr\/wp-json\/wp\/v2\/product\/9314","targetHints":{"allow":["GET"]}}],"collection":[{"href":"https:\/\/www.boattoursamana.com\/tr\/wp-json\/wp\/v2\/product"}],"about":[{"href":"https:\/\/www.boattoursamana.com\/tr\/wp-json\/wp\/v2\/types\/product"}],"wp:featuredmedia":[{"embeddable":true,"href":"https:\/\/www.boattoursamana.com\/tr\/wp-json\/wp\/v2\/media\/13410"}],"wp:attachment":[{"href":"https:\/\/www.boattoursamana.com\/tr\/wp-json\/wp\/v2\/media?parent=9314"}],"wp:term":[{"taxonomy":"product_cat","embeddable":true,"href":"https:\/\/www.boattoursamana.com\/tr\/wp-json\/wp\/v2\/product_cat?post=9314"},{"taxonomy":"product_tag","embeddable":true,"href":"https:\/\/www.boattoursamana.com\/tr\/wp-json\/wp\/v2\/product_tag?post=9314"}],"curies":[{"name":"wp","href":"https:\/\/api.w.org\/{rel}","templated":true}]}}