{"id":9373,"date":"2019-09-07T08:01:28","date_gmt":"2019-09-07T08:01:28","guid":{"rendered":"https:\/\/www.ticketswhales.com\/?post_type=product&#038;p=9373"},"modified":"2023-02-20T21:20:29","modified_gmt":"2023-02-20T21:20:29","slug":"playa-rincon-rincon-beach-playa-fronton-playa-madame-beach-samana-dominican-republic","status":"publish","type":"product","link":"https:\/\/www.boattoursamana.com\/tr\/tur\/playa-rincon-rincon-beach-playa-fronton-playa-madame-beach-samana-dominik-cumhuriyeti-2","title":{"rendered":"Playa Rinc\u00f3n (Rincon Plaj\u0131), Playa Fronton + Playa Madame Plaj\u0131, Saman\u00e1 \u2013 Dominik Cumhuriyeti."},"content":{"rendered":"<div class=\"vc_row wpb_row vc_row-fluid\" ><div class=\"wpb_column vc_column_container vc_col-sm-12\"><div class=\"vc_column-inner\"><div class=\"wpb_wrapper\"><div class=\"vc_btn3-container vc_btn3-inline\" ><button class=\"vc_general vc_btn3 vc_btn3-size-md vc_btn3-shape-rounded vc_btn3-style-modern vc_btn3-color-green\">REZERVASYON YAP<\/button><\/div><div class=\"mkdf-section-title-holder\" style=\"text-align: left\">\n\t<div class=\"mkdf-st-inner\">\n\t\t\t\t\t<h5 class=\"mkdf-st-subtitle\" >\n\t\t\t\t\u00d6\u011fle Yeme\u011fi, Tekne Gezisi ve Otellerden \u00d6zel Ula\u015f\u0131m.\t\t\t<\/h5>\n\t\t\t\t\t\t\t<h3 class=\"mkdf-st-title\" >\n\t\t\t\tPlaya Rinc\u00f3n, Playa Fronton + Playa Madame Beach, Saman\u00e1 - Dominik Cumhuriyeti.\t\t\t<\/h3>\n\t\t\t\t\t<\/div>\n<\/div>\n\t<div class=\"wpb_text_column wpb_content_element\" >\n\t\t<div class=\"wpb_wrapper\">\n\t\t\t<h3><\/h3>\n<h4><b><i>genel bak\u0131\u015f <\/i><\/b><\/h4>\n<p>Yolculuk, Samana b\u00f6lgesindeki otelinizde veya airbnb&#039;de sizi almaya ba\u015flar. El Rincon plaj\u0131, Playa madame ve Playa Fronton b\u00f6lgesinin 3 gizli ve vah\u015fi plaj\u0131n\u0131 bizimle ke\u015ffedin. Saman\u00e1 yar\u0131madas\u0131ndaki en g\u00fczel gezilerden biri. Sadece tekneyle ula\u015f\u0131labilen ve \u00e7evresinde \u015fnorkelli y\u00fczme yapabilece\u011finiz, bal\u0131klarla y\u00fczebilece\u011finiz ve mercanlar\u0131n\u0131 ke\u015ffedebilece\u011finiz ve muhte\u015fem manzaran\u0131n tad\u0131n\u0131 \u00e7\u0131karabilece\u011finiz bir mercan kayal\u0131\u011f\u0131yla \u00e7evrili bir plaj olan Playa Front\u00f3n&#039;un e\u015fsiz atmosferine girin. Dinlenme, y\u00fczme ve ard\u0131ndan \u015fnorkelli y\u00fczme i\u00e7in ba\u015fka ve izole m\u00fckemmel bir plaj olan Playa madam&#039;a hareket. Burada ayr\u0131ca bir ma\u011faray\u0131 ziyaret edebilir ve harika an\u0131lar i\u00e7in harika videolar veya Foto\u011fraflar \u00e7ekebilirsiniz.<\/p>\n<p>Ormandan \u00f6nceki son restoran olan \u201cEl Paraiso\u201dda Merengue ve Bachata sesleri e\u015fli\u011finde parmak u\u00e7lar\u0131n\u0131zla kumda \u00f6\u011fle yeme\u011fi yiyeceksiniz. D\u00f6n\u00fc\u015f yolunda El Rincon Plaj\u0131&#039;nda duraca\u011f\u0131z, burada \u00fclkenin en g\u00fczel plajlar\u0131ndan biri olarak kabul edilen do\u011fal bir inci bulacaks\u0131n\u0131z. Beyaz, ince kum, turkuaz deniz ve bir metre y\u00fcksekli\u011findeki palmiye a\u011fa\u00e7lar\u0131 kendileri i\u00e7in konu\u015fur.<\/p>\n<p>&nbsp;<\/p>\n<ul>\n<li><span style=\"font-weight: 400;\">B\u00f6lgede G\u00fcvenlik deneyimine sahip Yerel Rehber.<\/span><\/li>\n<li>\u015enorkel<\/li>\n<li>\u00d6zel Ula\u015f\u0131m<\/li>\n<li style=\"font-weight: 400;\">\u00dccretler dahil<\/li>\n<li>Sahilde \u00f6\u011fle yeme\u011fi<\/li>\n<li>Tekne yolculu\u011fu<\/li>\n<li style=\"font-weight: 400;\">\u0130spanyolca, \u0130ngilizce veya Frans\u0131zca Yerel Tur Rehberi.<\/li>\n<li>Do\u011fa y\u00fcr\u00fcy\u00fc\u015f\u00fc<\/li>\n<\/ul>\n<p>&nbsp;<\/p>\n<h4><b>Dahil Edilenler ve Hari\u00e7 Tutulanlar<\/b><\/h4>\n<p>&nbsp;<\/p>\n<p><b>Dahil olanlar<\/b><\/p>\n<ol>\n<li><span style=\"font-weight: 400;\">B\u00f6lgede G\u00fcvenlik deneyimine sahip Yerel Rehber.<\/span><\/li>\n<li>K\u00fc\u00e7\u00fck gruplar i\u00e7in \u00f6zel ula\u015f\u0131m<\/li>\n<li>\u015enorkel<\/li>\n<li style=\"font-weight: 400;\">El Rincon Plaj\u0131<\/li>\n<li>Madam Plaj\u0131<\/li>\n<li>Fronton Plaj\u0131<\/li>\n<li style=\"font-weight: 400;\"><span style=\"font-weight: 400;\">T\u00fcm vergiler, \u00fccretler ve i\u015flem \u00fccretleri<\/span><\/li>\n<li style=\"font-weight: 400;\"><span style=\"font-weight: 400;\">Yerel vergiler<\/span><\/li>\n<li>Sahilde \u00f6\u011fle yeme\u011fi<\/li>\n<li>Do\u011fa y\u00fcr\u00fcy\u00fc\u015f\u00fc<\/li>\n<li style=\"font-weight: 400;\"><span style=\"font-weight: 400;\">T\u00fcm aktiviteler<\/span><\/li>\n<\/ol>\n<p><b> \u0130stisnalar<\/b><\/p>\n<ol>\n<li style=\"font-weight: 400;\"><span style=\"font-weight: 400;\">Bah\u015fi\u015fler<\/span><\/li>\n<\/ol>\n<h4><em><strong>Gidi\u015f &amp; D\u00f6n\u00fc\u015f<\/strong><\/em><\/h4>\n<p><span style=\"font-weight: 400;\">Gezgin, Rezervasyon \u0130\u015fleminden sonra bir bulu\u015fma noktas\u0131 alacakt\u0131r. Turlar bulu\u015fma noktalar\u0131n\u0131zda ba\u015flar ve biter.<\/span><\/p>\n<h3>Playa Rinc\u00f3n, Playa Fronton + Playa Madame Beach, Saman\u00e1 \u2013 Dominik Cumhuriyeti. Samana g\u00fcn\u00fcbirlik gezi.<\/h3>\n<h4><b><i>Ne bekleyebilece\u011finizi?<\/i><\/b><\/h4>\n<p><em><strong>biletlerinizi al\u0131n<\/strong><\/em> Samana&#039;daki Boca del diablo ve Fronton Beach&#039;i ziyaret etti\u011finiz i\u00e7in. G\u00fcn\u00fcbirlik gezi. Samana otelleri b\u00f6lgesinden ba\u015flayarak, Dominik Cumhuriyeti \u00e7evresindeki en e\u015fsiz 3 plaj\u0131 ziyaret etmek. Playa Rinc\u00f3n, sahilin geli\u015fmemi\u015f bir k\u0131sm\u0131 boyunca yakla\u015f\u0131k 2,5 mil (4 kilometre) uzanan bozulmam\u0131\u015f bir beyaz kum \u015ferididir. Hindistan cevizi hurmalar\u0131ndan olu\u015fan bir s\u0131n\u0131rla \u00e7evrili ve her iki ucunda da\u011f ve u\u00e7urum zirveleri ile \u00e7evrili bu tenha plaj, medeniyetten kopuk ger\u00e7ek bir \u00fctopya gibi geliyor.<\/p>\n<p>El Rincon plaj\u0131ndan sonra Madame&#039;\u0131 ziyaret edece\u011fiz. Bu plaj, bir \u015enorkelli Dal\u0131\u015f turunun (Playa Fronton dahil, a\u015fa\u011f\u0131ya bak\u0131n) yayg\u0131n bir ilk dura\u011f\u0131d\u0131r ve yaln\u0131zca tekne veya atla eri\u015filebilir. Manzara dramatik olsa da, yak\u0131ndaki ma\u011faralar\u0131 kontrol etmeyi ve kayal\u0131klarda y\u00fcr\u00fcy\u00fc\u015f yapmay\u0131 \u00e7ok sevdik.<\/p>\n<p>Gezimizdeki son se\u00e7enek Fronton Beach. Burada su \u00e7ok berrak, mavinin g\u00fczel bir tonu ve \u00e7evredeki mercan resifi, plaj\u0131n y\u00fczmek i\u00e7in \u00e7ok g\u00fcvenli olmas\u0131n\u0131 sa\u011fl\u0131yor.<\/p>\n<p>&nbsp;<\/p>\n<p>\u201cBooking Adventures\u201d taraf\u0131ndan d\u00fczenlenen tur, Tur Rehberimiz ile belirlenen bulu\u015fma noktas\u0131nda ba\u015flar. Booking Adventures ile gelin ve plajda \u00f6\u011fle yeme\u011fi yiyin ve Dominik Cumhuriyeti, Samana&#039;daki en muhte\u015fem 3 plaj\u0131n tad\u0131n\u0131 \u00e7\u0131kar\u0131n.<\/p>\n<div class=\"body-description secondary\">\n<p>&nbsp;<\/p>\n<\/div>\n<h4><em><strong>Ne getirmelisin?<\/strong><\/em><\/h4>\n<ul>\n<li style=\"font-weight: 400;\"><span style=\"font-weight: 400;\">Kamera<\/span><\/li>\n<li style=\"font-weight: 400;\"><span style=\"font-weight: 400;\">Kovucu tomurcuklar<\/span><\/li>\n<li style=\"font-weight: 400;\"><span style=\"font-weight: 400;\">G\u00fcne\u015f kremi<\/span><\/li>\n<li>su<\/li>\n<li style=\"font-weight: 400;\"><span style=\"font-weight: 400;\">\u015eapka<\/span><\/li>\n<li style=\"font-weight: 400;\"><span style=\"font-weight: 400;\">rahat pantolon<\/span><\/li>\n<li style=\"font-weight: 400;\"><span style=\"font-weight: 400;\">Orman i\u00e7in y\u00fcr\u00fcy\u00fc\u015f ayakkab\u0131s\u0131<\/span><\/li>\n<li style=\"font-weight: 400;\"><span style=\"font-weight: 400;\">Bahar b\u00f6lgelerine sandalet.<\/span><\/li>\n<li style=\"font-weight: 400;\"><span style=\"font-weight: 400;\">Y\u00fczme giysileri<\/span><\/li>\n<\/ul>\n<p>&nbsp;<\/p>\n<h4><b><i>otelden alma <\/i><\/b><\/h4>\n<p><span style=\"font-weight: 400;\">Bu tur i\u00e7in otelden alma hizmeti sunulmaktad\u0131r. <\/span><\/p>\n<p>&nbsp;<\/p>\n<p><b>Not:<\/b><span style=\"font-weight: 400;\"> Tur\/Gezi kalk\u0131\u015f saatinden sonraki 24 saat i\u00e7inde rezervasyon yap\u0131yorsan\u0131z, otelden alma ayarlayabiliriz. Sadece Samana b\u00f6lgesinden al\u0131yoruz. Sat\u0131n alma i\u015fleminiz tamamland\u0131\u011f\u0131nda, yerel Tur rehberimizin kar\u015f\u0131lama d\u00fczenlemelerini organize etmesi i\u00e7in size tam ileti\u015fim bilgilerini (telefon numaras\u0131, e-posta adresi vb.) g\u00f6nderece\u011fiz.<\/span><\/p>\n<h4><b><i>Ek Bilgi Onay\u0131 <\/i><\/b><\/h4>\n<ol>\n<li>Biletler, bu Turu \u00f6dedikten sonra Makbuzdur. \u00d6demeyi telefonunuzda g\u00f6sterebilirsiniz.<\/li>\n<li style=\"font-weight: 400;\"><span style=\"font-weight: 400;\">Bulu\u015fma Noktas\u0131 Rezervasyon \u0130\u015fleminden Sonra Al\u0131nacakt\u0131r.<\/span><\/li>\n<li style=\"font-weight: 400;\"><span style=\"font-weight: 400;\">\u00c7ocuklara bir yeti\u015fkin e\u015flik etmelidir.<\/span><\/li>\n<li style=\"font-weight: 400;\"><span style=\"font-weight: 400;\"> Tekerlekli sandalye eri\u015fimine uygun de\u011fil <\/span><\/li>\n<li style=\"font-weight: 400;\"><span style=\"font-weight: 400;\">Bebekler kuca\u011fa oturmal\u0131 <\/span><\/li>\n<li style=\"font-weight: 400;\"><span style=\"font-weight: 400;\">S\u0131rt sorunu olan gezginler i\u00e7in \u00f6nerilmez<\/span><\/li>\n<li style=\"font-weight: 400;\"><span style=\"font-weight: 400;\">Hamile gezginler i\u00e7in \u00f6nerilmez <\/span><\/li>\n<li style=\"font-weight: 400;\"><span style=\"font-weight: 400;\"> Kalp problemi veya di\u011fer ciddi t\u0131bbi durumlar yok <\/span><\/li>\n<li style=\"font-weight: 400;\"><span style=\"font-weight: 400;\">\u00c7o\u011fu gezgin kat\u0131labilir<\/span><\/li>\n<\/ol>\n<h4><b><i>\u0130ptal politikas\u0131<\/i><\/b><\/h4>\n<p>Tam para iadesi i\u00e7in l\u00fctfen \u0130ptal politikalar\u0131m\u0131z\u0131 okuyun\u00a0<a href=\"https:\/\/www.boattoursamana.com\/tr\/cevrimici-rezervasyon\/\" target=\"_blank\" rel=\"noopener\" data-saferedirecturl=\"https:\/\/www.google.com\/url?q=https:\/\/www.boattoursamana.com\/online-booking\/&amp;source=gmail&amp;ust=1672449202351000&amp;usg=AOvVaw1yAeVAPktmaVCqDujgUn90\">Buraya T\u0131kla<\/a>. Seyahatle ayn\u0131 g\u00fcn rezervasyon iptal edilirse para kaybedilecektir.<\/p>\n\n\t\t<\/div>\n\t<\/div>\n<\/div><\/div><\/div><\/div><div class=\"vc_row wpb_row vc_row-fluid\" ><div class=\"wpb_column vc_column_container vc_col-sm-12\"><div class=\"vc_column-inner\"><div class=\"wpb_wrapper\">\n\t<div class=\"wpb_video_widget wpb_content_element vc_clearfix   vc_video-aspect-ratio-169 vc_video-el-width-100 vc_video-align-left\" >\n\t\t<div class=\"wpb_wrapper\">\n\t\t\t<h2 class=\"wpb_heading wpb_video_heading\">Boca del diablo ve Fronton plaj\u0131<\/h2>\n\t\t\t<div class=\"wpb_video_wrapper\"><iframe loading=\"lazy\" title=\"Saman\u00e1 Yar\u0131madas\u0131, Dominik Cumhuriyeti (DJI Phantom 4 4K)\" width=\"1100\" height=\"619\" src=\"https:\/\/www.youtube.com\/embed\/DYDXVm8Q_iM?feature=oembed\" frameborder=\"0\" allow=\"accelerometer; autoplay; encrypted-media; gyroscope; picture-in-picture\" allowfullscreen><\/iframe><\/div>\n\t\t<\/div>\n\t<\/div>\n<\/div><\/div><\/div><\/div><div class=\"vc_row wpb_row vc_row-fluid\" ><div class=\"wpb_column vc_column_container vc_col-sm-12\"><div class=\"vc_column-inner\"><div class=\"wpb_wrapper\"><div class=\"vc_empty_space\"   style=\"height: 32px\"><span class=\"vc_empty_space_inner\"><\/span><\/div>\n\t<div class=\"wpb_text_column wpb_content_element\" >\n\t\t<div class=\"wpb_wrapper\">\n\t\t\t<h4>Bize Ula\u015f\u0131n?<\/h4>\n<h5>Rezervasyon Maceralar\u0131<\/h5>\n<p><em><strong>Yerliler<\/strong>\u00a0ve\u00a0<strong>uyruklular<\/strong>\u00a0Tur Rehberleri ve Misafir Hizmetleri<\/em><\/p>\n<p><span class=\"text-turquoise\">Rezervasyonlar:<\/span>\u00a0Dom s\u0131n\u0131rlar\u0131ndaki Turlar ve Geziler temsilci<\/p>\n<p><img decoding=\"async\" class=\"emoji\" draggable=\"false\" src=\"https:\/\/s.w.org\/images\/core\/emoji\/11.2.0\/svg\/1f4de.svg\" alt=\"\ud83d\udcde\" title=\"\">\u00a0Tel \/ Naber\u00a0\u00a0<a href=\"tel:+1-809-720-6035\">+1-809-720-6035<\/a>.<\/p>\n<p><img decoding=\"async\" class=\"emoji\" draggable=\"false\" src=\"https:\/\/s.w.org\/images\/core\/emoji\/11.2.0\/svg\/1f4e9.svg\" alt=\"\ud83d\udce9\" title=\"\">\u00a0<a href=\"mailto:info@bookingadventures.com.do\">info@bookingadventures.com.do<\/a><\/p>\n<p><strong>Whatsapp ile Esnek \u00d6zel Turlar Ayarl\u0131yoruz:\u00a0<a href=\"tel:+18097206035\">+18097206035.<\/a><\/strong><\/p>\n\n\t\t<\/div>\n\t<\/div>\n<div class=\"vc_empty_space\"   style=\"height: 32px\"><span class=\"vc_empty_space_inner\"><\/span><\/div><\/div><\/div><\/div><\/div><div class=\"vc_row wpb_row vc_row-fluid\" ><div class=\"wpb_column vc_column_container vc_col-sm-12\"><div class=\"vc_column-inner\"><div class=\"wpb_wrapper\"><div class=\"vc_btn3-container vc_btn3-inline\" ><button class=\"vc_general vc_btn3 vc_btn3-size-md vc_btn3-shape-rounded vc_btn3-style-modern vc_btn3-color-green\">REZERVASYON YAP<\/button><\/div><\/div><\/div><\/div><\/div>","protected":false},"excerpt":{"rendered":"<p>Yolculuk, Samana b\u00f6lgesindeki Otelinizden veya Airbnb&#039;den sizi almaya ba\u015flar. El Rincon plaj\u0131, Playa madame ve Playa Fronton b\u00f6lgesinin 3 gizli ve vah\u015fi plaj\u0131n\u0131 bizimle ke\u015ffedin. Saman\u00e1 yar\u0131madas\u0131ndaki en g\u00fczel gezilerden biri. Sadece tekneyle ula\u015f\u0131labilen ve \u00e7evresinde \u015fnorkelli y\u00fczme yapabilece\u011finiz, bal\u0131klarla y\u00fczebilece\u011finiz ve mercanlar\u0131n\u0131 ke\u015ffedebilece\u011finiz ve muhte\u015fem manzaran\u0131n tad\u0131n\u0131 \u00e7\u0131karabilece\u011finiz bir mercan kayal\u0131\u011f\u0131yla \u00e7evrili bir plaj olan Playa Front\u00f3n&#039;un e\u015fsiz atmosferine girin. Rahatlama, y\u00fczme ve ard\u0131ndan \u015fnorkelli y\u00fczme i\u00e7in ba\u015fka ve izole m\u00fckemmel bir plaj olan Playa madam&#039;a hareket. Burada ayr\u0131ca bir ma\u011faray\u0131 ziyaret edebilir ve harika an\u0131lar i\u00e7in harika videolar veya Foto\u011fraflar \u00e7ekebilirsiniz.<\/p>\n<p>&nbsp;<\/p>\n<p><strong>L\u00fctfen Tur tarihini se\u00e7iniz:\u00a0<\/strong><\/p>","protected":false},"featured_media":8240,"template":"","meta":[],"product_cat":[160,655,170,255],"product_tag":[378,377,374,373,379,327,376,375,200,187],"class_list":["post-9373","product","type-product","status-publish","has-post-thumbnail","hentry","product_cat-lunch","product_cat-1-samana","product_cat-local-tour-guides","product_cat-tours-excursions-samana-bay-dominican-republic","product_tag-fronton-beach","product_tag-madame-beach","product_tag-playa-fronton-playa-madame-beach","product_tag-playa-rincon","product_tag-playa-rincon-tours","product_tag-private-tours-samana","product_tag-rincon-beach-tour","product_tag-samana-dominican-republic","product_tag-samana-excursions","product_tag-samana-tours"],"_links":{"self":[{"href":"https:\/\/www.boattoursamana.com\/tr\/wp-json\/wp\/v2\/product\/9373","targetHints":{"allow":["GET"]}}],"collection":[{"href":"https:\/\/www.boattoursamana.com\/tr\/wp-json\/wp\/v2\/product"}],"about":[{"href":"https:\/\/www.boattoursamana.com\/tr\/wp-json\/wp\/v2\/types\/product"}],"wp:featuredmedia":[{"embeddable":true,"href":"https:\/\/www.boattoursamana.com\/tr\/wp-json\/wp\/v2\/media\/8240"}],"wp:attachment":[{"href":"https:\/\/www.boattoursamana.com\/tr\/wp-json\/wp\/v2\/media?parent=9373"}],"wp:term":[{"taxonomy":"product_cat","embeddable":true,"href":"https:\/\/www.boattoursamana.com\/tr\/wp-json\/wp\/v2\/product_cat?post=9373"},{"taxonomy":"product_tag","embeddable":true,"href":"https:\/\/www.boattoursamana.com\/tr\/wp-json\/wp\/v2\/product_tag?post=9373"}],"curies":[{"name":"wp","href":"https:\/\/api.w.org\/{rel}","templated":true}]}}