{"id":9464,"date":"2019-09-26T08:12:55","date_gmt":"2019-09-26T08:12:55","guid":{"rendered":"https:\/\/www.ticketswhales.com\/?post_type=product&#038;p=9464"},"modified":"2023-11-10T17:40:19","modified_gmt":"2023-11-10T17:40:19","slug":"media-luna-miches-half-moon-natural-pool-half-day-pass-and-snorkeling","status":"publish","type":"product","link":"https:\/\/www.boattoursamana.com\/tr\/tur\/media-luna-miches-yarim-ay-dogal-havuz-yarim-gun-gecis-ve-snorkel-2","title":{"rendered":"Media Luna Miches (Yar\u0131m Ay) Do\u011fal Havuz Yar\u0131m G\u00fcn Ge\u00e7i\u015f ve \u015enorkel"},"content":{"rendered":"<div class=\"vc_row wpb_row vc_row-fluid\" ><div class=\"wpb_column vc_column_container vc_col-sm-12\"><div class=\"vc_column-inner\"><div class=\"wpb_wrapper\"><div class=\"mkdf-section-title-holder\" style=\"text-align: left\">\n\t<div class=\"mkdf-st-inner\">\n\t\t\t\t\t<h5 class=\"mkdf-st-subtitle\" >\n\t\t\t\tYar\u0131m G\u00fcn Kart\u0131 ve Do\u011fal Havuzda \u015enorkelli Dal\u0131\u015f ve Y\u00fczme\t\t\t<\/h5>\n\t\t\t\t\t\t\t<h3 class=\"mkdf-st-title\" >\n\t\t\t\tMedia Luna Miches (Yar\u0131m Ay)\t\t\t<\/h3>\n\t\t\t\t\t<\/div>\n<\/div><\/div><\/div><\/div><\/div><div class=\"vc_row wpb_row vc_row-fluid\" ><div class=\"wpb_column vc_column_container vc_col-sm-12\"><div class=\"vc_column-inner\"><div class=\"wpb_wrapper\"><div class=\"vc_empty_space\"   style=\"height: 32px\"><span class=\"vc_empty_space_inner\"><\/span><\/div><\/div><\/div><\/div><\/div><div class=\"vc_row wpb_row vc_row-fluid\" ><div class=\"wpb_column vc_column_container vc_col-sm-12\"><div class=\"vc_column-inner\"><div class=\"wpb_wrapper\"><div class=\"vc_btn3-container vc_btn3-inline\" ><button class=\"vc_general vc_btn3 vc_btn3-size-md vc_btn3-shape-rounded vc_btn3-style-modern vc_btn3-color-green\">REZERVASYON YAP<\/button><\/div>\n\t<div class=\"wpb_text_column wpb_content_element\" >\n\t\t<div class=\"wpb_wrapper\">\n\t\t\t<h4><b><i>genel bak\u0131\u015f <\/i><\/b><\/h4>\n<p><span style=\"font-weight: 400;\">Buradaysan\u0131z veya Dominik Cumhuriyeti&#039;ne gelmeyi planl\u0131yorsan\u0131z, \u00f6\u011fle yeme\u011fi dahil bu muhte\u015fem &#039;&#039;Half Moon&#039;&#039; (Media Luna) ziyaretini ka\u00e7\u0131rmamal\u0131s\u0131n\u0131z, buras\u0131 okyanusun i\u00e7inde resiflerle s\u00fcslenmi\u015f nadide bir do\u011fal havuzdur. , mercanlar ve beyaz kum. <\/span><\/p>\n<p><span style=\"font-weight: 400;\">Y\u00fczmenin, izlemenin ve su alt\u0131 foto\u011fraflar\u0131 \u00e7ekmenin keyfini \u00e7\u0131karabilece\u011fimiz yer buras\u0131. Deniz y\u0131ld\u0131zlar\u0131 ile do\u011fal ortamlar\u0131nda foto\u011fraf \u00e7ekilmesine izin verilir.<\/span><\/p>\n<p>&nbsp;<\/p>\n<ul>\n<li>Media Luna&#039;ya Tekne Transferi<\/li>\n<li style=\"font-weight: 400;\"><span style=\"font-weight: 400;\">Kaptan talimat ve Denetim sa\u011flar<\/span><\/li>\n<\/ul>\n<p>&nbsp;<\/p>\n<h4><b>Dahil Edilenler ve Hari\u00e7 Tutulanlar<\/b><\/h4>\n<p>&nbsp;<\/p>\n<p><b>Dahil olanlar<\/b><\/p>\n<ol>\n<li style=\"font-weight: 400;\"><span style=\"font-weight: 400;\">T\u00fcm vergiler, \u00fccretler ve i\u015flem \u00fccretleri<\/span><\/li>\n<li style=\"font-weight: 400;\"><span style=\"font-weight: 400;\">Yerel vergiler<\/span><\/li>\n<li style=\"font-weight: 400;\"><span style=\"font-weight: 400;\">\u0130\u00e7ecekler<\/span><\/li>\n<\/ol>\n<p><b> \u0130stisnalar<\/b><\/p>\n<ol>\n<li style=\"font-weight: 400;\"><span style=\"font-weight: 400;\">Bah\u015fi\u015fler<\/span><\/li>\n<li style=\"font-weight: 400;\"><span style=\"font-weight: 400;\">Transfer Arabas\u0131<\/span><\/li>\n<li>\u00d6\u011fle yeme\u011fi<\/li>\n<li style=\"font-weight: 400;\"><span style=\"font-weight: 400;\">Alkoll\u00fc i\u00e7ecekler<\/span><\/li>\n<li>Yerel rehber<\/li>\n<\/ol>\n<p>&nbsp;<\/p>\n<h4><em><strong>Gidi\u015f &amp; D\u00f6n\u00fc\u015f<\/strong><\/em><\/h4>\n<p><span style=\"font-weight: 400;\">Gezgin, Rezervasyon \u0130\u015fleminden sonra bir bulu\u015fma noktas\u0131 alacakt\u0131r. Turlar bulu\u015fma noktalar\u0131m\u0131zda ba\u015flar ve biter.<\/span><\/p>\n<p>&nbsp;<\/p>\n<h3>Media Luna Miches (Yar\u0131m Ay) Do\u011fal Havuz Yar\u0131m G\u00fcn Ge\u00e7i\u015f ve \u015enorkel<\/h3>\n<h4><b><i>Ne bekleyebilece\u011finizi?<\/i><\/b><\/h4>\n<p>&nbsp;<\/p>\n<p>Bizimle gelip Half Moon&#039;u ziyaret etmek ve Miches toplulu\u011funda tipik bir \u00f6\u011fle yeme\u011finin tad\u0131n\u0131 \u00e7\u0131karmak i\u00e7in biletlerinizi kaydedin. Bu gezi, Miches&#039;ten bat\u0131ya iskeleyi sa\u011flayarak, turistik b\u00f6lgede faaliyet g\u00f6stermek i\u00e7in yetkili ula\u015f\u0131m lisans\u0131na sahip modern katamaranlara ve s\u00fcrat teknelerine bindi\u011fimiz yerden kalk\u0131yor. Ana \u00e7ukura ula\u015fmak i\u00e7in kum \u00e7ubuklar\u0131yla \u00e7evrili bir su labirentinden ge\u00e7melisiniz.<\/p>\n<p>Turistlerin ve tatilcilerin tad\u0131n\u0131 \u00e7\u0131karabilecekleri ve hat\u0131r\u0131 say\u0131l\u0131r b\u00fcy\u00fckl\u00fckteki y\u0131ld\u0131zlara ve bal\u0131klara \u00e7arpabilecekleri b\u00f6lgedeki tek yer buras\u0131 oldu\u011fundan, Miches&#039;teki turistik cazibe merkezi olan bu su kayna\u011f\u0131n\u0131 tan\u0131d\u0131ktan sonra kimse ka\u00e7amaz. Su seviyesinin gelgitlerin veya deniz ak\u0131nt\u0131lar\u0131n\u0131n ufkuna ba\u011fl\u0131 oldu\u011fu, y\u00fcksek oldu\u011funda derinle\u015fen ve al\u00e7ald\u0131\u011f\u0131nda havuzun ak\u0131\u015f\u0131n\u0131n azald\u0131\u011f\u0131 bir yerdir. Gizlenmi\u015f olmas\u0131 ve deniz kenar\u0131nda olmas\u0131, buray\u0131 ziyaret edip ayr\u0131lmak istemeyenler i\u00e7in b\u00fcy\u00fcl\u00fc ve bakir bir yer haline getiriyor. Burada g\u00fcne\u015ften korunacak a\u011fa\u00e7 yok, ancak b\u00f6lgedeki alize r\u00fczgarlar\u0131 nedeniyle su so\u011fuk. Ad\u0131n\u0131 yukar\u0131dan bak\u0131ld\u0131\u011f\u0131nda hilali and\u0131rmas\u0131ndan alan Atlantik Okyanusu&#039;ndaki do\u011fal bir lag\u00fcn oldu\u011fu \u00f6zetlenebilir.<\/p>\n<p>Yerel halk, sular\u0131n\u0131 sakinle\u015ftiren do\u011fal dalgalar\u0131 k\u0131rmak i\u00e7in her yerde noktal\u0131 kristal sudan olu\u015fan mercan resifleri ve beyaz kumdan olu\u015fan Cayo de la Media Luna olarak da adland\u0131r\u0131yor. Gelgit sabit oldu\u011funda derinli\u011fi \u00fc\u00e7 fiti ge\u00e7mez, bu da \u00e7ocuklar\u0131n ve yeti\u015fkinlerin bu cennet gibi tuzlu su yerinin tad\u0131n\u0131 \u00e7\u0131karmas\u0131n\u0131 sa\u011flar.<\/p>\n<p><strong>Masa saati:<\/strong><\/p>\n<p>08:45 \u2013 13:30<\/p>\n<p>&nbsp;<\/p>\n<h4><em><strong>Ne getirmelisin?<\/strong><\/em><\/h4>\n<ul>\n<li style=\"font-weight: 400;\"><span style=\"font-weight: 400;\">Kamera<\/span><\/li>\n<li style=\"font-weight: 400;\"><span style=\"font-weight: 400;\">Kovucu tomurcuklar<\/span><\/li>\n<li style=\"font-weight: 400;\"><span style=\"font-weight: 400;\">G\u00fcne\u015f kremi<\/span><\/li>\n<li style=\"font-weight: 400;\"><span style=\"font-weight: 400;\">\u015eapka<\/span><\/li>\n<li style=\"font-weight: 400;\"><span style=\"font-weight: 400;\">rahat pantolon<\/span><\/li>\n<li style=\"font-weight: 400;\"><span style=\"font-weight: 400;\">Orman i\u00e7in y\u00fcr\u00fcy\u00fc\u015f ayakkab\u0131s\u0131<\/span><\/li>\n<li style=\"font-weight: 400;\"><span style=\"font-weight: 400;\">Sahile giden sandaletler<\/span><\/li>\n<li style=\"font-weight: 400;\"><span style=\"font-weight: 400;\">Y\u00fczme giysileri<\/span><\/li>\n<li>Hat\u0131ra E\u015fyas\u0131 i\u00e7in nakit<\/li>\n<\/ul>\n<p>&nbsp;<\/p>\n<h4><b><i>otelden alma <\/i><\/b><\/h4>\n<p><span style=\"font-weight: 400;\">Bu tur i\u00e7in otelden alma hizmeti sunulmamaktad\u0131r. <\/span><\/p>\n<p>&nbsp;<\/p>\n<p><b>Not:<\/b><span style=\"font-weight: 400;\"> tur\/Gezi hareket saatinden sonraki 24 saat i\u00e7inde rezervasyon yap\u0131yorsan\u0131z, ek \u00fccret kar\u015f\u0131l\u0131\u011f\u0131nda otelden alma ayarlayabiliriz. Sat\u0131n alma i\u015fleminiz tamamland\u0131\u011f\u0131nda, teslim alma d\u00fczenlemelerini organize etmesi i\u00e7in size yerel Tur rehberimizin eksiksiz ileti\u015fim bilgilerini (telefon numaras\u0131, e-posta adresi vb.) g\u00f6nderece\u011fiz.<\/span><\/p>\n<h4><b><i>Ek Bilgi Onay\u0131 <\/i><\/b><\/h4>\n<ol>\n<li>Biletler, bu Turu \u00f6dedikten sonra Makbuzdur. \u00d6demeyi telefonunuzda g\u00f6sterebilirsiniz.<\/li>\n<li style=\"font-weight: 400;\"><span style=\"font-weight: 400;\">Bulu\u015fma Noktas\u0131 Rezervasyon \u0130\u015fleminden Sonra Al\u0131nacakt\u0131r.<\/span><\/li>\n<li style=\"font-weight: 400;\"><span style=\"font-weight: 400;\">\u00c7ocuklara bir yeti\u015fkin e\u015flik etmelidir.<\/span><\/li>\n<li style=\"font-weight: 400;\"><span style=\"font-weight: 400;\">tekerlekli sandalye eri\u015filebilir <\/span><\/li>\n<li style=\"font-weight: 400;\"><span style=\"font-weight: 400;\">Bebekler kuca\u011fa oturmal\u0131 <\/span><\/li>\n<li style=\"font-weight: 400;\"><span style=\"font-weight: 400;\">\u00c7o\u011fu gezgin kat\u0131labilir<\/span><\/li>\n<\/ol>\n<h4><b><i>\u0130ptal politikas\u0131<\/i><\/b><\/h4>\n<p>Tam para iadesi i\u00e7in l\u00fctfen \u0130ptal politikalar\u0131m\u0131z\u0131 okuyun\u00a0<a href=\"https:\/\/www.boattoursamana.com\/tr\/cevrimici-rezervasyon\/\" target=\"_blank\" rel=\"noopener\" data-saferedirecturl=\"https:\/\/www.google.com\/url?q=https:\/\/www.boattoursamana.com\/online-booking\/&amp;source=gmail&amp;ust=1672532492004000&amp;usg=AOvVaw3ylqI1cdbIPTimEqEWneyd\">Buraya T\u0131kla<\/a>. Seyahatle ayn\u0131 g\u00fcn rezervasyon iptal edilirse para kaybedilecektir.<\/p>\n\n\t\t<\/div>\n\t<\/div>\n<\/div><\/div><\/div><\/div><div class=\"vc_row wpb_row vc_row-fluid\" ><\/div><div class=\"wpb_column vc_column_container vc_col-sm-12\"><div class=\"vc_column-inner\"><div class=\"wpb_wrapper\"><\/div><\/div><\/div><div class=\"vc_empty_space\"   style=\"height: 32px\"><span class=\"vc_empty_space_inner\"><\/span><\/div><div class=\"vc_empty_space\"   style=\"height: 32px\"><span class=\"vc_empty_space_inner\"><\/span><\/div><div class=\"vc_row wpb_row vc_row-fluid\" ><\/div><div class=\"wpb_column vc_column_container vc_col-sm-12\"><div class=\"vc_column-inner\"><div class=\"wpb_wrapper\"><\/div><\/div><\/div><div class=\"vc_row wpb_row vc_row-fluid\" ><div class=\"wpb_column vc_column_container vc_col-sm-12\"><div class=\"vc_column-inner\"><div class=\"wpb_wrapper\"><div class=\"vc_btn3-container vc_btn3-inline\" ><button class=\"vc_general vc_btn3 vc_btn3-size-md vc_btn3-shape-rounded vc_btn3-style-modern vc_btn3-color-green\">REZERVASYON YAP<\/button><\/div><\/div><\/div><\/div><\/div>","protected":false},"excerpt":{"rendered":"<p>Medya Luna Miches (Yar\u0131m Ay) Yar\u0131m g\u00fcnl\u00fck ge\u00e7i\u015f ve do\u011fal havuzda \u015fnorkelle dal\u0131\u015f. Yerel halkla birlikte Miches&#039;ten Samana K\u00f6rfezi&#039;ni ziyaret edin ve Samana K\u00f6rfezi&#039;nin ortas\u0131nda y\u00fcz\u00fcn. Ke\u015ffedilecek ve \u015fnorkelli dal\u0131\u015f yap\u0131labilecek k\u00fc\u00e7\u00fck mercan resifleri alanlar\u0131. Media Luna, Dominik Cumhuriyeti&#039;nde Yeni Bir Cazibe Merkezidir.<\/p>\n<p><strong>Tur Tarihini Se\u00e7in:<\/strong><\/p>","protected":false},"featured_media":9467,"template":"","meta":[],"product_cat":[430,655,170,253,254,255],"product_tag":[183,337,412,177,439,438,429,432,437,436,435,186,199,200,187,433,434],"class_list":["post-9464","product","type-product","status-publish","has-post-thumbnail","hentry","product_cat-media-luna-miches","product_cat-1-samana","product_cat-local-tour-guides","product_cat-tours-and-excursions","product_cat-tours-excursions-los-haitises-national-park","product_cat-tours-excursions-samana-bay-dominican-republic","product_tag-beach-time","product_tag-cayo-arena","product_tag-cayo-arena-samana","product_tag-locals-guides","product_tag-media-luna-el-seibo","product_tag-media-luna-in-miches","product_tag-media-luna-miches","product_tag-media-luna-snorkeling","product_tag-miches-hoteles","product_tag-miches-montana-redonda","product_tag-playa-esmeralda-miches","product_tag-samana","product_tag-samana-bay","product_tag-samana-excursions","product_tag-samana-tours","product_tag-snorkeling","product_tag-snorkeling-miches-media-luna"],"_links":{"self":[{"href":"https:\/\/www.boattoursamana.com\/tr\/wp-json\/wp\/v2\/product\/9464","targetHints":{"allow":["GET"]}}],"collection":[{"href":"https:\/\/www.boattoursamana.com\/tr\/wp-json\/wp\/v2\/product"}],"about":[{"href":"https:\/\/www.boattoursamana.com\/tr\/wp-json\/wp\/v2\/types\/product"}],"wp:featuredmedia":[{"embeddable":true,"href":"https:\/\/www.boattoursamana.com\/tr\/wp-json\/wp\/v2\/media\/9467"}],"wp:attachment":[{"href":"https:\/\/www.boattoursamana.com\/tr\/wp-json\/wp\/v2\/media?parent=9464"}],"wp:term":[{"taxonomy":"product_cat","embeddable":true,"href":"https:\/\/www.boattoursamana.com\/tr\/wp-json\/wp\/v2\/product_cat?post=9464"},{"taxonomy":"product_tag","embeddable":true,"href":"https:\/\/www.boattoursamana.com\/tr\/wp-json\/wp\/v2\/product_tag?post=9464"}],"curies":[{"name":"wp","href":"https:\/\/api.w.org\/{rel}","templated":true}]}}