{"id":9630,"date":"2019-10-14T14:05:44","date_gmt":"2019-10-14T14:05:44","guid":{"rendered":"https:\/\/www.ticketswhales.com\/?post_type=product&#038;p=9630"},"modified":"2023-11-10T17:32:15","modified_gmt":"2023-11-10T17:32:15","slug":"parasailing-tour-from-punta-cana","status":"publish","type":"product","link":"https:\/\/www.boattoursamana.com\/tr\/tur\/punta-canadan-deniz-parasutu-turu","title":{"rendered":"Punta Cana&#039;dan Parasailing Turu 95 USD."},"content":{"rendered":"<div class=\"vc_row wpb_row vc_row-fluid\" ><div class=\"wpb_column vc_column_container vc_col-sm-12\"><div class=\"vc_column-inner\"><div class=\"wpb_wrapper\"><div class=\"mkdf-section-title-holder\" style=\"text-align: left\">\n\t<div class=\"mkdf-st-inner\">\n\t\t\t\t\t<h5 class=\"mkdf-st-subtitle\" >\n\t\t\t\tPunta Cana Otellerinden\t\t\t<\/h5>\n\t\t\t\t\t\t\t<h3 class=\"mkdf-st-title\" >\n\t\t\t\tPunta Cana&#039;dan Parasailing Turu\t\t\t<\/h3>\n\t\t\t\t\t\t\t<p class=\"mkdf-st-text\" >\n\t\t\t\tNot: Bu tur sabah 07:00&#039;de ba\u015flamaktad\u0131r. Al\u0131m Otellerin Nerede Oldu\u011funa Ba\u011fl\u0131 Olarak Saat De\u011fi\u015febilir. A\u00e7\u0131klamam\u0131zda listelenmeyen Alanlarda Al\u0131m i\u00e7in ekstra \u00fccret.\t\t\t<\/p>\n\t\t\t<\/div>\n<\/div><\/div><\/div><\/div><\/div><div class=\"vc_row wpb_row vc_row-fluid\" ><div class=\"wpb_column vc_column_container vc_col-sm-12\"><div class=\"vc_column-inner\"><div class=\"wpb_wrapper\"><div class=\"vc_empty_space\"   style=\"height: 32px\"><span class=\"vc_empty_space_inner\"><\/span><\/div><\/div><\/div><\/div><\/div><div class=\"vc_row wpb_row vc_row-fluid\" ><div class=\"wpb_column vc_column_container vc_col-sm-12\"><div class=\"vc_column-inner\"><div class=\"wpb_wrapper\"><div class=\"vc_btn3-container vc_btn3-inline\" ><button class=\"vc_general vc_btn3 vc_btn3-size-md vc_btn3-shape-rounded vc_btn3-style-modern vc_btn3-color-green\">REZERVASYON YAP<\/button><\/div>\n\t<div class=\"wpb_text_column wpb_content_element\" >\n\t\t<div class=\"wpb_wrapper\">\n\t\t\t<h4><b><i>genel bak\u0131\u015f <\/i><\/b><\/h4>\n<div>\n<p>Punta Cana&#039;dan kalkan bu 40 dakikal\u0131k aktivite s\u0131ras\u0131nda Punta Cana\/Bavaro k\u0131y\u0131 \u015feridi \u00fczerinde deniz para\u015f\u00fct\u00fc yap\u0131n. 2001&#039;den bu yana 60.000&#039;den fazla u\u00e7u\u015fla Dominik Cumhuriyeti&#039;ndeki en deneyimli deniz para\u015f\u00fct\u00fc \u015firketlerinden birinin uzmanl\u0131\u011f\u0131ndan yararlan\u0131n. Havada y\u00fczlerce fit u\u00e7arken k\u0131y\u0131 boyunca uzanan plajlar\u0131n, turkuaz sular\u0131n ve geni\u015fleyen tatil yerlerinin nefes kesen manzaralar\u0131n\u0131 g\u00f6r\u00fcn. G\u00fcne\u015f kremi, mayo ve macera hissi getirin. Manzaral\u0131 hava turu Tekneyle seyahat edin ve manzaralar\u0131 sudan g\u00f6r\u00fcn Sabah veya \u00f6\u011fleden sonra ayr\u0131l\u0131\u015f se\u00e7imi \u00dccretsiz otelden alma ve b\u0131rakma dahildir<\/p>\n<\/div>\n<ul class=\"vcs-highlights\">\n<li>G\u00fcn boyunca birka\u00e7 kalk\u0131\u015f se\u00e7ene\u011fi<\/li>\n<li>Havadan harika manzaralar\u0131n keyfini \u00e7\u0131kar\u0131n<\/li>\n<li>Aile dostu<\/li>\n<li>Merkezi konumdaki bir bulu\u015fma noktas\u0131ndan alma<\/li>\n<li>Romantik deneyim, \u00e7iftler i\u00e7in m\u00fckemmel<\/li>\n<\/ul>\n<p>&nbsp;<\/p>\n<h4><b>Dahil Edilenler ve Hari\u00e7 Tutulanlar<\/b><\/h4>\n<p>&nbsp;<\/p>\n<p><b>Dahil olanlar<\/b><\/p>\n<p>&nbsp;<\/p>\n<ol>\n<li>Parasaling Turu<\/li>\n<li>Otelinizden otob\u00fcsle alma<\/li>\n<li style=\"font-weight: 400;\"><span style=\"font-weight: 400;\">T\u00fcm vergiler, \u00fccretler ve i\u015flem \u00fccretleri<\/span><\/li>\n<li style=\"font-weight: 400;\"><span style=\"font-weight: 400;\">Yerel vergiler<\/span><\/li>\n<li style=\"font-weight: 400;\"><span style=\"font-weight: 400;\">\u0130\u00e7ecekler<\/span><\/li>\n<\/ol>\n<p><b> \u0130stisnalar<\/b><\/p>\n<ol>\n<li style=\"font-weight: 400;\"><span style=\"font-weight: 400;\">Bah\u015fi\u015fler<\/span><\/li>\n<li>\u00d6\u011fle yeme\u011fi<\/li>\n<\/ol>\n<p>&nbsp;<\/p>\n<h4><em><strong>Gidi\u015f &amp; D\u00f6n\u00fc\u015f<\/strong><\/em><\/h4>\n<p><span style=\"font-weight: 400;\">Gezgin, Rezervasyon \u0130\u015fleminden sonra bir bulu\u015fma noktas\u0131 alacakt\u0131r. Turlar bulu\u015fma noktalar\u0131m\u0131zda ba\u015flar ve biter.<\/span><\/p>\n<p>&nbsp;<\/p>\n<h4><b><i>Ne bekleyebilece\u011finizi?<\/i><\/b><\/h4>\n<p>Havada 150 fit y\u00fckseldi\u011finizi, Bavaro \u2013 Punta Cana sahilinin muhte\u015fem manzaras\u0131 e\u015fli\u011finde dinlenirken serin r\u00fczgar\u0131n y\u00fcz\u00fcn\u00fcz\u00fc ok\u015fad\u0131\u011f\u0131n\u0131 hayal edin. Hayal kurmay\u0131 b\u0131rak\u0131n ve ger\u00e7ekten unutulmaz bir deneyim olan heyecan verici deniz para\u015f\u00fct\u00fc yolculu\u011funda bize kat\u0131l\u0131n. S\u00fcr\u00fc\u015f heyecan\u0131n\u0131 ya\u015farken sadece g\u00fcne\u015f kremi ve mayoya ihtiyac\u0131n\u0131z var. Dominik Cumhuriyeti&#039;nin \u00f6nde gelen parasail \u015firketi ile u\u00e7un. 2001&#039;den bu yana 60.000&#039;den fazla u\u00e7u\u015fla, yetenekli kaptanlar\u0131m\u0131z ve m\u00fcrettebat\u0131m\u0131z sekt\u00f6rdeki en deneyimli ki\u015filer aras\u0131ndad\u0131r.<\/p>\n<p><strong>Masa saati:<\/strong><\/p>\n<p>07:00 \u2013 19:00\u2026 Bulundu\u011funuz Punta Cana&#039;ya g\u00f6re saat de\u011fi\u015fikli\u011fi.<\/p>\n<p>&nbsp;<\/p>\n<h4><em><strong>Ne getirmelisin?<\/strong><\/em><\/h4>\n<ul>\n<li style=\"font-weight: 400;\"><span style=\"font-weight: 400;\">Kamera<\/span><\/li>\n<li style=\"font-weight: 400;\"><span style=\"font-weight: 400;\">Kovucu tomurcuklar<\/span><\/li>\n<li style=\"font-weight: 400;\"><span style=\"font-weight: 400;\">G\u00fcne\u015f kremi<\/span><\/li>\n<li style=\"font-weight: 400;\"><span style=\"font-weight: 400;\">\u015eapka<\/span><\/li>\n<li style=\"font-weight: 400;\"><span style=\"font-weight: 400;\">rahat pantolon<\/span><\/li>\n<li style=\"font-weight: 400;\"><span style=\"font-weight: 400;\">Orman i\u00e7in y\u00fcr\u00fcy\u00fc\u015f ayakkab\u0131s\u0131<\/span><\/li>\n<li style=\"font-weight: 400;\"><span style=\"font-weight: 400;\">Sahile giden sandaletler<\/span><\/li>\n<li style=\"font-weight: 400;\"><span style=\"font-weight: 400;\">Y\u00fczme giysileri<\/span><\/li>\n<li>Hat\u0131ra E\u015fyas\u0131 i\u00e7in nakit<\/li>\n<\/ul>\n<p>&nbsp;<\/p>\n<h4><b><i>otelden alma <\/i><\/b><\/h4>\n<p><span style=\"font-weight: 400;\">Gezgin alma sunulmaktad\u0131r!<\/span><\/p>\n<p><span style=\"font-weight: 400;\">Punta Cana&#039;daki t\u00fcm Otellerden al\u0131yoruz. Al\u0131\u015f Yeri Otel Lobisidir<br \/>\nB\u00f6lgede bir apartman dairesinde kal\u0131yorsan\u0131z, sizi apartman dairesinden veya en yak\u0131n tesisin giri\u015finden alaca\u011f\u0131z.. Whatsapp ile bizimle ileti\u015fime ge\u00e7erek Pick up ayarlad\u0131k.<\/span><\/p>\n<p><b>Not:<\/b><span style=\"font-weight: 400;\"> Tur\/Gezi kalk\u0131\u015f saatinden sonraki 24 saat i\u00e7inde rezervasyon yap\u0131yorsan\u0131z, otelden alma ayarlayabiliriz. Sat\u0131n alma i\u015fleminiz tamamland\u0131\u011f\u0131nda, teslim alma d\u00fczenlemelerini organize etmesi i\u00e7in size yerel Tur rehberimizin eksiksiz ileti\u015fim bilgilerini (telefon numaras\u0131, e-posta adresi vb.) g\u00f6nderece\u011fiz.<\/span><\/p>\n<h4><b><i>Ek Bilgi Onay\u0131 <\/i><\/b><\/h4>\n<ol>\n<li>Biletler, bu Turu \u00f6dedikten sonra Makbuzdur. \u00d6demeyi telefonunuzda g\u00f6sterebilirsiniz.<\/li>\n<li style=\"font-weight: 400;\"><span style=\"font-weight: 400;\">Bulu\u015fma Noktas\u0131 Rezervasyon \u0130\u015fleminden Sonra Al\u0131nacakt\u0131r.<\/span><\/li>\n<li style=\"font-weight: 400;\"><span style=\"font-weight: 400;\">\u00c7ocuklara bir yeti\u015fkin e\u015flik etmelidir.<\/span><\/li>\n<li style=\"font-weight: 400;\"><span style=\"font-weight: 400;\">tekerlekli sandalye eri\u015filebilir <\/span><\/li>\n<li style=\"font-weight: 400;\"><span style=\"font-weight: 400;\">Bebekler kuca\u011fa oturmal\u0131 <\/span><\/li>\n<li style=\"font-weight: 400;\"><span style=\"font-weight: 400;\">\u00c7o\u011fu gezgin kat\u0131labilir<\/span><\/li>\n<\/ol>\n<h4><b><i>\u0130ptal politikas\u0131<\/i><\/b><\/h4>\n<p>Tam para iadesi i\u00e7in l\u00fctfen \u0130ptal politikalar\u0131m\u0131z\u0131 okuyun\u00a0<a href=\"https:\/\/www.boattoursamana.com\/tr\/cevrimici-rezervasyon\/\" target=\"_blank\" rel=\"noopener\" data-saferedirecturl=\"https:\/\/www.google.com\/url?q=https:\/\/www.boattoursamana.com\/online-booking\/&amp;source=gmail&amp;ust=1672532492004000&amp;usg=AOvVaw3ylqI1cdbIPTimEqEWneyd\">Buraya T\u0131kla<\/a>. Seyahatle ayn\u0131 g\u00fcn rezervasyon iptal edilirse para kaybedilecektir.<\/p>\n\n\t\t<\/div>\n\t<\/div>\n<\/div><\/div><\/div><\/div><div class=\"vc_row wpb_row vc_row-fluid\" ><div class=\"wpb_column vc_column_container vc_col-sm-12\"><div class=\"vc_column-inner\"><div class=\"wpb_wrapper\">\n\t<div class=\"wpb_text_column wpb_content_element\" >\n\t\t<div class=\"wpb_wrapper\">\n\t\t\t<h4>Bize Ula\u015f\u0131n?<\/h4>\n<h5><em><strong>Rezervasyon Maceralar\u0131<\/strong><\/em><\/h5>\n<p><em><strong>Yerliler<\/strong> ve <strong>uyruklular<\/strong> Tur Rehberleri ve Misafir Hizmetleri<\/em><\/p>\n<p><span class=\"text-turquoise\">Rezervasyonlar:<\/span> Dom s\u0131n\u0131rlar\u0131ndaki Turlar ve Geziler temsilci<\/p>\n\n\t\t<\/div>\n\t<\/div>\n<\/div><\/div><\/div><\/div><div class=\"vc_row wpb_row vc_row-fluid\" ><\/div><div class=\"wpb_column vc_column_container vc_col-sm-12\"><div class=\"vc_column-inner\"><div class=\"wpb_wrapper\"><\/div><\/div><\/div><div class=\"vc_empty_space\"   style=\"height: 32px\"><span class=\"vc_empty_space_inner\"><\/span><\/div><div class=\"vc_row wpb_row vc_row-fluid\" ><div class=\"wpb_column vc_column_container vc_col-sm-12\"><div class=\"vc_column-inner\"><div class=\"wpb_wrapper\"><div class=\"vc_btn3-container vc_btn3-inline\" ><button class=\"vc_general vc_btn3 vc_btn3-size-md vc_btn3-shape-rounded vc_btn3-style-modern vc_btn3-color-green\">REZERVASYON YAP<\/button><\/div><\/div><\/div><\/div><\/div>","protected":false},"excerpt":{"rendered":"<p>Punta Cana&#039;da parasailing inan\u0131lmaz bir macerad\u0131r ve Punta Cana&#039;da yap\u0131lacak en iyi \u015feylerden biridir. Yelken a\u00e7t\u0131\u011f\u0131n\u0131zda havada 200 feet y\u00fckseklikteki k\u0131y\u0131 \u015feridi kesinlikle \u00e7ok etkileyici.<\/p>\n<p>Parasailing ailenin t\u00fcm \u00fcyeleri i\u00e7in basit ve e\u011flenceli bir deneyimdir. Dominik Cumhuriyeti&#039;nin \u00f6nde gelen parasailing ve macera \u015firketi olan Parasailing ekibimiz, 16 y\u0131l\u0131 a\u015fk\u0131n u\u00e7u\u015f tecr\u00fcbesiyle Punta Cana&#039;n\u0131n en deneyimli ekibi aras\u0131ndad\u0131r.<span style=\"vertical-align: inherit;\"><span style=\"vertical-align: inherit;\">.<\/span><\/span><\/p>\n<p>G\u00fczel panoramik manzaran\u0131n tad\u0131n\u0131 \u00e7\u0131kar\u0131rken yakla\u015f\u0131k 15 dakikal\u0131k u\u00e7u\u015fun tad\u0131n\u0131 \u00e7\u0131karabilirsiniz.<\/p>\n<p><strong>Tur i\u00e7in tarih se\u00e7in:\u00a0<\/strong><\/p>","protected":false},"featured_media":9634,"template":"","meta":[],"product_cat":[253,948,468,972,349,294],"product_tag":[242,470,469,222,471,313,243],"class_list":["post-9630","product","type-product","status-publish","has-post-thumbnail","hentry","product_cat-tours-and-excursions","product_cat-1-punta-cana","product_cat-parasaling","product_cat-punta-cana-group-tours","product_cat-tours-and-excursion-punta-cana","product_cat-tours-excursions-punta-cana-dominican-republic","product_tag-catamaran","product_tag-parasail-punta-cana","product_tag-parasailing-in-punta-cana","product_tag-punta-cana","product_tag-punta-cana-catamaran-party-with-snorkeling-and-parasailing","product_tag-punta-cana-tours","product_tag-saona-island"],"_links":{"self":[{"href":"https:\/\/www.boattoursamana.com\/tr\/wp-json\/wp\/v2\/product\/9630","targetHints":{"allow":["GET"]}}],"collection":[{"href":"https:\/\/www.boattoursamana.com\/tr\/wp-json\/wp\/v2\/product"}],"about":[{"href":"https:\/\/www.boattoursamana.com\/tr\/wp-json\/wp\/v2\/types\/product"}],"wp:featuredmedia":[{"embeddable":true,"href":"https:\/\/www.boattoursamana.com\/tr\/wp-json\/wp\/v2\/media\/9634"}],"wp:attachment":[{"href":"https:\/\/www.boattoursamana.com\/tr\/wp-json\/wp\/v2\/media?parent=9630"}],"wp:term":[{"taxonomy":"product_cat","embeddable":true,"href":"https:\/\/www.boattoursamana.com\/tr\/wp-json\/wp\/v2\/product_cat?post=9630"},{"taxonomy":"product_tag","embeddable":true,"href":"https:\/\/www.boattoursamana.com\/tr\/wp-json\/wp\/v2\/product_tag?post=9630"}],"curies":[{"name":"wp","href":"https:\/\/api.w.org\/{rel}","templated":true}]}}