{"id":9639,"date":"2019-10-14T16:35:48","date_gmt":"2019-10-14T16:35:48","guid":{"rendered":"https:\/\/www.ticketswhales.com\/?post_type=product&#038;p=9639"},"modified":"2023-02-21T17:56:59","modified_gmt":"2023-02-21T17:56:59","slug":"four-adventures-parasailing-snorkeling-cruise-sharks-rays-in-natural-pools-from-punta-cana","status":"publish","type":"product","link":"https:\/\/www.boattoursamana.com\/tr\/tur\/punta-canadan-dogal-havuzlarda-dort-macera-parasailing-snorkel-seyir-kopekbaliklari-isinlari-2","title":{"rendered":"D\u00f6rt Macera: Parasailing, \u015enorkel Gezisi, Punta Cana&#039;dan Do\u011fal Havuzlarda K\u00f6pekbal\u0131klar\u0131 ve Vatozlar"},"content":{"rendered":"<div class=\"vc_row wpb_row vc_row-fluid\" ><div class=\"wpb_column vc_column_container vc_col-sm-12\"><div class=\"vc_column-inner\"><div class=\"wpb_wrapper\"><div class=\"mkdf-section-title-holder\" style=\"text-align: left\">\n\t<div class=\"mkdf-st-inner\">\n\t\t\t\t\t<h5 class=\"mkdf-st-subtitle\" >\n\t\t\t\tPunta Cana Otellerinden\t\t\t<\/h5>\n\t\t\t\t\t\t\t<h3 class=\"mkdf-st-title\" >\n\t\t\t\tD\u00f6rt Macera: Parasailing, \u015enorkel Gezisi, Punta Cana&#039;dan Do\u011fal Havuzlarda K\u00f6pekbal\u0131klar\u0131 ve Vatozlar\t\t\t<\/h3>\n\t\t\t\t\t\t\t<p class=\"mkdf-st-text\" >\n\t\t\t\tNot: Bu tur 07:00 ile 16:00 saatleri aras\u0131nda farkl\u0131 saatlerde ba\u015flamaktad\u0131r. Ayr\u0131ca, Yunuslar\u0131 g\u00f6rmenize izin verilir, ancak Yunuslarla Y\u00fczmeye izin verilmez. Al\u0131m Otellerin Nerede Oldu\u011funa G\u00f6re Saat De\u011fi\u015febilir. A\u00e7\u0131klamam\u0131zda listelenmeyen Alanlarda Al\u0131m i\u00e7in ekstra \u00fccret.\t\t\t<\/p>\n\t\t\t<\/div>\n<\/div><\/div><\/div><\/div><\/div><div class=\"vc_row wpb_row vc_row-fluid\" ><div class=\"wpb_column vc_column_container vc_col-sm-12\"><div class=\"vc_column-inner\"><div class=\"wpb_wrapper\"><div class=\"vc_empty_space\"   style=\"height: 32px\"><span class=\"vc_empty_space_inner\"><\/span><\/div><\/div><\/div><\/div><\/div><div class=\"vc_row wpb_row vc_row-fluid\" ><div class=\"wpb_column vc_column_container vc_col-sm-12\"><div class=\"vc_column-inner\"><div class=\"wpb_wrapper\"><div class=\"vc_btn3-container vc_btn3-inline\" ><button class=\"vc_general vc_btn3 vc_btn3-size-md vc_btn3-shape-rounded vc_btn3-style-modern vc_btn3-color-green\">REZERVASYON YAP<\/button><\/div>\n\t<div class=\"wpb_text_column wpb_content_element\" >\n\t\t<div class=\"wpb_wrapper\">\n\t\t\t<h4><b><i>genel bak\u0131\u015f <\/i><\/b><\/h4>\n<div>\n<p>Punta Cana&#039;dan gelen bu destans\u0131 turla d\u00f6rt maceran\u0131n heyecan\u0131n\u0131 bir arada ya\u015fay\u0131n. \u00c7ift katl\u0131 bir katamaranda rahatlay\u0131n, denizin harikalar\u0131n\u0131 ke\u015ffedin ve deniz ya\u015fam\u0131yla yak\u0131n temaslar\u0131n tad\u0131n\u0131 \u00e7\u0131kar\u0131n. Tropikal bal\u0131klarla \u00e7evrili muhte\u015fem bir bariyer resifinde \u015fnorkelle y\u00fczecek ve k\u00f6pekbal\u0131klar\u0131 ve vatozlarla tamamlanm\u0131\u015f interaktif bir deniz g\u00f6sterisinin e\u011flencesini ya\u015fayacaks\u0131n\u0131z. Bu pop\u00fcler tur se\u00e7ene\u011fi, \u00e7evredeki en iyi parti teknesinde s\u0131n\u0131rs\u0131z i\u00e7ki i\u00e7erir ve aileniz ve arkada\u015flar\u0131n\u0131zla e\u011flenmek i\u00e7in m\u00fckemmeldir. Sualt\u0131 ya\u015fam\u0131n\u0131n tad\u0131na bakt\u0131ktan sonra, su y\u00fczeyinin 150 fit yukar\u0131s\u0131nda heyecan verici bir parasail ile onu yukar\u0131dan ke\u015ffedin!<\/p>\n<\/div>\n<ul class=\"vcs-highlights\">\n<li>G\u00fcn boyunca birka\u00e7 kalk\u0131\u015f se\u00e7ene\u011fi<\/li>\n<li>deniz severler i\u00e7in<\/li>\n<li>Havadan harika manzaralar\u0131n keyfini \u00e7\u0131kar\u0131n<\/li>\n<li>Aile dostu<\/li>\n<li>Merkezi konumdaki bir bulu\u015fma noktas\u0131ndan alma<\/li>\n<li>Romantik deneyim, \u00e7iftler i\u00e7in m\u00fckemmel<\/li>\n<\/ul>\n<p>&nbsp;<\/p>\n<h4><b>Dahil Edilenler ve Hari\u00e7 Tutulanlar<\/b><\/h4>\n<p>&nbsp;<\/p>\n<p><b>Dahil olanlar<\/b><\/p>\n<p>&nbsp;<\/p>\n<ol>\n<li>Parasaling Turu<\/li>\n<li>Do\u011fal Havuzlarda \u015enorkel Gezisi, K\u00f6pekbal\u0131klar\u0131 ve Vatozlar<\/li>\n<li>Otelinizden otob\u00fcsle alma<\/li>\n<li style=\"font-weight: 400;\"><span style=\"font-weight: 400;\">T\u00fcm vergiler, \u00fccretler ve i\u015flem \u00fccretleri<\/span><\/li>\n<li style=\"font-weight: 400;\"><span style=\"font-weight: 400;\">Yerel vergiler<\/span><\/li>\n<li style=\"font-weight: 400;\"><span style=\"font-weight: 400;\">\u0130\u00e7ecekler<\/span><\/li>\n<\/ol>\n<p><b> \u0130stisnalar<\/b><\/p>\n<ol>\n<li style=\"font-weight: 400;\"><span style=\"font-weight: 400;\">Bah\u015fi\u015fler<\/span><\/li>\n<li>\u00d6\u011fle yeme\u011fi<\/li>\n<\/ol>\n<p>&nbsp;<\/p>\n<h4><em><strong>Gidi\u015f &amp; D\u00f6n\u00fc\u015f<\/strong><\/em><\/h4>\n<p><span style=\"font-weight: 400;\">Gezgin, Rezervasyon \u0130\u015fleminden sonra bir bulu\u015fma noktas\u0131 alacakt\u0131r. Turlar bulu\u015fma noktalar\u0131m\u0131zda ba\u015flar ve biter.<\/span><\/p>\n<p>&nbsp;<\/p>\n<h4><b><i>Ne bekleyebilece\u011finizi?<\/i><\/b><\/h4>\n<p>Punta Cana otelinizden g\u00fczel bir \u00e7ift katl\u0131 katamarana kadar klimal\u0131 konforda seyahat edin ve uzman bir ekiple Punta Cana&#039;n\u0131n b\u00fcy\u00fcleyici g\u00fczelli\u011fine yolculuk yap\u0131n. Bavaro Plaj\u0131&#039;n\u0131 gezin ve profesyonel dalg\u0131\u00e7lar\u0131n g\u00f6zetiminde mercan resifleri ve tropikal bal\u0131klar aras\u0131nda \u015fnorkel yap\u0131n. Ard\u0131ndan, vatozlar ve uysal k\u00f6pekbal\u0131klar\u0131yla yak\u0131n bir kar\u015f\u0131la\u015fma ya\u015fayaca\u011f\u0131n\u0131z bir deniz park\u0131na gidin. Bu dev yarat\u0131klarla \u00e7evrili y\u00fcz\u00fcn ve \u015fnorkel yap\u0131n ve rehber ekibinizden daha derin bilgiler edinin.<\/p>\n<p>Ard\u0131ndan, y\u00fczece\u011finiz ve elinizde so\u011fuk bir bira ile rahatlayaca\u011f\u0131n\u0131z serinletici do\u011fal havuzda zaman\u0131n tad\u0131n\u0131 \u00e7\u0131karacaks\u0131n\u0131z. Y\u00fczen bir bardan kendinizi \u015f\u0131mart\u0131n ve bu inan\u0131lmaz ada ortam\u0131nda yerel bir DJ&#039;in tempolu vuru\u015flar\u0131n\u0131 dinleyin.<\/p>\n<p>Okyanustaki berrak sular\u0131n heyecan\u0131n\u0131 oyunlar, i\u00e7kiler ve e\u011flencelerle ya\u015fay\u0131n. Turunuz, Cortesito Plaj\u0131&#039;ndan destans\u0131 bir parasailing maceras\u0131yla sona eriyor. Bir g\u00fcvenlik genel bak\u0131\u015f\u0131ndan sonra, b\u00fcy\u00fcleyici mavi sular\u0131n \u00fczerinde g\u00f6ky\u00fcz\u00fcne u\u00e7acak ve cennette s\u00fcz\u00fcl\u00fcrken inan\u0131lmaz tropikal manzaralar\u0131n tad\u0131n\u0131 \u00e7\u0131karacaks\u0131n\u0131z. Ula\u015f\u0131m\u0131n\u0131z ile otelinize d\u00f6nmeden \u00f6nce g\u00fcvenli bir \u015fekilde k\u0131y\u0131ya geri d\u00f6neceksiniz.<\/p>\n<p><strong>Masa saati:<\/strong><\/p>\n<p>07:00 \u2013 16:00\u2026 Bulundu\u011funuz Punta Cana&#039;ya g\u00f6re saat de\u011fi\u015fikli\u011fi. Saati ayarlamak i\u00e7in bizimle ileti\u015fime ge\u00e7in.<\/p>\n<p>&nbsp;<\/p>\n<h4><em><strong>Ne getirmelisin?<\/strong><\/em><\/h4>\n<ul>\n<li style=\"font-weight: 400;\"><span style=\"font-weight: 400;\">Kamera<\/span><\/li>\n<li style=\"font-weight: 400;\"><span style=\"font-weight: 400;\">Kovucu tomurcuklar<\/span><\/li>\n<li style=\"font-weight: 400;\"><span style=\"font-weight: 400;\">G\u00fcne\u015f kremi<\/span><\/li>\n<li style=\"font-weight: 400;\"><span style=\"font-weight: 400;\">\u015eapka<\/span><\/li>\n<li style=\"font-weight: 400;\"><span style=\"font-weight: 400;\">rahat pantolon<\/span><\/li>\n<li style=\"font-weight: 400;\"><span style=\"font-weight: 400;\">Orman i\u00e7in y\u00fcr\u00fcy\u00fc\u015f ayakkab\u0131s\u0131<\/span><\/li>\n<li style=\"font-weight: 400;\"><span style=\"font-weight: 400;\">Sahile giden sandaletler<\/span><\/li>\n<li style=\"font-weight: 400;\"><span style=\"font-weight: 400;\">Y\u00fczme giysileri<\/span><\/li>\n<li>Hat\u0131ra E\u015fyas\u0131 i\u00e7in nakit<\/li>\n<\/ul>\n<p>&nbsp;<\/p>\n<h4><b><i>otelden alma <\/i><\/b><\/h4>\n<p><span style=\"font-weight: 400;\">Gezgin alma sunulmaktad\u0131r!<\/span><\/p>\n<p><span style=\"font-weight: 400;\">Punta Cana&#039;daki t\u00fcm Otellerden al\u0131yoruz. Al\u0131\u015f Yeri Otel Lobisidir<br \/>\nB\u00f6lgede bir apartman dairesinde kal\u0131yorsan\u0131z, sizi apartman dairesinden veya en yak\u0131n tesisin giri\u015finden alaca\u011f\u0131z.. Whatsapp ile bizimle ileti\u015fime ge\u00e7erek Pick up ayarlad\u0131k.<\/span><\/p>\n<p><b>Not:<\/b><span style=\"font-weight: 400;\"> Tur\/Gezi kalk\u0131\u015f saatinden sonraki 24 saat i\u00e7inde rezervasyon yap\u0131yorsan\u0131z, otelden alma ayarlayabiliriz. Sat\u0131n alma i\u015fleminiz tamamland\u0131\u011f\u0131nda, teslim alma d\u00fczenlemelerini organize etmesi i\u00e7in size yerel Tur rehberimizin eksiksiz ileti\u015fim bilgilerini (telefon numaras\u0131, e-posta adresi vb.) g\u00f6nderece\u011fiz.<\/span><\/p>\n<h4><b><i>Ek Bilgi Onay\u0131 <\/i><\/b><\/h4>\n<ol>\n<li>Biletler, bu Turu \u00f6dedikten sonra Makbuzdur. \u00d6demeyi telefonunuzda g\u00f6sterebilirsiniz.<\/li>\n<li style=\"font-weight: 400;\"><span style=\"font-weight: 400;\">Bulu\u015fma Noktas\u0131 Rezervasyon \u0130\u015fleminden Sonra Al\u0131nacakt\u0131r.<\/span><\/li>\n<li style=\"font-weight: 400;\"><span style=\"font-weight: 400;\">\u00c7ocuklara bir yeti\u015fkin e\u015flik etmelidir.<\/span><\/li>\n<li style=\"font-weight: 400;\"><span style=\"font-weight: 400;\">tekerlekli sandalye eri\u015filebilir <\/span><\/li>\n<li style=\"font-weight: 400;\"><span style=\"font-weight: 400;\">Bebekler kuca\u011fa oturmal\u0131 <\/span><\/li>\n<li style=\"font-weight: 400;\"><span style=\"font-weight: 400;\">\u00c7o\u011fu gezgin kat\u0131labilir<\/span><\/li>\n<\/ol>\n<h4><b><i>\u0130ptal politikas\u0131<\/i><\/b><\/h4>\n<p>Tam para iadesi i\u00e7in l\u00fctfen \u0130ptal politikalar\u0131m\u0131z\u0131 okuyun\u00a0<a href=\"https:\/\/www.boattoursamana.com\/tr\/cevrimici-rezervasyon\/\" target=\"_blank\" rel=\"noopener\" data-saferedirecturl=\"https:\/\/www.google.com\/url?q=https:\/\/www.boattoursamana.com\/online-booking\/&amp;source=gmail&amp;ust=1672532492004000&amp;usg=AOvVaw3ylqI1cdbIPTimEqEWneyd\">Buraya T\u0131kla<\/a>. Seyahatle ayn\u0131 g\u00fcn rezervasyon iptal edilirse para kaybedilecektir.<\/p>\n\n\t\t<\/div>\n\t<\/div>\n<\/div><\/div><\/div><\/div><div class=\"vc_row wpb_row vc_row-fluid\" ><div class=\"wpb_column vc_column_container vc_col-sm-12\"><div class=\"vc_column-inner\"><div class=\"wpb_wrapper\">\n\t<div class=\"wpb_text_column wpb_content_element\" >\n\t\t<div class=\"wpb_wrapper\">\n\t\t\t<h4>Bize Ula\u015f\u0131n?<\/h4>\n<h5><em><strong>Rezervasyon Maceralar\u0131<\/strong><\/em><\/h5>\n<p><em><strong>Yerliler<\/strong> ve <strong>uyruklular<\/strong> Tur Rehberleri ve Misafir Hizmetleri<\/em><\/p>\n<p><span class=\"text-turquoise\">Rezervasyonlar:<\/span> Dom s\u0131n\u0131rlar\u0131ndaki Turlar ve Geziler temsilci<\/p>\n\n\t\t<\/div>\n\t<\/div>\n<\/div><\/div><\/div><\/div><div class=\"vc_row wpb_row vc_row-fluid\" ><\/div><div class=\"wpb_column vc_column_container vc_col-sm-12\"><div class=\"vc_column-inner\"><div class=\"wpb_wrapper\"><\/div><\/div><\/div><div class=\"vc_empty_space\"   style=\"height: 32px\"><span class=\"vc_empty_space_inner\"><\/span><\/div><div class=\"vc_empty_space\"   style=\"height: 32px\"><span class=\"vc_empty_space_inner\"><\/span><\/div><div class=\"vc_row wpb_row vc_row-fluid\" ><div class=\"wpb_column vc_column_container vc_col-sm-12\"><div class=\"vc_column-inner\"><div class=\"wpb_wrapper\"><div class=\"vc_btn3-container vc_btn3-inline\" ><button class=\"vc_general vc_btn3 vc_btn3-size-md vc_btn3-shape-rounded vc_btn3-style-modern vc_btn3-color-green\">REZERVASYON YAP<\/button><\/div><\/div><\/div><\/div><\/div>","protected":false},"excerpt":{"rendered":"<p><span style=\"vertical-align: inherit;\"><span style=\"vertical-align: inherit;\"><span style=\"vertical-align: inherit;\"><span style=\"vertical-align: inherit;\">Punta Cana&#039;da Parasailing, inan\u0131lmaz bir macera ve Punta Cana&#039;da hacer i\u00e7in en b\u00fcy\u00fck f\u0131rsatlardan biri. <\/span><\/span><\/span><span style=\"vertical-align: inherit;\"><span style=\"vertical-align: inherit;\"><span style=\"vertical-align: inherit;\">Havadaki 200 turtan\u0131n maliyeti, \u00e7ok lezzetli, kesinlikle etkileyici.<\/span><\/span><\/span><\/span><\/p>\n<p><span style=\"vertical-align: inherit;\"><span style=\"vertical-align: inherit;\"><span style=\"vertical-align: inherit;\"><span style=\"vertical-align: inherit;\">Parasailing, t\u00fcm aile ortam\u0131 i\u00e7in harika bir deneyim ve e\u011flencedir. <\/span><\/span><\/span><span style=\"vertical-align: inherit;\"><span style=\"vertical-align: inherit;\"><span style=\"vertical-align: inherit;\">Dominika Cumhuriyeti&#039;nde parasailing&#039;in ana i\u015fletmesi ve maceras\u0131 olarak, Parasailing&#039;in yeni ekipman\u0131 Punta Cana&#039;da daha fazla deneyim kazand\u0131, en fazla 16 y\u0131l deneyimle. <\/span><\/span><\/span><span style=\"vertical-align: inherit;\"><span style=\"vertical-align: inherit;\"><span style=\"vertical-align: inherit;\">Panoramik manzaran\u0131n meyvelerini 15 dakika i\u00e7inde k\u0131rabilirsiniz.<\/span><\/span><\/span><\/span><\/p>\n<p>&nbsp;<\/p>\n<p><em><strong><span style=\"vertical-align: inherit;\"><span style=\"vertical-align: inherit;\"><span style=\"vertical-align: inherit;\"><span style=\"vertical-align: inherit;\">Tur i\u00e7in bir masa se\u00e7in\u00a0<\/span><\/span><\/span><\/span><\/strong><\/em><\/p>","protected":false},"featured_media":11681,"template":"","meta":[],"product_cat":[253,948,468,473,349,294],"product_tag":[242,480,474,478,477,470,469,222,471,479,313,482,243,476,475,481],"class_list":["post-9639","product","type-product","status-publish","has-post-thumbnail","hentry","product_cat-tours-and-excursions","product_cat-1-punta-cana","product_cat-parasaling","product_cat-sharks-rays-in-natural-pools","product_cat-tours-and-excursion-punta-cana","product_cat-tours-excursions-punta-cana-dominican-republic","product_tag-catamaran","product_tag-cheap-punta-cana-excursions","product_tag-four-adventures-parasailing","product_tag-natural-pool-punta-cana","product_tag-natural-swimming-pool-punta-cana","product_tag-parasail-punta-cana","product_tag-parasailing-in-punta-cana","product_tag-punta-cana","product_tag-punta-cana-catamaran-party-with-snorkeling-and-parasailing","product_tag-punta-cana-sharks","product_tag-punta-cana-tours","product_tag-rays-from-punta-cana","product_tag-saona-island","product_tag-sharks-rays-in-natural-pools-from-punta-cana","product_tag-snorkeling-cruise","product_tag-swimming-with-sharks-punta-cana"],"_links":{"self":[{"href":"https:\/\/www.boattoursamana.com\/tr\/wp-json\/wp\/v2\/product\/9639","targetHints":{"allow":["GET"]}}],"collection":[{"href":"https:\/\/www.boattoursamana.com\/tr\/wp-json\/wp\/v2\/product"}],"about":[{"href":"https:\/\/www.boattoursamana.com\/tr\/wp-json\/wp\/v2\/types\/product"}],"wp:featuredmedia":[{"embeddable":true,"href":"https:\/\/www.boattoursamana.com\/tr\/wp-json\/wp\/v2\/media\/11681"}],"wp:attachment":[{"href":"https:\/\/www.boattoursamana.com\/tr\/wp-json\/wp\/v2\/media?parent=9639"}],"wp:term":[{"taxonomy":"product_cat","embeddable":true,"href":"https:\/\/www.boattoursamana.com\/tr\/wp-json\/wp\/v2\/product_cat?post=9639"},{"taxonomy":"product_tag","embeddable":true,"href":"https:\/\/www.boattoursamana.com\/tr\/wp-json\/wp\/v2\/product_tag?post=9639"}],"curies":[{"name":"wp","href":"https:\/\/api.w.org\/{rel}","templated":true}]}}