{"id":9913,"date":"2020-03-29T08:08:03","date_gmt":"2020-03-29T08:08:03","guid":{"rendered":"https:\/\/www.ticketswhales.com\/Tours-Excursions\/uncategorized\/import-placeholder-for-9853\/"},"modified":"2023-03-25T08:06:44","modified_gmt":"2023-03-25T08:06:44","slug":"samana-whale-watching-from-las-terrenas-hotels-half-day-trip-for-whale-watching","status":"publish","type":"product","link":"https:\/\/www.boattoursamana.com\/tr\/tur\/las-terrenas-otellerinden-balina-izleme-yarim-gun-gezisinden-samana-balina-izleme-2","title":{"rendered":"Las Terrenas Otellerinden Saman\u00e1 Balina \u0130zleme. Balina izlemek i\u00e7in Yar\u0131m G\u00fcnl\u00fck Gezi."},"content":{"rendered":"<div class=\"vc_row wpb_row vc_row-fluid\" ><div class=\"wpb_column vc_column_container vc_col-sm-12\"><div class=\"vc_column-inner\"><div class=\"wpb_wrapper\"><div class=\"mkdf-section-title-holder\" style=\"text-align: left\">\n\t<div class=\"mkdf-st-inner\">\n\t\t\t\t\t<h5 class=\"mkdf-st-subtitle\" >\n\t\t\t\tLas Terrenas Otellerinden Samana Balina \u0130zleme. Balina izlemek i\u00e7in Yar\u0131m G\u00fcnl\u00fck Gezi.\t\t\t<\/h5>\n\t\t\t\t\t\t\t<h3 class=\"mkdf-st-title\" >\n\t\t\t\tLas Terrenas'tan Samana K\u00f6rfezi'ne Balina G\u00f6zlemcili\u011fi\t\t\t<\/h3>\n\t\t\t\t\t<\/div>\n<\/div><div class=\"vc_btn3-container vc_btn3-inline\" ><a class=\"vc_general vc_btn3 vc_btn3-size-md vc_btn3-shape-rounded vc_btn3-style-modern vc_btn3-color-green\" href=\"https:\/\/bookingadventures.tours\/booking.php?tour_id=1fac9dad475945457a173ae31c2897d2\" title=\"\" rel=\"noopener\">REZERVASYON YAP<\/a><\/div><\/div><\/div><\/div><\/div><div class=\"wpb_column vc_column_container vc_col-sm-12\"><div class=\"vc_column-inner\"><div class=\"wpb_wrapper\"><\/div><\/div><\/div><div class=\"vc_row wpb_row vc_row-fluid\" ><div class=\"wpb_column vc_column_container vc_col-sm-12\"><div class=\"vc_column-inner\"><div class=\"wpb_wrapper\">\n\t<div class=\"wpb_text_column wpb_content_element\" >\n\t\t<div class=\"wpb_wrapper\">\n\t\t\t<div class=\"vc_row wpb_row vc_row-fluid\">\n<div class=\"wpb_column vc_column_container vc_col-sm-12\">\n<div class=\"vc_column-inner\">\n<div class=\"wpb_wrapper\">\n<div class=\"wpb_text_column wpb_content_element\">\n<div class=\"wpb_wrapper\">\n<div class=\"vc_row wpb_row vc_row-fluid\">\n<div class=\"wpb_column vc_column_container vc_col-sm-12\">\n<div class=\"vc_column-inner\">\n<div class=\"wpb_wrapper\">\n<div class=\"wpb_text_column wpb_content_element\">\n<div class=\"wpb_wrapper\">\n<h4><b><i>Genel Bak\u0131\u015f\ud83d\udc33<\/i><\/b><\/h4>\n<p>Balina Las Terrenas, Las Terrenas otellerinden Saman\u00e1 Koyu&#039;nda balina izleme yar\u0131m g\u00fcnl\u00fck gezi. Konforlu, klimal\u0131 bir otob\u00fcsle Saman\u00e1 koyuna seyahat edin, ard\u0131ndan bir tekneye transfer olun. B\u00f6lgeyi \u00fcremek ve yavrular\u0131n\u0131 do\u011furmak i\u00e7in ziyaret eden kambur balina s\u00fcr\u00fclerini aramak i\u00e7in a\u00e7\u0131k sulara \u00e7\u0131k\u0131n. Uzman do\u011fa bilimci rehberinizden bu deniz memelilerinin davran\u0131\u015flar\u0131 ve biyolojileri hakk\u0131nda bilgi edinin. Bu yar\u0131m g\u00fcnl\u00fck gezimizin ard\u0131ndan Las Terrenas&#039;taki bulu\u015fma noktam\u0131za geri d\u00f6n\u00fcyoruz.<\/p>\n<p>&nbsp;<\/p>\n<p><strong>Not:<\/strong>\u00a0Bu tur \u00d6zel de\u011fil.<\/p>\n<ul>\n<li>Balina \u0130zleme gezisi<\/li>\n<li>G\u00f6zlemevine giri\u015f \u00fccretleri<\/li>\n<li>Samana Safarisi<\/li>\n<li>Tekne Transferi<\/li>\n<li>Kaptan talimat ve Denetim sa\u011flar<\/li>\n<li>Tur rehberi<\/li>\n<\/ul>\n<p>&nbsp;<\/p>\n<h4><b>Dahil Edilenler ve Hari\u00e7 Tutulanlar<\/b><\/h4>\n<p>&nbsp;<\/p>\n<p><b>Dahil olanlar<\/b><\/p>\n<p>&nbsp;<\/p>\n<ol>\n<li>a\u00e7\u0131k b\u00fcfe \u00f6\u011fle yeme\u011fi<\/li>\n<li>Otellerden Transfer<\/li>\n<li>Tur rehberi<\/li>\n<li>Bot gezisi<\/li>\n<li>T\u00fcm vergiler, \u00fccretler ve i\u015flem \u00fccretleri<\/li>\n<li>Yerel vergiler<\/li>\n<li>\u0130\u00e7ecekler<\/li>\n<\/ol>\n<p><b>\u0130stisnalar<\/b><\/p>\n<ol>\n<li>Bah\u015fi\u015fler<\/li>\n<\/ol>\n<p>&nbsp;<\/p>\n<h4><em><strong>Gidi\u015f &amp; D\u00f6n\u00fc\u015f<\/strong><\/em><\/h4>\n<p>Gezgin, Rezervasyon \u0130\u015fleminden sonra bir bulu\u015fma noktas\u0131 alacakt\u0131r. Turlar bulu\u015fma noktalar\u0131m\u0131zda ba\u015flar ve biter.<\/p>\n<p>&nbsp;<\/p>\n<h3>Las Terrenas Otellerinden Samana Balina \u0130zleme. Balina izlemek i\u00e7in Yar\u0131m G\u00fcnl\u00fck Gezi.<\/h3>\n<h4><b><i>Ne bekleyebilece\u011finizi?<\/i><\/b><\/h4>\n<p>Kambur balinalar do\u011fum yapmak ve \u00e7iftle\u015fmek i\u00e7in Samana K\u00f6rfezi'ne gelirler. Balina g\u00f6zlemcili\u011fine yaln\u0131zca Ocak ay\u0131n\u0131n 15'inden Mart ay\u0131n\u0131n 15'ine kadar izin verilmektedir. Yakla\u015f\u0131k 12 metre boyunda ve 40 ton a\u011f\u0131rl\u0131\u011f\u0131ndaki balinalar, hayran g\u00f6zleriniz i\u00e7in unutulmaz bir manzara sunuyor. Bu muhte\u015fem memelinin havaya p\u00fcsk\u00fcr\u00fcrken \u00e7\u0131kard\u0131\u011f\u0131 g\u00fc\u00e7l\u00fc sesi duyma \u015fans\u0131n\u0131 ka\u00e7\u0131rmay\u0131n. Erkeklerin \u00e7iftle\u015fme rit\u00fceli olarak \"bayanlar\u0131\" etkilemek i\u00e7in kendilerini sudan d\u0131\u015far\u0131 f\u0131rlatmalar\u0131n\u0131 izleyin.<\/p>\n<p>Yeni do\u011fan buza\u011f\u0131lar\u0131n, t\u00fcm zamanlar\u0131n\u0131 onlar\u0131 ok\u015fayarak ve oynayarak ge\u00e7iren annelerine sar\u0131ld\u0131\u011f\u0131n\u0131 g\u00f6rmek \u00e7ok heyecan verici. Tur rehberimiz deniz memelileri konusunda uzmanla\u015fm\u0131\u015ft\u0131r ve bilgisi ile sizi \u015fa\u015f\u0131rtacak ve balinalar\u0131n yapt\u0131\u011f\u0131 her hareketi yorumlaman\u0131za yard\u0131mc\u0131 olacakt\u0131r.<\/p>\n<p>Sabah 09:00&#039;dan \u00f6\u011flen 12:00&#039;ye kadar Balina g\u00f6zlemevi ve Balina gezisinden sonra \u00f6\u011fle yeme\u011fi yiyece\u011fiz. Tur, ba\u015flayaca\u011f\u0131 limanda saat 13:30&#039;da sona erecektir. Bundan sonra Las Terrenas&#039;a geri d\u00f6nece\u011fiz.<\/p>\n<p><strong>Masa saati:<\/strong><\/p>\n<p>08:00 \u2013 13:30<\/p>\n<p>&nbsp;<\/p>\n<h4><em><strong>Ne getirmelisin?<\/strong><\/em><\/h4>\n<ul>\n<li>Kamera<\/li>\n<li>Kovucu tomurcuklar<\/li>\n<li>G\u00fcne\u015f kremi<\/li>\n<li>\u015eapka<\/li>\n<li>rahat pantolon<\/li>\n<li>Sahile giden sandaletler<\/li>\n<li>Y\u00fczme giysileri<\/li>\n<li>Hediyelik e\u015fyalar ve bah\u015fi\u015fler i\u00e7in nakit para<\/li>\n<\/ul>\n<p>&nbsp;<\/p>\n<h4><b><i>otelden alma<\/i><\/b><\/h4>\n<p>Bu tur i\u00e7in otelden alma hizmeti sunulmaktad\u0131r. Sadece Las Terrenas&#039;ta.<\/p>\n<p><b>Not:<\/b>\u00a0tur\/Gezi hareket saatinden sonraki 24 saat i\u00e7inde rezervasyon yap\u0131yorsan\u0131z, otelden alma ayarlayabiliriz. Sat\u0131n alma i\u015fleminiz tamamland\u0131\u011f\u0131nda, teslim alma d\u00fczenlemelerini organize etmesi i\u00e7in size yerel Tur rehberimizin eksiksiz ileti\u015fim bilgilerini (telefon numaras\u0131, e-posta adresi vb.) g\u00f6nderece\u011fiz.<\/p>\n<h4><b><i>Ek Bilgi Onay\u0131<\/i><\/b><\/h4>\n<ol>\n<li>Biletler, bu Turu \u00f6dedikten sonra Makbuzdur. \u00d6demeyi telefonunuzda g\u00f6sterebilirsiniz.<\/li>\n<li>Bulu\u015fma Noktas\u0131 Rezervasyon \u0130\u015fleminden Sonra Al\u0131nacakt\u0131r.<\/li>\n<li>\u00c7ocuklara bir yeti\u015fkin e\u015flik etmelidir.<\/li>\n<li>tekerlekli sandalye eri\u015filebilir<\/li>\n<li>Bebekler kuca\u011fa oturmal\u0131<\/li>\n<li>\u00c7o\u011fu gezgin kat\u0131labilir<\/li>\n<\/ol>\n<h4><b><i>\u0130ptal politikas\u0131<\/i><\/b><\/h4>\n<p>Tam para iadesi i\u00e7in, deneyimin ba\u015flang\u0131\u00e7 tarihinden en az 24 saat \u00f6nce iptal edin.<\/p>\n<\/div>\n<\/div>\n<\/div>\n<\/div>\n<\/div>\n<\/div>\n<\/div>\n<\/div>\n<\/div>\n<\/div>\n<\/div>\n<\/div>\n<div class=\"vc_row wpb_row vc_row-fluid\">\n<div class=\"wpb_column vc_column_container vc_col-sm-12\">\n<div class=\"vc_column-inner\">\n<div class=\"wpb_wrapper\">\n<div class=\"vc_empty_space\"><\/div>\n<div class=\"wpb_text_column wpb_content_element\">\n<div class=\"wpb_wrapper\">\n<h4>Bize Ula\u015f\u0131n?<\/h4>\n<h5><b><i>TUR BAL\u0130NALARI SAMANA<\/i><\/b><\/h5>\n<p><em><strong>Yerliler<\/strong>\u00a0ve\u00a0<strong>uyruklular<\/strong>\u00a0Tur Rehberleri ve Misafir Hizmetleri<\/em><\/p>\n<p><span class=\"text-turquoise\">Rezervasyonlar:<\/span>\u00a0Dom s\u0131n\u0131rlar\u0131ndaki Turlar ve Geziler temsilci<\/p>\n<p>\ud83d\udcde Tel \/ Whatsapp\u00a0\u00a0<a href=\"tel:+1-809-720-6035\">+1-809-720-6035<\/a>.<\/p>\n<p>\ud83d\udce9\u00a0<a href=\"mailto:reservabatour@gmail.com\">reservabatour@gmail.com<\/a><\/p>\n<p><strong>Whatsapp ile Esnek \u00d6zel Turlar Ayarl\u0131yoruz:\u00a0<a href=\"tel:+1 (829) 318-9463\">+1 (829) 318-9463.<\/a><\/strong><\/p>\n<\/div>\n<\/div>\n<\/div>\n<\/div>\n<\/div>\n<\/div>\n\n\t\t<\/div>\n\t<\/div>\n<\/div><\/div><\/div><\/div>","protected":false},"excerpt":{"rendered":"<p><span style=\"vertical-align: inherit;\"><span style=\"vertical-align: inherit;\">Las Terrenas&#039;taki otellerde, Dominika Cumhuriyeti, Saman\u00e1 Bah\u00eda de la santuario&#039;daki las ballenas jorobadas&#039;\u0131 ziyaret eden bir ziyaret\u00e7iyle birlikte. <\/span><span style=\"vertical-align: inherit;\">Saman\u00e1&#039;daki Terrenas&#039;taki balenlerin g\u00fcnl\u00fckleri. <\/span><span style=\"vertical-align: inherit;\">Las Terrenas&#039;taki Saman\u00e1 bah\u00eda&#039;da balenli balolar i\u00e7in baz\u0131 ki\u015filerle ileti\u015fim kurun.<\/span><\/span><\/p>\n<p>&nbsp;<\/p>\n<p><em><strong><span style=\"vertical-align: inherit;\"><span style=\"vertical-align: inherit;\">Gezi gezisini se\u00e7in:<\/span><\/span><\/strong><\/em><\/p>","protected":false},"featured_media":12070,"template":"","meta":[],"product_cat":[159,655,273],"product_tag":[631,184,328,480,380,651,267,522,652,649,327,199,526,342,653,276,529,274,654],"class_list":["post-9913","product","type-product","status-publish","has-post-thumbnail","hentry","product_cat-fees-entrace","product_cat-1-samana","product_cat-whale-watching-samana","product_tag-631","product_tag-bacardi-island","product_tag-cayo-levantado-day-pass","product_tag-cheap-punta-cana-excursions","product_tag-el-limon-waterfall-and-bacardi-island-tour-from-punta-cana","product_tag-half-day-whale-watching-las-terrenas","product_tag-las-terrenas","product_tag-las-terrenas-excursions","product_tag-las-terrenas-whale-watching","product_tag-limon-from-punta-cana","product_tag-private-tours-samana","product_tag-samana-bay","product_tag-samana-day-trip","product_tag-samana-whale-watching","product_tag-whale-las-terrenas","product_tag-whale-samana","product_tag-whale-watching-2020","product_tag-whale-watching-dominican-republic","product_tag-whale-watching-trips-las-terrenas"],"_links":{"self":[{"href":"https:\/\/www.boattoursamana.com\/tr\/wp-json\/wp\/v2\/product\/9913","targetHints":{"allow":["GET"]}}],"collection":[{"href":"https:\/\/www.boattoursamana.com\/tr\/wp-json\/wp\/v2\/product"}],"about":[{"href":"https:\/\/www.boattoursamana.com\/tr\/wp-json\/wp\/v2\/types\/product"}],"wp:featuredmedia":[{"embeddable":true,"href":"https:\/\/www.boattoursamana.com\/tr\/wp-json\/wp\/v2\/media\/12070"}],"wp:attachment":[{"href":"https:\/\/www.boattoursamana.com\/tr\/wp-json\/wp\/v2\/media?parent=9913"}],"wp:term":[{"taxonomy":"product_cat","embeddable":true,"href":"https:\/\/www.boattoursamana.com\/tr\/wp-json\/wp\/v2\/product_cat?post=9913"},{"taxonomy":"product_tag","embeddable":true,"href":"https:\/\/www.boattoursamana.com\/tr\/wp-json\/wp\/v2\/product_tag?post=9913"}],"curies":[{"name":"wp","href":"https:\/\/api.w.org\/{rel}","templated":true}]}}