{"id":9925,"date":"2020-03-29T08:08:21","date_gmt":"2020-03-29T08:08:21","guid":{"rendered":"https:\/\/www.ticketswhales.com\/Tours-Excursions\/uncategorized\/import-placeholder-for-10408\/"},"modified":"2023-11-10T14:42:19","modified_gmt":"2023-11-10T14:42:19","slug":"27-waterfalls-of-damajagua-tour-from-cabarete-sosua-and-puerto-plata-hotels-pick-up","status":"publish","type":"product","link":"https:\/\/www.boattoursamana.com\/tr\/tur\/27-cabarete-sosua-ve-porto-plata-otelleri-alma-dan-damajagua-turu-selaleleri","title":{"rendered":"Cabarete, Sosua ve Puerto Plata&#039;dan Damajagua Turunun 27 \u015eelalesi. Otelden alma."},"content":{"rendered":"<div class=\"vc_row wpb_row vc_row-fluid\" ><div class=\"wpb_column vc_column_container vc_col-sm-12\"><div class=\"vc_column-inner\"><div class=\"wpb_wrapper\"><div class=\"mkdf-section-title-holder\" style=\"text-align: left\">\n\t<div class=\"mkdf-st-inner\">\n\t\t\t\t\t<h5 class=\"mkdf-st-subtitle\" >\n\t\t\t\tUla\u015f\u0131m &amp; \u00d6\u011fle Yeme\u011fi Dahil\t\t\t<\/h5>\n\t\t\t\t\t\t\t<h3 class=\"mkdf-st-title\" >\n\t\t\t\tCabarete, Sosua ve Puerto Plata&#039;dan Damajagua Turunun 27 \u015eelalesi.\t\t\t<\/h3>\n\t\t\t\t\t<\/div>\n<\/div><\/div><\/div><\/div><\/div><div class=\"vc_row wpb_row vc_row-fluid\" ><div class=\"wpb_column vc_column_container vc_col-sm-12\"><div class=\"vc_column-inner\"><div class=\"wpb_wrapper\"><div class=\"vc_btn3-container vc_btn3-inline\" ><a class=\"vc_general vc_btn3 vc_btn3-size-md vc_btn3-shape-rounded vc_btn3-style-modern vc_btn3-color-green\" href=\"https:\/\/bookingadventures.tours\/booking.php?tour_id=36f9705bcc61386d84e226d0c35f8a49\" title=\"\" rel=\"noopener\">REZERVASYON YAP<\/a><\/div>\n\t<div class=\"wpb_text_column wpb_content_element\" >\n\t\t<div class=\"wpb_wrapper\">\n\t\t\t<h3 class=\"ui_header h1 attractions-product-info-ProductTitle__title--1qM0o\"><\/h3>\n<h4><b><i>genel bak\u0131\u015f <\/i><\/b><\/h4>\n<p>Damajagua&#039;dan 27 \u015eelale&#039;de yar\u0131m g\u00fcnl\u00fck bir gezi i\u00e7in Biletlerinizi buradan al\u0131n. Dominik Cumhuriyeti&#039;nin en g\u00fczel \u015felalelerinde Z\u0131plamak ve y\u00fczmek i\u00e7in \u00d6\u011fle Yeme\u011fi ve Gezi Dahil giri\u015f biletleri. \u015eimdiye kadarki en iyi deneyime sahip olmak i\u00e7in g\u00fcvenlik ekipmanlar\u0131yla Y\u00fcr\u00fcy\u00fc\u015f ve Y\u00fczme!!<\/p>\n<p>Bu deneyimden sonra, Tur Rehberi ile bulu\u015ftu\u011funuz Yere Geri D\u00f6neceksiniz.<\/p>\n<ul>\n<li style=\"font-weight: 400;\">\u00dccretler dahil<\/li>\n<li>\u00d6\u011fle yeme\u011fi<\/li>\n<li>at\u0131\u015ft\u0131rmal\u0131klar<\/li>\n<li style=\"font-weight: 400;\">\u0130ngilizce Yerel Tur Rehberi<\/li>\n<\/ul>\n<p>&nbsp;<\/p>\n<h4><b>Dahil Edilenler ve Hari\u00e7 Tutulanlar<\/b><\/h4>\n<p>&nbsp;<\/p>\n<p><b>Dahil olanlar<\/b><\/p>\n<ol>\n<li>\u00a0 27 Damajagua \u015eelalesi (g\u00fcn\u00fcm\u00fczde sadece 12 ve 7 kademeli Gezi var)<\/li>\n<li>\u00a0 \u0130\u00e7ecekler ve tropikal i\u00e7ecekler dahil a\u00e7\u0131k b\u00fcfe<\/li>\n<li>\u00a0 T\u00fcm vergiler, \u00fccretler ve i\u015flem \u00fccretleri<\/li>\n<li>\u00a0 Yerel vergiler<\/li>\n<li>\u00a0 T\u00fcm aktiviteler<\/li>\n<li>\u00a0 Yerel rehber<\/li>\n<li>\u00a0 Puro fabrikas\u0131 ziyareti<\/li>\n<\/ol>\n<p><b> \u0130stisnalar<\/b><\/p>\n<ol>\n<li style=\"font-weight: 400;\"><span style=\"font-weight: 400;\">Bah\u015fi\u015fler<\/span><\/li>\n<\/ol>\n<h4><em><strong>Gidi\u015f &amp; D\u00f6n\u00fc\u015f<\/strong><\/em><\/h4>\n<p><span style=\"font-weight: 400;\">Bulundu\u011funuz b\u00f6lgeye g\u00f6re sizi almak ve b\u0131rakmak i\u00e7in tasarlanm\u0131\u015f bir program\u0131m\u0131z var. L\u00fctfen a\u015fa\u011f\u0131daki otelden alma b\u00f6l\u00fcm\u00fcndeki ayr\u0131nt\u0131l\u0131 bilgilere bak\u0131n. <\/span><\/p>\n<p>Lokasyonlar\u0131n\u0131za g\u00f6re belirledi\u011fimiz programd\u0131r. L\u00fctfen bize \u00f6zel otelinizi bildirin, sizinle nerede bulu\u015faca\u011f\u0131m\u0131z\u0131 s\u00f6ylemek i\u00e7in sizinle ileti\u015fime ge\u00e7ece\u011fiz.<\/p>\n<p>&nbsp;<\/p>\n<table style=\"height: 246px;\" width=\"237\">\n<tbody>\n<tr>\n<td><b>Yer<\/b><\/td>\n<td><b>Zaman<\/b><\/td>\n<\/tr>\n<tr>\n<td><b>kabare<\/b><\/td>\n<td><b>07:45<\/b><\/td>\n<\/tr>\n<tr>\n<td><b>Sosua<\/b><\/td>\n<td><b>08:10<\/b><\/td>\n<\/tr>\n<tr>\n<td><b>Playa Dorada<\/b><\/td>\n<td><b>08:50<\/b><\/td>\n<\/tr>\n<tr>\n<td><b>Kosta Dorada<\/b><\/td>\n<td><b>09:00<\/b><\/td>\n<\/tr>\n<tr>\n<td><b>Kahve (Ya\u015fam Tarz\u0131)<\/b><\/td>\n<td><b>9:20<\/b><\/td>\n<\/tr>\n<tr>\n<td><b>Senat\u00f6r<\/b><\/td>\n<td><b>9:30<\/b><\/td>\n<\/tr>\n<\/tbody>\n<\/table>\n<h4><\/h4>\n<h3 class=\"ui_header h1 attractions-product-info-ProductTitle__title--1qM0o\">Puerto Plata&#039;dan Damajagua Turunun 27 \u015eelalesi.<\/h3>\n<h4><b><i>Ne bekleyebilece\u011finizi?<\/i><\/b><\/h4>\n<div class=\"apd_content_block\" data-tab=\"TABS_OVERVIEW\">\n<div class=\"ui_card section attractions-product-details-Overview__sectionMargin--uHktd attractions-product-details-Overview__cleanslateOverrideDT--39Ov7\">\n<p>Puerto Plata&#039;dan bu tam g\u00fcnl\u00fck gezide, Dominik Cumhuriyeti&#039;nin Kuzey Koridoru&#039;nun tepelerinde gizlenmi\u015f g\u00f6zlerden uzak Damajagua \u015eelalelerini ke\u015ffedin. Yerel rehberinizle, kire\u00e7ta\u015f\u0131 \u00fczerinde basamakl\u0131 yirmi yedi bozulmam\u0131\u015f \u015felaleyi ke\u015ffedin. K\u0131sa bir g\u00fcvenlik brifingi al\u0131n, ard\u0131ndan atlay\u0131n, y\u00fcz\u00fcn ve do\u011fal su kayd\u0131raklar\u0131ndan a\u015fa\u011f\u0131 kay\u0131n.<\/p>\n<p>\u00d6\u011fle yeme\u011fi ve i\u00e7ecekler dahildir. G\u00fczel bir orman manzaras\u0131nda 40 dakikal\u0131k \u0131l\u0131ml\u0131 bir yoku\u015f yukar\u0131 y\u00fcr\u00fcy\u00fc\u015f sizi 12. \u015felaleye g\u00f6t\u00fcr\u00fcr veya fiziksel olarak m\u00fckemmel durumdaysan\u0131z, 27 \u015felalenin tepesine kadar (yakla\u015f\u0131k 70 dakika) y\u00fcr\u00fcy\u00fc\u015f yapmay\u0131 se\u00e7in ve hepsini deneyimleyin .<\/p>\n<p>Her iki durumda da, ger\u00e7ek e\u011flenceniz biz nehirden a\u015fa\u011f\u0131 indi\u011fimizde ba\u015flar ve y\u00fcz\u00fcn\u00fczde aptalca bir s\u0131r\u0131t\u0131\u015f ve besleyecek inan\u0131lmaz an\u0131larla ortaya \u00e7\u0131kan bir dizi muhte\u015fem \u015felale, kanyon ve masmavi havuzda z\u0131plar, kayar ve y\u00fczersiniz! Turlar, 8 metreye kadar atlamalar\u0131 i\u00e7erir, ancak endi\u015felenmeyin, atlamaktan rahats\u0131zsan\u0131z, a\u015fa\u011f\u0131 inmenin alternatif bir yolu vard\u0131r.<\/p>\n<p>Ana kampa 15 dakikal\u0131k bir y\u00fcr\u00fcy\u00fc\u015ften ve kuru k\u0131yafetlerinizi giydikten sonra, mangalda tavuk ve domuz eti, g\u00fcve\u00e7, pirin\u00e7, makarna ve salata i\u00e7eren lezzetli ve \u00e7e\u015fitli Dominik a\u00e7\u0131k b\u00fcfe \u00f6\u011fle yeme\u011finin tad\u0131n\u0131 \u00e7\u0131kar\u0131n.<\/p>\n<p>Yerel romlu i\u00e7ecekler, gazl\u0131 i\u00e7ecekler ve su da dahildir (bira mevcuttur ancak dahil de\u011fildir). Yemekten sonra yerel rehberlerle vedala\u015facaks\u0131n\u0131z ama bu deneyimin hat\u0131ralar\u0131 \u00f6m\u00fcr boyu s\u00fcrecek. Ve hepsi bu kadar da de\u011fil, daha sonra bir puro fabrikas\u0131na gideceksiniz ve burada onlar\u0131 nas\u0131l haz\u0131rlad\u0131klar\u0131n\u0131 g\u00f6receksiniz ve ayr\u0131ca ilgileniyorsan\u0131z biraz sat\u0131n alabilirsiniz. Dominik Cumhuriyeti&#039;nin puro \u00fcreten en iyi \u00fclkelerden biri oldu\u011funu unutmay\u0131n, bu y\u00fczden gelmi\u015f ge\u00e7mi\u015f en iyi \u00f6\u011fretmenlerden \u00f6\u011frenme \u015fans\u0131n\u0131z bu.<\/p>\n<\/div>\n<\/div>\n<h4><em><strong>Ne getirmelisin?<\/strong><\/em><\/h4>\n<ul>\n<li style=\"font-weight: 400;\"><span style=\"font-weight: 400;\">Kamera<\/span><\/li>\n<li style=\"font-weight: 400;\"><span style=\"font-weight: 400;\">Kovucu tomurcuklar<\/span><\/li>\n<li style=\"font-weight: 400;\"><span style=\"font-weight: 400;\">G\u00fcne\u015f kremi<\/span><\/li>\n<li style=\"font-weight: 400;\"><span style=\"font-weight: 400;\">\u015eapka<\/span><\/li>\n<li style=\"font-weight: 400;\"><span style=\"font-weight: 400;\">rahat pantolon<\/span><\/li>\n<li style=\"font-weight: 400;\"><span style=\"font-weight: 400;\">Orman i\u00e7in y\u00fcr\u00fcy\u00fc\u015f ayakkab\u0131s\u0131<\/span><\/li>\n<li style=\"font-weight: 400;\"><span style=\"font-weight: 400;\">Bahar b\u00f6lgelerine sandalet.<\/span><\/li>\n<li style=\"font-weight: 400;\"><span style=\"font-weight: 400;\">Y\u00fczme giysileri<\/span><\/li>\n<\/ul>\n<p>&nbsp;<\/p>\n<h4><b><i>otelden alma <\/i><\/b><\/h4>\n<p><span style=\"font-weight: 400;\">Bu tur i\u00e7in otelden alma hizmeti sunulmaktad\u0131r. Whatsapp ile bizimle ileti\u015fime ge\u00e7erek Pick up&#039;\u0131 kurduk.<\/span><\/p>\n<p>&nbsp;<\/p>\n<p><b>Not:<\/b><span style=\"font-weight: 400;\"> Tur\/Gezi kalk\u0131\u015f saatinden sonraki 24 saat i\u00e7inde rezervasyon yap\u0131yorsan\u0131z, otelden alma ayarlayabiliriz. Sat\u0131n alma i\u015fleminiz tamamland\u0131\u011f\u0131nda, teslim alma d\u00fczenlemelerini organize etmesi i\u00e7in size yerel Tur rehberimizin eksiksiz ileti\u015fim bilgilerini (telefon numaras\u0131, e-posta adresi vb.) g\u00f6nderece\u011fiz.<\/span><\/p>\n<h4><b><i>Ek Bilgi Onay\u0131 <\/i><\/b><\/h4>\n<ol>\n<li>Biletler, bu Turu \u00f6dedikten sonra Makbuzdur. \u00d6demeyi telefonunuzda g\u00f6sterebilirsiniz.<\/li>\n<li style=\"font-weight: 400;\"><span style=\"font-weight: 400;\">Bulu\u015fma Noktas\u0131 Rezervasyon \u0130\u015fleminden Sonra Al\u0131nacakt\u0131r.<\/span><\/li>\n<li style=\"font-weight: 400;\"><span style=\"font-weight: 400;\">\u00c7ocuklara bir yeti\u015fkin e\u015flik etmelidir.<\/span><\/li>\n<li style=\"font-weight: 400;\"><span style=\"font-weight: 400;\"> Tekerlekli sandalye eri\u015fimine uygun de\u011fil <\/span><\/li>\n<li style=\"font-weight: 400;\"><span style=\"font-weight: 400;\">Bebekler kuca\u011fa oturmal\u0131 <\/span><\/li>\n<li style=\"font-weight: 400;\"><span style=\"font-weight: 400;\">S\u0131rt sorunu olan gezginler i\u00e7in \u00f6nerilmez<\/span><\/li>\n<li style=\"font-weight: 400;\"><span style=\"font-weight: 400;\">Hamile gezginler i\u00e7in \u00f6nerilmez <\/span><\/li>\n<li style=\"font-weight: 400;\"><span style=\"font-weight: 400;\"> Kalp problemi veya di\u011fer ciddi t\u0131bbi durumlar yok <\/span><\/li>\n<li style=\"font-weight: 400;\"><span style=\"font-weight: 400;\">\u00c7o\u011fu gezgin kat\u0131labilir<\/span><\/li>\n<\/ol>\n<h4><b><i>\u0130ptal politikas\u0131<\/i><\/b><\/h4>\n<p>Tam para iadesi i\u00e7in l\u00fctfen \u0130ptal politikalar\u0131m\u0131z\u0131 okuyun\u00a0<a href=\"https:\/\/www.boattoursamana.com\/tr\/cevrimici-rezervasyon\/\" target=\"_blank\" rel=\"noopener\" data-saferedirecturl=\"https:\/\/www.google.com\/url?q=https:\/\/www.boattoursamana.com\/online-booking\/&amp;source=gmail&amp;ust=1672449202351000&amp;usg=AOvVaw1yAeVAPktmaVCqDujgUn90\">Buraya T\u0131kla<\/a>. Seyahatle ayn\u0131 g\u00fcn rezervasyon iptal edilirse para kaybedilecektir.<\/p>\n\n\t\t<\/div>\n\t<\/div>\n<\/div><\/div><\/div><\/div><div class=\"vc_row wpb_row vc_row-fluid\" ><div class=\"wpb_column vc_column_container vc_col-sm-12\"><div class=\"vc_column-inner\"><div class=\"wpb_wrapper\"><div class=\"vc_btn3-container vc_btn3-inline\" ><a class=\"vc_general vc_btn3 vc_btn3-size-md vc_btn3-shape-rounded vc_btn3-style-modern vc_btn3-color-green\" href=\"https:\/\/bookingadventures.tours\/booking.php?tour_id=36f9705bcc61386d84e226d0c35f8a49\" title=\"\" rel=\"noopener\">REZERVASYON YAP<\/a><\/div>\n\t<div class=\"wpb_video_widget wpb_content_element vc_clearfix   vc_video-aspect-ratio-169 vc_video-el-width-100 vc_video-align-left\" >\n\t\t<div class=\"wpb_wrapper\">\n\t\t\t<h2 class=\"wpb_heading wpb_video_heading\">Puerto Plata&#039;dan Damajagua Turunun 27 \u015eelalesi:<\/h2>\n\t\t\t<div class=\"wpb_video_wrapper\"><iframe loading=\"lazy\" title=\"Booking Adventures &amp; Travel Dominik Cumhuriyeti taraf\u0131ndan Damajagua&#039;n\u0131n 27 \u015eelalesi\" width=\"1100\" height=\"619\" src=\"https:\/\/www.youtube.com\/embed\/AVNh_we_RQE?start=17&feature=oembed\" frameborder=\"0\" allow=\"accelerometer; autoplay; encrypted-media; gyroscope; picture-in-picture\" allowfullscreen><\/iframe><\/div>\n\t\t<\/div>\n\t<\/div>\n<\/div><\/div><\/div><\/div><div class=\"vc_row wpb_row vc_row-fluid\" ><div class=\"wpb_column vc_column_container vc_col-sm-12\"><div class=\"vc_column-inner\"><div class=\"wpb_wrapper\"><div class=\"vc_empty_space\"   style=\"height: 32px\"><span class=\"vc_empty_space_inner\"><\/span><\/div>\n\t<div class=\"wpb_text_column wpb_content_element\" >\n\t\t<div class=\"wpb_wrapper\">\n\t\t\t<h4>Bize Ula\u015f\u0131n?<\/h4>\n<h5><em><strong>Rezervasyon Maceralar\u0131<\/strong><\/em><\/h5>\n<p><em><strong>Yerliler<\/strong>\u00a0ve\u00a0<strong>uyruklular<\/strong>\u00a0Tur Rehberleri ve Misafir Hizmetleri<\/em><\/p>\n<p><span class=\"text-turquoise\">Rezervasyonlar:<\/span>\u00a0Dom s\u0131n\u0131rlar\u0131ndaki Turlar ve Geziler temsilci<\/p>\n<p><img decoding=\"async\" class=\"emoji\" draggable=\"false\" src=\"https:\/\/s.w.org\/images\/core\/emoji\/11.2.0\/svg\/1f4de.svg\" alt=\"\ud83d\udcde\" title=\"\">\u00a0Tel \/ Naber\u00a0\u00a0<a href=\"tel:+1-809-720-6035\">+1-809-720-6035<\/a>.<\/p>\n<p><img decoding=\"async\" class=\"emoji\" draggable=\"false\" src=\"https:\/\/s.w.org\/images\/core\/emoji\/11.2.0\/svg\/1f4e9.svg\" alt=\"\ud83d\udce9\" title=\"\">\u00a0<a href=\"mailto:info@bookingadventures.com.do\">info@bookingadventures.com.do<\/a><\/p>\n<p><strong>Whatsapp ile Esnek \u00d6zel Turlar Ayarl\u0131yoruz:\u00a0<a href=\"tel:+18097206035\">+18097206035.<\/a><\/strong><\/p>\n\n\t\t<\/div>\n\t<\/div>\n<div class=\"vc_empty_space\"   style=\"height: 32px\"><span class=\"vc_empty_space_inner\"><\/span><\/div><\/div><\/div><\/div><\/div><div class=\"vc_row wpb_row vc_row-fluid\" ><div class=\"wpb_column vc_column_container vc_col-sm-12\"><div class=\"vc_column-inner\"><div class=\"wpb_wrapper\"><div class=\"vc_btn3-container vc_btn3-inline\" ><a class=\"vc_general vc_btn3 vc_btn3-size-md vc_btn3-shape-rounded vc_btn3-style-modern vc_btn3-color-green\" href=\"https:\/\/bookingadventures.tours\/booking.php?tour_id=36f9705bcc61386d84e226d0c35f8a49\" title=\"\" rel=\"noopener\">REZERVASYON YAP<\/a><\/div><\/div><\/div><\/div><\/div>","protected":false},"excerpt":{"rendered":"<p>Cabarete, Sosua veya Puerto Plata&#039;daki Otellerden. Puerto Plata&#039;daki 27 Damajagua \u015felalesinden bu gezi, 27 \u015felalenin yan\u0131nda \u00d6\u011fle Yeme\u011fi ve Gezi, y\u00fcr\u00fcy\u00fc\u015f ve nehre atlama.<\/p>\n<p>Puerto Plata&#039;n\u0131n 27 \u015felalesine Ekolojik Gezi. Damajagua&#039;dan 27 \u015eelale&#039;de yar\u0131m g\u00fcnl\u00fck bir gezi i\u00e7in Biletlerinizi buradan al\u0131n. Dominik Cumhuriyeti&#039;nin en g\u00fczel \u015felalelerinde Z\u0131plamak ve y\u00fczmek i\u00e7in \u00d6\u011fle Yeme\u011fi ve Gezi Dahil giri\u015f biletleri. \u015eimdiye kadarki en iyi deneyime sahip olmak i\u00e7in g\u00fcvenlik ekipmanlar\u0131yla Y\u00fcr\u00fcy\u00fc\u015f ve Y\u00fczme!!<\/p>\n<p><em><strong>L\u00fctfen Tur tarihini se\u00e7iniz:\u00a0<\/strong><\/em><\/p>","protected":false},"featured_media":9040,"template":"","meta":[],"product_cat":[281,947,774,1001,252],"product_tag":[286,284,292,401,290,291,406,405,404,403,288,402,287,293,285,407,289],"class_list":["post-9925","product","type-product","status-publish","has-post-thumbnail","hentry","product_cat-27-waterfalls","product_cat-1-puerto-plata","product_cat-group-tours-excursions","product_cat-puerto-plata-27-waterfalls-hike","product_cat-waterfalls","product_tag-27-charcos-de-damajagua","product_tag-27-waterfalls","product_tag-27-waterfalls-dominican-republic","product_tag-27-waterfalls-dominican-republic-facts","product_tag-27-waterfalls-excursion","product_tag-27-waterfalls-puerto-plata","product_tag-amber-cove-cruise-terminal-27-waterfalls","product_tag-amber-cove-excursions","product_tag-damajagua-falls-tours","product_tag-damajagua-national-park","product_tag-excursion-27-waterfalls","product_tag-how-to-get-to-27-waterfalls-from-puerto-plata","product_tag-jumping-27-waterfalls","product_tag-los-27-charcos-de-puerto-plata","product_tag-puerto-plata","product_tag-things-to-do-in-amber-cove","product_tag-tour-27-waterfalls"],"_links":{"self":[{"href":"https:\/\/www.boattoursamana.com\/tr\/wp-json\/wp\/v2\/product\/9925","targetHints":{"allow":["GET"]}}],"collection":[{"href":"https:\/\/www.boattoursamana.com\/tr\/wp-json\/wp\/v2\/product"}],"about":[{"href":"https:\/\/www.boattoursamana.com\/tr\/wp-json\/wp\/v2\/types\/product"}],"wp:featuredmedia":[{"embeddable":true,"href":"https:\/\/www.boattoursamana.com\/tr\/wp-json\/wp\/v2\/media\/9040"}],"wp:attachment":[{"href":"https:\/\/www.boattoursamana.com\/tr\/wp-json\/wp\/v2\/media?parent=9925"}],"wp:term":[{"taxonomy":"product_cat","embeddable":true,"href":"https:\/\/www.boattoursamana.com\/tr\/wp-json\/wp\/v2\/product_cat?post=9925"},{"taxonomy":"product_tag","embeddable":true,"href":"https:\/\/www.boattoursamana.com\/tr\/wp-json\/wp\/v2\/product_tag?post=9925"}],"curies":[{"name":"wp","href":"https:\/\/api.w.org\/{rel}","templated":true}]}}