{"id":15779,"date":"2023-07-15T07:43:40","date_gmt":"2023-07-15T07:43:40","guid":{"rendered":"https:\/\/www.ticketswhales.com\/samana-whale-watching-from-las-terrenas-hotels-half-day-trip-for-whale-watching\/"},"modified":"2023-07-15T07:43:40","modified_gmt":"2023-07-15T07:43:40","slug":"samana-whale-watching-from-las-terrenas-hotels-half-day-trip-for-whale-watching","status":"publish","type":"page","link":"https:\/\/www.boattoursamana.com\/uk\/samana-whale-watching-from-las-terrenas-hotels-pol-day-trip-for-whale-watching","title":{"rendered":"\u0421\u043f\u043e\u0441\u0442\u0435\u0440\u0435\u0436\u0435\u043d\u043d\u044f \u0437\u0430 \u043a\u0438\u0442\u0430\u043c\u0438 \u0421\u0430\u043c\u0430\u043d\u0430 \u0437 \u0433\u043e\u0442\u0435\u043b\u0456\u0432 \u041b\u0430\u0441-\u0422\u0435\u0440\u0440\u0435\u043d\u0430\u0441. \u041f\u043e\u0457\u0437\u0434\u043a\u0430 \u043d\u0430 \u043f\u0456\u0432\u0434\u043d\u044f \u0434\u043b\u044f \u0441\u043f\u043e\u0441\u0442\u0435\u0440\u0435\u0436\u0435\u043d\u043d\u044f \u0437\u0430 \u043a\u0438\u0442\u0430\u043c\u0438."},"content":{"rendered":"<p><span style=\"vertical-align: inherit;\"><span style=\"vertical-align: inherit;\">Desde los hoteles de Las Terrenas ven con nosotros a visitar las ballenas jorobadas en el santuario de la Bah\u00eda de Saman\u00e1, Rep\u00fablica Dominicana. <\/span><span style=\"vertical-align: inherit;\">Viajes diarios de avistamiento de ballenas desde las Terrenas en Saman\u00e1. <\/span><span style=\"vertical-align: inherit;\">Cont\u00e1ctenos si tiene alguna pregunta sobre los viajes de avistamiento de ballenas en la bah\u00eda de Saman\u00e1 desde Las Terrenas.<\/span><\/span><br \/>\n\u043f<br \/>\n\u043f&\u043fbsp;<br \/>\n\u043f<br \/>\n\u043f<em><strong><span style=\"vertical-align: inherit;\"><span style=\"vertical-align: inherit;\">Selection la fecha de la excursi\u00f3n:<\/span><\/span><\/strong><\/em><\/p>\n<p>&nbsp;<\/p>\n<div class=\"vc_row wpb_row vc_row-fluid\" ><div class=\"wpb_column vc_column_container vc_col-sm-12\"><div class=\"vc_column-inner\"><div class=\"wpb_wrapper\"><div class=\"mkdf-section-title-holder\" style=\"text-align: left\">\n\t<div class=\"mkdf-st-inner\">\n\t\t\t\t\t<h5 class=\"mkdf-st-subtitle\" >\n\t\t\t\t\u0421\u043f\u043e\u0441\u0442\u0435\u0440\u0435\u0436\u0435\u043d\u043d\u044f \u0437\u0430 \u043a\u0438\u0442\u0430\u043c\u0438 \u0421\u0430\u043c\u0430\u043d\u0430 \u0437 \u0433\u043e\u0442\u0435\u043b\u0456\u0432 \u041b\u0430\u0441-\u0422\u0435\u0440\u0440\u0435\u043d\u0430\u0441. \u041f\u043e\u0457\u0437\u0434\u043a\u0430 \u043d\u0430 \u043f\u0456\u0432\u0434\u043d\u044f \u0434\u043b\u044f \u0441\u043f\u043e\u0441\u0442\u0435\u0440\u0435\u0436\u0435\u043d\u043d\u044f \u0437\u0430 \u043a\u0438\u0442\u0430\u043c\u0438.\t\t\t<\/h5>\n\t\t\t\t\t\t\t<h3 class=\"mkdf-st-title\" >\n\t\t\t\tWhale Watching 2020 in Las Terrenas to Samana Bay\t\t\t<\/h3>\n\t\t\t\t\t<\/div>\n<\/div><div class=\"vc_btn3-container vc_btn3-inline\" ><button class=\"vc_general vc_btn3 vc_btn3-size-md vc_btn3-shape-rounded vc_btn3-style-modern vc_btn3-color-green\">\u0420\u0415\u0417\u0415\u0420\u0412\u0423\u0412\u0410\u0422\u0418 \u0417\u0410\u0420\u0410\u0417<\/button><\/div><\/div><\/div><\/div><\/div><div class=\"vc_row wpb_row vc_row-fluid\" ><\/div><div class=\"wpb_column vc_column_container vc_col-sm-12\"><div class=\"vc_column-inner\"><div class=\"wpb_wrapper\"><\/div><\/div><\/div>\n\t<div class=\"wpb_text_column wpb_content_element\" >\n\t\t<div class=\"wpb_wrapper\">\n\t\t\t<p>\n\u043f<br \/>\n\u042f \u0442\u0435\u043a\u0441\u0442\u043e\u0432\u0438\u0439 \u0431\u043b\u043e\u043a. \u041d\u0430\u0442\u0438\u0441\u043d\u0456\u0442\u044c \u043a\u043d\u043e\u043f\u043a\u0443 \u0440\u0435\u0434\u0430\u0433\u0443\u0432\u0430\u0442\u0438, \u0449\u043e\u0431 \u0437\u043c\u0456\u043d\u0438\u0442\u0438 \u0446\u0435\u0439 \u0442\u0435\u043a\u0441\u0442. Lorem ipsum dolor sit amet, consectetur adipiscing elit. Ut elit tellus, luctus nec ullamcorper mattis, pulvinar dapibus leo.<br \/>\n\u043f<br \/>\n\u043f<\/p>\n\n\t\t<\/div>\n\t<\/div>\n<div class=\"vc_row wpb_row vc_row-fluid\" ><div class=\"wpb_column vc_column_container vc_col-sm-12\"><div class=\"vc_column-inner\"><div class=\"wpb_wrapper\"><div class=\"vc_btn3-container vc_btn3-inline\" ><button class=\"vc_general vc_btn3 vc_btn3-size-md vc_btn3-shape-rounded vc_btn3-style-modern vc_btn3-color-green\">\u0420\u0415\u0417\u0415\u0420\u0412\u0423\u0412\u0410\u0422\u0418 \u0417\u0410\u0420\u0410\u0417<\/button><\/div><\/div><\/div><\/div><\/div>","protected":false},"excerpt":{"rendered":"<p>Desde los hoteles de Las Terrenas ven con nosotros a visitar las ballenas jorobadas en el santuario de la Bah\u00eda de Saman\u00e1, Rep\u00fablica Dominicana. Viajes diarios de avistamiento de ballenas desde las Terrenas en Saman\u00e1. Cont\u00e1ctenos si tiene alguna pregunta sobre los viajes de avistamiento de ballenas en la bah\u00eda de Saman\u00e1 desde Las Terrenas. n n n nSeleccione la fecha de la excursi\u00f3n: &nbsp;<\/p>","protected":false},"author":2,"featured_media":0,"parent":0,"menu_order":0,"comment_status":"open","ping_status":"closed","template":"","meta":{"footnotes":""},"class_list":["post-15779","page","type-page","status-publish","hentry"],"_links":{"self":[{"href":"https:\/\/www.boattoursamana.com\/uk\/wp-json\/wp\/v2\/pages\/15779","targetHints":{"allow":["GET"]}}],"collection":[{"href":"https:\/\/www.boattoursamana.com\/uk\/wp-json\/wp\/v2\/pages"}],"about":[{"href":"https:\/\/www.boattoursamana.com\/uk\/wp-json\/wp\/v2\/types\/page"}],"author":[{"embeddable":true,"href":"https:\/\/www.boattoursamana.com\/uk\/wp-json\/wp\/v2\/users\/2"}],"replies":[{"embeddable":true,"href":"https:\/\/www.boattoursamana.com\/uk\/wp-json\/wp\/v2\/comments?post=15779"}],"version-history":[{"count":0,"href":"https:\/\/www.boattoursamana.com\/uk\/wp-json\/wp\/v2\/pages\/15779\/revisions"}],"wp:attachment":[{"href":"https:\/\/www.boattoursamana.com\/uk\/wp-json\/wp\/v2\/media?parent=15779"}],"curies":[{"name":"wp","href":"https:\/\/api.w.org\/{rel}","templated":true}]}}