{"id":15781,"date":"2023-07-15T07:43:40","date_gmt":"2023-07-15T07:43:40","guid":{"rendered":"https:\/\/www.ticketswhales.com\/los-haitises-national-park-tour-from-las-terrenas-samana-half-day-trip-lunch-at-cano-hondo\/"},"modified":"2023-07-15T07:43:40","modified_gmt":"2023-07-15T07:43:40","slug":"los-haitises-national-park-tour-from-las-terrenas-samana-half-day-trip-lunch-at-cano-hondo","status":"publish","type":"page","link":"https:\/\/www.boattoursamana.com\/uk\/los-haitises-national-park-tour-from-las-terrenas-samana-pol-day-trip-lanch-at-cano-hondo","title":{"rendered":"\u0415\u043a\u0441\u043a\u0443\u0440\u0441\u0456\u044f \u0434\u043e \u043d\u0430\u0446\u0456\u043e\u043d\u0430\u043b\u044c\u043d\u043e\u0433\u043e \u043f\u0430\u0440\u043a\u0443 \u041b\u043e\u0441-\u0425\u0430\u0439\u0442\u0456\u0441\u0435\u0441 \u0437 \u041b\u0430\u0441-\u0422\u0435\u0440\u0440\u0435\u043d\u0430\u0441, \u0421\u0430\u043c\u0430\u043d\u0430. \u041f\u043e\u0434\u043e\u0440\u043e\u0436 \u043d\u0430 \u043f\u0456\u0432\u0434\u043d\u044f. \u041e\u0431\u0456\u0434 \u0443 Ca\u00f1o Hondo."},"content":{"rendered":"<p>\u0426\u044f \u0435\u043a\u0441\u043a\u0443\u0440\u0441\u0456\u044f \u0437 \u041b\u0430\u0441-\u0422\u0435\u0440\u0440\u0435\u043d\u0430\u0441 \u0434\u043e \u043d\u0430\u0446\u0456\u043e\u043d\u0430\u043b\u044c\u043d\u043e\u0433\u043e \u043f\u0430\u0440\u043a\u0443 \u041b\u043e\u0441-\u0425\u0430\u0439\u0442\u0456\u0441\u0435\u0441 \u0432\u043a\u043b\u044e\u0447\u0430\u0454 \u043e\u0431\u0456\u0434 \u0456 \u0442\u0440\u0430\u043d\u0441\u043f\u043e\u0440\u0442 \u0434\u043b\u044f \u0432\u0456\u0434\u0432\u0456\u0434\u0443\u0432\u0430\u043d\u043d\u044f 3 \u0433\u043e\u043b\u043e\u0432\u043d\u0438\u0445 \u043f\u0435\u0447\u0435\u0440, \u0434\u043e\u0441\u043b\u0456\u0434\u0436\u0435\u043d\u043d\u044f 2 \u0440\u0456\u0437\u043d\u0438\u0445 \u043c\u0430\u043d\u0433\u0440\u043e\u0432\u0438\u0445 \u0437\u0430\u0440\u043e\u0441\u0442\u0435\u0439 \u0456, \u0437\u0432\u0438\u0447\u0430\u0439\u043d\u043e, \u0441\u043f\u043e\u0441\u0442\u0435\u0440\u0435\u0436\u0435\u043d\u043d\u044f \u0437\u0430 \u043f\u0442\u0430\u0445\u0430\u043c\u0438.<br \/>\n\u043f<br \/>\n\u043f<span style=\"vertical-align: inherit;\"><span style=\"vertical-align: inherit;\">Viaje ecol\u00f3gico al Parque Nacional Los Haitises con un gu\u00eda tur\u00edstico local. <\/span><span style=\"vertical-align: inherit;\">Visitando los Cayos en el Parque Nacional Los Haitises, Manglares, Vegetaci\u00f3n, Observaci\u00f3n de aves, Cuevas, Pictogramas y las \u00e1reas hist\u00f3ricas de Sabana de la Mar en el Parque Nacional Los Haitises.<\/span><\/span><br \/>\n\u043f<br \/>\n\u043f&\u043fbsp;<br \/>\n\u043f<br \/>\n\u043f<strong><span style=\"vertical-align: inherit;\"><span style=\"vertical-align: inherit;\">\u0412\u0438\u0431\u0435\u0440\u0456\u0442\u044c \u0444\u0430\u0439\u043b \u0434\u043b\u044f \u0442\u0443\u0440\u0443:\u00a0<\/span><\/span><\/strong><\/p>\n<p>&nbsp;<\/p>\n<div class=\"vc_row wpb_row vc_row-fluid\" ><div class=\"wpb_column vc_column_container vc_col-sm-12\"><div class=\"vc_column-inner\"><div class=\"wpb_wrapper\"><div class=\"mkdf-section-title-holder\" style=\"text-align: left\">\n\t<div class=\"mkdf-st-inner\">\n\t\t\t\t\t<h5 class=\"mkdf-st-subtitle\" >\n\t\t\t\t\u0422\u0440\u0430\u043d\u0441\u043f\u043e\u0440\u0442 \u0456 \u043e\u0431\u0456\u0434 \u0432\u043a\u043b\u044e\u0447\u0435\u043d\u0456\t\t\t<\/h5>\n\t\t\t\t\t\t\t<h3 class=\"mkdf-st-title\" >\n\t\t\t\t\u0415\u043a\u0441\u043a\u0443\u0440\u0441\u0456\u044f \u043f\u043e \u043d\u0430\u0446\u0456\u043e\u043d\u0430\u043b\u044c\u043d\u043e\u043c\u0443 \u043f\u0430\u0440\u043a\u0443 \u041b\u043e\u0441-\u0425\u0430\u0439\u0442\u0456\u0441\u0435\u0441 \u0437 \u041b\u0430\u0441-\u0422\u0435\u0440\u0440\u0435\u043d\u0430\u0441-\u0434\u0435-\u0421\u0430\u043c\u0430\u043d\u0430. \u041f\u043e\u0434\u043e\u0440\u043e\u0436 \u043d\u0430 \u043f\u0456\u0432\u0434\u043d\u044f.\t\t\t<\/h3>\n\t\t\t\t\t<\/div>\n<\/div><\/div><\/div><\/div><\/div><div class=\"vc_row wpb_row vc_row-fluid\" ><\/div><div class=\"wpb_column vc_column_container vc_col-sm-12\"><div class=\"vc_column-inner\"><div class=\"wpb_wrapper\"><\/div><\/div><\/div>\n\t<div class=\"wpb_text_column wpb_content_element\" >\n\t\t<div class=\"wpb_wrapper\">\n\t\t\t<p>\n\u043f<br \/>\n\u042f \u0442\u0435\u043a\u0441\u0442\u043e\u0432\u0438\u0439 \u0431\u043b\u043e\u043a. \u041d\u0430\u0442\u0438\u0441\u043d\u0456\u0442\u044c \u043a\u043d\u043e\u043f\u043a\u0443 \u0440\u0435\u0434\u0430\u0433\u0443\u0432\u0430\u0442\u0438, \u0449\u043e\u0431 \u0437\u043c\u0456\u043d\u0438\u0442\u0438 \u0446\u0435\u0439 \u0442\u0435\u043a\u0441\u0442. Lorem ipsum dolor sit amet, consectetur adipiscing elit. Ut elit tellus, luctus nec ullamcorper mattis, pulvinar dapibus leo.<br \/>\n\u043f<br \/>\n\u043f<\/p>\n\n\t\t<\/div>\n\t<\/div>\n<div class=\"vc_row wpb_row vc_row-fluid\" ><\/div><div class=\"wpb_column vc_column_container vc_col-sm-12\"><div class=\"vc_column-inner\"><div class=\"wpb_wrapper\"><\/div><\/div><\/div>\n\t<div class=\"wpb_video_widget wpb_content_element vc_clearfix   vc_video-aspect-ratio-169 vc_video-el-width-100 vc_video-align-left\" >\n\t\t<div class=\"wpb_wrapper\">\n\t\t\t\n\t\t\t<div class=\"wpb_video_wrapper\"><iframe loading=\"lazy\" title=\"\u041d\u0430\u0446\u0456\u043e\u043d\u0430\u043b\u044c\u043d\u0438\u0439 \u043f\u0430\u0440\u043a \u041b\u043e\u0441-\u0425\u0430\u0439\u0442\u0456\u0441\u0435\u0441, \u0442\u0443\u0440\u0438 \u0442\u0430 \u0435\u043a\u0441\u043a\u0443\u0440\u0441\u0456\u0457 \u0437 \u0421\u0430\u043c\u0430\u043d\u0438 \u0430\u0431\u043e \u0421\u0430\u0431\u0430\u043d\u0430-\u0434\u0435-\u043b\u0430-\u041c\u0430\u0440. \u0411\u0440\u043e\u043d\u044e\u0439\u0442\u0435 \u0442\u0443\u0442:\" src=\"https:\/\/player.vimeo.com\/video\/346508015?dnt=1&amp;app_id=122963\" width=\"1100\" height=\"619\" frameborder=\"0\" allow=\"autoplay; fullscreen; picture-in-picture\" allowfullscreen><\/iframe><\/div>\n\t\t<\/div>\n\t<\/div>\n<div class=\"vc_row wpb_row vc_row-fluid\" ><\/div><div class=\"wpb_column vc_column_container vc_col-sm-12\"><div class=\"vc_column-inner\"><div class=\"wpb_wrapper\"><\/div><\/div><\/div><div class=\"vc_empty_space\"   style=\"height: 32px\"><span class=\"vc_empty_space_inner\"><\/span><\/div><div class=\"vc_empty_space\"   style=\"height: 32px\"><span class=\"vc_empty_space_inner\"><\/span><\/div>","protected":false},"excerpt":{"rendered":"<p>This excursion from Las Terrenas to Los Haitises National Park includes Lunch and Transportation for a visit to the 3 main caves, an exploration of 2 different mangroves and of course fishing bird watching. n nViaje ecol\u00f3gico al Parque Nacional Los Haitises con un gu\u00eda tur\u00edstico local. Visitando los Cayos en el Parque Nacional Los Haitises, Manglares, Vegetaci\u00f3n, Observaci\u00f3n de aves, Cuevas, Pictogramas y las \u00e1reas hist\u00f3ricas de Sabana de la Mar en el Parque Nacional Los Haitises. n n&nbsp; [&hellip;]<\/p>\n","protected":false},"author":2,"featured_media":0,"parent":0,"menu_order":0,"comment_status":"open","ping_status":"closed","template":"","meta":{"footnotes":""},"class_list":["post-15781","page","type-page","status-publish","hentry"],"_links":{"self":[{"href":"https:\/\/www.boattoursamana.com\/uk\/wp-json\/wp\/v2\/pages\/15781","targetHints":{"allow":["GET"]}}],"collection":[{"href":"https:\/\/www.boattoursamana.com\/uk\/wp-json\/wp\/v2\/pages"}],"about":[{"href":"https:\/\/www.boattoursamana.com\/uk\/wp-json\/wp\/v2\/types\/page"}],"author":[{"embeddable":true,"href":"https:\/\/www.boattoursamana.com\/uk\/wp-json\/wp\/v2\/users\/2"}],"replies":[{"embeddable":true,"href":"https:\/\/www.boattoursamana.com\/uk\/wp-json\/wp\/v2\/comments?post=15781"}],"version-history":[{"count":0,"href":"https:\/\/www.boattoursamana.com\/uk\/wp-json\/wp\/v2\/pages\/15781\/revisions"}],"wp:attachment":[{"href":"https:\/\/www.boattoursamana.com\/uk\/wp-json\/wp\/v2\/media?parent=15781"}],"curies":[{"name":"wp","href":"https:\/\/api.w.org\/{rel}","templated":true}]}}