{"id":15741,"date":"2023-07-15T07:42:45","date_gmt":"2023-07-15T07:42:45","guid":{"rendered":"https:\/\/www.ticketswhales.com\/ridgways-hawk-tour-bird-watching-los-haitises-national-park-excursion\/"},"modified":"2023-07-15T07:42:45","modified_gmt":"2023-07-15T07:42:45","slug":"ridgways-hawk-tour-bird-watching-los-haitises-national-park-excursion","status":"publish","type":"page","link":"https:\/\/www.boattoursamana.com\/ur\/ridgways-hawk-tour-bird-watching-los-haitises-national-park-excursion","title":{"rendered":"Ridgway&#039;s Hawk Tour - Los Haitises National Park \u06a9\u06cc \u0633\u06cc\u0631 \u06a9\u0631\u062a\u06d2 \u06c1\u0648\u0626\u06d2 \u067e\u0631\u0646\u062f\u0648\u06ba \u06a9\u0648 \u062f\u06cc\u06a9\u06be\u0646\u0627"},"content":{"rendered":"<p><span style=\"vertical-align: inherit;\"><span style=\"vertical-align: inherit;\">Viaje ecol\u00f3gico al Parque Nacional Los Haitises con un gu\u00eda tur\u00edstico \u0645\u0642\u0627\u0645\u06cc\u06d4 <\/span><span style=\"vertical-align: inherit;\">Visitar los halcones de Ridgway en el Parque Nacional Los Haitises y las \u00e1reas hist\u00f3ricas de Sabana de la Mar en el Parque Nacional Los Haitises.<\/span><\/span><br \/>\nn<br \/>\nn&nbsp;<br \/>\nn<br \/>\nn<em><strong><span style=\"vertical-align: inherit;\"><span style=\"vertical-align: inherit;\">Seleccione la fecha para el tour\u00a0<\/span><\/span><\/strong><\/em><\/p>\n<p>&nbsp;<\/p>\n<div class=\"vc_row wpb_row vc_row-fluid\" ><div class=\"wpb_column vc_column_container vc_col-sm-12\"><div class=\"vc_column-inner\"><div class=\"wpb_wrapper\"><div class=\"mkdf-section-title-holder\" style=\"text-align: left\">\n\t<div class=\"mkdf-st-inner\">\n\t\t\t\t\t<h5 class=\"mkdf-st-subtitle\" >\n\t\t\t\t\u0644\u0627\u0633 \u06c1\u06cc\u0679\u06cc\u0633\u0633 \u0646\u06cc\u0634\u0646\u0644 \u067e\u0627\u0631\u06a9 \u0645\u06cc\u06ba \u067e\u0631\u0646\u062f\u0648\u06ba \u06a9\u0627 \u0634\u06a9\u0627\u0631\t\t\t<\/h5>\n\t\t\t\t\t\t\t<h3 class=\"mkdf-st-title\" >\n\t\t\t\tRidgway \u06a9\u0627 \u06c1\u0627\u06a9 \u0679\u0648\u0631\t\t\t<\/h3>\n\t\t\t\t\t<\/div>\n<\/div><\/div><\/div><\/div><\/div><div class=\"vc_row wpb_row vc_row-fluid\" ><div class=\"wpb_column vc_column_container vc_col-sm-12\"><div class=\"vc_column-inner\"><div class=\"wpb_wrapper\"><div class=\"vc_btn3-container vc_btn3-inline\" ><button class=\"vc_general vc_btn3 vc_btn3-size-md vc_btn3-shape-rounded vc_btn3-style-modern vc_btn3-color-green\">\u0627\u0628\u06be\u06cc \u0628\u06a9 \u06a9\u0631\u06cc\u06ba\u06d4<\/button><\/div>\n\t<div class=\"wpb_text_column wpb_content_element\" >\n\t\t<div class=\"wpb_wrapper\">\n\t\t\t<p>\nn<\/p>\n<h4><b><i>\u062c\u0627\u0626\u0632\u06c1 <\/i><\/b><\/h4>\n<p>n<\/p>\n<section><\/section>\n<p>Ridgway&#039;s Hawk \u062c\u0632\u06cc\u0631\u06c1 \u06c1\u0633\u067e\u0627\u0646\u06cc\u0648\u0644\u0627 \u0645\u06cc\u06ba \u0631\u0648\u0632\u0627\u0646\u06c1 \u06a9\u06d2 \u0631\u06cc\u067e\u0679\u0631 \u0645\u0642\u0627\u0645\u06cc \u06a9\u06cc \u0627\u06cc\u06a9 \u0627\u0646\u062a\u06c1\u0627\u0626\u06cc \u062e\u0637\u0631\u06d2 \u0633\u06d2 \u062f\u0648\u0686\u0627\u0631 \u0646\u0633\u0644 \u06c1\u06d2\u06d4 \u0627\u06cc\u06a9 \u0633\u0648 \u0633\u0627\u0644 \u067e\u06c1\u0644\u06d2 \u06c1\u0627\u06a9 \u067e\u0648\u0631\u06d2 \u06c1\u0633\u067e\u0627\u0646\u06cc\u0648\u0644\u0627 \u0645\u06cc\u06ba \u067e\u0627\u06cc\u0627 \u062c\u0627\u062a\u0627 \u062a\u06be\u0627\u060c \u0644\u06cc\u06a9\u0646 \u0622\u062c \u062a\u0642\u0631\u06cc\u0628\u0627\u064b 300 \u0627\u0641\u0631\u0627\u062f \u06a9\u06cc \u0627\u0641\u0632\u0627\u0626\u0634 \u0646\u0633\u0644 \u06a9\u06cc \u0648\u0627\u062d\u062f \u0628\u0627\u0642\u06cc \u0622\u0628\u0627\u062f\u06cc \u0688\u0648\u0645\u06cc\u0646\u06cc\u06a9\u0646 \u0631\u06cc\u067e\u0628\u0644\u06a9 \u06a9\u06d2 \u0644\u0627\u0633 \u06c1\u06cc\u0679\u06cc\u0632 \u0646\u06cc\u0634\u0646\u0644 \u067e\u0627\u0631\u06a9 \u0645\u06cc\u06ba \u067e\u0627\u0626\u06cc \u062c\u0627\u062a\u06cc \u06c1\u06d2\u06d4<br \/>\nn<br \/>\nnLos Haitises National Park is a popular destination for nature lovers and bird watchers cause of the highest importance for biodiversity and richness of fauna, both in terms of endemism and species numbers. Our main focus is to spot all the hawks around the Cano Hondo areas.<br \/>\nn<br \/>\nnWe are conserving the Ridgway&#8217;s Hawk in Los Haitises National Park, where you can see the habitat and interesting History of Ridgway\u2019s Hawks in the Rain Forest Trails. We know the spots habitats for Ridgway\u2019s and Ashy Faced Owls. Because for more than 15 years as volunteers we are working for the protection of these couples and individuals around this community.<br \/>\nn<br \/>\nnAlso, you may see other endemics species around the Park. This Tour is focusing on nature and is more concentrated on the information about wildlife. Usually is private.<br \/>\nn<\/p>\n<h4><\/h4>\n<p>n<\/p>\n<h4><b>\u0634\u0645\u0648\u0644\u06cc\u062a \u0627\u0648\u0631 \u0627\u062e\u0631\u0627\u062c<\/b><\/h4>\n<p>n<b>\u0634\u0645\u0648\u0644\u06cc\u062a<\/b><br \/>\nn<\/p>\n<ol>\nn \t<\/p>\n<li style=\"font-weight: 400;\">\u067e\u0631\u0646\u062f\u0648\u06ba \u06a9\u0648 \u062f\u06cc\u06a9\u06be\u0646\u06d2 \u06a9\u0627 \u0679\u0648\u0631 + \u063a\u0627\u0631 \u0627\u0648\u0631 \u062a\u0635\u0648\u06cc\u0631\u06cc\u06ba<\/li>\n<p>n \t<\/p>\n<li style=\"font-weight: 400;\"><span style=\"font-weight: 400;\">\u062a\u0645\u0627\u0645 \u0679\u06cc\u06a9\u0633\u060c \u0641\u06cc\u0633\u060c \u0627\u0648\u0631 \u06c1\u06cc\u0646\u0688\u0644\u0646\u06af \u0686\u0627\u0631\u062c\u0632<\/span><\/li>\n<p>n \t<\/p>\n<li style=\"font-weight: 400;\"><span style=\"font-weight: 400;\">\u0645\u0642\u0627\u0645\u06cc \u0679\u06cc\u06a9\u0633<\/span><\/li>\n<p>n \t<\/p>\n<li style=\"font-weight: 400;\">\u0622\u0641\u06cc\u0634\u0644\u0632 \u0627\u06cc\u06a9\u0648\u0644\u0648\u062c\u0633\u0679 \u0679\u0648\u0631 \u06af\u0627\u0626\u06cc\u0688\u0632<\/li>\n<p>n<\/ol>\n<p>n<b> \u0627\u062e\u0631\u0627\u062c\u0627\u062a<\/b><br \/>\nn<\/p>\n<ol>\nn \t<\/p>\n<li style=\"font-weight: 400;\"><span style=\"font-weight: 400;\">\u06af\u0631\u06cc\u062c\u0648\u06cc\u0679\u06cc\u0632<\/span><\/li>\n<p>n \t<\/p>\n<li style=\"font-weight: 400;\"><span style=\"font-weight: 400;\">\u0645\u0646\u062a\u0642\u0644\u06cc<\/span><\/li>\n<p>n \t<\/p>\n<li style=\"font-weight: 400;\"><span style=\"font-weight: 400;\">\u0645\u0634\u0631\u0648\u0628<\/span><\/li>\n<p>n<\/ol>\n<p>n&nbsp;<br \/>\nn<\/p>\n<h4><em><strong>\u0631\u0648\u0627\u0646\u06af\u06cc \u0627\u0648\u0631 \u0648\u0627\u067e\u0633\u06cc\u06d4<\/strong><\/em><\/h4>\n<p>n<span style=\"font-weight: 400;\">&quot;\u0628\u06a9\u0646\u06af \u0627\u06cc\u0688\u0648\u0646\u0686\u0631\u0632&quot; \u06a9\u06d2 \u0632\u06cc\u0631 \u0627\u06c1\u062a\u0645\u0627\u0645 \u0679\u0648\u0631 \u06a9\u0627 \u0622\u063a\u0627\u0632 \u0679\u0648\u0631 \u06af\u0627\u0626\u06cc\u0688 \u06a9\u06d2 \u0633\u0627\u062a\u06be \u0645\u06cc\u0679\u0646\u06af \u067e\u0648\u0627\u0626\u0646\u0679 \u0633\u06d2 \u06c1\u0648\u062a\u0627 \u06c1\u06d2\u06d4 \u0631\u06cc\u0632\u0631\u0648\u06cc\u0634\u0646 \u06a9\u06d2 \u0639\u0645\u0644 \u06a9\u06d2 \u0628\u0639\u062f \u0645\u0633\u0627\u0641\u0631 \u06a9\u0648 \u0645\u06cc\u0679\u0646\u06af \u067e\u0648\u0627\u0626\u0646\u0679 \u0645\u0644\u06d2 \u06af\u0627\u06d4 \u062f\u0648\u0631\u06d2 \u06c1\u0645\u0627\u0631\u06d2 \u0645\u06cc\u0679\u0646\u06af \u067e\u0648\u0627\u0626\u0646\u0679\u0633 \u067e\u0631 \u0634\u0631\u0648\u0639 \u0627\u0648\u0631 \u062e\u062a\u0645 \u06c1\u0648\u062a\u06d2 \u06c1\u06cc\u06ba\u06d4<\/span><br \/>\nn<br \/>\nn&nbsp;<br \/>\nn<\/p>\n<h4><b><i>\u06a9\u06cc\u0627 \u062a\u0648\u0642\u0639 \u06a9\u06cc \u062c\u0627\u0626\u06d2\u061f<\/i><\/b><\/h4>\n<p>n<em><strong>\u0627\u067e\u0646\u0627 \u0679\u06a9\u0679 \u0644\u06d2 \u0644\u0648<\/strong><\/em> \u0644\u0627\u0633 \u06c1\u06cc\u0679\u06cc\u0633\u0633 \u0646\u06cc\u0634\u0646\u0644 \u067e\u0627\u0631\u06a9 \u0645\u06cc\u06ba \u0631\u0688\u06af \u0648\u06d2 \u06c1\u0627\u06a9 \u06a9\u06d2 \u062a\u062d\u0641\u0638 \u06a9\u06d2 \u0644\u06cc\u06d2\u06d4<br \/>\nn<br \/>\nnThis Excursion starts from the meeting point by hiking the Ridgway trails to the Nesting areas. After 30 min hiking and watching the Hawks, we have the option to continue hiking around and check for Parrots, piculets, and other Endemics species in Los Haitises National Park.<br \/>\nn<br \/>\nnLos Haitises National Park has just two Trails for Birding in Sabana de la Mar. On the way to Los Hiatises National Park, we stop in some spots to see more birds.<br \/>\nn<br \/>\nnBeen in the San Lorenzo Bay. we will visit two Caves, the Sadly Cave call in Spanish\u00a0Cueva de la Arena; in this Cave, we can see the petrographs\u00a0from Tainos communities\u00a0that were staying around this area. and using the caves as a temple.<br \/>\nn<br \/>\nnAfter that, we go-ahead to the Linea Cave, this one with 2,243 originals pictographs and our tour guide explain you the information from archeologist about those pictographs.<br \/>\nn<br \/>\nnTaking the boat back again to the Pajaros island ( Birds Island) where we can see most of the\u00a0wetlands birds around\u00a0to Los Haitises National Park. Just because\u00a0all birds are not in the Water.<br \/>\nn<br \/>\nnAfter 4.5 hours of learning about birds in Los Haitises National Park, this excursion ends in the same place as started.<br \/>\nn<br \/>\nn<strong>\u0646\u0648\u0679: \u06cc\u06c1 \u062f\u0648\u0631\u06d2 \u0644\u0627\u0633 \u06c1\u06cc\u0679\u06cc\u0632 \u0646\u06cc\u0634\u0646\u0644 \u067e\u0627\u0631\u06a9 \u06a9\u06d2 \u0622\u0641\u06cc\u0634\u0644 \u0627\u06cc\u06a9\u0648\u0644\u0648\u062c\u0633\u0679 \u06af\u0627\u0626\u06cc\u0688\u0632 \u06a9\u06d2 \u0633\u0627\u062a\u06be \u06c1\u06cc\u06ba\u06d4 \u0628\u0631\u0627\u06c1 \u06a9\u0631\u0645 \u06c1\u0645\u06cc\u06ba \u0628\u062a\u0627\u0626\u06cc\u06ba \u06a9\u06c1 \u0622\u067e \u06a9\u0628 \u06c1\u0645 \u0633\u06d2 \u0645\u0644\u0646\u06d2 \u06a9\u0627 \u0627\u0631\u0627\u062f\u06c1 \u06a9\u0631 \u0631\u06c1\u06d2 \u06c1\u06cc\u06ba!<\/strong><br \/>\nn<br \/>\nn&nbsp;<br \/>\nn<\/p>\n<h4><em><strong>\u0622\u067e \u06a9\u0648 \u06a9\u06cc\u0627 \u0644\u0627\u0646\u0627 \u0686\u0627\u06c1\u0626\u06d2\u061f<\/strong><\/em><\/h4>\n<p>n<\/p>\n<ul>\nn \t<\/p>\n<li style=\"font-weight: 400;\"><span style=\"font-weight: 400;\">\u06a9\u06cc\u0645\u0631\u06c1<\/span><\/li>\n<p>n \t<\/p>\n<li>\u062f\u0648\u0631\u0628\u06cc\u0646<\/li>\n<p>n \t<\/p>\n<li style=\"font-weight: 400;\"><span style=\"font-weight: 400;\">\u0627\u062e\u062a\u0631\u0634\u06a9 \u06a9\u0644\u06cc\u0627\u06ba<\/span><\/li>\n<p>n \t<\/p>\n<li style=\"font-weight: 400;\"><span style=\"font-weight: 400;\">\u0633\u0646 \u06a9\u0631\u06cc\u0645<\/span><\/li>\n<p>n \t<\/p>\n<li style=\"font-weight: 400;\"><span style=\"font-weight: 400;\">\u0679\u0648\u067e\u06cc<\/span><\/li>\n<p>n \t<\/p>\n<li style=\"font-weight: 400;\"><span style=\"font-weight: 400;\">\u0622\u0631\u0627\u0645 \u062f\u06c1 \u067e\u062a\u0644\u0648\u0646<\/span><\/li>\n<p>n \t<\/p>\n<li style=\"font-weight: 400;\"><span style=\"font-weight: 400;\">\u062c\u0646\u06af\u0644 \u06a9\u06d2 \u0644\u0626\u06d2 \u067e\u06cc\u062f\u0644 \u0633\u0641\u0631 \u06a9\u06d2 \u062c\u0648\u062a\u06d2<\/span><\/li>\n<p>n \t<\/p>\n<li style=\"font-weight: 400;\"><span style=\"font-weight: 400;\">\u0645\u0648\u0633\u0645 \u0628\u06c1\u0627\u0631 \u06a9\u06d2 \u0639\u0644\u0627\u0642\u0648\u06ba \u0645\u06cc\u06ba \u0633\u06cc\u0646\u0688\u0644\u06d4<\/span><\/li>\n<p>n \t<\/p>\n<li style=\"font-weight: 400;\"><span style=\"font-weight: 400;\">\u062a\u06cc\u0631\u0627\u06a9\u06cc \u06a9\u0627 \u0644\u0628\u0627\u0633<\/span><\/li>\n<p>n<\/ul>\n<p>n&nbsp;<br \/>\nn<\/p>\n<h4><b><i>\u06c1\u0648\u0679\u0644 \u067e\u06a9 \u0627\u067e <\/i><\/b><\/h4>\n<p>n<span style=\"font-weight: 400;\">\u0627\u0633 \u062f\u0648\u0631\u06d2 \u06a9\u06d2 \u0644\u06cc\u06d2 \u06c1\u0648\u0679\u0644 \u067e\u06a9 \u0627\u067e \u06a9\u06cc \u067e\u06cc\u0634\u06a9\u0634 \u0646\u06c1\u06cc\u06ba \u06a9\u06cc \u062c\u0627\u062a\u06cc \u06c1\u06d2\u06d4 <\/span><br \/>\nn<br \/>\nn&nbsp;<br \/>\nn<br \/>\nn<b>\u0646\u0648\u0679:<\/b><span style=\"font-weight: 400;\"> \u0627\u06af\u0631 \u0622\u067e \u0679\u0648\u0631\/ \u0633\u06cc\u0631 \u06a9\u06d2 \u0631\u0648\u0627\u0646\u06af\u06cc \u06a9\u06d2 \u0648\u0642\u062a \u06a9\u06d2 24 \u06af\u06be\u0646\u0679\u0648\u06ba \u06a9\u06d2 \u0627\u0646\u062f\u0631 \u0628\u06a9\u0646\u06af \u06a9\u0631 \u0631\u06c1\u06d2 \u06c1\u06cc\u06ba\u060c \u062a\u0648 \u06c1\u0645 \u0627\u0636\u0627\u0641\u06cc \u0686\u0627\u0631\u062c\u0632 \u06a9\u06d2 \u0633\u0627\u062a\u06be \u06c1\u0648\u0679\u0644 \u067e\u06a9 \u0627\u067e \u06a9\u0627 \u0627\u0646\u062a\u0638\u0627\u0645 \u06a9\u0631 \u0633\u06a9\u062a\u06d2 \u06c1\u06cc\u06ba\u06d4 \u0622\u067e \u06a9\u06cc \u062e\u0631\u06cc\u062f\u0627\u0631\u06cc \u0645\u06a9\u0645\u0644 \u06c1\u0648\u0646\u06d2 \u06a9\u06d2 \u0628\u0639\u062f\u060c \u06c1\u0645 \u0622\u067e \u06a9\u0648 \u067e\u06a9 \u0627\u067e \u06a9\u06d2 \u0627\u0646\u062a\u0638\u0627\u0645\u0627\u062a \u06a9\u0648 \u0645\u0646\u0638\u0645 \u06a9\u0631\u0646\u06d2 \u06a9\u06d2 \u0644\u06cc\u06d2 \u0627\u067e\u0646\u06d2 \u0645\u0642\u0627\u0645\u06cc \u0679\u0648\u0631 \u06af\u0627\u0626\u06cc\u0688 \u06a9\u06d2 \u0644\u06cc\u06d2 \u0645\u06a9\u0645\u0644 \u0631\u0627\u0628\u0637\u06c1 \u0645\u0639\u0644\u0648\u0645\u0627\u062a (\u0641\u0648\u0646 \u0646\u0645\u0628\u0631\u060c \u0627\u06cc \u0645\u06cc\u0644 \u067e\u062a\u06c1 \u0648\u063a\u06cc\u0631\u06c1) \u0628\u06be\u06cc\u062c\u06cc\u06ba \u06af\u06d2\u06d4<\/span><br \/>\nn<\/p>\n<h4><b><i>\u0627\u0636\u0627\u0641\u06cc \u0645\u0639\u0644\u0648\u0645\u0627\u062a \u06a9\u06cc \u062a\u0635\u062f\u06cc\u0642 <\/i><\/b><\/h4>\n<p>n<\/p>\n<ol>\nn \t<\/p>\n<li>\u0679\u06a9\u0679 \u0627\u0633 \u0679\u0648\u0631 \u06a9\u06cc \u0627\u062f\u0627\u0626\u06cc\u06af\u06cc \u06a9\u06d2 \u0628\u0639\u062f \u06a9\u06cc \u0631\u0633\u06cc\u062f \u06c1\u06cc\u06ba\u06d4 \u0622\u067e \u0627\u067e\u0646\u06d2 \u0641\u0648\u0646 \u067e\u0631 \u0627\u062f\u0627\u0626\u06cc\u06af\u06cc \u062f\u06a9\u06be\u0627 \u0633\u06a9\u062a\u06d2 \u06c1\u06cc\u06ba\u06d4<\/li>\n<p>n \t<\/p>\n<li style=\"font-weight: 400;\"><span style=\"font-weight: 400;\">\u0631\u06cc\u0632\u0631\u0648\u06cc\u0634\u0646 \u06a9\u06d2 \u0639\u0645\u0644 \u06a9\u06d2 \u0628\u0639\u062f \u0645\u06cc\u0679\u0646\u06af \u067e\u0648\u0627\u0626\u0646\u0679 \u0645\u0648\u0635\u0648\u0644 \u06c1\u0648\u06af\u0627\u06d4<\/span><\/li>\n<p>n \t<\/p>\n<li style=\"font-weight: 400;\"><span style=\"font-weight: 400;\">\u0628\u0686\u0648\u06ba \u06a9\u06d2 \u0633\u0627\u062a\u06be \u0627\u06cc\u06a9 \u0628\u0627\u0644\u063a \u06a9\u0627 \u06c1\u0648\u0646\u0627 \u0636\u0631\u0648\u0631\u06cc \u06c1\u06d2\u06d4<\/span><\/li>\n<p>n \t<\/p>\n<li style=\"font-weight: 400;\"><span style=\"font-weight: 400;\"> \u0648\u06c1\u06cc\u0644 \u0686\u06cc\u0626\u0631 \u0642\u0627\u0628\u0644 \u0631\u0633\u0627\u0626\u06cc \u0646\u06c1\u06cc\u06ba \u06c1\u06d2\u06d4 <\/span><\/li>\n<p>n \t<\/p>\n<li style=\"font-weight: 400;\"><span style=\"font-weight: 400;\">\u0634\u06cc\u0631 \u062e\u0648\u0627\u0631 \u0628\u0686\u0648\u06ba \u06a9\u0648 \u06af\u0648\u062f \u0645\u06cc\u06ba \u0628\u06cc\u0679\u06be\u0646\u0627 \u0686\u0627\u06c1\u06cc\u06d2\u06d4 <\/span><\/li>\n<p>n \t<\/p>\n<li style=\"font-weight: 400;\"><span style=\"font-weight: 400;\">\u06a9\u0645\u0631 \u06a9\u06cc \u067e\u0631\u06cc\u0634\u0627\u0646\u06cc\u0648\u06ba \u0648\u0627\u0644\u06d2 \u0645\u0633\u0627\u0641\u0631\u0648\u06ba \u06a9\u06d2 \u0644\u0626\u06d2 \u0633\u0641\u0627\u0631\u0634 \u0646\u06c1\u06cc\u06ba \u06a9\u06cc \u062c\u0627\u062a\u06cc \u06c1\u06d2\u06d4<\/span><\/li>\n<p>n \t<\/p>\n<li style=\"font-weight: 400;\"><span style=\"font-weight: 400;\">\u062d\u0627\u0645\u0644\u06c1 \u0645\u0633\u0627\u0641\u0631\u0648\u06ba \u06a9\u06d2 \u0644\u0626\u06d2 \u0633\u0641\u0627\u0631\u0634 \u0646\u06c1\u06cc\u06ba \u06a9\u06cc \u062c\u0627\u062a\u06cc \u06c1\u06d2 <\/span><\/li>\n<p>n \t<\/p>\n<li style=\"font-weight: 400;\"><span style=\"font-weight: 400;\"> \u062f\u0644 \u06a9\u06cc \u06a9\u0648\u0626\u06cc \u067e\u0631\u06cc\u0634\u0627\u0646\u06cc \u06cc\u0627 \u062f\u06cc\u06af\u0631 \u0633\u0646\u06af\u06cc\u0646 \u0637\u0628\u06cc \u062d\u0627\u0644\u0627\u062a \u0646\u06c1\u06cc\u06ba\u06d4 <\/span><\/li>\n<p>n \t<\/p>\n<li style=\"font-weight: 400;\"><span style=\"font-weight: 400;\">\u0632\u06cc\u0627\u062f\u06c1 \u062a\u0631 \u0645\u0633\u0627\u0641\u0631 \u0634\u0631\u06a9\u062a \u06a9\u0631 \u0633\u06a9\u062a\u06d2 \u06c1\u06cc\u06ba\u06d4<\/span><\/li>\n<p>n<\/ol>\n<p>nThis tour is offered to a minimum of 2 people and a Maximum of 15 people. In case of fewer people, please contact us.<br \/>\nn<\/p>\n<h4><b><i>\u0645\u0646\u0633\u0648\u062e \u06a9\u0631\u0646\u06d2 \u06a9\u06cc \u062d\u06a9\u0645\u062a \u0639\u0645\u0644\u06cc<\/i><\/b><\/h4>\n<p>\u0645\u06a9\u0645\u0644 \u0631\u0642\u0645 \u06a9\u06cc \u0648\u0627\u067e\u0633\u06cc \u06a9\u06d2 \u0644\u06cc\u06d2\u060c \u0628\u0631\u0627\u06c1 \u06a9\u0631\u0645 \u06c1\u0645\u0627\u0631\u06cc \u0645\u0646\u0633\u0648\u062e\u06cc \u06a9\u06cc \u067e\u0627\u0644\u06cc\u0633\u06cc\u0627\u06ba \u067e\u0691\u06be\u06cc\u06ba\u00a0<a href=\"https:\/\/www.boattoursamana.com\/ur\/%d8%a2%d9%86-%d9%84%d8%a7%d8%a6%d9%86-%d8%a8%da%a9%d9%86%da%af\/\" target=\"_blank\" rel=\"noopener\" data-saferedirecturl=\"https:\/\/www.google.com\/url?q=https:\/\/www.boattoursamana.com\/online-booking\/&amp;source=gmail&amp;ust=1672529771100000&amp;usg=AOvVaw2NIGJBZ0qjB5RhPUl5Obc7\">\u06cc\u06c1\u0627\u06ba \u06a9\u0644\u06a9 \u06a9\u0631\u06cc\u06ba<\/a>. \u0627\u06af\u0631 \u0633\u0641\u0631 \u06a9\u06d2 \u0627\u0633\u06cc \u062f\u0646 \u0631\u06cc\u0632\u0631\u0648\u06cc\u0634\u0646 \u0645\u0646\u0633\u0648\u062e \u06c1\u0648 \u062c\u0627\u062a\u06cc \u06c1\u06d2 \u062a\u0648 \u0641\u0646\u0688\u0632 \u0636\u0627\u0626\u0639 \u06c1\u0648 \u062c\u0627\u0626\u06cc\u06ba \u06af\u06d2\u06d4<\/p>\n\n\t\t<\/div>\n\t<\/div>\n<\/div><\/div><\/div><\/div><div class=\"vc_row wpb_row vc_row-fluid\" ><\/div><div class=\"wpb_column vc_column_container vc_col-sm-12\"><div class=\"vc_column-inner\"><div class=\"wpb_wrapper\"><\/div><\/div><\/div><div class=\"vc_empty_space\"   style=\"height: 32px\"><span class=\"vc_empty_space_inner\"><\/span><\/div><div class=\"vc_empty_space\"   style=\"height: 32px\"><span class=\"vc_empty_space_inner\"><\/span><\/div><div class=\"vc_row wpb_row vc_row-fluid\" ><div class=\"wpb_column vc_column_container vc_col-sm-12\"><div class=\"vc_column-inner\"><div class=\"wpb_wrapper\"><div class=\"vc_btn3-container vc_btn3-inline\" ><button class=\"vc_general vc_btn3 vc_btn3-size-md vc_btn3-shape-rounded vc_btn3-style-modern vc_btn3-color-green\">\u0627\u0628\u06be\u06cc \u0628\u06a9 \u06a9\u0631\u06cc\u06ba\u06d4<\/button><\/div><\/div><\/div><\/div><\/div>","protected":false},"excerpt":{"rendered":"<p>Viaje ecol\u00f3gico al Parque Nacional Los Haitises con un gu\u00eda tur\u00edstico local. Visitar los halcones de Ridgway en el Parque Nacional Los Haitises y las \u00e1reas hist\u00f3ricas de Sabana de la Mar en el Parque Nacional Los Haitises. n n&nbsp; n nSeleccione la fecha para el tour\u00a0 &nbsp;<\/p>","protected":false},"author":2,"featured_media":0,"parent":0,"menu_order":0,"comment_status":"open","ping_status":"closed","template":"","meta":{"footnotes":""},"class_list":["post-15741","page","type-page","status-publish","hentry"],"_links":{"self":[{"href":"https:\/\/www.boattoursamana.com\/ur\/wp-json\/wp\/v2\/pages\/15741","targetHints":{"allow":["GET"]}}],"collection":[{"href":"https:\/\/www.boattoursamana.com\/ur\/wp-json\/wp\/v2\/pages"}],"about":[{"href":"https:\/\/www.boattoursamana.com\/ur\/wp-json\/wp\/v2\/types\/page"}],"author":[{"embeddable":true,"href":"https:\/\/www.boattoursamana.com\/ur\/wp-json\/wp\/v2\/users\/2"}],"replies":[{"embeddable":true,"href":"https:\/\/www.boattoursamana.com\/ur\/wp-json\/wp\/v2\/comments?post=15741"}],"version-history":[{"count":0,"href":"https:\/\/www.boattoursamana.com\/ur\/wp-json\/wp\/v2\/pages\/15741\/revisions"}],"wp:attachment":[{"href":"https:\/\/www.boattoursamana.com\/ur\/wp-json\/wp\/v2\/media?parent=15741"}],"curies":[{"name":"wp","href":"https:\/\/api.w.org\/{rel}","templated":true}]}}