{"id":15744,"date":"2023-07-15T07:42:45","date_gmt":"2023-07-15T07:42:45","guid":{"rendered":"https:\/\/www.ticketswhales.com\/los-haitises-national-park-playa-el-rincon-beach\/"},"modified":"2023-07-15T07:42:45","modified_gmt":"2023-07-15T07:42:45","slug":"los-haitises-national-park-playa-el-rincon-beach","status":"publish","type":"page","link":"https:\/\/www.boattoursamana.com\/ur\/los-haitises-national-park-playa-el-rincon-beach","title":{"rendered":"\u0644\u0627\u0633 \u06c1\u06cc\u0679\u06cc\u0633\u0633 \u0646\u06cc\u0634\u0646\u0644 \u067e\u0627\u0631\u06a9 + \u067e\u0644\u06d2\u0627 \u0627\u06cc\u0644 \u0631\u0646\u06a9\u0646 \u0628\u06cc\u0686"},"content":{"rendered":"<p>Los Haitises National Park \u0627\u0648\u0631 Playa El Rinc\u00f3n \u0633\u0627\u062d\u0644 \u0633\u0645\u0646\u062f\u0631 \u067e\u0631 \u0644\u0646\u0686 \u06a9\u06d2 \u0633\u0627\u062a\u06be\u06d4 \u06c1\u0645\u0627\u0631\u06d2 \u0633\u0627\u062a\u06be \u0622\u0626\u06cc\u06ba \u0627\u0648\u0631 \u0688\u0648\u0645\u06cc\u0646\u06cc\u06a9\u0646 \u0631\u06cc\u067e\u0628\u0644\u06a9 \u06a9\u06d2 \u0633\u0628 \u0633\u06d2 \u062e\u0648\u0628\u0635\u0648\u0631\u062a \u0646\u06cc\u0634\u0646\u0644 \u067e\u0627\u0631\u06a9\u060c \u0645\u06cc\u0646\u06af\u0631\u0648\u0632\u060c \u063a\u0627\u0631\u0648\u06ba \u0627\u0648\u0631 \u0633\u0627\u0646 \u0644\u0648\u0631\u06cc\u0646\u0632\u0648 \u0628\u06d2 \u06a9\u0627 \u062f\u0648\u0631\u06c1 \u06a9\u0631\u06cc\u06ba\u06d4 \u0628\u06cc\u0686 \u067e\u0631 \u0644\u0646\u0686 \u06a9\u06d2 \u0633\u0627\u062a\u06be Playa El Rinc\u00f3n \u0628\u06cc\u0686 \u06a9\u0627 \u0627\u06cc\u06a9 \u0646\u062c\u06cc \u062f\u0648\u0631\u06c1 \u06a9\u0631\u0646\u06d2 \u06a9\u06d2 \u0644\u06cc\u06d2 \u0648\u0627\u067e\u0633 \u0633\u0645\u0627\u0646\u0627 \u0628\u0646\u062f\u0631\u06af\u0627\u06c1 \u067e\u0631\u06d4<br \/>\nn<br \/>\nnGet your tickets with offers here&#8230;<br \/>\nn<br \/>\nn&nbsp;<br \/>\nn<br \/>\nn<strong>\u0628\u0631\u0627\u06c1 \u06a9\u0631\u0645 \u0679\u0648\u0631 \u06a9\u06d2 \u0644\u06cc\u06d2 \u062a\u0627\u0631\u06cc\u062e \u0645\u0646\u062a\u062e\u0628 \u06a9\u0631\u06cc\u06ba\u06d4\u00a0<\/strong><\/p>\n<p>&nbsp;<\/p>\n<div class=\"vc_row wpb_row vc_row-fluid\" ><div class=\"wpb_column vc_column_container vc_col-sm-12\"><div class=\"vc_column-inner\"><div class=\"wpb_wrapper\"><div class=\"mkdf-section-title-holder\" style=\"text-align: left\">\n\t<div class=\"mkdf-st-inner\">\n\t\t\t\t\t<h5 class=\"mkdf-st-subtitle\" >\n\t\t\t\t\u063a\u0627\u0631\u0648\u06ba\u060c \u0645\u06cc\u0646\u06af\u0631\u0648\u0632\u060c \u062f\u0648\u067e\u06c1\u0631 \u06a9\u0627 \u06a9\u06be\u0627\u0646\u0627 \u0627\u0648\u0631 \u0633\u0627\u062d\u0644 \u0633\u0645\u0646\u062f\u0631 \u067e\u0631 \u062a\u06cc\u0631\u0627\u06a9\u06cc\t\t\t<\/h5>\n\t\t\t\t\t\t\t<h3 class=\"mkdf-st-title\" >\n\t\t\t\t\u0644\u0627\u0633 \u06c1\u06cc\u0679\u06cc\u0633\u0633 \u0646\u06cc\u0634\u0646\u0644 \u067e\u0627\u0631\u06a9 + \u067e\u0644\u06d2\u0627 \u0627\u06cc\u0644 \u0631\u0646\u06a9\u0646 \u0628\u06cc\u0686\t\t\t<\/h3>\n\t\t\t\t\t<\/div>\n<\/div><div class=\"vc_btn3-container vc_btn3-inline\" ><button class=\"vc_general vc_btn3 vc_btn3-size-md vc_btn3-shape-rounded vc_btn3-style-modern vc_btn3-color-green\">\u0627\u0628\u06be\u06cc \u0628\u06a9 \u06a9\u0631\u06cc\u06ba\u06d4<\/button><\/div><\/div><\/div><\/div><\/div><div class=\"vc_row wpb_row vc_row-fluid\" ><div class=\"wpb_column vc_column_container vc_col-sm-12\"><div class=\"vc_column-inner\"><div class=\"wpb_wrapper\">\n\t<div class=\"wpb_text_column wpb_content_element\" >\n\t\t<div class=\"wpb_wrapper\">\n\t\t\t<p>\nn<\/p>\n<h4><b><i>\u062c\u0627\u0626\u0632\u06c1 <\/i><\/b><\/h4>\n<p>nLos Haitises National Park and Playa El Rincon with Lunch on the beach. Come with us and visit the most beautiful national park of Dominican Republic, Visiting Mangroves, Caves and San Lorenzo Bay. After back to Samana port to take a\u00a0 private trip to Playa El Rincon Beach with Lunch on the Beach<br \/>\nn<br \/>\nnAfter this experience, you will get your time on the beach plus local lunch on the beach.<br \/>\nn<\/p>\n<ul>\nn \t<\/p>\n<li style=\"font-weight: 400;\"><span style=\"font-weight: 400;\">\u0633\u0627\u062d\u0644 \u0633\u0645\u0646\u062f\u0631 \u067e\u0631 \u0628\u0648\u0641\u06d2 \u0644\u0646\u0686 \u067e\u0631 \u0645\u0634\u062a\u0645\u0644 \u06c1\u06d2\u06d4 <\/span><\/li>\n<p>n \t<\/p>\n<li style=\"font-weight: 400;\">\u0641\u06cc\u0633 \u0634\u0627\u0645\u0644 \u06c1\u06d2\u06d4<\/li>\n<p>n \t<\/p>\n<li style=\"font-weight: 400;\"><span style=\"font-weight: 400;\">\u06af\u0627\u0626\u06cc\u0688 \u06c1\u062f\u0627\u06cc\u0627\u062a \u0627\u0648\u0631 \u0646\u06af\u0631\u0627\u0646\u06cc \u0641\u0631\u0627\u06c1\u0645 \u06a9\u0631\u062a\u0627 \u06c1\u06d2\u06d4<\/span><\/li>\n<p>n<\/ul>\n<p>n&nbsp;<br \/>\nn<\/p>\n<h4><b>\u0634\u0645\u0648\u0644\u06cc\u062a \u0627\u0648\u0631 \u0627\u062e\u0631\u0627\u062c<\/b><\/h4>\n<p>n&nbsp;<br \/>\nn<br \/>\nn<b>\u0634\u0645\u0648\u0644\u06cc\u062a<\/b><br \/>\nn<\/p>\n<ol>\nn \t<\/p>\n<li style=\"font-weight: 400;\"><span style=\"font-weight: 400;\">\u00a0\u0633\u0627\u062d\u0644 \u0633\u0645\u0646\u062f\u0631 \u067e\u0631 \u062f\u0648\u067e\u06c1\u0631 \u06a9\u0627 \u06a9\u06be\u0627\u0646\u0627<\/span><\/li>\n<p>n \t<\/p>\n<li style=\"font-weight: 400;\">\u0644\u0627\u0633 \u06c1\u06cc\u0679\u06cc\u0633\u0633 \u0679\u0648\u0631 + \u067e\u0644\u06cc\u0627 \u0627\u06cc\u0644 \u0631\u0646\u06a9\u0646<\/li>\n<p>n \t<\/p>\n<li style=\"font-weight: 400;\"><span style=\"font-weight: 400;\">\u062a\u0645\u0627\u0645 \u0679\u06cc\u06a9\u0633\u060c \u0641\u06cc\u0633 \u0627\u0648\u0631 \u06c1\u06cc\u0646\u0688\u0644\u0646\u06af \u0686\u0627\u0631\u062c\u0632<\/span><\/li>\n<p>n \t<\/p>\n<li style=\"font-weight: 400;\"><span style=\"font-weight: 400;\">\u0645\u0642\u0627\u0645\u06cc \u0679\u06cc\u06a9\u0633<\/span><\/li>\n<p>n \t<\/p>\n<li style=\"font-weight: 400;\"><span style=\"font-weight: 400;\">\u0645\u0634\u0631\u0648\u0628\u0627\u062a<\/span><\/li>\n<p>n \t<\/p>\n<li style=\"font-weight: 400;\"><span style=\"font-weight: 400;\">\u062a\u0645\u0627\u0645 \u0633\u0631\u06af\u0631\u0645\u06cc\u0627\u06ba<\/span><\/li>\n<p>n \t<\/p>\n<li style=\"font-weight: 400;\"><span style=\"font-weight: 400;\">\u0645\u0642\u0627\u0645\u06cc \u06af\u0627\u0626\u06cc\u0688<\/span><\/li>\n<p>n<\/ol>\n<p>n<b> \u0627\u062e\u0631\u0627\u062c\u0627\u062a<\/b><br \/>\nn<\/p>\n<ol>\nn \t<\/p>\n<li style=\"font-weight: 400;\"><span style=\"font-weight: 400;\">\u06af\u0631\u06cc\u062c\u0648\u06cc\u0679\u06cc\u0632<\/span><\/li>\n<p>n \t<\/p>\n<li style=\"font-weight: 400;\"><span style=\"font-weight: 400;\">\u0645\u0646\u062a\u0642\u0644\u06cc<\/span><\/li>\n<p>n \t<\/p>\n<li style=\"font-weight: 400;\"><span style=\"font-weight: 400;\">\u0634\u0631\u0627\u0628<\/span><\/li>\n<p>n<\/ol>\n<p>n&nbsp;<br \/>\nn<\/p>\n<h4><em><strong>\u0631\u0648\u0627\u0646\u06af\u06cc \u0627\u0648\u0631 \u0648\u0627\u067e\u0633\u06cc\u06d4<\/strong><\/em><\/h4>\n<p>n<span style=\"font-weight: 400;\">\u0631\u06cc\u0632\u0631\u0648\u06cc\u0634\u0646 \u06a9\u06d2 \u0639\u0645\u0644 \u06a9\u06d2 \u0628\u0639\u062f \u0645\u0633\u0627\u0641\u0631 \u06a9\u0648 \u0645\u06cc\u0679\u0646\u06af \u067e\u0648\u0627\u0626\u0646\u0679 \u0645\u0644\u06d2 \u06af\u0627\u06d4 \u062f\u0648\u0631\u06d2 \u06c1\u0645\u0627\u0631\u06d2 \u0645\u06cc\u0679\u0646\u06af \u067e\u0648\u0627\u0626\u0646\u0679\u0633 \u0645\u06cc\u06ba \u0634\u0631\u0648\u0639 \u0627\u0648\u0631 \u062e\u062a\u0645 \u06c1\u0648\u062a\u06d2 \u06c1\u06cc\u06ba\u06d4<\/span><br \/>\nn<br \/>\nn&nbsp;<br \/>\nn<\/p>\n<h4><b><i>\u06a9\u06cc\u0627 \u062a\u0648\u0642\u0639 \u06a9\u06cc \u062c\u0627\u0626\u06d2\u061f<\/i><\/b><\/h4>\n<p>n&nbsp;<br \/>\nn<br \/>\nn<em><strong>\u0627\u067e\u0646\u06d2 \u0679\u06a9\u0679 \u062d\u0627\u0635\u0644 \u06a9\u0631\u06cc\u06ba\u06d4<\/strong><\/em> Playa El Rincon \u0628\u06cc\u0686 \u067e\u0631 \u0634\u0627\u0646\u062f\u0627\u0631 \u0644\u0646\u0686 \u06a9\u06d2 \u0633\u0627\u062a\u06be \u0644\u0627\u0633 \u06c1\u06cc\u0679\u06cc\u0633\u0633 \u0646\u06cc\u0634\u0646\u0644 \u067e\u0627\u0631\u06a9 \u06a9\u0627 \u062f\u0648\u0631\u06c1 \u06a9\u0631\u0646\u06d2 \u06a9\u06d2 \u0644\u06cc\u06d2\u06d4<br \/>\nn<br \/>\nn<span style=\"font-weight: 400;\">&quot;\u0628\u06a9\u0646\u06af \u0627\u06cc\u0688\u0648\u0646\u0686\u0631\u0632&quot; \u06a9\u06d2 \u0632\u06cc\u0631 \u0627\u06c1\u062a\u0645\u0627\u0645 \u0679\u0648\u0631 \u06a9\u0627 \u0622\u063a\u0627\u0632 \u0679\u0648\u0631 \u06af\u0627\u0626\u06cc\u0688 \u06a9\u06d2 \u0633\u0627\u062a\u06be \u0645\u06cc\u0679\u0646\u06af \u067e\u0648\u0627\u0626\u0646\u0679 \u0633\u06d2 \u06c1\u0648\u062a\u0627 \u06c1\u06d2\u06d4<\/span><br \/>\nn<\/p>\n<div class=\"teaser-description\">\u0633\u0645\u0627\u0646\u0627 \u062e\u0644\u06cc\u062c \u06a9\u06d2 \u0630\u0631\u06cc\u0639\u06d2 \u06a9\u0634\u062a\u06cc \u06a9\u06cc \u0633\u06cc\u0631 \u06a9\u0631 \u06a9\u06d2 \u0644\u0627\u0633 \u06c1\u06cc\u0679\u06cc\u0633\u0633 \u0646\u06cc\u0634\u0646\u0644 \u067e\u0627\u0631\u06a9 \u06a9\u0627 \u062f\u0648\u0631\u06c1 \u06a9\u0631\u06cc\u06ba\u060c \u0645\u06cc\u0646\u06af\u0631\u0648\u0648 \u06a9\u06d2 \u062f\u0644\u062f\u0644\u0648\u06ba\u060c \u0645\u0627\u0636\u06cc \u06a9\u06d2 \u0642\u062f\u06cc\u0645 \u0642\u0632\u0627\u0642\u0648\u06ba \u06a9\u06d2 \u063a\u0627\u0631\u0648\u06ba \u0627\u0648\u0631 \u0627\u0633 \u062f\u0644\u06a9\u0634 \u0631\u06cc\u0632\u0631\u0648 \u0645\u06cc\u06ba \u0645\u062d\u0641\u0648\u0638 \u062c\u0646\u06af\u0644\u0627\u062a \u0645\u06cc\u06ba \u062c\u0627\u0626\u06cc\u06ba\u06d4<\/div>\n<p>n<\/p>\n<div class=\"body-description secondary\">\nn<br \/>\n\u0645\u06c1\u0645 \u062c\u0648\u0626\u06cc \u06a9\u06cc \u0628\u06a9\u0646\u06af \u06a9\u06d2 \u0633\u0627\u062a\u06be \u0622\u0626\u06cc\u06ba \u0627\u0648\u0631 \u06a9\u0686\u06be \u067e\u0631\u0646\u062f\u0648\u06ba \u0633\u06d2 \u0628\u06be\u0631\u06d2 \u0645\u06cc\u0646\u06af\u0631\u0648\u0648\u0632\u060c \u0633\u0631\u0633\u0628\u0632 \u067e\u0648\u062f\u0648\u06ba \u06a9\u06cc \u06af\u06be\u0648\u0645\u062a\u06cc \u067e\u06c1\u0627\u0691\u06cc\u0648\u06ba \u0627\u0648\u0631 \u063a\u0627\u0631\u0648\u06ba \u06a9\u0648 \u062f\u06cc\u06a9\u06be\u0646\u0627 \u0634\u0631\u0648\u0639 \u06a9\u0631\u06cc\u06ba\u06d4 <em><strong>\u0644\u0627\u0633 \u06c1\u06cc\u0679\u06cc\u0632 \u0646\u06cc\u0634\u0646\u0644 \u067e\u0627\u0631\u06a9<\/strong><\/em>. \u0633\u0645\u0627\u0646\u06c1 \u0628\u0646\u062f\u0631\u06af\u0627\u06c1 \u0633\u06d2 \u06a9\u0634\u062a\u06cc \u06a9\u06cc \u0633\u06cc\u0631\u06d4<br \/>\nn<br \/>\nnThe national park\u2019s name comes from its original inhabitants, the Taino Indians. In their language \u201cHaitises\u201d translates to highlands or Hills, a reference to the coastline\u2019s steep geological formations with Limestones. Venture deeper into the park to explore caves such as the <em><strong>Cueva de la Arena<\/strong><\/em> \u0627\u0648\u0631 <strong><em>Cueva de la L\u00cdnea.<\/em><\/strong> \u0631\u06cc\u0632\u0631\u0648 \u0645\u06cc\u06ba \u0645\u0648\u062c\u0648\u062f \u063a\u0627\u0631\u0648\u06ba \u06a9\u0648 \u0679\u0627\u0626\u06cc\u0646\u0648 \u06c1\u0646\u062f\u0648\u0633\u062a\u0627\u0646\u06cc\u0648\u06ba \u0646\u06d2 \u067e\u0646\u0627\u06c1 \u06af\u0627\u06c1 \u06a9\u06d2 \u0637\u0648\u0631 \u067e\u0631 \u0627\u0633\u062a\u0639\u0645\u0627\u0644 \u06a9\u06cc\u0627 \u0627\u0648\u0631\u060c \u0628\u0639\u062f \u0645\u06cc\u06ba\u060c \u0642\u0632\u0627\u0642\u0648\u06ba \u06a9\u0648 \u0686\u06be\u067e\u0627 \u06a9\u0631\u06d4 \u06a9\u0686\u06be \u062f\u06cc\u0648\u0627\u0631\u0648\u06ba \u06a9\u0648 \u0633\u062c\u0627\u0646\u06d2 \u0648\u0627\u0644\u06d2 \u06c1\u0646\u062f\u0648\u0633\u062a\u0627\u0646\u06cc\u0648\u06ba \u06a9\u06cc \u0688\u0631\u0627\u0626\u0646\u06af \u062a\u0644\u0627\u0634 \u06a9\u0631\u06cc\u06ba\u06d4<br \/>\nn<br \/>\nnAfter visiting Los Haitises National Park we will take the boat and going through the mangroves and Land at the open San Lorenzo Bay directly to\u00a0 Saman\u00e1 Port. In Saman\u00e1 Port, we take our private Transportation to El Rinc\u00f3n beach for lunch.<br \/>\nn<br \/>\n\u062f\u0648\u067e\u06c1\u0631 \u06a9\u0627 \u06a9\u06be\u0627\u0646\u0627 \u0645\u0632\u06cc\u062f\u0627\u0631 \u06c1\u0648\u06af\u0627 \u0644\u06cc\u06a9\u0646 \u06c1\u0645 \u0646\u06d2 \u0627\u0628\u06be\u06cc \u062e\u062a\u0645 \u0646\u06c1\u06cc\u06ba \u06a9\u06cc\u0627\u06d4 \u062f\u0648\u067e\u06c1\u0631 \u06a9\u06d2 \u06a9\u06be\u0627\u0646\u06d2 \u06a9\u06d2 \u0628\u0639\u062f\u060c \u0622\u067e \u06a9\u06d2 \u067e\u0627\u0633 \u0633\u0627\u062d\u0644 \u0633\u0645\u0646\u062f\u0631 \u0633\u06d2 \u0644\u0637\u0641 \u0627\u0646\u062f\u0648\u0632 \u06c1\u0648\u0646\u06d2 \u06cc\u0627 \u0635\u0631\u0641 \u0633\u0627\u06cc\u06c1 \u0645\u06cc\u06ba \u0628\u06cc\u0679\u06be\u0646\u06d2 \u0627\u0648\u0631 \u0639\u0627\u0645 \u0688\u0648\u0645\u06cc\u0646\u06cc\u06a9\u0646 \u0628\u0627\u0631 \u0645\u06cc\u06ba \u0633\u06d2 \u06a9\u0633\u06cc \u0627\u06cc\u06a9 \u0645\u06cc\u06ba \u067e\u06cc\u0646\u0627 \u06a9\u0648\u0644\u0627\u0688\u0627 \u06cc\u0627 \u06a9\u0648\u06a9\u0648 \u0644\u0648\u06a9\u0648 \u0633\u06d2 \u0644\u0637\u0641 \u0627\u0646\u062f\u0648\u0632 \u06c1\u0648\u0646\u06d2 \u06a9\u0627 \u0648\u0642\u062a \u06c1\u0648\u06af\u0627\u06d4 4:30 \u0628\u062c\u06d2 \u06a9\u06d2 \u0642\u0631\u06cc\u0628 \u0633\u0627\u062d\u0644 \u0633\u0645\u0646\u062f\u0631 \u0633\u06d2 \u0646\u06a9\u0644 \u06a9\u0631 \u0633\u0645\u0627\u0646\u06c1 \u0648\u0627\u067e\u0633 \u0622 \u0631\u06c1\u06d2 \u06c1\u06cc\u06ba\u06d4<br \/>\nn<br \/>\nn<\/div>\n<p>nIn the beach and you can stay as long you want swimming around. Frite fish and Tostones are offered! If you are Vegan we also can set some food for you.<br \/>\nn<br \/>\nn&nbsp;<br \/>\nn<\/p>\n<h4><em><strong>\u0622\u067e \u06a9\u0648 \u06a9\u06cc\u0627 \u0644\u0627\u0646\u0627 \u0686\u0627\u06c1\u0626\u06d2\u061f<\/strong><\/em><\/h4>\n<p>n<\/p>\n<ul>\nn \t<\/p>\n<li style=\"font-weight: 400;\"><span style=\"font-weight: 400;\">\u06a9\u06cc\u0645\u0631\u06c1<\/span><\/li>\n<p>n \t<\/p>\n<li style=\"font-weight: 400;\"><span style=\"font-weight: 400;\">\u0627\u062e\u062a\u0631\u0634\u06a9 \u06a9\u0644\u06cc\u0627\u06ba<\/span><\/li>\n<p>n \t<\/p>\n<li style=\"font-weight: 400;\"><span style=\"font-weight: 400;\">\u0633\u0646 \u06a9\u0631\u06cc\u0645<\/span><\/li>\n<p>n \t<\/p>\n<li style=\"font-weight: 400;\"><span style=\"font-weight: 400;\">\u0679\u0648\u067e\u06cc<\/span><\/li>\n<p>n \t<\/p>\n<li style=\"font-weight: 400;\"><span style=\"font-weight: 400;\">\u0622\u0631\u0627\u0645 \u062f\u06c1 \u067e\u062a\u0644\u0648\u0646<\/span><\/li>\n<p>n \t<\/p>\n<li style=\"font-weight: 400;\"><span style=\"font-weight: 400;\">\u062c\u0646\u06af\u0644 \u06a9\u06d2 \u0644\u0626\u06d2 \u067e\u06cc\u062f\u0644 \u0633\u0641\u0631 \u06a9\u06d2 \u062c\u0648\u062a\u06d2<\/span><\/li>\n<p>n \t<\/p>\n<li style=\"font-weight: 400;\"><span style=\"font-weight: 400;\">\u0633\u0627\u062d\u0644 \u0633\u0645\u0646\u062f\u0631 \u067e\u0631 \u0633\u06cc\u0646\u0688\u0644<\/span><\/li>\n<p>n \t<\/p>\n<li style=\"font-weight: 400;\"><span style=\"font-weight: 400;\">\u062a\u06cc\u0631\u0627\u06a9\u06cc \u06a9\u0627 \u0644\u0628\u0627\u0633<\/span><\/li>\n<p>n<\/ul>\n<p>n&nbsp;<br \/>\nn<\/p>\n<h4><b><i>\u06c1\u0648\u0679\u0644 \u067e\u06a9 \u0627\u067e <\/i><\/b><\/h4>\n<p>n<span style=\"font-weight: 400;\">\u0627\u0633 \u062f\u0648\u0631\u06d2 \u06a9\u06d2 \u0644\u06cc\u06d2 \u06c1\u0648\u0679\u0644 \u067e\u06a9 \u0627\u067e \u06a9\u06cc \u067e\u06cc\u0634\u06a9\u0634 \u0646\u06c1\u06cc\u06ba \u06a9\u06cc \u062c\u0627\u062a\u06cc \u06c1\u06d2\u06d4 <\/span><br \/>\nn<br \/>\nn&nbsp;<br \/>\nn<br \/>\nn<b>\u0646\u0648\u0679:<\/b><span style=\"font-weight: 400;\"> \u0627\u06af\u0631 \u0622\u067e \u0679\u0648\u0631\/ \u0633\u06cc\u0631 \u06a9\u06d2 \u0631\u0648\u0627\u0646\u06af\u06cc \u06a9\u06d2 \u0648\u0642\u062a \u06a9\u06d2 24 \u06af\u06be\u0646\u0679\u0648\u06ba \u06a9\u06d2 \u0627\u0646\u062f\u0631 \u0628\u06a9\u0646\u06af \u06a9\u0631 \u0631\u06c1\u06d2 \u06c1\u06cc\u06ba\u060c \u062a\u0648 \u06c1\u0645 \u0627\u0636\u0627\u0641\u06cc \u0686\u0627\u0631\u062c\u0632 \u06a9\u06d2 \u0633\u0627\u062a\u06be \u06c1\u0648\u0679\u0644 \u067e\u06a9 \u0627\u067e \u06a9\u0627 \u0627\u0646\u062a\u0638\u0627\u0645 \u06a9\u0631 \u0633\u06a9\u062a\u06d2 \u06c1\u06cc\u06ba\u06d4 \u0622\u067e \u06a9\u06cc \u062e\u0631\u06cc\u062f\u0627\u0631\u06cc \u0645\u06a9\u0645\u0644 \u06c1\u0648\u0646\u06d2 \u06a9\u06d2 \u0628\u0639\u062f\u060c \u06c1\u0645 \u0622\u067e \u06a9\u0648 \u067e\u06a9 \u0627\u067e \u06a9\u06d2 \u0627\u0646\u062a\u0638\u0627\u0645\u0627\u062a \u06a9\u0648 \u0645\u0646\u0638\u0645 \u06a9\u0631\u0646\u06d2 \u06a9\u06d2 \u0644\u06cc\u06d2 \u0627\u067e\u0646\u06d2 \u0645\u0642\u0627\u0645\u06cc \u0679\u0648\u0631 \u06af\u0627\u0626\u06cc\u0688 \u06a9\u06d2 \u0644\u06cc\u06d2 \u0645\u06a9\u0645\u0644 \u0631\u0627\u0628\u0637\u06c1 \u0645\u0639\u0644\u0648\u0645\u0627\u062a (\u0641\u0648\u0646 \u0646\u0645\u0628\u0631\u060c \u0627\u06cc \u0645\u06cc\u0644 \u067e\u062a\u06c1 \u0648\u063a\u06cc\u0631\u06c1) \u0628\u06be\u06cc\u062c\u06cc\u06ba \u06af\u06d2\u06d4<\/span><br \/>\nn<\/p>\n<h4><b><i>\u0627\u0636\u0627\u0641\u06cc \u0645\u0639\u0644\u0648\u0645\u0627\u062a \u06a9\u06cc \u062a\u0635\u062f\u06cc\u0642 <\/i><\/b><\/h4>\n<p>n<\/p>\n<ol>\nn \t<\/p>\n<li>\u0679\u06a9\u0679 \u0627\u0633 \u0679\u0648\u0631 \u06a9\u06cc \u0627\u062f\u0627\u0626\u06cc\u06af\u06cc \u06a9\u06d2 \u0628\u0639\u062f \u06a9\u06cc \u0631\u0633\u06cc\u062f \u06c1\u06cc\u06ba\u06d4 \u0622\u067e \u0627\u067e\u0646\u06d2 \u0641\u0648\u0646 \u067e\u0631 \u0627\u062f\u0627\u0626\u06cc\u06af\u06cc \u062f\u06a9\u06be\u0627 \u0633\u06a9\u062a\u06d2 \u06c1\u06cc\u06ba\u06d4<\/li>\n<p>n \t<\/p>\n<li style=\"font-weight: 400;\"><span style=\"font-weight: 400;\">\u0631\u06cc\u0632\u0631\u0648\u06cc\u0634\u0646 \u06a9\u06d2 \u0639\u0645\u0644 \u06a9\u06d2 \u0628\u0639\u062f \u0645\u06cc\u0679\u0646\u06af \u067e\u0648\u0627\u0626\u0646\u0679 \u0645\u0648\u0635\u0648\u0644 \u06c1\u0648\u06af\u0627\u06d4<\/span><\/li>\n<p>n \t<\/p>\n<li style=\"font-weight: 400;\"><span style=\"font-weight: 400;\">\u0628\u0686\u0648\u06ba \u06a9\u06d2 \u0633\u0627\u062a\u06be \u0627\u06cc\u06a9 \u0628\u0627\u0644\u063a \u06a9\u0627 \u06c1\u0648\u0646\u0627 \u0636\u0631\u0648\u0631\u06cc \u06c1\u06d2\u06d4<\/span><\/li>\n<p>n \t<\/p>\n<li style=\"font-weight: 400;\"><span style=\"font-weight: 400;\"> \u0648\u06c1\u06cc\u0644 \u0686\u06cc\u0626\u0631 \u0642\u0627\u0628\u0644 \u0631\u0633\u0627\u0626\u06cc \u0646\u06c1\u06cc\u06ba \u06c1\u06d2\u06d4 <\/span><\/li>\n<p>n \t<\/p>\n<li style=\"font-weight: 400;\"><span style=\"font-weight: 400;\">\u0634\u06cc\u0631 \u062e\u0648\u0627\u0631 \u0628\u0686\u0648\u06ba \u06a9\u0648 \u06af\u0648\u062f \u0645\u06cc\u06ba \u0628\u06cc\u0679\u06be\u0646\u0627 \u0686\u0627\u06c1\u06cc\u06d2\u06d4 <\/span><\/li>\n<p>n \t<\/p>\n<li style=\"font-weight: 400;\"><span style=\"font-weight: 400;\">\u06a9\u0645\u0631 \u06a9\u06cc \u067e\u0631\u06cc\u0634\u0627\u0646\u06cc\u0648\u06ba \u0648\u0627\u0644\u06d2 \u0645\u0633\u0627\u0641\u0631\u0648\u06ba \u06a9\u06d2 \u0644\u0626\u06d2 \u0633\u0641\u0627\u0631\u0634 \u0646\u06c1\u06cc\u06ba \u06a9\u06cc \u062c\u0627\u062a\u06cc \u06c1\u06d2\u06d4<\/span><\/li>\n<p>n \t<\/p>\n<li style=\"font-weight: 400;\"><span style=\"font-weight: 400;\">\u062d\u0627\u0645\u0644\u06c1 \u0645\u0633\u0627\u0641\u0631\u0648\u06ba \u06a9\u06d2 \u0644\u0626\u06d2 \u0633\u0641\u0627\u0631\u0634 \u0646\u06c1\u06cc\u06ba \u06a9\u06cc \u062c\u0627\u062a\u06cc \u06c1\u06d2 <\/span><\/li>\n<p>n \t<\/p>\n<li style=\"font-weight: 400;\"><span style=\"font-weight: 400;\"> \u062f\u0644 \u06a9\u06cc \u06a9\u0648\u0626\u06cc \u067e\u0631\u06cc\u0634\u0627\u0646\u06cc \u06cc\u0627 \u062f\u06cc\u06af\u0631 \u0633\u0646\u06af\u06cc\u0646 \u0637\u0628\u06cc \u062d\u0627\u0644\u0627\u062a \u0646\u06c1\u06cc\u06ba\u06d4 <\/span><\/li>\n<p>n \t<\/p>\n<li style=\"font-weight: 400;\"><span style=\"font-weight: 400;\">\u0632\u06cc\u0627\u062f\u06c1 \u062a\u0631 \u0645\u0633\u0627\u0641\u0631 \u0634\u0631\u06a9\u062a \u06a9\u0631 \u0633\u06a9\u062a\u06d2 \u06c1\u06cc\u06ba\u06d4<\/span><\/li>\n<p>n<\/ol>\n<p>n<\/p>\n<h4><b><i>\u0645\u0646\u0633\u0648\u062e \u06a9\u0631\u0646\u06d2 \u06a9\u06cc \u062d\u06a9\u0645\u062a \u0639\u0645\u0644\u06cc<\/i><\/b><\/h4>\n<p>\u0645\u06a9\u0645\u0644 \u0631\u0642\u0645 \u06a9\u06cc \u0648\u0627\u067e\u0633\u06cc \u06a9\u06d2 \u0644\u06cc\u06d2\u060c \u0628\u0631\u0627\u06c1 \u06a9\u0631\u0645 \u06c1\u0645\u0627\u0631\u06cc \u0645\u0646\u0633\u0648\u062e\u06cc \u06a9\u06cc \u067e\u0627\u0644\u06cc\u0633\u06cc\u0627\u06ba \u067e\u0691\u06be\u06cc\u06ba\u00a0<a href=\"https:\/\/www.boattoursamana.com\/ur\/%d8%a2%d9%86-%d9%84%d8%a7%d8%a6%d9%86-%d8%a8%da%a9%d9%86%da%af\/\" target=\"_blank\" rel=\"noopener\" data-saferedirecturl=\"https:\/\/www.google.com\/url?q=https:\/\/www.boattoursamana.com\/online-booking\/&amp;source=gmail&amp;ust=1672449202351000&amp;usg=AOvVaw1yAeVAPktmaVCqDujgUn90\">\u06cc\u06c1\u0627\u06ba \u06a9\u0644\u06a9 \u06a9\u0631\u06cc\u06ba<\/a>. \u0627\u06af\u0631 \u0633\u0641\u0631 \u06a9\u06d2 \u0627\u0633\u06cc \u062f\u0646 \u0631\u06cc\u0632\u0631\u0648\u06cc\u0634\u0646 \u0645\u0646\u0633\u0648\u062e \u06c1\u0648 \u062c\u0627\u062a\u06cc \u06c1\u06d2 \u062a\u0648 \u0641\u0646\u0688\u0632 \u0636\u0627\u0626\u0639 \u06c1\u0648 \u062c\u0627\u0626\u06cc\u06ba \u06af\u06d2\u06d4<\/p>\n\n\t\t<\/div>\n\t<\/div>\n<div class=\"vc_empty_space\"   style=\"height: 32px\"><span class=\"vc_empty_space_inner\"><\/span><\/div><\/div><\/div><\/div><\/div><div class=\"vc_row wpb_row vc_row-fluid\" ><div class=\"wpb_column vc_column_container vc_col-sm-12\"><div class=\"vc_column-inner\"><div class=\"wpb_wrapper\"><\/div><\/div><\/div><\/div><div class=\"vc_row wpb_row vc_row-fluid\" ><div class=\"wpb_column vc_column_container vc_col-sm-12\"><div class=\"vc_column-inner\"><div class=\"wpb_wrapper\"><div class=\"vc_btn3-container vc_btn3-inline\" ><button class=\"vc_general vc_btn3 vc_btn3-size-md vc_btn3-shape-rounded vc_btn3-style-modern vc_btn3-color-green\">\u0627\u0628\u06be\u06cc \u0628\u06a9 \u06a9\u0631\u06cc\u06ba\u06d4<\/button><\/div><\/div><\/div><\/div><\/div>","protected":false},"excerpt":{"rendered":"<p>Los Haitises National Park and Playa El Rinc\u00f3n with Lunch on the beach. Come with us and visit the most beautiful national park of the Dominican Republic, Visiting Mangroves, Caves and San Lorenzo Bay. After back to Saman\u00e1 port to take a\u00a0 private trip to Playa El Rinc\u00f3n Beach with Lunch on the Beach. n nGet your tickets with offers here&#8230; n n&nbsp; n nPlease Select date for The Tour\u00a0 &nbsp;<\/p>","protected":false},"author":2,"featured_media":0,"parent":0,"menu_order":0,"comment_status":"open","ping_status":"closed","template":"","meta":{"footnotes":""},"class_list":["post-15744","page","type-page","status-publish","hentry"],"_links":{"self":[{"href":"https:\/\/www.boattoursamana.com\/ur\/wp-json\/wp\/v2\/pages\/15744","targetHints":{"allow":["GET"]}}],"collection":[{"href":"https:\/\/www.boattoursamana.com\/ur\/wp-json\/wp\/v2\/pages"}],"about":[{"href":"https:\/\/www.boattoursamana.com\/ur\/wp-json\/wp\/v2\/types\/page"}],"author":[{"embeddable":true,"href":"https:\/\/www.boattoursamana.com\/ur\/wp-json\/wp\/v2\/users\/2"}],"replies":[{"embeddable":true,"href":"https:\/\/www.boattoursamana.com\/ur\/wp-json\/wp\/v2\/comments?post=15744"}],"version-history":[{"count":0,"href":"https:\/\/www.boattoursamana.com\/ur\/wp-json\/wp\/v2\/pages\/15744\/revisions"}],"wp:attachment":[{"href":"https:\/\/www.boattoursamana.com\/ur\/wp-json\/wp\/v2\/media?parent=15744"}],"curies":[{"name":"wp","href":"https:\/\/api.w.org\/{rel}","templated":true}]}}