{"id":15777,"date":"2023-07-15T07:43:40","date_gmt":"2023-07-15T07:43:40","guid":{"rendered":"https:\/\/www.ticketswhales.com\/2-hours-hiking-rain-forest-los-haitises\/"},"modified":"2023-07-15T07:43:40","modified_gmt":"2023-07-15T07:43:40","slug":"2-hours-hiking-rain-forest-los-haitises","status":"publish","type":"page","link":"https:\/\/www.boattoursamana.com\/ur\/2-hours-hiking-rain-forest-los-haitises","title":{"rendered":"2 \u06af\u06be\u0646\u0679\u06d2 \u06c1\u0627\u0626\u06cc\u06a9\u0646\u06af \u0631\u06cc\u0646 \u0641\u0627\u0631\u06cc\u0633\u0679 \u0644\u0627\u0633 \u06c1\u06cc\u0679\u06cc\u0632"},"content":{"rendered":"<p><span style=\"vertical-align: inherit;\"><span style=\"vertical-align: inherit;\">Caminata 4 horas al Parque Nacional Los Haitises con un gu\u00eda tur\u00edstico local desde Sabana de la mar. <\/span><span style=\"vertical-align: inherit;\">\u0645\u0644\u0627\u062d\u0638\u06c1 \u06a9\u0631\u06cc\u06ba las \u00e1reas de Selva Tropical, Cocos, Caf\u00e9 y Cacao. <\/span><span style=\"vertical-align: inherit;\">Aprendiendo sobre la historia original del Parque Nacional Los Haitises.<\/span><\/span><br \/>\nn<br \/>\nn&nbsp;<br \/>\nn<br \/>\nn<strong><span style=\"vertical-align: inherit;\"><span style=\"vertical-align: inherit;\">Seleccione la fecha para el viaje de senderismo:<\/span><\/span><\/strong><\/p>\n<p>&nbsp;<\/p>\n<div class=\"vc_row wpb_row vc_row-fluid\" ><div class=\"wpb_column vc_column_container vc_col-sm-12\"><div class=\"vc_column-inner\"><div class=\"wpb_wrapper\"><div class=\"vc_btn3-container vc_btn3-inline\" ><button class=\"vc_general vc_btn3 vc_btn3-size-md vc_btn3-shape-rounded vc_btn3-style-modern vc_btn3-color-green\">\u0627\u0628\u06be\u06cc \u0628\u06a9 \u06a9\u0631\u06cc\u06ba\u06d4<\/button><\/div><div class=\"mkdf-section-title-holder\" style=\"text-align: left\">\n\t<div class=\"mkdf-st-inner\">\n\t\t\t\t\t<h5 class=\"mkdf-st-subtitle\" >\n\t\t\t\t\u0628\u0627\u0631\u0634 \u06a9\u06d2 \u062c\u0646\u06af\u0644 \u0645\u06cc\u06ba \u067e\u06cc\u062f\u0644 \u0633\u0641\u0631\u06d4\t\t\t<\/h5>\n\t\t\t\t\t\t\t<h3 class=\"mkdf-st-title\" >\n\t\t\t\t\u0644\u0627\u0633 \u06c1\u06cc\u0679\u06cc\u0633\u0633 \u0646\u06cc\u0634\u0646\u0644 \u067e\u0627\u0631\u06a9 - \u067e\u06cc\u062f\u0644 \u0633\u0641\u0631 4 \u06af\u06be\u0646\u0679\u06d2 Sendero del Bosque Humedo (Moist Forest Trail)\u06d4\t\t\t<\/h3>\n\t\t\t\t\t\t\t<p class=\"mkdf-st-text\" >\n\t\t\t\t\u0627\u0633 \u062a\u062c\u0631\u0628\u06d2 \u06a9\u06d2 \u0644\u06cc\u06d2 \u06a9\u0645 \u0627\u0632 \u06a9\u0645 4 \u0634\u0631\u06a9\u0627\u0621 \u06a9\u06cc \u0636\u0631\u0648\u0631\u062a \u06c1\u06d2\u06d4 \u0627\u06af\u0631 \u0622\u067e 4 \u0646\u06c1\u06cc\u06ba \u06c1\u06cc\u06ba \u062a\u0648 \u0628\u0631\u0627\u06c1 \u06a9\u0631\u0645 \u06c1\u0645 \u0633\u06d2 \u0628\u0644\u0627 \u062c\u06be\u062c\u06be\u06a9 \u0631\u0627\u0628\u0637\u06c1 \u06a9\u0631\u06cc\u06ba!\t\t\t<\/p>\n\t\t\t<\/div>\n<\/div><\/div><\/div><\/div><\/div><div class=\"vc_row wpb_row vc_row-fluid\" ><\/div><div class=\"wpb_column vc_column_container vc_col-sm-12\"><div class=\"vc_column-inner\"><div class=\"wpb_wrapper\"><\/div><\/div><\/div>\n\t<div class=\"wpb_text_column wpb_content_element\" >\n\t\t<div class=\"wpb_wrapper\">\n\t\t\t<p>\nn<br \/>\n\u0645\u06cc\u06ba \u0679\u06cc\u06a9\u0633\u0679 \u0628\u0644\u0627\u06a9 \u06c1\u0648\u06ba\u06d4 \u0627\u0633 \u0645\u062a\u0646 \u06a9\u0648 \u062a\u0628\u062f\u06cc\u0644 \u06a9\u0631\u0646\u06d2 \u06a9\u06d2 \u0644\u06cc\u06d2 \u062a\u0631\u0645\u06cc\u0645 \u06a9\u06d2 \u0628\u0679\u0646 \u067e\u0631 \u06a9\u0644\u06a9 \u06a9\u0631\u06cc\u06ba\u06d4 Lorem ipsum dolor sit amet, consectetur adipiscing elit. Ut elit tellus, luctus nec ullamcorper mattis, pulvinar dapibus leo.<br \/>\nn<br \/>\nn<\/p>\n\n\t\t<\/div>\n\t<\/div>\n<div class=\"vc_row wpb_row vc_row-fluid\" ><\/div><div class=\"wpb_column vc_column_container vc_col-sm-12\"><div class=\"vc_column-inner\"><div class=\"wpb_wrapper\"><\/div><\/div><\/div><div class=\"vc_empty_space\"   style=\"height: 32px\"><span class=\"vc_empty_space_inner\"><\/span><\/div><div class=\"vc_empty_space\"   style=\"height: 32px\"><span class=\"vc_empty_space_inner\"><\/span><\/div><div class=\"vc_row wpb_row vc_row-fluid\" ><div class=\"wpb_column vc_column_container vc_col-sm-12\"><div class=\"vc_column-inner\"><div class=\"wpb_wrapper\"><div class=\"vc_btn3-container vc_btn3-inline\" ><button class=\"vc_general vc_btn3 vc_btn3-size-md vc_btn3-shape-rounded vc_btn3-style-modern vc_btn3-color-green\">\u0627\u0628\u06be\u06cc \u0628\u06a9 \u06a9\u0631\u06cc\u06ba\u06d4<\/button><\/div><\/div><\/div><\/div><\/div>","protected":false},"excerpt":{"rendered":"<p>Caminata 4 horas al Parque Nacional Los Haitises con un gu\u00eda tur\u00edstico local desde Sabana de la mar. Visitando las \u00e1reas de Selva Tropical, Cocos, Caf\u00e9 y Cacao. Aprendiendo sobre la historia original del Parque Nacional Los Haitises. n n&nbsp; n nSeleccione la fecha para el viaje de senderismo: &nbsp;<\/p>","protected":false},"author":2,"featured_media":0,"parent":0,"menu_order":0,"comment_status":"open","ping_status":"closed","template":"","meta":{"footnotes":""},"class_list":["post-15777","page","type-page","status-publish","hentry"],"_links":{"self":[{"href":"https:\/\/www.boattoursamana.com\/ur\/wp-json\/wp\/v2\/pages\/15777","targetHints":{"allow":["GET"]}}],"collection":[{"href":"https:\/\/www.boattoursamana.com\/ur\/wp-json\/wp\/v2\/pages"}],"about":[{"href":"https:\/\/www.boattoursamana.com\/ur\/wp-json\/wp\/v2\/types\/page"}],"author":[{"embeddable":true,"href":"https:\/\/www.boattoursamana.com\/ur\/wp-json\/wp\/v2\/users\/2"}],"replies":[{"embeddable":true,"href":"https:\/\/www.boattoursamana.com\/ur\/wp-json\/wp\/v2\/comments?post=15777"}],"version-history":[{"count":0,"href":"https:\/\/www.boattoursamana.com\/ur\/wp-json\/wp\/v2\/pages\/15777\/revisions"}],"wp:attachment":[{"href":"https:\/\/www.boattoursamana.com\/ur\/wp-json\/wp\/v2\/media?parent=15777"}],"curies":[{"name":"wp","href":"https:\/\/api.w.org\/{rel}","templated":true}]}}