{"id":15802,"date":"2023-07-15T07:43:59","date_gmt":"2023-07-15T07:43:59","guid":{"rendered":"https:\/\/www.ticketswhales.com\/excursion-whale-watching-samana-bay-cano-hondo-los-haitises-from-samana-port\/"},"modified":"2023-07-15T07:43:59","modified_gmt":"2023-07-15T07:43:59","slug":"excursion-whale-watching-samana-bay-cano-hondo-los-haitises-from-samana-port","status":"publish","type":"page","link":"https:\/\/www.boattoursamana.com\/ur\/%d8%b3%d9%85%d8%a7%d9%86%db%81-%d8%a8%d9%86%d8%af%d8%b1%da%af%d8%a7%db%81-%d8%b3%db%92-%d8%b3%d9%85%d8%a7%d9%86%d8%a7-%d8%a8%db%92-%da%a9%db%8c%d9%86%d9%88-%db%81%d9%88%d9%86%da%88%d9%88-%d9%84%d8%a7-2","title":{"rendered":"\u0633\u0645\u0627\u0646\u0627 \u0628\u0646\u062f\u0631\u06af\u0627\u06c1 \u0633\u06d2 \u0633\u0645\u0627\u0646\u0627 \u0628\u06d2 + \u06a9\u06cc\u0646\u0648 \u06c1\u0648\u0646\u0688\u0648 + \u0644\u0627\u0633 \u06c1\u06cc\u0679\u06cc\u0633\u0633 \u06a9\u0648 \u062f\u06cc\u06a9\u06be\u0646\u06d2 \u06a9\u06d2 \u0644\u0626\u06d2 \u06af\u06be\u0648\u0645\u0646\u06d2 \u067e\u06be\u0631\u0646\u06d2 \u0648\u0627\u0644\u06cc \u0648\u06c1\u06cc\u0644"},"content":{"rendered":"<p><span style=\"vertical-align: inherit;\"><span style=\"vertical-align: inherit;\">Esta es una excursi\u00f3n privada al observatorio de avistamiento de ballenas despu\u00e9s del almuerzo en el albergue ecol\u00f3gico Ca\u00f1o Hondo y el Parque Nacional Los Haitises. <\/span><span style=\"vertical-align: inherit;\">Nadie m\u00e1s ofrece esta incre\u00edble experiencia en un viaje de un solo d\u00eda con gu\u00edas profesionales ecologistas en el avistamento de ballenas. <\/span><span style=\"vertical-align: inherit;\">Si desea ponerse en contacto con nosotros para recibir asesoramiento, env\u00ede un correo electr\u00f3nico, Whatsapp o Llamadas disponibles. <\/span><span style=\"vertical-align: inherit;\">Por favour reserve sus boletos con tiempo.<\/span><\/span><br \/>\nn<br \/>\nn&nbsp;<br \/>\nn<br \/>\nn<em><strong><span style=\"vertical-align: inherit;\"><span style=\"vertical-align: inherit;\">Seleccione la fecha de la excursi\u00f3n:<\/span><\/span><\/strong><\/em><\/p>\n<p>&nbsp;<\/p>\n<div class=\"vc_row wpb_row vc_row-fluid\" ><\/div><div class=\"wpb_column vc_column_container vc_col-sm-12\"><div class=\"vc_column-inner\"><div class=\"wpb_wrapper\"><\/div><\/div><\/div><div class=\"mkdf-section-title-holder\" style=\"text-align: left\">\n\t<div class=\"mkdf-st-inner\">\n\t\t\t\t\t<h5 class=\"mkdf-st-subtitle\" >\n\t\t\t\t\u0679\u0648\u0631 \u0627\u0648\u0631 \u0633\u06cc\u0631\t\t\t<\/h5>\n\t\t\t\t\t\t\t<h3 class=\"mkdf-st-title\" >\n\t\t\t\t\u0633\u0645\u0627\u0646\u06c1 \u0628\u0646\u062f\u0631\u06af\u0627\u06c1 \u0633\u06d2 \u0633\u0645\u0627\u0646\u06c1 \u0628\u06d2 + \u06a9\u06cc\u0646\u0648 \u06c1\u0648\u0646\u0688\u0648 + \u0644\u0627\u0633 \u06c1\u06cc\u0679\u06cc\u0633\u0633 \u06a9\u0648 \u062f\u06cc\u06a9\u06be\u0646\u06d2 \u06a9\u06d2 \u0644\u0626\u06d2 \u06af\u06be\u0648\u0645\u0646\u06d2 \u067e\u06be\u0631\u0646\u06d2 \u0648\u0627\u0644\u06cc \u0648\u06c1\u06cc\u0644\t\t\t<\/h3>\n\t\t\t\t\t<\/div>\n<\/div>\n\t<div class=\"wpb_text_column wpb_content_element\" >\n\t\t<div class=\"wpb_wrapper\">\n\t\t\t<p>\nn<\/p>\n<div class=\"vc_row wpb_row vc_row-fluid\">\nn<\/p>\n<div class=\"wpb_column vc_column_container vc_col-sm-12\">\nn<\/p>\n<div class=\"vc_column-inner\">\nn<\/p>\n<div class=\"wpb_wrapper\">\nn<\/p>\n<div class=\"wpb_text_column wpb_content_element\">\nn<\/p>\n<div class=\"wpb_wrapper\">\nn<\/p>\n<h3><\/h3>\n<p>\u0633\u0645\u0627\u0646\u0627 \u0645\u06cc\u06ba \u0648\u06c1\u06cc\u0644 \u062f\u06cc\u06a9\u06be\u0646\u0627 \u0633\u0645\u0627\u0646\u0627 \u0628\u0646\u062f\u0631\u06af\u0627\u06c1 \u0633\u06d2 \u0634\u0631\u0648\u0639 \u06c1\u0648\u062a\u0627 \u06c1\u06d2 \u0648\u06c1\u06cc\u0644 \u062f\u06cc\u06a9\u06be\u0646\u06d2 \u06a9\u06d2 \u0628\u0639\u062f \u06c1\u0645 \u062e\u0644\u06cc\u062c \u06a9\u06d2 \u0627\u0633 \u067e\u0627\u0631 Ca\u00f1o Hondo \u0642\u062f\u0631\u062a\u06cc \u062a\u0627\u0644\u0627\u0628\u0648\u06ba \u06a9\u06d2 \u0639\u0644\u0627\u0648\u06c1 \u0644\u0646\u0686 \u0627\u0648\u0631 Los Haitises National Park \u0645\u06cc\u06ba \u0645\u06a9\u0645\u0644 \u0633\u0641\u0631 \u06a9\u0631\u06cc\u06ba \u06af\u06d2\u06d4<br \/>\nn<br \/>\n\u06cc\u06c1 \u0633\u0641\u0631 \u0635\u0628\u062d 9:00 \u0628\u062c\u06d2 \u0634\u0631\u0648\u0639 \u06c1\u0648\u06af\u0627 \u0627\u0648\u0631 \u0634\u0627\u0645 5:00 \u0628\u062c\u06d2 \u062e\u062a\u0645 \u06c1\u0648\u06af\u0627\u06d4 \u06c1\u0645\u0627\u0631\u06d2 \u062f\u0641\u062a\u0631 \u0645\u06cc\u06ba \u0627\u0633 \u0633\u06d2 \u067e\u06c1\u0644\u06d2 \u0645\u0644\u0627\u0642\u0627\u062a\u06d4 \u0627\u0646 \u06a9\u06d2 \u0627\u067e\u0646\u06d2 \u0631\u06c1\u0627\u0626\u0634 \u06af\u0627\u06c1 \u0645\u06cc\u06ba \u0648\u06c1\u06cc\u0644 \u06a9\u0627 \u062f\u0648\u0631\u06c1 \u06a9\u0631\u0646\u06d2 \u06a9\u06d2 \u0644\u0626\u06d2 \u06c1\u0645\u0627\u0631\u06cc \u0646\u062c\u06cc \u06a9\u0634\u062a\u06cc \u06a9\u0648 \u062e\u062a\u0645 \u06a9\u0631\u0646\u06d2 \u06a9\u06d2 \u0628\u0639\u062f. \u0635\u0628\u062d 9:00 \u0628\u062c\u06d2 \u0633\u06d2 \u0635\u0628\u062d 11:00 \u0628\u062c\u06d2 \u062a\u06a9 \u0648\u06c1\u06cc\u0644 \u0622\u0628\u0632\u0631\u0648\u06cc\u0679\u0631\u06cc \u0627\u0648\u0631 \u0627\u0633 \u0648\u06c1\u06cc\u0644 \u062f\u06cc\u06a9\u06be\u0646\u06d2 \u06a9\u06d2 \u0633\u0641\u0631 \u06a9\u06d2 \u0628\u0639\u062f \u06c1\u0645 \u062f\u0648\u067e\u06c1\u0631 \u06a9\u06d2 \u06a9\u06be\u0627\u0646\u06d2 \u06a9\u06d2 \u0639\u0644\u0627\u0648\u06c1 \u0642\u062f\u0631\u062a\u06cc \u062a\u0627\u0644\u0627\u0628\u0648\u06ba \u0645\u06cc\u06ba \u062a\u06cc\u0631\u0627\u06a9\u06cc \u06a9\u06d2 \u0644\u06cc\u06d2 Ca\u00f1o Hondo \u062c\u0627\u0626\u06cc\u06ba \u06af\u06d2 \u0627\u0648\u0631 Los Haitises National Park \u06a9\u06d2 \u0645\u06a9\u0645\u0644 \u0633\u0641\u0631 \u06a9\u06d2 \u0633\u0627\u062a\u06be \u062e\u062a\u0645 \u06c1\u0648\u06ba \u06af\u06d2\u06d4 \u06cc\u06c1 \u0633\u06cc\u0631 \u0627\u0633\u06cc \u0628\u0646\u062f\u0631\u06af\u0627\u06c1 \u067e\u0631 \u062e\u062a\u0645 \u06c1\u0648\u06af\u06cc \u062c\u06c1\u0627\u06ba \u0633\u06d2 \u0634\u0627\u0645 5 \u0628\u062c\u06d2 \u0634\u0631\u0648\u0639 \u06c1\u0648\u06af\u06cc\u06d4<br \/>\nn<br \/>\nn<strong>\u0646\u0648\u0679: \u06cc\u06c1 \u0627\u06cc\u06a9 \u067e\u0631\u0627\u0626\u06cc\u0648\u06cc\u0679 \u0633\u06cc\u0631 \u06c1\u06d2\u06d4\u00a0<\/strong><br \/>\nn<\/p>\n<ul>\nn \t<\/p>\n<li>\u0648\u06c1\u06cc\u0644 \u062f\u06cc\u06a9\u06be\u0646\u06d2 \u06a9\u0627 \u0633\u0641\u0631<\/li>\n<p>n \t<\/p>\n<li>\u0644\u0627\u0633 \u06c1\u06cc\u0679\u06cc\u0632 \u0646\u06cc\u0634\u0646\u0644 \u067e\u0627\u0631\u06a9 \u0679\u0648\u0631<\/li>\n<p>n \t<\/p>\n<li>\u06a9\u06cc\u0646\u0648 \u06c1\u0648\u0646\u0688\u0648\u060c \u0644\u0646\u0686 \u0627\u0648\u0631 \u067e\u0648\u0644<\/li>\n<p>n \t<\/p>\n<li>\u0622\u0628\u0632\u0631\u0648\u06cc\u0679\u0631\u06cc \u0645\u06cc\u06ba \u062f\u0627\u062e\u0644\u06c1 \u0641\u06cc\u0633<\/li>\n<p>n \t<\/p>\n<li>\u06a9\u0634\u062a\u06cc \u06a9\u06cc \u0645\u0646\u062a\u0642\u0644\u06cc<\/li>\n<p>n \t<\/p>\n<li>\u06a9\u067e\u062a\u0627\u0646 \u06c1\u062f\u0627\u06cc\u0627\u062a \u0627\u0648\u0631 \u0646\u06af\u0631\u0627\u0646\u06cc \u0641\u0631\u0627\u06c1\u0645 \u06a9\u0631\u062a\u0627 \u06c1\u06d2\u06d4<\/li>\n<p>n \t<\/p>\n<li>\u0679\u0648\u0631 \u06af\u0627\u0626\u06cc\u0688<\/li>\n<p>n<\/ul>\n<p>n&nbsp;<br \/>\nn<\/p>\n<h4><b>\u0634\u0645\u0648\u0644\u06cc\u062a \u0627\u0648\u0631 \u0627\u062e\u0631\u0627\u062c<\/b><\/h4>\n<p>n&nbsp;<br \/>\nn<br \/>\nn<b>\u0634\u0645\u0648\u0644\u06cc\u062a<\/b><br \/>\nn<\/p>\n<ol>\nn \t<\/p>\n<li>Ca\u00f1o Hondo \u0645\u06cc\u06ba \u0628\u0648\u0641\u06d2 \u0644\u0646\u0686<\/li>\n<p>n \t<\/p>\n<li>\u0642\u062f\u0631\u062a\u06cc \u062a\u0627\u0644\u0627\u0628<\/li>\n<p>n \t<\/p>\n<li>\u0648\u06c1\u06cc\u0644 Saman\u00e1 \u062e\u0644\u06cc\u062c \u06a9\u0648 \u062f\u06cc\u06a9\u06be \u0631\u06c1\u06cc \u06c1\u06d2\u06d4<\/li>\n<p>n \t<\/p>\n<li>\u0644\u0627\u0633 \u06c1\u06cc\u0679\u06cc\u0633\u0633 \u0646\u06cc\u0634\u0646\u0644 \u067e\u0627\u0631\u06a9\u060c \u063a\u0627\u0631\u0648\u06ba\u060c \u0645\u06cc\u0646\u06af\u0631\u0648\u0632 \u0627\u0648\u0631 \u0633\u0627\u0646 \u0644\u0648\u0631\u06cc\u0646\u0632\u0648 \u0628\u06d2<\/li>\n<p>n \t<\/p>\n<li>\u0679\u0648\u0631 \u06af\u0627\u0626\u06cc\u0688<\/li>\n<p>n \t<\/p>\n<li>\u06a9\u06cc\u0679\u0627\u0645\u0627\u0631\u0627\u0646 \u06cc\u0627 \u06a9\u0634\u062a\u06cc \u06a9\u0627 \u0633\u0641\u0631<\/li>\n<p>n \t<\/p>\n<li>\u062a\u0645\u0627\u0645 \u0679\u06cc\u06a9\u0633\u060c \u0641\u06cc\u0633 \u0627\u0648\u0631 \u06c1\u06cc\u0646\u0688\u0644\u0646\u06af \u0686\u0627\u0631\u062c\u0632<\/li>\n<p>n \t<\/p>\n<li>\u0645\u0642\u0627\u0645\u06cc \u0679\u06cc\u06a9\u0633<\/li>\n<p>n \t<\/p>\n<li>\u0645\u0634\u0631\u0648\u0628\u0627\u062a<\/li>\n<p>n<\/ol>\n<p>n<b>\u0627\u062e\u0631\u0627\u062c\u0627\u062a<\/b><br \/>\nn<\/p>\n<ol>\nn \t<\/p>\n<li>\u06af\u0631\u06cc\u062c\u0648\u06cc\u0679\u06cc\u0632<\/li>\n<p>n \t<\/p>\n<li>\u06a9\u0627\u0631 \u0645\u0646\u062a\u0642\u0644 \u06a9\u0631\u06cc\u06ba\u06d4<\/li>\n<p>n \t<\/p>\n<li>\u0634\u0631\u0627\u0628<\/li>\n<p>n<\/ol>\n<p>n&nbsp;<br \/>\nn<\/p>\n<h4><em><strong>\u0631\u0648\u0627\u0646\u06af\u06cc \u0627\u0648\u0631 \u0648\u0627\u067e\u0633\u06cc\u06d4<\/strong><\/em><\/h4>\n<p>\u0631\u06cc\u0632\u0631\u0648\u06cc\u0634\u0646 \u06a9\u06d2 \u0639\u0645\u0644 \u06a9\u06d2 \u0628\u0639\u062f \u0645\u0633\u0627\u0641\u0631 \u06a9\u0648 \u0645\u06cc\u0679\u0646\u06af \u067e\u0648\u0627\u0626\u0646\u0679 \u0645\u0644\u06d2 \u06af\u0627\u06d4 \u062f\u0648\u0631\u06d2 \u06c1\u0645\u0627\u0631\u06d2 \u0645\u06cc\u0679\u0646\u06af \u067e\u0648\u0627\u0626\u0646\u0679\u0633 \u0645\u06cc\u06ba \u0634\u0631\u0648\u0639 \u0627\u0648\u0631 \u062e\u062a\u0645 \u06c1\u0648\u062a\u06d2 \u06c1\u06cc\u06ba\u06d4<br \/>\nn<br \/>\nn&nbsp;<br \/>\nn<\/p>\n<h4><b><i>\u06a9\u06cc\u0627 \u062a\u0648\u0642\u0639 \u06a9\u06cc \u062c\u0627\u0626\u06d2\u061f<\/i><\/b><\/h4>\n<p>n&nbsp;<br \/>\nn<br \/>\nn<em><strong>\u0627\u067e\u0646\u06d2 \u0679\u06a9\u0679 \u062d\u0627\u0635\u0644 \u06a9\u0631\u06cc\u06ba\u06d4<\/strong><\/em> \u0627\u06cc\u06a9 \u062f\u0646 \u06a9\u06d2 \u0644\u06cc\u06d2 \u0633\u0645\u0627\u0646\u0627 \u0628\u06d2 \u0645\u06cc\u06ba \u0648\u06c1\u06cc\u0644 \u062f\u06cc\u06a9\u06be\u0646\u06d2 \u06a9\u06d2 \u062f\u0648\u0631\u06d2 \u06a9\u06d2 \u0639\u0644\u0627\u0648\u06c1 \u062f\u0648\u067e\u06c1\u0631 \u06a9\u06d2 \u06a9\u06be\u0627\u0646\u06d2 \u0627\u0648\u0631 \u0633\u0627\u062d\u0644 \u0633\u0645\u0646\u062f\u0631 \u06a9\u0627 \u0634\u0627\u0646\u062f\u0627\u0631 \u0648\u0642\u062a \u0627\u0648\u0631 \u0644\u0627\u0633 \u06c1\u06cc\u0679\u06cc\u0632 \u0646\u06cc\u0634\u0646\u0644 \u067e\u0627\u0631\u06a9 \u06a9\u0627 \u062f\u0648\u0631\u06c1\u06d4<br \/>\nn<br \/>\nn \u0648\u06c1\u06cc\u0644 \u062f\u06cc\u06a9\u06be\u0646\u06d2 \u06a9\u06d2 \u0644\u06cc\u06d2 \u0688\u06d2 \u067e\u0627\u0633\u060c &quot;\u0628\u06a9\u0646\u06af \u0627\u06cc\u0688\u0648\u0646\u0686\u0631\u0632&quot; \u06a9\u06d2 \u0632\u06cc\u0631 \u0627\u06c1\u062a\u0645\u0627\u0645 \u0679\u0648\u0631 \u06af\u0627\u0626\u06cc\u0688 \u06a9\u06d2 \u0633\u0627\u062a\u06be \u0645\u06cc\u0679\u0646\u06af \u067e\u0648\u0627\u0626\u0646\u0679 \u0633\u06d2 \u0634\u0631\u0648\u0639 \u06c1\u0648\u062a\u0627 \u06c1\u06d2\u06d4 \u0633\u0627\u062d\u0644 \u0633\u0645\u0646\u062f\u0631 \u067e\u0631 \u062f\u0648\u067e\u06c1\u0631 \u06a9\u0627 \u06a9\u06be\u0627\u0646\u0627 \u06a9\u06be\u0627\u0626\u06cc\u06ba \u0627\u0648\u0631 \u062c\u0628 \u062a\u06a9 \u0622\u067e \u062a\u06cc\u0631\u0627\u06a9\u06cc \u06a9\u0631\u0646\u0627 \u0686\u0627\u06c1\u062a\u06d2 \u06c1\u06cc\u06ba \u0622\u067e \u0679\u06be\u06c1\u0631 \u0633\u06a9\u062a\u06d2 \u06c1\u06cc\u06ba\u06d4 \u0627\u06af\u0631 \u0622\u067e \u0648\u06cc\u06af\u0646 \u06c1\u06cc\u06ba \u062a\u0648 \u06c1\u0645 \u0622\u067e \u06a9\u06d2 \u0644\u06cc\u06d2 \u06a9\u0686\u06be \u06a9\u06be\u0627\u0646\u0627 \u0628\u06be\u06cc \u062a\u0631\u062a\u06cc\u0628 \u062f\u06d2 \u0633\u06a9\u062a\u06d2 \u06c1\u06cc\u06ba\u06d4<br \/>\nn<br \/>\nn<strong>\u0646\u0638\u0627\u0645 \u0627\u0644\u0627\u0648\u0642\u0627\u062a:<\/strong><br \/>\nn<br \/>\nn8:45 AM - 5:00 PM<br \/>\nn<br \/>\nn&nbsp;<br \/>\nn<\/p>\n<h4><em><strong>\u0622\u067e \u06a9\u0648 \u06a9\u06cc\u0627 \u0644\u0627\u0646\u0627 \u0686\u0627\u06c1\u0626\u06d2\u061f<\/strong><\/em><\/h4>\n<p>n<\/p>\n<ul>\nn \t<\/p>\n<li>\u06a9\u06cc\u0645\u0631\u06c1<\/li>\n<p>n \t<\/p>\n<li>\u0627\u062e\u062a\u0631\u0634\u06a9 \u06a9\u0644\u06cc\u0627\u06ba<\/li>\n<p>n \t<\/p>\n<li>\u0633\u0646 \u06a9\u0631\u06cc\u0645<\/li>\n<p>n \t<\/p>\n<li>\u0679\u0648\u067e\u06cc<\/li>\n<p>n \t<\/p>\n<li>\u0622\u0631\u0627\u0645 \u062f\u06c1 \u067e\u062a\u0644\u0648\u0646<\/li>\n<p>n \t<\/p>\n<li>\u0633\u0627\u062d\u0644 \u0633\u0645\u0646\u062f\u0631 \u067e\u0631 \u0633\u06cc\u0646\u0688\u0644<\/li>\n<p>n \t<\/p>\n<li>\u062a\u06cc\u0631\u0627\u06a9\u06cc \u06a9\u0627 \u0644\u0628\u0627\u0633<\/li>\n<p>n \t<\/p>\n<li>\u062a\u062d\u0627\u0626\u0641 \u06a9\u06d2 \u0644\u06cc\u06d2 \u0646\u0642\u062f \u0631\u0642\u0645<\/li>\n<p>n<\/ul>\n<p>n&nbsp;<br \/>\nn<\/p>\n<h4><b><i>\u06c1\u0648\u0679\u0644 \u067e\u06a9 \u0627\u067e<\/i><\/b><\/h4>\n<p>n \u0627\u0633 \u0679\u0648\u0631 \u06a9\u06d2 \u0644\u06cc\u06d2 \u06c1\u0648\u0679\u0644 \u067e\u06a9 \u0627\u067e \u06a9\u06cc \u067e\u06cc\u0634\u06a9\u0634 \u0646\u06c1\u06cc\u06ba \u06a9\u06cc \u06af\u0626\u06cc \u06c1\u06d2\u06d4<br \/>\nn<br \/>\nn&nbsp;<br \/>\nn<br \/>\nn<b>\u0646\u0648\u0679:<\/b>\u00a0\u0627\u06af\u0631 \u0622\u067e \u0679\u0648\u0631\/ \u0633\u06cc\u0631 \u06a9\u06d2 \u0631\u0648\u0627\u0646\u06af\u06cc \u06a9\u06d2 \u0648\u0642\u062a \u06a9\u06d2 24 \u06af\u06be\u0646\u0679\u0648\u06ba \u06a9\u06d2 \u0627\u0646\u062f\u0631 \u0628\u06a9\u0646\u06af \u06a9\u0631 \u0631\u06c1\u06d2 \u06c1\u06cc\u06ba\u060c \u062a\u0648 \u06c1\u0645 \u0627\u0636\u0627\u0641\u06cc \u0686\u0627\u0631\u062c\u0632 \u06a9\u06d2 \u0633\u0627\u062a\u06be \u06c1\u0648\u0679\u0644 \u067e\u06a9 \u0627\u067e \u06a9\u0627 \u0627\u0646\u062a\u0638\u0627\u0645 \u06a9\u0631 \u0633\u06a9\u062a\u06d2 \u06c1\u06cc\u06ba\u06d4 \u0622\u067e \u06a9\u06cc \u062e\u0631\u06cc\u062f\u0627\u0631\u06cc \u0645\u06a9\u0645\u0644 \u06c1\u0648\u0646\u06d2 \u06a9\u06d2 \u0628\u0639\u062f\u060c \u06c1\u0645 \u0622\u067e \u06a9\u0648 \u067e\u06a9 \u0627\u067e \u06a9\u06d2 \u0627\u0646\u062a\u0638\u0627\u0645\u0627\u062a \u06a9\u0648 \u0645\u0646\u0638\u0645 \u06a9\u0631\u0646\u06d2 \u06a9\u06d2 \u0644\u06cc\u06d2 \u0627\u067e\u0646\u06d2 \u0645\u0642\u0627\u0645\u06cc \u0679\u0648\u0631 \u06af\u0627\u0626\u06cc\u0688 \u06a9\u06d2 \u0644\u06cc\u06d2 \u0645\u06a9\u0645\u0644 \u0631\u0627\u0628\u0637\u06c1 \u0645\u0639\u0644\u0648\u0645\u0627\u062a (\u0641\u0648\u0646 \u0646\u0645\u0628\u0631\u060c \u0627\u06cc \u0645\u06cc\u0644 \u067e\u062a\u06c1 \u0648\u063a\u06cc\u0631\u06c1) \u0628\u06be\u06cc\u062c\u06cc\u06ba \u06af\u06d2\u06d4<br \/>\nn<\/p>\n<h4><b><i>\u0627\u0636\u0627\u0641\u06cc \u0645\u0639\u0644\u0648\u0645\u0627\u062a \u06a9\u06cc \u062a\u0635\u062f\u06cc\u0642<\/i><\/b><\/h4>\n<p>n<\/p>\n<ol>\nn \t<\/p>\n<li>\u0679\u06a9\u0679 \u0627\u0633 \u0679\u0648\u0631 \u06a9\u06cc \u0627\u062f\u0627\u0626\u06cc\u06af\u06cc \u06a9\u06d2 \u0628\u0639\u062f \u06a9\u06cc \u0631\u0633\u06cc\u062f \u06c1\u06cc\u06ba\u06d4 \u0622\u067e \u0627\u067e\u0646\u06d2 \u0641\u0648\u0646 \u067e\u0631 \u0627\u062f\u0627\u0626\u06cc\u06af\u06cc \u062f\u06a9\u06be\u0627 \u0633\u06a9\u062a\u06d2 \u06c1\u06cc\u06ba\u06d4<\/li>\n<p>n \t<\/p>\n<li>\u0631\u06cc\u0632\u0631\u0648\u06cc\u0634\u0646 \u06a9\u06d2 \u0639\u0645\u0644 \u06a9\u06d2 \u0628\u0639\u062f \u0645\u06cc\u0679\u0646\u06af \u067e\u0648\u0627\u0626\u0646\u0679 \u0645\u0648\u0635\u0648\u0644 \u06c1\u0648\u06af\u0627\u06d4<\/li>\n<p>n \t<\/p>\n<li>\u0628\u0686\u0648\u06ba \u06a9\u06d2 \u0633\u0627\u062a\u06be \u0627\u06cc\u06a9 \u0628\u0627\u0644\u063a \u06a9\u0627 \u06c1\u0648\u0646\u0627 \u0636\u0631\u0648\u0631\u06cc \u06c1\u06d2\u06d4<\/li>\n<p>n \t<\/p>\n<li>\u0648\u06c1\u06cc\u0644 \u0686\u06cc\u0626\u0631 \u0642\u0627\u0628\u0644 \u0631\u0633\u0627\u0626\u06cc<\/li>\n<p>n \t<\/p>\n<li>\u0634\u06cc\u0631 \u062e\u0648\u0627\u0631 \u0628\u0686\u0648\u06ba \u06a9\u0648 \u06af\u0648\u062f \u0645\u06cc\u06ba \u0628\u06cc\u0679\u06be\u0646\u0627 \u0686\u0627\u06c1\u06cc\u06d2\u06d4<\/li>\n<p>n \t<\/p>\n<li>\u0632\u06cc\u0627\u062f\u06c1 \u062a\u0631 \u0645\u0633\u0627\u0641\u0631 \u0634\u0631\u06a9\u062a \u06a9\u0631 \u0633\u06a9\u062a\u06d2 \u06c1\u06cc\u06ba\u06d4<\/li>\n<p>n<\/ol>\n<p>n<\/p>\n<h4><b><i>\u0645\u0646\u0633\u0648\u062e \u06a9\u0631\u0646\u06d2 \u06a9\u06cc \u062d\u06a9\u0645\u062a \u0639\u0645\u0644\u06cc<\/i><\/b><\/h4>\n<p>\u0645\u06a9\u0645\u0644 \u0631\u0642\u0645 \u06a9\u06cc \u0648\u0627\u067e\u0633\u06cc \u06a9\u06d2 \u0644\u06cc\u06d2\u060c \u0628\u0631\u0627\u06c1 \u06a9\u0631\u0645 \u06c1\u0645\u0627\u0631\u06cc \u0645\u0646\u0633\u0648\u062e\u06cc \u06a9\u06cc \u067e\u0627\u0644\u06cc\u0633\u06cc\u0627\u06ba \u067e\u0691\u06be\u06cc\u06ba\u00a0<a href=\"https:\/\/www.boattoursamana.com\/ur\/%d8%a2%d9%86-%d9%84%d8%a7%d8%a6%d9%86-%d8%a8%da%a9%d9%86%da%af\/\" target=\"_blank\" rel=\"noopener\" data-saferedirecturl=\"https:\/\/www.google.com\/url?q=https:\/\/www.boattoursamana.com\/online-booking\/&amp;source=gmail&amp;ust=1672449202351000&amp;usg=AOvVaw1yAeVAPktmaVCqDujgUn90\">\u06cc\u06c1\u0627\u06ba \u06a9\u0644\u06a9 \u06a9\u0631\u06cc\u06ba<\/a>. \u0627\u06af\u0631 \u0633\u0641\u0631 \u06a9\u06d2 \u0627\u0633\u06cc \u062f\u0646 \u0631\u06cc\u0632\u0631\u0648\u06cc\u0634\u0646 \u0645\u0646\u0633\u0648\u062e \u06c1\u0648 \u062c\u0627\u062a\u06cc \u06c1\u06d2 \u062a\u0648 \u0641\u0646\u0688\u0632 \u0636\u0627\u0626\u0639 \u06c1\u0648 \u062c\u0627\u0626\u06cc\u06ba \u06af\u06d2\u06d4<br \/>\nn<br \/>\nn<\/div>\n<p>n\n<\/p><\/div>\n<p>n\n<\/p><\/div>\n<p>n\n<\/p><\/div>\n<p>n\n<\/p><\/div>\n<p>n\n<\/p><\/div>\n<p>n<\/p>\n<div class=\"vc_row wpb_row vc_row-fluid\">\nn<\/p>\n<div class=\"wpb_column vc_column_container vc_col-sm-12\">\nn<\/p>\n<div class=\"vc_column-inner\">\nn<\/p>\n<div class=\"wpb_wrapper\">\nn<\/p>\n<div class=\"wpb_text_column wpb_content_element\">\nn<\/p>\n<div class=\"wpb_wrapper\">\nn<\/p>\n<h4>\u06c1\u0645 \u0633\u06d2 \u0631\u0627\u0628\u0637\u06c1 \u06a9\u0631\u06cc\u06ba\u061f<\/h4>\n<p>n<\/p>\n<h5><b><i>\u0679\u0648\u0631 \u0648\u06c1\u06cc\u0644\u0632 \u0633\u0645\u0627\u0646\u06c1<\/i><\/b><\/h5>\n<p>n<em><strong>\u0645\u0642\u0627\u0645\u06cc \u0644\u0648\u06af<\/strong>\u00a0\u0627\u0648\u0631\u00a0<strong>\u0634\u06c1\u0631\u06cc<\/strong>\u00a0\u0679\u0648\u0631 \u06af\u0627\u0626\u06cc\u0688\u0632 \u0627\u0648\u0631 \u0645\u06c1\u0645\u0627\u0646\u0648\u06ba \u06a9\u06cc \u062e\u062f\u0645\u0627\u062a<\/em><br \/>\nn<br \/>\nn<span class=\"text-turquoise\">\u062a\u062d\u0641\u0638\u0627\u062a:<\/span>\u00a0\u0688\u0648\u0645 \u0645\u06cc\u06ba \u0679\u0648\u0631 \u0627\u0648\u0631 \u0633\u06cc\u0631\u06d4 \u0646\u0645\u0627\u0626\u0646\u062f\u06c1.<br \/>\nn<br \/>\nn<img decoding=\"async\" class=\"emoji\" draggable=\"false\" src=\"https:\/\/s.w.org\/images\/core\/emoji\/11.2.0\/svg\/1f4de.svg\" alt=\" \" title=\"\">\u00a0\u0679\u06cc\u0644\u06cc \u0641\u0648\u0646 \/ \u0648\u0627\u0679\u0633 \u0627\u06cc\u067e\u00a0\u00a0<a href=\"tel:+1-809-720-6035\">+1-809-720-6035<\/a>.<br \/>\nn<br \/>\nn<img decoding=\"async\" class=\"emoji\" draggable=\"false\" src=\"https:\/\/s.w.org\/images\/core\/emoji\/11.2.0\/svg\/1f4e9.svg\" alt=\" \" title=\"\">\u00a0<a href=\"mailto:info@bookingadventures.com.do\">info@bookingadventures.com.do<\/a><br \/>\nn<br \/>\nn<strong>\u06c1\u0645 \u0648\u0627\u0679\u0633 \u0627\u06cc\u067e \u06a9\u06d2 \u0630\u0631\u06cc\u0639\u06d2 \u067e\u0631\u0627\u0626\u06cc\u0648\u06cc\u0679 \u0679\u0648\u0631\u0632 \u06a9\u0648 \u0644\u0686\u06a9\u062f\u0627\u0631 \u062a\u0631\u062a\u06cc\u0628 \u062f\u06d2 \u0631\u06c1\u06d2 \u06c1\u06cc\u06ba:\u00a0<a href=\"tel:+18097206035\">+18097206035.<\/a><\/strong><br \/>\nn<br \/>\nn<\/div>\n<p>n\n<\/p><\/div>\n<p>n\n<\/p><\/div>\n<p>n\n<\/p><\/div>\n<p>n\n<\/p><\/div>\n<p>n\n<\/p><\/div>\n<p>n<\/p>\n\n\t\t<\/div>\n\t<\/div>\n<div class=\"mkdf-section-title-holder\" style=\"text-align: left\">\n\t<div class=\"mkdf-st-inner\">\n\t\t\t\t\t<h5 class=\"mkdf-st-subtitle\" >\n\t\t\t\t\u067e\u0631\u0627\u0626\u06cc\u0648\u06cc\u0679 \u0679\u0648\u0631 \u0627\u0648\u0631 \u0633\u06cc\u0631\t\t\t<\/h5>\n\t\t\t\t\t\t\t<h3 class=\"mkdf-st-title\" >\n\t\t\t\t\u0633\u0645\u0627\u0646\u06c1 \u0628\u0646\u062f\u0631\u06af\u0627\u06c1 \u0633\u06d2 \u0633\u0645\u0627\u0646\u06c1 \u0628\u06d2 + \u06a9\u06cc\u0646\u0648 \u06c1\u0648\u0646\u0688\u0648 + \u0644\u0627\u0633 \u06c1\u06cc\u0679\u06cc\u0633\u0633 \u06a9\u0648 \u062f\u06cc\u06a9\u06be\u0646\u06d2 \u0648\u0627\u0644\u06cc \u0646\u062c\u06cc \u0633\u06cc\u0631 \u0648\u06be\u06cc\u0644\t\t\t<\/h3>\n\t\t\t\t\t<\/div>\n<\/div>\n\t<div class=\"wpb_text_column wpb_content_element\" >\n\t\t<div class=\"wpb_wrapper\">\n\t\t\t<p>\nn<br \/>\n\u0645\u06cc\u06ba \u0679\u06cc\u06a9\u0633\u0679 \u0628\u0644\u0627\u06a9 \u06c1\u0648\u06ba\u06d4 \u0627\u0633 \u0645\u062a\u0646 \u06a9\u0648 \u062a\u0628\u062f\u06cc\u0644 \u06a9\u0631\u0646\u06d2 \u06a9\u06d2 \u0644\u06cc\u06d2 \u062a\u0631\u0645\u06cc\u0645 \u06a9\u06d2 \u0628\u0679\u0646 \u067e\u0631 \u06a9\u0644\u06a9 \u06a9\u0631\u06cc\u06ba\u06d4 Lorem ipsum dolor sit amet, consectetur adipiscing elit. Ut elit tellus, luctus nec ullamcorper mattis, pulvinar dapibus leo.<br \/>\nn<br \/>\nn<\/p>\n\n\t\t<\/div>\n\t<\/div>","protected":false},"excerpt":{"rendered":"<p>Esta es una excursi\u00f3n privada al observatorio de avistamiento de ballenas despu\u00e9s del almuerzo en el albergue ecol\u00f3gico Ca\u00f1o Hondo y el Parque Nacional Los Haitises. Nadie m\u00e1s ofrece esta incre\u00edble experiencia en un viaje de un solo d\u00eda con gu\u00edas profesionales ecologistas en el avistamiento de ballenas. Si desea ponerse en contacto con nosotros para recibir asesoramiento, env\u00ede un correo electr\u00f3nico, Whatsapp o Llamadas disponibles. Por favor reserve sus boletos con tiempo. n n&nbsp; n nSeleccione la fecha de [&hellip;]<\/p>\n","protected":false},"author":2,"featured_media":0,"parent":0,"menu_order":0,"comment_status":"open","ping_status":"closed","template":"","meta":{"footnotes":""},"class_list":["post-15802","page","type-page","status-publish","hentry"],"_links":{"self":[{"href":"https:\/\/www.boattoursamana.com\/ur\/wp-json\/wp\/v2\/pages\/15802","targetHints":{"allow":["GET"]}}],"collection":[{"href":"https:\/\/www.boattoursamana.com\/ur\/wp-json\/wp\/v2\/pages"}],"about":[{"href":"https:\/\/www.boattoursamana.com\/ur\/wp-json\/wp\/v2\/types\/page"}],"author":[{"embeddable":true,"href":"https:\/\/www.boattoursamana.com\/ur\/wp-json\/wp\/v2\/users\/2"}],"replies":[{"embeddable":true,"href":"https:\/\/www.boattoursamana.com\/ur\/wp-json\/wp\/v2\/comments?post=15802"}],"version-history":[{"count":0,"href":"https:\/\/www.boattoursamana.com\/ur\/wp-json\/wp\/v2\/pages\/15802\/revisions"}],"wp:attachment":[{"href":"https:\/\/www.boattoursamana.com\/ur\/wp-json\/wp\/v2\/media?parent=15802"}],"curies":[{"name":"wp","href":"https:\/\/api.w.org\/{rel}","templated":true}]}}