{"id":15827,"date":"2023-07-15T07:44:18","date_gmt":"2023-07-15T07:44:18","guid":{"rendered":"https:\/\/www.ticketswhales.com\/los-haitises-boat-private-trip-from-boca-chica\/"},"modified":"2023-07-15T07:44:18","modified_gmt":"2023-07-15T07:44:18","slug":"los-haitises-boat-private-trip-from-boca-chica","status":"publish","type":"page","link":"https:\/\/www.boattoursamana.com\/ur\/los-haitises-boat-private-trip-from-boca-chica","title":{"rendered":"\u0644\u0627\u0633 \u06c1\u06cc\u0679\u06cc\u0633\u0633 \u0628\u0648\u0679 \u067e\u0631\u0627\u0626\u06cc\u0648\u06cc\u0679 \u0679\u0631\u067e - \u0628\u0648\u06a9\u0627 \u0686\u06cc\u06a9\u0627 \u0633\u06d2"},"content":{"rendered":"<p><span style=\"vertical-align: inherit;\"><span style=\"vertical-align: inherit;\">El precio m\u00e1s bajo para visitar <\/span><\/span><strong><span style=\"vertical-align: inherit;\"><span style=\"vertical-align: inherit;\">el Parque Nacional Los Haitises<\/span><\/span><\/strong><span style=\"vertical-align: inherit;\"><span style=\"vertical-align: inherit;\"> desde <\/span><\/span><b><span style=\"vertical-align: inherit;\"><span style=\"vertical-align: inherit;\">\u0628\u0648\u06a9\u0627 \u0686\u06cc\u06a9\u0627<\/span><\/span><\/b><span style=\"vertical-align: inherit;\"><span style=\"vertical-align: inherit;\"> con los lugare\u00f1os. <\/span><span style=\"vertical-align: inherit;\">El Viaje comienza en el Puerto Principal del Parque Nacional Los Haitises\u06d4 <\/span><span style=\"vertical-align: inherit;\">El viaje puede comenzar desde las 6:00 am hasta las 8:00 am\u06d4 <\/span><span style=\"vertical-align: inherit;\">Recojo en <\/span><span style=\"vertical-align: inherit;\">\u00e1reas de <\/span><\/span><strong><span style=\"vertical-align: inherit;\"><span style=\"vertical-align: inherit;\">\u0628\u0648\u06a9\u0627 \u0686\u06cc\u06a9\u0627<\/span><\/span><\/strong><span style=\"vertical-align: inherit;\"><span style=\"vertical-align: inherit;\"> . <\/span><span style=\"vertical-align: inherit;\">Un gu\u00eda tur\u00edstico \u0645\u0642\u0627\u0645\u06cc que conoce \u0644\u0627 historia \u0627\u0635\u0644 \u0688\u06cc\u0644 \u06c1\u0631\u0645\u0648\u0633\u0648 Parque Nacional estar\u00e1 en su viaje.<\/span><\/span><br \/>\nn<br \/>\nn<span style=\"vertical-align: inherit;\"><span style=\"vertical-align: inherit;\">Luego partimos desde el purto \u067e\u0631\u0646\u0633\u067e\u0644 del Parque Nacional Los Haitises nombre Ca\u00f1o Hondo (Deep Creek) en un BARCO con chalecos salvavidas. <\/span><span style=\"vertical-align: inherit;\">Disfrutaremos del bosque de manglares rojos hasta llegar a la bah\u00eda de San Lorenzo\u060c una peque\u00f1a bah\u00eda hacia la bah\u00eda de Saman\u00e1. <\/span><span style=\"vertical-align: inherit;\">\u00a1 Y aqu\u00ed vamos! <\/span><span style=\"vertical-align: inherit;\">Lo primero que puedes ver es la enorme colecci\u00f3n de isla monta\u00f1osa de piedra caliza llamada Mogotes. <\/span><span style=\"vertical-align: inherit;\">Encima de ellos m\u00e1s de 700 especies de plantas y muchas aves de los humedales que vuelan alrededor. <\/span><span style=\"vertical-align: inherit;\">Posteriormente Visitando Cuevas con pictograf\u00edas de nuestras comunidades ind\u00edgenas hace 750 a\u00f1os.<\/span><\/span><br \/>\nn<br \/>\nn<strong><span style=\"vertical-align: inherit;\"><span style=\"vertical-align: inherit;\">Seleccione una fecha para su viaje privado:<\/span><\/span><\/strong><\/p>\n<p>&nbsp;<\/p>\n<div class=\"vc_row wpb_row vc_row-fluid\" ><div class=\"wpb_column vc_column_container vc_col-sm-12\"><div class=\"vc_column-inner\"><div class=\"wpb_wrapper\"><div class=\"mkdf-section-title-holder\" style=\"text-align: left\">\n\t<div class=\"mkdf-st-inner\">\n\t\t\t\t\t<h5 class=\"mkdf-st-subtitle\" >\n\t\t\t\t\u0645\u06cc\u0646\u06af\u0631\u0648\u0648\u0632\u060c \u0644\u0648\u06a9\u0644 \u06af\u0627\u0626\u06cc\u0688\u0632 \u0627\u0648\u0631 \u063a\u0627\u0631\t\t\t<\/h5>\n\t\t\t\t\t\t\t<h3 class=\"mkdf-st-title\" >\n\t\t\t\tLos Haitises \u0628\u0648\u0679 \u067e\u0631\u0627\u0626\u06cc\u0648\u06cc\u0679 \u0679\u0631\u067e - Boca Chica \u0633\u06d2\t\t\t<\/h3>\n\t\t\t\t\t<\/div>\n<\/div><\/div><\/div><\/div><\/div><div class=\"vc_row wpb_row vc_row-fluid\" ><div class=\"wpb_column vc_column_container vc_col-sm-12\"><div class=\"vc_column-inner\"><div class=\"wpb_wrapper\"><div class=\"vc_btn3-container vc_btn3-inline\" ><button class=\"vc_general vc_btn3 vc_btn3-size-md vc_btn3-shape-rounded vc_btn3-style-modern vc_btn3-color-green\">\u0627\u0628\u06be\u06cc \u0628\u06a9 \u06a9\u0631\u06cc\u06ba\u06d4<\/button><\/div>\n\t<div class=\"wpb_text_column wpb_content_element\" >\n\t\t<div class=\"wpb_wrapper\">\n\t\t\t<p>\nn<\/p>\n<h4><b><i>\u062c\u0627\u0626\u0632\u06c1 <\/i><\/b><\/h4>\n<p>nIf you are In Boca Chica pick a Private normal trip to Los Haitises National Park.\u00a0 Come with us and visit the most beautiful national park of the Dominican Republic, Visiting Mangroves, Caves, and San Lorenzo Bay. After private transportation from Bayahibe, this private boat trip starts from the Sabana de la Mar community learning about the history of Sabana de la Mar.<br \/>\nn<\/p>\n<ul>\nn \t<\/p>\n<li style=\"font-weight: 400;\">\u0641\u06cc\u0633 \u0634\u0627\u0645\u0644 \u06c1\u06d2\u06d4<\/li>\n<p>n \t<\/p>\n<li style=\"font-weight: 400;\"><span style=\"font-weight: 400;\">\u06af\u0627\u0626\u06cc\u0688 \u06c1\u062f\u0627\u06cc\u0627\u062a \u0627\u0648\u0631 \u0646\u06af\u0631\u0627\u0646\u06cc \u0641\u0631\u0627\u06c1\u0645 \u06a9\u0631\u062a\u0627 \u06c1\u06d2\u06d4<\/span><\/li>\n<p>n \t<\/p>\n<li>\u062f\u0648\u067e\u06c1\u0631 \u06a9\u0627 \u06a9\u06be\u0627\u0646\u0627<\/li>\n<p>n<\/ul>\n<p>n&nbsp;<br \/>\nn<\/p>\n<h4><b>\u0634\u0645\u0648\u0644\u06cc\u062a \u0627\u0648\u0631 \u0627\u062e\u0631\u0627\u062c<\/b><\/h4>\n<p>n&nbsp;<br \/>\nn<br \/>\nn<b>\u0634\u0645\u0648\u0644\u06cc\u062a<\/b><br \/>\nn<\/p>\n<ol>\nn \t<\/p>\n<li style=\"font-weight: 400;\">\u0644\u0627\u0633 \u06c1\u06cc\u0679\u06cc\u0633\u0633 \u0679\u0648\u0631 + \u063a\u0627\u0631 \u0627\u0648\u0631 \u062a\u0635\u0648\u06cc\u0631\u06cc\u06ba<\/li>\n<p>n \t<\/p>\n<li style=\"font-weight: 400;\"><span style=\"font-weight: 400;\">\u062a\u0645\u0627\u0645 \u0679\u06cc\u06a9\u0633\u060c \u0641\u06cc\u0633 \u0627\u0648\u0631 \u06c1\u06cc\u0646\u0688\u0644\u0646\u06af \u0686\u0627\u0631\u062c\u0632<\/span><\/li>\n<p>n \t<\/p>\n<li style=\"font-weight: 400;\"><span style=\"font-weight: 400;\">\u0645\u0642\u0627\u0645\u06cc \u0679\u06cc\u06a9\u0633<\/span><\/li>\n<p>n \t<\/p>\n<li style=\"font-weight: 400;\"><span style=\"font-weight: 400;\">\u062a\u0645\u0627\u0645 \u0633\u0631\u06af\u0631\u0645\u06cc\u0627\u06ba<\/span><\/li>\n<p>n \t<\/p>\n<li style=\"font-weight: 400;\"><span style=\"font-weight: 400;\">\u0645\u0642\u0627\u0645\u06cc \u06af\u0627\u0626\u06cc\u0688<\/span><\/li>\n<p>n \t<\/p>\n<li>\u0646\u0642\u0644 \u0648 \u062d\u0645\u0644 \u0634\u0627\u0645\u0644 \u06c1\u06d2\u06d4<\/li>\n<p>n<\/ol>\n<p>n<b> \u0627\u062e\u0631\u0627\u062c\u0627\u062a<\/b><br \/>\nn<\/p>\n<ol>\nn \t<\/p>\n<li style=\"font-weight: 400;\"><span style=\"font-weight: 400;\">\u06af\u0631\u06cc\u062c\u0648\u06cc\u0679\u06cc\u0632<\/span><\/li>\n<p>n \t<\/p>\n<li style=\"font-weight: 400;\"><span style=\"font-weight: 400;\">\u0634\u0631\u0627\u0628<\/span><\/li>\n<p>n<\/ol>\n<p>n&nbsp;<br \/>\nn<\/p>\n<h4><em><strong>\u0631\u0648\u0627\u0646\u06af\u06cc \u0627\u0648\u0631 \u0648\u0627\u067e\u0633\u06cc\u06d4<\/strong><\/em><\/h4>\n<p>n<span style=\"font-weight: 400;\">\u0631\u06cc\u0632\u0631\u0648\u06cc\u0634\u0646 \u06a9\u06d2 \u0639\u0645\u0644 \u06a9\u06d2 \u0628\u0639\u062f \u0645\u0633\u0627\u0641\u0631 \u06a9\u0648 \u0645\u06cc\u0679\u0646\u06af \u067e\u0648\u0627\u0626\u0646\u0679 \u0645\u0644\u06d2 \u06af\u0627\u06d4 \u062f\u0648\u0631\u06d2 \u06c1\u0645\u0627\u0631\u06d2 \u0645\u06cc\u0679\u0646\u06af \u067e\u0648\u0627\u0626\u0646\u0679\u0633 \u0645\u06cc\u06ba \u0634\u0631\u0648\u0639 \u0627\u0648\u0631 \u062e\u062a\u0645 \u06c1\u0648\u062a\u06d2 \u06c1\u06cc\u06ba\u06d4<\/span><br \/>\nn<br \/>\nn&nbsp;<br \/>\nn<\/p>\n<h4><b><i>\u06a9\u06cc\u0627 \u062a\u0648\u0642\u0639 \u06a9\u06cc \u062c\u0627\u0626\u06d2\u061f<\/i><\/b><\/h4>\n<p>n&nbsp;<br \/>\nn<br \/>\nn<em><strong>\u0627\u067e\u0646\u06d2 \u0679\u06a9\u0679 \u062d\u0627\u0635\u0644 \u06a9\u0631\u06cc\u06ba\u06d4<\/strong><\/em> \u0633\u06d2 \u0644\u0627\u0633 Haitises \u0646\u06cc\u0634\u0646\u0644 \u067e\u0627\u0631\u06a9 \u06a9\u0627 \u062f\u0648\u0631\u06c1 \u06a9\u0631\u0646\u06d2 \u06a9\u06d2 \u0644\u0626\u06d2<strong> \u0628\u0648\u06a9\u0627 \u0686\u06cc\u06a9\u0627<\/strong>\u00a0\u063a\u0627\u0631\u0648\u06ba\u060c \u0645\u06cc\u0646\u06af\u0631\u0648\u0632 \u0627\u0648\u0631 \u0633\u0627\u0646 \u0644\u0648\u0631\u06cc\u0646\u0632\u0648 \u0628\u06d2 \u06a9\u06d2 \u0633\u0627\u062a\u06be \u0646\u0642\u0644 \u0648 \u062d\u0645\u0644 \u06a9\u06d2 \u0633\u0627\u062a\u06be\u06d4<br \/>\nn<br \/>\nn \u062f\u06cc\u06a9\u06be\u0646\u06d2 \u06a9\u06d2 \u0644\u06cc\u06d2 \u0633\u0628 \u0633\u06d2 \u06a9\u0645 \u0642\u06cc\u0645\u062a <strong>\u0644\u0627\u0633 \u06c1\u06cc\u0679\u06cc\u0632 \u0646\u06cc\u0634\u0646\u0644 \u067e\u0627\u0631\u06a9<\/strong> \u0633\u06d2 <strong>\u0628\u0648\u06a9\u0627 \u0686\u06cc\u06a9\u0627 \u06c1\u0648\u0679\u0644<\/strong> \u06cc\u0627 \u0645\u0642\u0627\u0645\u06cc \u0644\u0648\u06af\u0648\u06ba \u06a9\u06d2 \u0633\u0627\u062a\u06be Airbnb\u06d4<br \/>\nn<br \/>\nn\u0627\u0633 \u06a9\u06d2 \u0628\u0639\u062f \u06c1\u0645 \u0644\u0627\u0626\u0641 \u062c\u06cc\u06a9\u0679\u0633 \u06a9\u06d2 \u0633\u0627\u062a\u06be \u0627\u06cc\u06a9 \u06a9\u0634\u062a\u06cc \u067e\u0631 \u0644\u0627\u0633 \u06c1\u06cc\u0679\u06cc\u0632 \u0646\u06cc\u0634\u0646\u0644 \u067e\u0627\u0631\u06a9 \u06a9\u06d2 \u0646\u0627\u0645 \u0633\u06d2 Ca\u00f1o Hondo (Deep Creek) \u06a9\u06cc \u0645\u0631\u06a9\u0632\u06cc \u0628\u0646\u062f\u0631\u06af\u0627\u06c1 \u0633\u06d2 \u0634\u0631\u0648\u0639 \u06a9\u0631\u062a\u06d2 \u06c1\u06cc\u06ba\u06d4 \u0633\u0627\u0646 \u0644\u0648\u0631\u06cc\u0646\u0632\u0648 \u0628\u06d2 \u067e\u06c1\u0646\u0686\u0646\u06d2 \u062a\u06a9 \u06c1\u0645 \u0631\u06cc\u0688 \u0645\u06cc\u0646\u06af\u0631\u0648\u0648\u0632 \u06a9\u06d2 \u062c\u0646\u06af\u0644 \u0633\u06d2 \u0644\u0637\u0641 \u0627\u0646\u062f\u0648\u0632 \u06c1\u0648\u06ba \u06af\u06d2\u06d4 \u0633\u0645\u0627\u0646\u0627 \u0628\u06d2 \u0645\u06cc\u06ba \u0686\u06be\u0648\u0679\u06cc \u062e\u0644\u06cc\u062c\u06d4 \u0627\u0648\u0631 \u06c1\u0645 \u06cc\u06c1\u0627\u06ba \u062c\u0627\u062a\u06d2 \u06c1\u06cc\u06ba! \u067e\u06c1\u0644\u06cc \u062d\u06cc\u0631\u062a \u0627\u0646\u06af\u06cc\u0632 \u0686\u06cc\u0632 \u062c\u0648 \u0622\u067e \u062f\u06cc\u06a9\u06be \u0633\u06a9\u062a\u06d2 \u06c1\u06cc\u06ba \u0648\u06c1 \u06c1\u06d2 \u0686\u0648\u0646\u0627 \u067e\u062a\u06be\u0631 \u06a9\u06d2 \u067e\u06c1\u0627\u0691\u06cc \u062c\u0632\u06cc\u0631\u06d2 \u06a9\u0627 \u0645\u062c\u0645\u0648\u0639\u06c1 \u062c\u0633\u06d2 \u0645\u0648\u06af\u0648\u0679\u0633 \u06a9\u06c1\u062a\u06d2 \u06c1\u06cc\u06ba\u06d4 \u0627\u0646 \u06a9\u06d2 \u0627\u0648\u067e\u0631 \u067e\u0648\u062f\u0648\u06ba \u06a9\u06cc 700 \u0633\u06d2 \u0632\u06cc\u0627\u062f\u06c1 \u0627\u0646\u0648\u0627\u0639 \u0627\u0648\u0631 \u06a9\u0626\u06cc \u06af\u06cc\u0644\u06cc \u0632\u0645\u06cc\u0646\u0648\u06ba \u067e\u0631 \u0627\u0691\u062a\u06d2 \u067e\u0631\u0646\u062f\u06d2 \u06c1\u06cc\u06ba\u06d4 \u0628\u0639\u062f \u0645\u06cc\u06ba 750 \u0633\u0627\u0644 \u067e\u06c1\u0644\u06d2 \u06a9\u06cc \u06c1\u0645\u0627\u0631\u06cc \u0645\u0642\u0627\u0645\u06cc \u06a9\u0645\u06cc\u0648\u0646\u0679\u06cc\u0632 \u06a9\u06cc \u062a\u0635\u0648\u06cc\u0631\u0648\u06ba \u06a9\u06d2 \u0633\u0627\u062a\u06be \u063a\u0627\u0631\u0648\u06ba \u06a9\u0627 \u062f\u0648\u0631\u06c1\u06d4<br \/>\nn<br \/>\nn \u06a9\u06be\u0644\u06cc \u0633\u0627\u0646 \u0644\u0648\u0631\u06cc\u0646\u0632\u0648 \u0628\u06d2 \u067e\u0631 \u0645\u06cc\u0646\u06af\u0631\u0648\u0648\u0632 \u0627\u0648\u0631 \u0644\u06cc\u0646\u0688 \u06a9\u06d2 \u0630\u0631\u06cc\u0639\u06d2\u060c \u062c\u06c1\u0627\u06ba \u0633\u06d2 \u0622\u067e \u062c\u0646\u06af\u0644 \u06a9\u06d2 \u0646\u0627\u06c1\u0645\u0648\u0627\u0631 \u0645\u0646\u0627\u0638\u0631 \u06a9\u06cc \u062a\u0635\u0648\u06cc\u0631 \u06a9\u0634\u06cc \u06a9\u0631 \u0633\u06a9\u062a\u06d2 \u06c1\u06cc\u06ba\u06d4 \u062c\u06af\u06c1 \u06a9\u06d2 \u0644\u06cc\u06d2 \u067e\u0627\u0646\u06cc \u06a9\u06cc \u0637\u0631\u0641 \u062f\u06cc\u06a9\u06be\u0648 <em><strong>\u0645\u0627\u0646\u06cc\u0679\u06cc\u0632<\/strong><\/em>\u06a9\u0631\u0633\u0679\u06cc\u0634\u06cc\u0646\u0632\u060c \u0627\u0648\u0631 <em><strong>\u0688\u0627\u0644\u0641\u0646<\/strong><\/em><br \/>\nn<\/p>\n<div class=\"body-description secondary\">\nn<br \/>\nn \u0646\u06cc\u0634\u0646\u0644 \u067e\u0627\u0631\u06a9 \u06a9\u0627 \u0646\u0627\u0645 \u0627\u0633 \u06a9\u06d2 \u0627\u0635\u0644 \u0628\u0627\u0634\u0646\u062f\u0648\u06ba\u060c \u0679\u0627\u0626\u0646\u0648 \u0627\u0646\u0688\u06cc\u0646\u0632 \u0633\u06d2 \u0622\u06cc\u0627 \u06c1\u06d2\u06d4 \u0627\u0646 \u06a9\u06cc \u0632\u0628\u0627\u0646 \u0645\u06cc\u06ba &quot;\u06c1\u0627\u0626\u06cc\u0679\u06cc\u0632&quot; \u06a9\u0627 \u062a\u0631\u062c\u0645\u06c1 \u067e\u06c1\u0627\u0691\u06cc\u0648\u06ba \u06cc\u0627 \u067e\u06c1\u0627\u0691\u06cc\u0648\u06ba \u0633\u06d2 \u06c1\u0648\u062a\u0627 \u06c1\u06d2\u060c \u062c\u0648 \u0686\u0648\u0646\u06d2 \u06a9\u06d2 \u067e\u062a\u06be\u0631\u0648\u06ba \u06a9\u06d2 \u0633\u0627\u062a\u06be \u0633\u0627\u062d\u0644\u06cc \u067e\u0679\u06cc \u06a9\u06cc \u06a9\u06be\u0691\u06cc \u0627\u0631\u0636\u06cc\u0627\u062a\u06cc \u062a\u0634\u06a9\u06cc\u0644 \u06a9\u0627 \u062d\u0648\u0627\u0644\u06c1 \u06c1\u06d2\u06d4 \u063a\u0627\u0631\u0648\u06ba \u06a9\u0648 \u062f\u0631\u06cc\u0627\u0641\u062a \u06a9\u0631\u0646\u06d2 \u06a9\u06d2 \u0644\u06cc\u06d2 \u067e\u0627\u0631\u06a9 \u0645\u06cc\u06ba \u06af\u06c1\u0631\u0627\u0626\u06cc \u0645\u06cc\u06ba \u0645\u06c1\u0645 \u062c\u0648\u0626\u06cc \u06a9\u0631\u06cc\u06ba \u062c\u06cc\u0633\u06d2 \u06a9\u06c1 <em><strong>Cueva de la Arena<\/strong><\/em> \u0627\u0648\u0631 <strong><em>Cueva de la L\u00ednea<\/em><\/strong> \u0631\u06cc\u0632\u0631\u0648 \u0645\u06cc\u06ba \u0645\u0648\u062c\u0648\u062f \u063a\u0627\u0631\u0648\u06ba \u06a9\u0648 \u0679\u0627\u0626\u06cc\u0646\u0648 \u06c1\u0646\u062f\u0648\u0633\u062a\u0627\u0646\u06cc\u0648\u06ba \u0646\u06d2 \u067e\u0646\u0627\u06c1 \u06af\u0627\u06c1 \u06a9\u06d2 \u0637\u0648\u0631 \u067e\u0631 \u0627\u0633\u062a\u0639\u0645\u0627\u0644 \u06a9\u06cc\u0627 \u0627\u0648\u0631\u060c \u0628\u0639\u062f \u0645\u06cc\u06ba\u060c \u0642\u0632\u0627\u0642\u0648\u06ba \u06a9\u0648 \u0686\u06be\u067e\u0627 \u06a9\u0631\u06d4 \u06a9\u0686\u06be \u062f\u06cc\u0648\u0627\u0631\u0648\u06ba \u06a9\u0648 \u0633\u062c\u0627\u0646\u06d2 \u0648\u0627\u0644\u06d2 \u06c1\u0646\u062f\u0648\u0633\u062a\u0627\u0646\u06cc\u0648\u06ba \u06a9\u06cc \u0688\u0631\u0627\u0626\u0646\u06af \u062a\u0644\u0627\u0634 \u06a9\u0631\u06cc\u06ba\u06d4 \u0644\u0627\u0633 \u06c1\u06cc\u0679\u06cc\u0633\u0633 \u0646\u06cc\u0634\u0646\u0644 \u067e\u0627\u0631\u06a9 \u06a9\u0627 \u062f\u0648\u0631\u06c1 \u06a9\u0631\u0646\u06d2 \u06a9\u06d2 \u0628\u0639\u062f \u06c1\u0645 \u0648\u0627\u067e\u0633 \u0627\u0633 \u0628\u0646\u062f\u0631\u06af\u0627\u06c1 \u067e\u0631 \u062c\u0627\u0626\u06cc\u06ba \u06af\u06d2 \u062c\u06c1\u0627\u06ba \u0633\u06d2 \u06c1\u0645\u0627\u0631\u0627 \u0633\u0641\u0631 \u0634\u0631\u0648\u0639 \u06c1\u0648\u0627 \u062a\u06be\u0627\u06d4<br \/>\nn<br \/>\nn<\/div>\n<p>n&nbsp;<br \/>\nn<\/p>\n<h4><em><strong>\u0622\u067e \u06a9\u0648 \u06a9\u06cc\u0627 \u0644\u0627\u0646\u0627 \u0686\u0627\u06c1\u0626\u06d2\u061f<\/strong><\/em><\/h4>\n<p>n<\/p>\n<ul>\nn \t<\/p>\n<li style=\"font-weight: 400;\"><span style=\"font-weight: 400;\">\u06a9\u06cc\u0645\u0631\u06c1<\/span><\/li>\n<p>n \t<\/p>\n<li style=\"font-weight: 400;\"><span style=\"font-weight: 400;\">\u0627\u062e\u062a\u0631\u0634\u06a9 \u06a9\u0644\u06cc\u0627\u06ba<\/span><\/li>\n<p>n \t<\/p>\n<li style=\"font-weight: 400;\"><span style=\"font-weight: 400;\">\u0633\u0646 \u06a9\u0631\u06cc\u0645<\/span><\/li>\n<p>n \t<\/p>\n<li style=\"font-weight: 400;\"><span style=\"font-weight: 400;\">\u0679\u0648\u067e\u06cc<\/span><\/li>\n<p>n \t<\/p>\n<li style=\"font-weight: 400;\"><span style=\"font-weight: 400;\">\u0622\u0631\u0627\u0645 \u062f\u06c1 \u067e\u062a\u0644\u0648\u0646<\/span><\/li>\n<p>n \t<\/p>\n<li style=\"font-weight: 400;\"><span style=\"font-weight: 400;\">\u062c\u0646\u06af\u0644 \u06a9\u06d2 \u0644\u0626\u06d2 \u067e\u06cc\u062f\u0644 \u0633\u0641\u0631 \u06a9\u06d2 \u062c\u0648\u062a\u06d2<\/span><\/li>\n<p>n \t<\/p>\n<li style=\"font-weight: 400;\"><span style=\"font-weight: 400;\">\u0645\u0648\u0633\u0645 \u0628\u06c1\u0627\u0631 \u06a9\u06d2 \u0639\u0644\u0627\u0642\u0648\u06ba \u0645\u06cc\u06ba \u0633\u06cc\u0646\u0688\u0644\u06d4<\/span><\/li>\n<p>n \t<\/p>\n<li style=\"font-weight: 400;\"><span style=\"font-weight: 400;\">\u062a\u06cc\u0631\u0627\u06a9\u06cc \u06a9\u0627 \u0644\u0628\u0627\u0633<\/span><\/li>\n<p>n<\/ul>\n<p>n&nbsp;<br \/>\nn<\/p>\n<h4><b><i>\u06c1\u0648\u0679\u0644 \u067e\u06a9 \u0627\u067e <\/i><\/b><\/h4>\n<p>n<span style=\"font-weight: 400;\">\u0627\u06af\u0631 \u0622\u067e \u0627\u0646\u062f\u0631 \u06c1\u06cc\u06ba \u062a\u0648 \u06c1\u0648\u0679\u0644 \u067e\u06a9 \u0627\u067e \u06a9\u06cc \u067e\u06cc\u0634\u06a9\u0634 \u06a9\u06cc \u062c\u0627\u062a\u06cc \u06c1\u06d2\u06d4\u00a0 <strong>\u0628\u0648\u06a9\u0627 \u0686\u06cc\u06a9\u0627<\/strong><\/span><br \/>\nn<br \/>\nn&nbsp;<br \/>\nn<br \/>\nn<b>\u0646\u0648\u0679:<\/b><span style=\"font-weight: 400;\"> \u0627\u06af\u0631 \u0622\u067e \u0679\u0648\u0631\/ \u0633\u06cc\u0631 \u06a9\u06d2 \u0631\u0648\u0627\u0646\u06af\u06cc \u06a9\u06d2 \u0648\u0642\u062a \u06a9\u06d2 24 \u06af\u06be\u0646\u0679\u0648\u06ba \u06a9\u06d2 \u0627\u0646\u062f\u0631 \u0628\u06a9\u0646\u06af \u06a9\u0631 \u0631\u06c1\u06d2 \u06c1\u06cc\u06ba\u060c \u062a\u0648 \u06c1\u0645 \u0627\u0636\u0627\u0641\u06cc \u0686\u0627\u0631\u062c\u0632 \u06a9\u06d2 \u0633\u0627\u062a\u06be \u06c1\u0648\u0679\u0644 \u067e\u06a9 \u0627\u067e \u06a9\u0627 \u0628\u0646\u062f\u0648\u0628\u0633\u062a \u06a9\u0631 \u0633\u06a9\u062a\u06d2 \u06c1\u06cc\u06ba \u0627\u06af\u0631 \u0622\u067e \u062c\u0648\u0622\u0646 \u0688\u0648\u0644\u06cc\u0648 \u06c1\u0648\u0679\u0644\u0648\u06ba \u0645\u06cc\u06ba \u0646\u06c1\u06cc\u06ba \u06c1\u06cc\u06ba\u06d4 \u0627\u06cc\u06a9 \u0628\u0627\u0631 \u062c\u0628 \u0622\u067e \u06a9\u06cc \u062e\u0631\u06cc\u062f\u0627\u0631\u06cc \u0645\u06a9\u0645\u0644 \u06c1\u0648 \u062c\u0627\u0626\u06d2 \u06af\u06cc\u060c \u06c1\u0645 \u0622\u067e \u06a9\u0648 \u067e\u06a9 \u0627\u067e \u06a9\u06d2 \u0627\u0646\u062a\u0638\u0627\u0645\u0627\u062a \u06a9\u0648 \u0645\u0646\u0638\u0645 \u06a9\u0631\u0646\u06d2 \u06a9\u06d2 \u0644\u06cc\u06d2 \u0627\u067e\u0646\u06d2 \u0645\u0642\u0627\u0645\u06cc \u0679\u0648\u0631 \u06af\u0627\u0626\u06cc\u0688 \u06a9\u06d2 \u0644\u06cc\u06d2 \u0631\u0627\u0628\u0637\u06c1 \u06a9\u06cc \u0645\u06a9\u0645\u0644 \u0645\u0639\u0644\u0648\u0645\u0627\u062a (\u0641\u0648\u0646 \u0646\u0645\u0628\u0631\u060c \u0627\u06cc \u0645\u06cc\u0644 \u067e\u062a\u06c1 \u0648\u063a\u06cc\u0631\u06c1) \u0628\u06be\u06cc\u062c\u06cc\u06ba \u06af\u06d2\u06d4<\/span><br \/>\nn<\/p>\n<h4><b><i>\u0627\u0636\u0627\u0641\u06cc \u0645\u0639\u0644\u0648\u0645\u0627\u062a \u06a9\u06cc \u062a\u0635\u062f\u06cc\u0642 <\/i><\/b><\/h4>\n<p>n<\/p>\n<ol>\nn \t<\/p>\n<li>\u0679\u06a9\u0679 \u0627\u0633 \u0679\u0648\u0631 \u06a9\u06cc \u0627\u062f\u0627\u0626\u06cc\u06af\u06cc \u06a9\u06d2 \u0628\u0639\u062f \u06a9\u06cc \u0631\u0633\u06cc\u062f \u06c1\u06cc\u06ba\u06d4 \u0622\u067e \u0627\u067e\u0646\u06d2 \u0641\u0648\u0646 \u067e\u0631 \u0627\u062f\u0627\u0626\u06cc\u06af\u06cc \u062f\u06a9\u06be\u0627 \u0633\u06a9\u062a\u06d2 \u06c1\u06cc\u06ba\u06d4<\/li>\n<p>n \t<\/p>\n<li style=\"font-weight: 400;\"><span style=\"font-weight: 400;\">\u0631\u06cc\u0632\u0631\u0648\u06cc\u0634\u0646 \u06a9\u06d2 \u0639\u0645\u0644 \u06a9\u06d2 \u0628\u0639\u062f \u0645\u06cc\u0679\u0646\u06af \u067e\u0648\u0627\u0626\u0646\u0679 \u0645\u0648\u0635\u0648\u0644 \u06c1\u0648\u06af\u0627\u06d4<\/span><\/li>\n<p>n \t<\/p>\n<li style=\"font-weight: 400;\"><span style=\"font-weight: 400;\">\u0628\u0686\u0648\u06ba \u06a9\u06d2 \u0633\u0627\u062a\u06be \u0627\u06cc\u06a9 \u0628\u0627\u0644\u063a \u06a9\u0627 \u06c1\u0648\u0646\u0627 \u0636\u0631\u0648\u0631\u06cc \u06c1\u06d2\u06d4<\/span><\/li>\n<p>n \t<\/p>\n<li style=\"font-weight: 400;\"><span style=\"font-weight: 400;\"> \u0648\u06c1\u06cc\u0644 \u0686\u06cc\u0626\u0631 \u0642\u0627\u0628\u0644 \u0631\u0633\u0627\u0626\u06cc \u0646\u06c1\u06cc\u06ba \u06c1\u06d2\u06d4 <\/span><\/li>\n<p>n \t<\/p>\n<li style=\"font-weight: 400;\"><span style=\"font-weight: 400;\">\u0634\u06cc\u0631 \u062e\u0648\u0627\u0631 \u0628\u0686\u0648\u06ba \u06a9\u0648 \u06af\u0648\u062f \u0645\u06cc\u06ba \u0628\u06cc\u0679\u06be\u0646\u0627 \u0686\u0627\u06c1\u06cc\u06d2\u06d4 <\/span><\/li>\n<p>n \t<\/p>\n<li style=\"font-weight: 400;\"><span style=\"font-weight: 400;\">\u06a9\u0645\u0631 \u06a9\u06cc \u067e\u0631\u06cc\u0634\u0627\u0646\u06cc\u0648\u06ba \u0648\u0627\u0644\u06d2 \u0645\u0633\u0627\u0641\u0631\u0648\u06ba \u06a9\u06d2 \u0644\u0626\u06d2 \u0633\u0641\u0627\u0631\u0634 \u0646\u06c1\u06cc\u06ba \u06a9\u06cc \u062c\u0627\u062a\u06cc \u06c1\u06d2\u06d4<\/span><\/li>\n<p>n \t<\/p>\n<li style=\"font-weight: 400;\"><span style=\"font-weight: 400;\">\u062d\u0627\u0645\u0644\u06c1 \u0645\u0633\u0627\u0641\u0631\u0648\u06ba \u06a9\u06d2 \u0644\u0626\u06d2 \u0633\u0641\u0627\u0631\u0634 \u0646\u06c1\u06cc\u06ba \u06a9\u06cc \u062c\u0627\u062a\u06cc \u06c1\u06d2 <\/span><\/li>\n<p>n \t<\/p>\n<li style=\"font-weight: 400;\"><span style=\"font-weight: 400;\"> \u062f\u0644 \u06a9\u06cc \u06a9\u0648\u0626\u06cc \u067e\u0631\u06cc\u0634\u0627\u0646\u06cc \u06cc\u0627 \u062f\u06cc\u06af\u0631 \u0633\u0646\u06af\u06cc\u0646 \u0637\u0628\u06cc \u062d\u0627\u0644\u0627\u062a \u0646\u06c1\u06cc\u06ba\u06d4 <\/span><\/li>\n<p>n \t<\/p>\n<li style=\"font-weight: 400;\"><span style=\"font-weight: 400;\">\u0632\u06cc\u0627\u062f\u06c1 \u062a\u0631 \u0645\u0633\u0627\u0641\u0631 \u0634\u0631\u06a9\u062a \u06a9\u0631 \u0633\u06a9\u062a\u06d2 \u06c1\u06cc\u06ba\u06d4<\/span><\/li>\n<p>n<\/ol>\n<p>n<\/p>\n<h4><b><i>\u0645\u0646\u0633\u0648\u062e \u06a9\u0631\u0646\u06d2 \u06a9\u06cc \u062d\u06a9\u0645\u062a \u0639\u0645\u0644\u06cc<\/i><\/b><\/h4>\n<p>\u0645\u06a9\u0645\u0644 \u0631\u0642\u0645 \u06a9\u06cc \u0648\u0627\u067e\u0633\u06cc \u06a9\u06d2 \u0644\u06cc\u06d2\u060c \u0628\u0631\u0627\u06c1 \u06a9\u0631\u0645 \u06c1\u0645\u0627\u0631\u06cc \u0645\u0646\u0633\u0648\u062e\u06cc \u06a9\u06cc \u067e\u0627\u0644\u06cc\u0633\u06cc\u0627\u06ba \u067e\u0691\u06be\u06cc\u06ba\u00a0<a href=\"https:\/\/www.boattoursamana.com\/ur\/%d8%a2%d9%86-%d9%84%d8%a7%d8%a6%d9%86-%d8%a8%da%a9%d9%86%da%af\/\" target=\"_blank\" rel=\"noopener\" data-saferedirecturl=\"https:\/\/www.google.com\/url?q=https:\/\/www.boattoursamana.com\/online-booking\/&amp;source=gmail&amp;ust=1672449202351000&amp;usg=AOvVaw1yAeVAPktmaVCqDujgUn90\">\u06cc\u06c1\u0627\u06ba \u06a9\u0644\u06a9 \u06a9\u0631\u06cc\u06ba<\/a>. \u0627\u06af\u0631 \u0633\u0641\u0631 \u06a9\u06d2 \u0627\u0633\u06cc \u062f\u0646 \u0631\u06cc\u0632\u0631\u0648\u06cc\u0634\u0646 \u0645\u0646\u0633\u0648\u062e \u06c1\u0648 \u062c\u0627\u062a\u06cc \u06c1\u06d2 \u062a\u0648 \u0641\u0646\u0688\u0632 \u0636\u0627\u0626\u0639 \u06c1\u0648 \u062c\u0627\u0626\u06cc\u06ba \u06af\u06d2\u06d4<\/p>\n\n\t\t<\/div>\n\t<\/div>\n<div class=\"vc_btn3-container vc_btn3-inline\" ><button class=\"vc_general vc_btn3 vc_btn3-size-md vc_btn3-shape-rounded vc_btn3-style-modern vc_btn3-color-green\">\u0627\u0628\u06be\u06cc \u0628\u06a9 \u06a9\u0631\u06cc\u06ba\u06d4<\/button><\/div><\/div><\/div><\/div><\/div><div class=\"vc_row wpb_row vc_row-fluid\" ><\/div><div class=\"wpb_column vc_column_container vc_col-sm-12\"><div class=\"vc_column-inner\"><div class=\"wpb_wrapper\"><\/div><\/div><\/div><div class=\"vc_empty_space\"   style=\"height: 32px\"><span class=\"vc_empty_space_inner\"><\/span><\/div>\n\t<div class=\"wpb_text_column wpb_content_element\" >\n\t\t<div class=\"wpb_wrapper\">\n\t\t\t<p>\nn<br \/>\n\u0645\u06cc\u06ba \u0679\u06cc\u06a9\u0633\u0679 \u0628\u0644\u0627\u06a9 \u06c1\u0648\u06ba\u06d4 \u0627\u0633 \u0645\u062a\u0646 \u06a9\u0648 \u062a\u0628\u062f\u06cc\u0644 \u06a9\u0631\u0646\u06d2 \u06a9\u06d2 \u0644\u06cc\u06d2 \u062a\u0631\u0645\u06cc\u0645 \u06a9\u06d2 \u0628\u0679\u0646 \u067e\u0631 \u06a9\u0644\u06a9 \u06a9\u0631\u06cc\u06ba\u06d4 Lorem ipsum dolor sit amet, consectetur adipiscing elit. Ut elit tellus, luctus nec ullamcorper mattis, pulvinar dapibus leo.<br \/>\nn<br \/>\nn<\/p>\n\n\t\t<\/div>\n\t<\/div>\n<div class=\"vc_empty_space\"   style=\"height: 32px\"><span class=\"vc_empty_space_inner\"><\/span><\/div><div class=\"vc_row wpb_row vc_row-fluid\" ><\/div><div class=\"wpb_column vc_column_container vc_col-sm-12\"><div class=\"vc_column-inner\"><div class=\"wpb_wrapper\"><div class=\"vc_btn3-container vc_btn3-inline\" ><button class=\"vc_general vc_btn3 vc_btn3-size-md vc_btn3-shape-rounded vc_btn3-style-modern vc_btn3-color-green\">\u0627\u0628\u06be\u06cc \u0628\u06a9 \u06a9\u0631\u06cc\u06ba\u06d4<\/button><\/div><\/div><\/div><\/div><div class=\"mkdf-section-title-holder\" style=\"text-align: left\">\n\t<div class=\"mkdf-st-inner\">\n\t\t\t\t\t\t\t<\/div>\n<\/div><div class=\"vc_row wpb_row vc_row-fluid\" ><div class=\"wpb_column vc_column_container vc_col-sm-12\"><div class=\"vc_column-inner\"><div class=\"wpb_wrapper\"><\/div><\/div><\/div><\/div><div class=\"vc_row wpb_row vc_row-fluid\" ><div class=\"wpb_column vc_column_container vc_col-sm-12\"><div class=\"vc_column-inner\"><div class=\"wpb_wrapper\"><\/div><\/div><\/div><\/div>","protected":false},"excerpt":{"rendered":"<p>El precio m\u00e1s bajo para visitar el Parque Nacional Los Haitises desde Boca Chica con los lugare\u00f1os. El Viaje comienza en el Puerto Principal del Parque Nacional Los Haitises. El viaje puede comenzar desde las 6:00 am hasta las 8:00 am. Recojo en \u00e1reas de Boca Chica . Un gu\u00eda tur\u00edstico local que conoce la historia original del hermoso Parque Nacional estar\u00e1 en su viaje. n nLuego partimos desde el puerto principal del Parque Nacional Los Haitises nombre Ca\u00f1o Hondo [&hellip;]<\/p>\n","protected":false},"author":2,"featured_media":0,"parent":0,"menu_order":0,"comment_status":"open","ping_status":"closed","template":"","meta":{"footnotes":""},"class_list":["post-15827","page","type-page","status-publish","hentry"],"_links":{"self":[{"href":"https:\/\/www.boattoursamana.com\/ur\/wp-json\/wp\/v2\/pages\/15827","targetHints":{"allow":["GET"]}}],"collection":[{"href":"https:\/\/www.boattoursamana.com\/ur\/wp-json\/wp\/v2\/pages"}],"about":[{"href":"https:\/\/www.boattoursamana.com\/ur\/wp-json\/wp\/v2\/types\/page"}],"author":[{"embeddable":true,"href":"https:\/\/www.boattoursamana.com\/ur\/wp-json\/wp\/v2\/users\/2"}],"replies":[{"embeddable":true,"href":"https:\/\/www.boattoursamana.com\/ur\/wp-json\/wp\/v2\/comments?post=15827"}],"version-history":[{"count":0,"href":"https:\/\/www.boattoursamana.com\/ur\/wp-json\/wp\/v2\/pages\/15827\/revisions"}],"wp:attachment":[{"href":"https:\/\/www.boattoursamana.com\/ur\/wp-json\/wp\/v2\/media?parent=15827"}],"curies":[{"name":"wp","href":"https:\/\/api.w.org\/{rel}","templated":true}]}}