{"id":15735,"date":"2023-07-15T07:42:45","date_gmt":"2023-07-15T07:42:45","guid":{"rendered":"https:\/\/www.ticketswhales.com\/el-limon-waterfalls-hiking-and-swimming\/"},"modified":"2023-07-15T07:42:45","modified_gmt":"2023-07-15T07:42:45","slug":"el-limon-waterfalls-hiking-and-swimming","status":"publish","type":"page","link":"https:\/\/www.boattoursamana.com\/vi\/thac-nuoc-el-limon-di-bo-duong-dai-va-boi-loi","title":{"rendered":"Th\u00e1c n\u01b0\u1edbc El Lim\u00f3n (\u0110i b\u1ed9 v\u00e0 B\u01a1i l\u1ed9i)"},"content":{"rendered":"<p><strong>Th\u00e1c n\u01b0\u1edbc El Limon<\/strong> \u0110i b\u1ed9 \u0111\u01b0\u1eddng d\u00e0i v\u1edbi H\u01b0\u1edbng d\u1eabn vi\u00ean du l\u1ecbch \u0111\u1ecba ph\u01b0\u01a1ng. Tham quan r\u1eebng cacao, c\u00e0 ph\u00ea d\u01b0\u1edbi t\u00e1n d\u1eeba. Khi b\u1ea1n \u0111\u1ebfn Th\u00e1c n\u01b0\u1edbc, b\u1ea1n \u0111\u01b0\u1ee3c ph\u00e9p b\u01a1i v\u00e0 \u0110\u1eb7t th\u1eddi gian v\u1edbi H\u01b0\u1edbng d\u1eabn vi\u00ean \u0111\u1ecba ph\u01b0\u01a1ng c\u1ee7a m\u00ecnh.<br \/>\nN<br \/>\nT\u00ecm hi\u1ec3u v\u1edbi ng\u01b0\u1eddi d\u00e2n \u0111\u1ecba ph\u01b0\u01a1ng v\u1ec1 Thi\u00ean nhi\u00ean v\u00e0 l\u1ecbch s\u1eed t\u1eeb Samana v\u00e0 c\u00f3 m\u1ed9t chuy\u1ebfn \u0111i An to\u00e0n. Nh\u1eadn v\u00e9 c\u1ee7a b\u1ea1n trong \u01afu \u0111\u00e3i ngay h\u00f4m nay.<br \/>\nN<br \/>\nN&Nbsp;<br \/>\nN<br \/>\nN<strong>Vui l\u00f2ng ch\u1ecdn ng\u00e0y cho chuy\u1ebfn tham quan\u00a0<\/strong><\/p>\n<p>&nbsp;<\/p>\n<div class=\"vc_row wpb_row vc_row-fluid\" ><div class=\"wpb_column vc_column_container vc_col-sm-12\"><div class=\"vc_column-inner\"><div class=\"wpb_wrapper\"><div class=\"vc_btn3-container vc_btn3-inline\" ><a class=\"vc_general vc_btn3 vc_btn3-size-md vc_btn3-shape-rounded vc_btn3-style-modern vc_btn3-color-green\" href=\"https:\/\/bookingadventures.tours\/booking.php?tour_id=c9201eb2647da21e7a8d37bf1fa6aef7\" title=\"\" rel=\"noopener\">\u0110\u0102\u0323T B\u00c2Y GI\u1edc<\/a><\/div><div class=\"mkdf-section-title-holder\" style=\"text-align: left\">\n\t<div class=\"mkdf-st-inner\">\n\t\t\t\t\t<h5 class=\"mkdf-st-subtitle\" >\n\t\t\t\tCh\u1ec9 c\u1ea7n \u0111i b\u1ed9 \u0111\u1ebfn th\u00e1c n\u01b0\u1edbc\t\t\t<\/h5>\n\t\t\t\t\t\t\t<h3 class=\"mkdf-st-title\" >\n\t\t\t\tTour th\u00e1c n\u01b0\u1edbc El Limon (\u0111i b\u1ed9 \u0111\u01b0\u1eddng d\u00e0i v\u00e0 b\u01a1i l\u1ed9i)\t\t\t<\/h3>\n\t\t\t\t\t<\/div>\n<\/div><\/div><\/div><\/div><\/div><div class=\"vc_row wpb_row vc_row-fluid\" ><div class=\"wpb_column vc_column_container vc_col-sm-12\"><div class=\"vc_column-inner\"><div class=\"wpb_wrapper\"><div class=\"vc_empty_space\"   style=\"height: 32px\"><span class=\"vc_empty_space_inner\"><\/span><\/div><\/div><\/div><\/div><\/div><div class=\"vc_row wpb_row vc_row-fluid\" ><div class=\"wpb_column vc_column_container vc_col-sm-12\"><div class=\"vc_column-inner\"><div class=\"wpb_wrapper\">\n\t<div class=\"wpb_text_column wpb_content_element\" >\n\t\t<div class=\"wpb_wrapper\">\n\t\t\t<p>N<\/p>\n<h4><b><i>T\u1ed5ng quan <\/i><\/b><\/h4>\n<p>N<\/p>\n<p><strong>Th\u00e1c n\u01b0\u1edbc El Limon<\/strong> \u0110i b\u1ed9 \u0111\u01b0\u1eddng d\u00e0i v\u1edbi H\u01b0\u1edbng d\u1eabn vi\u00ean du l\u1ecbch \u0111\u1ecba ph\u01b0\u01a1ng. Tham quan r\u1eebng cacao, c\u00e0 ph\u00ea d\u01b0\u1edbi t\u00e1n d\u1eeba. Khi b\u1ea1n \u0111\u1ebfn Th\u00e1c n\u01b0\u1edbc, b\u1ea1n \u0111\u01b0\u1ee3c ph\u00e9p b\u01a1i v\u00e0 \u0110\u1eb7t th\u1eddi gian v\u1edbi H\u01b0\u1edbng d\u1eabn vi\u00ean \u0111\u1ecba ph\u01b0\u01a1ng c\u1ee7a m\u00ecnh.<\/p>\n<p>N<\/p>\n<p>T\u00ecm hi\u1ec3u v\u1edbi ng\u01b0\u1eddi d\u00e2n \u0111\u1ecba ph\u01b0\u01a1ng v\u1ec1 Thi\u00ean nhi\u00ean v\u00e0 l\u1ecbch s\u1eed t\u1eeb Samana v\u00e0 c\u00f3 m\u1ed9t chuy\u1ebfn \u0111i An to\u00e0n. Nh\u1eadn v\u00e9 c\u1ee7a b\u1ea1n trong \u01afu \u0111\u00e3i ngay h\u00f4m nay.<\/p>\n<p>N<\/p>\n<p>&nbsp;<\/p>\n<p>N<\/p>\n<ul>\nN<\/p>\n<li>\u0110i b\u1ed9 \u0111\u01b0\u1eddng d\u00e0i<\/li>\n<p>N<\/p>\n<li style=\"font-weight: 400;\"><span style=\"font-weight: 400;\">H\u01b0\u1edbng d\u1eabn cung c\u1ea5p h\u01b0\u1edbng d\u1eabn v\u00e0 gi\u00e1m s\u00e1t<\/span><\/li>\n<p>N<\/p>\n<li>Ph\u00ed v\u00e0o v\u01b0\u1eddn qu\u1ed1c gia<\/li>\n<p>N<\/ul>\n<p>N<\/p>\n<p>&nbsp;<\/p>\n<p>N<\/p>\n<h4><b>Bao g\u1ed3m &amp; Lo\u1ea1i tr\u1eeb<\/b><\/h4>\n<p>N<\/p>\n<p>&nbsp;<\/p>\n<p>N<\/p>\n<p><b>bao g\u1ed3m<\/b><\/p>\n<p>N<\/p>\n<ol>\nN<\/p>\n<li style=\"font-weight: 400;\"><span style=\"font-weight: 400;\">Tour \u0111i b\u1ed9 \u0111\u01b0\u1eddng d\u00e0i<\/span><\/li>\n<p>N<\/p>\n<li style=\"font-weight: 400;\"><span style=\"font-weight: 400;\">T\u1ea5t c\u1ea3 c\u00e1c lo\u1ea1i thu\u1ebf, ph\u00ed v\u00e0 l\u1ec7 ph\u00ed x\u1eed l\u00fd<\/span><\/li>\n<p>N<\/p>\n<li style=\"font-weight: 400;\"><span style=\"font-weight: 400;\">Thu\u1ebf \u0111\u1ecba ph\u01b0\u01a1ng<\/span><\/li>\n<p>N<\/p>\n<li style=\"font-weight: 400;\"><span style=\"font-weight: 400;\">H\u01b0\u1edbng d\u1eabn \u0111\u1ecba ph\u01b0\u01a1ng<\/span><\/li>\n<p>N<\/ol>\n<p>N<\/p>\n<p><b> lo\u1ea1i tr\u1eeb<\/b><\/p>\n<p>N<\/p>\n<ol>\nN<\/p>\n<li>Th\u1ef1c ph\u1ea9m kh\u00f4ng bao g\u1ed3m<\/li>\n<p>N<\/p>\n<li style=\"font-weight: 400;\"><span style=\"font-weight: 400;\">ti\u1ec1n th\u01b0\u1edfng<\/span><\/li>\n<p>N<\/p>\n<li style=\"font-weight: 400;\"><span style=\"font-weight: 400;\">Chuy\u1ec3n nh\u01b0\u1ee3ng<\/span><\/li>\n<p>N<\/p>\n<li style=\"font-weight: 400;\"><span style=\"font-weight: 400;\">\u0110\u1ed3 u\u1ed1ng c\u00f3 c\u1ed3n<\/span><\/li>\n<p>N<\/p>\n<li>Kh\u00f4ng bao g\u1ed3m th\u1ee9c \u0103n tr\u00ean b\u00e3i bi\u1ec3n<\/li>\n<p>N<\/ol>\n<p>N<\/p>\n<p>&nbsp;<\/p>\n<p>N<\/p>\n<h4><em><strong>Kh\u1edfi h\u00e0nh &amp; Tr\u1edf v\u1ec1<\/strong><\/em><\/h4>\n<p>N<\/p>\n<p><span style=\"font-weight: 400;\">Kh\u00e1ch du l\u1ecbch s\u1ebd nh\u1eadn \u0111\u01b0\u1ee3c m\u1ed9t \u0111i\u1ec3m g\u1eb7p g\u1ee1 sau Quy tr\u00ecnh \u0111\u1eb7t ch\u1ed7. C\u00e1c chuy\u1ebfn tham quan b\u1eaft \u0111\u1ea7u v\u00e0 k\u1ebft th\u00fac t\u1ea1i c\u00e1c \u0111i\u1ec3m g\u1eb7p g\u1ee1 c\u1ee7a ch\u00fang t\u00f4i.<\/span><\/p>\n<p>N<\/p>\n<p>&nbsp;<\/p>\n<p>N<\/p>\n<h4><b><i>Mong \u0111\u1ee3i \u0111i\u1ec1u g\u00ec?<\/i><\/b><\/h4>\n<p>N<\/p>\n<p>&nbsp;<\/p>\n<p>N<\/p>\n<p><em><strong>Nh\u1eadn v\u00e9 c\u1ee7a b\u1ea1n<\/strong><\/em> v\u00ec \u0111\u00e3 \u0111\u1ebfn th\u0103m Th\u00e1c n\u01b0\u1edbc El Limon trong chuy\u1ebfn \u0111i b\u1ed9 \u0111\u01b0\u1eddng d\u00e0i Samana v\u1edbi H\u01b0\u1edbng d\u1eabn vi\u00ean du l\u1ecbch \u0111\u1ecba ph\u01b0\u01a1ng.<\/p>\n<p>N<\/p>\n<p><span style=\"font-weight: 400;\">Chuy\u1ebfn tham quan do \u201cBooking Adventures\u201d t\u1ed5 ch\u1ee9c b\u1eaft \u0111\u1ea7u t\u1ea1i \u0111i\u1ec3m h\u1eb9n \u0111\u00e3 \u0111\u1eb7t v\u1edbi H\u01b0\u1edbng d\u1eabn vi\u00ean.<\/span><\/p>\n<p>N<\/p>\n<p>Th\u00e1c n\u01b0\u1edbc El Limon v\u1edbi h\u01b0\u1edbng d\u1eabn vi\u00ean \u0111\u1ecba ph\u01b0\u01a1ng. \u0110\u1eb7t m\u1ed9t chuy\u1ebfn \u0111i b\u1ed9 \u0111\u01b0\u1eddng d\u00e0i trong R\u1eebng \u0111i v\u00f2ng quanh b\u1edd s\u00f4ng Limon, th\u0103m c\u00e1c \u0111\u1ed3n \u0111i\u1ec1n ca cao v\u00e0 c\u00e0 ph\u00ea d\u01b0\u1edbi nh\u1eefng t\u00e1n d\u1eeba r\u1ee3p b\u00f3ng.<\/p>\n<p>N<\/p>\n<p>\u0110\u1ea7u ti\u00ean, d\u1eebng l\u1ea1i \u1edf th\u00e1c n\u01b0\u1edbc nh\u1ecf n\u01a1i th\u01b0\u1eddng kh\u00f4ng c\u00f3 nhi\u1ec1u ng\u01b0\u1eddi v\u00e0 b\u1ea1n c\u00f3 th\u1ec3 b\u01a1i xung quanh. Sau khi ch\u00fang t\u00f4i ti\u1ebfp t\u1ee5c \u0111\u1ebfn th\u00e1c n\u01b0\u1edbc l\u1edbn, n\u01a1i ch\u00fang t\u00f4i s\u1ebd \u1edf l\u1ea1i trong m\u1ed9t gi\u1edd ho\u1eb7c h\u01a1n n\u1ebfu b\u1ea1n mu\u1ed1n.<\/p>\n<p>N<\/p>\n<p>Sau khi \u0111i b\u1ed9, b\u1ea1n c\u00f3 th\u1ec3 \u0111\u1eb7t n\u1ebfu b\u1ea1n mu\u1ed1n \u0103n tr\u01b0a v\u1edbi m\u1ed9t kho\u1ea3n ph\u1ee5 ph\u00ed.<\/p>\n<p>N<\/p>\n<p>&nbsp;<\/p>\n<p>N<\/p>\n<h4><em><strong>B\u1ea1n n\u00ean mang theo nh\u1eefng g\u00ec?<\/strong><\/em><\/h4>\n<p>N<\/p>\n<ul>\nN<\/p>\n<li style=\"font-weight: 400;\"><span style=\"font-weight: 400;\">M\u00e1y \u1ea3nh<\/span><\/li>\n<p>N<\/p>\n<li style=\"font-weight: 400;\"><span style=\"font-weight: 400;\">ch\u1ed3i \u0111u\u1ed5i<\/span><\/li>\n<p>N<\/p>\n<li style=\"font-weight: 400;\"><span style=\"font-weight: 400;\">kem ch\u1ed1ng n\u1eafng<\/span><\/li>\n<p>N<\/p>\n<li style=\"font-weight: 400;\"><span style=\"font-weight: 400;\">m\u0169<\/span><\/li>\n<p>N<\/p>\n<li style=\"font-weight: 400;\"><span style=\"font-weight: 400;\">qu\u1ea7n tho\u1ea3i m\u00e1i<\/span><\/li>\n<p>N<\/p>\n<li style=\"font-weight: 400;\"><span style=\"font-weight: 400;\">Gi\u00e0y leo n\u00fai \u0111i r\u1eebng<\/span><\/li>\n<p>N<\/p>\n<li style=\"font-weight: 400;\"><span style=\"font-weight: 400;\">\u0111\u1ed3 b\u01a1i<\/span><\/li>\n<p>N<\/ul>\n<p>N<\/p>\n<p>&nbsp;<\/p>\n<p>N<\/p>\n<h4><b><i>\u0110\u00f3n kh\u00e1ch s\u1ea1n <\/i><\/b><\/h4>\n<p>N<\/p>\n<p><span style=\"font-weight: 400;\">\u0110\u00f3n kh\u00e1ch s\u1ea1n kh\u00f4ng \u0111\u01b0\u1ee3c cung c\u1ea5p cho tour du l\u1ecbch n\u00e0y. <\/span><\/p>\n<p>N<\/p>\n<p>&nbsp;<\/p>\n<p>N<\/p>\n<p><b>Ghi ch\u00fa:<\/b><span style=\"font-weight: 400;\"> n\u1ebfu b\u1ea1n \u0111\u1eb7t ch\u1ed7 trong v\u00f2ng 24 gi\u1edd k\u1ec3 t\u1eeb gi\u1edd kh\u1edfi h\u00e0nh chuy\u1ebfn tham quan\/Chuy\u1ebfn tham quan, ch\u00fang t\u00f4i c\u00f3 th\u1ec3 s\u1eafp x\u1ebfp d\u1ecbch v\u1ee5 \u0111\u00f3n kh\u00e1ch t\u1ea1i kh\u00e1ch s\u1ea1n v\u1edbi m\u1ed9t kho\u1ea3n ph\u1ee5 ph\u00ed. Sau khi giao d\u1ecbch mua c\u1ee7a b\u1ea1n ho\u00e0n t\u1ea5t, ch\u00fang t\u00f4i s\u1ebd g\u1eedi cho b\u1ea1n th\u00f4ng tin li\u00ean h\u1ec7 \u0111\u1ea7y \u0111\u1ee7 (s\u1ed1 \u0111i\u1ec7n tho\u1ea1i, \u0111\u1ecba ch\u1ec9 email, v.v.) \u0111\u1ec3 H\u01b0\u1edbng d\u1eabn vi\u00ean du l\u1ecbch \u0111\u1ecba ph\u01b0\u01a1ng c\u1ee7a ch\u00fang t\u00f4i s\u1eafp x\u1ebfp vi\u1ec7c \u0111\u00f3n kh\u00e1ch.<\/span><\/p>\n<p>N<\/p>\n<h4><b><i>X\u00e1c nh\u1eadn th\u00f4ng tin b\u1ed5 sung <\/i><\/b><\/h4>\n<p>N<\/p>\n<ol>\nN<\/p>\n<li>V\u00e9 l\u00e0 Bi\u00ean lai sau khi thanh to\u00e1n Tour n\u00e0y. B\u1ea1n c\u00f3 th\u1ec3 hi\u1ec3n th\u1ecb thanh to\u00e1n tr\u00ean \u0111i\u1ec7n tho\u1ea1i c\u1ee7a m\u00ecnh.<\/li>\n<p>N<\/p>\n<li style=\"font-weight: 400;\"><span style=\"font-weight: 400;\">\u0110i\u1ec3m h\u1eb9n s\u1ebd nh\u1eadn \u0111\u01b0\u1ee3c sau qu\u00e1 tr\u00ecnh \u0111\u1eb7t ch\u1ed7.<\/span><\/li>\n<p>N<\/p>\n<li style=\"font-weight: 400;\"><span style=\"font-weight: 400;\">Tr\u1ebb em ph\u1ea3i \u0111i c\u00f9ng ng\u01b0\u1eddi l\u1edbn.<\/span><\/li>\n<p>N<\/p>\n<li style=\"font-weight: 400;\"><span style=\"font-weight: 400;\"> Kh\u00f4ng th\u1ec3 s\u1eed d\u1ee5ng xe l\u0103n <\/span><\/li>\n<p>N<\/p>\n<li style=\"font-weight: 400;\"><span style=\"font-weight: 400;\">Tr\u1ebb s\u01a1 sinh ph\u1ea3i ng\u1ed3i tr\u00ean \u0111\u00f9i <\/span><\/li>\n<p>N<\/p>\n<li style=\"font-weight: 400;\"><span style=\"font-weight: 400;\">Kh\u00f4ng n\u00ean d\u00f9ng cho du kh\u00e1ch c\u00f3 v\u1ea5n \u0111\u1ec1 v\u1ec1 l\u01b0ng<\/span><\/li>\n<p>N<\/p>\n<li style=\"font-weight: 400;\"><span style=\"font-weight: 400;\">Kh\u00f4ng n\u00ean d\u00f9ng cho du kh\u00e1ch mang thai <\/span><\/li>\n<p>N<\/p>\n<li style=\"font-weight: 400;\"><span style=\"font-weight: 400;\"> Kh\u00f4ng c\u00f3 v\u1ea5n \u0111\u1ec1 v\u1ec1 tim ho\u1eb7c c\u00e1c t\u00ecnh tr\u1ea1ng y t\u1ebf nghi\u00eam tr\u1ecdng kh\u00e1c <\/span><\/li>\n<p>N<\/p>\n<li style=\"font-weight: 400;\"><span style=\"font-weight: 400;\">H\u1ea7u h\u1ebft du kh\u00e1ch c\u00f3 th\u1ec3 tham gia<\/span><\/li>\n<p>N<\/ol>\n<p>N<\/p>\n<h4><b><i>Ch\u00ednh s\u00e1ch h\u1ee7y<\/i><\/b><\/h4>\n<p>N<\/p>\n<p>\u0110\u1ec3 \u0111\u01b0\u1ee3c ho\u00e0n ti\u1ec1n \u0111\u1ea7y \u0111\u1ee7, vui l\u00f2ng \u0111\u1ecdc ch\u00ednh s\u00e1ch H\u1ee7y c\u1ee7a ch\u00fang t\u00f4i\u00a0<a href=\"https:\/\/www.boattoursamana.com\/vi\/dat-phong-truc-tuyen\/\" target=\"_blank\" rel=\"noopener\" data-saferedirecturl=\"https:\/\/www.google.com\/url?q=https:\/\/www.boattoursamana.com\/online-booking\/&amp;source=gmail&amp;ust=1672532492004000&amp;usg=AOvVaw3ylqI1cdbIPTimEqEWneyd\">B\u1ea5m v\u00e0o \u0111\u00e2y<\/a>. Ti\u1ec1n s\u1ebd b\u1ecb m\u1ea5t n\u1ebfu \u0111\u1eb7t ch\u1ed7 b\u1ecb h\u1ee7y trong c\u00f9ng ng\u00e0y c\u1ee7a chuy\u1ebfn \u0111i.<\/p>\n\n\t\t<\/div>\n\t<\/div>\n<\/div><\/div><\/div><\/div><div class=\"vc_row wpb_row vc_row-fluid\" ><div class=\"wpb_column vc_column_container vc_col-sm-12\"><div class=\"vc_column-inner\"><div class=\"wpb_wrapper\"><div class=\"vc_empty_space\"   style=\"height: 32px\"><span class=\"vc_empty_space_inner\"><\/span><\/div>\n\t<div class=\"wpb_text_column wpb_content_element\" >\n\t\t<div class=\"wpb_wrapper\">\n\t\t\t<p>N<\/p>\n<h4>Li\u00ean h\u1ec7 ch\u00fang t\u00f4i?<\/h4>\n<p>N<\/p>\n<h5><em><strong>\u0111\u1eb7t ph\u00f2ng phi\u00eau l\u01b0u<\/strong><\/em><\/h5>\n<p>N<\/p>\n<p><em><strong>ng\u01b0\u1eddi d\u00e2n \u0111\u1ecba ph\u01b0\u01a1ng<\/strong> v\u00e0 <strong>c\u00f4ng d\u00e2n<\/strong> H\u01b0\u1edbng d\u1eabn vi\u00ean du l\u1ecbch &amp; D\u1ecbch v\u1ee5 kh\u00e1ch<\/em><\/p>\n<p>N<\/p>\n<p><span class=\"text-turquoise\">\u0111\u1eb7t ph\u00f2ng:<\/span> Chuy\u1ebfn tham quan &amp; du ngo\u1ea1n t\u1ea1i Dom. Tr\u1ea3 l\u1eddi.<\/p>\n<p>N<\/p>\n<p><img decoding=\"async\" class=\"emoji\" draggable=\"false\" src=\"https:\/\/s.w.org\/images\/core\/emoji\/11.2.0\/svg\/1f4de.svg\" alt=\" \" title=\"\"> \u0110i\u1ec7n tho\u1ea1i \/ Whatsapp\u00a0 <a href=\"tel:+1-809-720-6035\">+1-809-720-6035<\/a>.<\/p>\n<p>N<\/p>\n<p><img decoding=\"async\" class=\"emoji\" draggable=\"false\" src=\"https:\/\/s.w.org\/images\/core\/emoji\/11.2.0\/svg\/1f4e9.svg\" alt=\" \" title=\"\"> <a href=\"mailto:info@bookingadventures.com.do\">info@bookingadventures.com.do<\/a><\/p>\n<p>N<\/p>\n<p><strong>Ch\u00fang t\u00f4i \u0111ang thi\u1ebft l\u1eadp linh ho\u1ea1t c\u00e1c chuy\u1ebfn tham quan ri\u00eang t\u01b0 b\u1eb1ng Whatsapp: <a href=\"tel:+18097206035\">+18097206035.<\/a><\/strong><\/p>\n\n\t\t<\/div>\n\t<\/div>\n<div class=\"vc_empty_space\"   style=\"height: 32px\"><span class=\"vc_empty_space_inner\"><\/span><\/div><\/div><\/div><\/div><\/div><div class=\"vc_row wpb_row vc_row-fluid\" ><div class=\"wpb_column vc_column_container vc_col-sm-12\"><div class=\"vc_column-inner\"><div class=\"wpb_wrapper\"><div class=\"vc_btn3-container vc_btn3-inline\" ><a class=\"vc_general vc_btn3 vc_btn3-size-md vc_btn3-shape-rounded vc_btn3-style-modern vc_btn3-color-green\" href=\"https:\/\/bookingadventures.tours\/booking.php?tour_id=c9201eb2647da21e7a8d37bf1fa6aef7\" title=\"\" rel=\"noopener\">\u0110\u0102\u0323T B\u00c2Y GI\u1edc<\/a><\/div><\/div><\/div><\/div><\/div>\n<p>N<\/p>","protected":false},"excerpt":{"rendered":"<p>The Waterfalls El Limon Hiking with local Tour Guides. Visiting cacao and Coffe forest under Coconuts Palms Canopy. When you arrive at the Waterfalls you are allowed to swim and Set the time with your Local Guide. n nLearn with locals about Nature and history from Samana and get a Safe trip. Get your Tickets in Offer Today. n n&nbsp; n nPlease Select date for The Tour\u00a0 &nbsp; n<\/p>","protected":false},"author":2,"featured_media":0,"parent":0,"menu_order":0,"comment_status":"open","ping_status":"closed","template":"","meta":{"footnotes":""},"class_list":["post-15735","page","type-page","status-publish","hentry"],"_links":{"self":[{"href":"https:\/\/www.boattoursamana.com\/vi\/wp-json\/wp\/v2\/pages\/15735","targetHints":{"allow":["GET"]}}],"collection":[{"href":"https:\/\/www.boattoursamana.com\/vi\/wp-json\/wp\/v2\/pages"}],"about":[{"href":"https:\/\/www.boattoursamana.com\/vi\/wp-json\/wp\/v2\/types\/page"}],"author":[{"embeddable":true,"href":"https:\/\/www.boattoursamana.com\/vi\/wp-json\/wp\/v2\/users\/2"}],"replies":[{"embeddable":true,"href":"https:\/\/www.boattoursamana.com\/vi\/wp-json\/wp\/v2\/comments?post=15735"}],"version-history":[{"count":0,"href":"https:\/\/www.boattoursamana.com\/vi\/wp-json\/wp\/v2\/pages\/15735\/revisions"}],"wp:attachment":[{"href":"https:\/\/www.boattoursamana.com\/vi\/wp-json\/wp\/v2\/media?parent=15735"}],"curies":[{"name":"wp","href":"https:\/\/api.w.org\/{rel}","templated":true}]}}