{"id":15745,"date":"2023-07-15T07:42:45","date_gmt":"2023-07-15T07:42:45","guid":{"rendered":"https:\/\/www.ticketswhales.com\/4-hours-kayak-los-haitises\/"},"modified":"2023-07-15T07:42:45","modified_gmt":"2023-07-15T07:42:45","slug":"4-hours-kayak-los-haitises","status":"publish","type":"page","link":"https:\/\/www.boattoursamana.com\/vi\/4-gio-cheo-thuyen-kayak-los-haitises","title":{"rendered":"4 gi\u1edd ch\u00e8o thuy\u1ec1n Kayak Los Haitises"},"content":{"rendered":"<p><span style=\"vertical-align: inherit;\"><span style=\"vertical-align: inherit;\">Excursi\u00f3n al Parque Nacional Los Haitises partiendo de Sabana de la Mar en la zona de Cano Hondo, Visita de manglares, Cuevas, Pictogramas y Formaciones Rocosas.<\/span><\/span><br \/>\nN<br \/>\nN<span style=\"vertical-align: inherit;\"><span style=\"vertical-align: inherit;\">Este recorrido se puede configurar con el <\/span><\/span><a href=\"https:\/\/www.boattoursamana.com\/vi\/tours-excursions\/di-bo-duong-dai\/di-kiem-kayak-los-haitises-cong-vien-quoc-gia\/\"><span style=\"vertical-align: inherit;\"><span style=\"vertical-align: inherit;\">k\u1eb9p<\/span><\/span><\/a><span style=\"vertical-align: inherit;\"><span style=\"vertical-align: inherit;\"> ng\u01b0\u1eddi g\u1eedi <\/span><a href=\"https:\/\/www.boattoursamana.com\/vi\/tours-excursions\/di-bo-duong-dai\/di-kiem-kayak-los-haitises-cong-vien-quoc-gia\/\"><span style=\"vertical-align: inherit;\">\u0111\u01b0\u1ee3c. <\/span><\/a><span style=\"vertical-align: inherit;\">Conozca la historia real de la historia c\u1ee7a Parque Nacional Los Haitises con los lugare\u00f1os.<\/span><\/span><br \/>\nN<br \/>\nN&Nbsp;<br \/>\nN<br \/>\nN<strong><span style=\"vertical-align: inherit;\"><span style=\"vertical-align: inherit;\">Ch\u1ecdn l\u1ef1a cu\u1ed9c phi\u00eau l\u01b0u cho el Tour:<\/span><\/span><\/strong><\/p>\n<p>&nbsp;<\/p>\n<div class=\"vc_row wpb_row vc_row-fluid\" ><div class=\"wpb_column vc_column_container vc_col-sm-12\"><div class=\"vc_column-inner\"><div class=\"wpb_wrapper\"><div class=\"vc_empty_space\"   style=\"height: 32px\"><span class=\"vc_empty_space_inner\"><\/span><\/div><\/div><\/div><\/div><\/div><div class=\"vc_row wpb_row vc_row-fluid\" ><div class=\"wpb_column vc_column_container vc_col-sm-12\"><div class=\"vc_column-inner\"><div class=\"wpb_wrapper\"><div class=\"mkdf-section-title-holder\" style=\"text-align: left\">\n\t<div class=\"mkdf-st-inner\">\n\t\t\t\t\t<h5 class=\"mkdf-st-subtitle\" >\n\t\t\t\tR\u1eebng ng\u1eadp m\u1eb7n, hang \u0111\u1ed9ng v\u00e0 nhi\u1ec1u h\u01a1n n\u1eefa.\t\t\t<\/h5>\n\t\t\t\t\t\t\t<h3 class=\"mkdf-st-title\" >\n\t\t\t\tCh\u00e8o thuy\u1ec1n kayak \u1edf Los Haitises v\u1edbi h\u01b0\u1edbng d\u1eabn vi\u00ean du l\u1ecbch t\u1eeb Ca\u00f1o Hondo 4 gi\u1edd\t\t\t<\/h3>\n\t\t\t\t\t<\/div>\n<\/div><\/div><\/div><\/div><\/div><div class=\"vc_row wpb_row vc_row-fluid\" ><div class=\"wpb_column vc_column_container vc_col-sm-12\"><div class=\"vc_column-inner\"><div class=\"wpb_wrapper\"><div class=\"vc_empty_space\"   style=\"height: 32px\"><span class=\"vc_empty_space_inner\"><\/span><\/div><\/div><\/div><\/div><\/div><div class=\"vc_row wpb_row vc_row-fluid\" ><div class=\"wpb_column vc_column_container vc_col-sm-12\"><div class=\"vc_column-inner\"><div class=\"wpb_wrapper\"><div class=\"vc_btn3-container vc_btn3-inline\" ><button class=\"vc_general vc_btn3 vc_btn3-size-md vc_btn3-shape-rounded vc_btn3-style-modern vc_btn3-color-green\">\u0110\u0102\u0323T B\u00c2Y GI\u1edc<\/button><\/div>\n\t<div class=\"wpb_text_column wpb_content_element\" >\n\t\t<div class=\"wpb_wrapper\">\n\t\t\t<p>\nN<\/p>\n<h4><b><i>T\u1ed5ng quan <\/i><\/b><\/h4>\n<p>Ch\u00e8o thuy\u1ec1n kayak trong R\u1eebng ng\u1eadp m\u1eb7n \u1edf C\u00f4ng vi\u00ean Qu\u1ed1c gia Los Haitises v\u1edbi h\u01b0\u1edbng d\u1eabn vi\u00ean \u0111\u1ecba ph\u01b0\u01a1ng 4 gi\u1edd. Tham quan R\u1eebng ng\u1eadp m\u1eb7n, Hang \u0111\u1ed9ng, Ch\u1eef t\u01b0\u1ee3ng h\u00ecnh \u1edf S\u00f4ng Ca\u00f1o Hondo c\u00f9ng v\u1edbi T\u1ed5ng quan v\u1ec1 V\u1ecbnh San Lorenzo \u1edf C\u00f4ng vi\u00ean Qu\u1ed1c gia Los Haitises, khu v\u1ef1c Sabana de la Mar Ca\u00f1o Hondo. Tr\u01b0\u1eddng h\u1ee3p chuy\u1ebfn \u0111i ng\u1eafn ng\u00e0y: <a href=\"https:\/\/www.boattoursamana.com\/vi\/tours-excursions\/hang-dong\/kayaking-in-los-haitises-voi-tour-guide-tu-cano-hondo-2\/\"><em><strong>Ch\u00e8o thuy\u1ec1n kayak Los Haitises 2 gi\u1edd<\/strong><\/em><\/a><br \/>\nN<\/p>\n<ul>\nN \t<\/p>\n<li style=\"font-weight: 400;\"><span style=\"font-weight: 400;\">H\u01b0\u1edbng d\u1eabn cung c\u1ea5p h\u01b0\u1edbng d\u1eabn v\u00e0 gi\u00e1m s\u00e1t<\/span><\/li>\n<p>N \t<\/p>\n<li>Kayaks v\u00e0 Paddles c\u00f3 s\u1eb5n Doble cho hai ng\u01b0\u1eddi v\u00e0 Simple ch\u1ec9 cho m\u1ed9t ng\u01b0\u1eddi.<\/li>\n<p>N<\/ul>\n<p>N&Nbsp;<br \/>\nN<\/p>\n<h4><b>Bao g\u1ed3m &amp; Lo\u1ea1i tr\u1eeb<\/b><\/h4>\n<p>N&Nbsp;<br \/>\nN<br \/>\nN<b>bao g\u1ed3m<\/b><br \/>\nN<br \/>\nN&Nbsp;<br \/>\nN<\/p>\n<ol>\nN \t<\/p>\n<li style=\"font-weight: 400;\">Chuy\u1ebfn \u0111i ch\u00e8o thuy\u1ec1n kayak<\/li>\n<p>N \t<\/p>\n<li>du l\u1ecbch hang \u0111\u1ed9ng<\/li>\n<p>N \t<\/p>\n<li style=\"font-weight: 400;\"><span style=\"font-weight: 400;\">T\u1ea5t c\u1ea3 c\u00e1c lo\u1ea1i thu\u1ebf, ph\u00ed v\u00e0 l\u1ec7 ph\u00ed x\u1eed l\u00fd<\/span><\/li>\n<p>N \t<\/p>\n<li style=\"font-weight: 400;\"><span style=\"font-weight: 400;\">Thu\u1ebf \u0111\u1ecba ph\u01b0\u01a1ng<\/span><\/li>\n<p>N \t<\/p>\n<li style=\"font-weight: 400;\"><span style=\"font-weight: 400;\">H\u01b0\u1edbng d\u1eabn \u0111\u1ecba ph\u01b0\u01a1ng<\/span><\/li>\n<p>N<\/ol>\n<p>N<b> lo\u1ea1i tr\u1eeb<\/b><br \/>\nN<\/p>\n<ol>\nN \t<\/p>\n<li style=\"font-weight: 400;\"><span style=\"font-weight: 400;\">ti\u1ec1n th\u01b0\u1edfng<\/span><\/li>\n<p>N \t<\/p>\n<li style=\"font-weight: 400;\"><span style=\"font-weight: 400;\">Chuy\u1ec3n nh\u01b0\u1ee3ng<\/span><\/li>\n<p>N \t<\/p>\n<li>Kh\u00f4ng bao g\u1ed3m \u0103n tr\u01b0a<\/li>\n<p>N \t<\/p>\n<li style=\"font-weight: 400;\"><span style=\"font-weight: 400;\">\u0110\u1ed3 u\u1ed1ng c\u00f3 c\u1ed3n<\/span><\/li>\n<p>N<\/ol>\n<p>N&Nbsp;<br \/>\nN<\/p>\n<h4><em><strong>Kh\u1edfi h\u00e0nh &amp; Tr\u1edf v\u1ec1<\/strong><\/em><\/h4>\n<p>N<span style=\"font-weight: 400;\">Kh\u00e1ch du l\u1ecbch s\u1ebd nh\u1eadn \u0111\u01b0\u1ee3c m\u1ed9t \u0111i\u1ec3m g\u1eb7p g\u1ee1 sau Quy tr\u00ecnh \u0111\u1eb7t ch\u1ed7. C\u00e1c chuy\u1ebfn tham quan b\u1eaft \u0111\u1ea7u v\u00e0 k\u1ebft th\u00fac t\u1ea1i c\u00e1c \u0111i\u1ec3m g\u1eb7p g\u1ee1 c\u1ee7a ch\u00fang t\u00f4i.<\/span><br \/>\nN<br \/>\nN&Nbsp;<br \/>\nN<\/p>\n<h4><b><i>Mong \u0111\u1ee3i \u0111i\u1ec1u g\u00ec?<\/i><\/b><\/h4>\n<p>N&Nbsp;<br \/>\nN<br \/>\nN<em><strong>Nh\u1eadn v\u00e9 c\u1ee7a b\u1ea1n<\/strong><\/em> \u0111\u1ec3 tham quan 4 gi\u1edd b\u1eb1ng thuy\u1ec1n Kayaking R\u1eebng S\u00f4ng Hondo (R\u1eebng ng\u1eadp m\u1eb7n), Qu\u1ea7n \u0111\u1ea3o Rockly, Birding v\u00e0 Hang \u0111\u1ed9ng v\u1edbi h\u01b0\u1edbng d\u1eabn vi\u00ean du l\u1ecbch \u0111\u1ecba ph\u01b0\u01a1ng.<br \/>\nN<br \/>\nKhi ch\u00fang t\u00f4i nh\u1eadn \u0111\u01b0\u1ee3c t\u1ea5t c\u1ea3 c\u00e1c lo\u1ea1i thi\u1ebft b\u1ecb c\u1ea7n thi\u1ebft cho s\u1ef1 an to\u00e0n c\u1ee7a b\u1ea1n (\u00c1o phao, v.v.), h\u00e0nh \u0111\u1ed9ng b\u1eaft \u0111\u1ea7u Ch\u00e8o thuy\u1ec1n kayak t\u1eeb S\u00f4ng c\u1ea3ng Ca\u00f1o Hondo.<br \/>\nN<br \/>\nN<span style=\"font-weight: 400;\">Chuy\u1ebfn tham quan do \u201cBooking Adventures\u201d t\u1ed5 ch\u1ee9c b\u1eaft \u0111\u1ea7u t\u1ea1i \u0111i\u1ec3m h\u1eb9n \u0111\u00e3 \u0111\u1eb7t v\u1edbi H\u01b0\u1edbng d\u1eabn vi\u00ean. <\/span>Ch\u00e8o thuy\u1ec1n kayak v\u00e0 \u0111i qua \u0111\u1ea7m l\u1ea7y ng\u1eadp m\u1eb7n, qua hang c\u01b0\u1edbp bi\u1ec3n c\u1ed5 \u0111\u1ea1i v\u00e0 v\u00e0o nh\u1eefng khu r\u1eebng \u0111\u01b0\u1ee3c b\u1ea3o v\u1ec7 trong khu b\u1ea3o t\u1ed3n \u0111\u1eb9p nh\u01b0 tranh v\u1ebd n\u00e0y b\u1eaft \u0111\u1ea7u t\u1eeb khu v\u1ef1c Kh\u00e1ch s\u1ea1n Ca\u00f1o Hondo ho\u1eb7c t\u1eeb Sabana de la Mar,<br \/>\nN<\/p>\n<div class=\"body-description secondary\">\nN<br \/>\nH\u00e3y \u0111\u1ebfn v\u1edbi Booking Adventures v\u00e0 b\u1eaft \u0111\u1ea7u kh\u00e1m ph\u00e1 m\u1ed9t s\u1ed1 khu r\u1eebng ng\u1eadp m\u1eb7n \u0111\u1ea7y chim, nh\u1eefng ng\u1ecdn \u0111\u1ed3i tr\u1ea3i th\u1ea3m th\u1ef1c v\u1eadt t\u01b0\u01a1i t\u1ed1t v\u00e0 c\u00e1c hang \u0111\u1ed9ng <em><strong>V\u01b0\u1eddn qu\u1ed1c gia Los Haitises<\/strong><\/em>. Tham gia Chuy\u1ebfn tham quan b\u1eb1ng thuy\u1ec1n kayak t\u1eeb s\u00f4ng Ca\u00f1o Hondo, Sabana de la Mar. Xuy\u00ean qua r\u1eebng ng\u1eadp m\u1eb7n v\u00e0 \u0111\u1ed5 b\u1ed9 t\u1ea1i V\u1ecbnh San Lorenzo r\u1ed9ng m\u1edf, t\u1eeb \u0111\u00f3 b\u1ea1n c\u00f3 th\u1ec3 ch\u1ee5p \u1ea3nh phong c\u1ea3nh r\u1eebng r\u1eadm. Nh\u00ecn xu\u1ed1ng n\u01b0\u1edbc \u0111\u1ec3 ph\u00e1t hi\u1ec7n <em><strong>l\u1ee3n bi\u1ec3n<\/strong><\/em>, gi\u00e1p x\u00e1c v\u00e0 <em><strong>c\u00e1 heo.<\/strong><\/em><br \/>\nN<br \/>\nT\u00ean c\u1ee7a c\u00f4ng vi\u00ean qu\u1ed1c gia b\u1eaft ngu\u1ed3n t\u1eeb c\u01b0 d\u00e2n ban \u0111\u1ea7u c\u1ee7a n\u00f3, ng\u01b0\u1eddi da \u0111\u1ecf Taino. Trong ng\u00f4n ng\u1eef c\u1ee7a h\u1ecd, \u201cHaitises\u201d c\u00f3 ngh\u0129a l\u00e0 cao nguy\u00ean ho\u1eb7c \u0110\u1ed3i, \u00e1m ch\u1ec9 s\u1ef1 h\u00ecnh th\u00e0nh \u0111\u1ecba ch\u1ea5t d\u1ed1c c\u1ee7a b\u1edd bi\u1ec3n v\u1edbi \u0110\u00e1 v\u00f4i. \u0110i s\u00e2u h\u01a1n v\u00e0o c\u00f4ng vi\u00ean \u0111\u1ec3 kh\u00e1m ph\u00e1 c\u00e1c hang \u0111\u1ed9ng nh\u01b0 <em><strong>Cueva de la Arena<\/strong><\/em> v\u00e0 <strong><em>Cueva de la L\u00ednea.<\/em><\/strong> C\u00e1c hang \u0111\u1ed9ng trong khu b\u1ea3o t\u1ed3n \u0111\u01b0\u1ee3c ng\u01b0\u1eddi da \u0111\u1ecf Taino s\u1eed d\u1ee5ng l\u00e0m n\u01a1i tr\u00fa \u1ea9n v\u00e0 sau \u0111\u00f3 l\u00e0 n\u01a1i \u1ea9n n\u00e1u c\u1ee7a nh\u1eefng t\u00ean c\u01b0\u1edbp bi\u1ec3n. H\u00e3y t\u00ecm nh\u1eefng b\u1ee9c v\u1ebd c\u1ee7a ng\u01b0\u1eddi \u1ea4n \u0110\u1ed9 trang tr\u00ed m\u1ed9t s\u1ed1 b\u1ee9c t\u01b0\u1eddng.<br \/>\nN<br \/>\nTrong tr\u01b0\u1eddng h\u1ee3p b\u1ea1n mu\u1ed1n chuy\u1ebfn \u0111i n\u00e0y ng\u1eafn l\u1ea1i, ch\u00fang t\u00f4i c\u00f3 l\u1ef1a ch\u1ecdn th\u1ee9 hai: <a href=\"https:\/\/www.boattoursamana.com\/vi\/tours-excursions\/hang-dong\/kayaking-in-los-haitises-voi-tour-guide-tu-cano-hondo-2\/\">Ch\u00e8o thuy\u1ec1n kayak \u1edf Los Haitises 2 gi\u1edd\u00a0<\/a><br \/>\nN<br \/>\nChuy\u1ebfn tham quan k\u1ebft th\u00fac t\u1ea1i \u0111i\u1ec3m xu\u1ea5t ph\u00e1t \u1edf C\u00f4ng vi\u00ean Qu\u1ed1c gia Los Haitises. Ch\u00fang t\u00f4i \u0111\u1ec1 xu\u1ea5t chuy\u1ebfn \u0111i n\u00e0y l\u00fac 6:00 s\u00e1ng trong tr\u01b0\u1eddng h\u1ee3p b\u1ea1n mu\u1ed1n xem <em><strong>l\u1ee3n bi\u1ec3n<\/strong><\/em>, gi\u00e1p x\u00e1c v\u00e0 <em><strong>c\u00e1 heo.<\/strong><\/em><br \/>\nN<br \/>\nN<\/div>\n<p>N<em><strong>06:00<\/strong><\/em> c\u00f2n s\u1edbm n\u00ean v\u1eabn ch\u01b0a c\u00f3 thuy\u1ec1n t\u1ea1i C\u00f4ng vi\u00ean Qu\u1ed1c gia Los Haitises.<br \/>\nN<\/p>\n<h4><em><strong>B\u1ea1n n\u00ean mang theo nh\u1eefng g\u00ec?<\/strong><\/em><\/h4>\n<p>N<\/p>\n<ul>\nN \t<\/p>\n<li style=\"font-weight: 400;\"><span style=\"font-weight: 400;\">M\u00e1y \u1ea3nh<\/span><\/li>\n<p>N \t<\/p>\n<li style=\"font-weight: 400;\"><span style=\"font-weight: 400;\">ch\u1ed3i \u0111u\u1ed5i<\/span><\/li>\n<p>N \t<\/p>\n<li style=\"font-weight: 400;\"><span style=\"font-weight: 400;\">kem ch\u1ed1ng n\u1eafng<\/span><\/li>\n<p>N \t<\/p>\n<li style=\"font-weight: 400;\"><span style=\"font-weight: 400;\">m\u0169<\/span><\/li>\n<p>N \t<\/p>\n<li style=\"font-weight: 400;\"><span style=\"font-weight: 400;\">qu\u1ea7n tho\u1ea3i m\u00e1i<\/span><\/li>\n<p>N \t<\/p>\n<li style=\"font-weight: 400;\"><span style=\"font-weight: 400;\">D\u00e9p x\u0103ng \u0111an\u00a0<\/span><\/li>\n<p>N \t<\/p>\n<li style=\"font-weight: 400;\"><span style=\"font-weight: 400;\">\u0111\u1ed3 b\u01a1i<\/span><\/li>\n<p>N<\/ul>\n<p>N&Nbsp;<br \/>\nN<\/p>\n<h4><b><i>\u0110\u00f3n kh\u00e1ch s\u1ea1n <\/i><\/b><\/h4>\n<p>N<span style=\"font-weight: 400;\">\u0110\u00f3n kh\u00e1ch s\u1ea1n kh\u00f4ng \u0111\u01b0\u1ee3c cung c\u1ea5p cho tour du l\u1ecbch n\u00e0y. <\/span><br \/>\nN<br \/>\nN&Nbsp;<br \/>\nN<br \/>\nN<b>Ghi ch\u00fa:<\/b><span style=\"font-weight: 400;\"> n\u1ebfu b\u1ea1n \u0111\u1eb7t ch\u1ed7 trong v\u00f2ng 24 gi\u1edd k\u1ec3 t\u1eeb gi\u1edd kh\u1edfi h\u00e0nh chuy\u1ebfn tham quan\/Chuy\u1ebfn tham quan, ch\u00fang t\u00f4i c\u00f3 th\u1ec3 s\u1eafp x\u1ebfp d\u1ecbch v\u1ee5 \u0111\u00f3n kh\u00e1ch t\u1ea1i kh\u00e1ch s\u1ea1n v\u1edbi m\u1ed9t kho\u1ea3n ph\u1ee5 ph\u00ed. Sau khi giao d\u1ecbch mua c\u1ee7a b\u1ea1n ho\u00e0n t\u1ea5t, ch\u00fang t\u00f4i s\u1ebd g\u1eedi cho b\u1ea1n th\u00f4ng tin li\u00ean h\u1ec7 \u0111\u1ea7y \u0111\u1ee7 (s\u1ed1 \u0111i\u1ec7n tho\u1ea1i, \u0111\u1ecba ch\u1ec9 email, v.v.) \u0111\u1ec3 H\u01b0\u1edbng d\u1eabn vi\u00ean du l\u1ecbch \u0111\u1ecba ph\u01b0\u01a1ng c\u1ee7a ch\u00fang t\u00f4i s\u1eafp x\u1ebfp vi\u1ec7c \u0111\u00f3n kh\u00e1ch.<\/span><br \/>\nN<\/p>\n<h4><b><i>X\u00e1c nh\u1eadn th\u00f4ng tin b\u1ed5 sung <\/i><\/b><\/h4>\n<p>N<\/p>\n<ol>\nN \t<\/p>\n<li>V\u00e9 l\u00e0 Bi\u00ean lai sau khi thanh to\u00e1n Tour n\u00e0y. B\u1ea1n c\u00f3 th\u1ec3 hi\u1ec3n th\u1ecb thanh to\u00e1n tr\u00ean \u0111i\u1ec7n tho\u1ea1i c\u1ee7a m\u00ecnh.<\/li>\n<p>N \t<\/p>\n<li style=\"font-weight: 400;\"><span style=\"font-weight: 400;\">\u0110i\u1ec3m h\u1eb9n s\u1ebd nh\u1eadn \u0111\u01b0\u1ee3c sau qu\u00e1 tr\u00ecnh \u0111\u1eb7t ch\u1ed7.<\/span><\/li>\n<p>N \t<\/p>\n<li style=\"font-weight: 400;\"><span style=\"font-weight: 400;\">Tr\u1ebb em ph\u1ea3i \u0111i c\u00f9ng ng\u01b0\u1eddi l\u1edbn.<\/span><\/li>\n<p>N \t<\/p>\n<li style=\"font-weight: 400;\"><span style=\"font-weight: 400;\"> Kh\u00f4ng th\u1ec3 s\u1eed d\u1ee5ng xe l\u0103n <\/span><\/li>\n<p>N \t<\/p>\n<li style=\"font-weight: 400;\"><span style=\"font-weight: 400;\">Tr\u1ebb s\u01a1 sinh ph\u1ea3i ng\u1ed3i tr\u00ean \u0111\u00f9i <\/span><\/li>\n<p>N \t<\/p>\n<li style=\"font-weight: 400;\"><span style=\"font-weight: 400;\">Kh\u00f4ng n\u00ean d\u00f9ng cho du kh\u00e1ch c\u00f3 v\u1ea5n \u0111\u1ec1 v\u1ec1 l\u01b0ng<\/span><\/li>\n<p>N \t<\/p>\n<li style=\"font-weight: 400;\"><span style=\"font-weight: 400;\">Kh\u00f4ng n\u00ean d\u00f9ng cho du kh\u00e1ch mang thai <\/span><\/li>\n<p>N \t<\/p>\n<li style=\"font-weight: 400;\"><span style=\"font-weight: 400;\"> Kh\u00f4ng c\u00f3 v\u1ea5n \u0111\u1ec1 v\u1ec1 tim ho\u1eb7c c\u00e1c t\u00ecnh tr\u1ea1ng y t\u1ebf nghi\u00eam tr\u1ecdng kh\u00e1c <\/span><\/li>\n<p>N \t<\/p>\n<li style=\"font-weight: 400;\"><span style=\"font-weight: 400;\">H\u1ea7u h\u1ebft du kh\u00e1ch c\u00f3 th\u1ec3 tham gia<\/span><\/li>\n<p>N<\/ol>\n<p>N<\/p>\n<h4><b><i>Ch\u00ednh s\u00e1ch h\u1ee7y<\/i><\/b><\/h4>\n<p>n\u0110\u1ec3 \u0111\u01b0\u1ee3c ho\u00e0n l\u1ea1i to\u00e0n b\u1ed9 s\u1ed1 ti\u1ec1n, vui l\u00f2ng \u0111\u1ecdc ch\u00ednh s\u00e1ch H\u1ee7y c\u1ee7a ch\u00fang t\u00f4i\u00a0<a href=\"https:\/\/www.boattoursamana.com\/vi\/dat-phong-truc-tuyen\/\" target=\"_blank\" rel=\"noopener\" data-saferedirecturl=\"https:\/\/www.google.com\/url?q=https:\/\/www.boattoursamana.com\/online-booking\/&amp;source=gmail&amp;ust=1672532492004000&amp;usg=AOvVaw3ylqI1cdbIPTimEqEWneyd\">B\u1ea5m v\u00e0o \u0111\u00e2y<\/a>. Ti\u1ec1n s\u1ebd b\u1ecb m\u1ea5t n\u1ebfu \u0111\u1eb7t ch\u1ed7 b\u1ecb h\u1ee7y trong c\u00f9ng ng\u00e0y c\u1ee7a chuy\u1ebfn \u0111i.<\/p>\n\n\t\t<\/div>\n\t<\/div>\n<\/div><\/div><\/div><\/div><div class=\"vc_row wpb_row vc_row-fluid\" ><div class=\"wpb_column vc_column_container vc_col-sm-12\"><div class=\"vc_column-inner\"><div class=\"wpb_wrapper\"><div class=\"vc_empty_space\"   style=\"height: 32px\"><span class=\"vc_empty_space_inner\"><\/span><\/div>\n\t<div class=\"wpb_text_column wpb_content_element\" >\n\t\t<div class=\"wpb_wrapper\">\n\t\t\t<p>\nN<\/p>\n<h4>Li\u00ean h\u1ec7 ch\u00fang t\u00f4i?<\/h4>\n<p>N<\/p>\n<h5>\u0111\u1eb7t ph\u00f2ng phi\u00eau l\u01b0u<\/h5>\n<p>N<em><strong>ng\u01b0\u1eddi d\u00e2n \u0111\u1ecba ph\u01b0\u01a1ng<\/strong>\u00a0v\u00e0\u00a0<strong>c\u00f4ng d\u00e2n<\/strong>\u00a0H\u01b0\u1edbng d\u1eabn vi\u00ean du l\u1ecbch &amp; D\u1ecbch v\u1ee5 kh\u00e1ch<\/em><br \/>\nN<br \/>\nN<span class=\"text-turquoise\">\u0111\u1eb7t ph\u00f2ng:<\/span>\u00a0Chuy\u1ebfn tham quan &amp; du ngo\u1ea1n t\u1ea1i Dom. Tr\u1ea3 l\u1eddi.<br \/>\nN<br \/>\nN<img decoding=\"async\" class=\"emoji\" draggable=\"false\" src=\"https:\/\/s.w.org\/images\/core\/emoji\/11.2.0\/svg\/1f4de.svg\" alt=\" \" title=\"\">\u00a0\u0110i\u1ec7n tho\u1ea1i \/ Whatsapp\u00a0\u00a0<a href=\"tel:+1-809-720-6035\">+1-809-720-6035<\/a>.<br \/>\nN<br \/>\nN<img decoding=\"async\" class=\"emoji\" draggable=\"false\" src=\"https:\/\/s.w.org\/images\/core\/emoji\/11.2.0\/svg\/1f4e9.svg\" alt=\" \" title=\"\">\u00a0<a href=\"mailto:info@bookingadventures.com.do\">info@bookingadventures.com.do<\/a><br \/>\nN<br \/>\nN<strong><span style=\"vertical-align: inherit;\"><span style=\"vertical-align: inherit;\">Somos tham quan quy\u1ec1n ri\u00eang t\u01b0 v\u1ec1 c\u1ea5u h\u00ecnh linh ho\u1ea1t c\u1ee7a Whatsapp:\u00a0<\/span><\/span><a href=\"tel:+18097206035\">+18097206035.<\/a><\/strong><\/p>\n\n\t\t<\/div>\n\t<\/div>\n<div class=\"vc_empty_space\"   style=\"height: 32px\"><span class=\"vc_empty_space_inner\"><\/span><\/div><\/div><\/div><\/div><\/div><div class=\"vc_row wpb_row vc_row-fluid\" ><div class=\"wpb_column vc_column_container vc_col-sm-12\"><div class=\"vc_column-inner\"><div class=\"wpb_wrapper\"><div class=\"vc_btn3-container vc_btn3-inline\" ><button class=\"vc_general vc_btn3 vc_btn3-size-md vc_btn3-shape-rounded vc_btn3-style-modern vc_btn3-color-green\">\u0110\u0102\u0323T B\u00c2Y GI\u1edc<\/button><\/div><\/div><\/div><\/div><\/div>","protected":false},"excerpt":{"rendered":"<p>Excursi\u00f3n al Parque Nacional Los Haitises partiendo de Sabana de la Mar en la zona de Cano Hondo, Visita de manglares, Cuevas, Pictogramas y Formaciones Rocosas. n nEste recorrido se puede configurar con el clip Senderismo aqu\u00ed. Conozca la historia real de la historia del Parque Nacional Los Haitises con los lugare\u00f1os. n n&nbsp; n nSeleccione la fecha para el Tour: &nbsp;<\/p>","protected":false},"author":2,"featured_media":0,"parent":0,"menu_order":0,"comment_status":"open","ping_status":"closed","template":"","meta":{"footnotes":""},"class_list":["post-15745","page","type-page","status-publish","hentry"],"_links":{"self":[{"href":"https:\/\/www.boattoursamana.com\/vi\/wp-json\/wp\/v2\/pages\/15745","targetHints":{"allow":["GET"]}}],"collection":[{"href":"https:\/\/www.boattoursamana.com\/vi\/wp-json\/wp\/v2\/pages"}],"about":[{"href":"https:\/\/www.boattoursamana.com\/vi\/wp-json\/wp\/v2\/types\/page"}],"author":[{"embeddable":true,"href":"https:\/\/www.boattoursamana.com\/vi\/wp-json\/wp\/v2\/users\/2"}],"replies":[{"embeddable":true,"href":"https:\/\/www.boattoursamana.com\/vi\/wp-json\/wp\/v2\/comments?post=15745"}],"version-history":[{"count":0,"href":"https:\/\/www.boattoursamana.com\/vi\/wp-json\/wp\/v2\/pages\/15745\/revisions"}],"wp:attachment":[{"href":"https:\/\/www.boattoursamana.com\/vi\/wp-json\/wp\/v2\/media?parent=15745"}],"curies":[{"name":"wp","href":"https:\/\/api.w.org\/{rel}","templated":true}]}}