{"id":15757,"date":"2023-07-15T07:43:13","date_gmt":"2023-07-15T07:43:13","guid":{"rendered":"https:\/\/www.ticketswhales.com\/el-limon-waterfall-and-bacardi-island-cayo-levantado-tour-from-punta-cana-hotels\/"},"modified":"2023-07-15T07:43:13","modified_gmt":"2023-07-15T07:43:13","slug":"el-limon-waterfall-and-bacardi-island-cayo-levantado-tour-from-punta-cana-hotels","status":"publish","type":"page","link":"https:\/\/www.boattoursamana.com\/vi\/el-limon-waterfall-and-bacardi-island-cayo-levantado-tour-from-punta-cana-hotels","title":{"rendered":"Tour Tham Quan Th\u00e1c El Lim\u00f3n V\u00e0 \u0110\u1ea3o Bacardi (Cayo Levantado) T\u1eeb Kh\u00e1ch S\u1ea1n Punta Cana"},"content":{"rendered":"<p>N\u1ebfu b\u1ea1n \u0111ang \u1edf Punta Cana ho\u1eb7c Bavaro, T\u00ecm ki\u1ebfm m\u1ed9t chuy\u1ebfn \u0111i trong ng\u00e0y tr\u1ea3 \u00edt h\u01a1n b\u00ecnh th\u01b0\u1eddng. \u0110\u1eb7t chuy\u1ebfn \u0111i n\u00e0y v\u1edbi d\u1ecbch v\u1ee5 \u0111\u00f3n t\u1ea1i kh\u00e1ch s\u1ea1n c\u1ee7a b\u1ea1n \u1edf Punta Cana. Xe bu\u00fdt s\u1ebd \u0111\u01b0a b\u1ea1n \u0111\u1ebfn Sabana de la mar, n\u01a1i ch\u00fang t\u00f4i \u0111i catamaran \u0111\u1ec3 \u0111i qua v\u1ecbnh Samana. Tham quan c\u1ed9ng \u0111\u1ed3ng Samana tr\u00ean Safari \u0111\u1ec3 \u0111\u1ebfn C\u1ed9ng \u0111\u1ed3ng El Lim\u00f3n, C\u01b0\u1ee1i ng\u1ef1a ho\u1eb7c \u0110i b\u1ed9 \u0111\u1ebfn Th\u00e1c n\u01b0\u1edbc sau khi b\u0103ng qua V\u1ecbnh Samana v\u00e0 th\u1eddi gian Luch t\u1ea1i \u0110\u1ea3o Bacardi. Chuy\u1ebfn \u0111i n\u00e0y b\u1eaft \u0111\u1ea7u l\u00fac 6:00 s\u00e1ng v\u00e0 k\u1ebft th\u00fac l\u00fac 18:30.<br \/>\nN<br \/>\nN&Nbsp;<br \/>\nN<br \/>\nN&Nbsp;<br \/>\nN<br \/>\nN<strong>Vui l\u00f2ng ch\u1ecdn ng\u00e0y cho chuy\u1ebfn tham quan\u00a0<\/strong><\/p>\n<p>&nbsp;<\/p>\n<div class=\"vc_row wpb_row vc_row-fluid\" ><div class=\"wpb_column vc_column_container vc_col-sm-12\"><div class=\"vc_column-inner\"><div class=\"wpb_wrapper\"><div class=\"mkdf-section-title-holder\" style=\"text-align: left\">\n\t<div class=\"mkdf-st-inner\">\n\t\t\t\t\t<h5 class=\"mkdf-st-subtitle\" >\n\t\t\t\t(Nh\u1eadn t\u1ea1i Punta Cana)\t\t\t<\/h5>\n\t\t\t\t\t\t\t<h3 class=\"mkdf-st-title\" >\n\t\t\t\tTh\u00e1c El Limon &amp; \u0110\u1ea3o Bacardi t\u1eeb Kh\u00e1ch s\u1ea1n Punta Cana\t\t\t<\/h3>\n\t\t\t\t\t<\/div>\n<\/div><\/div><\/div><\/div><\/div><div class=\"vc_row wpb_row vc_row-fluid\" ><div class=\"wpb_column vc_column_container vc_col-sm-12\"><div class=\"vc_column-inner\"><div class=\"wpb_wrapper\"><div class=\"vc_btn3-container vc_btn3-inline\" ><button class=\"vc_general vc_btn3 vc_btn3-size-md vc_btn3-shape-rounded vc_btn3-style-modern vc_btn3-color-green\">\u0110\u0102\u0323T B\u00c2Y GI\u1edc<\/button><\/div>\n\t<div class=\"wpb_text_column wpb_content_element\" >\n\t\t<div class=\"wpb_wrapper\">\n\t\t\t<p>\nN<\/p>\n<h4><b><i>T\u1ed5ng quan <\/i><\/b><\/h4>\n<p>N\u1ebfu b\u1ea1n \u0111ang \u1edf Punta Cana ho\u1eb7c Bavaro, T\u00ecm ki\u1ebfm m\u1ed9t chuy\u1ebfn \u0111i trong ng\u00e0y tr\u1ea3 \u00edt h\u01a1n b\u00ecnh th\u01b0\u1eddng. \u0110\u1eb7t chuy\u1ebfn \u0111i n\u00e0y v\u1edbi d\u1ecbch v\u1ee5 \u0111\u00f3n t\u1ea1i kh\u00e1ch s\u1ea1n c\u1ee7a b\u1ea1n \u1edf Punta Cana. Xe bu\u00fdt s\u1ebd \u0111\u01b0a eyou \u0111\u1ebfn Sabana de la mar, n\u01a1i ch\u00fang t\u00f4i \u0111i catamaran \u0111\u1ec3 \u0111i qua v\u1ecbnh Samana. Tham quan c\u1ed9ng \u0111\u1ed3ng Samana tr\u00ean Safari \u0111\u1ec3 \u0111\u1ebfn C\u1ed9ng \u0111\u1ed3ng El Lim\u00f3n, C\u01b0\u1ee1i ng\u1ef1a ho\u1eb7c \u0110i b\u1ed9 \u0111\u1ebfn Th\u00e1c n\u01b0\u1edbc sau khi b\u0103ng qua V\u1ecbnh Samana v\u00e0 th\u1eddi gian Luch t\u1ea1i \u0110\u1ea3o Bacardi. Chuy\u1ebfn \u0111i n\u00e0y B\u1eaft \u0111\u1ea7u l\u00fac 6:00 s\u00e1ng v\u00e0 k\u1ebft th\u00fac l\u00fac 6:30 t\u1ed1i.<br \/>\nN<br \/>\nnAfter this experience, you will get Back to Your Hotel.<br \/>\nN<\/p>\n<ul>\nN \t<\/p>\n<li style=\"font-weight: 400;\">\u0110\u00e3 bao g\u1ed3m ph\u00ed<\/li>\n<p>N \t<\/p>\n<li>Bao g\u1ed3m \u0103n tr\u01b0a t\u1ea1i b\u00e3i bi\u1ec3n<\/li>\n<p>N \t<\/p>\n<li>Bao g\u1ed3m chuy\u1ec3n nh\u01b0\u1ee3ng<\/li>\n<p>N \t<\/p>\n<li style=\"font-weight: 400;\"><span style=\"font-weight: 400;\">H\u01b0\u1edbng d\u1eabn cung c\u1ea5p h\u01b0\u1edbng d\u1eabn v\u00e0 gi\u00e1m s\u00e1t<\/span><\/li>\n<p>N<\/ul>\n<p>N&Nbsp;<br \/>\nN<\/p>\n<h4><b>Bao g\u1ed3m &amp; Lo\u1ea1i tr\u1eeb<\/b><\/h4>\n<p>N&Nbsp;<br \/>\nN<br \/>\nN<b>bao g\u1ed3m<\/b><br \/>\nN<br \/>\nN&Nbsp;<br \/>\nN<\/p>\n<ol>\nN \t<\/p>\n<li style=\"font-weight: 400;\">\u0111\u00f3n kh\u00e1ch s\u1ea1n<\/li>\n<p>N \t<\/p>\n<li style=\"font-weight: 400;\">V\u1ecbnh Samana<\/li>\n<p>N \t<\/p>\n<li>\u0110\u1ea3o Bacardi, B\u00e3i bi\u1ec3n v\u00e0 B\u1eefa tr\u01b0a<\/li>\n<p>N \t<\/p>\n<li>Safari \u0111\u1ebfn El Lim\u00f3n<\/li>\n<p>N \t<\/p>\n<li>C\u01b0\u1ee1i ng\u1ef1a ho\u1eb7c \u0111i b\u1ed9 \u0111\u1ebfn th\u00e1c n\u01b0\u1edbc<\/li>\n<p>N \t<\/p>\n<li>Cocktail c\u1ee7a ng\u01b0\u1eddi Dominica<\/li>\n<p>N \t<\/p>\n<li style=\"font-weight: 400;\"><span style=\"font-weight: 400;\">T\u1ea5t c\u1ea3 c\u00e1c lo\u1ea1i thu\u1ebf, ph\u00ed v\u00e0 l\u1ec7 ph\u00ed x\u1eed l\u00fd<\/span><\/li>\n<p>N \t<\/p>\n<li style=\"font-weight: 400;\"><span style=\"font-weight: 400;\">Thu\u1ebf \u0111\u1ecba ph\u01b0\u01a1ng<\/span><\/li>\n<p>N \t<\/p>\n<li style=\"font-weight: 400;\"><span style=\"font-weight: 400;\">n\u01b0\u1edbc gi\u1ea3i kh\u00e1t<\/span><\/li>\n<p>N \t<\/p>\n<li style=\"font-weight: 400;\"><span style=\"font-weight: 400;\">T\u1ea5t c\u1ea3 c\u00e1c ho\u1ea1t \u0111\u1ed9ng<\/span><\/li>\n<p>N \t<\/p>\n<li style=\"font-weight: 400;\"><span style=\"font-weight: 400;\">H\u01b0\u1edbng d\u1eabn \u0111\u1ecba ph\u01b0\u01a1ng<\/span><\/li>\n<p>N<\/ol>\n<p>N<b> lo\u1ea1i tr\u1eeb<\/b><br \/>\nN<\/p>\n<ol>\nN \t<\/p>\n<li style=\"font-weight: 400;\"><span style=\"font-weight: 400;\">ti\u1ec1n th\u01b0\u1edfng<\/span><\/li>\n<p>N \t<\/p>\n<li style=\"font-weight: 400;\"><span style=\"font-weight: 400;\">\u0110\u1ed3 u\u1ed1ng c\u00f3 c\u1ed3n sau Cocktail\u00a0<\/span><\/li>\n<p>N<\/ol>\n<p>N&Nbsp;<br \/>\nN<\/p>\n<h4><em><strong>Kh\u1edfi h\u00e0nh &amp; Tr\u1edf v\u1ec1<\/strong><\/em><\/h4>\n<p>N<span style=\"font-weight: 400;\">Kh\u00e1ch du l\u1ecbch s\u1ebd nh\u1eadn \u0111\u01b0\u1ee3c m\u1ed9t \u0111i\u1ec3m g\u1eb7p g\u1ee1 sau Quy tr\u00ecnh \u0111\u1eb7t ch\u1ed7. C\u00e1c chuy\u1ebfn tham quan b\u1eaft \u0111\u1ea7u v\u00e0 k\u1ebft th\u00fac t\u1ea1i c\u00e1c \u0111i\u1ec3m g\u1eb7p g\u1ee1 c\u1ee7a ch\u00fang t\u00f4i.<\/span><br \/>\nN<br \/>\nN&Nbsp;<br \/>\nN<\/p>\n<h4><b><i>Mong \u0111\u1ee3i \u0111i\u1ec1u g\u00ec?<\/i><\/b><\/h4>\n<p>N&Nbsp;<br \/>\nN<br \/>\nN<em><strong>Nh\u1eadn v\u00e9 c\u1ee7a b\u1ea1n<\/strong><\/em> \u0111\u1ec3 tham quan Th\u00e1c n\u01b0\u1edbc khi c\u01b0\u1ee1i ng\u1ef1a ho\u1eb7c \u0111i b\u1ed9 \u0111\u01b0\u1eddng d\u00e0i, Safari Saman\u00e1, B\u01a1i t\u1ea1i su\u1ed1i t\u1ef1 nhi\u00ean t\u1eeb th\u00e1c n\u01b0\u1edbc, \u0103n tr\u01b0a t\u1ea1i \u0111\u1ea3o Bacardi c\u1ed9ng v\u1edbi Gi\u1edd \u0111i bi\u1ec3n.<br \/>\nN<br \/>\nB\u1eaft \u0111\u1ea7u t\u1eeb Punta Cana tr\u00ean xe bu\u00fdt, ch\u00fang t\u00f4i s\u1ebd l\u00e1i xe \u0111\u1ebfn c\u1ea3ng v\u1ecbnh Samana. T\u1ea1i C\u1ea3ng, ch\u00fang t\u00f4i l\u00ean Thuy\u1ec1n ho\u1eb7c Catamaran v\u1edbi m\u1ed9t h\u01b0\u1edbng d\u1eabn vi\u00ean du l\u1ecbch \u0111\u1ecba ph\u01b0\u01a1ng, ch\u00fang t\u00f4i \u0111i qua V\u1ecbnh Saman\u00e1 \u0111\u1ebfn c\u1ed9ng \u0111\u1ed3ng Saman\u00e1. \u0110i Safari v\u1edbi h\u01b0\u1edbng d\u1eabn vi\u00ean du l\u1ecbch \u0111\u1ecba ph\u01b0\u01a1ng \u0111\u1ec3 n\u00f3i v\u1ec1 l\u1ecbch s\u1eed Saman\u00e1 cho \u0111\u1ebfn khi \u0111\u1ebfn C\u1ed9ng \u0111\u1ed3ng El Limon. T\u1ea1i C\u1ed9ng \u0111\u1ed3ng El Lim\u00f3n, ch\u00fang t\u00f4i b\u1eaft \u0111\u1ea7u \u0111i b\u1ed9 \u0111\u01b0\u1eddng d\u00e0i ho\u1eb7c c\u01b0\u1ee1i ng\u1ef1a qua r\u1eebng th\u00e1c n\u01b0\u1edbc El Limon \u0111\u1ebfn Th\u00e1c n\u01b0\u1edbc El Lim\u00f3n. Khi \u0111\u1ebfn n\u01a1i ch\u00fang ta c\u00f3 th\u1ec3 b\u01a1i! Sau khi quay l\u1ea1i Safari \u0111\u1ec3 \u0111\u1ebfn c\u1ea3ng Samana. Gh\u00e9 th\u0103m \u0111\u1ea3o Bacardi \u0111\u1ec3 \u0103n tr\u01b0a tr\u00ean b\u00e3i bi\u1ec3n v\u00e0 b\u01a1i l\u1ed9i t\u1ea1i m\u1ed9t trong nh\u1eefng h\u00f2n \u0111\u1ea3o \u0111\u1eb9p nh\u1ea5t c\u1ee7a C\u1ed9ng h\u00f2a Dominica.<br \/>\nN<br \/>\nTrong tr\u01b0\u1eddng h\u1ee3p b\u1ea1n mu\u1ed1n chuy\u1ebfn \u0111i n\u00e0y d\u00e0i h\u01a1n ho\u1eb7c ng\u1eafn h\u01a1n, ch\u1ec9 c\u1ea7n li\u00ean h\u1ec7 v\u1edbi ch\u00fang t\u00f4i\u2026<br \/>\nN<br \/>\nN&Nbsp;<br \/>\nN<br \/>\nN&Nbsp;<br \/>\nN<\/p>\n<h4><em><strong>B\u1ea1n n\u00ean mang theo nh\u1eefng g\u00ec?<\/strong><\/em><\/h4>\n<p>N<\/p>\n<ul>\nN \t<\/p>\n<li style=\"font-weight: 400;\"><span style=\"font-weight: 400;\">M\u00e1y \u1ea3nh<\/span><\/li>\n<p>N \t<\/p>\n<li style=\"font-weight: 400;\"><span style=\"font-weight: 400;\">ch\u1ed3i \u0111u\u1ed5i<\/span><\/li>\n<p>N \t<\/p>\n<li style=\"font-weight: 400;\"><span style=\"font-weight: 400;\">kem ch\u1ed1ng n\u1eafng<\/span><\/li>\n<p>N \t<\/p>\n<li style=\"font-weight: 400;\"><span style=\"font-weight: 400;\">m\u0169<\/span><\/li>\n<p>N \t<\/p>\n<li style=\"font-weight: 400;\"><span style=\"font-weight: 400;\">qu\u1ea7n tho\u1ea3i m\u00e1i<\/span><\/li>\n<p>N \t<\/p>\n<li style=\"font-weight: 400;\"><span style=\"font-weight: 400;\">Gi\u00e0y leo n\u00fai \u0111i r\u1eebng<\/span><\/li>\n<p>N \t<\/p>\n<li style=\"font-weight: 400;\"><span style=\"font-weight: 400;\">D\u00e9p \u0111i c\u00e1c mi\u1ec1n Xu\u00e2n.<\/span><\/li>\n<p>N \t<\/p>\n<li style=\"font-weight: 400;\"><span style=\"font-weight: 400;\">\u0111\u1ed3 b\u01a1i<\/span><\/li>\n<p>N<\/ul>\n<p>N&Nbsp;<br \/>\nN<\/p>\n<h4><b><i>\u0110\u00f3n kh\u00e1ch s\u1ea1n <\/i><\/b><\/h4>\n<p>N<span style=\"font-weight: 400;\">\u0110\u00f3n kh\u00e1ch du l\u1ecbch \u0111\u01b0\u1ee3c cung c\u1ea5p!<\/span><br \/>\nN<br \/>\nN<span style=\"font-weight: 400;\">Ch\u00fang t\u00f4i nh\u1eadn t\u1eeb t\u1ea5t c\u1ea3 c\u00e1c Kh\u00e1ch s\u1ea1n \u1edf Punta Cana. \u0110\u1ecba \u0111i\u1ec3m \u0111\u00f3n t\u1ea1i s\u1ea3nh kh\u00e1ch s\u1ea1n<br \/>\nN\u1ebfu b\u1ea1n \u0111ang \u1edf t\u1ea1i m\u1ed9t c\u0103n h\u1ed9 trong khu v\u1ef1c, ch\u00fang t\u00f4i s\u1ebd \u0111\u00f3n b\u1ea1n t\u1ea1i c\u0103n h\u1ed9 ho\u1eb7c \u1edf l\u1ed1i v\u00e0o c\u1ee7a khu ngh\u1ec9 d\u01b0\u1ee1ng g\u1ea7n nh\u1ea5t.. Ch\u00fang t\u00f4i \u0111\u00e3 thi\u1ebft l\u1eadp Pick Pick li\u00ean h\u1ec7 v\u1edbi ch\u00fang t\u00f4i b\u1eb1ng Whatsapp.<\/span><br \/>\nN<br \/>\nN<b>Ghi ch\u00fa:<\/b><span style=\"font-weight: 400;\"> N\u1ebfu b\u1ea1n \u0111\u1eb7t ch\u1ed7 trong v\u00f2ng 24 gi\u1edd k\u1ec3 t\u1eeb gi\u1edd kh\u1edfi h\u00e0nh chuy\u1ebfn tham quan\/Chuy\u1ebfn tham quan, ch\u00fang t\u00f4i c\u00f3 th\u1ec3 s\u1eafp x\u1ebfp d\u1ecbch v\u1ee5 \u0111\u00f3n kh\u00e1ch t\u1ea1i kh\u00e1ch s\u1ea1n. Sau khi giao d\u1ecbch mua c\u1ee7a b\u1ea1n ho\u00e0n t\u1ea5t, ch\u00fang t\u00f4i s\u1ebd g\u1eedi cho b\u1ea1n th\u00f4ng tin li\u00ean h\u1ec7 \u0111\u1ea7y \u0111\u1ee7 (s\u1ed1 \u0111i\u1ec7n tho\u1ea1i, \u0111\u1ecba ch\u1ec9 email, v.v.) \u0111\u1ec3 H\u01b0\u1edbng d\u1eabn vi\u00ean du l\u1ecbch \u0111\u1ecba ph\u01b0\u01a1ng c\u1ee7a ch\u00fang t\u00f4i s\u1eafp x\u1ebfp vi\u1ec7c \u0111\u00f3n kh\u00e1ch.<\/span><br \/>\nN<\/p>\n<h4><b><i>X\u00e1c nh\u1eadn th\u00f4ng tin b\u1ed5 sung <\/i><\/b><\/h4>\n<p>N<\/p>\n<ol>\nN \t<\/p>\n<li>V\u00e9 l\u00e0 Bi\u00ean lai sau khi thanh to\u00e1n Tour n\u00e0y. B\u1ea1n c\u00f3 th\u1ec3 hi\u1ec3n th\u1ecb thanh to\u00e1n tr\u00ean \u0111i\u1ec7n tho\u1ea1i c\u1ee7a m\u00ecnh.<\/li>\n<p>N \t<\/p>\n<li style=\"font-weight: 400;\"><span style=\"font-weight: 400;\">\u0110i\u1ec3m h\u1eb9n s\u1ebd nh\u1eadn \u0111\u01b0\u1ee3c sau qu\u00e1 tr\u00ecnh \u0111\u1eb7t ch\u1ed7.<\/span><\/li>\n<p>N \t<\/p>\n<li style=\"font-weight: 400;\"><span style=\"font-weight: 400;\">Tr\u1ebb em ph\u1ea3i \u0111i c\u00f9ng ng\u01b0\u1eddi l\u1edbn.<\/span><\/li>\n<p>N \t<\/p>\n<li style=\"font-weight: 400;\"><span style=\"font-weight: 400;\"> Kh\u00f4ng th\u1ec3 s\u1eed d\u1ee5ng xe l\u0103n <\/span><\/li>\n<p>N \t<\/p>\n<li style=\"font-weight: 400;\"><span style=\"font-weight: 400;\">Tr\u1ebb s\u01a1 sinh ph\u1ea3i ng\u1ed3i tr\u00ean \u0111\u00f9i <\/span><\/li>\n<p>N \t<\/p>\n<li style=\"font-weight: 400;\"><span style=\"font-weight: 400;\">Kh\u00f4ng n\u00ean d\u00f9ng cho du kh\u00e1ch c\u00f3 v\u1ea5n \u0111\u1ec1 v\u1ec1 l\u01b0ng<\/span><\/li>\n<p>N \t<\/p>\n<li style=\"font-weight: 400;\"><span style=\"font-weight: 400;\">Kh\u00f4ng n\u00ean d\u00f9ng cho du kh\u00e1ch mang thai <\/span><\/li>\n<p>N \t<\/p>\n<li style=\"font-weight: 400;\"><span style=\"font-weight: 400;\"> Kh\u00f4ng c\u00f3 v\u1ea5n \u0111\u1ec1 v\u1ec1 tim ho\u1eb7c c\u00e1c t\u00ecnh tr\u1ea1ng y t\u1ebf nghi\u00eam tr\u1ecdng kh\u00e1c <\/span><\/li>\n<p>N \t<\/p>\n<li style=\"font-weight: 400;\"><span style=\"font-weight: 400;\">H\u1ea7u h\u1ebft du kh\u00e1ch c\u00f3 th\u1ec3 tham gia<\/span><\/li>\n<p>N<\/ol>\n<p>N<\/p>\n<h4><b><i>Ch\u00ednh s\u00e1ch h\u1ee7y<\/i><\/b><\/h4>\n<p>n\u0110\u1ec3 \u0111\u01b0\u1ee3c ho\u00e0n l\u1ea1i to\u00e0n b\u1ed9 s\u1ed1 ti\u1ec1n, vui l\u00f2ng \u0111\u1ecdc ch\u00ednh s\u00e1ch H\u1ee7y c\u1ee7a ch\u00fang t\u00f4i\u00a0<a href=\"https:\/\/www.boattoursamana.com\/vi\/dat-phong-truc-tuyen\/\" target=\"_blank\" rel=\"noopener\" data-saferedirecturl=\"https:\/\/www.google.com\/url?q=https:\/\/www.boattoursamana.com\/online-booking\/&amp;source=gmail&amp;ust=1672449202351000&amp;usg=AOvVaw1yAeVAPktmaVCqDujgUn90\">B\u1ea5m v\u00e0o \u0111\u00e2y<\/a>. Ti\u1ec1n s\u1ebd b\u1ecb m\u1ea5t n\u1ebfu \u0111\u1eb7t ch\u1ed7 b\u1ecb h\u1ee7y trong c\u00f9ng ng\u00e0y c\u1ee7a chuy\u1ebfn \u0111i.<\/p>\n\n\t\t<\/div>\n\t<\/div>\n<\/div><\/div><\/div><\/div><div class=\"vc_row wpb_row vc_row-fluid\" ><div class=\"wpb_column vc_column_container vc_col-sm-12\"><div class=\"vc_column-inner\"><div class=\"wpb_wrapper\"><div class=\"vc_empty_space\"   style=\"height: 32px\"><span class=\"vc_empty_space_inner\"><\/span><\/div>\n\t<div class=\"wpb_text_column wpb_content_element\" >\n\t\t<div class=\"wpb_wrapper\">\n\t\t\t<p>\nN<\/p>\n<h4>Li\u00ean h\u1ec7 ch\u00fang t\u00f4i?<\/h4>\n<p>N<\/p>\n<h5><em><strong>\u0111\u1eb7t ph\u00f2ng phi\u00eau l\u01b0u<\/strong><\/em><\/h5>\n<p>N<em><strong>ng\u01b0\u1eddi d\u00e2n \u0111\u1ecba ph\u01b0\u01a1ng<\/strong> v\u00e0 <strong>c\u00f4ng d\u00e2n<\/strong> H\u01b0\u1edbng d\u1eabn vi\u00ean du l\u1ecbch &amp; D\u1ecbch v\u1ee5 kh\u00e1ch<\/em><br \/>\nN<br \/>\nN<span class=\"text-turquoise\">\u0111\u1eb7t ph\u00f2ng:<\/span> Chuy\u1ebfn tham quan &amp; du ngo\u1ea1n t\u1ea1i Dom. Tr\u1ea3 l\u1eddi.<br \/>\nN<br \/>\nN<img decoding=\"async\" class=\"emoji\" draggable=\"false\" src=\"https:\/\/s.w.org\/images\/core\/emoji\/11.2.0\/svg\/1f4de.svg\" alt=\" \" title=\"\"> \u0110i\u1ec7n tho\u1ea1i \/ Whatsapp\u00a0 <a href=\"tel:+1-809-720-6035\">+1-809-720-6035<\/a>.<br \/>\nN<br \/>\nN<img decoding=\"async\" class=\"emoji\" draggable=\"false\" src=\"https:\/\/s.w.org\/images\/core\/emoji\/11.2.0\/svg\/1f4e9.svg\" alt=\" \" title=\"\"> <a href=\"mailto:info@bookingadventures.com.do\">info@bookingadventures.com.do<\/a><br \/>\nN<br \/>\nN<strong>Ch\u00fang t\u00f4i \u0111ang thi\u1ebft l\u1eadp linh ho\u1ea1t c\u00e1c chuy\u1ebfn tham quan ri\u00eang t\u01b0 b\u1eb1ng Whatsapp: <a href=\"tel:+18097206035\">+18097206035.<\/a><\/strong><\/p>\n\n\t\t<\/div>\n\t<\/div>\n<div class=\"vc_empty_space\"   style=\"height: 32px\"><span class=\"vc_empty_space_inner\"><\/span><\/div><\/div><\/div><\/div><\/div><div class=\"vc_row wpb_row vc_row-fluid\" ><div class=\"wpb_column vc_column_container vc_col-sm-12\"><div class=\"vc_column-inner\"><div class=\"wpb_wrapper\"><div class=\"vc_btn3-container vc_btn3-inline\" ><button class=\"vc_general vc_btn3 vc_btn3-size-md vc_btn3-shape-rounded vc_btn3-style-modern vc_btn3-color-green\">\u0110\u0102\u0323T B\u00c2Y GI\u1edc<\/button><\/div><\/div><\/div><\/div><\/div>","protected":false},"excerpt":{"rendered":"<p>If you are in Punta Cana or Bavaro, Looking for a day trip paying less than normal. Book this trip with a pick up at your hotel in Punta Cana. The bus will take you to Sabana de la mar where we take a catamaran to pass Samana bay. Visiting Samana community on Safari to arrive in El Lim\u00f3n Comunity, Horse riding or Hiking to the Waterfalls after crossing Samana Bay and Luch time at Bacardi Island. This trip starts [&hellip;]<\/p>\n","protected":false},"author":2,"featured_media":0,"parent":0,"menu_order":0,"comment_status":"open","ping_status":"closed","template":"","meta":{"footnotes":""},"class_list":["post-15757","page","type-page","status-publish","hentry"],"_links":{"self":[{"href":"https:\/\/www.boattoursamana.com\/vi\/wp-json\/wp\/v2\/pages\/15757","targetHints":{"allow":["GET"]}}],"collection":[{"href":"https:\/\/www.boattoursamana.com\/vi\/wp-json\/wp\/v2\/pages"}],"about":[{"href":"https:\/\/www.boattoursamana.com\/vi\/wp-json\/wp\/v2\/types\/page"}],"author":[{"embeddable":true,"href":"https:\/\/www.boattoursamana.com\/vi\/wp-json\/wp\/v2\/users\/2"}],"replies":[{"embeddable":true,"href":"https:\/\/www.boattoursamana.com\/vi\/wp-json\/wp\/v2\/comments?post=15757"}],"version-history":[{"count":0,"href":"https:\/\/www.boattoursamana.com\/vi\/wp-json\/wp\/v2\/pages\/15757\/revisions"}],"wp:attachment":[{"href":"https:\/\/www.boattoursamana.com\/vi\/wp-json\/wp\/v2\/media?parent=15757"}],"curies":[{"name":"wp","href":"https:\/\/api.w.org\/{rel}","templated":true}]}}