{"id":15765,"date":"2023-07-15T07:43:13","date_gmt":"2023-07-15T07:43:13","guid":{"rendered":"https:\/\/www.ticketswhales.com\/day-pass-cano-hondo-natural-pools-lunch-included\/"},"modified":"2023-07-15T07:43:13","modified_gmt":"2023-07-15T07:43:13","slug":"day-pass-cano-hondo-natural-pools-lunch-included","status":"publish","type":"page","link":"https:\/\/www.boattoursamana.com\/vi\/day-pass-cano-hondo-tu-nhien-ho-an-trua-bao-gom-2","title":{"rendered":"Day Pass Ca\u00f1o Hondo \u2013 Bao g\u1ed3m b\u1eefa tr\u01b0a &amp; h\u1ed3 b\u01a1i t\u1ef1 nhi\u00ean"},"content":{"rendered":"<p>Mua V\u00e9 Ng\u00e0y H\u1ed3 B\u01a1i T\u1ef1 Nhi\u00ean t\u1ea1i Kh\u00e1ch S\u1ea1n Ca\u00f1o Hondo \u1edf C\u00f4ng Vi\u00ean Qu\u1ed1c Gia Los Haitises, Sabana de la Mar. \u0110\u00e3 bao g\u1ed3m b\u1eefa tr\u01b0a.<br \/>\nN<br \/>\nnFor more information, please contact us.<\/p>\n<p>&nbsp;<\/p>\n<div class=\"vc_row wpb_row vc_row-fluid\" ><div class=\"wpb_column vc_column_container vc_col-sm-12\"><div class=\"vc_column-inner\"><div class=\"wpb_wrapper\"><div class=\"vc_message_box vc_message_box-standard vc_message_box-rounded vc_color-info\" ><div class=\"vc_message_box-icon\"><i class=\"fas fa-info-circle\"><\/i><\/div><p>\u0110\u1eb7t gi\u00e1 th\u1ea5p t\u1ea1i Cano Hondo Rooms <a href=\"http:\/\/dominican-republic-hotels.com\/hotel\/cano-hondo-hotel-eco-lodge\/\" rel=\"noopener\">B\u1ea5m v\u00e0o \u0111\u00e2y.<\/a><\/p>\n<\/div><div class=\"vc_btn3-container vc_btn3-inline\" ><button class=\"vc_general vc_btn3 vc_btn3-size-md vc_btn3-shape-rounded vc_btn3-style-modern vc_btn3-color-green\">\u0110\u0102\u0323T B\u00c2Y GI\u1edc<\/button><\/div>\n\t<div class=\"wpb_text_column wpb_content_element\" >\n\t\t<div class=\"wpb_wrapper\">\n\t\t\t<p>\nN<\/p>\n<div class=\"vc_row wpb_row vc_row-fluid\">\nN<\/p>\n<div class=\"wpb_column vc_column_container vc_col-sm-12\">\nN<\/p>\n<div class=\"vc_column-inner\">\nN<\/p>\n<div class=\"wpb_wrapper\">\nN<\/p>\n<div class=\"wpb_text_column wpb_content_element\">\nN<\/p>\n<div class=\"wpb_wrapper\">\nN<\/p>\n<h2 class=\"mkdf-single-product-title\">V\u00e9 ng\u00e0y Ca\u00f1o Hondo \u2013 Bao g\u1ed3m h\u1ed3 b\u01a1i t\u1ef1 nhi\u00ean v\u00e0 b\u1eefa tr\u01b0a<\/h2>\n<p>N<\/p>\n<h4><b><i>S\u1ef1 mi\u00eau t\u1ea3<\/i><\/b><\/h4>\n<p>nCa\u00f1o Hondo Day Pass Ticket to our Natural Outdoor Swimming Pools with Lunch by Buffet included. Every day from 8:30 AM until 5:00 PM.<br \/>\nN<\/p>\n<div class=\"wpb_text_column wpb_content_element\">\nN<\/p>\n<div class=\"wpb_wrapper\">\nN<br \/>\nC\u00e1c h\u1ed3 b\u01a1i ho\u00e0n to\u00e0n sinh h\u1ecdc kh\u00f4ng c\u1ea7n clo ho\u1eb7c h\u00f3a ch\u1ea5t ph\u00e1t tri\u1ec3n h\u1ec7 sinh th\u00e1i t\u1ef1 nhi\u00ean v\u00e0 h\u1ec7 sinh th\u00e1i c\u00e2n b\u1eb1ng c\u1ee7a ri\u00eang n\u00f3 b\u1eb1ng c\u00e1ch \u0111\u01b0\u1ee3c thi\u1ebft k\u1ebf v\u00e0 x\u00e2y d\u1ef1ng theo m\u1ed9t c\u00e1ch nh\u1ea5t \u0111\u1ecbnh. Khi \u0111\u1ea1t \u0111\u01b0\u1ee3c s\u1ef1 c\u00e2n b\u1eb1ng, n\u01b0\u1edbc trong t\u1ef1 nhi\u00ean nh\u01b0 h\u1ed3 tr\u00ean n\u00fai.<br \/>\nN<br \/>\nN<\/div>\n<p>N\n<\/p><\/div>\n<p>N<\/p>\n<div class=\"wpb_text_column wpb_content_element\">\nN<\/p>\n<div class=\"wpb_wrapper\">\nN<br \/>\nN<strong>T\u1eadn h\u01b0\u1edfng c\u00e1c h\u1ed3 b\u01a1i Natural Eco h\u00f2a quy\u1ec7n tuy\u1ec7t \u0111\u1eb9p v\u00e0o c\u1ea3nh quan y\u00ean b\u00ecnh v\u00e0 nguy\u00ean b\u1ea3n trong C\u00f4ng vi\u00ean Qu\u1ed1c gia Los Haitises, Sabana de la Mar. <\/strong><br \/>\nN<\/p>\n<p style=\"text-align: center;\"><strong>D\u00e0nh m\u1ed9t ng\u00e0y tuy\u1ec7t v\u1eddi v\u1edbi gia \u0111\u00ecnh ho\u1eb7c b\u1ea1n b\u00e8 c\u1ee7a b\u1ea1n.<\/strong><\/p>\n<p>N<br \/>\nN\n<\/div>\n<p>N\n<\/p><\/div>\n<p>N&Nbsp;<br \/>\nN<\/p>\n<h3><b>Bao g\u1ed3m y Lo\u1ea1i tr\u1eeb<\/b><\/h3>\n<p>N<b>bao g\u1ed3m<\/b><br \/>\nN<\/p>\n<ol>\nN \t<\/p>\n<li>\u0102n tr\u01b0a \u2013 Buffet<\/li>\n<p>N \t<\/p>\n<li>V\u00e9 V\u00e0o B\u1ec3 B\u01a1i T\u1ef1 Nhi\u00ean<\/li>\n<p>N<\/ol>\n<p>N<b>Lo\u1ea1i tr\u1eeb (Kh\u00f4ng bao g\u1ed3m)<\/b><br \/>\nN<\/p>\n<ol>\nN \t<\/p>\n<li>Chuy\u00ean ch\u1edf<\/li>\n<p>N \t<\/p>\n<li>\u0111\u1ed3 u\u1ed1ng c\u00f3 c\u1ed3n<\/li>\n<p>N<\/ol>\n<p>N&Nbsp;<br \/>\nN<\/p>\n<h4><em><strong>T\u1ea1i sao ph\u1ea3i mua v\u00e9?<\/strong><\/em><\/h4>\n<p>Vui l\u00f2ng \u0111\u1eb7t ch\u1ed7 tr\u01b0\u1edbc \u0111\u1ec3 nh\u00e0 h\u00e0ng s\u1eafp x\u1ebfp ch\u1ed7 tr\u1ed1ng v\u00e0 chu\u1ea9n b\u1ecb Buffet tr\u01b0a cho qu\u00fd kh\u00e1ch. Sau khi b\u1ea1n \u0111\u1eb7t ch\u1ed7, \u0111\u1ea1i di\u1ec7n c\u1ee7a ch\u00fang t\u00f4i s\u1ebd li\u00ean h\u1ec7 v\u1edbi b\u1ea1n \u0111\u1ec3 cung c\u1ea5p th\u00eam th\u00f4ng tin \u2013 C\u00e1ch \u0111\u1ebfn \u0111\u1ecba \u0111i\u1ec3m c\u1ee7a ch\u00fang t\u00f4i, th\u1ef1c \u0111\u01a1n Buffet tr\u01b0a l\u00e0 g\u00ec v\u00e0 gi\u1ea3i \u0111\u00e1p m\u1ecdi th\u1eafc m\u1eafc c\u1ee7a b\u1ea1n.<br \/>\nN<br \/>\nN<strong>L\u01b0u \u00fd: Mi\u1ec5n ph\u00ed cho tr\u1ebb em d\u01b0\u1edbi 3 tu\u1ed5i. Tr\u1ebb em t\u1eeb 4 \u0111\u1ebfn 10 tu\u1ed5i ch\u1ec9 ph\u1ea3i tr\u1ea3 m\u1ed9t n\u1eeda gi\u00e1.<\/strong><br \/>\nN<\/p>\n<h2 style=\"text-align: center;\"><strong>B\u1ec3 b\u01a1i n\u01b0\u1edbc kho\u00e1ng \u0111\u01b0\u1ee3c thi\u1ebft k\u1ebf &amp; x\u00e2y d\u1ef1ng ch\u00fa tr\u1ecdng \u0111\u1ebfn t\u1eebng chi ti\u1ebft v\u00e0 s\u1ef1 s\u00e1ng t\u1ea1o.<\/strong><\/h2>\n<p>N<strong>Th\u1eddi gian:<\/strong><br \/>\nN<br \/>\nn8:30 am &#8211; 5:00 pm<br \/>\nN<br \/>\nN&Nbsp;<br \/>\nN<\/p>\n<h4><em><strong>B\u1ea1n n\u00ean mang theo nh\u1eefng g\u00ec?<\/strong><\/em><\/h4>\n<p>N<\/p>\n<ul>\nN \t<\/p>\n<li>Camara<\/li>\n<p>N \t<\/p>\n<li>\u00a0ch\u1ed1ng th\u1ea5m<\/li>\n<p>N \t<\/p>\n<li>kem ch\u1ed1ng n\u1eafng<\/li>\n<p>N<\/ul>\n<p>N&Nbsp;<br \/>\nN<\/p>\n<h4><i>Chuy\u00ean ch\u1edf: <\/i><\/h4>\n<p>nTransport is not included.<br \/>\nN<br \/>\nN<b>L\u01b0u \u00fd: N\u1ebfu b\u1ea1n mu\u1ed1n chuy\u1ec3n kho\u1ea3n, vui l\u00f2ng li\u00ean h\u1ec7 v\u1edbi ch\u00fang t\u00f4i.<\/b><br \/>\nN<\/p>\n<h4><b><i>Ch\u00ednh s\u00e1ch h\u1ee7y ph\u00f2ng<\/i><\/b><\/h4>\n<p>\u0110\u1ec3 \u0111\u01b0\u1ee3c ho\u00e0n tr\u1ea3 \u0111\u1ea7y \u0111\u1ee7, vui l\u00f2ng \u0111\u1ecdc Ch\u00ednh s\u00e1ch h\u1ee7y c\u1ee7a ch\u00fang t\u00f4i \u1edf cu\u1ed1i trang web.<br \/>\nN<br \/>\nN\n<\/div>\n<p>N\n<\/p><\/div>\n<p>N\n<\/p><\/div>\n<p>N\n<\/p><\/div>\n<p>N\n<\/p><\/div>\n<p>N\n<\/p><\/div>\n<p>N<\/p>\n<div class=\"vc_row wpb_row vc_row-fluid\">\nN<\/p>\n<div class=\"wpb_column vc_column_container vc_col-sm-12\">\nN<\/p>\n<div class=\"vc_column-inner\">\nN<\/p>\n<div class=\"wpb_wrapper\">\nN<\/p>\n<div class=\"wpb_text_column wpb_content_element\">\nN<\/p>\n<div class=\"wpb_wrapper\">\nN<br \/>\nN&Nbsp;<br \/>\nN<\/p>\n<h3 style=\"text-align: center;\">B\u1ea1n c\u0169ng c\u00f3 th\u1ec3 t\u1eadn h\u01b0\u1edfng nhi\u1ec1u Ho\u1ea1t \u0111\u1ed9ng v\u00e0 Du ngo\u1ea1n v\u1edbi h\u01b0\u1edbng d\u1eabn vi\u00ean \u0110\u1ecba ph\u01b0\u01a1ng.<\/h3>\n<p>N<strong>Danh s\u00e1ch c\u00e1c ho\u1ea1t \u0111\u1ed9ng:<\/strong><br \/>\nnZip lining<br \/>\nnRock wall climbing<br \/>\nnHorseback riding<br \/>\nnGuided or self-guided hikes in the Los Haitises<br \/>\nnKayaking in the Los Haitises<br \/>\nnGuided boat tours into Los Haitises<br \/>\nnWhale watching (from Jan 15 &#8211; March 20)<br \/>\nnGuided Bird Watching<br \/>\nnCayo Levantado\/Bacardi island<br \/>\nnWildlife and Nature<br \/>\nnWaterfalls El Limon, Samana<br \/>\nN<br \/>\nN<strong>\u0110\u1ec3 bi\u1ebft th\u00eam th\u00f4ng tin v\u1ec1 c\u00e1c ho\u1ea1t \u0111\u1ed9ng v\u00e0 du ngo\u1ea1n, xin vui l\u00f2ng li\u00ean h\u1ec7 v\u1edbi ch\u00fang t\u00f4i. B\u1ea1n c\u0169ng c\u00f3 th\u1ec3 <a href=\"http:\/\/haitises.com\/\" rel=\"noopener\">\u0110\u1eb7t \u1edf \u0111\u00e2y.<\/a><\/strong><br \/>\nN<\/p>\n<h4><b><i>Ch\u00ednh s\u00e1ch h\u1ee7y<\/i><\/b><\/h4>\n<p>n\u0110\u1ec3 \u0111\u01b0\u1ee3c ho\u00e0n l\u1ea1i to\u00e0n b\u1ed9 s\u1ed1 ti\u1ec1n, vui l\u00f2ng \u0111\u1ecdc ch\u00ednh s\u00e1ch H\u1ee7y c\u1ee7a ch\u00fang t\u00f4i\u00a0<a href=\"https:\/\/www.boattoursamana.com\/vi\/dat-phong-truc-tuyen\/\" target=\"_blank\" rel=\"noopener\" data-saferedirecturl=\"https:\/\/www.google.com\/url?q=https:\/\/www.boattoursamana.com\/online-booking\/&amp;source=gmail&amp;ust=1672449202351000&amp;usg=AOvVaw1yAeVAPktmaVCqDujgUn90\">B\u1ea5m v\u00e0o \u0111\u00e2y<\/a>. Ti\u1ec1n s\u1ebd b\u1ecb m\u1ea5t n\u1ebfu \u0111\u1eb7t ch\u1ed7 b\u1ecb h\u1ee7y trong c\u00f9ng ng\u00e0y c\u1ee7a chuy\u1ebfn \u0111i.<br \/>\nN<br \/>\nN<\/div>\n<p>N\n<\/p><\/div>\n<p>N\n<\/p><\/div>\n<p>N\n<\/p><\/div>\n<p>N\n<\/p><\/div>\n<p>N\n<\/p><\/div>\n<p>N<\/p>\n\n\t\t<\/div>\n\t<\/div>\n<\/div><\/div><\/div><\/div><div class=\"vc_row wpb_row vc_row-fluid\" ><div class=\"wpb_column vc_column_container vc_col-sm-12\"><div class=\"vc_column-inner\"><div class=\"wpb_wrapper\"><div class=\"vc_btn3-container vc_btn3-inline\" ><button class=\"vc_general vc_btn3 vc_btn3-size-md vc_btn3-shape-rounded vc_btn3-style-modern vc_btn3-color-green\">\u0110\u0102\u0323T B\u00c2Y GI\u1edc<\/button><\/div><\/div><\/div><\/div><\/div>","protected":false},"excerpt":{"rendered":"<p>Buy a Day Pass Ticket Natural Swimming Pools at Ca\u00f1o Hondo Hotel in the Los Haitises National Park, Sabana de la Mar. Lunch is included. n nFor more information, please contact us. &nbsp;<\/p>","protected":false},"author":2,"featured_media":0,"parent":0,"menu_order":0,"comment_status":"open","ping_status":"closed","template":"","meta":{"footnotes":""},"class_list":["post-15765","page","type-page","status-publish","hentry"],"_links":{"self":[{"href":"https:\/\/www.boattoursamana.com\/vi\/wp-json\/wp\/v2\/pages\/15765","targetHints":{"allow":["GET"]}}],"collection":[{"href":"https:\/\/www.boattoursamana.com\/vi\/wp-json\/wp\/v2\/pages"}],"about":[{"href":"https:\/\/www.boattoursamana.com\/vi\/wp-json\/wp\/v2\/types\/page"}],"author":[{"embeddable":true,"href":"https:\/\/www.boattoursamana.com\/vi\/wp-json\/wp\/v2\/users\/2"}],"replies":[{"embeddable":true,"href":"https:\/\/www.boattoursamana.com\/vi\/wp-json\/wp\/v2\/comments?post=15765"}],"version-history":[{"count":0,"href":"https:\/\/www.boattoursamana.com\/vi\/wp-json\/wp\/v2\/pages\/15765\/revisions"}],"wp:attachment":[{"href":"https:\/\/www.boattoursamana.com\/vi\/wp-json\/wp\/v2\/media?parent=15765"}],"curies":[{"name":"wp","href":"https:\/\/api.w.org\/{rel}","templated":true}]}}