{"id":15767,"date":"2023-07-15T07:43:13","date_gmt":"2023-07-15T07:43:13","guid":{"rendered":"https:\/\/www.ticketswhales.com\/media-luna-miches-half-moon-natural-pool-half-day-pass-and-snorkeling\/"},"modified":"2023-07-15T07:43:13","modified_gmt":"2023-07-15T07:43:13","slug":"media-luna-miches-half-moon-natural-pool-half-day-pass-and-snorkeling","status":"publish","type":"page","link":"https:\/\/www.boattoursamana.com\/vi\/media-luna-miches-nua-trang-be-ho-tu-nhien-nua-ngay-vuot-qua-va-lan-voi-ong-tho-2","title":{"rendered":"V\u00e9 h\u1ed3 b\u01a1i t\u1ef1 nhi\u00ean Media Luna Miches (Half-Moon) N\u1eeda ng\u00e0y v\u00e0 L\u1eb7n bi\u1ec3n"},"content":{"rendered":"<p><span style=\"vertical-align: inherit;\"><span style=\"vertical-align: inherit;\">Media Luna Miches (Media Luna) Pase de medio ng\u00e0y v\u00e0 \u1ed1ng th\u1edf trong piscina t\u1ef1 nhi\u00ean. <\/span><span style=\"vertical-align: inherit;\">Visitar la bah\u00eda de Saman\u00e1 desde Miches con lugare\u00f1os y nadar en el medio de la bah\u00eda de Saman\u00e1. <\/span><span style=\"vertical-align: inherit;\">Peque\u00f1as c\u00e1c khu v\u1ef1c r\u1ea1n san h\u00f4 \u0111\u1ec3 kh\u00e1m ph\u00e1 v\u00e0 l\u1eb7n b\u1eb1ng \u1ed1ng th\u1edf. <\/span><span style=\"vertical-align: inherit;\">Media Luna es una Nueva Atracci\u00f3n en Rep\u00fablica Dominicana.<\/span><\/span><br \/>\nN<br \/>\nN<em><strong><span style=\"vertical-align: inherit;\"><span style=\"vertical-align: inherit;\">Ch\u1ecdn la fecha del Tour:<\/span><\/span><\/strong><\/em><\/p>\n<p>&nbsp;<\/p>\n<div class=\"vc_row wpb_row vc_row-fluid\" ><div class=\"wpb_column vc_column_container vc_col-sm-12\"><div class=\"vc_column-inner\"><div class=\"wpb_wrapper\"><div class=\"mkdf-section-title-holder\" style=\"text-align: left\">\n\t<div class=\"mkdf-st-inner\">\n\t\t\t\t\t<h5 class=\"mkdf-st-subtitle\" >\n\t\t\t\tV\u00e9 N\u1eeda Ng\u00e0y L\u1eb7n \u1ed0ng Th\u1edf &amp; B\u01a1i T\u1ea1i H\u1ed3 B\u01a1i T\u1ef1 Nhi\u00ean\t\t\t<\/h5>\n\t\t\t\t\t\t\t<h3 class=\"mkdf-st-title\" >\n\t\t\t\tTruy\u1ec1n th\u00f4ng Luna Miches (N\u1eeda v\u1ea7ng tr\u0103ng)\t\t\t<\/h3>\n\t\t\t\t\t<\/div>\n<\/div><\/div><\/div><\/div><\/div><div class=\"vc_row wpb_row vc_row-fluid\" ><div class=\"wpb_column vc_column_container vc_col-sm-12\"><div class=\"vc_column-inner\"><div class=\"wpb_wrapper\"><div class=\"vc_empty_space\"   style=\"height: 32px\"><span class=\"vc_empty_space_inner\"><\/span><\/div><\/div><\/div><\/div><\/div><div class=\"vc_row wpb_row vc_row-fluid\" ><div class=\"wpb_column vc_column_container vc_col-sm-12\"><div class=\"vc_column-inner\"><div class=\"wpb_wrapper\"><div class=\"vc_btn3-container vc_btn3-inline\" ><button class=\"vc_general vc_btn3 vc_btn3-size-md vc_btn3-shape-rounded vc_btn3-style-modern vc_btn3-color-green\">\u0110\u0102\u0323T B\u00c2Y GI\u1edc<\/button><\/div>\n\t<div class=\"wpb_text_column wpb_content_element\" >\n\t\t<div class=\"wpb_wrapper\">\n\t\t\t<p>\nN<\/p>\n<h4><b><i>T\u1ed5ng quan <\/i><\/b><\/h4>\n<p>N<span style=\"font-weight: 400;\">N\u1ebfu b\u1ea1n \u0111ang \u1edf \u0111\u00e2y ho\u1eb7c \u0111ang c\u00f3 k\u1ebf ho\u1ea1ch \u0111\u1ebfn C\u1ed9ng h\u00f2a Dominica, b\u1ea1n kh\u00f4ng n\u00ean b\u1ecf qua vi\u1ec7c gh\u00e9 th\u0103m \u0111\u1ecba \u0111i\u1ec3m tuy\u1ec7t v\u1eddi &#039;&#039;Half Moon&#039;&#039; (Media Luna) c\u00f3 bao g\u1ed3m b\u1eefa tr\u01b0a, \u0111\u00e2y l\u00e0 m\u1ed9t h\u1ed3 b\u01a1i t\u1ef1 nhi\u00ean qu\u00fd gi\u00e1 b\u00ean trong \u0111\u1ea1i d\u01b0\u01a1ng \u0111\u01b0\u1ee3c trang tr\u00ed b\u1edfi c\u00e1c r\u1ea1n san h\u00f4 , san h\u00f4 v\u00e0 c\u00e1t tr\u1eafng. <\/span><br \/>\nN<br \/>\nN<span style=\"font-weight: 400;\">\u0110\u00e2y l\u00e0 n\u01a1i ch\u00fang ta c\u00f3 th\u1ec3 th\u1ecfa s\u1ee9c b\u01a1i l\u1ed9i, ng\u1eafm c\u1ea3nh v\u00e0 ch\u1ee5p \u1ea3nh d\u01b0\u1edbi n\u01b0\u1edbc. N\u00f3 \u0111\u01b0\u1ee3c ph\u00e9p ch\u1ee5p \u1ea3nh v\u1edbi ho\u1eb7c v\u1edbi nh\u1eefng con sao bi\u1ec3n trong m\u00f4i tr\u01b0\u1eddng s\u1ed1ng t\u1ef1 nhi\u00ean c\u1ee7a ch\u00fang.<\/span><br \/>\nN<br \/>\nN&Nbsp;<br \/>\nN<\/p>\n<ul>\nN \t<\/p>\n<li>Thuy\u1ec1n \u0111\u01b0a \u0111\u00f3n \u0111\u1ebfn Media Luna<\/li>\n<p>N \t<\/p>\n<li style=\"font-weight: 400;\"><span style=\"font-weight: 400;\">Thuy\u1ec1n tr\u01b0\u1edfng cung c\u1ea5p h\u01b0\u1edbng d\u1eabn v\u00e0 gi\u00e1m s\u00e1t<\/span><\/li>\n<p>N<\/ul>\n<p>N&Nbsp;<br \/>\nN<\/p>\n<h4><b>Bao g\u1ed3m &amp; Lo\u1ea1i tr\u1eeb<\/b><\/h4>\n<p>N&Nbsp;<br \/>\nN<br \/>\nN<b>bao g\u1ed3m<\/b><br \/>\nN<\/p>\n<ol>\nN \t<\/p>\n<li style=\"font-weight: 400;\"><span style=\"font-weight: 400;\">T\u1ea5t c\u1ea3 c\u00e1c lo\u1ea1i thu\u1ebf, ph\u00ed v\u00e0 l\u1ec7 ph\u00ed x\u1eed l\u00fd<\/span><\/li>\n<p>N \t<\/p>\n<li style=\"font-weight: 400;\"><span style=\"font-weight: 400;\">Thu\u1ebf \u0111\u1ecba ph\u01b0\u01a1ng<\/span><\/li>\n<p>N \t<\/p>\n<li style=\"font-weight: 400;\"><span style=\"font-weight: 400;\">n\u01b0\u1edbc gi\u1ea3i kh\u00e1t<\/span><\/li>\n<p>N<\/ol>\n<p>N<b> lo\u1ea1i tr\u1eeb<\/b><br \/>\nN<\/p>\n<ol>\nN \t<\/p>\n<li style=\"font-weight: 400;\"><span style=\"font-weight: 400;\">ti\u1ec1n th\u01b0\u1edfng<\/span><\/li>\n<p>N \t<\/p>\n<li style=\"font-weight: 400;\"><span style=\"font-weight: 400;\">chuy\u1ec3n xe<\/span><\/li>\n<p>N \t<\/p>\n<li>B\u1eefa tr\u01b0a<\/li>\n<p>N \t<\/p>\n<li style=\"font-weight: 400;\"><span style=\"font-weight: 400;\">\u0110\u1ed3 u\u1ed1ng c\u00f3 c\u1ed3n<\/span><\/li>\n<p>N \t<\/p>\n<li>H\u01b0\u1edbng d\u1eabn \u0111\u1ecba ph\u01b0\u01a1ng<\/li>\n<p>N<\/ol>\n<p>N&Nbsp;<br \/>\nN<\/p>\n<h4><em><strong>Kh\u1edfi h\u00e0nh &amp; Tr\u1edf v\u1ec1<\/strong><\/em><\/h4>\n<p>N<span style=\"font-weight: 400;\">Kh\u00e1ch du l\u1ecbch s\u1ebd nh\u1eadn \u0111\u01b0\u1ee3c m\u1ed9t \u0111i\u1ec3m g\u1eb7p g\u1ee1 sau Quy tr\u00ecnh \u0111\u1eb7t ch\u1ed7. C\u00e1c chuy\u1ebfn tham quan b\u1eaft \u0111\u1ea7u v\u00e0 k\u1ebft th\u00fac t\u1ea1i c\u00e1c \u0111i\u1ec3m g\u1eb7p g\u1ee1 c\u1ee7a ch\u00fang t\u00f4i.<\/span><br \/>\nN<br \/>\nN&Nbsp;<br \/>\nN<\/p>\n<h3>V\u00e9 h\u1ed3 b\u01a1i t\u1ef1 nhi\u00ean Media Luna Miches (Half-Moon) N\u1eeda ng\u00e0y v\u00e0 L\u1eb7n bi\u1ec3n<\/h3>\n<p>N<\/p>\n<h4><b><i>Mong \u0111\u1ee3i \u0111i\u1ec1u g\u00ec?<\/i><\/b><\/h4>\n<p>N&Nbsp;<br \/>\nN<br \/>\nH\u00e3y \u0111\u1ec3 d\u00e0nh v\u00e9 c\u1ee7a b\u1ea1n \u0111\u1ec3 \u0111\u1ebfn v\u1edbi ch\u00fang t\u00f4i v\u00e0 gh\u00e9 th\u0103m Half Moon v\u00e0 th\u01b0\u1edfng th\u1ee9c b\u1eefa tr\u01b0a \u0111\u1eb7c tr\u01b0ng trong c\u1ed9ng \u0111\u1ed3ng Miches. Chuy\u1ebfn du ngo\u1ea1n n\u00e0y kh\u1edfi h\u00e0nh t\u1eeb Miches, cho ph\u00e9p c\u1ea7u c\u1ea3ng \u0111i v\u1ec1 ph\u00eda t\u00e2y, t\u1eeb \u0111\u00f3 ch\u00fang t\u00f4i l\u00ean nh\u1eefng chi\u1ebfc catamaran v\u00e0 t\u00e0u cao t\u1ed1c hi\u1ec7n \u0111\u1ea1i, nh\u1eefng ph\u01b0\u01a1ng ti\u1ec7n c\u00f3 ph\u01b0\u01a1ng ti\u1ec7n giao th\u00f4ng \u0111\u01b0\u1ee3c ph\u00e9p ho\u1ea1t \u0111\u1ed9ng trong khu du l\u1ecbch. \u0110\u1ec3 \u0111\u1ebfn h\u1ed1 ch\u00ednh, b\u1ea1n ph\u1ea3i \u0111i b\u1ed9 qua m\u1ed9t m\u00ea cung n\u01b0\u1edbc, xung quanh l\u00e0 nh\u1eefng b\u00e3i c\u00e1t.<br \/>\nN<br \/>\nKh\u00f4ng ai c\u00f3 th\u1ec3 tr\u1ed1n tho\u00e1t sau khi bi\u1ebft ngu\u1ed3n n\u01b0\u1edbc n\u00e0y v\u1edbi \u0111i\u1ec3m thu h\u00fat kh\u00e1ch du l\u1ecbch \u1edf Miches, v\u00ec \u0111\u00e2y l\u00e0 n\u01a1i duy nh\u1ea5t trong khu v\u1ef1c, n\u01a1i kh\u00e1ch du l\u1ecbch v\u00e0 kh\u00e1ch du l\u1ecbch c\u00f3 th\u1ec3 th\u01b0\u1edfng th\u1ee9c v\u00e0 va v\u00e0o nh\u1eefng con sao v\u00e0 c\u00e1 c\u00f3 k\u00edch th\u01b0\u1edbc \u0111\u00e1ng k\u1ec3. \u0110\u00f3 l\u00e0 n\u01a1i m\u1ef1c n\u01b0\u1edbc ph\u1ee5 thu\u1ed9c v\u00e0o ch\u00e2n tr\u1eddi c\u1ee7a th\u1ee7y tri\u1ec1u ho\u1eb7c d\u00f2ng h\u1ea3i l\u01b0u, khi l\u00ean cao th\u00ec s\u00e2u h\u01a1n v\u00e0 khi xu\u1ed1ng th\u1ea5p th\u00ec d\u00f2ng ch\u1ea3y c\u1ee7a v\u0169ng gi\u1ea3m \u0111i. B\u1ecb che khu\u1ea5t v\u00e0 c\u00f3 l\u1ed1i \u0111i g\u1ea7n bi\u1ec3n, khi\u1ebfn n\u01a1i \u0111\u00e2y tr\u1edf th\u00e0nh m\u1ed9t n\u01a1i huy\u1ec1n di\u1ec7u v\u00e0 nguy\u00ean s\u01a1, khi\u1ebfn nh\u1eefng ai \u0111\u1ebfn th\u0103m kh\u00f4ng mu\u1ed1n r\u1eddi \u0111i. N\u01a1i \u0111\u00e2y kh\u00f4ng c\u00f3 c\u00e2y c\u1ed1i che n\u1eafng, nh\u01b0ng n\u01b0\u1edbc l\u1ea1i l\u1ea1nh gi\u00e1 b\u1edfi nh\u1eefng c\u01a1n gi\u00f3 m\u1eadu d\u1ecbch l\u1ed3ng l\u1ed9ng hay lay \u0111\u1ed9ng trong v\u00f9ng. C\u00f3 th\u1ec3 t\u00f3m t\u1eaft r\u1eb1ng n\u00f3 l\u00e0 m\u1ed9t \u0111\u1ea7m ph\u00e1 t\u1ef1 nhi\u00ean \u1edf \u0110\u1ea1i T\u00e2y D\u01b0\u01a1ng, s\u1edf d\u0129 c\u00f3 t\u00ean nh\u01b0 v\u1eady v\u00ec h\u00ecnh \u1ea3nh \u0111\u01b0\u1ee3c quan s\u00e1t t\u1eeb tr\u00ean cao gi\u1ed1ng nh\u01b0 m\u1ed9t l\u01b0\u1ee1i li\u1ec1m.<br \/>\nN<br \/>\nNg\u01b0\u1eddi d\u00e2n \u0111\u1ecba ph\u01b0\u01a1ng c\u00f2n g\u1ecdi n\u00f3 l\u00e0 Cayo de la Media Luna, \u0111\u01b0\u1ee3c h\u00ecnh th\u00e0nh b\u1edfi c\u00e1c r\u1ea1n san h\u00f4 v\u00e0 c\u00e1t tr\u1eafng, n\u01b0\u1edbc k\u1ebft tinh r\u1ea3i r\u00e1c kh\u1eafp n\u01a1i \u0111\u1ec3 ph\u00e1 s\u00f3ng t\u1ef1 nhi\u00ean, l\u00e0m d\u1ecbu v\u00f9ng n\u01b0\u1edbc c\u1ee7a n\u00f3. Khi th\u1ee7y tri\u1ec1u \u1ed5n \u0111\u1ecbnh, \u0111\u1ed9 s\u00e2u c\u1ee7a n\u00f3 kh\u00f4ng qu\u00e1 ba feet, khi\u1ebfn tr\u1ebb em v\u00e0 ng\u01b0\u1eddi l\u1edbn th\u00edch th\u00fa v\u1edbi v\u00f9ng n\u01b0\u1edbc m\u1eb7n thi\u00ean \u0111\u01b0\u1eddng n\u00e0y.<br \/>\nN<br \/>\nN<strong>Th\u1eddi gian bi\u1ec3u:<\/strong><br \/>\nN<br \/>\nl\u00fac 8:45 s\u00e1ng \u2013 1:30 chi\u1ec1u<br \/>\nN<br \/>\nN&Nbsp;<br \/>\nN<\/p>\n<h4><em><strong>B\u1ea1n n\u00ean mang theo nh\u1eefng g\u00ec?<\/strong><\/em><\/h4>\n<p>N<\/p>\n<ul>\nN \t<\/p>\n<li style=\"font-weight: 400;\"><span style=\"font-weight: 400;\">M\u00e1y \u1ea3nh<\/span><\/li>\n<p>N \t<\/p>\n<li style=\"font-weight: 400;\"><span style=\"font-weight: 400;\">ch\u1ed3i \u0111u\u1ed5i<\/span><\/li>\n<p>N \t<\/p>\n<li style=\"font-weight: 400;\"><span style=\"font-weight: 400;\">kem ch\u1ed1ng n\u1eafng<\/span><\/li>\n<p>N \t<\/p>\n<li style=\"font-weight: 400;\"><span style=\"font-weight: 400;\">m\u0169<\/span><\/li>\n<p>N \t<\/p>\n<li style=\"font-weight: 400;\"><span style=\"font-weight: 400;\">qu\u1ea7n tho\u1ea3i m\u00e1i<\/span><\/li>\n<p>N \t<\/p>\n<li style=\"font-weight: 400;\"><span style=\"font-weight: 400;\">Gi\u00e0y leo n\u00fai \u0111i r\u1eebng<\/span><\/li>\n<p>N \t<\/p>\n<li style=\"font-weight: 400;\"><span style=\"font-weight: 400;\">Sandal \u0111i bi\u1ec3n<\/span><\/li>\n<p>N \t<\/p>\n<li style=\"font-weight: 400;\"><span style=\"font-weight: 400;\">\u0111\u1ed3 b\u01a1i<\/span><\/li>\n<p>N \t<\/p>\n<li>Ti\u1ec1n m\u1eb7t cho qu\u00e0 l\u01b0u ni\u1ec7m<\/li>\n<p>N<\/ul>\n<p>N&Nbsp;<br \/>\nN<\/p>\n<h4><b><i>\u0110\u00f3n kh\u00e1ch s\u1ea1n <\/i><\/b><\/h4>\n<p>N<span style=\"font-weight: 400;\">\u0110\u00f3n kh\u00e1ch s\u1ea1n kh\u00f4ng \u0111\u01b0\u1ee3c cung c\u1ea5p cho tour du l\u1ecbch n\u00e0y. <\/span><br \/>\nN<br \/>\nN&Nbsp;<br \/>\nN<br \/>\nN<b>Ghi ch\u00fa:<\/b><span style=\"font-weight: 400;\"> n\u1ebfu b\u1ea1n \u0111\u1eb7t ch\u1ed7 trong v\u00f2ng 24 gi\u1edd k\u1ec3 t\u1eeb gi\u1edd kh\u1edfi h\u00e0nh chuy\u1ebfn tham quan\/Chuy\u1ebfn tham quan, ch\u00fang t\u00f4i c\u00f3 th\u1ec3 s\u1eafp x\u1ebfp d\u1ecbch v\u1ee5 \u0111\u00f3n kh\u00e1ch t\u1ea1i kh\u00e1ch s\u1ea1n v\u1edbi m\u1ed9t kho\u1ea3n ph\u1ee5 ph\u00ed. Sau khi giao d\u1ecbch mua c\u1ee7a b\u1ea1n ho\u00e0n t\u1ea5t, ch\u00fang t\u00f4i s\u1ebd g\u1eedi cho b\u1ea1n th\u00f4ng tin li\u00ean h\u1ec7 \u0111\u1ea7y \u0111\u1ee7 (s\u1ed1 \u0111i\u1ec7n tho\u1ea1i, \u0111\u1ecba ch\u1ec9 email, v.v.) \u0111\u1ec3 H\u01b0\u1edbng d\u1eabn vi\u00ean du l\u1ecbch \u0111\u1ecba ph\u01b0\u01a1ng c\u1ee7a ch\u00fang t\u00f4i s\u1eafp x\u1ebfp vi\u1ec7c \u0111\u00f3n kh\u00e1ch.<\/span><br \/>\nN<\/p>\n<h4><b><i>X\u00e1c nh\u1eadn th\u00f4ng tin b\u1ed5 sung <\/i><\/b><\/h4>\n<p>N<\/p>\n<ol>\nN \t<\/p>\n<li>V\u00e9 l\u00e0 Bi\u00ean lai sau khi thanh to\u00e1n Tour n\u00e0y. B\u1ea1n c\u00f3 th\u1ec3 hi\u1ec3n th\u1ecb thanh to\u00e1n tr\u00ean \u0111i\u1ec7n tho\u1ea1i c\u1ee7a m\u00ecnh.<\/li>\n<p>N \t<\/p>\n<li style=\"font-weight: 400;\"><span style=\"font-weight: 400;\">\u0110i\u1ec3m h\u1eb9n s\u1ebd nh\u1eadn \u0111\u01b0\u1ee3c sau qu\u00e1 tr\u00ecnh \u0111\u1eb7t ch\u1ed7.<\/span><\/li>\n<p>N \t<\/p>\n<li style=\"font-weight: 400;\"><span style=\"font-weight: 400;\">Tr\u1ebb em ph\u1ea3i \u0111i c\u00f9ng ng\u01b0\u1eddi l\u1edbn.<\/span><\/li>\n<p>N \t<\/p>\n<li style=\"font-weight: 400;\"><span style=\"font-weight: 400;\">Xe l\u0103n cho ng\u01b0\u1eddi khuy\u1ebft <\/span><\/li>\n<p>N \t<\/p>\n<li style=\"font-weight: 400;\"><span style=\"font-weight: 400;\">Tr\u1ebb s\u01a1 sinh ph\u1ea3i ng\u1ed3i tr\u00ean \u0111\u00f9i <\/span><\/li>\n<p>N \t<\/p>\n<li style=\"font-weight: 400;\"><span style=\"font-weight: 400;\">H\u1ea7u h\u1ebft du kh\u00e1ch c\u00f3 th\u1ec3 tham gia<\/span><\/li>\n<p>N<\/ol>\n<p>N<\/p>\n<h4><b><i>Ch\u00ednh s\u00e1ch h\u1ee7y<\/i><\/b><\/h4>\n<p>n\u0110\u1ec3 \u0111\u01b0\u1ee3c ho\u00e0n l\u1ea1i to\u00e0n b\u1ed9 s\u1ed1 ti\u1ec1n, vui l\u00f2ng \u0111\u1ecdc ch\u00ednh s\u00e1ch H\u1ee7y c\u1ee7a ch\u00fang t\u00f4i\u00a0<a href=\"https:\/\/www.boattoursamana.com\/vi\/dat-phong-truc-tuyen\/\" target=\"_blank\" rel=\"noopener\" data-saferedirecturl=\"https:\/\/www.google.com\/url?q=https:\/\/www.boattoursamana.com\/online-booking\/&amp;source=gmail&amp;ust=1672532492004000&amp;usg=AOvVaw3ylqI1cdbIPTimEqEWneyd\">B\u1ea5m v\u00e0o \u0111\u00e2y<\/a>. Ti\u1ec1n s\u1ebd b\u1ecb m\u1ea5t n\u1ebfu \u0111\u1eb7t ch\u1ed7 b\u1ecb h\u1ee7y trong c\u00f9ng ng\u00e0y c\u1ee7a chuy\u1ebfn \u0111i.<\/p>\n\n\t\t<\/div>\n\t<\/div>\n<\/div><\/div><\/div><\/div><div class=\"vc_row wpb_row vc_row-fluid\" ><\/div><div class=\"wpb_column vc_column_container vc_col-sm-12\"><div class=\"vc_column-inner\"><div class=\"wpb_wrapper\"><\/div><\/div><\/div><div class=\"vc_empty_space\"   style=\"height: 32px\"><span class=\"vc_empty_space_inner\"><\/span><\/div><div class=\"vc_empty_space\"   style=\"height: 32px\"><span class=\"vc_empty_space_inner\"><\/span><\/div><div class=\"vc_row wpb_row vc_row-fluid\" ><\/div><div class=\"wpb_column vc_column_container vc_col-sm-12\"><div class=\"vc_column-inner\"><div class=\"wpb_wrapper\"><\/div><\/div><\/div><div class=\"vc_row wpb_row vc_row-fluid\" ><div class=\"wpb_column vc_column_container vc_col-sm-12\"><div class=\"vc_column-inner\"><div class=\"wpb_wrapper\"><div class=\"vc_btn3-container vc_btn3-inline\" ><button class=\"vc_general vc_btn3 vc_btn3-size-md vc_btn3-shape-rounded vc_btn3-style-modern vc_btn3-color-green\">\u0110\u0102\u0323T B\u00c2Y GI\u1edc<\/button><\/div><\/div><\/div><\/div><\/div>","protected":false},"excerpt":{"rendered":"<p>Media Luna Miches (Media Luna) Pase de medio d\u00eda y snorkel en la piscina natural. Visitar la bah\u00eda de Saman\u00e1 desde Miches con lugare\u00f1os y nadar en el medio de la bah\u00eda de Saman\u00e1. Peque\u00f1as \u00e1reas de arrecifes de coral para explorar y hacer snorkel. Media Luna es una Nueva Atracci\u00f3n en Rep\u00fablica Dominicana. n nSeleccione la fecha del Tour: &nbsp;<\/p>","protected":false},"author":2,"featured_media":0,"parent":0,"menu_order":0,"comment_status":"open","ping_status":"closed","template":"","meta":{"footnotes":""},"class_list":["post-15767","page","type-page","status-publish","hentry"],"_links":{"self":[{"href":"https:\/\/www.boattoursamana.com\/vi\/wp-json\/wp\/v2\/pages\/15767","targetHints":{"allow":["GET"]}}],"collection":[{"href":"https:\/\/www.boattoursamana.com\/vi\/wp-json\/wp\/v2\/pages"}],"about":[{"href":"https:\/\/www.boattoursamana.com\/vi\/wp-json\/wp\/v2\/types\/page"}],"author":[{"embeddable":true,"href":"https:\/\/www.boattoursamana.com\/vi\/wp-json\/wp\/v2\/users\/2"}],"replies":[{"embeddable":true,"href":"https:\/\/www.boattoursamana.com\/vi\/wp-json\/wp\/v2\/comments?post=15767"}],"version-history":[{"count":0,"href":"https:\/\/www.boattoursamana.com\/vi\/wp-json\/wp\/v2\/pages\/15767\/revisions"}],"wp:attachment":[{"href":"https:\/\/www.boattoursamana.com\/vi\/wp-json\/wp\/v2\/media?parent=15767"}],"curies":[{"name":"wp","href":"https:\/\/api.w.org\/{rel}","templated":true}]}}