{"id":15772,"date":"2023-07-15T07:43:40","date_gmt":"2023-07-15T07:43:40","guid":{"rendered":"https:\/\/www.ticketswhales.com\/catalina-island-altos-de-chavon-from-punta-cana-snorkeling-with-catamaran-party\/"},"modified":"2023-07-15T07:43:40","modified_gmt":"2023-07-15T07:43:40","slug":"catalina-island-altos-de-chavon-from-punta-cana-snorkeling-with-catamaran-party","status":"publish","type":"page","link":"https:\/\/www.boattoursamana.com\/vi\/catalina-dao-altos-de-chavon-tu-punta-cana-lan-bien-voi-catamaran-tiec-2","title":{"rendered":"\u0110\u1ea3o Catalina &amp; Altos de Chavon T\u1eeb Punta Cana (L\u1eb7n bi\u1ec3n v\u1edbi Catamaran Party)"},"content":{"rendered":"<p>\u0110\u1ea3o Catalina nh\u1ecf b\u00e9 (Isla Catalina), ch\u1ec9 c\u00e1ch \u0111\u1ea5t li\u1ec1n C\u1ed9ng h\u00f2a Dominica 1,5 d\u1eb7m (2,4 km), l\u00e0 m\u1ed9t ch\u1ea5m c\u00e1t b\u00ecnh d\u1ecb trong v\u00f9ng bi\u1ec3n Caribe m\u00e0u ng\u1ecdc lam. \u0110\u01b0\u1ee3c bi\u1ebft \u0111\u1ebfn v\u1edbi c\u00e1c r\u1ea1n san h\u00f4 \u0111\u00f4ng d\u00e2n c\u01b0, Catalina l\u00e0 n\u01a1i ngh\u1ec9 ng\u01a1i y\u00ean b\u00ecnh cho nh\u1eefng ai mu\u1ed1n tho\u00e1t kh\u1ecfi Punta Cana v\u00e0 La Romana nh\u1ed9n nh\u1ecbp.<br \/>\nN<br \/>\nnBook a day trip with us. Catalina Island in a Party Catamaran with Snorkeling!<br \/>\nN<br \/>\nN&Nbsp;<br \/>\nN<br \/>\nnPlease Select the date for The Excursion:<\/p>\n<p>&nbsp;<\/p>\n<div class=\"vc_row wpb_row vc_row-fluid\" ><div class=\"wpb_column vc_column_container vc_col-sm-12\"><div class=\"vc_column-inner\"><div class=\"wpb_wrapper\"><div class=\"mkdf-section-title-holder\" style=\"text-align: left\">\n\t<div class=\"mkdf-st-inner\">\n\t\t\t\t\t<h5 class=\"mkdf-st-subtitle\" >\n\t\t\t\tTr\u1ea3i Nghi\u1ec7m N\u1eeda Ng\u00e0y\t\t\t<\/h5>\n\t\t\t\t\t\t\t<h3 class=\"mkdf-st-title\" >\n\t\t\t\t\u0110\u1ea3o Catalina v\u00e0 L\u1eb7n bi\u1ec3n v\u1edbi B\u1eefa ti\u1ec7c Catamaran T\u1eeb Punta Cana\t\t\t<\/h3>\n\t\t\t\t\t<\/div>\n<\/div><div class=\"vc_btn3-container vc_btn3-inline\" ><button class=\"vc_general vc_btn3 vc_btn3-size-md vc_btn3-shape-rounded vc_btn3-style-modern vc_btn3-color-green\">\u0110\u0102\u0323T B\u00c2Y GI\u1edc<\/button><\/div><\/div><\/div><\/div><\/div><div class=\"vc_row wpb_row vc_row-fluid\" ><div class=\"wpb_column vc_column_container vc_col-sm-12\"><div class=\"vc_column-inner\"><div class=\"wpb_wrapper\">\n\t<div class=\"wpb_text_column wpb_content_element\" >\n\t\t<div class=\"wpb_wrapper\">\n\t\t\t<p>\nN<\/p>\n<div class=\"vc_row wpb_row vc_row-fluid\">\nN<\/p>\n<div class=\"wpb_column vc_column_container vc_col-sm-12\">\nN<\/p>\n<div class=\"vc_column-inner\">\nN<\/p>\n<div class=\"wpb_wrapper\">\nN<\/p>\n<div class=\"wpb_text_column wpb_content_element\">\nN<\/p>\n<div class=\"wpb_wrapper\">\nN<\/p>\n<div class=\"vc_row wpb_row vc_row-fluid\">\nN<\/p>\n<div class=\"wpb_column vc_column_container vc_col-sm-12\">\nN<\/p>\n<div class=\"vc_column-inner\">\nN<\/p>\n<div class=\"wpb_wrapper\">\nN<\/p>\n<div class=\"wpb_text_column wpb_content_element\">\nN<\/p>\n<div class=\"wpb_wrapper\">\nN<\/p>\n<h4><b><i>T\u1ed5ng quan<\/i><\/b><\/h4>\n<p>Ch\u00fang t\u00f4i t\u1eadn h\u01b0\u1edfng chuy\u1ebfn tham quan b\u1eb1ng thuy\u1ec1n catamaran qua l\u00e0n n\u01b0\u1edbc trong v\u1eaft \u0111\u1ebfn \u0110\u1ea3o Catalina, khu v\u1ef1c n\u1ed5i ti\u1ebfng nh\u1ea5t \u0111\u1ec3 l\u1eb7n v\u1edbi \u1ed1ng th\u1edf \u1edf C\u1ed9ng h\u00f2a Dominica.<br \/>\nN<br \/>\nM\u1ed9t ng\u00e0y c\u1ee7a b\u1ea1n b\u1eaft \u0111\u1ea7u b\u1eb1ng vi\u1ec7c \u0111\u00f3n t\u1ea1i s\u1ea3nh ch\u00ednh c\u1ee7a kh\u00e1ch s\u1ea1n ho\u1eb7c \u0111i\u1ec3m t\u1eadp trung \u0111\u01b0\u1ee3c ch\u1ec9 \u0111\u1ecbnh. Sau \u0111\u00f3, ch\u00fang t\u00f4i s\u1ebd ti\u1ebfp t\u1ee5c \u0111\u1ebfn \u0110\u1ea3o Catalina \u0111\u1ec3 t\u1eadn h\u01b0\u1edfng b\u1ed3n t\u1eafm s\u1ea3ng kho\u00e1i v\u00e0 m\u1ed9t s\u1ed1 \u0111\u1ed3 u\u1ed1ng, trong khi b\u1ea5t k\u1ef3 ai c\u00f3 th\u1ec3 th\u1ef1c hi\u1ec7n 2 ki\u1ec3u Snorkel v\u1edbi ng\u01b0\u1eddi h\u01b0\u1edbng d\u1eabn v\u00e0 sau \u0111\u00f3 ch\u00fang t\u00f4i s\u1ebd \u0103n b\u1eefa tr\u01b0a t\u1ef1 ch\u1ecdn ngon mi\u1ec7ng tr\u00ean b\u00e3i bi\u1ec3n v\u00e0 ch\u00fang t\u00f4i s\u1ebd tham gia m\u1ed9t s\u1ed1 l\u1edbp h\u1ecdc v\u1ec1 Salsa v\u00e0 Bachata, \u0111\u1ed3ng th\u1eddi ch\u00fang t\u00f4i c\u0169ng pha ch\u1ebf m\u1ed9t s\u1ed1 \u0111\u1ed3 u\u1ed1ng ngon. Sau khi m\u1ec7t m\u1ecfi v\u00ec l\u01b0\u1eddi bi\u1ebfng tr\u00ean b\u00e3i bi\u1ec3n, h\u00e3y l\u1ea5y m\u1ed9t s\u1ed1 thi\u1ebft b\u1ecb l\u1eb7n v\u00e0 chi\u00eam ng\u01b0\u1ee1ng th\u1ebf gi\u1edbi d\u01b0\u1edbi n\u01b0\u1edbc c\u1ee7a Catalina.<br \/>\nN<br \/>\n\u0110\u1ea1i d\u01b0\u01a1ng trong v\u1eaft \u0111\u1ebfn kh\u00f3 tin v\u00e0 b\u00e3i c\u00e1t tr\u1eafng m\u1ecbn \u0111ang ch\u1edd \u0111\u00f3n b\u1ea1n. Th\u01b0 gi\u00e3n tr\u00ean gi\u01b0\u1eddng ph\u01a1i n\u1eafng ho\u1eb7c l\u1eb7n v\u1edbi \u1ed1ng th\u1edf \u0111\u1ec1u \u0111\u01b0\u1ee3c bao g\u1ed3m cho b\u1ea1n. B\u1ea1n s\u1ebd th\u00edch n\u01a1i b\u1ea1n s\u1ebd th\u1ea5y truy\u1ec1n th\u1ed1ng \u00e2m nh\u1ea1c v\u00e0 khi\u00eau v\u0169 c\u1ee7a ch\u00fang t\u00f4i.<br \/>\nN<br \/>\nSau \u0111\u00f3, ch\u00fang ta \u0111\u1ebfn Altos de Chavon Cattle and River!<br \/>\nN<br \/>\nN<strong>Ghi ch\u00fa:<\/strong> Chuy\u1ebfn tham quan n\u00e0y kh\u00f4ng ph\u1ea3i l\u00e0 Ri\u00eang t\u01b0. N\u1ebfu b\u1ea1n mu\u1ed1n \u0111\u1eb7t m\u1ed9t chuy\u1ebfn tham quan ri\u00eang, ch\u1ec9 c\u1ea7n li\u00ean h\u1ec7 v\u1edbi ch\u00fang t\u00f4i!<br \/>\nN<\/p>\n<ul>\nN \t<\/p>\n<li>\nN<\/p>\n<div class=\"py-1 inclusions-exclusions-item d-flex\" lang=\"en-x-mtfrom-en\">\nN<\/p>\n<div class=\"d-inline-block inclusions-exclusions-text\">giao th\u00f4ng c\u00e1 nh\u00e2n<\/div>\n<p>N\n<\/p><\/div>\n<\/li>\n<p>N \t<\/p>\n<li>B\u1ec3 b\u01a1i t\u1ef1 nhi\u00ean \u0111\u1ec3 ng\u1eafm sao bi\u1ec3n<\/li>\n<p>N \t<\/p>\n<li>L\u1eb7n v\u1edbi \u1ed1ng th\u1edf<\/li>\n<p>N \t<\/p>\n<li>B\u1eefa tr\u01b0a<\/li>\n<p>N \t<\/p>\n<li>Thuy\u1ec1n Catamaran<\/li>\n<p>N \t<\/p>\n<li>Thuy\u1ec1n tr\u01b0\u1edfng cung c\u1ea5p h\u01b0\u1edbng d\u1eabn v\u00e0 gi\u00e1m s\u00e1t<\/li>\n<p>N \t<\/p>\n<li>H\u01b0\u1edbng d\u1eabn vi\u00ean du l\u1ecbch<\/li>\n<p>N<\/ul>\n<p>N&Nbsp;<br \/>\nN<\/p>\n<h4><b>Bao g\u1ed3m &amp; Lo\u1ea1i tr\u1eeb<\/b><\/h4>\n<p>N<b>bao g\u1ed3m<\/b><br \/>\nN<\/p>\n<ol>\nN \t<\/p>\n<li>H\u01b0\u1edbng d\u1eabn vi\u00ean du l\u1ecbch<\/li>\n<p>N \t<\/p>\n<li>l\u1eb7n v\u1edbi \u1ed1ng th\u1edf<\/li>\n<p>N \t<\/p>\n<li>B\u1eefa tr\u01b0a<\/li>\n<p>N \t<\/p>\n<li>\u0110\u00f3n kh\u00e1ch t\u1ea1i kh\u00e1ch s\u1ea1n<\/li>\n<p>N \t<\/p>\n<li>Catamaran ho\u1eb7c chuy\u1ebfn \u0111i thuy\u1ec1n<\/li>\n<p>N \t<\/p>\n<li>T\u1ea5t c\u1ea3 c\u00e1c lo\u1ea1i thu\u1ebf, ph\u00ed v\u00e0 l\u1ec7 ph\u00ed x\u1eed l\u00fd<\/li>\n<p>N \t<\/p>\n<li>Thu\u1ebf \u0111\u1ecba ph\u01b0\u01a1ng<\/li>\n<p>N \t<\/p>\n<li>n\u01b0\u1edbc gi\u1ea3i kh\u00e1t<\/li>\n<p>N<\/ol>\n<p>N<b>lo\u1ea1i tr\u1eeb<\/b><br \/>\nN<\/p>\n<ol>\nN \t<\/p>\n<li>ti\u1ec1n th\u01b0\u1edfng<\/li>\n<p>N \t<\/p>\n<li>\u1ea3nh<\/li>\n<p>N<\/ol>\n<p>N<\/p>\n<h4><em><strong>Kh\u1edfi h\u00e0nh &amp; Tr\u1edf v\u1ec1<\/strong><\/em><\/h4>\n<p>Du kh\u00e1ch s\u1ebd c\u00f3 \u0111i\u1ec3m t\u1eadp trung sau qu\u00e1 tr\u00ecnh \u0111\u1eb7t ch\u1ed7. Chuy\u1ebfn tham quan b\u1eaft \u0111\u1ea7u v\u00e0 k\u1ebft th\u00fac t\u1ea1i \u0111i\u1ec3m h\u1eb9n c\u1ee7a ch\u00fang t\u00f4i.<br \/>\nN<\/p>\n<h3>\u0110\u1ea3o Catalina v\u00e0 L\u1eb7n bi\u1ec3n v\u1edbi b\u1eefa ti\u1ec7c Catamaran t\u1eeb Punta Cana - Tr\u1ea3i nghi\u1ec7m n\u1eeda ng\u00e0y.<\/h3>\n<p>N<\/p>\n<h4><b><i>Mong \u0111\u1ee3i \u0111i\u1ec1u g\u00ec?<\/i><\/b><\/h4>\n<p>nDuring the Catalina Island Excursion from Punta Cana, guests will have the opportunity to snorkel in the vibrant corals reefs at Catalina, swimming among lively school of fish enjoying the stunning Caribbean underwater fauna.<br \/>\nN<br \/>\nCh\u00fang t\u00f4i s\u1ebd b\u1eaft \u0111\u1ea7u chuy\u1ebfn l\u1eb7n bi\u1ec3n kh\u1edfi h\u00e0nh v\u00e0o bu\u1ed5i s\u00e1ng h\u01b0\u1edbng t\u1edbi La Romana. Trong chuy\u1ebfn \u0111i, ch\u00fang t\u00f4i s\u1ebd \u0111i ngang qua nh\u1eefng c\u00e1nh \u0111\u1ed3ng m\u00eda khi h\u01b0\u1edbng d\u1eabn vi\u00ean c\u1ee7a b\u1ea1n cung c\u1ea5p th\u00f4ng tin th\u00fa v\u1ecb v\u1ec1 l\u1ecbch s\u1eed c\u1ee7a khu v\u1ef1c, v\u0103n h\u00f3a n\u00f3i chung v\u00e0 k\u1ef9 thu\u1eadt l\u00e0m r\u01b0\u1ee3u rum c\u1ee7a \u0111\u1ea5t n\u01b0\u1edbc. Khi \u0111\u1ebfn La Romana, ch\u00fang t\u00f4i s\u1ebd l\u00ean Catamaran v\u00e0 kh\u1edfi h\u00e0nh v\u1ec1 ph\u00eda Catalina. \u0110i\u1ec3m d\u1eebng ch\u00e2n \u0111\u1ea7u ti\u00ean c\u1ee7a ch\u00fang t\u00f4i tr\u00ean \u0111\u1ea3o s\u1ebd l\u00e0 \u201cB\u1ee9c t\u01b0\u1eddng\u201d, m\u1ed9t b\u1ee9c t\u01b0\u1eddng san h\u00f4 h\u00f9ng v\u0129 k\u00e9o d\u00e0i t\u1eeb \u0110\u1ea3o \u0111\u1ebfn Bi\u1ec3n Ca-ri-b\u00ea.<br \/>\nN<br \/>\nSau khi l\u1eb7n v\u1edbi \u1ed1ng th\u1edf, b\u1ea1n s\u1ebd ti\u1ebfp t\u1ee5c con \u0111\u01b0\u1eddng \u0111\u1ebfn b\u00e3i bi\u1ec3n Catalina xinh \u0111\u1eb9p, m\u1ed9t n\u01a1i \u0111\u1ed9c quy\u1ec1n. Khi \u0111\u1ebfn n\u01a1i, du kh\u00e1ch s\u1ebd \u0111\u01b0\u1ee3c s\u1eed d\u1ee5ng b\u00e3i bi\u1ec3n c\u00e1t tr\u1eafng d\u00e0i 2 km v\u00e0 l\u00e0n n\u01b0\u1edbc trong v\u1eaft, qu\u1ea7y bar tr\u00ean b\u00e3i bi\u1ec3n v\u1edbi \u0111\u1ed3 u\u1ed1ng v\u00e0 b\u1eefa tr\u01b0a t\u1ef1 ch\u1ecdn ngon mi\u1ec7ng c\u1ee7a ng\u01b0\u1eddi Dominica v\u1edbi th\u1ecbt n\u01b0\u1edbng. Ch\u00fang t\u00f4i s\u1ebd l\u00ean catamaran v\u00e0o kho\u1ea3ng 3:30 chi\u1ec1u \u0111\u1ec3 tr\u1edf v\u1ec1 Punta Cana sau m\u1ed9t ng\u00e0y l\u1eb7n bi\u1ec3n v\u00e0 th\u01b0 gi\u00e3n tuy\u1ec7t v\u1eddi tr\u00ean \u0110\u1ea3o Catalina. \u0110\u1ea3o Trong chuy\u1ebfn tham quan \u0111\u1ea3o Catalina t\u1eeb Punta Cana, du kh\u00e1ch s\u1ebd c\u00f3 c\u01a1 h\u1ed9i l\u1eb7n trong c\u00e1c r\u1ea1n san h\u00f4 r\u1ef1c r\u1ee1 \u1edf Catalina, b\u01a1i l\u1ed9i gi\u1eefa \u0111\u00e0n c\u00e1 s\u1ed1ng \u0111\u1ed9ng th\u01b0\u1edfng th\u1ee9c h\u1ec7 \u0111\u1ed9ng v\u1eadt d\u01b0\u1edbi n\u01b0\u1edbc Caribe tuy\u1ec7t \u0111\u1eb9p.<br \/>\nN<br \/>\nnWe will begin the snorkeling excursion departing in the morning towards La Romana. During the drive we will pass by the sugar cane fields as your guide provides interesting information about the history of the area, general culture and rum making techniques of the country. Upon arrival to La Romana, we will board our Catamaran and depart towards Catalina.<br \/>\nN<br \/>\n\u0110i\u1ec3m d\u1eebng ch\u00e2n \u0111\u1ea7u ti\u00ean c\u1ee7a ch\u00fang t\u00f4i tr\u00ean \u0111\u1ea3o s\u1ebd l\u00e0 \u201cB\u1ee9c t\u01b0\u1eddng\u201d, m\u1ed9t b\u1ee9c t\u01b0\u1eddng san h\u00f4 h\u00f9ng v\u0129 k\u00e9o d\u00e0i t\u1eeb \u0110\u1ea3o \u0111\u1ebfn Bi\u1ec3n Ca-ri-b\u00ea. Sau khi l\u1eb7n v\u1edbi \u1ed1ng th\u1edf, b\u1ea1n s\u1ebd ti\u1ebfp t\u1ee5c con \u0111\u01b0\u1eddng \u0111\u1ebfn b\u00e3i bi\u1ec3n Catalina xinh \u0111\u1eb9p, m\u1ed9t n\u01a1i \u0111\u1ed9c quy\u1ec1n. Khi \u0111\u1ebfn n\u01a1i, du kh\u00e1ch s\u1ebd \u0111\u01b0\u1ee3c s\u1eed d\u1ee5ng b\u00e3i bi\u1ec3n c\u00e1t tr\u1eafng d\u00e0i 2 km v\u00e0 l\u00e0n n\u01b0\u1edbc trong v\u1eaft, qu\u1ea7y bar tr\u00ean b\u00e3i bi\u1ec3n v\u1edbi \u0111\u1ed3 u\u1ed1ng v\u00e0 b\u1eefa tr\u01b0a t\u1ef1 ch\u1ecdn ngon mi\u1ec7ng c\u1ee7a ng\u01b0\u1eddi Dominica v\u1edbi th\u1ecbt n\u01b0\u1edbng. Ch\u00fang t\u00f4i s\u1ebd l\u00ean catamaran v\u00e0o kho\u1ea3ng 3:30 chi\u1ec1u \u0111\u1ec3 tr\u1edf v\u1ec1 Punta Cana sau m\u1ed9t ng\u00e0y l\u1eb7n bi\u1ec3n v\u00e0 th\u01b0 gi\u00e3n tuy\u1ec7t v\u1eddi tr\u00ean \u0110\u1ea3o Catalina.<br \/>\nN<\/p>\n<div class=\"a-text--first-content _for-copy-large l-hide-for-large\">\nN<br \/>\nnLet the<strong>\u00a0Thi\u00ean \u0111\u01b0\u1eddng Caribbean c\u1ee7a \u0111\u1ea3o Catalina quy\u1ebfn r\u0169 b\u1ea1n\u00a0<\/strong>v\u00e0 kh\u00e1m ph\u00e1 nh\u1eefng b\u1ee9c tranh \u0111\u1eb9p nh\u01b0 tranh v\u1ebd\u00a0<strong>Altos de Chavon<\/strong>\u00a0trong chuy\u1ebfn \u0111i trong ng\u00e0y kh\u00f4ng th\u1ec3 b\u1ecf l\u1ee1 n\u00e0y t\u1eeb La Romana.<br \/>\nN<br \/>\nN<\/div>\n<p>N<\/p>\n<div id=\"o-slider--activity-detail__container\" class=\"o-slider js-module-slider is-photos\"><\/div>\n<p>N<\/p>\n<div id=\"l-768-calendar-anchor\"><\/div>\n<p>N<\/p>\n<div id=\"new-fading-text\" class=\"new-fading-text _loaded u-no-before show-hidden-elements\">\nN<\/p>\n<div class=\"o-activity-description\">\nN<\/p>\n<h2>Chuy\u1ebfn \u0110i Trong Ng\u00e0y \u0110\u1ea3o Catalina &amp; Altos de Chav\u00f3n<\/h2>\n<p>\u0110\u01b0\u1ee3c \u0111\u00f3n t\u1eeb kh\u00e1ch s\u1ea1n c\u1ee7a b\u1ea1n v\u00e0o bu\u1ed5i s\u00e1ng, b\u1ea1n s\u1ebd b\u1eaft \u0111\u1ea7u cu\u1ed9c phi\u00eau l\u01b0u c\u1ee7a m\u00ecnh, \u0111i\u1ec3m d\u1eebng ch\u00e2n \u0111\u1ea7u ti\u00ean c\u1ee7a b\u1ea1n \u1edf\u00a0<strong>Altos de Chavon<\/strong>. B\u1ea1n s\u1ebd c\u00f3 40 ph\u00fat \u0111\u1ec3 kh\u00e1m ph\u00e1 \u0111i\u1ec1u n\u00e0y<strong>\u00a0gi\u1ea3i tr\u00ed tuy\u1ec7t \u0111\u1eb9p c\u1ee7a m\u1ed9t ng\u00f4i l\u00e0ng ki\u1ec3u \u0110\u1ecba Trung H\u1ea3i<\/strong>\u00a0v\u00e0 chi\u00eam ng\u01b0\u1ee1ng quang c\u1ea3nh S\u00f4ng Chav\u00f3n ch\u1ea3y b\u00ean c\u1ea1nh. Th\u1ef1c s\u1ef1 m\u00ea ho\u1eb7c!<br \/>\nN<\/p>\n<p class=\"new-fading-text__hidden-element\">Ti\u1ebfp t\u1ee5c chuy\u1ebfn tham quan c\u1ee7a b\u1ea1n, b\u1ea1n s\u1ebd \u0111\u01b0\u1ee3c \u0111\u01b0a \u0111\u1ebfn m\u1ed9t b\u1ebfn t\u00e0u tr\u00ean\u00a0<strong>S\u00f4ng Salado\u00a0<\/strong>b\u1ea1n \u1edf \u0111\u00e2u\u00a0<strong>catamaran\u00a0<\/strong>s\u1ebd \u0111\u1ee3i b\u1ea1n dong bu\u1ed3m \u0111\u1ebfn Isla Catalina. Trong h\u00e0nh tr\u00ecnh k\u00e9o d\u00e0i kho\u1ea3ng 40 ph\u00fat, b\u1ea1n s\u1ebd th\u01b0\u1edfng th\u1ee9c \u0111\u1ed3 u\u1ed1ng tr\u00ean t\u00e0u trong khi chi\u00eam ng\u01b0\u1ee1ng\u00a0<strong>m\u00e0u xanh xuy\u00ean th\u1ea5u c\u1ee7a bi\u1ec3n Caribe l\u1ea5p l\u00e1nh<\/strong>.<\/p>\n<p>N<\/p>\n<p class=\"new-fading-text__hidden-element\">Tr\u00ean \u0111\u01b0\u1eddng \u0111\u1ebfn \u0111i\u1ec3m \u0111\u1ebfn c\u1ee7a b\u1ea1n, b\u1ea1n s\u1ebd \u0111i th\u1eb3ng \u0111\u1ebfn r\u1ea1n san h\u00f4 \u0111\u01b0\u1ee3c g\u1ecdi l\u00e0 La Pared, hay The Wall, n\u01a1i b\u1ea1n s\u1ebd c\u00f3 c\u01a1 h\u1ed9i\u00a0<strong>h\u1ea1 nhi\u1ec7t b\u1eb1ng c\u00e1ch ng\u00e2m m\u00ecnh s\u1ea3ng kho\u00e1i trong n\u01b0\u1edbc bi\u1ec3n v\u00e0 l\u1eb7n gi\u1eefa c\u00e1c sinh v\u1eadt bi\u1ec3n \u0111\u00e1ng kinh ng\u1ea1c<\/strong>. D\u00e0nh 40 ph\u00fat kh\u00e1m ph\u00e1 d\u01b0\u1edbi n\u01b0\u1edbc, tr\u01b0\u1edbc khi quay tr\u1edf l\u1ea1i catamaran v\u00e0 th\u1ea3 neo t\u1ea1i b\u1ebfn t\u00e0u tr\u00ean \u0110\u1ea3o Catalina.<\/p>\n<p>N<\/p>\n<p class=\"new-fading-text__hidden-element\">\u0110\u1eb7t ch\u00e2n l\u00ean v\u00f9ng \u0111\u1ea5t kh\u00f4 r\u00e1o, b\u1ea1n s\u1ebd \u0111\u01b0\u1ee3c \u0111\u01b0a \u0111\u1ebfn m\u1ed9t nh\u00e0 h\u00e0ng nh\u1ecf v\u1edbi t\u1ea7m nh\u00ecn tuy\u1ec7t \u0111\u1eb9p ra bi\u1ec3n, n\u01a1i b\u1ea1n s\u1ebd \u0111\u01b0\u1ee3c chi\u00eau \u0111\u00e3i m\u1ed9t\u00a0<strong>b\u1eefa tr\u01b0a t\u1ef1 ch\u1ecdn ngon<\/strong>. V\u1edbi n\u0103ng l\u01b0\u1ee3ng \u0111\u01b0\u1ee3c ph\u1ee5c h\u1ed3i, b\u1ea1n s\u1ebd c\u00f3 ba gi\u1edd r\u1ea3nh r\u1ed7i \u0111\u1ec3 t\u1eadn d\u1ee5ng t\u1ed1i \u0111a\u00a0<strong>nh\u1eefng b\u00e3i bi\u1ec3n c\u00e1t tr\u1eafng thi\u00ean \u0111\u01b0\u1eddng<\/strong>. Cho d\u00f9 b\u1ea1n mu\u1ed1n th\u01b0 gi\u00e3n v\u00e0 t\u1eafm n\u1eafng hay tham gia m\u1ed9t ho\u1ea1t \u0111\u1ed9ng th\u00fa v\u1ecb nh\u01b0 ch\u00e8o thuy\u1ec1n l\u01b0\u1edbt s\u00f3ng, b\u1ea1n s\u1ebd t\u1eadn h\u01b0\u1edfng m\u1ed9t bu\u1ed5i chi\u1ec1u kh\u00f3 qu\u00ean.<\/p>\n<p>N<\/p>\n<p class=\"new-fading-text__hidden-element\">V\u00e0o cu\u1ed1i ng\u00e0y, b\u1ea1n s\u1ebd tr\u1edf l\u1ea1i catamaran \u0111\u1ec3 \u0111i thuy\u1ec1n tr\u1edf l\u1ea1i La Romana, n\u01a1i b\u1ea1n s\u1ebd \u0111\u01b0\u1ee3c tr\u1ea3 v\u1ec1 kh\u00e1ch s\u1ea1n c\u1ee7a m\u00ecnh.<\/p>\n<p>N<br \/>\nN\n<\/div>\n<p>N\n<\/p><\/div>\n<p>N&Nbsp;<br \/>\nN<br \/>\nN<strong>Th\u1eddi gian bi\u1ec3u:<\/strong><br \/>\nN<br \/>\nn7:00 AM \u2013 4: 30 PM<br \/>\nN<br \/>\nN&Nbsp;<br \/>\nN<br \/>\nN<\/div>\n<p>Th\u1eddi gian c\u00f3 th\u1ec3 thay \u0111\u1ed5i t\u00f9y thu\u1ed9c v\u00e0o th\u1eddi gian kh\u1edfi h\u00e0nh t\u1eeb Kh\u00e1ch s\u1ea1n.<br \/>\nN<\/p>\n<div class=\"wpb_wrapper\">\nN<br \/>\nN&Nbsp;<br \/>\nN<\/p>\n<h4><em><strong>B\u1ea1n n\u00ean mang theo nh\u1eefng g\u00ec?<\/strong><\/em><\/h4>\n<p>N<\/p>\n<ul>\nN \t<\/p>\n<li>M\u00e1y \u1ea3nh<\/li>\n<p>N \t<\/p>\n<li>ch\u1ed3i \u0111u\u1ed5i<\/li>\n<p>N \t<\/p>\n<li>kem ch\u1ed1ng n\u1eafng<\/li>\n<p>N \t<\/p>\n<li>m\u0169<\/li>\n<p>N \t<\/p>\n<li>qu\u1ea7n tho\u1ea3i m\u00e1i<\/li>\n<p>N \t<\/p>\n<li>\u0111\u1ed3 b\u01a1i<\/li>\n<p>N \t<\/p>\n<li>Ti\u1ec1n m\u1eb7t cho qu\u00e0 l\u01b0u ni\u1ec7m<\/li>\n<p>N<\/ul>\n<p>N&Nbsp;<br \/>\nN<\/p>\n<h4><b><i>\u0110\u00f3n kh\u00e1ch s\u1ea1n<\/i><\/b><\/h4>\n<p>\u0110\u00f3n kh\u00e1ch s\u1ea1n \u0111\u01b0\u1ee3c cung c\u1ea5p cho tour du l\u1ecbch n\u00e0y. Ch\u00fang t\u00f4i c\u00f3 th\u1ec3 \u0111\u1eb7t n\u00f3 qua- Whatsapp. T\u1eeb c\u00e1c kh\u00e1ch s\u1ea1n La Romana, Punta Cana, Bavaro v\u00e0 Bayahibe.<br \/>\nN<br \/>\nN&Nbsp;<br \/>\nN<br \/>\nN<b>Ghi ch\u00fa:<\/b> n\u1ebfu b\u1ea1n \u0111\u1eb7t ch\u1ed7 trong v\u00f2ng 24 gi\u1edd k\u1ec3 t\u1eeb gi\u1edd kh\u1edfi h\u00e0nh chuy\u1ebfn tham quan\/Chuy\u1ebfn tham quan, ch\u00fang t\u00f4i c\u00f3 th\u1ec3 s\u1eafp x\u1ebfp d\u1ecbch v\u1ee5 \u0111\u00f3n kh\u00e1ch t\u1ea1i kh\u00e1ch s\u1ea1n. Sau khi giao d\u1ecbch mua c\u1ee7a b\u1ea1n ho\u00e0n t\u1ea5t, ch\u00fang t\u00f4i s\u1ebd g\u1eedi cho b\u1ea1n th\u00f4ng tin li\u00ean h\u1ec7 \u0111\u1ea7y \u0111\u1ee7 (s\u1ed1 \u0111i\u1ec7n tho\u1ea1i, \u0111\u1ecba ch\u1ec9 email, v.v.) \u0111\u1ec3 H\u01b0\u1edbng d\u1eabn vi\u00ean du l\u1ecbch \u0111\u1ecba ph\u01b0\u01a1ng c\u1ee7a ch\u00fang t\u00f4i s\u1eafp x\u1ebfp vi\u1ec7c \u0111\u00f3n kh\u00e1ch.<br \/>\nN<\/p>\n<h4><b><i>X\u00e1c nh\u1eadn th\u00f4ng tin b\u1ed5 sung<\/i><\/b><\/h4>\n<p>N<\/p>\n<ol>\nN \t<\/p>\n<li>V\u00e9 l\u00e0 Bi\u00ean lai sau khi thanh to\u00e1n Tour n\u00e0y. B\u1ea1n c\u00f3 th\u1ec3 hi\u1ec3n th\u1ecb thanh to\u00e1n tr\u00ean \u0111i\u1ec7n tho\u1ea1i c\u1ee7a m\u00ecnh.<\/li>\n<p>N \t<\/p>\n<li>\u0110i\u1ec3m h\u1eb9n s\u1ebd nh\u1eadn \u0111\u01b0\u1ee3c sau qu\u00e1 tr\u00ecnh \u0111\u1eb7t ch\u1ed7.<\/li>\n<p>N \t<\/p>\n<li>Tr\u1ebb em ph\u1ea3i \u0111i c\u00f9ng ng\u01b0\u1eddi l\u1edbn.<\/li>\n<p>N \t<\/p>\n<li>Xe l\u0103n cho ng\u01b0\u1eddi khuy\u1ebft<\/li>\n<p>N \t<\/p>\n<li>Tr\u1ebb s\u01a1 sinh ph\u1ea3i ng\u1ed3i tr\u00ean \u0111\u00f9i<\/li>\n<p>N \t<\/p>\n<li>H\u1ea7u h\u1ebft du kh\u00e1ch c\u00f3 th\u1ec3 tham gia<\/li>\n<p>N<\/ol>\n<p>N<\/p>\n<h4><b><i>Ch\u00ednh s\u00e1ch h\u1ee7y<\/i><\/b><\/h4>\n<p>n\u0110\u1ec3 \u0111\u01b0\u1ee3c ho\u00e0n l\u1ea1i to\u00e0n b\u1ed9 s\u1ed1 ti\u1ec1n, vui l\u00f2ng \u0111\u1ecdc ch\u00ednh s\u00e1ch H\u1ee7y c\u1ee7a ch\u00fang t\u00f4i\u00a0<a href=\"https:\/\/www.boattoursamana.com\/vi\/dat-phong-truc-tuyen\/\" target=\"_blank\" rel=\"noopener\" data-saferedirecturl=\"https:\/\/www.google.com\/url?q=https:\/\/www.boattoursamana.com\/online-booking\/&amp;source=gmail&amp;ust=1672532492004000&amp;usg=AOvVaw3ylqI1cdbIPTimEqEWneyd\">B\u1ea5m v\u00e0o \u0111\u00e2y<\/a>. Ti\u1ec1n s\u1ebd b\u1ecb m\u1ea5t n\u1ebfu \u0111\u1eb7t ch\u1ed7 b\u1ecb h\u1ee7y trong c\u00f9ng ng\u00e0y c\u1ee7a chuy\u1ebfn \u0111i.<br \/>\nN<br \/>\nN<\/div>\n<p>N\n<\/p><\/div>\n<p>N\n<\/p><\/div>\n<p>N\n<\/p><\/div>\n<p>N\n<\/p><\/div>\n<p>N\n<\/p><\/div>\n<p>N\n<\/p><\/div>\n<p>N\n<\/p><\/div>\n<p>N\n<\/p><\/div>\n<p>N\n<\/p><\/div>\n<p>N\n<\/p><\/div>\n<p>N\n<\/p><\/div>\n<p>N<\/p>\n<div class=\"vc_row wpb_row vc_row-fluid\">\nN<\/p>\n<div class=\"wpb_column vc_column_container vc_col-sm-12\">\nN<\/p>\n<div class=\"vc_column-inner\">\nN<\/p>\n<div class=\"wpb_wrapper\">\nN<\/p>\n<div class=\"vc_empty_space\"><\/div>\n<p>N<\/p>\n<div class=\"wpb_text_column wpb_content_element\">\nN<\/p>\n<div class=\"wpb_wrapper\">\nN<\/p>\n<h4>Li\u00ean h\u1ec7 ch\u00fang t\u00f4i?<\/h4>\n<p>N<\/p>\n<h5><b><i>\u0111\u1eb7t ph\u00f2ng phi\u00eau l\u01b0u<\/i><\/b><\/h5>\n<p>N<em><strong>ng\u01b0\u1eddi d\u00e2n \u0111\u1ecba ph\u01b0\u01a1ng<\/strong>\u00a0v\u00e0\u00a0<strong>c\u00f4ng d\u00e2n<\/strong>\u00a0H\u01b0\u1edbng d\u1eabn vi\u00ean du l\u1ecbch &amp; D\u1ecbch v\u1ee5 kh\u00e1ch<\/em><br \/>\nN<br \/>\nN<span class=\"text-turquoise\">\u0111\u1eb7t ph\u00f2ng:<\/span>\u00a0Chuy\u1ebfn tham quan &amp; du ngo\u1ea1n t\u1ea1i Dom. Tr\u1ea3 l\u1eddi.<br \/>\nN<br \/>\nN<img decoding=\"async\" class=\"emoji\" src=\"https:\/\/s.w.org\/images\/core\/emoji\/11.2.0\/svg\/1f4de.svg\" alt=\" \" title=\"\">\u00a0\u0110i\u1ec7n tho\u1ea1i \/ Whatsapp\u00a0\u00a0<a href=\"tel:+1-809-720-6035\">+1-809-720-6035<\/a>.<br \/>\nN<br \/>\nN<img decoding=\"async\" class=\"emoji\" src=\"https:\/\/s.w.org\/images\/core\/emoji\/11.2.0\/svg\/1f4e9.svg\" alt=\" \" title=\"\">\u00a0<a href=\"mailto:info@bookingadventures.com.do\">info@bookingadventures.com.do<\/a><br \/>\nN<br \/>\nN<strong>Ch\u00fang t\u00f4i \u0111ang thi\u1ebft l\u1eadp linh ho\u1ea1t c\u00e1c chuy\u1ebfn tham quan ri\u00eang t\u01b0 b\u1eb1ng Whatsapp:\u00a0<a href=\"tel:+18097206035\">+18097206035.<\/a><\/strong><br \/>\nN<br \/>\nN<\/div>\n<p>N\n<\/p><\/div>\n<p>N\n<\/p><\/div>\n<p>N\n<\/p><\/div>\n<p>N\n<\/p><\/div>\n<p>N\n<\/p><\/div>\n<p>N<\/p>\n\n\t\t<\/div>\n\t<\/div>\n<div class=\"vc_btn3-container vc_btn3-inline\" ><button class=\"vc_general vc_btn3 vc_btn3-size-md vc_btn3-shape-rounded vc_btn3-style-modern vc_btn3-color-green\">\u0110\u0102\u0323T B\u00c2Y GI\u1edc<\/button><\/div><\/div><\/div><\/div><\/div><div class=\"vc_row wpb_row vc_row-fluid\" ><div class=\"wpb_column vc_column_container vc_col-sm-12\"><div class=\"vc_column-inner\"><div class=\"wpb_wrapper\"><\/div><\/div><\/div><\/div>","protected":false},"excerpt":{"rendered":"<p>Tiny Catalina Island (Isla Catalina), just 1.5 miles (2.4 kilometers) off the Dominican Republic\u2019s mainland, is an idyllic sandy speck in the turquoise Caribbean waters. Known for its well-populated coral reefs, Catalina is a peaceful respite for those looking to escape bustling Punta Cana and La Romana. n nBook a day trip with us. Catalina Island in a Party Catamaran with Snorkeling! n n&nbsp; n nPlease Select the date for The Excursion: &nbsp;<\/p>","protected":false},"author":2,"featured_media":0,"parent":0,"menu_order":0,"comment_status":"open","ping_status":"closed","template":"","meta":{"footnotes":""},"class_list":["post-15772","page","type-page","status-publish","hentry"],"_links":{"self":[{"href":"https:\/\/www.boattoursamana.com\/vi\/wp-json\/wp\/v2\/pages\/15772","targetHints":{"allow":["GET"]}}],"collection":[{"href":"https:\/\/www.boattoursamana.com\/vi\/wp-json\/wp\/v2\/pages"}],"about":[{"href":"https:\/\/www.boattoursamana.com\/vi\/wp-json\/wp\/v2\/types\/page"}],"author":[{"embeddable":true,"href":"https:\/\/www.boattoursamana.com\/vi\/wp-json\/wp\/v2\/users\/2"}],"replies":[{"embeddable":true,"href":"https:\/\/www.boattoursamana.com\/vi\/wp-json\/wp\/v2\/comments?post=15772"}],"version-history":[{"count":0,"href":"https:\/\/www.boattoursamana.com\/vi\/wp-json\/wp\/v2\/pages\/15772\/revisions"}],"wp:attachment":[{"href":"https:\/\/www.boattoursamana.com\/vi\/wp-json\/wp\/v2\/media?parent=15772"}],"curies":[{"name":"wp","href":"https:\/\/api.w.org\/{rel}","templated":true}]}}