{"id":15773,"date":"2023-07-15T07:43:40","date_gmt":"2023-07-15T07:43:40","guid":{"rendered":"https:\/\/www.ticketswhales.com\/ermitano-beach-playa-ermitano-boat-tour-and-playa-onda-half-day-trip-samana-dominican-republic\/"},"modified":"2023-08-10T18:28:51","modified_gmt":"2023-08-10T18:28:51","slug":"ermitano-beach-playa-ermitano-boat-tour-and-playa-onda-half-day-trip-samana-dominican-republic","status":"publish","type":"page","link":"https:\/\/www.boattoursamana.com\/vi\/bai-bien-ermitano-chuyen-tham-quan-bang-thuyen-playa-ermitano-va-chuyen-di-nua-ngay-playa-onda-samana-cong-hoa-dominica","title":{"rendered":"(B\u00e3i bi\u1ec3n Ermitano) Chuy\u1ebfn tham quan b\u1eb1ng thuy\u1ec1n \u1edf Playa Ermita\u00f1o v\u00e0 Playa Onda, Chuy\u1ebfn \u0111i n\u1eeda ng\u00e0y, Saman\u00e1 \u2013 C\u1ed9ng h\u00f2a Dominica."},"content":{"rendered":"<p><span style=\"vertical-align: inherit;\"><span style=\"vertical-align: inherit;\">El viaje b\u1eaft \u0111\u1ea7u ghi l\u1ea1i t\u1ea1i kh\u00e1ch s\u1ea1n c\u1ee7a b\u1ea1n ho\u1eb7c tr\u00ean m\u00e1y bay t\u1ea1i khu v\u1ef1c Saman\u00e1 de Las Galeras. <\/span><span style=\"vertical-align: inherit;\">Comience su expiencia en Playa El Valle, una hermosa y \u00fanica playa cerca de Saman\u00e1. <\/span><span style=\"vertical-align: inherit;\">Ph\u00e1 v\u1ee1 m\u1ed9t \u0111\u01b0\u1eddng \u1ed1ng trong 25 ph\u00fat \u1edf Playa Ermita\u00f1o, \u0111\u00f3 l\u00e0 m\u1ed9t playa a\u00fan inexplorada v\u00e0 aislada v\u1edbi agua azul turquesa. <\/span><span style=\"vertical-align: inherit;\">Disfruta del agua de coco fresca. <\/span><span style=\"vertical-align: inherit;\">Descubra la belleza real e originale de la Rep\u00fablica Dominicana y sum\u00e9rjase en la naturaleza mientras explora la cueva secreta cercana. <\/span><span style=\"vertical-align: inherit;\">Qu\u00e9dese en Playa Ermita\u00f1o todo el tiempo que desee y visite Playa Onda, otra hermosa playa salvaje, solo 15 minutos en bote. <\/span><span style=\"vertical-align: inherit;\">H\u00e3y \u0111\u1ebfn Playa El Valle v\u00e0 ti\u1ebfn h\u00e0nh th\u1ee7 t\u1ee5c \u1edf Saman\u00e1, x\u00e1c \u0111\u1ecbnh v\u1ecb tr\u00ed c\u1ee7a casas v\u00e0 b\u1eaft \u0111\u1ea7u sobre la vida real dominicana. <\/span><span style=\"vertical-align: inherit;\">\u0110\u00e2y l\u00e0 m\u1ed9t tr\u1ea3i nghi\u1ec7m c\u1ee7a th\u1eddi trung c\u1ed5 ng\u00e0y h\u00f4m qua c\u1ee7a Saman\u00e1 \u1edf C\u1ed9ng h\u00f2a Dominica.<\/span><\/span><br \/>\nN<br \/>\nN<br \/>\nN<br \/>\nN<strong><span style=\"vertical-align: inherit;\"><span style=\"vertical-align: inherit;\">Ch\u1ecdn l\u1ef1a cu\u1ed9c phi\u00eau l\u01b0u cho el Tour:\u00a0<\/span><\/span><\/strong><\/p>\n<p>&nbsp;<\/p>\n<div class=\"vc_row wpb_row vc_row-fluid\" ><div class=\"wpb_column vc_column_container vc_col-sm-12\"><div class=\"vc_column-inner\"><div class=\"wpb_wrapper\"><div class=\"vc_btn3-container vc_btn3-inline\" ><button class=\"vc_general vc_btn3 vc_btn3-size-md vc_btn3-shape-rounded vc_btn3-style-modern vc_btn3-color-green\">\u0110\u0102\u0323T B\u00c2Y GI\u1edc<\/button><\/div><div class=\"mkdf-section-title-holder\" style=\"text-align: left\">\n\t<div class=\"mkdf-st-inner\">\n\t\t\t\t\t<h5 class=\"mkdf-st-subtitle\" >\n\t\t\t\t\u0102n tr\u01b0a, \u0111i thuy\u1ec1n v\u00e0 v\u1eadn chuy\u1ec3n t\u01b0 nh\u00e2n t\u1eeb kh\u00e1ch s\u1ea1n.\t\t\t<\/h5>\n\t\t\t\t\t\t\t<h3 class=\"mkdf-st-title\" >\n\t\t\t\tPlaya Rinc\u00f3n, Playa Fronton + B\u00e3i bi\u1ec3n Playa Madame, Saman\u00e1 - C\u1ed9ng h\u00f2a Dominica.\t\t\t<\/h3>\n\t\t\t\t\t<\/div>\n<\/div>\n\t<div class=\"wpb_text_column wpb_content_element\" >\n\t\t<div class=\"wpb_wrapper\">\n\t\t\t<p>\nN<\/p>\n<h2 class=\"styles__heading___mD4_3\" data-radium=\"true\">(B\u00e3i bi\u1ec3n Ermitano) Chuy\u1ebfn tham quan b\u1eb1ng thuy\u1ec1n \u1edf Playa Ermita\u00f1o v\u00e0 Chuy\u1ebfn \u0111i ri\u00eang \u1edf Playa Onda.<\/h2>\n<p>N<\/p>\n<h4><b><i>T\u1ed5ng quan <\/i><\/b><\/h4>\n<p>Chuy\u1ebfn \u0111i b\u1eaft \u0111\u1ea7u \u0111\u00f3n b\u1ea1n t\u1ea1i kh\u00e1ch s\u1ea1n ho\u1eb7c t\u1ea1i s\u00e2n bay \u1edf khu v\u1ef1c Samana ho\u1eb7c Las Galeras. B\u1eaft \u0111\u1ea7u tr\u1ea3i nghi\u1ec7m c\u1ee7a b\u1ea1n t\u1ea1i Playa El Valle, m\u1ed9t b\u00e3i bi\u1ec3n xinh \u0111\u1eb9p v\u00e0 \u0111\u1ed9c \u0111\u00e1o g\u1ea7n Saman\u00e1. T\u1eadn h\u01b0\u1edfng 25 ph\u00fat \u0111i thuy\u1ec1n \u0111\u1ebfn Playa Ermita\u00f1o, m\u1ed9t b\u00e3i bi\u1ec3n v\u1eabn ch\u01b0a \u0111\u01b0\u1ee3c kh\u00e1m ph\u00e1 v\u00e0 bi\u1ec7t l\u1eadp v\u1edbi l\u00e0n n\u01b0\u1edbc trong xanh nh\u01b0 ng\u1ecdc. Th\u01b0\u1edfng th\u1ee9c n\u01b0\u1edbc d\u1eeba t\u01b0\u01a1i. Kh\u00e1m ph\u00e1 v\u1ebb \u0111\u1eb9p th\u1ef1c s\u1ef1 v\u00e0 hoang s\u01a1 c\u1ee7a C\u1ed9ng h\u00f2a Dominica v\u00e0 h\u00f2a m\u00ecnh v\u00e0o thi\u00ean nhi\u00ean khi b\u1ea1n kh\u00e1m ph\u00e1 hang \u0111\u1ed9ng b\u00ed m\u1eadt g\u1ea7n \u0111\u00f3. \u1ede l\u1ea1i Playa Ermita\u00f1o bao l\u00e2u t\u00f9y th\u00edch, v\u00e0 gh\u00e9 th\u0103m Playa Onda, m\u1ed9t b\u00e3i bi\u1ec3n hoang s\u01a1 xinh \u0111\u1eb9p kh\u00e1c, ch\u1ec9 c\u00e1ch \u0111\u00f3 15 ph\u00fat \u0111i thuy\u1ec1n. Quay tr\u1edf l\u1ea1i Playa El Valle v\u00e0 sau \u0111\u00f3 ti\u1ebfp t\u1ee5c \u0111\u1ebfn Saman\u00e1, s\u1ebd th\u1ea5y nh\u1eefng ng\u00f4i nh\u00e0 \u0111\u1ecba ph\u01b0\u01a1ng v\u00e0 t\u00ecm hi\u1ec3u v\u1ec1 cu\u1ed9c s\u1ed1ng th\u1ef1c c\u1ee7a ng\u01b0\u1eddi Dominica.<br \/>\nN<br \/>\nN<br \/>\nN<\/p>\n<ul>\n<li style=\"list-style-type: none;\">\n<ul>N<\/p>\n<li>H\u01b0\u1edbng d\u1eabn \u0111\u1ecba ph\u01b0\u01a1ng v\u1edbi kinh nghi\u1ec7m an to\u00e0n trong khu v\u1ef1c.<\/li>\n<\/ul>\n<\/li>\n<\/ul>\n<p>N<\/p>\n<ul>\n<li style=\"list-style-type: none;\">\n<ul>\n<li>giao th\u00f4ng c\u00e1 nh\u00e2n<\/li>\n<\/ul>\n<\/li>\n<\/ul>\n<p>N<\/p>\n<ul>\n<li style=\"list-style-type: none;\">\n<ul>\n<li>\u0110\u00e3 bao g\u1ed3m ph\u00ed<\/li>\n<\/ul>\n<\/li>\n<\/ul>\n<p>N<\/p>\n<ul>\n<li style=\"list-style-type: none;\">\n<ul>\n<li>\u0102n tr\u01b0a t\u1ea1i b\u00e3i bi\u1ec3n<\/li>\n<\/ul>\n<\/li>\n<\/ul>\n<p>N<\/p>\n<ul>\n<li style=\"list-style-type: none;\">\n<ul>\n<li>H\u01b0\u1edbng d\u1eabn vi\u00ean \u0111\u1ecba ph\u01b0\u01a1ng b\u1eb1ng ti\u1ebfng T\u00e2y Ban Nha, ti\u1ebfng Anh ho\u1eb7c ti\u1ebfng Ph\u00e1p.<\/li>\n<\/ul>\n<\/li>\n<\/ul>\n<p>N<\/p>\n<ul>\n<li style=\"list-style-type: none;\">\n<ul>\n<li>\u0110i b\u1ed9 \u0111\u01b0\u1eddng d\u00e0i<\/li>\n<\/ul>\n<\/li>\n<\/ul>\n<p>N<\/p>\n<p>N<\/p>\n<h4><b>Bao g\u1ed3m &amp; Lo\u1ea1i tr\u1eeb<\/b><\/h4>\n<p>N<br \/>\nN<br \/>\nN<b>bao g\u1ed3m<\/b><br \/>\nN<\/p>\n<ol>\n<li style=\"list-style-type: none;\">\n<ol>N<\/p>\n<li><span style=\"font-weight: 400;\">H\u01b0\u1edbng d\u1eabn \u0111\u1ecba ph\u01b0\u01a1ng v\u1edbi kinh nghi\u1ec7m an to\u00e0n trong khu v\u1ef1c.<\/span><\/li>\n<\/ol>\n<\/li>\n<\/ol>\n<p>N<\/p>\n<ol>\n<li style=\"list-style-type: none;\">\n<ol>\n<li>Ph\u01b0\u01a1ng ti\u1ec7n di chuy\u1ec3n ri\u00eang cho c\u00e1c nh\u00f3m nh\u1ecf<\/li>\n<\/ol>\n<\/li>\n<\/ol>\n<p>N<\/p>\n<ol>\n<li style=\"list-style-type: none;\">\n<ol>\n<li style=\"font-weight: 400;\">B\u00e3i bi\u1ec3n El Rincon<\/li>\n<\/ol>\n<\/li>\n<\/ol>\n<p>N<\/p>\n<ol>\n<li style=\"list-style-type: none;\">\n<ol>\n<li>Trang tr\u1ea1i nh\u00e0 Dominican<\/li>\n<\/ol>\n<\/li>\n<\/ol>\n<p>N<\/p>\n<ol>\n<li style=\"list-style-type: none;\">\n<ol>\n<li>S\u00f4ng Cano Frio<\/li>\n<\/ol>\n<\/li>\n<\/ol>\n<p>N<\/p>\n<ol>\n<li style=\"list-style-type: none;\">\n<ol>\n<li style=\"font-weight: 400;\"><span style=\"font-weight: 400;\">T\u1ea5t c\u1ea3 c\u00e1c lo\u1ea1i thu\u1ebf, ph\u00ed v\u00e0 l\u1ec7 ph\u00ed x\u1eed l\u00fd<\/span><\/li>\n<\/ol>\n<\/li>\n<\/ol>\n<p>N<\/p>\n<ol>\n<li style=\"list-style-type: none;\">\n<ol>\n<li style=\"font-weight: 400;\"><span style=\"font-weight: 400;\">Thu\u1ebf \u0111\u1ecba ph\u01b0\u01a1ng<\/span><\/li>\n<\/ol>\n<\/li>\n<\/ol>\n<p>N<\/p>\n<ol>\n<li style=\"list-style-type: none;\">\n<ol>\n<li>\u0102n tr\u01b0a t\u1ea1i b\u00e3i bi\u1ec3n<\/li>\n<\/ol>\n<\/li>\n<\/ol>\n<p>N<\/p>\n<ol>\n<li style=\"list-style-type: none;\">\n<ol>\n<li>\u0110i b\u1ed9 \u0111\u01b0\u1eddng d\u00e0i<\/li>\n<\/ol>\n<\/li>\n<\/ol>\n<p>N<\/p>\n<ol>\n<li style=\"list-style-type: none;\">\n<ol>\n<li style=\"font-weight: 400;\"><span style=\"font-weight: 400;\">T\u1ea5t c\u1ea3 c\u00e1c ho\u1ea1t \u0111\u1ed9ng<\/span><\/li>\n<\/ol>\n<\/li>\n<\/ol>\n<p>N<\/p>\n<p>N<b> lo\u1ea1i tr\u1eeb<\/b><br \/>\nN<\/p>\n<ol>\n<li style=\"list-style-type: none;\">\n<ol>N<\/p>\n<li style=\"font-weight: 400;\"><span style=\"font-weight: 400;\">ti\u1ec1n th\u01b0\u1edfng<\/span><\/li>\n<\/ol>\n<\/li>\n<\/ol>\n<p>N<\/p>\n<ol>\n<li style=\"list-style-type: none;\">\n<ol>\n<li>T\u1ea5t c\u1ea3 \u0111\u1ed3 u\u1ed1ng<\/li>\n<\/ol>\n<\/li>\n<\/ol>\n<p>N<\/p>\n<p>N<\/p>\n<h4><em><strong>Kh\u1edfi h\u00e0nh &amp; Tr\u1edf v\u1ec1<\/strong><\/em><\/h4>\n<p>N<span style=\"font-weight: 400;\">Kh\u00e1ch du l\u1ecbch s\u1ebd nh\u1eadn \u0111\u01b0\u1ee3c m\u1ed9t \u0111i\u1ec3m g\u1eb7p g\u1ee1 sau Quy tr\u00ecnh \u0111\u1eb7t ch\u1ed7. C\u00e1c chuy\u1ebfn tham quan b\u1eaft \u0111\u1ea7u v\u00e0 k\u1ebft th\u00fac t\u1ea1i c\u00e1c \u0111i\u1ec3m g\u1eb7p g\u1ee1 c\u1ee7a b\u1ea1n.<\/span><br \/>\nN<\/p>\n<h2 class=\"styles__heading___mD4_3\" data-radium=\"true\">(B\u00e3i bi\u1ec3n Ermitano) Chuy\u1ebfn tham quan b\u1eb1ng thuy\u1ec1n \u1edf Playa Ermita\u00f1o v\u00e0 Chuy\u1ebfn \u0111i ri\u00eang \u1edf Playa Onda.<\/h2>\n<p>N<\/p>\n<h4><em>Mong \u0111\u1ee3i \u0111i\u1ec1u g\u00ec?<\/em><\/h4>\n<p>Sau khi r\u1eddi kh\u1ecfi khu v\u1ef1c kh\u00e1ch s\u1ea1n Samana v\u00e0 l\u00e1i xe qua c\u00e1c \u0111\u01b0\u1eddng ph\u1ed1 c\u1ee7a Dominica, b\u1ea1n s\u1ebd th\u1ea5y v\u00e0 t\u00ecm hi\u1ec3u v\u1ec1 phong c\u00e1ch s\u1ed1ng c\u1ee7a ng\u01b0\u1eddi d\u00e2n \u0111\u1ecba ph\u01b0\u01a1ng. B\u00e3i bi\u1ec3n n\u00e0y n\u1eb1m gi\u1eefa Playa Honda v\u00e0 Playa El Valle \u1edf B\u00e1n \u0111\u1ea3o Samana. N\u00f3 c\u00f3 chi\u1ec1u d\u00e0i 400 m\u00e9t v\u00e0 \u0111\u01b0\u1ee3c bao quanh b\u1edfi \u0111\u00e1 ng\u1ea7m. C\u00e1ch duy nh\u1ea5t \u0111\u1ec3 \u0111\u1ebfn b\u00e3i bi\u1ec3n n\u00e0y l\u00e0 \u0111i b\u1ed9 \u0111\u01b0\u1eddng d\u00e0i, b\u0103ng qua con \u0111\u01b0\u1eddng m\u00f2n gi\u1ed1ng nh\u01b0 r\u1eebng r\u1eadm ho\u1eb7c \u0111i thuy\u1ec1n.<br \/>\nN<br \/>\nN<span style=\"vertical-align: inherit;\"><span style=\"vertical-align: inherit;\">La historia de su nombre es tan fascinante and interesante\u2026 Juan El Ermita\u00f1o aparentemente era un pirata franc\u00e9s que, arrepentido, desembarc\u00f3 un d\u00eda en esta playa de Saman\u00e1. <\/span><span style=\"vertical-align: inherit;\">Cuenta la history que habia estado solo y aislado del mundo durante el a\u00f1o 1780. La leenda dice que despu\u00e9s de 22 a\u00f1os de exilio, fue descubierto por sorpresa por sus antiguos compa\u00f1eros corsarios que lo creyeron muerto. <\/span><span style=\"vertical-align: inherit;\">Pero los espa\u00f1oles, asombrados por su austeridad y constancia, le concedieron el perd\u00f3n, coi x\u00e9t\u00e1ndolo casi un santo. <\/span><span style=\"vertical-align: inherit;\">Pero como toda history de piratas que se precie, Juan El Ermita\u00f1o b\u1ea3o v\u1ec7 m\u1ed9t b\u00ed m\u1eadt l\u1edbn: Guardaba un precioso bot\u00edn de su \u00e9poca de pirata que se escond\u00eda en esta playa.<\/span><\/span><br \/>\nN<br \/>\nKhi \u0111\u1ebfn \u0111\u00f3, b\u1ea1n s\u1ebd th\u1ea5y tr\u01b0\u1edbc m\u1eb7t m\u00ecnh m\u1ed9t phong c\u1ea3nh ho\u00e0n h\u1ea3o tr\u00ean b\u01b0u thi\u1ebfp. B\u1ea1n s\u1ebd c\u00f3 \u1ea5n t\u01b0\u1ee3ng l\u00e0 ng\u01b0\u1eddi duy nh\u1ea5t tr\u00ean th\u1ebf gi\u1edbi \u1edf n\u01a1i huy\u1ec1n di\u1ec7u n\u00e0y v\u1edbi th\u1ea3m th\u1ef1c v\u1eadt nhi\u1ec7t \u0111\u1edbi t\u01b0\u01a1i t\u1ed1t v\u00e0 v\u1ebb \u0111\u1eb9p c\u1ee7a l\u00e0n n\u01b0\u1edbc trong v\u1eaft. B\u00e3i bi\u1ec3n n\u00e0y l\u00e0m cho m\u1ed9t kinh nghi\u1ec7m tuy\u1ec7t v\u1eddi tr\u1edf th\u00e0nh s\u1ef1 th\u1eadt.<br \/>\nN<br \/>\nB\u1ed9 phim truy\u1ec1n h\u00ecnh Survivor phi\u00ean b\u1ea3n Th\u1ed5 Nh\u0129 K\u1ef3 v\u00e0 Th\u1ee5y \u0110i\u1ec3n \u0111\u01b0\u1ee3c quay tr\u00ean b\u00e3i bi\u1ec3n n\u00e0y<br \/>\nN<br \/>\nChuy\u1ebfn tham quan n\u00e0y do \u201cBooking Adventures\u201d t\u1ed5 ch\u1ee9c b\u1eaft \u0111\u1ea7u t\u1ea1i \u0111i\u1ec3m h\u1eb9n \u0111\u00e3 \u0111\u1eb7t v\u1edbi H\u01b0\u1edbng d\u1eabn vi\u00ean c\u1ee7a ch\u00fang t\u00f4i. H\u00e3y \u0111\u1ebfn v\u1edbi Booking Adventures v\u00e0 \u0103n tr\u01b0a t\u1ea1i b\u00e3i bi\u1ec3n v\u00e0 t\u1eadn h\u01b0\u1edfng m\u1ed9t trong nh\u1eefng b\u00e3i bi\u1ec3n tuy\u1ec7t v\u1eddi nh\u1ea5t \u1edf Samana, C\u1ed9ng h\u00f2a Dominica.<br \/>\nN<\/p>\n<h4><em><strong>B\u1ea1n n\u00ean mang theo nh\u1eefng g\u00ec?<\/strong><\/em><\/h4>\n<p>N<\/p>\n<ul>\n<li style=\"list-style-type: none;\">\n<ul>N<\/p>\n<li style=\"font-weight: 400;\"><span style=\"font-weight: 400;\">M\u00e1y \u1ea3nh<\/span><\/li>\n<\/ul>\n<\/li>\n<\/ul>\n<p>N<\/p>\n<ul>\n<li style=\"list-style-type: none;\">\n<ul>\n<li style=\"font-weight: 400;\"><span style=\"font-weight: 400;\">ch\u1ed3i \u0111u\u1ed5i<\/span><\/li>\n<\/ul>\n<\/li>\n<\/ul>\n<p>N<\/p>\n<ul>\n<li style=\"list-style-type: none;\">\n<ul>\n<li style=\"font-weight: 400;\"><span style=\"font-weight: 400;\">Kem ch\u1ed1ng n\u1eafng<\/span><\/li>\n<\/ul>\n<\/li>\n<\/ul>\n<p>N<\/p>\n<ul>\n<li style=\"list-style-type: none;\">\n<ul>\n<li>N\u01b0\u1edbc<\/li>\n<\/ul>\n<\/li>\n<\/ul>\n<p>N<\/p>\n<ul>\n<li style=\"list-style-type: none;\">\n<ul>\n<li style=\"font-weight: 400;\"><span style=\"font-weight: 400;\">m\u0169<\/span><\/li>\n<\/ul>\n<\/li>\n<\/ul>\n<p>N<\/p>\n<ul>\n<li style=\"list-style-type: none;\">\n<ul>\n<li style=\"font-weight: 400;\"><span style=\"font-weight: 400;\">qu\u1ea7n tho\u1ea3i m\u00e1i<\/span><\/li>\n<\/ul>\n<\/li>\n<\/ul>\n<p>N<\/p>\n<ul>\n<li style=\"list-style-type: none;\">\n<ul>\n<li style=\"font-weight: 400;\"><span style=\"font-weight: 400;\">Gi\u00e0y leo n\u00fai \u0111i r\u1eebng<\/span><\/li>\n<\/ul>\n<\/li>\n<\/ul>\n<p>N<\/p>\n<ul>\n<li style=\"list-style-type: none;\">\n<ul>\n<li style=\"font-weight: 400;\"><span style=\"font-weight: 400;\">D\u00e9p \u0111i c\u00e1c mi\u1ec1n Xu\u00e2n.<\/span><\/li>\n<\/ul>\n<\/li>\n<\/ul>\n<p>N<\/p>\n<ul>\n<li style=\"list-style-type: none;\">\n<ul>\n<li style=\"font-weight: 400;\"><span style=\"font-weight: 400;\">\u0111\u1ed3 b\u01a1i<\/span><\/li>\n<\/ul>\n<\/li>\n<\/ul>\n<p>N<\/p>\n<p>N<br \/>\nN<\/p>\n<h4><b><i>\u0110\u00f3n kh\u00e1ch s\u1ea1n <\/i><\/b><\/h4>\n<p>N<span style=\"font-weight: 400;\">\u0110\u00f3n kh\u00e1ch s\u1ea1n \u0111\u01b0\u1ee3c cung c\u1ea5p cho tour du l\u1ecbch n\u00e0y. <\/span><br \/>\nN<br \/>\nN<br \/>\nN<br \/>\nN<b>Ghi ch\u00fa:<\/b><span style=\"font-weight: 400;\"> N\u1ebfu b\u1ea1n \u0111\u1eb7t ch\u1ed7 trong v\u00f2ng 24 gi\u1edd k\u1ec3 t\u1eeb gi\u1edd kh\u1edfi h\u00e0nh chuy\u1ebfn tham quan\/Chuy\u1ebfn tham quan, ch\u00fang t\u00f4i c\u00f3 th\u1ec3 s\u1eafp x\u1ebfp d\u1ecbch v\u1ee5 \u0111\u00f3n kh\u00e1ch t\u1ea1i kh\u00e1ch s\u1ea1n. Ch\u00fang t\u00f4i ch\u1ec9 nh\u1eadn \u1edf khu v\u1ef1c Samana. Sau khi giao d\u1ecbch mua c\u1ee7a b\u1ea1n ho\u00e0n t\u1ea5t, ch\u00fang t\u00f4i s\u1ebd g\u1eedi cho b\u1ea1n th\u00f4ng tin li\u00ean h\u1ec7 \u0111\u1ea7y \u0111\u1ee7 (s\u1ed1 \u0111i\u1ec7n tho\u1ea1i, \u0111\u1ecba ch\u1ec9 email, v.v.) \u0111\u1ec3 H\u01b0\u1edbng d\u1eabn vi\u00ean du l\u1ecbch \u0111\u1ecba ph\u01b0\u01a1ng c\u1ee7a ch\u00fang t\u00f4i s\u1eafp x\u1ebfp vi\u1ec7c \u0111\u00f3n kh\u00e1ch.<\/span><br \/>\nN<\/p>\n<h4><b><i>X\u00e1c nh\u1eadn th\u00f4ng tin b\u1ed5 sung <\/i><\/b><\/h4>\n<p>N<\/p>\n<ol>\n<li style=\"list-style-type: none;\">\n<ol>N<\/p>\n<li>V\u00e9 l\u00e0 Bi\u00ean lai sau khi thanh to\u00e1n Tour n\u00e0y. B\u1ea1n c\u00f3 th\u1ec3 hi\u1ec3n th\u1ecb thanh to\u00e1n tr\u00ean \u0111i\u1ec7n tho\u1ea1i c\u1ee7a m\u00ecnh.<\/li>\n<\/ol>\n<\/li>\n<\/ol>\n<p>N<\/p>\n<ol>\n<li style=\"list-style-type: none;\">\n<ol>\n<li style=\"font-weight: 400;\"><span style=\"font-weight: 400;\">\u0110i\u1ec3m h\u1eb9n s\u1ebd nh\u1eadn \u0111\u01b0\u1ee3c sau qu\u00e1 tr\u00ecnh \u0111\u1eb7t ch\u1ed7.<\/span><\/li>\n<\/ol>\n<\/li>\n<\/ol>\n<p>N<\/p>\n<ol>\n<li style=\"list-style-type: none;\">\n<ol>\n<li style=\"font-weight: 400;\"><span style=\"font-weight: 400;\">Tr\u1ebb em ph\u1ea3i \u0111i c\u00f9ng ng\u01b0\u1eddi l\u1edbn.<\/span><\/li>\n<\/ol>\n<\/li>\n<\/ol>\n<p>N<\/p>\n<ol>\n<li style=\"list-style-type: none;\">\n<ol>\n<li style=\"font-weight: 400;\"><span style=\"font-weight: 400;\"> Kh\u00f4ng th\u1ec3 s\u1eed d\u1ee5ng xe l\u0103n <\/span><\/li>\n<\/ol>\n<\/li>\n<\/ol>\n<p>N<\/p>\n<ol>\n<li style=\"list-style-type: none;\">\n<ol>\n<li style=\"font-weight: 400;\"><span style=\"font-weight: 400;\">Tr\u1ebb s\u01a1 sinh ph\u1ea3i ng\u1ed3i tr\u00ean \u0111\u00f9i <\/span><\/li>\n<\/ol>\n<\/li>\n<\/ol>\n<p>N<\/p>\n<ol>\n<li style=\"list-style-type: none;\">\n<ol>\n<li style=\"font-weight: 400;\"><span style=\"font-weight: 400;\">Kh\u00f4ng n\u00ean d\u00f9ng cho du kh\u00e1ch c\u00f3 v\u1ea5n \u0111\u1ec1 v\u1ec1 l\u01b0ng<\/span><\/li>\n<\/ol>\n<\/li>\n<\/ol>\n<p>N<\/p>\n<ol>\n<li style=\"list-style-type: none;\">\n<ol>\n<li style=\"font-weight: 400;\"><span style=\"font-weight: 400;\">Kh\u00f4ng n\u00ean d\u00f9ng cho du kh\u00e1ch mang thai <\/span><\/li>\n<\/ol>\n<\/li>\n<\/ol>\n<p>N<\/p>\n<ol>\n<li style=\"list-style-type: none;\">\n<ol>\n<li style=\"font-weight: 400;\"><span style=\"font-weight: 400;\"> Kh\u00f4ng c\u00f3 v\u1ea5n \u0111\u1ec1 v\u1ec1 tim ho\u1eb7c c\u00e1c t\u00ecnh tr\u1ea1ng y t\u1ebf nghi\u00eam tr\u1ecdng kh\u00e1c <\/span><\/li>\n<\/ol>\n<\/li>\n<\/ol>\n<p>N<\/p>\n<ol>\n<li style=\"list-style-type: none;\">\n<ol>\n<li style=\"font-weight: 400;\"><span style=\"font-weight: 400;\">H\u1ea7u h\u1ebft du kh\u00e1ch c\u00f3 th\u1ec3 tham gia<\/span><\/li>\n<\/ol>\n<\/li>\n<\/ol>\n<p>N<\/p>\n<p>N<\/p>\n<h4><b><i>Ch\u00ednh s\u00e1ch h\u1ee7y<\/i><\/b><\/h4>\n<p>n\u0110\u1ec3 \u0111\u01b0\u1ee3c ho\u00e0n l\u1ea1i to\u00e0n b\u1ed9 s\u1ed1 ti\u1ec1n, vui l\u00f2ng \u0111\u1ecdc ch\u00ednh s\u00e1ch H\u1ee7y c\u1ee7a ch\u00fang t\u00f4i\u00a0<a href=\"https:\/\/www.boattoursamana.com\/vi\/dat-phong-truc-tuyen\/\" target=\"_blank\" rel=\"noopener\" data-saferedirecturl=\"https:\/\/www.google.com\/url?q=https:\/\/www.boattoursamana.com\/online-booking\/&amp;source=gmail&amp;ust=1672532492004000&amp;usg=AOvVaw3ylqI1cdbIPTimEqEWneyd\">B\u1ea5m v\u00e0o \u0111\u00e2y<\/a>. Ti\u1ec1n s\u1ebd b\u1ecb m\u1ea5t n\u1ebfu \u0111\u1eb7t ch\u1ed7 b\u1ecb h\u1ee7y trong c\u00f9ng ng\u00e0y c\u1ee7a chuy\u1ebfn \u0111i.<\/p>\n\n\t\t<\/div>\n\t<\/div>\n<\/div><\/div><\/div><\/div><div class=\"vc_row wpb_row vc_row-fluid\" ><div class=\"wpb_column vc_column_container vc_col-sm-12\"><div class=\"vc_column-inner\"><div class=\"wpb_wrapper\">\n\t<div class=\"wpb_video_widget wpb_content_element vc_clearfix   vc_video-aspect-ratio-169 vc_video-el-width-100 vc_video-align-left\" >\n\t\t<div class=\"wpb_wrapper\">\n\t\t\t<h2 class=\"wpb_heading wpb_video_heading\">Xem video:<\/h2>\n\t\t\t<div class=\"wpb_video_wrapper\"><a href=\"https:\/\/vimeo.com\/263076708\" rel=\"noopener\">https:\/\/vimeo.com\/263076708<\/a><\/div>\n\t\t<\/div>\n\t<\/div>\n<\/div><\/div><\/div><\/div><div class=\"vc_row wpb_row vc_row-fluid\" ><div class=\"wpb_column vc_column_container vc_col-sm-12\"><div class=\"vc_column-inner\"><div class=\"wpb_wrapper\"><div class=\"vc_empty_space\"   style=\"height: 32px\"><span class=\"vc_empty_space_inner\"><\/span><\/div>\n\t<div class=\"wpb_text_column wpb_content_element\" >\n\t\t<div class=\"wpb_wrapper\">\n\t\t\t<p>\nN<\/p>\n<h4>Li\u00ean h\u1ec7 ch\u00fang t\u00f4i?<\/h4>\n<p>N<\/p>\n<h5>\u0111\u1eb7t ph\u00f2ng phi\u00eau l\u01b0u<\/h5>\n<p>N<em><strong>ng\u01b0\u1eddi d\u00e2n \u0111\u1ecba ph\u01b0\u01a1ng<\/strong>\u00a0v\u00e0\u00a0<strong>c\u00f4ng d\u00e2n<\/strong>\u00a0H\u01b0\u1edbng d\u1eabn vi\u00ean du l\u1ecbch &amp; D\u1ecbch v\u1ee5 kh\u00e1ch<\/em><br \/>\nN<br \/>\nN<span class=\"text-turquoise\">\u0111\u1eb7t ph\u00f2ng:<\/span>\u00a0Chuy\u1ebfn tham quan &amp; du ngo\u1ea1n t\u1ea1i Dom. Tr\u1ea3 l\u1eddi.<br \/>\nN<br \/>\nN<img decoding=\"async\" class=\"emoji\" draggable=\"false\" src=\"https:\/\/s.w.org\/images\/core\/emoji\/11.2.0\/svg\/1f4de.svg\" alt=\" \" title=\"\">\u00a0\u0110i\u1ec7n tho\u1ea1i \/ Whatsapp\u00a0\u00a0<a href=\"tel:+1-809-720-6035\">+1-809-720-6035<\/a>.<br \/>\nN<br \/>\nN<img decoding=\"async\" class=\"emoji\" draggable=\"false\" src=\"https:\/\/s.w.org\/images\/core\/emoji\/11.2.0\/svg\/1f4e9.svg\" alt=\" \" title=\"\">\u00a0<a href=\"mailto:info@bookingadventures.com.do\">info@bookingadventures.com.do<\/a><br \/>\nN<br \/>\nN<strong>Ch\u00fang t\u00f4i \u0111ang thi\u1ebft l\u1eadp linh ho\u1ea1t c\u00e1c chuy\u1ebfn tham quan ri\u00eang t\u01b0 b\u1eb1ng Whatsapp:\u00a0<a href=\"tel:+18097206035\">+18097206035.<\/a><\/strong><\/p>\n\n\t\t<\/div>\n\t<\/div>\n<div class=\"vc_empty_space\"   style=\"height: 32px\"><span class=\"vc_empty_space_inner\"><\/span><\/div><\/div><\/div><\/div><\/div><div class=\"vc_row wpb_row vc_row-fluid\" ><div class=\"wpb_column vc_column_container vc_col-sm-12\"><div class=\"vc_column-inner\"><div class=\"wpb_wrapper\"><div class=\"vc_btn3-container vc_btn3-inline\" ><button class=\"vc_general vc_btn3 vc_btn3-size-md vc_btn3-shape-rounded vc_btn3-style-modern vc_btn3-color-green\">\u0110\u0102\u0323T B\u00c2Y GI\u1edc<\/button><\/div><\/div><\/div><\/div><\/div>","protected":false},"excerpt":{"rendered":"<p>El viaje comienza recogi\u00e9ndolo en su hotel o en el aeropuerto en el \u00e1rea de Saman\u00e1 de Las Galeras. Comience su experiencia en Playa El Valle, una hermosa y \u00fanica playa cerca de Saman\u00e1. Disfrute de un viaje en bote de 25 minutos a Playa Ermita\u00f1o, que es una playa a\u00fan inexplorada y aislada con agua azul turquesa. Disfruta del agua de coco fresca. Descubra la belleza real e intacta de la Rep\u00fablica Dominicana y sum\u00e9rjase en la naturaleza mientras [&hellip;]<\/p>\n","protected":false},"author":2,"featured_media":0,"parent":0,"menu_order":0,"comment_status":"closed","ping_status":"closed","template":"","meta":{"footnotes":""},"class_list":["post-15773","page","type-page","status-publish","hentry"],"_links":{"self":[{"href":"https:\/\/www.boattoursamana.com\/vi\/wp-json\/wp\/v2\/pages\/15773","targetHints":{"allow":["GET"]}}],"collection":[{"href":"https:\/\/www.boattoursamana.com\/vi\/wp-json\/wp\/v2\/pages"}],"about":[{"href":"https:\/\/www.boattoursamana.com\/vi\/wp-json\/wp\/v2\/types\/page"}],"author":[{"embeddable":true,"href":"https:\/\/www.boattoursamana.com\/vi\/wp-json\/wp\/v2\/users\/2"}],"replies":[{"embeddable":true,"href":"https:\/\/www.boattoursamana.com\/vi\/wp-json\/wp\/v2\/comments?post=15773"}],"version-history":[{"count":0,"href":"https:\/\/www.boattoursamana.com\/vi\/wp-json\/wp\/v2\/pages\/15773\/revisions"}],"wp:attachment":[{"href":"https:\/\/www.boattoursamana.com\/vi\/wp-json\/wp\/v2\/media?parent=15773"}],"curies":[{"name":"wp","href":"https:\/\/api.w.org\/{rel}","templated":true}]}}