{"id":15775,"date":"2023-07-15T07:43:40","date_gmt":"2023-07-15T07:43:40","guid":{"rendered":"https:\/\/www.ticketswhales.com\/bahia-de-las-aguilas-beach-day-trip-by-boat-day-pass-snorkeling-lunch\/"},"modified":"2023-07-15T07:43:40","modified_gmt":"2023-07-15T07:43:40","slug":"bahia-de-las-aguilas-beach-day-trip-by-boat-day-pass-snorkeling-lunch","status":"publish","type":"page","link":"https:\/\/www.boattoursamana.com\/vi\/bahia-de-las-aguilas-bai-bien-chuyen-di-trong-ngay-bang-thuyen-ngay-vuot-qua-lan-bien-bua-trua-2","title":{"rendered":"Bah\u00eda de las \u00c1guilas: Chuy\u1ebfn \u0111i trong ng\u00e0y tr\u00ean b\u00e3i bi\u1ec3n b\u1eb1ng thuy\u1ec1n \u2013 V\u00e9 trong ng\u00e0y \u2013 L\u1eb7n bi\u1ec3n &amp; \u0102n tr\u01b0a"},"content":{"rendered":"<p><span style=\"vertical-align: inherit;\"><span style=\"vertical-align: inherit;\">Compre un boleto de un day a Bah\u00eda las \u00c1guilas desde Barahona. <\/span><span style=\"vertical-align: inherit;\">Conduciendo b\u1edfi el parque qu\u1ed1c gia Jaragua v\u00e0 rumbo Cabo Rojo, donde un bote lo espera. <\/span><span style=\"vertical-align: inherit;\">Despu\u00e9s de un viaje de las \u00c1guilas 15 ph\u00fat, llegar\u00e1 a la hermosa y aislada Bah\u00eda de las \u00c1guilas, coi la playa more hermosa del pa\u00eds. <\/span><span style=\"vertical-align: inherit;\">Elmuerzo se servir\u00e1 en la playa v\u00e0 c\u00f3 xu h\u01b0\u1edbng l\u00e0 c\u01a1 h\u1ed9i cu\u1ed1i c\u00f9ng ho\u1eb7c \u0111\u01a1n gi\u1ea3n l\u00e0 gi\u1ea3i ph\u00f3ng en la playa. <\/span><span style=\"vertical-align: inherit;\">Disfrute de la pr\u00edstina Arena blanca de esta playa 8 km de longitud.<\/span><\/span><br \/>\nN<br \/>\nN&Nbsp;<br \/>\nN<br \/>\nN<strong><span style=\"vertical-align: inherit;\"><span style=\"vertical-align: inherit;\">L\u1ef1a ch\u1ecdn ng\u00e0y h\u00f4m nay cho cu\u1ed9c s\u1ed1ng c\u1ee7a b\u1ea1n:<\/span><\/span><\/strong><\/p>\n<p>&nbsp;<\/p>\n<div class=\"vc_row wpb_row vc_row-fluid\" ><div class=\"wpb_column vc_column_container vc_col-sm-12\"><div class=\"vc_column-inner\"><div class=\"wpb_wrapper\"><div class=\"vc_btn3-container vc_btn3-inline\" ><button class=\"vc_general vc_btn3 vc_btn3-size-md vc_btn3-shape-rounded vc_btn3-style-modern vc_btn3-color-green\">\u0110\u0102\u0323T B\u00c2Y GI\u1edc<\/button><\/div><div class=\"mkdf-section-title-holder\" style=\"text-align: left\">\n\t<div class=\"mkdf-st-inner\">\n\t\t\t\t\t<h5 class=\"mkdf-st-subtitle\" >\n\t\t\t\tV\u00e9 Ng\u00e0y - L\u1eb7n bi\u1ec3n &amp; \u0102n tr\u01b0a\t\t\t<\/h5>\n\t\t\t\t\t\t\t<h3 class=\"mkdf-st-title\" >\n\t\t\t\tBah\u00eda de las Aguilas: Chuy\u1ebfn \u0110i Trong Ng\u00e0y \u0110i Bi\u1ec3n B\u1eb1ng Thuy\u1ec1n\t\t\t<\/h3>\n\t\t\t\t\t<\/div>\n<\/div><\/div><\/div><\/div><\/div><div class=\"vc_row wpb_row vc_row-fluid\" ><\/div><div class=\"wpb_column vc_column_container vc_col-sm-12\"><div class=\"vc_column-inner\"><div class=\"wpb_wrapper\"><\/div><\/div><\/div>\n\t<div class=\"wpb_text_column wpb_content_element\" >\n\t\t<div class=\"wpb_wrapper\">\n\t\t\t<p>\nN<br \/>\nT\u00f4i l\u00e0 kh\u1ed1i v\u0103n b\u1ea3n. Nh\u1ea5p v\u00e0o n\u00fat ch\u1ec9nh s\u1eeda \u0111\u1ec3 thay \u0111\u1ed5i v\u0103n b\u1ea3n n\u00e0y. Lorem ipsum dolor sit amet, consectetur adipiscing elit. Ut elit tellus, luctus nec ullamcorper mattis, pulvinar dapibus leo.<br \/>\nN<br \/>\nN<\/p>\n\n\t\t<\/div>\n\t<\/div>\n<div class=\"vc_row wpb_row vc_row-fluid\" ><div class=\"wpb_column vc_column_container vc_col-sm-12\"><div class=\"vc_column-inner\"><div class=\"wpb_wrapper\"><div class=\"vc_btn3-container vc_btn3-inline\" ><button class=\"vc_general vc_btn3 vc_btn3-size-md vc_btn3-shape-rounded vc_btn3-style-modern vc_btn3-color-green\">\u0110\u0102\u0323T B\u00c2Y GI\u1edc<\/button><\/div><\/div><\/div><\/div><\/div>","protected":false},"excerpt":{"rendered":"<p>Compre un boleto de un d\u00eda a Bah\u00eda las \u00c1guilas desde Barahona. Conduciendo por el parque nacional Jaragua y rumbo a Cabo Rojo, donde un bote lo espera. Despu\u00e9s de un viaje de 15 minutos en bote, llegar\u00e1 a la hermosa y aislada Bah\u00eda de las \u00c1guilas, considerada la playa m\u00e1s hermosa del pa\u00eds. El almuerzo se servir\u00e1 en la playa y tendr\u00e1 la oportunidad de nadar o simplemente relajarse en la playa. Disfrute de la pr\u00edstina arena blanca de [&hellip;]<\/p>\n","protected":false},"author":2,"featured_media":0,"parent":0,"menu_order":0,"comment_status":"open","ping_status":"closed","template":"","meta":{"footnotes":""},"class_list":["post-15775","page","type-page","status-publish","hentry"],"_links":{"self":[{"href":"https:\/\/www.boattoursamana.com\/vi\/wp-json\/wp\/v2\/pages\/15775","targetHints":{"allow":["GET"]}}],"collection":[{"href":"https:\/\/www.boattoursamana.com\/vi\/wp-json\/wp\/v2\/pages"}],"about":[{"href":"https:\/\/www.boattoursamana.com\/vi\/wp-json\/wp\/v2\/types\/page"}],"author":[{"embeddable":true,"href":"https:\/\/www.boattoursamana.com\/vi\/wp-json\/wp\/v2\/users\/2"}],"replies":[{"embeddable":true,"href":"https:\/\/www.boattoursamana.com\/vi\/wp-json\/wp\/v2\/comments?post=15775"}],"version-history":[{"count":0,"href":"https:\/\/www.boattoursamana.com\/vi\/wp-json\/wp\/v2\/pages\/15775\/revisions"}],"wp:attachment":[{"href":"https:\/\/www.boattoursamana.com\/vi\/wp-json\/wp\/v2\/media?parent=15775"}],"curies":[{"name":"wp","href":"https:\/\/api.w.org\/{rel}","templated":true}]}}