{"id":15781,"date":"2023-07-15T07:43:40","date_gmt":"2023-07-15T07:43:40","guid":{"rendered":"https:\/\/www.ticketswhales.com\/los-haitises-national-park-tour-from-las-terrenas-samana-half-day-trip-lunch-at-cano-hondo\/"},"modified":"2023-07-15T07:43:40","modified_gmt":"2023-07-15T07:43:40","slug":"los-haitises-national-park-tour-from-las-terrenas-samana-half-day-trip-lunch-at-cano-hondo","status":"publish","type":"page","link":"https:\/\/www.boattoursamana.com\/vi\/chuyen-tham-quan-cong-vien-quoc-gia-los-haitises-tu-las-terrenas-samana-chuyen-di-nua-ngay-an-trua-tai-cano-hondo","title":{"rendered":"Tham quan C\u00f4ng vi\u00ean Qu\u1ed1c gia Los Haitises t\u1eeb Las Terrenas, Saman\u00e1. Chuy\u1ebfn \u0111i n\u1eeda ng\u00e0y. \u0102n tr\u01b0a t\u1ea1i Ca\u00f1o Hondo."},"content":{"rendered":"<p>Chuy\u1ebfn tham quan t\u1eeb Las Terrenas \u0111\u1ebfn C\u00f4ng vi\u00ean Qu\u1ed1c gia Los Haitises n\u00e0y bao g\u1ed3m B\u1eefa tr\u01b0a v\u00e0 Ph\u01b0\u01a1ng ti\u1ec7n di chuy\u1ec3n \u0111\u1ec3 tham quan 3 hang \u0111\u1ed9ng ch\u00ednh, kh\u00e1m ph\u00e1 2 khu r\u1eebng ng\u1eadp m\u1eb7n kh\u00e1c nhau v\u00e0 t\u1ea5t nhi\u00ean l\u00e0 c\u00e2u c\u00e1, ng\u1eafm chim.<br \/>\nN<br \/>\nN<span style=\"vertical-align: inherit;\"><span style=\"vertical-align: inherit;\">Viaje ecol\u00f3gico al Parque Nacional Los Haitises con un gu\u00eda tur\u00edstico \u0111\u1ecba ph\u01b0\u01a1ng. <\/span><span style=\"vertical-align: inherit;\">Visitando Los Cayos t\u1ea1i C\u00f4ng vi\u00ean qu\u1ed1c gia Los Haitises, Manglares, Vegetaci\u00f3n, Observaci\u00f3n de aves, Cuevas, Ch\u1eef t\u01b0\u1ee3ng h\u00ecnh v\u00e0 c\u00e1c khu v\u1ef1c l\u1ecbch s\u1eed c\u1ee7a Sabana de la Mar t\u1ea1i C\u00f4ng vi\u00ean qu\u1ed1c gia Los Haitises.<\/span><\/span><br \/>\nN<br \/>\nN&Nbsp;<br \/>\nN<br \/>\nN<strong><span style=\"vertical-align: inherit;\"><span style=\"vertical-align: inherit;\">Ch\u1ecdn l\u1ef1a cu\u1ed9c phi\u00eau l\u01b0u cho el Tour:\u00a0<\/span><\/span><\/strong><\/p>\n<p>&nbsp;<\/p>\n<div class=\"vc_row wpb_row vc_row-fluid\" ><div class=\"wpb_column vc_column_container vc_col-sm-12\"><div class=\"vc_column-inner\"><div class=\"wpb_wrapper\"><div class=\"mkdf-section-title-holder\" style=\"text-align: left\">\n\t<div class=\"mkdf-st-inner\">\n\t\t\t\t\t<h5 class=\"mkdf-st-subtitle\" >\n\t\t\t\tBao g\u1ed3m ph\u01b0\u01a1ng ti\u1ec7n di chuy\u1ec3n &amp; b\u1eefa tr\u01b0a\t\t\t<\/h5>\n\t\t\t\t\t\t\t<h3 class=\"mkdf-st-title\" >\n\t\t\t\tChuy\u1ebfn tham quan C\u00f4ng vi\u00ean Qu\u1ed1c gia Los Haitises t\u1eeb Las Terrenas de Samana. Chuy\u1ebfn \u0111i n\u1eeda ng\u00e0y.\t\t\t<\/h3>\n\t\t\t\t\t<\/div>\n<\/div><\/div><\/div><\/div><\/div><div class=\"vc_row wpb_row vc_row-fluid\" ><\/div><div class=\"wpb_column vc_column_container vc_col-sm-12\"><div class=\"vc_column-inner\"><div class=\"wpb_wrapper\"><\/div><\/div><\/div>\n\t<div class=\"wpb_text_column wpb_content_element\" >\n\t\t<div class=\"wpb_wrapper\">\n\t\t\t<p>\nN<br \/>\nT\u00f4i l\u00e0 kh\u1ed1i v\u0103n b\u1ea3n. Nh\u1ea5p v\u00e0o n\u00fat ch\u1ec9nh s\u1eeda \u0111\u1ec3 thay \u0111\u1ed5i v\u0103n b\u1ea3n n\u00e0y. Lorem ipsum dolor sit amet, consectetur adipiscing elit. Ut elit tellus, luctus nec ullamcorper mattis, pulvinar dapibus leo.<br \/>\nN<br \/>\nN<\/p>\n\n\t\t<\/div>\n\t<\/div>\n<div class=\"vc_row wpb_row vc_row-fluid\" ><\/div><div class=\"wpb_column vc_column_container vc_col-sm-12\"><div class=\"vc_column-inner\"><div class=\"wpb_wrapper\"><\/div><\/div><\/div>\n\t<div class=\"wpb_video_widget wpb_content_element vc_clearfix   vc_video-aspect-ratio-169 vc_video-el-width-100 vc_video-align-left\" >\n\t\t<div class=\"wpb_wrapper\">\n\t\t\t\n\t\t\t<div class=\"wpb_video_wrapper\"><iframe loading=\"lazy\" title=\"C\u00f4ng vi\u00ean Qu\u1ed1c gia Los Haitises, Chuy\u1ebfn tham quan &amp; Du ngo\u1ea1n T\u1eeb Samana ho\u1eb7c Sabana de la Mar. \u0110\u1eb7t t\u1ea1i \u0111\u00e2y:\" src=\"https:\/\/player.vimeo.com\/video\/346508015?dnt=1&amp;app_id=122963\" width=\"1100\" height=\"619\" frameborder=\"0\" allow=\"autoplay; fullscreen; picture-in-picture\" allowfullscreen><\/iframe><\/div>\n\t\t<\/div>\n\t<\/div>\n<div class=\"vc_row wpb_row vc_row-fluid\" ><\/div><div class=\"wpb_column vc_column_container vc_col-sm-12\"><div class=\"vc_column-inner\"><div class=\"wpb_wrapper\"><\/div><\/div><\/div><div class=\"vc_empty_space\"   style=\"height: 32px\"><span class=\"vc_empty_space_inner\"><\/span><\/div><div class=\"vc_empty_space\"   style=\"height: 32px\"><span class=\"vc_empty_space_inner\"><\/span><\/div>","protected":false},"excerpt":{"rendered":"<p>This excursion from Las Terrenas to Los Haitises National Park includes Lunch and Transportation for a visit to the 3 main caves, an exploration of 2 different mangroves and of course fishing bird watching. n nViaje ecol\u00f3gico al Parque Nacional Los Haitises con un gu\u00eda tur\u00edstico local. Visitando los Cayos en el Parque Nacional Los Haitises, Manglares, Vegetaci\u00f3n, Observaci\u00f3n de aves, Cuevas, Pictogramas y las \u00e1reas hist\u00f3ricas de Sabana de la Mar en el Parque Nacional Los Haitises. n n&nbsp; [&hellip;]<\/p>\n","protected":false},"author":2,"featured_media":0,"parent":0,"menu_order":0,"comment_status":"open","ping_status":"closed","template":"","meta":{"footnotes":""},"class_list":["post-15781","page","type-page","status-publish","hentry"],"_links":{"self":[{"href":"https:\/\/www.boattoursamana.com\/vi\/wp-json\/wp\/v2\/pages\/15781","targetHints":{"allow":["GET"]}}],"collection":[{"href":"https:\/\/www.boattoursamana.com\/vi\/wp-json\/wp\/v2\/pages"}],"about":[{"href":"https:\/\/www.boattoursamana.com\/vi\/wp-json\/wp\/v2\/types\/page"}],"author":[{"embeddable":true,"href":"https:\/\/www.boattoursamana.com\/vi\/wp-json\/wp\/v2\/users\/2"}],"replies":[{"embeddable":true,"href":"https:\/\/www.boattoursamana.com\/vi\/wp-json\/wp\/v2\/comments?post=15781"}],"version-history":[{"count":0,"href":"https:\/\/www.boattoursamana.com\/vi\/wp-json\/wp\/v2\/pages\/15781\/revisions"}],"wp:attachment":[{"href":"https:\/\/www.boattoursamana.com\/vi\/wp-json\/wp\/v2\/media?parent=15781"}],"curies":[{"name":"wp","href":"https:\/\/api.w.org\/{rel}","templated":true}]}}