{"id":15784,"date":"2023-07-15T07:43:40","date_gmt":"2023-07-15T07:43:40","guid":{"rendered":"https:\/\/www.ticketswhales.com\/punta-cana-buggy-tour-pick-up-from-punta-cana-hotels\/"},"modified":"2023-07-15T07:43:40","modified_gmt":"2023-07-15T07:43:40","slug":"punta-cana-buggy-tour-pick-up-from-punta-cana-hotels","status":"publish","type":"page","link":"https:\/\/www.boattoursamana.com\/vi\/punta-cana-buggy-tour-don-tu-punta-cana-khach-san-2","title":{"rendered":"Tour Xe Bu\u00fdt Punta Cana \u2013 \u0110\u00f3n Kh\u00e1ch T\u1eeb Kh\u00e1ch S\u1ea1n Punta Cana"},"content":{"rendered":"<p>Sau khi \u0111\u00f3n b\u1ea1n t\u1eeb kh\u00e1ch s\u1ea1n c\u1ee7a b\u1ea1n, ch\u00fang t\u00f4i s\u1ebd \u0111i \u0111\u1ebfn n\u1ed9i th\u1ea5t c\u1ee7a Cana Cana. \u0111\u01b0\u1ee3c bao quanh b\u1edfi\u00a0<strong>\u0111\u1ed3n \u0111i\u1ec1n c\u00e0 ph\u00ea v\u00e0 ca cao<\/strong>, c\u1ee7a b\u1ea1n\u00a0<strong>h\u01b0\u1edbng d\u1eabn \u0111\u1ecba ph\u01b0\u01a1ng<\/strong>\u00a0s\u1ebd gi\u1ea3i th\u00edch v\u1ec1 chuy\u1ebfn tham quan v\u00e0 m\u1ecdi th\u1ee9 b\u1ea1n c\u1ea7n bi\u1ebft \u0111\u1ec3 l\u00e1i chi\u1ebfc xe l\u00f4i c\u1ee7a m\u00ecnh.<br \/>\nN<br \/>\nSau \u0111\u00f3, ch\u00fang t\u00f4i s\u1ebd v\u1eb7n ch\u00eca kh\u00f3a \u0111\u00e1nh l\u1eeda v\u00e0 b\u1eaft \u0111\u1ea7u s\u1ef1 ph\u1ea5n kh\u00edch, k\u00e9o kh\u00f3a\u00a0<strong>\u0111\u1ed3i, qua \u0111\u1ed3n \u0111i\u1ec1n c\u00e0 ph\u00ea v\u00e0 d\u1ecdc theo nh\u1eefng con \u0111\u01b0\u1eddng \u0111\u1ea5t v\u00e0 l\u00f2ng s\u00f4ng<\/strong>.<br \/>\nN<br \/>\nN&Nbsp;<br \/>\nN<br \/>\nN<em><strong>Vui l\u00f2ng ch\u1ecdn ng\u00e0y cho chuy\u1ebfn tham quan\u00a0<\/strong><\/em><\/p>\n<p>&nbsp;<\/p>\n<div class=\"vc_row wpb_row vc_row-fluid\" ><div class=\"wpb_column vc_column_container vc_col-sm-12\"><div class=\"vc_column-inner\"><div class=\"wpb_wrapper\"><div class=\"mkdf-section-title-holder\" style=\"text-align: left\">\n\t<div class=\"mkdf-st-inner\">\n\t\t\t\t\t<h5 class=\"mkdf-st-subtitle\" >\n\t\t\t\tT\u1eeb c\u00e1c kh\u00e1ch s\u1ea1n \u1edf Punta Cana\t\t\t<\/h5>\n\t\t\t\t\t\t\t<h3 class=\"mkdf-st-title\" >\n\t\t\t\tPunta Cana Xe \u0110\u1ea9y - Buggy\t\t\t<\/h3>\n\t\t\t\t\t\t\t<p class=\"mkdf-st-text\" >\n\t\t\t\tL\u01b0u \u00fd: Chuy\u1ebfn tham quan n\u00e0y b\u1eaft \u0111\u1ea7u l\u00fac 7:00 s\u00e1ng T\u00f9y thu\u1ed9c v\u00e0o kh\u00e1ch s\u1ea1n \u0111\u00f3n \u1edf \u0111\u00e2u m\u00e0 th\u1eddi gian c\u00f3 th\u1ec3 thay \u0111\u1ed5i. Chi ph\u00ed b\u1ed5 sung cho Nh\u1eadn t\u1ea1i c\u00e1c Khu v\u1ef1c kh\u00f4ng \u0111\u01b0\u1ee3c li\u1ec7t k\u00ea trong M\u00f4 t\u1ea3 c\u1ee7a ch\u00fang t\u00f4i.\t\t\t<\/p>\n\t\t\t<\/div>\n<\/div><\/div><\/div><\/div><\/div><div class=\"vc_row wpb_row vc_row-fluid\" ><div class=\"wpb_column vc_column_container vc_col-sm-12\"><div class=\"vc_column-inner\"><div class=\"wpb_wrapper\"><div class=\"vc_empty_space\"   style=\"height: 32px\"><span class=\"vc_empty_space_inner\"><\/span><\/div><\/div><\/div><\/div><\/div><div class=\"vc_row wpb_row vc_row-fluid\" ><div class=\"wpb_column vc_column_container vc_col-sm-12\"><div class=\"vc_column-inner\"><div class=\"wpb_wrapper\">\n\t<div class=\"wpb_text_column wpb_content_element\" >\n\t\t<div class=\"wpb_wrapper\">\n\t\t\t<p>\nN<\/p>\n<h4><b><i>T\u1ed5ng quan <\/i><\/b><\/h4>\n<p>N<\/p>\n<div>\nN<br \/>\nTham quan phong c\u1ea3nh thi\u00ean \u0111\u01b0\u1eddng c\u1ee7a Punta Cana, tr\u00ean chi\u1ebfc xe l\u00f4i c\u1ee7a ri\u00eang b\u1ea1n! b\u1ea1n s\u1ebd <strong>kh\u00e1m ph\u00e1 ng\u00f4i l\u00e0ng Macao v\u00e0 nh\u1eefng b\u00e3i bi\u1ec3n b\u00ecnh d\u1ecb c\u1ee7a n\u00f3<\/strong>, c\u0169ng nh\u01b0 ng\u00e2m m\u00ecnh trong m\u1ed9t cenote b\u1ea3n \u0111\u1ecba.<br \/>\nN<br \/>\nN<\/div>\n<p>N<\/p>\n<ul class=\"vcs-highlights\">\nN \t<\/p>\n<li>L\u1ef1a ch\u1ecdn nhi\u1ec1u chuy\u1ebfn kh\u1edfi h\u00e0nh trong ng\u00e0y<\/li>\n<p>N \t<\/p>\n<li>T\u1eadn h\u01b0\u1edfng khung c\u1ea3nh tuy\u1ec7t v\u1eddi<\/li>\n<p>N \t<\/p>\n<li>Gia \u0111\u00ecnh th\u00e2n thi\u1ec7n<\/li>\n<p>N \t<\/p>\n<li>\u0110\u00f3n kh\u00e1ch t\u1eeb m\u1ed9t \u0111i\u1ec3m t\u1eadp trung n\u1eb1m \u1edf trung t\u00e2m<\/li>\n<p>N \t<\/p>\n<li>Tr\u1ea3i nghi\u1ec7m l\u00e3ng m\u1ea1n, ho\u00e0n h\u1ea3o cho c\u00e1c c\u1eb7p \u0111\u00f4i<\/li>\n<p>N<\/ul>\n<p>N&Nbsp;<br \/>\nN<\/p>\n<h4><b>Bao g\u1ed3m &amp; Lo\u1ea1i tr\u1eeb<\/b><\/h4>\n<p>N&Nbsp;<br \/>\nN<br \/>\nN<b>bao g\u1ed3m<\/b><br \/>\nN<br \/>\nN&Nbsp;<br \/>\nN<\/p>\n<ol>\nN \t<\/p>\n<li>Tour Xe Bu\u00fdt<\/li>\n<p>N \t<\/p>\n<li>Xe bu\u00fdt \u0111\u00f3n t\u1eeb kh\u00e1ch s\u1ea1n c\u1ee7a b\u1ea1n<\/li>\n<p>N \t<\/p>\n<li style=\"font-weight: 400;\"><span style=\"font-weight: 400;\">T\u1ea5t c\u1ea3 c\u00e1c lo\u1ea1i thu\u1ebf, ph\u00ed v\u00e0 l\u1ec7 ph\u00ed x\u1eed l\u00fd<\/span><\/li>\n<p>N \t<\/p>\n<li style=\"font-weight: 400;\"><span style=\"font-weight: 400;\">Thu\u1ebf \u0111\u1ecba ph\u01b0\u01a1ng<\/span><\/li>\n<p>N \t<\/p>\n<li style=\"font-weight: 400;\"><span style=\"font-weight: 400;\">n\u01b0\u1edbc gi\u1ea3i kh\u00e1t<\/span><\/li>\n<p>N<\/ol>\n<p>N<b> lo\u1ea1i tr\u1eeb<\/b><br \/>\nN<\/p>\n<ol>\nN \t<\/p>\n<li style=\"font-weight: 400;\"><span style=\"font-weight: 400;\">ti\u1ec1n th\u01b0\u1edfng<\/span><\/li>\n<p>N \t<\/p>\n<li>B\u1eefa tr\u01b0a<\/li>\n<p>N<\/ol>\n<p>N&Nbsp;<br \/>\nN<\/p>\n<h4><em><strong>Kh\u1edfi h\u00e0nh &amp; Tr\u1edf v\u1ec1<\/strong><\/em><\/h4>\n<p>N<span style=\"font-weight: 400;\">Kh\u00e1ch du l\u1ecbch s\u1ebd nh\u1eadn \u0111\u01b0\u1ee3c m\u1ed9t \u0111i\u1ec3m g\u1eb7p g\u1ee1 sau Quy tr\u00ecnh \u0111\u1eb7t ch\u1ed7. C\u00e1c chuy\u1ebfn tham quan b\u1eaft \u0111\u1ea7u v\u00e0 k\u1ebft th\u00fac t\u1ea1i c\u00e1c \u0111i\u1ec3m g\u1eb7p g\u1ee1 c\u1ee7a ch\u00fang t\u00f4i.<\/span><br \/>\nN<br \/>\nN&Nbsp;<br \/>\nN<\/p>\n<h4><b><i>Mong \u0111\u1ee3i \u0111i\u1ec1u g\u00ec?<\/i><\/b><\/h4>\n<p>Sau khi \u0111\u00f3n b\u1ea1n t\u1eeb kh\u00e1ch s\u1ea1n c\u1ee7a b\u1ea1n, ch\u00fang t\u00f4i s\u1ebd \u0111i \u0111\u1ebfn n\u1ed9i th\u1ea5t c\u1ee7a Cana Cana. \u0111\u01b0\u1ee3c bao quanh b\u1edfi <strong>\u0111\u1ed3n \u0111i\u1ec1n c\u00e0 ph\u00ea v\u00e0 ca cao<\/strong>, c\u1ee7a b\u1ea1n\u00a0<strong>h\u01b0\u1edbng d\u1eabn \u0111\u1ecba ph\u01b0\u01a1ng<\/strong>\u00a0s\u1ebd gi\u1ea3i th\u00edch v\u1ec1 chuy\u1ebfn tham quan v\u00e0 m\u1ecdi th\u1ee9 b\u1ea1n c\u1ea7n bi\u1ebft \u0111\u1ec3 l\u00e1i chi\u1ebfc xe l\u00f4i c\u1ee7a m\u00ecnh.<br \/>\nN<br \/>\nSau \u0111\u00f3, ch\u00fang t\u00f4i s\u1ebd v\u1eb7n ch\u00eca kh\u00f3a \u0111\u00e1nh l\u1eeda v\u00e0 b\u1eaft \u0111\u1ea7u s\u1ef1 ph\u1ea5n kh\u00edch, k\u00e9o kh\u00f3a\u00a0<strong>\u0111\u1ed3i, qua \u0111\u1ed3n \u0111i\u1ec1n c\u00e0 ph\u00ea v\u00e0 d\u1ecdc theo nh\u1eefng con \u0111\u01b0\u1eddng \u0111\u1ea5t v\u00e0 l\u00f2ng s\u00f4ng<\/strong>.<br \/>\nN<br \/>\n\u0110i\u1ec3m d\u1eebng ch\u00e2n \u0111\u1ea7u ti\u00ean c\u1ee7a ch\u00fang t\u00f4i s\u1ebd l\u00e0 b\u00e3i bi\u1ec3n Macao. C\u00e1ch xa c\u00e1c kh\u00e1ch s\u1ea1n l\u1edbn v\u00e0 khu du l\u1ecbch, \u0111\u00e2y\u00a0<strong>thi\u00ean \u0111\u01b0\u1eddng t\u1ef1 nhi\u00ean<\/strong>\u00a0v\u00e0 l\u00e0n n\u01b0\u1edbc trong v\u1eaft c\u1ee7a n\u00f3 l\u00e0 n\u01a1i l\u00fd t\u01b0\u1edfng \u0111\u1ec3 ng\u00e2m m\u00ecnh, v\u00e0 \u1edf \u0111\u00e2y b\u1ea1n s\u1ebd c\u00f3 th\u1eddi gian r\u1ea3nh \u0111\u1ec3\u00a0<strong>b\u01a1i trong bi\u1ec3n Caribbean tuy\u1ec7t \u0111\u1eb9p<\/strong>.<br \/>\nN<br \/>\nSau \u0111\u00f3, ch\u00fang t\u00f4i s\u1ebd leo tr\u1edf l\u1ea1i chi\u1ebfc xe l\u00f4i c\u1ee7a m\u00ecnh, tr\u00ean \u0111\u01b0\u1eddng \u0111\u1ebfn c\u00e1i g\u1ecdi l\u00e0 &#039;Su\u1ed1i b\u1ea3n \u0111\u1ecba&#039;, kh\u00e1m ph\u00e1 m\u1ed9t trong nh\u1eefng n\u01a1i b\u00ecnh d\u1ecb nh\u1ea5t<strong>\u00a0h\u1ed1 s\u00e2u<\/strong>\u00a0\u1edf Punta Cana. T\u1ea1i \u0111\u00e2y, b\u1ea1n s\u1ebd c\u00f3 n\u1eeda gi\u1edd t\u1ef1 do \u0111\u1ec3 kh\u00e1m ph\u00e1 h\u1ed3 b\u01a1i ng\u1ea7m n\u00e0y, b\u01a1i trong l\u00e0n n\u01b0\u1edbc m\u00e0u ng\u1ecdc lam.<br \/>\nN<br \/>\nCu\u1ed1i c\u00f9ng, ch\u00fang t\u00f4i s\u1ebd \u0111\u1ec3 l\u1ea1i nh\u1eefng chi\u1ebfc xe \u0111\u1ea9y ph\u00eda sau v\u00e0 ch\u00fang t\u00f4i s\u1ebd c\u00f9ng b\u1ea1n tr\u1edf v\u1ec1 ch\u1ed7 \u1edf c\u1ee7a b\u1ea1n, k\u1ebft th\u00fac m\u1ed9t ng\u00e0y kh\u00f3 qu\u00ean.<br \/>\nN<br \/>\nN<strong>Th\u1eddi gian bi\u1ec3u:<\/strong><br \/>\nN<br \/>\nn7:00 AM \u2013 7:00 PM\u2026 Th\u1eddi gian thay \u0111\u1ed5i t\u00f9y thu\u1ed9c v\u00e0o v\u1ecb tr\u00ed c\u1ee7a b\u1ea1n \u1edf Punta Cana.<br \/>\nN<\/p>\n<h4>M\u1ed9t m\u00ecnh hay chia s\u1ebb?<\/h4>\n<p>Khi \u0111\u1eb7t ch\u1ed7, b\u1ea1n c\u00f3 th\u1ec3 ch\u1ecdn xem m\u00ecnh mu\u1ed1n t\u1ef1 m\u00ecnh l\u00e1i xe l\u00f4i hay chia s\u1ebb ph\u01b0\u01a1ng ti\u1ec7n v\u1edbi m\u1ed9t ho\u1eb7c ba ng\u01b0\u1eddi kh\u00e1c. Gi\u00e1 hi\u1ec3n th\u1ecb l\u00e0 cho m\u1ed7i ng\u01b0\u1eddi.<br \/>\nN<br \/>\nN&Nbsp;<br \/>\nN<\/p>\n<h4><em><strong>B\u1ea1n n\u00ean mang theo nh\u1eefng g\u00ec?<\/strong><\/em><\/h4>\n<p>N<\/p>\n<ul>\nN \t<\/p>\n<li style=\"font-weight: 400;\"><span style=\"font-weight: 400;\">M\u00e1y \u1ea3nh<\/span><\/li>\n<p>N \t<\/p>\n<li style=\"font-weight: 400;\"><span style=\"font-weight: 400;\">ch\u1ed3i \u0111u\u1ed5i<\/span><\/li>\n<p>N \t<\/p>\n<li style=\"font-weight: 400;\"><span style=\"font-weight: 400;\">kem ch\u1ed1ng n\u1eafng<\/span><\/li>\n<p>N \t<\/p>\n<li style=\"font-weight: 400;\"><span style=\"font-weight: 400;\">m\u0169<\/span><\/li>\n<p>N \t<\/p>\n<li style=\"font-weight: 400;\"><span style=\"font-weight: 400;\">qu\u1ea7n tho\u1ea3i m\u00e1i<\/span><\/li>\n<p>N \t<\/p>\n<li style=\"font-weight: 400;\"><span style=\"font-weight: 400;\">Gi\u00e0y leo n\u00fai \u0111i r\u1eebng<\/span><\/li>\n<p>N \t<\/p>\n<li style=\"font-weight: 400;\"><span style=\"font-weight: 400;\">Sandal \u0111i bi\u1ec3n<\/span><\/li>\n<p>N \t<\/p>\n<li style=\"font-weight: 400;\"><span style=\"font-weight: 400;\">\u0111\u1ed3 b\u01a1i<\/span><\/li>\n<p>N \t<\/p>\n<li>Ti\u1ec1n m\u1eb7t cho qu\u00e0 l\u01b0u ni\u1ec7m<\/li>\n<p>N<\/ul>\n<p>N&Nbsp;<br \/>\nN<\/p>\n<h4><b><i>\u0110\u00f3n kh\u00e1ch s\u1ea1n <\/i><\/b><\/h4>\n<p>N<span style=\"font-weight: 400;\">\u0110\u00f3n kh\u00e1ch du l\u1ecbch \u0111\u01b0\u1ee3c cung c\u1ea5p!<\/span><br \/>\nN<br \/>\nN<span style=\"font-weight: 400;\">Ch\u00fang t\u00f4i nh\u1eadn t\u1eeb t\u1ea5t c\u1ea3 c\u00e1c Kh\u00e1ch s\u1ea1n \u1edf Punta Cana. \u0110\u1ecba \u0111i\u1ec3m \u0111\u00f3n t\u1ea1i s\u1ea3nh kh\u00e1ch s\u1ea1n<br \/>\nN\u1ebfu b\u1ea1n \u0111ang \u1edf t\u1ea1i m\u1ed9t c\u0103n h\u1ed9 trong khu v\u1ef1c, ch\u00fang t\u00f4i s\u1ebd \u0111\u00f3n b\u1ea1n t\u1ea1i c\u0103n h\u1ed9 ho\u1eb7c \u1edf l\u1ed1i v\u00e0o c\u1ee7a khu ngh\u1ec9 d\u01b0\u1ee1ng g\u1ea7n nh\u1ea5t.. Ch\u00fang t\u00f4i \u0111\u00e3 thi\u1ebft l\u1eadp Pick Pick li\u00ean h\u1ec7 v\u1edbi ch\u00fang t\u00f4i b\u1eb1ng Whatsapp.<\/span><br \/>\nN<br \/>\nN<b>Ghi ch\u00fa:<\/b><span style=\"font-weight: 400;\"> N\u1ebfu b\u1ea1n \u0111\u1eb7t ch\u1ed7 trong v\u00f2ng 24 gi\u1edd k\u1ec3 t\u1eeb gi\u1edd kh\u1edfi h\u00e0nh chuy\u1ebfn tham quan\/Chuy\u1ebfn tham quan, ch\u00fang t\u00f4i c\u00f3 th\u1ec3 s\u1eafp x\u1ebfp d\u1ecbch v\u1ee5 \u0111\u00f3n kh\u00e1ch t\u1ea1i kh\u00e1ch s\u1ea1n. Sau khi giao d\u1ecbch mua c\u1ee7a b\u1ea1n ho\u00e0n t\u1ea5t, ch\u00fang t\u00f4i s\u1ebd g\u1eedi cho b\u1ea1n th\u00f4ng tin li\u00ean h\u1ec7 \u0111\u1ea7y \u0111\u1ee7 (s\u1ed1 \u0111i\u1ec7n tho\u1ea1i, \u0111\u1ecba ch\u1ec9 email, v.v.) \u0111\u1ec3 H\u01b0\u1edbng d\u1eabn vi\u00ean du l\u1ecbch \u0111\u1ecba ph\u01b0\u01a1ng c\u1ee7a ch\u00fang t\u00f4i s\u1eafp x\u1ebfp vi\u1ec7c \u0111\u00f3n kh\u00e1ch.<\/span><br \/>\nN<\/p>\n<h4><b><i>X\u00e1c nh\u1eadn th\u00f4ng tin b\u1ed5 sung <\/i><\/b><\/h4>\n<p>N<\/p>\n<ol>\nN \t<\/p>\n<li>V\u00e9 l\u00e0 Bi\u00ean lai sau khi thanh to\u00e1n Tour n\u00e0y. B\u1ea1n c\u00f3 th\u1ec3 hi\u1ec3n th\u1ecb thanh to\u00e1n tr\u00ean \u0111i\u1ec7n tho\u1ea1i c\u1ee7a m\u00ecnh.<\/li>\n<p>N \t<\/p>\n<li style=\"font-weight: 400;\"><span style=\"font-weight: 400;\">\u0110i\u1ec3m h\u1eb9n s\u1ebd nh\u1eadn \u0111\u01b0\u1ee3c sau qu\u00e1 tr\u00ecnh \u0111\u1eb7t ch\u1ed7.<\/span><\/li>\n<p>N \t<\/p>\n<li style=\"font-weight: 400;\"><strong>Tr\u1ebb em t\u1eeb 5 \u0111\u1ebfn 11<\/strong>\u00a0ch\u1ec9 c\u00f3 th\u1ec3 tham gia n\u1ebfu h\u1ecd \u0111i xe l\u00f4i 2 ho\u1eb7c 4 ng\u01b0\u1eddi, c\u00f3 ng\u01b0\u1eddi l\u1edbn \u0111i c\u00f9ng, v\u00ec h\u1ecd kh\u00f4ng th\u1ec3 l\u00e1i xe l\u00f4i.<\/li>\n<p>N \t<\/p>\n<li style=\"font-weight: 400;\"><span style=\"font-weight: 400;\">Xe l\u0103n cho ng\u01b0\u1eddi khuy\u1ebft <\/span><\/li>\n<p>N \t<\/p>\n<li style=\"font-weight: 400;\"><span style=\"font-weight: 400;\">Tr\u1ebb s\u01a1 sinh ph\u1ea3i ng\u1ed3i tr\u00ean \u0111\u00f9i <\/span><\/li>\n<p>N \t<\/p>\n<li style=\"font-weight: 400;\"><span style=\"font-weight: 400;\">H\u1ea7u h\u1ebft du kh\u00e1ch c\u00f3 th\u1ec3 tham gia<\/span><\/li>\n<p>N \t<\/p>\n<li><strong>Ph\u1ee5 n\u1eef mang thai<\/strong>\u00a0kh\u00f4ng \u0111\u01b0\u1ee3c tham gia ho\u1ea1t \u0111\u1ed9ng n\u00e0y.<\/li>\n<p>N<\/ol>\n<p>N<\/p>\n<h4><b><i>Ch\u00ednh s\u00e1ch h\u1ee7y<\/i><\/b><\/h4>\n<p>N<span style=\"font-weight: 400;\">\u0110\u1ec3 \u0111\u01b0\u1ee3c ho\u00e0n ti\u1ec1n \u0111\u1ea7y \u0111\u1ee7, vui l\u00f2ng \u0111\u1ecdc ch\u00ednh s\u00e1ch H\u1ee7y c\u1ee7a ch\u00fang t\u00f4i\u00a0<a href=\"https:\/\/www.boattoursamana.com\/vi\/dat-phong-truc-tuyen\/\" target=\"_blank\" rel=\"noopener\" data-saferedirecturl=\"https:\/\/www.google.com\/url?q=https:\/\/www.boattoursamana.com\/online-booking\/&amp;source=gmail&amp;ust=1672449202351000&amp;usg=AOvVaw1yAeVAPktmaVCqDujgUn90\">B\u1ea5m v\u00e0o \u0111\u00e2y<\/a>. Ti\u1ec1n s\u1ebd b\u1ecb m\u1ea5t n\u1ebfu \u0111\u1eb7t ch\u1ed7 b\u1ecb h\u1ee7y trong c\u00f9ng ng\u00e0y c\u1ee7a chuy\u1ebfn \u0111i.<\/span><\/p>\n\n\t\t<\/div>\n\t<\/div>\n<\/div><\/div><\/div><\/div><div class=\"vc_row wpb_row vc_row-fluid\" ><div class=\"wpb_column vc_column_container vc_col-sm-12\"><div class=\"vc_column-inner\"><div class=\"wpb_wrapper\">\n\t<div class=\"wpb_text_column wpb_content_element\" >\n\t\t<div class=\"wpb_wrapper\">\n\t\t\t<p>\nN<\/p>\n<h4>Li\u00ean h\u1ec7 ch\u00fang t\u00f4i?<\/h4>\n<p>N<\/p>\n<h5><em><strong>\u0111\u1eb7t ph\u00f2ng phi\u00eau l\u01b0u<\/strong><\/em><\/h5>\n<p>N<em><strong>ng\u01b0\u1eddi d\u00e2n \u0111\u1ecba ph\u01b0\u01a1ng<\/strong> v\u00e0 <strong>c\u00f4ng d\u00e2n<\/strong> H\u01b0\u1edbng d\u1eabn vi\u00ean du l\u1ecbch &amp; D\u1ecbch v\u1ee5 kh\u00e1ch<\/em><br \/>\nN<br \/>\nN<span class=\"text-turquoise\">\u0111\u1eb7t ph\u00f2ng:<\/span> Chuy\u1ebfn tham quan &amp; du ngo\u1ea1n t\u1ea1i Dom. Tr\u1ea3 l\u1eddi.<\/p>\n\n\t\t<\/div>\n\t<\/div>\n<\/div><\/div><\/div><\/div><div class=\"vc_row wpb_row vc_row-fluid\" ><div class=\"wpb_column vc_column_container vc_col-sm-12\"><div class=\"vc_column-inner\"><div class=\"wpb_wrapper\"><div class=\"vc_empty_space\"   style=\"height: 32px\"><span class=\"vc_empty_space_inner\"><\/span><\/div>\n\t<div class=\"wpb_text_column wpb_content_element\" >\n\t\t<div class=\"wpb_wrapper\">\n\t\t\t<p>\nN<\/p>\n<h4>Li\u00ean h\u1ec7 ch\u00fang t\u00f4i?<\/h4>\n<p>N<\/p>\n<h5>\u0111\u1eb7t ph\u00f2ng phi\u00eau l\u01b0u<\/h5>\n<p>N<em><strong>ng\u01b0\u1eddi d\u00e2n \u0111\u1ecba ph\u01b0\u01a1ng<\/strong>\u00a0v\u00e0\u00a0<strong>c\u00f4ng d\u00e2n<\/strong>\u00a0H\u01b0\u1edbng d\u1eabn vi\u00ean du l\u1ecbch &amp; D\u1ecbch v\u1ee5 kh\u00e1ch<\/em><br \/>\nN<br \/>\nN<span class=\"text-turquoise\">\u0111\u1eb7t ph\u00f2ng:<\/span>\u00a0Chuy\u1ebfn tham quan &amp; du ngo\u1ea1n t\u1ea1i Dom. Tr\u1ea3 l\u1eddi.<br \/>\nN<br \/>\nN<img decoding=\"async\" class=\"emoji\" draggable=\"false\" src=\"https:\/\/s.w.org\/images\/core\/emoji\/11.2.0\/svg\/1f4de.svg\" alt=\" \" title=\"\">\u00a0\u0110i\u1ec7n tho\u1ea1i \/ Whatsapp\u00a0\u00a0<a href=\"tel:+1-809-720-6035\">+1-809-720-6035<\/a>.<br \/>\nN<br \/>\nN<img decoding=\"async\" class=\"emoji\" draggable=\"false\" src=\"https:\/\/s.w.org\/images\/core\/emoji\/11.2.0\/svg\/1f4e9.svg\" alt=\" \" title=\"\">\u00a0<a href=\"mailto:info@bookingadventures.com.do\">info@bookingadventures.com.do<\/a><br \/>\nN<br \/>\nN<strong>Ch\u00fang t\u00f4i \u0111ang thi\u1ebft l\u1eadp linh ho\u1ea1t c\u00e1c chuy\u1ebfn tham quan ri\u00eang t\u01b0 b\u1eb1ng Whatsapp:\u00a0<a href=\"tel:+18097206035\">+18097206035.<\/a><\/strong><\/p>\n\n\t\t<\/div>\n\t<\/div>\n<div class=\"vc_empty_space\"   style=\"height: 32px\"><span class=\"vc_empty_space_inner\"><\/span><\/div><\/div><\/div><\/div><\/div>","protected":false},"excerpt":{"rendered":"<p>Having picked you up from your hotel we&#8217;ll make our way to the Punta Cana interior. Surrounded by\u00a0coffee and cocoa plantations, your\u00a0local guides\u00a0will explain the tour and everything you need to know to drive your buggy. n nThen we&#8217;ll turn the key in the ignition, and begin the excitement, zipping over\u00a0hills,\u00a0through coffee plantations and\u00a0along dirt trails\u00a0and riverbeds. n n&nbsp; n nPlease Select date for The Tour\u00a0 &nbsp;<\/p>","protected":false},"author":2,"featured_media":0,"parent":0,"menu_order":0,"comment_status":"open","ping_status":"closed","template":"","meta":{"footnotes":""},"class_list":["post-15784","page","type-page","status-publish","hentry"],"_links":{"self":[{"href":"https:\/\/www.boattoursamana.com\/vi\/wp-json\/wp\/v2\/pages\/15784","targetHints":{"allow":["GET"]}}],"collection":[{"href":"https:\/\/www.boattoursamana.com\/vi\/wp-json\/wp\/v2\/pages"}],"about":[{"href":"https:\/\/www.boattoursamana.com\/vi\/wp-json\/wp\/v2\/types\/page"}],"author":[{"embeddable":true,"href":"https:\/\/www.boattoursamana.com\/vi\/wp-json\/wp\/v2\/users\/2"}],"replies":[{"embeddable":true,"href":"https:\/\/www.boattoursamana.com\/vi\/wp-json\/wp\/v2\/comments?post=15784"}],"version-history":[{"count":0,"href":"https:\/\/www.boattoursamana.com\/vi\/wp-json\/wp\/v2\/pages\/15784\/revisions"}],"wp:attachment":[{"href":"https:\/\/www.boattoursamana.com\/vi\/wp-json\/wp\/v2\/media?parent=15784"}],"curies":[{"name":"wp","href":"https:\/\/api.w.org\/{rel}","templated":true}]}}