{"id":15798,"date":"2023-07-15T07:43:59","date_gmt":"2023-07-15T07:43:59","guid":{"rendered":"https:\/\/www.ticketswhales.com\/bahia-de-las-aguilas-beach-day-trip-by-boat-day-pass-pedernales\/"},"modified":"2023-07-15T07:43:59","modified_gmt":"2023-07-15T07:43:59","slug":"bahia-de-las-aguilas-beach-day-trip-by-boat-day-pass-pedernales","status":"publish","type":"page","link":"https:\/\/www.boattoursamana.com\/vi\/chuyen-di-trong-ngay-den-bai-bien-bahia-de-las-aguilas-bang-thuyen-trong-ngay-pedernales","title":{"rendered":"Bah\u00eda de las Aguilas: Chuy\u1ebfn \u0111i trong ng\u00e0y tr\u00ean b\u00e3i bi\u1ec3n b\u1eb1ng thuy\u1ec1n \u2013 Day Pass \u2013 Pedernales"},"content":{"rendered":"<p><span style=\"vertical-align: inherit;\"><span style=\"vertical-align: inherit;\">Compre un boleto de un day a Bah\u00eda las \u00c1guilas desde las \u00e1reas de Pedernales. <\/span><span style=\"vertical-align: inherit;\">Disfruta de las zonas tur\u00edsticas and todo el estr\u00e9s. <\/span><span style=\"vertical-align: inherit;\">Ven y descubre el Parque Nacional Jaragua y Bah\u00eda de las \u00c1guilas. <\/span><span style=\"vertical-align: inherit;\">Conduzca por una hermosa carretera con impresionantes vistas del peque\u00f1o puerto v\u00e0 el pueblo pesquero de Cabo Rojo. <\/span><span style=\"vertical-align: inherit;\">T\u1ea1i Las Cuevas, b\u1ea1n \u0111\u00e3 ph\u00e1 v\u1ee1 m\u1ed9t bote que lo llevar\u00e1 trong m\u1ed9t qua 15 ph\u00fat c\u1ee7a m\u1ed9t v\u1edf k\u1ecbch t\u1ef1 nhi\u00ean h\u01a1n c\u1ea3 th\u1ebf gi\u1edbi. <\/span><span style=\"vertical-align: inherit;\">Las Arenas de la Bah\u00eda de las \u00c1guilas son v\u00edrgenes y la bah\u00eda cubre 8 km. <\/span><span style=\"vertical-align: inherit;\">Th\u1eed nghi\u1ec7m m\u1ed9t paisaje costero \u0111\u1eb7c bi\u1ec7t v\u1edbi aguas cristalinas que brillan en tonos que van del turquesa al azul \u00f3palo que se derrite en el el. <\/span><span style=\"vertical-align: inherit;\">El muerzo se sirve en la playa, nadar o bucear y explorar este para\u00edso natural virgin.<\/span><\/span><br \/>\nN<br \/>\nN&Nbsp;<br \/>\nN<br \/>\nN<strong><span style=\"vertical-align: inherit;\"><span style=\"vertical-align: inherit;\">L\u1ef1a ch\u1ecdn ng\u00e0y h\u00f4m nay cho cu\u1ed9c s\u1ed1ng c\u1ee7a b\u1ea1n:<\/span><\/span><\/strong><\/p>\n<p>&nbsp;<\/p>\n<div class=\"vc_row wpb_row vc_row-fluid\" ><div class=\"wpb_column vc_column_container vc_col-sm-12\"><div class=\"vc_column-inner\"><div class=\"wpb_wrapper\"><div class=\"mkdf-section-title-holder\" style=\"text-align: left\">\n\t<div class=\"mkdf-st-inner\">\n\t\t\t\t\t<h5 class=\"mkdf-st-subtitle\" >\n\t\t\t\tV\u00e9 Ng\u00e0y - L\u1eb7n bi\u1ec3n &amp; \u0102n tr\u01b0a\t\t\t<\/h5>\n\t\t\t\t\t\t\t<h3 class=\"mkdf-st-title\" >\n\t\t\t\tBah\u00eda de las Aguilas: Chuy\u1ebfn \u0110i Trong Ng\u00e0y \u0110i Bi\u1ec3n B\u1eb1ng Thuy\u1ec1n\t\t\t<\/h3>\n\t\t\t\t\t<\/div>\n<\/div><\/div><\/div><\/div><\/div><div class=\"vc_row wpb_row vc_row-fluid\" ><div class=\"wpb_column vc_column_container vc_col-sm-12\"><div class=\"vc_column-inner\"><div class=\"wpb_wrapper\">\n\t<div class=\"wpb_text_column wpb_content_element\" >\n\t\t<div class=\"wpb_wrapper\">\n\t\t\t<p>\nN<\/p>\n<h4><b><i>T\u1ed5ng quan<\/i><\/b><\/h4>\n<p>H\u00e3y t\u1eadn h\u01b0\u1edfng m\u1ed9t ng\u00e0y tr\u00ean b\u00e3i bi\u1ec3n v\u00e0 \u0111\u1ec3 tinh th\u1ea7n c\u1ee7a b\u1ea1n tr\u00f4i ch\u1ea3y, tr\u00e1nh xa nh\u1eefng khu v\u1ef1c \u0111\u00f4ng kh\u00e1ch du l\u1ecbch v\u00e0 m\u1ecdi c\u0103ng th\u1eb3ng. H\u00e3y \u0111\u1ebfn v\u00e0 kh\u00e1m ph\u00e1 C\u00f4ng vi\u00ean Qu\u1ed1c gia Jaragua v\u00e0 Bahia de las \u00c1guilas. L\u00e1i xe d\u1ecdc theo con \u0111\u01b0\u1eddng tuy\u1ec7t \u0111\u1eb9p v\u1edbi t\u1ea7m nh\u00ecn ngo\u1ea1n m\u1ee5c ra c\u1ea3ng nh\u1ecf v\u00e0 l\u00e0ng ch\u00e0i Cabo Rojo. \u1ede Las Cuevas, b\u1ea1n l\u00ean m\u1ed9t chi\u1ebfc thuy\u1ec1n \u0111\u01b0a b\u1ea1n \u0111i 15 ph\u00fat \u0111\u1ebfn m\u1ed9t trong nh\u1eefng b\u00e3i bi\u1ec3n t\u1ef1 nhi\u00ean \u0111\u1eb9p nh\u1ea5t th\u1ebf gi\u1edbi. C\u00e1c b\u00e3i c\u00e1t c\u1ee7a Bah\u00eda de las Aguilas c\u00f2n nguy\u00ean s\u01a1 v\u00e0 v\u1ecbnh bao ph\u1ee7 8 km. Tr\u1ea3i nghi\u1ec7m m\u1ed9t c\u1ea3nh quan ven bi\u1ec3n \u0111\u1eb7c bi\u1ec7t v\u1edbi l\u00e0n n\u01b0\u1edbc trong v\u1eaft t\u1ecfa s\u00e1ng v\u1edbi c\u00e1c s\u1eafc th\u00e1i t\u1eeb xanh ng\u1ecdc lam \u0111\u1ebfn xanh ng\u1ecdc lam tan ch\u1ea3y v\u00e0o \u0111\u01b0\u1eddng ch\u00e2n tr\u1eddi. B\u1eefa tr\u01b0a \u0111\u01b0\u1ee3c ph\u1ee5c v\u1ee5 t\u1ea1i b\u00e3i bi\u1ec3n, \u0111i b\u01a1i ho\u1eb7c l\u1eb7n v\u1edbi \u1ed1ng th\u1edf v\u00e0 kh\u00e1m ph\u00e1 thi\u00ean \u0111\u01b0\u1eddng t\u1ef1 nhi\u00ean hoang s\u01a1 n\u00e0y.<br \/>\nN<br \/>\nN&Nbsp;<br \/>\nN<\/p>\n<ul>\nN \t<\/p>\n<li>H\u01b0\u1edbng d\u1eabn \u0111\u1ecba ph\u01b0\u01a1ng v\u1edbi kinh nghi\u1ec7m an to\u00e0n trong khu v\u1ef1c.<\/li>\n<p>N \t<\/p>\n<li>giao th\u00f4ng c\u00e1 nh\u00e2n<\/li>\n<p>N \t<\/p>\n<li>\u0110\u00e3 bao g\u1ed3m ph\u00ed<\/li>\n<p>N \t<\/p>\n<li>B\u1eefa tr\u01b0a<\/li>\n<p>N \t<\/p>\n<li>H\u01b0\u1edbng d\u1eabn vi\u00ean \u0111\u1ecba ph\u01b0\u01a1ng b\u1eb1ng ti\u1ebfng T\u00e2y Ban Nha, ti\u1ebfng Anh ho\u1eb7c ti\u1ebfng Ph\u00e1p.<\/li>\n<p>N \t<\/p>\n<li>\u0110i b\u1ed9 \u0111\u01b0\u1eddng d\u00e0i<\/li>\n<p>N \t<\/p>\n<li>L\u1eb7n v\u1edbi \u1ed1ng th\u1edf<\/li>\n<p>N<\/ul>\n<p>N<\/p>\n<h4><b>Bao g\u1ed3m &amp; Lo\u1ea1i tr\u1eeb<\/b><\/h4>\n<p>N&Nbsp;<br \/>\nN<br \/>\nN<b>bao g\u1ed3m<\/b><br \/>\nN<\/p>\n<ol>\nN \t<\/p>\n<li>H\u01b0\u1edbng d\u1eabn \u0111\u1ecba ph\u01b0\u01a1ng v\u1edbi kinh nghi\u1ec7m an to\u00e0n trong khu v\u1ef1c.<\/li>\n<p>N \t<\/p>\n<li>Ph\u01b0\u01a1ng ti\u1ec7n di chuy\u1ec3n ri\u00eang cho c\u00e1c nh\u00f3m nh\u1ecf<\/li>\n<p>N \t<\/p>\n<li>T\u1ea5t c\u1ea3 c\u00e1c lo\u1ea1i thu\u1ebf, ph\u00ed v\u00e0 l\u1ec7 ph\u00ed x\u1eed l\u00fd<\/li>\n<p>N \t<\/p>\n<li>Thu\u1ebf \u0111\u1ecba ph\u01b0\u01a1ng<\/li>\n<p>N \t<\/p>\n<li>B\u1eefa tr\u01b0a<\/li>\n<p>N \t<\/p>\n<li>\u0110i b\u1ed9 \u0111\u01b0\u1eddng d\u00e0i<\/li>\n<p>N \t<\/p>\n<li>h\u1ed3 b\u01a1i t\u1ef1 nhi\u00ean<\/li>\n<p>N \t<\/p>\n<li>L\u1eb7n v\u1edbi \u1ed1ng th\u1edf<\/li>\n<p>N \t<\/p>\n<li>T\u1ea5t c\u1ea3 c\u00e1c ho\u1ea1t \u0111\u1ed9ng<\/li>\n<p>N<\/ol>\n<p>N<b>lo\u1ea1i tr\u1eeb<\/b><br \/>\nN<\/p>\n<ol>\nN \t<\/p>\n<li>ti\u1ec1n th\u01b0\u1edfng<\/li>\n<p>N \t<\/p>\n<li>T\u1ea5t c\u1ea3 \u0111\u1ed3 u\u1ed1ng<\/li>\n<p>N<\/ol>\n<p>N<\/p>\n<h4><em><strong>Kh\u1edfi h\u00e0nh &amp; Tr\u1edf v\u1ec1<\/strong><\/em><\/h4>\n<p>Du kh\u00e1ch s\u1ebd c\u00f3 \u0111i\u1ec3m t\u1eadp trung sau qu\u00e1 tr\u00ecnh \u0111\u1eb7t ch\u1ed7. Chuy\u1ebfn tham quan b\u1eaft \u0111\u1ea7u v\u00e0 k\u1ebft th\u00fac t\u1ea1i \u0111i\u1ec3m h\u1eb9n c\u1ee7a b\u1ea1n.<br \/>\nN<\/p>\n<h2 class=\"styles__heading___mD4_3\" data-radium=\"true\">Bah\u00eda de las Aguilas: Chuy\u1ebfn \u0111i bi\u1ec3n trong ng\u00e0y b\u1eb1ng thuy\u1ec1n -Th\u1ebb trong ng\u00e0y \u2013 L\u1eb7n bi\u1ec3n &amp; \u0102n tr\u01b0a<\/h2>\n<p>N<\/p>\n<h4><em>Mong \u0111\u1ee3i \u0111i\u1ec1u g\u00ec?<\/em><\/h4>\n<p>Playa de las Aguilas \u0111\u01b0\u1ee3c \u0111\u1eb7t t\u00ean theo lo\u00e0i \u0111\u1ea1i b\u00e0ng b\u1ea3n \u0111\u1ecba. Chuy\u1ebfn tham quan b\u1eb1ng ph\u01b0\u01a1ng ti\u1ec7n c\u00e1 nh\u00e2n t\u1eeb Bahia de las Aguilas, n\u01a1i cho ph\u00e9p b\u1ea1n kh\u00e1m ph\u00e1 nh\u1eefng k\u1ef3 quan thi\u00ean nhi\u00ean c\u1ee7a b\u00e3i bi\u1ec3n k\u00edch th\u00edch t\u00ecnh d\u1ee5c n\u00e0y theo m\u1ed9t c\u00e1ch r\u1ea5t kh\u00e1c bi\u1ec7t v\u00e0 b\u1ec1n v\u1eefng. D\u00e0nh c\u1ea3 ng\u00e0y cho chuy\u1ebfn tham quan thi\u00ean nhi\u00ean \u1edf ph\u00eda nam c\u1ee7a \u0111\u1ea5t n\u01b0\u1edbc, n\u01a1i b\u1ea1n s\u1ebd bi\u1ebft \u0111\u1ebfn Bahia de las Aguila, m\u1ed9t trong nh\u1eefng b\u00e3i bi\u1ec3n \u0111\u1eb9p nh\u1ea5t \u1edf C\u1ed9ng h\u00f2a Dominica, n\u01a1i ch\u00fang ta s\u1ebd \u0111\u1ebfn b\u1eb1ng t\u00e0u cao t\u1ed1c \u0111\u1ebfn b\u00e3i bi\u1ec3n thi\u00ean \u0111\u01b0\u1eddng n\u00e0y, m\u1ed9t khu v\u1ef1c \u0111\u01b0\u1ee3c b\u1ea3o v\u1ec7 \u0111\u1ea7y \u0111\u1ee7 b\u1edfi lu\u1eadt m\u00f4i tr\u01b0\u1eddng. H\u00e3y d\u00e0nh th\u1eddi gian th\u01b0 gi\u00e3n t\u1ea1i Bahia de las Aguilas, khu b\u1ea3o t\u1ed3n thi\u00ean nhi\u00ean v\u00e0 c\u00f4ng vi\u00ean qu\u1ed1c gia kh\u00f4ng c\u00f3 ng\u01b0\u1eddi \u1edf, \u0111\u1ed3ng th\u1eddi th\u01b0\u1edfng th\u1ee9c b\u1eefa tr\u01b0a ki\u1ec3u th\u1ecbt n\u01b0\u1edbng trong hang \u0111\u1ed9ng.<br \/>\nN<br \/>\nBi\u1ec3n l\u1eb7ng v\u00e0 gi\u00f3 nh\u1eb9 s\u1ebd gi\u00fap b\u1ea1n kh\u00f4ng ph\u1ea3i ch\u1ecbu qu\u00e1 nhi\u1ec1u n\u1eafng v\u00e0 n\u00f3ng. Tr\u1edf th\u00e0nh m\u1ed9t nh\u00e0 th\u00e1m hi\u1ec3m trong ng\u00e0y v\u00e0 kh\u00e1m ph\u00e1 m\u1ed9t thi\u00ean \u0111\u01b0\u1eddng sinh th\u00e1i, t\u1ef1 nhi\u00ean v\u00e0 ho\u00e0n to\u00e0n hoang s\u01a1. B\u1ea1n c\u00f3 th\u1ec3 quan s\u00e1t h\u01a1n 130 lo\u00e0i chim, 76 trong s\u1ed1 \u0111\u00f3 s\u1ed1ng l\u00e2u d\u00e0i trong v\u1ecbnh, 10 lo\u00e0i \u0111\u1eb7c h\u1eefu v\u00e0 47 lo\u00e0i di c\u01b0.<br \/>\nN<br \/>\nn08.30 \u2013 Kh\u1edfi h\u00e0nh t\u1eeb \u0111i\u1ec3m h\u1eb9n<br \/>\nn08.45 \u2013 Kh\u1edfi h\u00e0nh b\u1eb1ng thuy\u1ec1n t\u1eeb l\u00e0ng La Cueva \u0111\u1ebfn Bahia de las Aguilas<br \/>\nn12.30 \u2013 B\u1eefa tr\u01b0a \u0111\u1eb7c tr\u01b0ng tr\u00ean b\u00e3i bi\u1ec3n<br \/>\nn03.00 \u2013 Quay tr\u1edf l\u1ea1i La Cueva<br \/>\nn05.30 \u2013 \u0110\u1ebfn \u0111i\u1ec3m h\u1eb9n<br \/>\nN<\/p>\n<h4><em><strong>B\u1ea1n n\u00ean mang theo nh\u1eefng g\u00ec?<\/strong><\/em><\/h4>\n<p>N<\/p>\n<ul>\nN \t<\/p>\n<li>M\u00e1y \u1ea3nh<\/li>\n<p>N \t<\/p>\n<li>ch\u1ed3i \u0111u\u1ed5i<\/li>\n<p>N \t<\/p>\n<li>Kem ch\u1ed1ng n\u1eafng<\/li>\n<p>N \t<\/p>\n<li>N\u01b0\u1edbc<\/li>\n<p>N \t<\/p>\n<li>m\u0169<\/li>\n<p>N \t<\/p>\n<li>qu\u1ea7n tho\u1ea3i m\u00e1i<\/li>\n<p>N \t<\/p>\n<li>Gi\u00e0y leo n\u00fai \u0111i r\u1eebng<\/li>\n<p>N \t<\/p>\n<li>D\u00e9p \u0111i c\u00e1c mi\u1ec1n Xu\u00e2n.<\/li>\n<p>N \t<\/p>\n<li>\u0111\u1ed3 b\u01a1i<\/li>\n<p>N<\/ul>\n<p>N&Nbsp;<br \/>\nN<\/p>\n<h4><b><i>\u0110\u00f3n kh\u00e1ch s\u1ea1n<\/i><\/b><\/h4>\n<p>nD\u1ecbch v\u1ee5 \u0111\u00f3n kh\u00e1ch t\u1ea1i kh\u00e1ch s\u1ea1n \u0111\u01b0\u1ee3c cung c\u1ea5p cho chuy\u1ebfn tham quan n\u00e0y v\u1edbi Chi ph\u00ed b\u1ed5 sung.<br \/>\nN<br \/>\nN<b>Ghi ch\u00fa:<\/b> N\u1ebfu b\u1ea1n \u0111\u1eb7t trong v\u00f2ng 24 gi\u1edd tr\u01b0\u1edbc th\u1eddi gian kh\u1edfi h\u00e0nh chuy\u1ebfn tham quan\/Chuy\u1ebfn tham quan, ch\u00fang t\u00f4i c\u00f3 th\u1ec3 s\u1eafp x\u1ebfp d\u1ecbch v\u1ee5 \u0111\u00f3n t\u1ea1i kh\u00e1ch s\u1ea1n. Ch\u00fang t\u00f4i ch\u1ec9 nh\u1eadn \u1edf khu v\u1ef1c Pedernales. Sau khi giao d\u1ecbch mua c\u1ee7a b\u1ea1n ho\u00e0n t\u1ea5t, ch\u00fang t\u00f4i s\u1ebd g\u1eedi cho b\u1ea1n th\u00f4ng tin li\u00ean h\u1ec7 \u0111\u1ea7y \u0111\u1ee7 (s\u1ed1 \u0111i\u1ec7n tho\u1ea1i, \u0111\u1ecba ch\u1ec9 email, v.v.) \u0111\u1ec3 H\u01b0\u1edbng d\u1eabn vi\u00ean du l\u1ecbch \u0111\u1ecba ph\u01b0\u01a1ng c\u1ee7a ch\u00fang t\u00f4i s\u1eafp x\u1ebfp vi\u1ec7c \u0111\u00f3n kh\u00e1ch.<br \/>\nN<\/p>\n<h4><b><i>X\u00e1c nh\u1eadn th\u00f4ng tin b\u1ed5 sung<\/i><\/b><\/h4>\n<p>N<\/p>\n<ol>\nN \t<\/p>\n<li>V\u00e9 l\u00e0 Bi\u00ean nh\u1eadn sau khi thanh to\u00e1n cho Tour n\u00e0y. B\u1ea1n c\u00f3 th\u1ec3 hi\u1ec3n th\u1ecb thanh to\u00e1n tr\u00ean \u0111i\u1ec7n tho\u1ea1i c\u1ee7a m\u00ecnh.<\/li>\n<p>N \t<\/p>\n<li>\u0110i\u1ec3m h\u1eb9n s\u1ebd nh\u1eadn \u0111\u01b0\u1ee3c sau qu\u00e1 tr\u00ecnh \u0111\u1eb7t ch\u1ed7.<\/li>\n<p>N \t<\/p>\n<li>Tr\u1ebb em ph\u1ea3i \u0111i c\u00f9ng ng\u01b0\u1eddi l\u1edbn.<\/li>\n<p>N \t<\/p>\n<li>Kh\u00f4ng th\u1ec3 s\u1eed d\u1ee5ng xe l\u0103n<\/li>\n<p>N \t<\/p>\n<li>Tr\u1ebb s\u01a1 sinh ph\u1ea3i ng\u1ed3i tr\u00ean \u0111\u00f9i<\/li>\n<p>N \t<\/p>\n<li>Kh\u00f4ng n\u00ean d\u00f9ng cho du kh\u00e1ch c\u00f3 v\u1ea5n \u0111\u1ec1 v\u1ec1 l\u01b0ng<\/li>\n<p>N \t<\/p>\n<li>Kh\u00f4ng n\u00ean d\u00f9ng cho du kh\u00e1ch mang thai<\/li>\n<p>N \t<\/p>\n<li>Kh\u00f4ng c\u00f3 v\u1ea5n \u0111\u1ec1 v\u1ec1 tim ho\u1eb7c c\u00e1c t\u00ecnh tr\u1ea1ng y t\u1ebf nghi\u00eam tr\u1ecdng kh\u00e1c<\/li>\n<p>N \t<\/p>\n<li>H\u1ea7u h\u1ebft du kh\u00e1ch c\u00f3 th\u1ec3 tham gia<\/li>\n<p>N<\/ol>\n<p>N<\/p>\n<h4><b><i>Ch\u00ednh s\u00e1ch h\u1ee7y<\/i><\/b><\/h4>\n<p>n\u0110\u1ec3 \u0111\u01b0\u1ee3c ho\u00e0n l\u1ea1i to\u00e0n b\u1ed9 s\u1ed1 ti\u1ec1n, vui l\u00f2ng \u0111\u1ecdc ch\u00ednh s\u00e1ch H\u1ee7y c\u1ee7a ch\u00fang t\u00f4i\u00a0<a href=\"https:\/\/www.boattoursamana.com\/vi\/dat-phong-truc-tuyen\/\" target=\"_blank\" rel=\"noopener\" data-saferedirecturl=\"https:\/\/www.google.com\/url?q=https:\/\/www.boattoursamana.com\/online-booking\/&amp;source=gmail&amp;ust=1672449202351000&amp;usg=AOvVaw1yAeVAPktmaVCqDujgUn90\">B\u1ea5m v\u00e0o \u0111\u00e2y<\/a>. Ti\u1ec1n s\u1ebd b\u1ecb m\u1ea5t n\u1ebfu \u0111\u1eb7t ch\u1ed7 b\u1ecb h\u1ee7y trong c\u00f9ng ng\u00e0y c\u1ee7a chuy\u1ebfn \u0111i.<\/p>\n\n\t\t<\/div>\n\t<\/div>\n<\/div><\/div><\/div><\/div>","protected":false},"excerpt":{"rendered":"<p>Compre un boleto de un d\u00eda a Bah\u00eda las \u00c1guilas desde las \u00e1reas de Pedernales. Disfruta de un d\u00eda de playa y deja fluir el \u00e1nimo, lejos de las zonas tur\u00edsticas y de todo el estr\u00e9s. Ven y descubre el Parque Nacional Jaragua y Bah\u00eda de las \u00c1guilas. Conduzca por una hermosa carretera con impresionantes vistas del peque\u00f1o puerto y el pueblo pesquero de Cabo Rojo. En Las Cuevas, abordar\u00e1 un bote que lo llevar\u00e1 en un viaje de 15 [&hellip;]<\/p>\n","protected":false},"author":2,"featured_media":0,"parent":0,"menu_order":0,"comment_status":"open","ping_status":"closed","template":"","meta":{"footnotes":""},"class_list":["post-15798","page","type-page","status-publish","hentry"],"_links":{"self":[{"href":"https:\/\/www.boattoursamana.com\/vi\/wp-json\/wp\/v2\/pages\/15798","targetHints":{"allow":["GET"]}}],"collection":[{"href":"https:\/\/www.boattoursamana.com\/vi\/wp-json\/wp\/v2\/pages"}],"about":[{"href":"https:\/\/www.boattoursamana.com\/vi\/wp-json\/wp\/v2\/types\/page"}],"author":[{"embeddable":true,"href":"https:\/\/www.boattoursamana.com\/vi\/wp-json\/wp\/v2\/users\/2"}],"replies":[{"embeddable":true,"href":"https:\/\/www.boattoursamana.com\/vi\/wp-json\/wp\/v2\/comments?post=15798"}],"version-history":[{"count":0,"href":"https:\/\/www.boattoursamana.com\/vi\/wp-json\/wp\/v2\/pages\/15798\/revisions"}],"wp:attachment":[{"href":"https:\/\/www.boattoursamana.com\/vi\/wp-json\/wp\/v2\/media?parent=15798"}],"curies":[{"name":"wp","href":"https:\/\/api.w.org\/{rel}","templated":true}]}}