{"id":15800,"date":"2023-07-15T07:43:59","date_gmt":"2023-07-15T07:43:59","guid":{"rendered":"https:\/\/www.ticketswhales.com\/punta-cana-cap-cana-excursion-whale-watching-cayo-levantado-private-tour\/"},"modified":"2023-07-15T07:43:59","modified_gmt":"2023-07-15T07:43:59","slug":"punta-cana-cap-cana-excursion-whale-watching-cayo-levantado-private-tour","status":"publish","type":"page","link":"https:\/\/www.boattoursamana.com\/vi\/punta-cana-cap-cana-excursion-whale-watching-cayo-levantado-private-tour","title":{"rendered":"Punta Cana \/ Cap Cana: Du ngo\u1ea1n Ng\u1eafm c\u00e1 voi + Cayo Levantado (Tour ri\u00eang )"},"content":{"rendered":"<p><span style=\"vertical-align: inherit;\"><span style=\"vertical-align: inherit;\">D\u1ef1 tr\u1eef su viaje para una experiencia de avistamiento de ballenas comenzado desde Cap Cana en un viaje privado con gu\u00edas profesionales c\u00e1c nh\u00e0 sinh th\u00e1i h\u1ecdc. <\/span><span style=\"vertical-align: inherit;\">N\u1ebfu b\u1ea1n mu\u1ed1n li\u00ean h\u1ec7 v\u1edbi ch\u00fang t\u00f4i \u0111\u1ec3 nh\u1eadn \u0111\u01b0\u1ee3c nh\u1eefng l\u1eddi m\u1eddi, tham gia v\u00e0o m\u1ed9t cu\u1ed9c \u0111i\u1ec1u tra \u0111i\u1ec7n t\u1eed, Whatsapp ho\u1eb7c Llamadas c\u00f3 th\u1ec3 ph\u00e2n ph\u1ed1i. <\/span><span style=\"vertical-align: inherit;\">Por favour Reserve con tiempo sus entradas. <\/span><span style=\"vertical-align: inherit;\">En la temporada de ballenas or muchas reservas y nos gustar\u00eda tener sus entradas a salvo para usted.<\/span><\/span><br \/>\nN<br \/>\nN<span style=\"vertical-align: inherit;\"><span style=\"vertical-align: inherit;\">L\u01b0u \u00fd: Este es un Tour Privado con un pago m\u00ednimo de 540 USD. <\/span><span style=\"vertical-align: inherit;\">N\u1ebfu l\u00e0 nam gi\u1edbi c\u1ee7a 4 ng\u01b0\u1eddi, c\u00e1c li\u00ean h\u1ec7 v\u00e0 nh\u1eefng ng\u01b0\u1eddi xung quanh kh\u00f4ng th\u1ec3 \u0111\u1eb7t tr\u01b0\u1edbc chuy\u1ebfn tham quan. <\/span><span style=\"vertical-align: inherit;\">Para unirse a un group of observaci\u00f3n de ballenas recogida en su su hotel, <\/span><\/span><a href=\"https:\/\/www.boattoursamana.com\/vi\/Tours-Excursions\/tours-excursions-samana-bay-dominican-republic\/whale-watching-2020-in-punta-cana-to-samana-bay-cayo-levantado-bacardi-island-from-hotels\/\"><span style=\"vertical-align: inherit;\"><span style=\"vertical-align: inherit;\">HAGA CLICK AQU\u00cd.<\/span><\/span><\/a><br \/>\nN<br \/>\nN<strong><span style=\"vertical-align: inherit;\"><span style=\"vertical-align: inherit;\">Tenga en cuenta<\/span><\/span><\/strong><span style=\"vertical-align: inherit;\"><span style=\"vertical-align: inherit;\"> : <\/span><\/span><em><span style=\"vertical-align: inherit;\"><span style=\"vertical-align: inherit;\">bebes<\/span><\/span><\/em><span style=\"vertical-align: inherit;\"><span style=\"vertical-align: inherit;\"> (0 \u2013 23 th\u00e1ng) mi\u1ec5n ph\u00ed, <\/span><\/span><em><span style=\"vertical-align: inherit;\"><span style=\"vertical-align: inherit;\">Ni\u00f1os<\/span><\/span><\/em><span style=\"vertical-align: inherit;\"><span style=\"vertical-align: inherit;\"> (2 &#8211; 10 <\/span><\/span><em><span style=\"vertical-align: inherit;\"><span style=\"vertical-align: inherit;\">a\u00f1os<\/span><\/span><\/em><span style=\"vertical-align: inherit;\"><span style=\"vertical-align: inherit;\"> )<\/span><\/span><br \/>\nN<br \/>\nN<em><strong><span style=\"vertical-align: inherit;\"><span style=\"vertical-align: inherit;\">Ch\u1ecdn la fecha de la excursi\u00f3n:<\/span><\/span><\/strong><\/em><\/p>\n<p>&nbsp;<\/p>\n<div class=\"wpb_column vc_column_container vc_col-sm-12\"><div class=\"vc_column-inner\"><div class=\"wpb_wrapper\"><div class=\"vc_btn3-container vc_btn3-inline\" ><a class=\"vc_general vc_btn3 vc_btn3-size-md vc_btn3-shape-rounded vc_btn3-style-modern vc_btn3-color-green\" href=\"https:\/\/bookingadventures.tours\/booking.php?tour_id=6ed21424a849c63fc6398949d1f80266\" title=\"\" rel=\"noopener\">\u0110\u0102\u0323T B\u00c2Y GI\u1edc<\/a><\/div><\/div><\/div><\/div><div class=\"vc_row wpb_row vc_row-fluid\" ><div class=\"wpb_column vc_column_container vc_col-sm-12\"><div class=\"vc_column-inner\"><div class=\"wpb_wrapper\">\n\t<div class=\"wpb_text_column wpb_content_element\" >\n\t\t<div class=\"wpb_wrapper\">\n\t\t\t<p>\nN<\/p>\n<div class=\"vc_row wpb_row vc_row-fluid\">\nN<\/p>\n<div class=\"wpb_column vc_column_container vc_col-sm-12\">\nN<\/p>\n<div class=\"vc_column-inner\">\nN<\/p>\n<div class=\"wpb_wrapper\">\nN<\/p>\n<div class=\"wpb_text_column wpb_content_element\">\nN<\/p>\n<div class=\"wpb_wrapper\">\nN<\/p>\n<h3>Chuy\u1ebfn tham quan Ng\u1eafm c\u00e1 voi + Cayo Levantado t\u1eeb Punta Cana\/Cap Cana (Tour ri\u00eang)<\/h3>\n<p>Xem c\u00e1 voi \u1edf v\u1ecbnh Samana b\u1eaft \u0111\u1ea7u t\u1eeb c\u00e1c kh\u00e1ch s\u1ea1n \u1edf Punta Cana \/ Cap Cana b\u1eb1ng ph\u01b0\u01a1ng ti\u1ec7n giao th\u00f4ng c\u00e1 nh\u00e2n. Chuy\u1ebfn \u0111i n\u00e0y b\u1eaft \u0111\u1ea7u t\u1eeb 6:00 \u2013 8:00 s\u00e1ng v\u00e0 k\u1ebft th\u00fac v\u00e0o kho\u1ea3ng 7:00 t\u1ed1i. Sau khi h\u1ee7y b\u1ecf thuy\u1ec1n c\u1ee7a ch\u00fang t\u00f4i \u0111\u1ec3 th\u0103m C\u00e1 voi trong m\u00f4i tr\u01b0\u1eddng s\u1ed1ng c\u1ee7a ch\u00fang. Sau chuy\u1ebfn \u0111i C\u00e1 voi n\u00e0y, ch\u00fang t\u00f4i s\u1ebd gh\u00e9 th\u0103m \u0110\u1ea3o Bacardi \/ Cayo Levantado (t\u00f9y ch\u1ecdn). T\u1ea1i \u0110\u1ea3o Bacardi, B\u1eefa tr\u01b0a T\u1ef1 ch\u1ecdn theo Phong c\u00e1ch Dominica \u0111i\u1ec3n h\u00ecnh s\u1ebd \u0111\u01b0\u1ee3c cung c\u1ea5p. \u0102n tr\u01b0a xong b\u1ea1n \u0111\u01b0\u1ee3c t\u1eafm bi\u1ec3n \u0111\u1ebfn 4h chi\u1ec1u. Chuy\u1ebfn tham quan s\u1ebd k\u1ebft th\u00fac t\u1ea1i c\u00f9ng m\u1ed9t c\u1ea3ng m\u00e0 n\u00f3 s\u1ebd b\u1eaft \u0111\u1ea7u l\u00fac 5:00 chi\u1ec1u. Sau \u0111\u00f3, ch\u00fang t\u00f4i \u0111\u01b0a b\u1ea1n tr\u1edf l\u1ea1i kh\u00e1ch s\u1ea1n c\u1ee7a b\u1ea1n.<br \/>\nN<br \/>\nL\u01b0u \u00fd: \u0110\u00e2y l\u00e0 Private Tour v\u1edbi m\u1ee9c thanh to\u00e1n t\u1ed1i thi\u1ec3u 540 USD. N\u1ebfu b\u1ea1n \u00edt h\u01a1n 4 ng\u01b0\u1eddi, vui l\u00f2ng li\u00ean h\u1ec7 v\u1edbi ch\u00fang t\u00f4i v\u00e0 ch\u00fang t\u00f4i s\u1ebd g\u1eedi cho b\u1ea1n \u0111\u01b0\u1eddng link \u0111\u1ec3 b\u1ea1n c\u00f3 th\u1ec3 \u0111\u1eb7t Tour n\u00e0y.\u00a0<strong><em>\u0110\u1ec3 tham gia m\u1ed9t nh\u00f3m xem c\u00e1 voi v\u1edbi d\u1ecbch v\u1ee5 \u0111\u00f3n t\u1ea1i kh\u00e1ch s\u1ea1n c\u1ee7a b\u1ea1n, vui l\u00f2ng<\/em>\u00a0<\/strong><a href=\"https:\/\/www.boattoursamana.com\/vi\/Tours-Excursions\/tours-excursions-samana-bay-dominican-republic\/whale-watching-2020-in-punta-cana-to-samana-bay-cayo-levantado-bacardi-island-from-hotels\/\" data-mil=\"12004\">B\u1ea4M V\u00c0O \u0110\u00c2Y.<\/a><br \/>\nN<\/p>\n<ul>\nN \t<\/p>\n<li>Xem c\u00e1 voi Chuy\u1ebfn \u0111i ri\u00eang<\/li>\n<p>N \t<\/p>\n<li>Ph\u00ed tham quan \u0111\u00e0i quan s\u00e1t<\/li>\n<p>N \t<\/p>\n<li>Bao g\u1ed3m Buffet tr\u01b0a tr\u00ean b\u00e3i bi\u1ec3n<\/li>\n<p>N \t<\/p>\n<li>\u0110\u01b0a \u0111\u00f3n ri\u00eang t\u1eeb kh\u00e1ch s\u1ea1n<\/li>\n<p>N \t<\/p>\n<li>\u0110\u01b0a \u0111\u00f3n b\u1eb1ng thuy\u1ec1n ri\u00eang<\/li>\n<p>N \t<\/p>\n<li>Thuy\u1ec1n tr\u01b0\u1edfng cung c\u1ea5p h\u01b0\u1edbng d\u1eabn v\u00e0 gi\u00e1m s\u00e1t<\/li>\n<p>N \t<\/p>\n<li>H\u01b0\u1edbng d\u1eabn vi\u00ean du l\u1ecbch<\/li>\n<p>N<\/ul>\n<p>N&Nbsp;<br \/>\nN<\/p>\n<h4><b>Bao g\u1ed3m &amp; Lo\u1ea1i tr\u1eeb<\/b><\/h4>\n<p>N&Nbsp;<br \/>\nN<br \/>\nN<b>bao g\u1ed3m<\/b><br \/>\nN<\/p>\n<ol>\nN \t<\/p>\n<li>Buffet tr\u01b0a tr\u00ean b\u00e3i bi\u1ec3n<\/li>\n<p>N \t<\/p>\n<li>H\u01b0\u1edbng d\u1eabn vi\u00ean du l\u1ecbch<\/li>\n<p>N \t<\/p>\n<li>chuy\u1ec3n xe<\/li>\n<p>N \t<\/p>\n<li>\u0110i thuy\u1ec1n<\/li>\n<p>N \t<\/p>\n<li>T\u1ea5t c\u1ea3 c\u00e1c lo\u1ea1i thu\u1ebf, ph\u00ed v\u00e0 l\u1ec7 ph\u00ed x\u1eed l\u00fd<\/li>\n<p>N \t<\/p>\n<li>Thu\u1ebf \u0111\u1ecba ph\u01b0\u01a1ng<\/li>\n<p>N \t<\/p>\n<li>n\u01b0\u1edbc gi\u1ea3i kh\u00e1t<\/li>\n<p>N<\/ol>\n<p>N<b>lo\u1ea1i tr\u1eeb<\/b><br \/>\nN<\/p>\n<ol>\nN \t<\/p>\n<li>ti\u1ec1n th\u01b0\u1edfng<\/li>\n<p>N \t<\/p>\n<li>\u0110\u1ed3 u\u1ed1ng c\u00f3 c\u1ed3n<\/li>\n<p>N<\/ol>\n<p>N&Nbsp;<br \/>\nN<\/p>\n<h4><em><strong>Kh\u1edfi h\u00e0nh &amp; Tr\u1edf v\u1ec1<\/strong><\/em><\/h4>\n<p>Du kh\u00e1ch s\u1ebd c\u00f3 \u0111i\u1ec3m t\u1eadp trung sau qu\u00e1 tr\u00ecnh \u0111\u1eb7t ch\u1ed7. Tour b\u1eaft \u0111\u1ea7u v\u00e0 k\u1ebft th\u00fac t\u1ea1i \u0111i\u1ec3m h\u1eb9n.<br \/>\nN<br \/>\nN&Nbsp;<br \/>\nN<\/p>\n<h4><b><i>Mong \u0111\u1ee3i \u0111i\u1ec1u g\u00ec?<\/i><\/b><\/h4>\n<p>N&Nbsp;<br \/>\nN<br \/>\nN<em><strong>Nh\u1eadn v\u00e9 c\u1ee7a b\u1ea1n<\/strong><\/em>\u00a0trong m\u1ed9t ng\u00e0y Ng\u1eafm c\u00e1 voi ri\u00eang t\u01b0 t\u1eeb Cap Cana \u0111\u1ebfn v\u1ecbnh Samana, c\u00f9ng v\u1edbi b\u1eefa tr\u01b0a v\u00e0 th\u1eddi gian \u0111i bi\u1ec3n tuy\u1ec7t v\u1eddi.<br \/>\nN<br \/>\nDaypass \u0111\u1ec3 xem c\u00e1 voi, \u0111\u01b0\u1ee3c t\u1ed5 ch\u1ee9c b\u1edfi \u201cBooking Adventures\u201d b\u1eaft \u0111\u1ea7u t\u1ea1i \u0111i\u1ec3m h\u1eb9n \u0111\u00e3 \u0111\u1eb7t v\u1edbi H\u01b0\u1edbng d\u1eabn vi\u00ean. \u0102n tr\u01b0a t\u1ea1i b\u00e3i bi\u1ec3n v\u00e0 b\u1ea1n c\u00f3 th\u1ec3 \u1edf l\u1ea1i bao l\u00e2u t\u00f9y th\u00edch \u0111\u1ec3 b\u01a1i l\u1ed9i xung quanh. N\u1ebfu b\u1ea1n l\u00e0 ng\u01b0\u1eddi thu\u1ea7n chay, ch\u00fang t\u00f4i c\u0169ng c\u00f3 th\u1ec3 \u0111\u1eb7t m\u1ed9t s\u1ed1 m\u00f3n \u0103n cho b\u1ea1n.<br \/>\nN<br \/>\nN<strong>Th\u1eddi gian bi\u1ec3u:<\/strong><br \/>\nN<br \/>\nnLinh ho\u1ea1t<br \/>\nN<br \/>\nN&Nbsp;<br \/>\nN<\/p>\n<h4><em><strong>B\u1ea1n n\u00ean mang theo nh\u1eefng g\u00ec?<\/strong><\/em><\/h4>\n<p>N<\/p>\n<ul>\nN \t<\/p>\n<li>M\u00e1y \u1ea3nh<\/li>\n<p>N \t<\/p>\n<li>ch\u1ed3i \u0111u\u1ed5i<\/li>\n<p>N \t<\/p>\n<li>Kem ch\u1ed1ng n\u1eafng<\/li>\n<p>N \t<\/p>\n<li>m\u0169<\/li>\n<p>N \t<\/p>\n<li>qu\u1ea7n tho\u1ea3i m\u00e1i<\/li>\n<p>N \t<\/p>\n<li>Sandal \u0111i bi\u1ec3n<\/li>\n<p>N \t<\/p>\n<li>\u0111\u1ed3 b\u01a1i<\/li>\n<p>N \t<\/p>\n<li>Ti\u1ec1n m\u1eb7t cho qu\u00e0 l\u01b0u ni\u1ec7m<\/li>\n<p>N<\/ul>\n<p>N&Nbsp;<br \/>\nN<\/p>\n<h4><b><i>\u0110\u00f3n kh\u00e1ch s\u1ea1n<\/i><\/b><\/h4>\n<p>Tour n\u00e0y \u0111\u00e3 bao g\u1ed3m \u0111\u00f3n kh\u00e1ch t\u1ea1i kh\u00e1ch s\u1ea1n. Ch\u00fang t\u00f4i \u0111\u00f3n t\u1ea1i b\u1ea5t k\u1ef3 kh\u00e1ch s\u1ea1n n\u00e0o \u1edf khu v\u1ef1c Punta Cana\/Cap Cana.<br \/>\nN<br \/>\nN&Nbsp;<br \/>\nN<br \/>\nN<b>Ghi ch\u00fa:<\/b>\u00a0n\u1ebfu b\u1ea1n \u0111\u1eb7t ch\u1ed7 trong v\u00f2ng 24 gi\u1edd k\u1ec3 t\u1eeb gi\u1edd kh\u1edfi h\u00e0nh chuy\u1ebfn tham quan\/Chuy\u1ebfn tham quan, ch\u00fang t\u00f4i c\u00f3 th\u1ec3 s\u1eafp x\u1ebfp d\u1ecbch v\u1ee5 \u0111\u00f3n kh\u00e1ch t\u1ea1i kh\u00e1ch s\u1ea1n. Sau khi giao d\u1ecbch mua c\u1ee7a b\u1ea1n ho\u00e0n t\u1ea5t, ch\u00fang t\u00f4i s\u1ebd g\u1eedi cho b\u1ea1n th\u00f4ng tin li\u00ean h\u1ec7 \u0111\u1ea7y \u0111\u1ee7 (s\u1ed1 \u0111i\u1ec7n tho\u1ea1i, \u0111\u1ecba ch\u1ec9 email, v.v.) \u0111\u1ec3 H\u01b0\u1edbng d\u1eabn vi\u00ean du l\u1ecbch \u0111\u1ecba ph\u01b0\u01a1ng c\u1ee7a ch\u00fang t\u00f4i s\u1eafp x\u1ebfp vi\u1ec7c \u0111\u00f3n kh\u00e1ch.<br \/>\nN<\/p>\n<h4><b><i>X\u00e1c nh\u1eadn th\u00f4ng tin b\u1ed5 sung<\/i><\/b><\/h4>\n<p>N<\/p>\n<ol>\nN \t<\/p>\n<li>V\u00e9 l\u00e0 Bi\u00ean lai sau khi thanh to\u00e1n Tour n\u00e0y. B\u1ea1n c\u00f3 th\u1ec3 hi\u1ec3n th\u1ecb thanh to\u00e1n tr\u00ean \u0111i\u1ec7n tho\u1ea1i c\u1ee7a m\u00ecnh.<\/li>\n<p>N \t<\/p>\n<li>\u0110i\u1ec3m h\u1eb9n s\u1ebd nh\u1eadn \u0111\u01b0\u1ee3c sau qu\u00e1 tr\u00ecnh \u0111\u1eb7t ch\u1ed7.<\/li>\n<p>N \t<\/p>\n<li>Tr\u1ebb em ph\u1ea3i \u0111i c\u00f9ng ng\u01b0\u1eddi l\u1edbn.<\/li>\n<p>N \t<\/p>\n<li>Xe l\u0103n cho ng\u01b0\u1eddi khuy\u1ebft<\/li>\n<p>N \t<\/p>\n<li>Tr\u1ebb s\u01a1 sinh ph\u1ea3i ng\u1ed3i tr\u00ean \u0111\u00f9i<\/li>\n<p>N \t<\/p>\n<li>H\u1ea7u h\u1ebft du kh\u00e1ch c\u00f3 th\u1ec3 tham gia<\/li>\n<p>N<\/ol>\n<p>N<\/p>\n<h4><b><i>Ch\u00ednh s\u00e1ch h\u1ee7y<\/i><\/b><\/h4>\n<p>\u0110\u1ec3 \u0111\u01b0\u1ee3c ho\u00e0n ti\u1ec1n \u0111\u1ea7y \u0111\u1ee7, h\u00e3y h\u1ee7y \u00edt nh\u1ea5t 24 gi\u1edd tr\u01b0\u1edbc ng\u00e0y b\u1eaft \u0111\u1ea7u tr\u1ea3i nghi\u1ec7m.<br \/>\nN<br \/>\nN\n<\/div>\n<p>N\n<\/p><\/div>\n<p>N\n<\/p><\/div>\n<p>N\n<\/p><\/div>\n<p>N\n<\/p><\/div>\n<p>N\n<\/p><\/div>\n<p>N<\/p>\n<div class=\"vc_row wpb_row vc_row-fluid\">\nN<\/p>\n<div class=\"wpb_column vc_column_container vc_col-sm-12\">\nN<\/p>\n<div class=\"vc_column-inner\">\nN<\/p>\n<div class=\"wpb_wrapper\">\nN<\/p>\n<div class=\"wpb_text_column wpb_content_element\">\nN<\/p>\n<div class=\"wpb_wrapper\">\nN<\/p>\n<h4>Li\u00ean h\u1ec7 ch\u00fang t\u00f4i?<\/h4>\n<p>N<\/p>\n<h5><b><i>DU L\u1ecaCH C\u00c1 V\u00c0NG SAMANA<\/i><\/b><\/h5>\n<p>N<em><strong>ng\u01b0\u1eddi d\u00e2n \u0111\u1ecba ph\u01b0\u01a1ng<\/strong>\u00a0v\u00e0\u00a0<strong>c\u00f4ng d\u00e2n<\/strong>\u00a0H\u01b0\u1edbng d\u1eabn vi\u00ean du l\u1ecbch &amp; D\u1ecbch v\u1ee5 kh\u00e1ch<\/em><br \/>\nN<br \/>\nN<span class=\"text-turquoise\">d\u1ef1 tr\u1eef:<\/span>\u00a0\u00a0Chuy\u1ebfn tham quan v\u00e0 du ngo\u1ea1n trong nh\u00e0. \u0110\u1ea1i di\u1ec7n.<br \/>\nN<br \/>\nN<img decoding=\"async\" class=\"emoji\" draggable=\"false\" src=\"https:\/\/s.w.org\/images\/core\/emoji\/11.2.0\/svg\/1f4de.svg\" alt=\" \" title=\"\">\u00a0\u0110i\u1ec7n tho\u1ea1i \/ Whatsapp\u00a0\u00a0\u00a0<a href=\"tel:+1-809-720-6035\">+ 1-809-720-6035<\/a>\u00a0.<br \/>\nN<\/p>\n<p data-wp-editing=\"1\"><a href=\"mailto:Reservabatour@gmail.com\"><img decoding=\"async\" class=\"emoji\" draggable=\"false\" src=\"https:\/\/s.w.org\/images\/core\/emoji\/11.2.0\/svg\/1f4e9.svg\" alt=\" \" title=\"\"> Reservabatour@gmail.com<\/a><\/p>\n<p>N&Nbsp;<br \/>\nN<br \/>\nN\n<\/div>\n<p>N\n<\/p><\/div>\n<p>N\n<\/p><\/div>\n<p>N\n<\/p><\/div>\n<p>N\n<\/p><\/div>\n<p>N\n<\/p><\/div>\n<p>N<\/p>\n\n\t\t<\/div>\n\t<\/div>\n<div class=\"vc_btn3-container vc_btn3-inline\" ><a class=\"vc_general vc_btn3 vc_btn3-size-md vc_btn3-shape-rounded vc_btn3-style-modern vc_btn3-color-green\" href=\"https:\/\/bookingadventures.tours\/booking.php?tour_id=6ed21424a849c63fc6398949d1f80266\" title=\"\" rel=\"noopener\">\u0110\u0102\u0323T B\u00c2Y GI\u1edc<\/a><\/div><\/div><\/div><\/div><\/div>","protected":false},"excerpt":{"rendered":"<p>Reserve su viaje para una experiencia de avistamiento de ballenas comenzando desde Cap Cana en un viaje privado con gu\u00edas profesionales ecologistas. Si desea ponerse en contacto con nosotros para recibir asesoramiento, env\u00ede un correo electr\u00f3nico, Whatsapp o Llamadas disponibles. Por favor reserve con tiempo sus entradas. En la temporada de ballenas hay muchas reservas y nos gustar\u00eda tener sus entradas a salvo para usted. n nNota: Este es un Tour Privado con un pago m\u00ednimo de 540 USD. Si [&hellip;]<\/p>\n","protected":false},"author":2,"featured_media":0,"parent":0,"menu_order":0,"comment_status":"open","ping_status":"closed","template":"","meta":{"footnotes":""},"class_list":["post-15800","page","type-page","status-publish","hentry"],"_links":{"self":[{"href":"https:\/\/www.boattoursamana.com\/vi\/wp-json\/wp\/v2\/pages\/15800","targetHints":{"allow":["GET"]}}],"collection":[{"href":"https:\/\/www.boattoursamana.com\/vi\/wp-json\/wp\/v2\/pages"}],"about":[{"href":"https:\/\/www.boattoursamana.com\/vi\/wp-json\/wp\/v2\/types\/page"}],"author":[{"embeddable":true,"href":"https:\/\/www.boattoursamana.com\/vi\/wp-json\/wp\/v2\/users\/2"}],"replies":[{"embeddable":true,"href":"https:\/\/www.boattoursamana.com\/vi\/wp-json\/wp\/v2\/comments?post=15800"}],"version-history":[{"count":0,"href":"https:\/\/www.boattoursamana.com\/vi\/wp-json\/wp\/v2\/pages\/15800\/revisions"}],"wp:attachment":[{"href":"https:\/\/www.boattoursamana.com\/vi\/wp-json\/wp\/v2\/media?parent=15800"}],"curies":[{"name":"wp","href":"https:\/\/api.w.org\/{rel}","templated":true}]}}