{"id":15808,"date":"2023-07-15T07:43:59","date_gmt":"2023-07-15T07:43:59","guid":{"rendered":"https:\/\/www.ticketswhales.com\/saona-island-rentals-rent-a-private-boat-small\/"},"modified":"2023-07-15T07:43:59","modified_gmt":"2023-07-15T07:43:59","slug":"saona-island-rentals-rent-a-private-boat-small","status":"publish","type":"page","link":"https:\/\/www.boattoursamana.com\/vi\/saona-dao-thue-thue-thuyen-tu-nhan-nho-2","title":{"rendered":"Saona Island Rentals \u2013 Thu\u00ea thuy\u1ec1n ri\u00eang nh\u1ecf"},"content":{"rendered":"<p>&nbsp;<\/p>\n<div class=\"vc_row wpb_row vc_row-fluid\" ><div class=\"wpb_column vc_column_container vc_col-sm-12\"><div class=\"vc_column-inner\"><div class=\"wpb_wrapper\">\n\t<div class=\"wpb_text_column wpb_content_element\" >\n\t\t<div class=\"wpb_wrapper\">\n\t\t\t<p> <span style=\"vertical-align: inherit;\"><span style=\"vertical-align: inherit;\"><\/p>\n\n\t\t<\/div>\n\t<\/div>\n<\/div><\/div><\/div><\/div><div class=\"vc_row wpb_row vc_row-fluid\" ><\/div><div class=\"wpb_column vc_column_container vc_col-sm-12\"><div class=\"vc_column-inner\"><div class=\"wpb_wrapper\"><\/div><\/div><\/div><div class=\"vc_tta-container\" data-vc-action=\"collapse\"><div class=\"vc_general vc_tta vc_tta-tabs vc_tta-color-grey vc_tta-style-classic vc_tta-shape-rounded vc_tta-spacing-1 vc_tta-tabs-position-top vc_tta-controls-align-left\"><div class=\"vc_tta-tabs-container\"><ul class=\"vc_tta-tabs-list\"><\/ul><\/div><div class=\"vc_tta-panels-container\"><div class=\"vc_tta-panels\"><\/div><\/div><\/div><\/div><div class=\"vc_tta-panel vc_active\" id=\"1616582286467-74629ea8-fd69\" data-vc-content=\".vc_tta-panel-body\"><div class=\"vc_tta-panel-heading\"><h4 class=\"vc_tta-panel-title\"><a href=\"#1616582286467-74629ea8-fd69\" data-vc-accordion data-vc-container=\".vc_tta-container\"><span class=\"vc_tta-title-text\">M\u00f4 t\u1ea3<\/span><\/a><\/h4><\/div><div class=\"vc_tta-panel-body\"><div class=\"vc_btn3-container vc_btn3-inline\" ><a class=\"vc_general vc_btn3 vc_btn3-size-md vc_btn3-shape-rounded vc_btn3-style-modern vc_btn3-color-green\" href=\"https:\/\/bookingadventures.tours\/booking.php?tour_id=c5b4dcf89f4d6ad59b861fe6cfa59959\" title=\"\" rel=\"noopener\">\u0110\u0102\u0323T B\u00c2Y GI\u1edc<\/a><\/div>\n\t<div class=\"wpb_text_column wpb_content_element\" >\n\t\t<div class=\"wpb_wrapper\">\n\t\t\t<p>\u00a0<\/span><\/span><br \/>\nN<\/p>\n<div class=\"custom-left\">\nN<\/p>\n<div class=\"row\">\nN<\/p>\n<div class=\"col-md-12 cust-clas\">\nN<\/p>\n<div class=\"product-header alignleft\">\nN<br \/>\nN<span style=\"vertical-align: inherit;\"><span style=\"vertical-align: inherit;\">\u0110\u1ea2O SAONA \u2013 THU\u00ca THUY\u1ec0N \u2013 THUY\u1ec0N<\/span><\/span><br \/>\nN<br \/>\nN<span style=\"vertical-align: inherit;\"><span style=\"vertical-align: inherit;\">THU\u00ca RI\u00caNG NG\u00c0Y \u0110\u1ebeN \u0110\u1ea2O SAONA<\/span><\/span><br \/>\nN<br \/>\nN<span style=\"vertical-align: inherit;\"><span style=\"vertical-align: inherit;\">TH\u1edcI GIAN LINH HO\u1ea0T \u2013 TH\u1ee8 2 \u0110\u1ebeN CH\u1ee6 NH\u1eacT<\/span><\/span><br \/>\nN<br \/>\nN<\/div>\n<p>N\n<\/p><\/div>\n<p>N\n<\/p><\/div>\n<p>N\n<\/p><\/div>\n<p>N<\/p>\n<div class=\"custom-left para-p\">\nN<\/p>\n<div class=\"info_content_label\">\nN<br \/>\nN&Nbsp;<br \/>\nN<br \/>\nN&Nbsp;<br \/>\nN<br \/>\nN&Nbsp;<br \/>\nN<br \/>\nN&Nbsp;<br \/>\nN<br \/>\nH\u00e3y thu\u00ea chi\u1ebfc thuy\u1ec1n tuy\u1ec7t v\u1eddi n\u00e0y trong c\u1ea3 ng\u00e0y cho t\u1ed1i \u0111a 16 ng\u01b0\u1eddi tham quan \u0110\u1ea3o Saona.<br \/>\nN<br \/>\nN<strong>BAO G\u1ed2M<\/strong><br \/>\nN<\/p>\n<ul>\nN \t<\/p>\n<li>Phi h\u00e0nh \u0111o\u00e0n (Capitan v\u00e0 Tr\u1ee3 l\u00fd thuy\u1ec1n tr\u01b0\u1edfng)<\/li>\n<p>N \t<\/p>\n<li>Nhi\u00ean li\u1ec7u<\/li>\n<p>N \t<\/p>\n<li>M\u00e1y l\u00e0m l\u1ea1nh b\u1eb1ng n\u01b0\u1edbc \u0111\u00e1<\/li>\n<p>N<\/ul>\n<p>nTh\u1ef1c ph\u1ea9m c\u00f3 s\u1eb5n v\u1edbi m\u1ed9t m\u1ee9c gi\u00e1 b\u1ed5 sung:<br \/>\nN<br \/>\nN<strong>Chi ti\u1ebft Buffet tr\u01b0a truy\u1ec1n th\u1ed1ng $15USD tr\/p:<\/strong><br \/>\nN<br \/>\nn-Salad xanh, Salad Nga<br \/>\nn-B\u00e1nh m\u00ec<br \/>\n-Moro de Guandule (C\u01a1m ki\u1ec3u Dominica) v\u1edbi d\u1eeba<br \/>\nn-Pasta s\u1ed1t c\u00e0 chua<br \/>\nn-Yuca th\u1ecbt h\u1ea7m<br \/>\n-C\u00e1 v\u00e0 g\u00e0 n\u01b0\u1edbng (dorado) + n\u01b0\u1edbc c\u1ed1t d\u1eeba t\u00f9y ch\u1ecdn<br \/>\nn-Tr\u00e1i c\u00e2y t\u01b0\u01a1i<br \/>\nn-1 \u0111\u1ed3 u\u1ed1ng kh\u00f4ng c\u1ed3n (soda ho\u1eb7c n\u01b0\u1edbc)<br \/>\nn-C\u00e0 ph\u00ea<br \/>\nN<br \/>\nN<strong>D\u1ecbch v\u1ee5 T\u00f4m h\u00f9m b\u1ed5 sung + K\u1eb9o d\u1eeba $19 USD (b\u1ed5 sung).<\/strong><br \/>\nN<br \/>\nN<\/div>\n<p>N<strong><label>Kh\u00f4ng bao g\u1ed3m:<\/label><\/strong> \u0110\u1ed3 u\u1ed1ng v\u00e0 th\u1ee9c \u0103n KH\u00d4NG \u0111\u01b0\u1ee3c bao g\u1ed3m v\u00e0 c\u00f3 th\u1ec3 \u0111\u01b0\u1ee3c thu x\u1ebfp v\u1edbi m\u1ed9t kho\u1ea3n ph\u1ee5 ph\u00ed.<br \/>\nN<br \/>\nN&Nbsp;<br \/>\nN<br \/>\nN<\/div>\n<p>N\u1ebfu b\u1ea1n c\u1ea7n th\u00eam th\u00f4ng tin ho\u1eb7c c\u00f3 b\u1ea5t k\u1ef3 c\u00e2u h\u1ecfi n\u00e0o, vui l\u00f2ng li\u00ean h\u1ec7 v\u1edbi ch\u00fang t\u00f4i qua Whatsapp: +1-809-720-6035 ho\u1eb7c Tr\u00f2 chuy\u1ec7n tr\u1ef1c ti\u1ebfp. Ch\u00fang t\u00f4i cung c\u1ea5p gi\u00e1 t\u1ed1t nh\u1ea5t tr\u1ef1c tuy\u1ebfn!<br \/>\nN<br \/>\nN&Nbsp;<br \/>\nN<\/p>\n<h4><b><i>Ch\u00ednh s\u00e1ch h\u1ee7y<\/i><\/b><\/h4>\n<p>n\u0110\u1ec3 \u0111\u01b0\u1ee3c ho\u00e0n l\u1ea1i to\u00e0n b\u1ed9 s\u1ed1 ti\u1ec1n, vui l\u00f2ng \u0111\u1ecdc ch\u00ednh s\u00e1ch H\u1ee7y c\u1ee7a ch\u00fang t\u00f4i <a href=\"https:\/\/www.boattoursamana.com\/vi\/dat-phong-truc-tuyen\/\" target=\"_blank\" rel=\"noopener\" data-saferedirecturl=\"https:\/\/www.google.com\/url?q=https:\/\/www.boattoursamana.com\/online-booking\/&amp;source=gmail&amp;ust=1672449202351000&amp;usg=AOvVaw1yAeVAPktmaVCqDujgUn90\">B\u1ea5m v\u00e0o \u0111\u00e2y<\/a>. Ti\u1ec1n s\u1ebd b\u1ecb m\u1ea5t n\u1ebfu \u0111\u1eb7t ch\u1ed7 b\u1ecb h\u1ee7y trong c\u00f9ng ng\u00e0y c\u1ee7a chuy\u1ebfn \u0111i.<\/p>\n\n\t\t<\/div>\n\t<\/div>\n<\/div><\/div><div class=\"vc_tta-panel\" id=\"1616580432722-00be9baf-46e3\" data-vc-content=\".vc_tta-panel-body\"><div class=\"vc_tta-panel-heading\"><h4 class=\"vc_tta-panel-title\"><a href=\"#1616580432722-00be9baf-46e3\" data-vc-accordion data-vc-container=\".vc_tta-container\"><span class=\"vc_tta-title-text\">Gi\u00e1 b\u00e1n<\/span><\/a><\/h4><\/div><div class=\"vc_tta-panel-body\"> <\/div><\/div><div class=\"mkdf-section-title-holder\" style=\"text-align: center\">\n\t<div class=\"mkdf-st-inner\">\n\t\t\t\t\t\t\t<h3 class=\"mkdf-st-title\" >\n\t\t\t\tGI\u00c1\t\t\t<\/h3>\n\t\t\t\t\t<\/div>\n<\/div><div class=\"vc_empty_space\"   style=\"height: 32px\"><span class=\"vc_empty_space_inner\"><\/span><\/div><div class=\"vc_row wpb_row vc_row-fluid\" ><div class=\"wpb_column vc_column_container vc_col-sm-12\"><div class=\"vc_column-inner\"><div class=\"wpb_wrapper\"><div class=\"vc_btn3-container vc_btn3-inline\" ><a class=\"vc_general vc_btn3 vc_btn3-size-md vc_btn3-shape-rounded vc_btn3-style-modern vc_btn3-color-green\" href=\"https:\/\/bookingadventures.tours\/booking.php?tour_id=c5b4dcf89f4d6ad59b861fe6cfa59959\" title=\"\" rel=\"noopener\">\u0110\u0102\u0323T B\u00c2Y GI\u1edc<\/a><\/div><\/div><\/div><\/div><\/div>","protected":false},"excerpt":{"rendered":"<p>&nbsp;<\/p>","protected":false},"author":2,"featured_media":0,"parent":0,"menu_order":0,"comment_status":"open","ping_status":"closed","template":"","meta":{"footnotes":""},"class_list":["post-15808","page","type-page","status-publish","hentry"],"_links":{"self":[{"href":"https:\/\/www.boattoursamana.com\/vi\/wp-json\/wp\/v2\/pages\/15808","targetHints":{"allow":["GET"]}}],"collection":[{"href":"https:\/\/www.boattoursamana.com\/vi\/wp-json\/wp\/v2\/pages"}],"about":[{"href":"https:\/\/www.boattoursamana.com\/vi\/wp-json\/wp\/v2\/types\/page"}],"author":[{"embeddable":true,"href":"https:\/\/www.boattoursamana.com\/vi\/wp-json\/wp\/v2\/users\/2"}],"replies":[{"embeddable":true,"href":"https:\/\/www.boattoursamana.com\/vi\/wp-json\/wp\/v2\/comments?post=15808"}],"version-history":[{"count":0,"href":"https:\/\/www.boattoursamana.com\/vi\/wp-json\/wp\/v2\/pages\/15808\/revisions"}],"wp:attachment":[{"href":"https:\/\/www.boattoursamana.com\/vi\/wp-json\/wp\/v2\/media?parent=15808"}],"curies":[{"name":"wp","href":"https:\/\/api.w.org\/{rel}","templated":true}]}}